{"id":33689,"date":"2023-05-23T17:29:37","date_gmt":"2023-05-23T15:29:37","guid":{"rendered":"https:\/\/shop.tombotto.ch\/product\/numeros-adhesives-pour-chaises-et-tables\/"},"modified":"2025-02-10T09:39:28","modified_gmt":"2025-02-10T08:39:28","slug":"numeros-adhesives-pour-chaises-et-tables","status":"publish","type":"product","link":"https:\/\/shop.tombotto.ch\/fr\/shop\/numeros-adhesives-pour-chaises-et-tables\/","title":{"rendered":"Num\u00e9ros adh\u00e9sives pour chaises et tables"},"content":{"rendered":"<p>Nos num\u00e9ros adh\u00e9sives de chaise et de table sont id\u00e9aux pour une organisation simple et flexible des places lors d&rsquo;\u00e9v\u00e9nements, dans les restaurants, les salles de conf\u00e9rence ou les salles des f\u00eates. Les \u00e9tiquettes sont num\u00e9rot\u00e9es en continu, ce qui permet une identification rapide et claire.<\/p>\n<ul>\n<li>Amovible &#8211; Facile \u00e0 appliquer et \u00e0 retirer sans laisser de traces.<\/li>\n<li>Num\u00e9rotation continue &#8211; structure claire pour une attribution optimale des places<\/li>\n<li>Format pratique &#8211; 52 x 21 mm, adapt\u00e9 \u00e0 de nombreuses applications<\/li>\n<li>Haute qualit\u00e9 &#8211; Forte adh\u00e9rence sur les surfaces lisses et propres<\/li>\n<li>Emballage efficace &#8211; 50 num\u00e9ros par feuille pour une utilisation facile<\/li>\n<\/ul>\n<p><strong>Remarque<\/strong> : les \u00e9tiquettes adh\u00e8rent le mieux sur des surfaces lisses et propres. Elles ne conviennent pas aux mat\u00e9riaux rugueux ou poreux.<\/p>\n","protected":false},"excerpt":{"rendered":"<p>50 num\u00e9ros par feuille<\/p>\n","protected":false},"featured_media":37360,"template":"","meta":{"_acf_changed":false,"inline_featured_image":false},"product_brand":[],"product_cat":[4572],"product_tag":[],"class_list":{"0":"post-33689","1":"product","2":"type-product","3":"status-publish","4":"has-post-thumbnail","6":"product_cat-billets-dentree","8":"first","9":"instock","10":"taxable","11":"shipping-taxable","12":"purchasable","13":"product-type-variable"},"exclude_global_add_ons":[],"addons":[],"acf":[],"yoast_head":"<!-- This site is optimized with the Yoast SEO Premium plugin v27.4 (Yoast SEO v27.4) - https:\/\/yoast.com\/product\/yoast-seo-premium-wordpress\/ -->\n<title>Num\u00e9ros adh\u00e9sives pour chaises et tables - Tombotto<\/title>\n<meta name=\"description\" content=\"num\u00e9ros de chaises et num\u00e9ros de tables autocollants : \u00c9tiquettes amovibles \u2714\ufe0e Pour la num\u00e9rotation des places \u2714\ufe0e Dimensions 52 x 21 mm \u2714\ufe0e tombotto\" \/>\n<meta name=\"robots\" content=\"index, follow, max-snippet:-1, max-image-preview:large, max-video-preview:-1\" \/>\n<link rel=\"canonical\" href=\"https:\/\/shop.tombotto.ch\/fr\/shop\/numeros-adhesives-pour-chaises-et-tables\/\" \/>\n<meta property=\"og:locale\" content=\"fr_FR\" \/>\n<meta property=\"og:type\" content=\"article\" \/>\n<meta property=\"og:title\" content=\"Num\u00e9ros adh\u00e9sives pour chaises et tables\" \/>\n<meta property=\"og:description\" content=\"num\u00e9ros de chaises et num\u00e9ros de tables autocollants : \u00c9tiquettes amovibles \u2714\ufe0e Pour la num\u00e9rotation des places \u2714\ufe0e Dimensions 52 x 21 mm \u2714\ufe0e tombotto\" \/>\n<meta property=\"og:url\" content=\"https:\/\/shop.tombotto.ch\/fr\/shop\/numeros-adhesives-pour-chaises-et-tables\/\" \/>\n<meta property=\"og:site_name\" content=\"Tombotto\" \/>\n<meta property=\"article:modified_time\" content=\"2025-02-10T08:39:28+00:00\" \/>\n<meta property=\"og:image\" content=\"https:\/\/shop.tombotto.ch\/wp-content\/uploads\/2023\/05\/567_gr.jpg\" \/>\n\t<meta property=\"og:image:width\" content=\"800\" \/>\n\t<meta property=\"og:image:height\" content=\"678\" \/>\n\t<meta property=\"og:image:type\" content=\"image\/jpeg\" \/>\n<meta name=\"twitter:card\" content=\"summary_large_image\" \/>\n<meta name=\"twitter:label1\" content=\"Dur\u00e9e de lecture estim\u00e9e\" \/>\n\t<meta name=\"twitter:data1\" content=\"1 minute\" \/>\n<script type=\"application\/ld+json\" class=\"yoast-schema-graph\">{\"@context\":\"https:\\\/\\\/schema.org\",\"@graph\":[{\"@type\":\"WebPage\",\"@id\":\"https:\\\/\\\/shop.tombotto.ch\\\/fr\\\/shop\\\/numeros-adhesives-pour-chaises-et-tables\\\/\",\"url\":\"https:\\\/\\\/shop.tombotto.ch\\\/fr\\\/shop\\\/numeros-adhesives-pour-chaises-et-tables\\\/\",\"name\":\"Num\u00e9ros adh\u00e9sives pour chaises et tables - Tombotto\",\"isPartOf\":{\"@id\":\"https:\\\/\\\/shop.tombotto.ch\\\/fr\\\/#website\"},\"primaryImageOfPage\":{\"@id\":\"https:\\\/\\\/shop.tombotto.ch\\\/fr\\\/shop\\\/numeros-adhesives-pour-chaises-et-tables\\\/#primaryimage\"},\"image\":{\"@id\":\"https:\\\/\\\/shop.tombotto.ch\\\/fr\\\/shop\\\/numeros-adhesives-pour-chaises-et-tables\\\/#primaryimage\"},\"thumbnailUrl\":\"https:\\\/\\\/shop.tombotto.ch\\\/wp-content\\\/uploads\\\/2023\\\/05\\\/567_gr.jpg\",\"datePublished\":\"2023-05-23T15:29:37+00:00\",\"dateModified\":\"2025-02-10T08:39:28+00:00\",\"description\":\"num\u00e9ros de chaises et num\u00e9ros de tables autocollants : \u00c9tiquettes amovibles \u2714\ufe0e Pour la num\u00e9rotation des places \u2714\ufe0e Dimensions 52 x 21 mm \u2714\ufe0e tombotto\",\"breadcrumb\":{\"@id\":\"https:\\\/\\\/shop.tombotto.ch\\\/fr\\\/shop\\\/numeros-adhesives-pour-chaises-et-tables\\\/#breadcrumb\"},\"inLanguage\":\"fr-FR\",\"potentialAction\":[{\"@type\":\"ReadAction\",\"target\":[\"https:\\\/\\\/shop.tombotto.ch\\\/fr\\\/shop\\\/numeros-adhesives-pour-chaises-et-tables\\\/\"]}]},{\"@type\":\"ImageObject\",\"inLanguage\":\"fr-FR\",\"@id\":\"https:\\\/\\\/shop.tombotto.ch\\\/fr\\\/shop\\\/numeros-adhesives-pour-chaises-et-tables\\\/#primaryimage\",\"url\":\"https:\\\/\\\/shop.tombotto.ch\\\/wp-content\\\/uploads\\\/2023\\\/05\\\/567_gr.jpg\",\"contentUrl\":\"https:\\\/\\\/shop.tombotto.ch\\\/wp-content\\\/uploads\\\/2023\\\/05\\\/567_gr.jpg\",\"width\":800,\"height\":678},{\"@type\":\"BreadcrumbList\",\"@id\":\"https:\\\/\\\/shop.tombotto.ch\\\/fr\\\/shop\\\/numeros-adhesives-pour-chaises-et-tables\\\/#breadcrumb\",\"itemListElement\":[{\"@type\":\"ListItem\",\"position\":1,\"name\":\"Start\",\"item\":\"https:\\\/\\\/shop.tombotto.ch\\\/fr\\\/\"},{\"@type\":\"ListItem\",\"position\":2,\"name\":\"Shop\",\"item\":\"https:\\\/\\\/shop.tombotto.ch\\\/fr\\\/shop\\\/\"},{\"@type\":\"ListItem\",\"position\":3,\"name\":\"Num\u00e9ros adh\u00e9sives pour chaises et tables\"}]},{\"@type\":\"WebSite\",\"@id\":\"https:\\\/\\\/shop.tombotto.ch\\\/fr\\\/#website\",\"url\":\"https:\\\/\\\/shop.tombotto.ch\\\/fr\\\/\",\"name\":\"Tombotto\",\"description\":\"Fest-, Event- &amp; Promotionsartikel\",\"publisher\":{\"@id\":\"https:\\\/\\\/shop.tombotto.ch\\\/fr\\\/#organization\"},\"potentialAction\":[{\"@type\":\"SearchAction\",\"target\":{\"@type\":\"EntryPoint\",\"urlTemplate\":\"https:\\\/\\\/shop.tombotto.ch\\\/fr\\\/?s={search_term_string}\"},\"query-input\":{\"@type\":\"PropertyValueSpecification\",\"valueRequired\":true,\"valueName\":\"search_term_string\"}}],\"inLanguage\":\"fr-FR\"},{\"@type\":\"Organization\",\"@id\":\"https:\\\/\\\/shop.tombotto.ch\\\/fr\\\/#organization\",\"name\":\"Tombotto\",\"url\":\"https:\\\/\\\/shop.tombotto.ch\\\/fr\\\/\",\"logo\":{\"@type\":\"ImageObject\",\"inLanguage\":\"fr-FR\",\"@id\":\"https:\\\/\\\/shop.tombotto.ch\\\/fr\\\/#\\\/schema\\\/logo\\\/image\\\/\",\"url\":\"https:\\\/\\\/shop.tombotto.ch\\\/wp-content\\\/uploads\\\/2023\\\/03\\\/logo.svg\",\"contentUrl\":\"https:\\\/\\\/shop.tombotto.ch\\\/wp-content\\\/uploads\\\/2023\\\/03\\\/logo.svg\",\"caption\":\"Tombotto\"},\"image\":{\"@id\":\"https:\\\/\\\/shop.tombotto.ch\\\/fr\\\/#\\\/schema\\\/logo\\\/image\\\/\"}}]}<\/script>\n<!-- \/ Yoast SEO Premium plugin. -->","yoast_head_json":{"title":"Num\u00e9ros adh\u00e9sives pour chaises et tables - Tombotto","description":"num\u00e9ros de chaises et num\u00e9ros de tables autocollants : \u00c9tiquettes amovibles \u2714\ufe0e Pour la num\u00e9rotation des places \u2714\ufe0e Dimensions 52 x 21 mm \u2714\ufe0e tombotto","robots":{"index":"index","follow":"follow","max-snippet":"max-snippet:-1","max-image-preview":"max-image-preview:large","max-video-preview":"max-video-preview:-1"},"canonical":"https:\/\/shop.tombotto.ch\/fr\/shop\/numeros-adhesives-pour-chaises-et-tables\/","og_locale":"fr_FR","og_type":"article","og_title":"Num\u00e9ros adh\u00e9sives pour chaises et tables","og_description":"num\u00e9ros de chaises et num\u00e9ros de tables autocollants : \u00c9tiquettes amovibles \u2714\ufe0e Pour la num\u00e9rotation des places \u2714\ufe0e Dimensions 52 x 21 mm \u2714\ufe0e tombotto","og_url":"https:\/\/shop.tombotto.ch\/fr\/shop\/numeros-adhesives-pour-chaises-et-tables\/","og_site_name":"Tombotto","article_modified_time":"2025-02-10T08:39:28+00:00","og_image":[{"width":800,"height":678,"url":"https:\/\/shop.tombotto.ch\/wp-content\/uploads\/2023\/05\/567_gr.jpg","type":"image\/jpeg"}],"twitter_card":"summary_large_image","twitter_misc":{"Dur\u00e9e de lecture estim\u00e9e":"1 minute"},"schema":{"@context":"https:\/\/schema.org","@graph":[{"@type":"WebPage","@id":"https:\/\/shop.tombotto.ch\/fr\/shop\/numeros-adhesives-pour-chaises-et-tables\/","url":"https:\/\/shop.tombotto.ch\/fr\/shop\/numeros-adhesives-pour-chaises-et-tables\/","name":"Num\u00e9ros adh\u00e9sives pour chaises et tables - Tombotto","isPartOf":{"@id":"https:\/\/shop.tombotto.ch\/fr\/#website"},"primaryImageOfPage":{"@id":"https:\/\/shop.tombotto.ch\/fr\/shop\/numeros-adhesives-pour-chaises-et-tables\/#primaryimage"},"image":{"@id":"https:\/\/shop.tombotto.ch\/fr\/shop\/numeros-adhesives-pour-chaises-et-tables\/#primaryimage"},"thumbnailUrl":"https:\/\/shop.tombotto.ch\/wp-content\/uploads\/2023\/05\/567_gr.jpg","datePublished":"2023-05-23T15:29:37+00:00","dateModified":"2025-02-10T08:39:28+00:00","description":"num\u00e9ros de chaises et num\u00e9ros de tables autocollants : \u00c9tiquettes amovibles \u2714\ufe0e Pour la num\u00e9rotation des places \u2714\ufe0e Dimensions 52 x 21 mm \u2714\ufe0e tombotto","breadcrumb":{"@id":"https:\/\/shop.tombotto.ch\/fr\/shop\/numeros-adhesives-pour-chaises-et-tables\/#breadcrumb"},"inLanguage":"fr-FR","potentialAction":[{"@type":"ReadAction","target":["https:\/\/shop.tombotto.ch\/fr\/shop\/numeros-adhesives-pour-chaises-et-tables\/"]}]},{"@type":"ImageObject","inLanguage":"fr-FR","@id":"https:\/\/shop.tombotto.ch\/fr\/shop\/numeros-adhesives-pour-chaises-et-tables\/#primaryimage","url":"https:\/\/shop.tombotto.ch\/wp-content\/uploads\/2023\/05\/567_gr.jpg","contentUrl":"https:\/\/shop.tombotto.ch\/wp-content\/uploads\/2023\/05\/567_gr.jpg","width":800,"height":678},{"@type":"BreadcrumbList","@id":"https:\/\/shop.tombotto.ch\/fr\/shop\/numeros-adhesives-pour-chaises-et-tables\/#breadcrumb","itemListElement":[{"@type":"ListItem","position":1,"name":"Start","item":"https:\/\/shop.tombotto.ch\/fr\/"},{"@type":"ListItem","position":2,"name":"Shop","item":"https:\/\/shop.tombotto.ch\/fr\/shop\/"},{"@type":"ListItem","position":3,"name":"Num\u00e9ros adh\u00e9sives pour chaises et tables"}]},{"@type":"WebSite","@id":"https:\/\/shop.tombotto.ch\/fr\/#website","url":"https:\/\/shop.tombotto.ch\/fr\/","name":"Tombotto","description":"Fest-, Event- &amp; Promotionsartikel","publisher":{"@id":"https:\/\/shop.tombotto.ch\/fr\/#organization"},"potentialAction":[{"@type":"SearchAction","target":{"@type":"EntryPoint","urlTemplate":"https:\/\/shop.tombotto.ch\/fr\/?s={search_term_string}"},"query-input":{"@type":"PropertyValueSpecification","valueRequired":true,"valueName":"search_term_string"}}],"inLanguage":"fr-FR"},{"@type":"Organization","@id":"https:\/\/shop.tombotto.ch\/fr\/#organization","name":"Tombotto","url":"https:\/\/shop.tombotto.ch\/fr\/","logo":{"@type":"ImageObject","inLanguage":"fr-FR","@id":"https:\/\/shop.tombotto.ch\/fr\/#\/schema\/logo\/image\/","url":"https:\/\/shop.tombotto.ch\/wp-content\/uploads\/2023\/03\/logo.svg","contentUrl":"https:\/\/shop.tombotto.ch\/wp-content\/uploads\/2023\/03\/logo.svg","caption":"Tombotto"},"image":{"@id":"https:\/\/shop.tombotto.ch\/fr\/#\/schema\/logo\/image\/"}}]}},"tiered_pricing_type":"fixed","tiered_pricing_fixed_rules":[],"tiered_pricing_product_settings":{"layout":"default","base_unit_name":{"singular":null,"plural":null},"default_variation":null},"tiered_pricing_minimum_quantity":null,"tiered_pricing_roles_data":[],"tiered_pricing_percentage_rules":[],"tiered_pricing_maximum_quantity":null,"tiered_pricing_quantity_step":null,"_links":{"self":[{"href":"https:\/\/shop.tombotto.ch\/fr\/wp-json\/wp\/v2\/product\/33689","targetHints":{"allow":["GET"]}}],"collection":[{"href":"https:\/\/shop.tombotto.ch\/fr\/wp-json\/wp\/v2\/product"}],"about":[{"href":"https:\/\/shop.tombotto.ch\/fr\/wp-json\/wp\/v2\/types\/product"}],"wp:featuredmedia":[{"embeddable":true,"href":"https:\/\/shop.tombotto.ch\/fr\/wp-json\/wp\/v2\/media\/37360"}],"wp:attachment":[{"href":"https:\/\/shop.tombotto.ch\/fr\/wp-json\/wp\/v2\/media?parent=33689"}],"wp:term":[{"taxonomy":"product_brand","embeddable":true,"href":"https:\/\/shop.tombotto.ch\/fr\/wp-json\/wp\/v2\/product_brand?post=33689"},{"taxonomy":"product_cat","embeddable":true,"href":"https:\/\/shop.tombotto.ch\/fr\/wp-json\/wp\/v2\/product_cat?post=33689"},{"taxonomy":"product_tag","embeddable":true,"href":"https:\/\/shop.tombotto.ch\/fr\/wp-json\/wp\/v2\/product_tag?post=33689"}],"curies":[{"name":"wp","href":"https:\/\/api.w.org\/{rel}","templated":true}]}}