{"id":37382,"date":"2023-05-23T17:10:30","date_gmt":"2023-05-23T15:10:30","guid":{"rendered":"https:\/\/shop.tombotto.ch\/shop\/prima-kontroller-orange\/"},"modified":"2025-05-19T11:22:23","modified_gmt":"2025-05-19T09:22:23","slug":"bracelets-plastique-orange","status":"publish","type":"product","link":"https:\/\/shop.tombotto.ch\/fr\/shop\/bracelets-plastique-orange\/","title":{"rendered":"Bracelets plastique 100 pi\u00e8ces <br>orange"},"content":{"rendered":"<ul>\n<li>Fluorescent<\/li>\n<li>Mat\u00e9riau plastique (vinyle)<\/li>\n<li>Couleur orange<\/li>\n<li>Ind\u00e9chirable, r\u00e9sistant \u00e0 l&rsquo;eau<\/li>\n<li>Fermeture \u00e0 clip, non transmissible<\/li>\n<li>Grandeur 255 x 16mm<\/li>\n<\/ul>\n<p class=\"content no_margin\">Ces bracelets de contr\u00f4le en plastique sont agr\u00e9ables \u00e0 porter, se ferment par une fermeture clip et ne sont donc pas transmissibles. Le vinyle est un mat\u00e9riau plastique qui, gr\u00e2ce \u00e0 ses propri\u00e9t\u00e9s souples et flexibles, est bien tol\u00e9r\u00e9 par la peau.<\/p>\n","protected":false},"excerpt":{"rendered":"<p>100 pi\u00e8ces<\/p>\n","protected":false},"featured_media":34601,"template":"","meta":{"_acf_changed":false,"inline_featured_image":false},"product_brand":[],"product_cat":[4570],"product_tag":[],"class_list":{"0":"post-37382","1":"product","2":"type-product","3":"status-publish","4":"has-post-thumbnail","6":"product_cat-bracelets-plastique","8":"first","9":"instock","10":"taxable","11":"shipping-taxable","12":"purchasable","13":"product-type-simple"},"exclude_global_add_ons":[],"addons":[],"acf":[],"yoast_head":"<!-- This site is optimized with the Yoast SEO Premium plugin v27.4 (Yoast SEO v27.4) - https:\/\/yoast.com\/product\/yoast-seo-premium-wordpress\/ -->\n<title>Bracelets plastique orange - tombotto<\/title>\n<meta name=\"description\" content=\"Bracelets plastique orange : en vinyle \u2714\ufe0f tr\u00e8s confortable \u00e0 porter \u2714\ufe0f avec fermeture clip, non transf\u00e9rable \u2714\ufe0f commander online \u27a8 tombotto\" \/>\n<meta name=\"robots\" content=\"index, follow, max-snippet:-1, max-image-preview:large, max-video-preview:-1\" \/>\n<link rel=\"canonical\" href=\"https:\/\/shop.tombotto.ch\/fr\/shop\/bracelets-plastique-orange\/\" \/>\n<meta property=\"og:locale\" content=\"fr_FR\" \/>\n<meta property=\"og:type\" content=\"article\" \/>\n<meta property=\"og:title\" content=\"Bracelets plastique 100 pi\u00e8ces orange\" \/>\n<meta property=\"og:description\" content=\"Bracelets plastique orange : en vinyle \u2714\ufe0f tr\u00e8s confortable \u00e0 porter \u2714\ufe0f avec fermeture clip, non transf\u00e9rable \u2714\ufe0f commander online \u27a8 tombotto\" \/>\n<meta property=\"og:url\" content=\"https:\/\/shop.tombotto.ch\/fr\/shop\/bracelets-plastique-orange\/\" \/>\n<meta property=\"og:site_name\" content=\"Tombotto\" \/>\n<meta property=\"article:modified_time\" content=\"2025-05-19T09:22:23+00:00\" \/>\n<meta property=\"og:image\" content=\"https:\/\/shop.tombotto.ch\/wp-content\/uploads\/2023\/05\/197_gr.jpg\" \/>\n\t<meta property=\"og:image:width\" content=\"800\" \/>\n\t<meta property=\"og:image:height\" content=\"241\" \/>\n\t<meta property=\"og:image:type\" content=\"image\/jpeg\" \/>\n<meta name=\"twitter:card\" content=\"summary_large_image\" \/>\n<meta name=\"twitter:label1\" content=\"Dur\u00e9e de lecture estim\u00e9e\" \/>\n\t<meta name=\"twitter:data1\" content=\"1 minute\" \/>\n<script type=\"application\/ld+json\" class=\"yoast-schema-graph\">{\"@context\":\"https:\\\/\\\/schema.org\",\"@graph\":[{\"@type\":\"WebPage\",\"@id\":\"https:\\\/\\\/shop.tombotto.ch\\\/fr\\\/shop\\\/bracelets-plastique-orange\\\/\",\"url\":\"https:\\\/\\\/shop.tombotto.ch\\\/fr\\\/shop\\\/bracelets-plastique-orange\\\/\",\"name\":\"Bracelets plastique orange - tombotto\",\"isPartOf\":{\"@id\":\"https:\\\/\\\/shop.tombotto.ch\\\/fr\\\/#website\"},\"primaryImageOfPage\":{\"@id\":\"https:\\\/\\\/shop.tombotto.ch\\\/fr\\\/shop\\\/bracelets-plastique-orange\\\/#primaryimage\"},\"image\":{\"@id\":\"https:\\\/\\\/shop.tombotto.ch\\\/fr\\\/shop\\\/bracelets-plastique-orange\\\/#primaryimage\"},\"thumbnailUrl\":\"https:\\\/\\\/shop.tombotto.ch\\\/wp-content\\\/uploads\\\/2023\\\/05\\\/197_gr.jpg\",\"datePublished\":\"2023-05-23T15:10:30+00:00\",\"dateModified\":\"2025-05-19T09:22:23+00:00\",\"description\":\"Bracelets plastique orange : en vinyle \u2714\ufe0f tr\u00e8s confortable \u00e0 porter \u2714\ufe0f avec fermeture clip, non transf\u00e9rable \u2714\ufe0f commander online \u27a8 tombotto\",\"breadcrumb\":{\"@id\":\"https:\\\/\\\/shop.tombotto.ch\\\/fr\\\/shop\\\/bracelets-plastique-orange\\\/#breadcrumb\"},\"inLanguage\":\"fr-FR\",\"potentialAction\":[{\"@type\":\"ReadAction\",\"target\":[\"https:\\\/\\\/shop.tombotto.ch\\\/fr\\\/shop\\\/bracelets-plastique-orange\\\/\"]}]},{\"@type\":\"ImageObject\",\"inLanguage\":\"fr-FR\",\"@id\":\"https:\\\/\\\/shop.tombotto.ch\\\/fr\\\/shop\\\/bracelets-plastique-orange\\\/#primaryimage\",\"url\":\"https:\\\/\\\/shop.tombotto.ch\\\/wp-content\\\/uploads\\\/2023\\\/05\\\/197_gr.jpg\",\"contentUrl\":\"https:\\\/\\\/shop.tombotto.ch\\\/wp-content\\\/uploads\\\/2023\\\/05\\\/197_gr.jpg\",\"width\":800,\"height\":241,\"caption\":\"Plastik Eintrittsb\u00e4nder orange - tombotto\"},{\"@type\":\"BreadcrumbList\",\"@id\":\"https:\\\/\\\/shop.tombotto.ch\\\/fr\\\/shop\\\/bracelets-plastique-orange\\\/#breadcrumb\",\"itemListElement\":[{\"@type\":\"ListItem\",\"position\":1,\"name\":\"Start\",\"item\":\"https:\\\/\\\/shop.tombotto.ch\\\/fr\\\/\"},{\"@type\":\"ListItem\",\"position\":2,\"name\":\"Shop\",\"item\":\"https:\\\/\\\/shop.tombotto.ch\\\/fr\\\/shop\\\/\"},{\"@type\":\"ListItem\",\"position\":3,\"name\":\"Bracelets plastique 100 pi\u00e8ces orange\"}]},{\"@type\":\"WebSite\",\"@id\":\"https:\\\/\\\/shop.tombotto.ch\\\/fr\\\/#website\",\"url\":\"https:\\\/\\\/shop.tombotto.ch\\\/fr\\\/\",\"name\":\"Tombotto\",\"description\":\"Fest-, Event- &amp; Promotionsartikel\",\"publisher\":{\"@id\":\"https:\\\/\\\/shop.tombotto.ch\\\/fr\\\/#organization\"},\"potentialAction\":[{\"@type\":\"SearchAction\",\"target\":{\"@type\":\"EntryPoint\",\"urlTemplate\":\"https:\\\/\\\/shop.tombotto.ch\\\/fr\\\/?s={search_term_string}\"},\"query-input\":{\"@type\":\"PropertyValueSpecification\",\"valueRequired\":true,\"valueName\":\"search_term_string\"}}],\"inLanguage\":\"fr-FR\"},{\"@type\":\"Organization\",\"@id\":\"https:\\\/\\\/shop.tombotto.ch\\\/fr\\\/#organization\",\"name\":\"Tombotto\",\"url\":\"https:\\\/\\\/shop.tombotto.ch\\\/fr\\\/\",\"logo\":{\"@type\":\"ImageObject\",\"inLanguage\":\"fr-FR\",\"@id\":\"https:\\\/\\\/shop.tombotto.ch\\\/fr\\\/#\\\/schema\\\/logo\\\/image\\\/\",\"url\":\"https:\\\/\\\/shop.tombotto.ch\\\/wp-content\\\/uploads\\\/2023\\\/03\\\/logo.svg\",\"contentUrl\":\"https:\\\/\\\/shop.tombotto.ch\\\/wp-content\\\/uploads\\\/2023\\\/03\\\/logo.svg\",\"caption\":\"Tombotto\"},\"image\":{\"@id\":\"https:\\\/\\\/shop.tombotto.ch\\\/fr\\\/#\\\/schema\\\/logo\\\/image\\\/\"}}]}<\/script>\n<!-- \/ Yoast SEO Premium plugin. -->","yoast_head_json":{"title":"Bracelets plastique orange - tombotto","description":"Bracelets plastique orange : en vinyle \u2714\ufe0f tr\u00e8s confortable \u00e0 porter \u2714\ufe0f avec fermeture clip, non transf\u00e9rable \u2714\ufe0f commander online \u27a8 tombotto","robots":{"index":"index","follow":"follow","max-snippet":"max-snippet:-1","max-image-preview":"max-image-preview:large","max-video-preview":"max-video-preview:-1"},"canonical":"https:\/\/shop.tombotto.ch\/fr\/shop\/bracelets-plastique-orange\/","og_locale":"fr_FR","og_type":"article","og_title":"Bracelets plastique 100 pi\u00e8ces orange","og_description":"Bracelets plastique orange : en vinyle \u2714\ufe0f tr\u00e8s confortable \u00e0 porter \u2714\ufe0f avec fermeture clip, non transf\u00e9rable \u2714\ufe0f commander online \u27a8 tombotto","og_url":"https:\/\/shop.tombotto.ch\/fr\/shop\/bracelets-plastique-orange\/","og_site_name":"Tombotto","article_modified_time":"2025-05-19T09:22:23+00:00","og_image":[{"width":800,"height":241,"url":"https:\/\/shop.tombotto.ch\/wp-content\/uploads\/2023\/05\/197_gr.jpg","type":"image\/jpeg"}],"twitter_card":"summary_large_image","twitter_misc":{"Dur\u00e9e de lecture estim\u00e9e":"1 minute"},"schema":{"@context":"https:\/\/schema.org","@graph":[{"@type":"WebPage","@id":"https:\/\/shop.tombotto.ch\/fr\/shop\/bracelets-plastique-orange\/","url":"https:\/\/shop.tombotto.ch\/fr\/shop\/bracelets-plastique-orange\/","name":"Bracelets plastique orange - tombotto","isPartOf":{"@id":"https:\/\/shop.tombotto.ch\/fr\/#website"},"primaryImageOfPage":{"@id":"https:\/\/shop.tombotto.ch\/fr\/shop\/bracelets-plastique-orange\/#primaryimage"},"image":{"@id":"https:\/\/shop.tombotto.ch\/fr\/shop\/bracelets-plastique-orange\/#primaryimage"},"thumbnailUrl":"https:\/\/shop.tombotto.ch\/wp-content\/uploads\/2023\/05\/197_gr.jpg","datePublished":"2023-05-23T15:10:30+00:00","dateModified":"2025-05-19T09:22:23+00:00","description":"Bracelets plastique orange : en vinyle \u2714\ufe0f tr\u00e8s confortable \u00e0 porter \u2714\ufe0f avec fermeture clip, non transf\u00e9rable \u2714\ufe0f commander online \u27a8 tombotto","breadcrumb":{"@id":"https:\/\/shop.tombotto.ch\/fr\/shop\/bracelets-plastique-orange\/#breadcrumb"},"inLanguage":"fr-FR","potentialAction":[{"@type":"ReadAction","target":["https:\/\/shop.tombotto.ch\/fr\/shop\/bracelets-plastique-orange\/"]}]},{"@type":"ImageObject","inLanguage":"fr-FR","@id":"https:\/\/shop.tombotto.ch\/fr\/shop\/bracelets-plastique-orange\/#primaryimage","url":"https:\/\/shop.tombotto.ch\/wp-content\/uploads\/2023\/05\/197_gr.jpg","contentUrl":"https:\/\/shop.tombotto.ch\/wp-content\/uploads\/2023\/05\/197_gr.jpg","width":800,"height":241,"caption":"Plastik Eintrittsb\u00e4nder orange - tombotto"},{"@type":"BreadcrumbList","@id":"https:\/\/shop.tombotto.ch\/fr\/shop\/bracelets-plastique-orange\/#breadcrumb","itemListElement":[{"@type":"ListItem","position":1,"name":"Start","item":"https:\/\/shop.tombotto.ch\/fr\/"},{"@type":"ListItem","position":2,"name":"Shop","item":"https:\/\/shop.tombotto.ch\/fr\/shop\/"},{"@type":"ListItem","position":3,"name":"Bracelets plastique 100 pi\u00e8ces orange"}]},{"@type":"WebSite","@id":"https:\/\/shop.tombotto.ch\/fr\/#website","url":"https:\/\/shop.tombotto.ch\/fr\/","name":"Tombotto","description":"Fest-, Event- &amp; Promotionsartikel","publisher":{"@id":"https:\/\/shop.tombotto.ch\/fr\/#organization"},"potentialAction":[{"@type":"SearchAction","target":{"@type":"EntryPoint","urlTemplate":"https:\/\/shop.tombotto.ch\/fr\/?s={search_term_string}"},"query-input":{"@type":"PropertyValueSpecification","valueRequired":true,"valueName":"search_term_string"}}],"inLanguage":"fr-FR"},{"@type":"Organization","@id":"https:\/\/shop.tombotto.ch\/fr\/#organization","name":"Tombotto","url":"https:\/\/shop.tombotto.ch\/fr\/","logo":{"@type":"ImageObject","inLanguage":"fr-FR","@id":"https:\/\/shop.tombotto.ch\/fr\/#\/schema\/logo\/image\/","url":"https:\/\/shop.tombotto.ch\/wp-content\/uploads\/2023\/03\/logo.svg","contentUrl":"https:\/\/shop.tombotto.ch\/wp-content\/uploads\/2023\/03\/logo.svg","caption":"Tombotto"},"image":{"@id":"https:\/\/shop.tombotto.ch\/fr\/#\/schema\/logo\/image\/"}}]}},"tiered_pricing_type":"fixed","tiered_pricing_fixed_rules":{"10":"14.9"},"tiered_pricing_product_settings":{"layout":"default","base_unit_name":{"singular":null,"plural":null},"default_variation":null},"tiered_pricing_minimum_quantity":null,"tiered_pricing_roles_data":[],"tiered_pricing_percentage_rules":[],"tiered_pricing_maximum_quantity":null,"tiered_pricing_quantity_step":null,"_links":{"self":[{"href":"https:\/\/shop.tombotto.ch\/fr\/wp-json\/wp\/v2\/product\/37382","targetHints":{"allow":["GET"]}}],"collection":[{"href":"https:\/\/shop.tombotto.ch\/fr\/wp-json\/wp\/v2\/product"}],"about":[{"href":"https:\/\/shop.tombotto.ch\/fr\/wp-json\/wp\/v2\/types\/product"}],"wp:featuredmedia":[{"embeddable":true,"href":"https:\/\/shop.tombotto.ch\/fr\/wp-json\/wp\/v2\/media\/34601"}],"wp:attachment":[{"href":"https:\/\/shop.tombotto.ch\/fr\/wp-json\/wp\/v2\/media?parent=37382"}],"wp:term":[{"taxonomy":"product_brand","embeddable":true,"href":"https:\/\/shop.tombotto.ch\/fr\/wp-json\/wp\/v2\/product_brand?post=37382"},{"taxonomy":"product_cat","embeddable":true,"href":"https:\/\/shop.tombotto.ch\/fr\/wp-json\/wp\/v2\/product_cat?post=37382"},{"taxonomy":"product_tag","embeddable":true,"href":"https:\/\/shop.tombotto.ch\/fr\/wp-json\/wp\/v2\/product_tag?post=37382"}],"curies":[{"name":"wp","href":"https:\/\/api.w.org\/{rel}","templated":true}]}}