{"id":37386,"date":"2023-05-23T17:10:37","date_gmt":"2023-05-23T15:10:37","guid":{"rendered":"https:\/\/shop.tombotto.ch\/shop\/lampe-de-poche-uv-l80\/"},"modified":"2025-07-08T12:36:55","modified_gmt":"2025-07-08T10:36:55","slug":"lampe-de-poche-uv","status":"publish","type":"product","link":"https:\/\/shop.tombotto.ch\/fr\/shop\/lampe-de-poche-uv\/","title":{"rendered":"Lampe \u00e0 main UV"},"content":{"rendered":"<p class=\"ai-optimize-22\">Cette lampe UV portable compacte est id\u00e9ale pour le contr\u00f4le rapide et mobile des marquages UV lors des contr\u00f4les d&rsquo;entr\u00e9e. Gr\u00e2ce \u00e0 sa taille pratique et \u00e0 sa dragonne, elle est particuli\u00e8rement souple d&rsquo;utilisation.<\/p>\n<ul>\n<li class=\"ai-optimize-23\">Lumi\u00e8re UV (lumi\u00e8re noire)<\/li>\n<li class=\"ai-optimize-24\">Lampe \u00e0 main 16 x 5,5 cm<\/li>\n<li class=\"ai-optimize-25\">Tube lumineux inclus (interchangeable)<\/li>\n<li class=\"ai-optimize-26\">Piles non comprises dans la livraison (4 x AA)<\/li>\n<li class=\"ai-optimize-27\">Avec bracelet de transport<\/li>\n<li class=\"ai-optimize-28\">Convient pour le contr\u00f4le \u00e0 la vol\u00e9e<\/li>\n<\/ul>\n","protected":false},"excerpt":{"rendered":"<p>Cette lampe UV portable compacte est id\u00e9ale pour le contr\u00f4le rapide et mobile des marquages UV lors des contr\u00f4les d&rsquo;entr\u00e9e. Gr\u00e2ce \u00e0 sa taille pratique et \u00e0 sa dragonne, elle est particuli\u00e8rement souple d&rsquo;utilisation. Lumi\u00e8re UV (lumi\u00e8re noire) Lampe \u00e0 main 16 x 5,5 cm Tube lumineux inclus (interchangeable) Piles non comprises dans la livraison [&hellip;]<\/p>\n","protected":false},"featured_media":34613,"template":"","meta":{"_acf_changed":false,"inline_featured_image":false},"product_brand":[],"product_cat":[4574],"product_tag":[],"class_list":{"0":"post-37386","1":"product","2":"type-product","3":"status-publish","4":"has-post-thumbnail","6":"product_cat-controle-a-lumiere-uv","8":"first","9":"instock","10":"taxable","11":"shipping-taxable","12":"purchasable","13":"product-type-simple"},"exclude_global_add_ons":[],"addons":[],"acf":[],"yoast_head":"<!-- This site is optimized with the Yoast SEO Premium plugin v27.4 (Yoast SEO v27.4) - https:\/\/yoast.com\/product\/yoast-seo-premium-wordpress\/ -->\n<title>Lampe \u00e0 main UV - Tombotto<\/title>\n<meta name=\"description\" content=\"Lampe portative UV : 16 x 5,5 cm \u27a8 Contr\u00f4le d&#039;entr\u00e9e avec lumi\u00e8re UV \u2713 Tube lumineux facilement interchangeable \u2713 avec dragonne \u2713 4 piles incluses\" \/>\n<meta name=\"robots\" content=\"index, follow, max-snippet:-1, max-image-preview:large, max-video-preview:-1\" \/>\n<link rel=\"canonical\" href=\"https:\/\/shop.tombotto.ch\/fr\/shop\/lampe-de-poche-uv\/\" \/>\n<meta property=\"og:locale\" content=\"fr_FR\" \/>\n<meta property=\"og:type\" content=\"article\" \/>\n<meta property=\"og:title\" content=\"Lampe \u00e0 main UV\" \/>\n<meta property=\"og:description\" content=\"Lampe portative UV : 16 x 5,5 cm \u27a8 Contr\u00f4le d&#039;entr\u00e9e avec lumi\u00e8re UV \u2713 Tube lumineux facilement interchangeable \u2713 avec dragonne \u2713 4 piles incluses\" \/>\n<meta property=\"og:url\" content=\"https:\/\/shop.tombotto.ch\/fr\/shop\/lampe-de-poche-uv\/\" \/>\n<meta property=\"og:site_name\" content=\"Tombotto\" \/>\n<meta property=\"article:modified_time\" content=\"2025-07-08T10:36:55+00:00\" \/>\n<meta property=\"og:image\" content=\"https:\/\/shop.tombotto.ch\/wp-content\/uploads\/2023\/05\/211_gr.jpg\" \/>\n\t<meta property=\"og:image:width\" content=\"800\" \/>\n\t<meta property=\"og:image:height\" content=\"678\" \/>\n\t<meta property=\"og:image:type\" content=\"image\/jpeg\" \/>\n<meta name=\"twitter:card\" content=\"summary_large_image\" \/>\n<meta name=\"twitter:label1\" content=\"Dur\u00e9e de lecture estim\u00e9e\" \/>\n\t<meta name=\"twitter:data1\" content=\"1 minute\" \/>\n<script type=\"application\/ld+json\" class=\"yoast-schema-graph\">{\"@context\":\"https:\\\/\\\/schema.org\",\"@graph\":[{\"@type\":\"WebPage\",\"@id\":\"https:\\\/\\\/shop.tombotto.ch\\\/fr\\\/shop\\\/lampe-de-poche-uv\\\/\",\"url\":\"https:\\\/\\\/shop.tombotto.ch\\\/fr\\\/shop\\\/lampe-de-poche-uv\\\/\",\"name\":\"Lampe \u00e0 main UV - Tombotto\",\"isPartOf\":{\"@id\":\"https:\\\/\\\/shop.tombotto.ch\\\/fr\\\/#website\"},\"primaryImageOfPage\":{\"@id\":\"https:\\\/\\\/shop.tombotto.ch\\\/fr\\\/shop\\\/lampe-de-poche-uv\\\/#primaryimage\"},\"image\":{\"@id\":\"https:\\\/\\\/shop.tombotto.ch\\\/fr\\\/shop\\\/lampe-de-poche-uv\\\/#primaryimage\"},\"thumbnailUrl\":\"https:\\\/\\\/shop.tombotto.ch\\\/wp-content\\\/uploads\\\/2023\\\/05\\\/211_gr.jpg\",\"datePublished\":\"2023-05-23T15:10:37+00:00\",\"dateModified\":\"2025-07-08T10:36:55+00:00\",\"description\":\"Lampe portative UV : 16 x 5,5 cm \u27a8 Contr\u00f4le d'entr\u00e9e avec lumi\u00e8re UV \u2713 Tube lumineux facilement interchangeable \u2713 avec dragonne \u2713 4 piles incluses\",\"breadcrumb\":{\"@id\":\"https:\\\/\\\/shop.tombotto.ch\\\/fr\\\/shop\\\/lampe-de-poche-uv\\\/#breadcrumb\"},\"inLanguage\":\"fr-FR\",\"potentialAction\":[{\"@type\":\"ReadAction\",\"target\":[\"https:\\\/\\\/shop.tombotto.ch\\\/fr\\\/shop\\\/lampe-de-poche-uv\\\/\"]}]},{\"@type\":\"ImageObject\",\"inLanguage\":\"fr-FR\",\"@id\":\"https:\\\/\\\/shop.tombotto.ch\\\/fr\\\/shop\\\/lampe-de-poche-uv\\\/#primaryimage\",\"url\":\"https:\\\/\\\/shop.tombotto.ch\\\/wp-content\\\/uploads\\\/2023\\\/05\\\/211_gr.jpg\",\"contentUrl\":\"https:\\\/\\\/shop.tombotto.ch\\\/wp-content\\\/uploads\\\/2023\\\/05\\\/211_gr.jpg\",\"width\":800,\"height\":678},{\"@type\":\"BreadcrumbList\",\"@id\":\"https:\\\/\\\/shop.tombotto.ch\\\/fr\\\/shop\\\/lampe-de-poche-uv\\\/#breadcrumb\",\"itemListElement\":[{\"@type\":\"ListItem\",\"position\":1,\"name\":\"Start\",\"item\":\"https:\\\/\\\/shop.tombotto.ch\\\/fr\\\/\"},{\"@type\":\"ListItem\",\"position\":2,\"name\":\"Shop\",\"item\":\"https:\\\/\\\/shop.tombotto.ch\\\/fr\\\/shop\\\/\"},{\"@type\":\"ListItem\",\"position\":3,\"name\":\"Lampe \u00e0 main UV\"}]},{\"@type\":\"WebSite\",\"@id\":\"https:\\\/\\\/shop.tombotto.ch\\\/fr\\\/#website\",\"url\":\"https:\\\/\\\/shop.tombotto.ch\\\/fr\\\/\",\"name\":\"Tombotto\",\"description\":\"Fest-, Event- &amp; Promotionsartikel\",\"publisher\":{\"@id\":\"https:\\\/\\\/shop.tombotto.ch\\\/fr\\\/#organization\"},\"potentialAction\":[{\"@type\":\"SearchAction\",\"target\":{\"@type\":\"EntryPoint\",\"urlTemplate\":\"https:\\\/\\\/shop.tombotto.ch\\\/fr\\\/?s={search_term_string}\"},\"query-input\":{\"@type\":\"PropertyValueSpecification\",\"valueRequired\":true,\"valueName\":\"search_term_string\"}}],\"inLanguage\":\"fr-FR\"},{\"@type\":\"Organization\",\"@id\":\"https:\\\/\\\/shop.tombotto.ch\\\/fr\\\/#organization\",\"name\":\"Tombotto\",\"url\":\"https:\\\/\\\/shop.tombotto.ch\\\/fr\\\/\",\"logo\":{\"@type\":\"ImageObject\",\"inLanguage\":\"fr-FR\",\"@id\":\"https:\\\/\\\/shop.tombotto.ch\\\/fr\\\/#\\\/schema\\\/logo\\\/image\\\/\",\"url\":\"https:\\\/\\\/shop.tombotto.ch\\\/wp-content\\\/uploads\\\/2023\\\/03\\\/logo.svg\",\"contentUrl\":\"https:\\\/\\\/shop.tombotto.ch\\\/wp-content\\\/uploads\\\/2023\\\/03\\\/logo.svg\",\"caption\":\"Tombotto\"},\"image\":{\"@id\":\"https:\\\/\\\/shop.tombotto.ch\\\/fr\\\/#\\\/schema\\\/logo\\\/image\\\/\"}}]}<\/script>\n<!-- \/ Yoast SEO Premium plugin. -->","yoast_head_json":{"title":"Lampe \u00e0 main UV - Tombotto","description":"Lampe portative UV : 16 x 5,5 cm \u27a8 Contr\u00f4le d'entr\u00e9e avec lumi\u00e8re UV \u2713 Tube lumineux facilement interchangeable \u2713 avec dragonne \u2713 4 piles incluses","robots":{"index":"index","follow":"follow","max-snippet":"max-snippet:-1","max-image-preview":"max-image-preview:large","max-video-preview":"max-video-preview:-1"},"canonical":"https:\/\/shop.tombotto.ch\/fr\/shop\/lampe-de-poche-uv\/","og_locale":"fr_FR","og_type":"article","og_title":"Lampe \u00e0 main UV","og_description":"Lampe portative UV : 16 x 5,5 cm \u27a8 Contr\u00f4le d'entr\u00e9e avec lumi\u00e8re UV \u2713 Tube lumineux facilement interchangeable \u2713 avec dragonne \u2713 4 piles incluses","og_url":"https:\/\/shop.tombotto.ch\/fr\/shop\/lampe-de-poche-uv\/","og_site_name":"Tombotto","article_modified_time":"2025-07-08T10:36:55+00:00","og_image":[{"width":800,"height":678,"url":"https:\/\/shop.tombotto.ch\/wp-content\/uploads\/2023\/05\/211_gr.jpg","type":"image\/jpeg"}],"twitter_card":"summary_large_image","twitter_misc":{"Dur\u00e9e de lecture estim\u00e9e":"1 minute"},"schema":{"@context":"https:\/\/schema.org","@graph":[{"@type":"WebPage","@id":"https:\/\/shop.tombotto.ch\/fr\/shop\/lampe-de-poche-uv\/","url":"https:\/\/shop.tombotto.ch\/fr\/shop\/lampe-de-poche-uv\/","name":"Lampe \u00e0 main UV - Tombotto","isPartOf":{"@id":"https:\/\/shop.tombotto.ch\/fr\/#website"},"primaryImageOfPage":{"@id":"https:\/\/shop.tombotto.ch\/fr\/shop\/lampe-de-poche-uv\/#primaryimage"},"image":{"@id":"https:\/\/shop.tombotto.ch\/fr\/shop\/lampe-de-poche-uv\/#primaryimage"},"thumbnailUrl":"https:\/\/shop.tombotto.ch\/wp-content\/uploads\/2023\/05\/211_gr.jpg","datePublished":"2023-05-23T15:10:37+00:00","dateModified":"2025-07-08T10:36:55+00:00","description":"Lampe portative UV : 16 x 5,5 cm \u27a8 Contr\u00f4le d'entr\u00e9e avec lumi\u00e8re UV \u2713 Tube lumineux facilement interchangeable \u2713 avec dragonne \u2713 4 piles incluses","breadcrumb":{"@id":"https:\/\/shop.tombotto.ch\/fr\/shop\/lampe-de-poche-uv\/#breadcrumb"},"inLanguage":"fr-FR","potentialAction":[{"@type":"ReadAction","target":["https:\/\/shop.tombotto.ch\/fr\/shop\/lampe-de-poche-uv\/"]}]},{"@type":"ImageObject","inLanguage":"fr-FR","@id":"https:\/\/shop.tombotto.ch\/fr\/shop\/lampe-de-poche-uv\/#primaryimage","url":"https:\/\/shop.tombotto.ch\/wp-content\/uploads\/2023\/05\/211_gr.jpg","contentUrl":"https:\/\/shop.tombotto.ch\/wp-content\/uploads\/2023\/05\/211_gr.jpg","width":800,"height":678},{"@type":"BreadcrumbList","@id":"https:\/\/shop.tombotto.ch\/fr\/shop\/lampe-de-poche-uv\/#breadcrumb","itemListElement":[{"@type":"ListItem","position":1,"name":"Start","item":"https:\/\/shop.tombotto.ch\/fr\/"},{"@type":"ListItem","position":2,"name":"Shop","item":"https:\/\/shop.tombotto.ch\/fr\/shop\/"},{"@type":"ListItem","position":3,"name":"Lampe \u00e0 main UV"}]},{"@type":"WebSite","@id":"https:\/\/shop.tombotto.ch\/fr\/#website","url":"https:\/\/shop.tombotto.ch\/fr\/","name":"Tombotto","description":"Fest-, Event- &amp; Promotionsartikel","publisher":{"@id":"https:\/\/shop.tombotto.ch\/fr\/#organization"},"potentialAction":[{"@type":"SearchAction","target":{"@type":"EntryPoint","urlTemplate":"https:\/\/shop.tombotto.ch\/fr\/?s={search_term_string}"},"query-input":{"@type":"PropertyValueSpecification","valueRequired":true,"valueName":"search_term_string"}}],"inLanguage":"fr-FR"},{"@type":"Organization","@id":"https:\/\/shop.tombotto.ch\/fr\/#organization","name":"Tombotto","url":"https:\/\/shop.tombotto.ch\/fr\/","logo":{"@type":"ImageObject","inLanguage":"fr-FR","@id":"https:\/\/shop.tombotto.ch\/fr\/#\/schema\/logo\/image\/","url":"https:\/\/shop.tombotto.ch\/wp-content\/uploads\/2023\/03\/logo.svg","contentUrl":"https:\/\/shop.tombotto.ch\/wp-content\/uploads\/2023\/03\/logo.svg","caption":"Tombotto"},"image":{"@id":"https:\/\/shop.tombotto.ch\/fr\/#\/schema\/logo\/image\/"}}]}},"tiered_pricing_type":"fixed","tiered_pricing_fixed_rules":[],"tiered_pricing_product_settings":{"layout":"default","base_unit_name":{"singular":null,"plural":null},"default_variation":null},"tiered_pricing_minimum_quantity":null,"tiered_pricing_roles_data":[],"tiered_pricing_percentage_rules":[],"tiered_pricing_maximum_quantity":null,"tiered_pricing_quantity_step":null,"_links":{"self":[{"href":"https:\/\/shop.tombotto.ch\/fr\/wp-json\/wp\/v2\/product\/37386","targetHints":{"allow":["GET"]}}],"collection":[{"href":"https:\/\/shop.tombotto.ch\/fr\/wp-json\/wp\/v2\/product"}],"about":[{"href":"https:\/\/shop.tombotto.ch\/fr\/wp-json\/wp\/v2\/types\/product"}],"wp:featuredmedia":[{"embeddable":true,"href":"https:\/\/shop.tombotto.ch\/fr\/wp-json\/wp\/v2\/media\/34613"}],"wp:attachment":[{"href":"https:\/\/shop.tombotto.ch\/fr\/wp-json\/wp\/v2\/media?parent=37386"}],"wp:term":[{"taxonomy":"product_brand","embeddable":true,"href":"https:\/\/shop.tombotto.ch\/fr\/wp-json\/wp\/v2\/product_brand?post=37386"},{"taxonomy":"product_cat","embeddable":true,"href":"https:\/\/shop.tombotto.ch\/fr\/wp-json\/wp\/v2\/product_cat?post=37386"},{"taxonomy":"product_tag","embeddable":true,"href":"https:\/\/shop.tombotto.ch\/fr\/wp-json\/wp\/v2\/product_tag?post=37386"}],"curies":[{"name":"wp","href":"https:\/\/api.w.org\/{rel}","templated":true}]}}