{"id":37421,"date":"2023-05-23T17:10:46","date_gmt":"2023-05-23T15:10:46","guid":{"rendered":"https:\/\/shop.tombotto.ch\/shop\/tableau-de-controle-plat-en-pvc\/"},"modified":"2026-03-17T10:24:17","modified_gmt":"2026-03-17T09:24:17","slug":"tableau-de-controle-plat-en-pvc","status":"publish","type":"product","link":"https:\/\/shop.tombotto.ch\/fr\/shop\/tableau-de-controle-plat-en-pvc\/","title":{"rendered":"Tableau de contr\u00f4le plat"},"content":{"rendered":"<p class=\"ai-optimize-19 ai-optimize-introduction\">Tableau de contr\u00f4le en PVC<\/p>\n<ul>\n<li class=\"ai-optimize-20\">Tr\u00e8s solide<\/li>\n<li class=\"ai-optimize-21\">Format 285 x 285 x 3 mm<\/li>\n<li class=\"ai-optimize-22\">Jetons de loto non inclue<\/li>\n<\/ul>\n<p class=\"ai-optimize-23\"><strong>Commandez les jetons de loto s\u00e9par\u00e9ment:<\/strong><\/p>\n<p class=\"ai-optimize-26\"><a href=\"https:\/\/shop.tombotto.ch\/fr\/shop\/jetons-e-loto-numerotation-rouge\/\">Jetons avec chiffres rouges<\/a><\/p>\n<p class=\"ai-optimize-25\"><a href=\"https:\/\/shop.tombotto.ch\/fr\/shop\/jetons-de-loto-en-plastique\/\">Jetons en plastique<\/a><\/p>\n","protected":false},"excerpt":{"rendered":"<p>Tableau de contr\u00f4le en PVC Tr\u00e8s solide Format 285 x 285 x 3 mm Jetons de loto non inclue Commandez les jetons de loto s\u00e9par\u00e9ment: Jetons avec chiffres rouges Jetons en plastique<\/p>\n","protected":false},"featured_media":41005,"template":"","meta":{"_acf_changed":false,"inline_featured_image":false},"product_brand":[],"product_cat":[4582],"product_tag":[],"class_list":{"0":"post-37421","1":"product","2":"type-product","3":"status-publish","4":"has-post-thumbnail","6":"product_cat-numeros-de-loto","8":"first","9":"instock","10":"taxable","11":"shipping-taxable","12":"purchasable","13":"product-type-simple"},"exclude_global_add_ons":[],"addons":[],"acf":[],"yoast_head":"<!-- This site is optimized with the Yoast SEO Premium plugin v27.4 (Yoast SEO v27.4) - https:\/\/yoast.com\/product\/yoast-seo-premium-wordpress\/ -->\n<title>Tableau de contr\u00f4le plat - Tombotto<\/title>\n<meta name=\"description\" content=\"Panneau de contr\u00f4le pour num\u00e9ros de loto \u27a8 Tr\u00e8s stable \u2713 Format 285 x 285 x 3 mm \u2713 Rapide et avantageux \u25b7 tombotto gmbh \u25b7 Aarwangen BE\" \/>\n<meta name=\"robots\" content=\"index, follow, max-snippet:-1, max-image-preview:large, max-video-preview:-1\" \/>\n<link rel=\"canonical\" href=\"https:\/\/shop.tombotto.ch\/fr\/shop\/tableau-de-controle-plat-en-pvc\/\" \/>\n<meta property=\"og:locale\" content=\"fr_FR\" \/>\n<meta property=\"og:type\" content=\"article\" \/>\n<meta property=\"og:title\" content=\"Tableau de contr\u00f4le plat\" \/>\n<meta property=\"og:description\" content=\"Panneau de contr\u00f4le pour num\u00e9ros de loto \u27a8 Tr\u00e8s stable \u2713 Format 285 x 285 x 3 mm \u2713 Rapide et avantageux \u25b7 tombotto gmbh \u25b7 Aarwangen BE\" \/>\n<meta property=\"og:url\" content=\"https:\/\/shop.tombotto.ch\/fr\/shop\/tableau-de-controle-plat-en-pvc\/\" \/>\n<meta property=\"og:site_name\" content=\"Tombotto\" \/>\n<meta property=\"article:modified_time\" content=\"2026-03-17T09:24:17+00:00\" \/>\n<meta property=\"og:image\" content=\"https:\/\/shop.tombotto.ch\/wp-content\/uploads\/2023\/05\/99922-a.jpg\" \/>\n\t<meta property=\"og:image:width\" content=\"800\" \/>\n\t<meta property=\"og:image:height\" content=\"678\" \/>\n\t<meta property=\"og:image:type\" content=\"image\/jpeg\" \/>\n<meta name=\"twitter:card\" content=\"summary_large_image\" \/>\n<meta name=\"twitter:label1\" content=\"Dur\u00e9e de lecture estim\u00e9e\" \/>\n\t<meta name=\"twitter:data1\" content=\"1 minute\" \/>\n<script type=\"application\/ld+json\" class=\"yoast-schema-graph\">{\"@context\":\"https:\\\/\\\/schema.org\",\"@graph\":[{\"@type\":\"WebPage\",\"@id\":\"https:\\\/\\\/shop.tombotto.ch\\\/fr\\\/shop\\\/tableau-de-controle-plat-en-pvc\\\/\",\"url\":\"https:\\\/\\\/shop.tombotto.ch\\\/fr\\\/shop\\\/tableau-de-controle-plat-en-pvc\\\/\",\"name\":\"Tableau de contr\u00f4le plat - Tombotto\",\"isPartOf\":{\"@id\":\"https:\\\/\\\/shop.tombotto.ch\\\/fr\\\/#website\"},\"primaryImageOfPage\":{\"@id\":\"https:\\\/\\\/shop.tombotto.ch\\\/fr\\\/shop\\\/tableau-de-controle-plat-en-pvc\\\/#primaryimage\"},\"image\":{\"@id\":\"https:\\\/\\\/shop.tombotto.ch\\\/fr\\\/shop\\\/tableau-de-controle-plat-en-pvc\\\/#primaryimage\"},\"thumbnailUrl\":\"https:\\\/\\\/shop.tombotto.ch\\\/wp-content\\\/uploads\\\/2023\\\/05\\\/99922-a.jpg\",\"datePublished\":\"2023-05-23T15:10:46+00:00\",\"dateModified\":\"2026-03-17T09:24:17+00:00\",\"description\":\"Panneau de contr\u00f4le pour num\u00e9ros de loto \u27a8 Tr\u00e8s stable \u2713 Format 285 x 285 x 3 mm \u2713 Rapide et avantageux \u25b7 tombotto gmbh \u25b7 Aarwangen BE\",\"breadcrumb\":{\"@id\":\"https:\\\/\\\/shop.tombotto.ch\\\/fr\\\/shop\\\/tableau-de-controle-plat-en-pvc\\\/#breadcrumb\"},\"inLanguage\":\"fr-FR\",\"potentialAction\":[{\"@type\":\"ReadAction\",\"target\":[\"https:\\\/\\\/shop.tombotto.ch\\\/fr\\\/shop\\\/tableau-de-controle-plat-en-pvc\\\/\"]}]},{\"@type\":\"ImageObject\",\"inLanguage\":\"fr-FR\",\"@id\":\"https:\\\/\\\/shop.tombotto.ch\\\/fr\\\/shop\\\/tableau-de-controle-plat-en-pvc\\\/#primaryimage\",\"url\":\"https:\\\/\\\/shop.tombotto.ch\\\/wp-content\\\/uploads\\\/2023\\\/05\\\/99922-a.jpg\",\"contentUrl\":\"https:\\\/\\\/shop.tombotto.ch\\\/wp-content\\\/uploads\\\/2023\\\/05\\\/99922-a.jpg\",\"width\":800,\"height\":678},{\"@type\":\"BreadcrumbList\",\"@id\":\"https:\\\/\\\/shop.tombotto.ch\\\/fr\\\/shop\\\/tableau-de-controle-plat-en-pvc\\\/#breadcrumb\",\"itemListElement\":[{\"@type\":\"ListItem\",\"position\":1,\"name\":\"Start\",\"item\":\"https:\\\/\\\/shop.tombotto.ch\\\/fr\\\/\"},{\"@type\":\"ListItem\",\"position\":2,\"name\":\"Shop\",\"item\":\"https:\\\/\\\/shop.tombotto.ch\\\/fr\\\/shop\\\/\"},{\"@type\":\"ListItem\",\"position\":3,\"name\":\"Tableau de contr\u00f4le plat\"}]},{\"@type\":\"WebSite\",\"@id\":\"https:\\\/\\\/shop.tombotto.ch\\\/fr\\\/#website\",\"url\":\"https:\\\/\\\/shop.tombotto.ch\\\/fr\\\/\",\"name\":\"Tombotto\",\"description\":\"Fest-, Event- &amp; Promotionsartikel\",\"publisher\":{\"@id\":\"https:\\\/\\\/shop.tombotto.ch\\\/fr\\\/#organization\"},\"potentialAction\":[{\"@type\":\"SearchAction\",\"target\":{\"@type\":\"EntryPoint\",\"urlTemplate\":\"https:\\\/\\\/shop.tombotto.ch\\\/fr\\\/?s={search_term_string}\"},\"query-input\":{\"@type\":\"PropertyValueSpecification\",\"valueRequired\":true,\"valueName\":\"search_term_string\"}}],\"inLanguage\":\"fr-FR\"},{\"@type\":\"Organization\",\"@id\":\"https:\\\/\\\/shop.tombotto.ch\\\/fr\\\/#organization\",\"name\":\"Tombotto\",\"url\":\"https:\\\/\\\/shop.tombotto.ch\\\/fr\\\/\",\"logo\":{\"@type\":\"ImageObject\",\"inLanguage\":\"fr-FR\",\"@id\":\"https:\\\/\\\/shop.tombotto.ch\\\/fr\\\/#\\\/schema\\\/logo\\\/image\\\/\",\"url\":\"https:\\\/\\\/shop.tombotto.ch\\\/wp-content\\\/uploads\\\/2023\\\/03\\\/logo.svg\",\"contentUrl\":\"https:\\\/\\\/shop.tombotto.ch\\\/wp-content\\\/uploads\\\/2023\\\/03\\\/logo.svg\",\"caption\":\"Tombotto\"},\"image\":{\"@id\":\"https:\\\/\\\/shop.tombotto.ch\\\/fr\\\/#\\\/schema\\\/logo\\\/image\\\/\"}}]}<\/script>\n<!-- \/ Yoast SEO Premium plugin. -->","yoast_head_json":{"title":"Tableau de contr\u00f4le plat - Tombotto","description":"Panneau de contr\u00f4le pour num\u00e9ros de loto \u27a8 Tr\u00e8s stable \u2713 Format 285 x 285 x 3 mm \u2713 Rapide et avantageux \u25b7 tombotto gmbh \u25b7 Aarwangen BE","robots":{"index":"index","follow":"follow","max-snippet":"max-snippet:-1","max-image-preview":"max-image-preview:large","max-video-preview":"max-video-preview:-1"},"canonical":"https:\/\/shop.tombotto.ch\/fr\/shop\/tableau-de-controle-plat-en-pvc\/","og_locale":"fr_FR","og_type":"article","og_title":"Tableau de contr\u00f4le plat","og_description":"Panneau de contr\u00f4le pour num\u00e9ros de loto \u27a8 Tr\u00e8s stable \u2713 Format 285 x 285 x 3 mm \u2713 Rapide et avantageux \u25b7 tombotto gmbh \u25b7 Aarwangen BE","og_url":"https:\/\/shop.tombotto.ch\/fr\/shop\/tableau-de-controle-plat-en-pvc\/","og_site_name":"Tombotto","article_modified_time":"2026-03-17T09:24:17+00:00","og_image":[{"width":800,"height":678,"url":"https:\/\/shop.tombotto.ch\/wp-content\/uploads\/2023\/05\/99922-a.jpg","type":"image\/jpeg"}],"twitter_card":"summary_large_image","twitter_misc":{"Dur\u00e9e de lecture estim\u00e9e":"1 minute"},"schema":{"@context":"https:\/\/schema.org","@graph":[{"@type":"WebPage","@id":"https:\/\/shop.tombotto.ch\/fr\/shop\/tableau-de-controle-plat-en-pvc\/","url":"https:\/\/shop.tombotto.ch\/fr\/shop\/tableau-de-controle-plat-en-pvc\/","name":"Tableau de contr\u00f4le plat - Tombotto","isPartOf":{"@id":"https:\/\/shop.tombotto.ch\/fr\/#website"},"primaryImageOfPage":{"@id":"https:\/\/shop.tombotto.ch\/fr\/shop\/tableau-de-controle-plat-en-pvc\/#primaryimage"},"image":{"@id":"https:\/\/shop.tombotto.ch\/fr\/shop\/tableau-de-controle-plat-en-pvc\/#primaryimage"},"thumbnailUrl":"https:\/\/shop.tombotto.ch\/wp-content\/uploads\/2023\/05\/99922-a.jpg","datePublished":"2023-05-23T15:10:46+00:00","dateModified":"2026-03-17T09:24:17+00:00","description":"Panneau de contr\u00f4le pour num\u00e9ros de loto \u27a8 Tr\u00e8s stable \u2713 Format 285 x 285 x 3 mm \u2713 Rapide et avantageux \u25b7 tombotto gmbh \u25b7 Aarwangen BE","breadcrumb":{"@id":"https:\/\/shop.tombotto.ch\/fr\/shop\/tableau-de-controle-plat-en-pvc\/#breadcrumb"},"inLanguage":"fr-FR","potentialAction":[{"@type":"ReadAction","target":["https:\/\/shop.tombotto.ch\/fr\/shop\/tableau-de-controle-plat-en-pvc\/"]}]},{"@type":"ImageObject","inLanguage":"fr-FR","@id":"https:\/\/shop.tombotto.ch\/fr\/shop\/tableau-de-controle-plat-en-pvc\/#primaryimage","url":"https:\/\/shop.tombotto.ch\/wp-content\/uploads\/2023\/05\/99922-a.jpg","contentUrl":"https:\/\/shop.tombotto.ch\/wp-content\/uploads\/2023\/05\/99922-a.jpg","width":800,"height":678},{"@type":"BreadcrumbList","@id":"https:\/\/shop.tombotto.ch\/fr\/shop\/tableau-de-controle-plat-en-pvc\/#breadcrumb","itemListElement":[{"@type":"ListItem","position":1,"name":"Start","item":"https:\/\/shop.tombotto.ch\/fr\/"},{"@type":"ListItem","position":2,"name":"Shop","item":"https:\/\/shop.tombotto.ch\/fr\/shop\/"},{"@type":"ListItem","position":3,"name":"Tableau de contr\u00f4le plat"}]},{"@type":"WebSite","@id":"https:\/\/shop.tombotto.ch\/fr\/#website","url":"https:\/\/shop.tombotto.ch\/fr\/","name":"Tombotto","description":"Fest-, Event- &amp; Promotionsartikel","publisher":{"@id":"https:\/\/shop.tombotto.ch\/fr\/#organization"},"potentialAction":[{"@type":"SearchAction","target":{"@type":"EntryPoint","urlTemplate":"https:\/\/shop.tombotto.ch\/fr\/?s={search_term_string}"},"query-input":{"@type":"PropertyValueSpecification","valueRequired":true,"valueName":"search_term_string"}}],"inLanguage":"fr-FR"},{"@type":"Organization","@id":"https:\/\/shop.tombotto.ch\/fr\/#organization","name":"Tombotto","url":"https:\/\/shop.tombotto.ch\/fr\/","logo":{"@type":"ImageObject","inLanguage":"fr-FR","@id":"https:\/\/shop.tombotto.ch\/fr\/#\/schema\/logo\/image\/","url":"https:\/\/shop.tombotto.ch\/wp-content\/uploads\/2023\/03\/logo.svg","contentUrl":"https:\/\/shop.tombotto.ch\/wp-content\/uploads\/2023\/03\/logo.svg","caption":"Tombotto"},"image":{"@id":"https:\/\/shop.tombotto.ch\/fr\/#\/schema\/logo\/image\/"}}]}},"tiered_pricing_type":"fixed","tiered_pricing_fixed_rules":[],"tiered_pricing_product_settings":{"layout":"default","base_unit_name":{"singular":null,"plural":null},"default_variation":null},"tiered_pricing_minimum_quantity":null,"tiered_pricing_roles_data":[],"tiered_pricing_percentage_rules":[],"tiered_pricing_maximum_quantity":null,"tiered_pricing_quantity_step":null,"_links":{"self":[{"href":"https:\/\/shop.tombotto.ch\/fr\/wp-json\/wp\/v2\/product\/37421","targetHints":{"allow":["GET"]}}],"collection":[{"href":"https:\/\/shop.tombotto.ch\/fr\/wp-json\/wp\/v2\/product"}],"about":[{"href":"https:\/\/shop.tombotto.ch\/fr\/wp-json\/wp\/v2\/types\/product"}],"wp:featuredmedia":[{"embeddable":true,"href":"https:\/\/shop.tombotto.ch\/fr\/wp-json\/wp\/v2\/media\/41005"}],"wp:attachment":[{"href":"https:\/\/shop.tombotto.ch\/fr\/wp-json\/wp\/v2\/media?parent=37421"}],"wp:term":[{"taxonomy":"product_brand","embeddable":true,"href":"https:\/\/shop.tombotto.ch\/fr\/wp-json\/wp\/v2\/product_brand?post=37421"},{"taxonomy":"product_cat","embeddable":true,"href":"https:\/\/shop.tombotto.ch\/fr\/wp-json\/wp\/v2\/product_cat?post=37421"},{"taxonomy":"product_tag","embeddable":true,"href":"https:\/\/shop.tombotto.ch\/fr\/wp-json\/wp\/v2\/product_tag?post=37421"}],"curies":[{"name":"wp","href":"https:\/\/api.w.org\/{rel}","templated":true}]}}