{"id":37501,"date":"2023-05-23T17:11:22","date_gmt":"2023-05-23T15:11:22","guid":{"rendered":"https:\/\/shop.tombotto.ch\/shop\/clips-en-tissu-renforce-avec-bouton-en-metal\/"},"modified":"2025-05-19T10:07:58","modified_gmt":"2025-05-19T08:07:58","slug":"clips-en-tissu-renforce-avec-bouton-en-metal","status":"publish","type":"product","link":"https:\/\/shop.tombotto.ch\/fr\/shop\/clips-en-tissu-renforce-avec-bouton-en-metal\/","title":{"rendered":"Clips en tissu renforc\u00e9 avec bouton en m\u00e9tal &#8211; 100 pi\u00e8ces"},"content":{"rendered":"<ul>\n<li>Mat\u00e9riau tr\u00e8s durable<\/li>\n<li>Vinyl<\/li>\n<li>Tissu renforc\u00e9<\/li>\n<li>Avec bouton en m\u00e9tal<\/li>\n<\/ul>\n","protected":false},"excerpt":{"rendered":"<p>Mat\u00e9riau tr\u00e8s durable Vinyl Tissu renforc\u00e9 Avec bouton en m\u00e9tal<\/p>\n","protected":false},"featured_media":34956,"template":"","meta":{"_acf_changed":false,"inline_featured_image":false},"product_brand":[],"product_cat":[4600,4680,4641,4576],"product_tag":[],"class_list":{"0":"post-37501","1":"product","2":"type-product","3":"status-publish","4":"has-post-thumbnail","6":"product_cat-accessoires","7":"product_cat-badges","8":"product_cat-etuis-pour-cartes","9":"product_cat-divers","11":"first","12":"instock","13":"taxable","14":"shipping-taxable","15":"purchasable","16":"product-type-simple"},"exclude_global_add_ons":[],"addons":[],"acf":[],"yoast_head":"<!-- This site is optimized with the Yoast SEO Premium plugin v27.4 (Yoast SEO v27.4) - https:\/\/yoast.com\/product\/yoast-seo-premium-wordpress\/ -->\n<title>Clips en tissu renforc\u00e9 avec bouton en m\u00e9tal - 100 pi\u00e8ces - Tombotto<\/title>\n<meta name=\"description\" content=\"Clip de carte renforc\u00e9 en tissu \u271a vinyle, avec bouton m\u00e9tallique \u2713 tr\u00e8s stable \u27a8 pochettes pour cartes et cartes en plastique \u00e9galement disponibles en stock\" \/>\n<meta name=\"robots\" content=\"index, follow, max-snippet:-1, max-image-preview:large, max-video-preview:-1\" \/>\n<link rel=\"canonical\" href=\"https:\/\/shop.tombotto.ch\/fr\/shop\/clips-en-tissu-renforce-avec-bouton-en-metal\/\" \/>\n<meta property=\"og:locale\" content=\"fr_FR\" \/>\n<meta property=\"og:type\" content=\"article\" \/>\n<meta property=\"og:title\" content=\"Clips en tissu renforc\u00e9 avec bouton en m\u00e9tal - 100 pi\u00e8ces\" \/>\n<meta property=\"og:description\" content=\"Clip de carte renforc\u00e9 en tissu \u271a vinyle, avec bouton m\u00e9tallique \u2713 tr\u00e8s stable \u27a8 pochettes pour cartes et cartes en plastique \u00e9galement disponibles en stock\" \/>\n<meta property=\"og:url\" content=\"https:\/\/shop.tombotto.ch\/fr\/shop\/clips-en-tissu-renforce-avec-bouton-en-metal\/\" \/>\n<meta property=\"og:site_name\" content=\"Tombotto\" \/>\n<meta property=\"article:modified_time\" content=\"2025-05-19T08:07:58+00:00\" \/>\n<meta property=\"og:image\" content=\"https:\/\/shop.tombotto.ch\/wp-content\/uploads\/2023\/05\/980_gr.jpg\" \/>\n\t<meta property=\"og:image:width\" content=\"800\" \/>\n\t<meta property=\"og:image:height\" content=\"678\" \/>\n\t<meta property=\"og:image:type\" content=\"image\/jpeg\" \/>\n<meta name=\"twitter:card\" content=\"summary_large_image\" \/>\n<meta name=\"twitter:label1\" content=\"Dur\u00e9e de lecture estim\u00e9e\" \/>\n\t<meta name=\"twitter:data1\" content=\"1 minute\" \/>\n<script type=\"application\/ld+json\" class=\"yoast-schema-graph\">{\"@context\":\"https:\\\/\\\/schema.org\",\"@graph\":[{\"@type\":\"WebPage\",\"@id\":\"https:\\\/\\\/shop.tombotto.ch\\\/fr\\\/shop\\\/clips-en-tissu-renforce-avec-bouton-en-metal\\\/\",\"url\":\"https:\\\/\\\/shop.tombotto.ch\\\/fr\\\/shop\\\/clips-en-tissu-renforce-avec-bouton-en-metal\\\/\",\"name\":\"Clips en tissu renforc\u00e9 avec bouton en m\u00e9tal - 100 pi\u00e8ces - Tombotto\",\"isPartOf\":{\"@id\":\"https:\\\/\\\/shop.tombotto.ch\\\/fr\\\/#website\"},\"primaryImageOfPage\":{\"@id\":\"https:\\\/\\\/shop.tombotto.ch\\\/fr\\\/shop\\\/clips-en-tissu-renforce-avec-bouton-en-metal\\\/#primaryimage\"},\"image\":{\"@id\":\"https:\\\/\\\/shop.tombotto.ch\\\/fr\\\/shop\\\/clips-en-tissu-renforce-avec-bouton-en-metal\\\/#primaryimage\"},\"thumbnailUrl\":\"https:\\\/\\\/shop.tombotto.ch\\\/wp-content\\\/uploads\\\/2023\\\/05\\\/980_gr.jpg\",\"datePublished\":\"2023-05-23T15:11:22+00:00\",\"dateModified\":\"2025-05-19T08:07:58+00:00\",\"description\":\"Clip de carte renforc\u00e9 en tissu \u271a vinyle, avec bouton m\u00e9tallique \u2713 tr\u00e8s stable \u27a8 pochettes pour cartes et cartes en plastique \u00e9galement disponibles en stock\",\"breadcrumb\":{\"@id\":\"https:\\\/\\\/shop.tombotto.ch\\\/fr\\\/shop\\\/clips-en-tissu-renforce-avec-bouton-en-metal\\\/#breadcrumb\"},\"inLanguage\":\"fr-FR\",\"potentialAction\":[{\"@type\":\"ReadAction\",\"target\":[\"https:\\\/\\\/shop.tombotto.ch\\\/fr\\\/shop\\\/clips-en-tissu-renforce-avec-bouton-en-metal\\\/\"]}]},{\"@type\":\"ImageObject\",\"inLanguage\":\"fr-FR\",\"@id\":\"https:\\\/\\\/shop.tombotto.ch\\\/fr\\\/shop\\\/clips-en-tissu-renforce-avec-bouton-en-metal\\\/#primaryimage\",\"url\":\"https:\\\/\\\/shop.tombotto.ch\\\/wp-content\\\/uploads\\\/2023\\\/05\\\/980_gr.jpg\",\"contentUrl\":\"https:\\\/\\\/shop.tombotto.ch\\\/wp-content\\\/uploads\\\/2023\\\/05\\\/980_gr.jpg\",\"width\":800,\"height\":678},{\"@type\":\"BreadcrumbList\",\"@id\":\"https:\\\/\\\/shop.tombotto.ch\\\/fr\\\/shop\\\/clips-en-tissu-renforce-avec-bouton-en-metal\\\/#breadcrumb\",\"itemListElement\":[{\"@type\":\"ListItem\",\"position\":1,\"name\":\"Start\",\"item\":\"https:\\\/\\\/shop.tombotto.ch\\\/fr\\\/\"},{\"@type\":\"ListItem\",\"position\":2,\"name\":\"Shop\",\"item\":\"https:\\\/\\\/shop.tombotto.ch\\\/fr\\\/shop\\\/\"},{\"@type\":\"ListItem\",\"position\":3,\"name\":\"Clips en tissu renforc\u00e9 avec bouton en m\u00e9tal - 100 pi\u00e8ces\"}]},{\"@type\":\"WebSite\",\"@id\":\"https:\\\/\\\/shop.tombotto.ch\\\/fr\\\/#website\",\"url\":\"https:\\\/\\\/shop.tombotto.ch\\\/fr\\\/\",\"name\":\"Tombotto\",\"description\":\"Fest-, Event- &amp; Promotionsartikel\",\"publisher\":{\"@id\":\"https:\\\/\\\/shop.tombotto.ch\\\/fr\\\/#organization\"},\"potentialAction\":[{\"@type\":\"SearchAction\",\"target\":{\"@type\":\"EntryPoint\",\"urlTemplate\":\"https:\\\/\\\/shop.tombotto.ch\\\/fr\\\/?s={search_term_string}\"},\"query-input\":{\"@type\":\"PropertyValueSpecification\",\"valueRequired\":true,\"valueName\":\"search_term_string\"}}],\"inLanguage\":\"fr-FR\"},{\"@type\":\"Organization\",\"@id\":\"https:\\\/\\\/shop.tombotto.ch\\\/fr\\\/#organization\",\"name\":\"Tombotto\",\"url\":\"https:\\\/\\\/shop.tombotto.ch\\\/fr\\\/\",\"logo\":{\"@type\":\"ImageObject\",\"inLanguage\":\"fr-FR\",\"@id\":\"https:\\\/\\\/shop.tombotto.ch\\\/fr\\\/#\\\/schema\\\/logo\\\/image\\\/\",\"url\":\"https:\\\/\\\/shop.tombotto.ch\\\/wp-content\\\/uploads\\\/2023\\\/03\\\/logo.svg\",\"contentUrl\":\"https:\\\/\\\/shop.tombotto.ch\\\/wp-content\\\/uploads\\\/2023\\\/03\\\/logo.svg\",\"caption\":\"Tombotto\"},\"image\":{\"@id\":\"https:\\\/\\\/shop.tombotto.ch\\\/fr\\\/#\\\/schema\\\/logo\\\/image\\\/\"}}]}<\/script>\n<!-- \/ Yoast SEO Premium plugin. -->","yoast_head_json":{"title":"Clips en tissu renforc\u00e9 avec bouton en m\u00e9tal - 100 pi\u00e8ces - Tombotto","description":"Clip de carte renforc\u00e9 en tissu \u271a vinyle, avec bouton m\u00e9tallique \u2713 tr\u00e8s stable \u27a8 pochettes pour cartes et cartes en plastique \u00e9galement disponibles en stock","robots":{"index":"index","follow":"follow","max-snippet":"max-snippet:-1","max-image-preview":"max-image-preview:large","max-video-preview":"max-video-preview:-1"},"canonical":"https:\/\/shop.tombotto.ch\/fr\/shop\/clips-en-tissu-renforce-avec-bouton-en-metal\/","og_locale":"fr_FR","og_type":"article","og_title":"Clips en tissu renforc\u00e9 avec bouton en m\u00e9tal - 100 pi\u00e8ces","og_description":"Clip de carte renforc\u00e9 en tissu \u271a vinyle, avec bouton m\u00e9tallique \u2713 tr\u00e8s stable \u27a8 pochettes pour cartes et cartes en plastique \u00e9galement disponibles en stock","og_url":"https:\/\/shop.tombotto.ch\/fr\/shop\/clips-en-tissu-renforce-avec-bouton-en-metal\/","og_site_name":"Tombotto","article_modified_time":"2025-05-19T08:07:58+00:00","og_image":[{"width":800,"height":678,"url":"https:\/\/shop.tombotto.ch\/wp-content\/uploads\/2023\/05\/980_gr.jpg","type":"image\/jpeg"}],"twitter_card":"summary_large_image","twitter_misc":{"Dur\u00e9e de lecture estim\u00e9e":"1 minute"},"schema":{"@context":"https:\/\/schema.org","@graph":[{"@type":"WebPage","@id":"https:\/\/shop.tombotto.ch\/fr\/shop\/clips-en-tissu-renforce-avec-bouton-en-metal\/","url":"https:\/\/shop.tombotto.ch\/fr\/shop\/clips-en-tissu-renforce-avec-bouton-en-metal\/","name":"Clips en tissu renforc\u00e9 avec bouton en m\u00e9tal - 100 pi\u00e8ces - Tombotto","isPartOf":{"@id":"https:\/\/shop.tombotto.ch\/fr\/#website"},"primaryImageOfPage":{"@id":"https:\/\/shop.tombotto.ch\/fr\/shop\/clips-en-tissu-renforce-avec-bouton-en-metal\/#primaryimage"},"image":{"@id":"https:\/\/shop.tombotto.ch\/fr\/shop\/clips-en-tissu-renforce-avec-bouton-en-metal\/#primaryimage"},"thumbnailUrl":"https:\/\/shop.tombotto.ch\/wp-content\/uploads\/2023\/05\/980_gr.jpg","datePublished":"2023-05-23T15:11:22+00:00","dateModified":"2025-05-19T08:07:58+00:00","description":"Clip de carte renforc\u00e9 en tissu \u271a vinyle, avec bouton m\u00e9tallique \u2713 tr\u00e8s stable \u27a8 pochettes pour cartes et cartes en plastique \u00e9galement disponibles en stock","breadcrumb":{"@id":"https:\/\/shop.tombotto.ch\/fr\/shop\/clips-en-tissu-renforce-avec-bouton-en-metal\/#breadcrumb"},"inLanguage":"fr-FR","potentialAction":[{"@type":"ReadAction","target":["https:\/\/shop.tombotto.ch\/fr\/shop\/clips-en-tissu-renforce-avec-bouton-en-metal\/"]}]},{"@type":"ImageObject","inLanguage":"fr-FR","@id":"https:\/\/shop.tombotto.ch\/fr\/shop\/clips-en-tissu-renforce-avec-bouton-en-metal\/#primaryimage","url":"https:\/\/shop.tombotto.ch\/wp-content\/uploads\/2023\/05\/980_gr.jpg","contentUrl":"https:\/\/shop.tombotto.ch\/wp-content\/uploads\/2023\/05\/980_gr.jpg","width":800,"height":678},{"@type":"BreadcrumbList","@id":"https:\/\/shop.tombotto.ch\/fr\/shop\/clips-en-tissu-renforce-avec-bouton-en-metal\/#breadcrumb","itemListElement":[{"@type":"ListItem","position":1,"name":"Start","item":"https:\/\/shop.tombotto.ch\/fr\/"},{"@type":"ListItem","position":2,"name":"Shop","item":"https:\/\/shop.tombotto.ch\/fr\/shop\/"},{"@type":"ListItem","position":3,"name":"Clips en tissu renforc\u00e9 avec bouton en m\u00e9tal - 100 pi\u00e8ces"}]},{"@type":"WebSite","@id":"https:\/\/shop.tombotto.ch\/fr\/#website","url":"https:\/\/shop.tombotto.ch\/fr\/","name":"Tombotto","description":"Fest-, Event- &amp; Promotionsartikel","publisher":{"@id":"https:\/\/shop.tombotto.ch\/fr\/#organization"},"potentialAction":[{"@type":"SearchAction","target":{"@type":"EntryPoint","urlTemplate":"https:\/\/shop.tombotto.ch\/fr\/?s={search_term_string}"},"query-input":{"@type":"PropertyValueSpecification","valueRequired":true,"valueName":"search_term_string"}}],"inLanguage":"fr-FR"},{"@type":"Organization","@id":"https:\/\/shop.tombotto.ch\/fr\/#organization","name":"Tombotto","url":"https:\/\/shop.tombotto.ch\/fr\/","logo":{"@type":"ImageObject","inLanguage":"fr-FR","@id":"https:\/\/shop.tombotto.ch\/fr\/#\/schema\/logo\/image\/","url":"https:\/\/shop.tombotto.ch\/wp-content\/uploads\/2023\/03\/logo.svg","contentUrl":"https:\/\/shop.tombotto.ch\/wp-content\/uploads\/2023\/03\/logo.svg","caption":"Tombotto"},"image":{"@id":"https:\/\/shop.tombotto.ch\/fr\/#\/schema\/logo\/image\/"}}]}},"tiered_pricing_type":"fixed","tiered_pricing_fixed_rules":[],"tiered_pricing_product_settings":{"layout":"default","base_unit_name":{"singular":null,"plural":null},"default_variation":null},"tiered_pricing_minimum_quantity":null,"tiered_pricing_roles_data":[],"tiered_pricing_percentage_rules":[],"tiered_pricing_maximum_quantity":null,"tiered_pricing_quantity_step":null,"_links":{"self":[{"href":"https:\/\/shop.tombotto.ch\/fr\/wp-json\/wp\/v2\/product\/37501","targetHints":{"allow":["GET"]}}],"collection":[{"href":"https:\/\/shop.tombotto.ch\/fr\/wp-json\/wp\/v2\/product"}],"about":[{"href":"https:\/\/shop.tombotto.ch\/fr\/wp-json\/wp\/v2\/types\/product"}],"wp:featuredmedia":[{"embeddable":true,"href":"https:\/\/shop.tombotto.ch\/fr\/wp-json\/wp\/v2\/media\/34956"}],"wp:attachment":[{"href":"https:\/\/shop.tombotto.ch\/fr\/wp-json\/wp\/v2\/media?parent=37501"}],"wp:term":[{"taxonomy":"product_brand","embeddable":true,"href":"https:\/\/shop.tombotto.ch\/fr\/wp-json\/wp\/v2\/product_brand?post=37501"},{"taxonomy":"product_cat","embeddable":true,"href":"https:\/\/shop.tombotto.ch\/fr\/wp-json\/wp\/v2\/product_cat?post=37501"},{"taxonomy":"product_tag","embeddable":true,"href":"https:\/\/shop.tombotto.ch\/fr\/wp-json\/wp\/v2\/product_tag?post=37501"}],"curies":[{"name":"wp","href":"https:\/\/api.w.org\/{rel}","templated":true}]}}