{"id":37516,"date":"2023-05-23T17:11:30","date_gmt":"2023-05-23T15:11:30","guid":{"rendered":"https:\/\/shop.tombotto.ch\/shop\/tampon-en-bois-avec-texte-party\/"},"modified":"2025-07-15T08:31:39","modified_gmt":"2025-07-15T06:31:39","slug":"tampon-en-bois-avec-texte-party","status":"publish","type":"product","link":"https:\/\/shop.tombotto.ch\/fr\/shop\/tampon-en-bois-avec-texte-party\/","title":{"rendered":"Tampon en bois \u00ab\u00a0PARTY\u00a0\u00bb"},"content":{"rendered":"<p class=\"ai-optimize-22 ai-optimize-introduction\">Avec notre tampon en bois \u00ab PARTY \u00bb, tu organises l&rsquo;entr\u00e9e \u00e0 des \u00e9v\u00e9nements de mani\u00e8re rapide, fiable et professionnelle. L&#8217;empreinte pr\u00e9cise du tampon facilite l&rsquo;identification des invit\u00e9s et assure un contr\u00f4le d&rsquo;acc\u00e8s sans complication.<\/p>\n<ul>\n<li class=\"ai-optimize-23\">Utilisation rapide &amp; facile &#8211; Id\u00e9al pour les clubs, les festivals, les f\u00eates priv\u00e9es et les \u00e9v\u00e9nements<\/li>\n<li class=\"ai-optimize-23\">Empreinte claire et bien visible<\/li>\n<li class=\"ai-optimize-23\">Format pratique &#8211; Tampon d&rsquo;une ligne, 4 x 1 cm, robuste<\/li>\n<li class=\"ai-optimize-23\">Texte : PARTY<\/li>\n<\/ul>\n","protected":false},"excerpt":{"rendered":"<p>Avec notre tampon en bois \u00ab PARTY \u00bb, tu organises l&rsquo;entr\u00e9e \u00e0 des \u00e9v\u00e9nements de mani\u00e8re rapide, fiable et professionnelle. L&#8217;empreinte pr\u00e9cise du tampon facilite l&rsquo;identification des invit\u00e9s et assure un contr\u00f4le d&rsquo;acc\u00e8s sans complication. Utilisation rapide &amp; facile &#8211; Id\u00e9al pour les clubs, les festivals, les f\u00eates priv\u00e9es et les \u00e9v\u00e9nements Empreinte claire et [&hellip;]<\/p>\n","protected":false},"featured_media":35001,"template":"","meta":{"_acf_changed":false,"inline_featured_image":false},"product_brand":[],"product_cat":[4574,4622],"product_tag":[],"class_list":{"0":"post-37516","1":"product","2":"type-product","3":"status-publish","4":"has-post-thumbnail","6":"product_cat-controle-a-lumiere-uv","7":"product_cat-tampons","9":"first","10":"instock","11":"taxable","12":"shipping-taxable","13":"purchasable","14":"product-type-simple"},"exclude_global_add_ons":[],"addons":[],"acf":[],"yoast_head":"<!-- This site is optimized with the Yoast SEO Premium plugin v27.4 (Yoast SEO v27.4) - https:\/\/yoast.com\/product\/yoast-seo-premium-wordpress\/ -->\n<title>Tampon en bois &quot;PARTY&quot; - Tombotto<\/title>\n<meta name=\"description\" content=\"Tampon en bois \u25b7 Texte PARTY \u2713 Tr\u00e8s robuste \u2713 Durable \u2713 Contr\u00f4le d&#039;entr\u00e9e facile \u27a8 Tampon encreur \u00e9galement en vente ici \u25b7 shop.tombotto.ch\" \/>\n<meta name=\"robots\" content=\"index, follow, max-snippet:-1, max-image-preview:large, max-video-preview:-1\" \/>\n<link rel=\"canonical\" href=\"https:\/\/shop.tombotto.ch\/fr\/shop\/tampon-en-bois-avec-texte-party\/\" \/>\n<meta property=\"og:locale\" content=\"fr_FR\" \/>\n<meta property=\"og:type\" content=\"article\" \/>\n<meta property=\"og:title\" content=\"Tampon en bois &quot;PARTY&quot;\" \/>\n<meta property=\"og:description\" content=\"Tampon en bois \u25b7 Texte PARTY \u2713 Tr\u00e8s robuste \u2713 Durable \u2713 Contr\u00f4le d&#039;entr\u00e9e facile \u27a8 Tampon encreur \u00e9galement en vente ici \u25b7 shop.tombotto.ch\" \/>\n<meta property=\"og:url\" content=\"https:\/\/shop.tombotto.ch\/fr\/shop\/tampon-en-bois-avec-texte-party\/\" \/>\n<meta property=\"og:site_name\" content=\"Tombotto\" \/>\n<meta property=\"article:modified_time\" content=\"2025-07-15T06:31:39+00:00\" \/>\n<meta property=\"og:image\" content=\"https:\/\/shop.tombotto.ch\/wp-content\/uploads\/2023\/05\/1007_gr.jpg\" \/>\n\t<meta property=\"og:image:width\" content=\"800\" \/>\n\t<meta property=\"og:image:height\" content=\"678\" \/>\n\t<meta property=\"og:image:type\" content=\"image\/jpeg\" \/>\n<meta name=\"twitter:card\" content=\"summary_large_image\" \/>\n<meta name=\"twitter:label1\" content=\"Dur\u00e9e de lecture estim\u00e9e\" \/>\n\t<meta name=\"twitter:data1\" content=\"1 minute\" \/>\n<script type=\"application\/ld+json\" class=\"yoast-schema-graph\">{\"@context\":\"https:\\\/\\\/schema.org\",\"@graph\":[{\"@type\":\"WebPage\",\"@id\":\"https:\\\/\\\/shop.tombotto.ch\\\/fr\\\/shop\\\/tampon-en-bois-avec-texte-party\\\/\",\"url\":\"https:\\\/\\\/shop.tombotto.ch\\\/fr\\\/shop\\\/tampon-en-bois-avec-texte-party\\\/\",\"name\":\"Tampon en bois \\\"PARTY\\\" - Tombotto\",\"isPartOf\":{\"@id\":\"https:\\\/\\\/shop.tombotto.ch\\\/fr\\\/#website\"},\"primaryImageOfPage\":{\"@id\":\"https:\\\/\\\/shop.tombotto.ch\\\/fr\\\/shop\\\/tampon-en-bois-avec-texte-party\\\/#primaryimage\"},\"image\":{\"@id\":\"https:\\\/\\\/shop.tombotto.ch\\\/fr\\\/shop\\\/tampon-en-bois-avec-texte-party\\\/#primaryimage\"},\"thumbnailUrl\":\"https:\\\/\\\/shop.tombotto.ch\\\/wp-content\\\/uploads\\\/2023\\\/05\\\/1007_gr.jpg\",\"datePublished\":\"2023-05-23T15:11:30+00:00\",\"dateModified\":\"2025-07-15T06:31:39+00:00\",\"description\":\"Tampon en bois \u25b7 Texte PARTY \u2713 Tr\u00e8s robuste \u2713 Durable \u2713 Contr\u00f4le d'entr\u00e9e facile \u27a8 Tampon encreur \u00e9galement en vente ici \u25b7 shop.tombotto.ch\",\"breadcrumb\":{\"@id\":\"https:\\\/\\\/shop.tombotto.ch\\\/fr\\\/shop\\\/tampon-en-bois-avec-texte-party\\\/#breadcrumb\"},\"inLanguage\":\"fr-FR\",\"potentialAction\":[{\"@type\":\"ReadAction\",\"target\":[\"https:\\\/\\\/shop.tombotto.ch\\\/fr\\\/shop\\\/tampon-en-bois-avec-texte-party\\\/\"]}]},{\"@type\":\"ImageObject\",\"inLanguage\":\"fr-FR\",\"@id\":\"https:\\\/\\\/shop.tombotto.ch\\\/fr\\\/shop\\\/tampon-en-bois-avec-texte-party\\\/#primaryimage\",\"url\":\"https:\\\/\\\/shop.tombotto.ch\\\/wp-content\\\/uploads\\\/2023\\\/05\\\/1007_gr.jpg\",\"contentUrl\":\"https:\\\/\\\/shop.tombotto.ch\\\/wp-content\\\/uploads\\\/2023\\\/05\\\/1007_gr.jpg\",\"width\":800,\"height\":678},{\"@type\":\"BreadcrumbList\",\"@id\":\"https:\\\/\\\/shop.tombotto.ch\\\/fr\\\/shop\\\/tampon-en-bois-avec-texte-party\\\/#breadcrumb\",\"itemListElement\":[{\"@type\":\"ListItem\",\"position\":1,\"name\":\"Start\",\"item\":\"https:\\\/\\\/shop.tombotto.ch\\\/fr\\\/\"},{\"@type\":\"ListItem\",\"position\":2,\"name\":\"Shop\",\"item\":\"https:\\\/\\\/shop.tombotto.ch\\\/fr\\\/shop\\\/\"},{\"@type\":\"ListItem\",\"position\":3,\"name\":\"Tampon en bois \\\"PARTY\\\"\"}]},{\"@type\":\"WebSite\",\"@id\":\"https:\\\/\\\/shop.tombotto.ch\\\/fr\\\/#website\",\"url\":\"https:\\\/\\\/shop.tombotto.ch\\\/fr\\\/\",\"name\":\"Tombotto\",\"description\":\"Fest-, Event- &amp; Promotionsartikel\",\"publisher\":{\"@id\":\"https:\\\/\\\/shop.tombotto.ch\\\/fr\\\/#organization\"},\"potentialAction\":[{\"@type\":\"SearchAction\",\"target\":{\"@type\":\"EntryPoint\",\"urlTemplate\":\"https:\\\/\\\/shop.tombotto.ch\\\/fr\\\/?s={search_term_string}\"},\"query-input\":{\"@type\":\"PropertyValueSpecification\",\"valueRequired\":true,\"valueName\":\"search_term_string\"}}],\"inLanguage\":\"fr-FR\"},{\"@type\":\"Organization\",\"@id\":\"https:\\\/\\\/shop.tombotto.ch\\\/fr\\\/#organization\",\"name\":\"Tombotto\",\"url\":\"https:\\\/\\\/shop.tombotto.ch\\\/fr\\\/\",\"logo\":{\"@type\":\"ImageObject\",\"inLanguage\":\"fr-FR\",\"@id\":\"https:\\\/\\\/shop.tombotto.ch\\\/fr\\\/#\\\/schema\\\/logo\\\/image\\\/\",\"url\":\"https:\\\/\\\/shop.tombotto.ch\\\/wp-content\\\/uploads\\\/2023\\\/03\\\/logo.svg\",\"contentUrl\":\"https:\\\/\\\/shop.tombotto.ch\\\/wp-content\\\/uploads\\\/2023\\\/03\\\/logo.svg\",\"caption\":\"Tombotto\"},\"image\":{\"@id\":\"https:\\\/\\\/shop.tombotto.ch\\\/fr\\\/#\\\/schema\\\/logo\\\/image\\\/\"}}]}<\/script>\n<!-- \/ Yoast SEO Premium plugin. -->","yoast_head_json":{"title":"Tampon en bois \"PARTY\" - Tombotto","description":"Tampon en bois \u25b7 Texte PARTY \u2713 Tr\u00e8s robuste \u2713 Durable \u2713 Contr\u00f4le d'entr\u00e9e facile \u27a8 Tampon encreur \u00e9galement en vente ici \u25b7 shop.tombotto.ch","robots":{"index":"index","follow":"follow","max-snippet":"max-snippet:-1","max-image-preview":"max-image-preview:large","max-video-preview":"max-video-preview:-1"},"canonical":"https:\/\/shop.tombotto.ch\/fr\/shop\/tampon-en-bois-avec-texte-party\/","og_locale":"fr_FR","og_type":"article","og_title":"Tampon en bois \"PARTY\"","og_description":"Tampon en bois \u25b7 Texte PARTY \u2713 Tr\u00e8s robuste \u2713 Durable \u2713 Contr\u00f4le d'entr\u00e9e facile \u27a8 Tampon encreur \u00e9galement en vente ici \u25b7 shop.tombotto.ch","og_url":"https:\/\/shop.tombotto.ch\/fr\/shop\/tampon-en-bois-avec-texte-party\/","og_site_name":"Tombotto","article_modified_time":"2025-07-15T06:31:39+00:00","og_image":[{"width":800,"height":678,"url":"https:\/\/shop.tombotto.ch\/wp-content\/uploads\/2023\/05\/1007_gr.jpg","type":"image\/jpeg"}],"twitter_card":"summary_large_image","twitter_misc":{"Dur\u00e9e de lecture estim\u00e9e":"1 minute"},"schema":{"@context":"https:\/\/schema.org","@graph":[{"@type":"WebPage","@id":"https:\/\/shop.tombotto.ch\/fr\/shop\/tampon-en-bois-avec-texte-party\/","url":"https:\/\/shop.tombotto.ch\/fr\/shop\/tampon-en-bois-avec-texte-party\/","name":"Tampon en bois \"PARTY\" - Tombotto","isPartOf":{"@id":"https:\/\/shop.tombotto.ch\/fr\/#website"},"primaryImageOfPage":{"@id":"https:\/\/shop.tombotto.ch\/fr\/shop\/tampon-en-bois-avec-texte-party\/#primaryimage"},"image":{"@id":"https:\/\/shop.tombotto.ch\/fr\/shop\/tampon-en-bois-avec-texte-party\/#primaryimage"},"thumbnailUrl":"https:\/\/shop.tombotto.ch\/wp-content\/uploads\/2023\/05\/1007_gr.jpg","datePublished":"2023-05-23T15:11:30+00:00","dateModified":"2025-07-15T06:31:39+00:00","description":"Tampon en bois \u25b7 Texte PARTY \u2713 Tr\u00e8s robuste \u2713 Durable \u2713 Contr\u00f4le d'entr\u00e9e facile \u27a8 Tampon encreur \u00e9galement en vente ici \u25b7 shop.tombotto.ch","breadcrumb":{"@id":"https:\/\/shop.tombotto.ch\/fr\/shop\/tampon-en-bois-avec-texte-party\/#breadcrumb"},"inLanguage":"fr-FR","potentialAction":[{"@type":"ReadAction","target":["https:\/\/shop.tombotto.ch\/fr\/shop\/tampon-en-bois-avec-texte-party\/"]}]},{"@type":"ImageObject","inLanguage":"fr-FR","@id":"https:\/\/shop.tombotto.ch\/fr\/shop\/tampon-en-bois-avec-texte-party\/#primaryimage","url":"https:\/\/shop.tombotto.ch\/wp-content\/uploads\/2023\/05\/1007_gr.jpg","contentUrl":"https:\/\/shop.tombotto.ch\/wp-content\/uploads\/2023\/05\/1007_gr.jpg","width":800,"height":678},{"@type":"BreadcrumbList","@id":"https:\/\/shop.tombotto.ch\/fr\/shop\/tampon-en-bois-avec-texte-party\/#breadcrumb","itemListElement":[{"@type":"ListItem","position":1,"name":"Start","item":"https:\/\/shop.tombotto.ch\/fr\/"},{"@type":"ListItem","position":2,"name":"Shop","item":"https:\/\/shop.tombotto.ch\/fr\/shop\/"},{"@type":"ListItem","position":3,"name":"Tampon en bois \"PARTY\""}]},{"@type":"WebSite","@id":"https:\/\/shop.tombotto.ch\/fr\/#website","url":"https:\/\/shop.tombotto.ch\/fr\/","name":"Tombotto","description":"Fest-, Event- &amp; Promotionsartikel","publisher":{"@id":"https:\/\/shop.tombotto.ch\/fr\/#organization"},"potentialAction":[{"@type":"SearchAction","target":{"@type":"EntryPoint","urlTemplate":"https:\/\/shop.tombotto.ch\/fr\/?s={search_term_string}"},"query-input":{"@type":"PropertyValueSpecification","valueRequired":true,"valueName":"search_term_string"}}],"inLanguage":"fr-FR"},{"@type":"Organization","@id":"https:\/\/shop.tombotto.ch\/fr\/#organization","name":"Tombotto","url":"https:\/\/shop.tombotto.ch\/fr\/","logo":{"@type":"ImageObject","inLanguage":"fr-FR","@id":"https:\/\/shop.tombotto.ch\/fr\/#\/schema\/logo\/image\/","url":"https:\/\/shop.tombotto.ch\/wp-content\/uploads\/2023\/03\/logo.svg","contentUrl":"https:\/\/shop.tombotto.ch\/wp-content\/uploads\/2023\/03\/logo.svg","caption":"Tombotto"},"image":{"@id":"https:\/\/shop.tombotto.ch\/fr\/#\/schema\/logo\/image\/"}}]}},"tiered_pricing_type":"fixed","tiered_pricing_fixed_rules":[],"tiered_pricing_product_settings":{"layout":"default","base_unit_name":{"singular":null,"plural":null},"default_variation":null},"tiered_pricing_minimum_quantity":null,"tiered_pricing_roles_data":[],"tiered_pricing_percentage_rules":[],"tiered_pricing_maximum_quantity":null,"tiered_pricing_quantity_step":null,"_links":{"self":[{"href":"https:\/\/shop.tombotto.ch\/fr\/wp-json\/wp\/v2\/product\/37516","targetHints":{"allow":["GET"]}}],"collection":[{"href":"https:\/\/shop.tombotto.ch\/fr\/wp-json\/wp\/v2\/product"}],"about":[{"href":"https:\/\/shop.tombotto.ch\/fr\/wp-json\/wp\/v2\/types\/product"}],"wp:featuredmedia":[{"embeddable":true,"href":"https:\/\/shop.tombotto.ch\/fr\/wp-json\/wp\/v2\/media\/35001"}],"wp:attachment":[{"href":"https:\/\/shop.tombotto.ch\/fr\/wp-json\/wp\/v2\/media?parent=37516"}],"wp:term":[{"taxonomy":"product_brand","embeddable":true,"href":"https:\/\/shop.tombotto.ch\/fr\/wp-json\/wp\/v2\/product_brand?post=37516"},{"taxonomy":"product_cat","embeddable":true,"href":"https:\/\/shop.tombotto.ch\/fr\/wp-json\/wp\/v2\/product_cat?post=37516"},{"taxonomy":"product_tag","embeddable":true,"href":"https:\/\/shop.tombotto.ch\/fr\/wp-json\/wp\/v2\/product_tag?post=37516"}],"curies":[{"name":"wp","href":"https:\/\/api.w.org\/{rel}","templated":true}]}}