{"id":37543,"date":"2023-05-23T17:11:39","date_gmt":"2023-05-23T15:11:39","guid":{"rendered":"https:\/\/shop.tombotto.ch\/shop\/baton-magnetique-y-inclus-100-jetons\/"},"modified":"2025-11-13T14:55:23","modified_gmt":"2025-11-13T13:55:23","slug":"baton-magnetique-y-inclus-100-jetons","status":"publish","type":"product","link":"https:\/\/shop.tombotto.ch\/fr\/shop\/baton-magnetique-y-inclus-100-jetons\/","title":{"rendered":"B\u00e2ton magn\u00e9tique<br>y inclus 100 jetons 100 jetons"},"content":{"rendered":"<ul>\n<li class=\"ai-optimize-17\">Baguette magn\u00e9tique loterie<\/li>\n<li class=\"ai-optimize-18\">Pour recueillir les pions<\/li>\n<li class=\"ai-optimize-19\">Y inclus 100 pions <\/li>\n<li class=\"ai-optimize-20\">Tr\u00e8s stable<\/li>\n<\/ul>\n","protected":false},"excerpt":{"rendered":"<p>Baguette magn\u00e9tique<\/p>\n","protected":false},"featured_media":35082,"template":"","meta":{"_acf_changed":false,"inline_featured_image":false},"product_brand":[],"product_cat":[4613],"product_tag":[],"class_list":{"0":"post-37543","1":"product","2":"type-product","3":"status-publish","4":"has-post-thumbnail","6":"product_cat-accessoires-pour-joueurs","8":"first","9":"instock","10":"taxable","11":"shipping-taxable","12":"purchasable","13":"product-type-simple"},"exclude_global_add_ons":[],"addons":[],"acf":[],"yoast_head":"<!-- This site is optimized with the Yoast SEO Premium plugin v27.4 (Yoast SEO v27.4) - https:\/\/yoast.com\/product\/yoast-seo-premium-wordpress\/ -->\n<title>B\u00e2ton magn\u00e9tique<\/title>\n<meta name=\"description\" content=\"Baguette magn\u00e9tique Lotto \u25b7 Diff\u00e9rentes couleurs \u2713 100 plaquettes de recouvrement incluses \u2713 Un INCONTOURNABLE pour les passionn\u00e9s de loto \u27a8 En ligne \u271a Acheter \u00e0 prix avantageux chez \u27a8 tombotto gmbh\" \/>\n<meta name=\"robots\" content=\"index, follow, max-snippet:-1, max-image-preview:large, max-video-preview:-1\" \/>\n<link rel=\"canonical\" href=\"https:\/\/shop.tombotto.ch\/fr\/shop\/baton-magnetique-y-inclus-100-jetons\/\" \/>\n<meta property=\"og:locale\" content=\"fr_FR\" \/>\n<meta property=\"og:type\" content=\"article\" \/>\n<meta property=\"og:title\" content=\"B\u00e2ton magn\u00e9tiquey inclus 100 jetons 100 jetons\" \/>\n<meta property=\"og:description\" content=\"Baguette magn\u00e9tique Lotto \u25b7 Diff\u00e9rentes couleurs \u2713 100 plaquettes de recouvrement incluses \u2713 Un INCONTOURNABLE pour les passionn\u00e9s de loto \u27a8 En ligne \u271a Acheter \u00e0 prix avantageux chez \u27a8 tombotto gmbh\" \/>\n<meta property=\"og:url\" content=\"https:\/\/shop.tombotto.ch\/fr\/shop\/baton-magnetique-y-inclus-100-jetons\/\" \/>\n<meta property=\"og:site_name\" content=\"Tombotto\" \/>\n<meta property=\"article:modified_time\" content=\"2025-11-13T13:55:23+00:00\" \/>\n<meta property=\"og:image\" content=\"https:\/\/shop.tombotto.ch\/wp-content\/uploads\/2023\/05\/1106_gr.jpg\" \/>\n\t<meta property=\"og:image:width\" content=\"800\" \/>\n\t<meta property=\"og:image:height\" content=\"678\" \/>\n\t<meta property=\"og:image:type\" content=\"image\/jpeg\" \/>\n<meta name=\"twitter:card\" content=\"summary_large_image\" \/>\n<meta name=\"twitter:label1\" content=\"Dur\u00e9e de lecture estim\u00e9e\" \/>\n\t<meta name=\"twitter:data1\" content=\"1 minute\" \/>\n<script type=\"application\/ld+json\" class=\"yoast-schema-graph\">{\"@context\":\"https:\\\/\\\/schema.org\",\"@graph\":[{\"@type\":\"WebPage\",\"@id\":\"https:\\\/\\\/shop.tombotto.ch\\\/fr\\\/shop\\\/baton-magnetique-y-inclus-100-jetons\\\/\",\"url\":\"https:\\\/\\\/shop.tombotto.ch\\\/fr\\\/shop\\\/baton-magnetique-y-inclus-100-jetons\\\/\",\"name\":\"B\u00e2ton magn\u00e9tique\",\"isPartOf\":{\"@id\":\"https:\\\/\\\/shop.tombotto.ch\\\/fr\\\/#website\"},\"primaryImageOfPage\":{\"@id\":\"https:\\\/\\\/shop.tombotto.ch\\\/fr\\\/shop\\\/baton-magnetique-y-inclus-100-jetons\\\/#primaryimage\"},\"image\":{\"@id\":\"https:\\\/\\\/shop.tombotto.ch\\\/fr\\\/shop\\\/baton-magnetique-y-inclus-100-jetons\\\/#primaryimage\"},\"thumbnailUrl\":\"https:\\\/\\\/shop.tombotto.ch\\\/wp-content\\\/uploads\\\/2023\\\/05\\\/1106_gr.jpg\",\"datePublished\":\"2023-05-23T15:11:39+00:00\",\"dateModified\":\"2025-11-13T13:55:23+00:00\",\"description\":\"Baguette magn\u00e9tique Lotto \u25b7 Diff\u00e9rentes couleurs \u2713 100 plaquettes de recouvrement incluses \u2713 Un INCONTOURNABLE pour les passionn\u00e9s de loto \u27a8 En ligne \u271a Acheter \u00e0 prix avantageux chez \u27a8 tombotto gmbh\",\"breadcrumb\":{\"@id\":\"https:\\\/\\\/shop.tombotto.ch\\\/fr\\\/shop\\\/baton-magnetique-y-inclus-100-jetons\\\/#breadcrumb\"},\"inLanguage\":\"fr-FR\",\"potentialAction\":[{\"@type\":\"ReadAction\",\"target\":[\"https:\\\/\\\/shop.tombotto.ch\\\/fr\\\/shop\\\/baton-magnetique-y-inclus-100-jetons\\\/\"]}]},{\"@type\":\"ImageObject\",\"inLanguage\":\"fr-FR\",\"@id\":\"https:\\\/\\\/shop.tombotto.ch\\\/fr\\\/shop\\\/baton-magnetique-y-inclus-100-jetons\\\/#primaryimage\",\"url\":\"https:\\\/\\\/shop.tombotto.ch\\\/wp-content\\\/uploads\\\/2023\\\/05\\\/1106_gr.jpg\",\"contentUrl\":\"https:\\\/\\\/shop.tombotto.ch\\\/wp-content\\\/uploads\\\/2023\\\/05\\\/1106_gr.jpg\",\"width\":800,\"height\":678},{\"@type\":\"BreadcrumbList\",\"@id\":\"https:\\\/\\\/shop.tombotto.ch\\\/fr\\\/shop\\\/baton-magnetique-y-inclus-100-jetons\\\/#breadcrumb\",\"itemListElement\":[{\"@type\":\"ListItem\",\"position\":1,\"name\":\"Start\",\"item\":\"https:\\\/\\\/shop.tombotto.ch\\\/fr\\\/\"},{\"@type\":\"ListItem\",\"position\":2,\"name\":\"Shop\",\"item\":\"https:\\\/\\\/shop.tombotto.ch\\\/fr\\\/shop\\\/\"},{\"@type\":\"ListItem\",\"position\":3,\"name\":\"B\u00e2ton magn\u00e9tiquey inclus 100 jetons 100 jetons\"}]},{\"@type\":\"WebSite\",\"@id\":\"https:\\\/\\\/shop.tombotto.ch\\\/fr\\\/#website\",\"url\":\"https:\\\/\\\/shop.tombotto.ch\\\/fr\\\/\",\"name\":\"Tombotto\",\"description\":\"Fest-, Event- &amp; Promotionsartikel\",\"publisher\":{\"@id\":\"https:\\\/\\\/shop.tombotto.ch\\\/fr\\\/#organization\"},\"potentialAction\":[{\"@type\":\"SearchAction\",\"target\":{\"@type\":\"EntryPoint\",\"urlTemplate\":\"https:\\\/\\\/shop.tombotto.ch\\\/fr\\\/?s={search_term_string}\"},\"query-input\":{\"@type\":\"PropertyValueSpecification\",\"valueRequired\":true,\"valueName\":\"search_term_string\"}}],\"inLanguage\":\"fr-FR\"},{\"@type\":\"Organization\",\"@id\":\"https:\\\/\\\/shop.tombotto.ch\\\/fr\\\/#organization\",\"name\":\"Tombotto\",\"url\":\"https:\\\/\\\/shop.tombotto.ch\\\/fr\\\/\",\"logo\":{\"@type\":\"ImageObject\",\"inLanguage\":\"fr-FR\",\"@id\":\"https:\\\/\\\/shop.tombotto.ch\\\/fr\\\/#\\\/schema\\\/logo\\\/image\\\/\",\"url\":\"https:\\\/\\\/shop.tombotto.ch\\\/wp-content\\\/uploads\\\/2023\\\/03\\\/logo.svg\",\"contentUrl\":\"https:\\\/\\\/shop.tombotto.ch\\\/wp-content\\\/uploads\\\/2023\\\/03\\\/logo.svg\",\"caption\":\"Tombotto\"},\"image\":{\"@id\":\"https:\\\/\\\/shop.tombotto.ch\\\/fr\\\/#\\\/schema\\\/logo\\\/image\\\/\"}}]}<\/script>\n<!-- \/ Yoast SEO Premium plugin. -->","yoast_head_json":{"title":"B\u00e2ton magn\u00e9tique","description":"Baguette magn\u00e9tique Lotto \u25b7 Diff\u00e9rentes couleurs \u2713 100 plaquettes de recouvrement incluses \u2713 Un INCONTOURNABLE pour les passionn\u00e9s de loto \u27a8 En ligne \u271a Acheter \u00e0 prix avantageux chez \u27a8 tombotto gmbh","robots":{"index":"index","follow":"follow","max-snippet":"max-snippet:-1","max-image-preview":"max-image-preview:large","max-video-preview":"max-video-preview:-1"},"canonical":"https:\/\/shop.tombotto.ch\/fr\/shop\/baton-magnetique-y-inclus-100-jetons\/","og_locale":"fr_FR","og_type":"article","og_title":"B\u00e2ton magn\u00e9tiquey inclus 100 jetons 100 jetons","og_description":"Baguette magn\u00e9tique Lotto \u25b7 Diff\u00e9rentes couleurs \u2713 100 plaquettes de recouvrement incluses \u2713 Un INCONTOURNABLE pour les passionn\u00e9s de loto \u27a8 En ligne \u271a Acheter \u00e0 prix avantageux chez \u27a8 tombotto gmbh","og_url":"https:\/\/shop.tombotto.ch\/fr\/shop\/baton-magnetique-y-inclus-100-jetons\/","og_site_name":"Tombotto","article_modified_time":"2025-11-13T13:55:23+00:00","og_image":[{"width":800,"height":678,"url":"https:\/\/shop.tombotto.ch\/wp-content\/uploads\/2023\/05\/1106_gr.jpg","type":"image\/jpeg"}],"twitter_card":"summary_large_image","twitter_misc":{"Dur\u00e9e de lecture estim\u00e9e":"1 minute"},"schema":{"@context":"https:\/\/schema.org","@graph":[{"@type":"WebPage","@id":"https:\/\/shop.tombotto.ch\/fr\/shop\/baton-magnetique-y-inclus-100-jetons\/","url":"https:\/\/shop.tombotto.ch\/fr\/shop\/baton-magnetique-y-inclus-100-jetons\/","name":"B\u00e2ton magn\u00e9tique","isPartOf":{"@id":"https:\/\/shop.tombotto.ch\/fr\/#website"},"primaryImageOfPage":{"@id":"https:\/\/shop.tombotto.ch\/fr\/shop\/baton-magnetique-y-inclus-100-jetons\/#primaryimage"},"image":{"@id":"https:\/\/shop.tombotto.ch\/fr\/shop\/baton-magnetique-y-inclus-100-jetons\/#primaryimage"},"thumbnailUrl":"https:\/\/shop.tombotto.ch\/wp-content\/uploads\/2023\/05\/1106_gr.jpg","datePublished":"2023-05-23T15:11:39+00:00","dateModified":"2025-11-13T13:55:23+00:00","description":"Baguette magn\u00e9tique Lotto \u25b7 Diff\u00e9rentes couleurs \u2713 100 plaquettes de recouvrement incluses \u2713 Un INCONTOURNABLE pour les passionn\u00e9s de loto \u27a8 En ligne \u271a Acheter \u00e0 prix avantageux chez \u27a8 tombotto gmbh","breadcrumb":{"@id":"https:\/\/shop.tombotto.ch\/fr\/shop\/baton-magnetique-y-inclus-100-jetons\/#breadcrumb"},"inLanguage":"fr-FR","potentialAction":[{"@type":"ReadAction","target":["https:\/\/shop.tombotto.ch\/fr\/shop\/baton-magnetique-y-inclus-100-jetons\/"]}]},{"@type":"ImageObject","inLanguage":"fr-FR","@id":"https:\/\/shop.tombotto.ch\/fr\/shop\/baton-magnetique-y-inclus-100-jetons\/#primaryimage","url":"https:\/\/shop.tombotto.ch\/wp-content\/uploads\/2023\/05\/1106_gr.jpg","contentUrl":"https:\/\/shop.tombotto.ch\/wp-content\/uploads\/2023\/05\/1106_gr.jpg","width":800,"height":678},{"@type":"BreadcrumbList","@id":"https:\/\/shop.tombotto.ch\/fr\/shop\/baton-magnetique-y-inclus-100-jetons\/#breadcrumb","itemListElement":[{"@type":"ListItem","position":1,"name":"Start","item":"https:\/\/shop.tombotto.ch\/fr\/"},{"@type":"ListItem","position":2,"name":"Shop","item":"https:\/\/shop.tombotto.ch\/fr\/shop\/"},{"@type":"ListItem","position":3,"name":"B\u00e2ton magn\u00e9tiquey inclus 100 jetons 100 jetons"}]},{"@type":"WebSite","@id":"https:\/\/shop.tombotto.ch\/fr\/#website","url":"https:\/\/shop.tombotto.ch\/fr\/","name":"Tombotto","description":"Fest-, Event- &amp; Promotionsartikel","publisher":{"@id":"https:\/\/shop.tombotto.ch\/fr\/#organization"},"potentialAction":[{"@type":"SearchAction","target":{"@type":"EntryPoint","urlTemplate":"https:\/\/shop.tombotto.ch\/fr\/?s={search_term_string}"},"query-input":{"@type":"PropertyValueSpecification","valueRequired":true,"valueName":"search_term_string"}}],"inLanguage":"fr-FR"},{"@type":"Organization","@id":"https:\/\/shop.tombotto.ch\/fr\/#organization","name":"Tombotto","url":"https:\/\/shop.tombotto.ch\/fr\/","logo":{"@type":"ImageObject","inLanguage":"fr-FR","@id":"https:\/\/shop.tombotto.ch\/fr\/#\/schema\/logo\/image\/","url":"https:\/\/shop.tombotto.ch\/wp-content\/uploads\/2023\/03\/logo.svg","contentUrl":"https:\/\/shop.tombotto.ch\/wp-content\/uploads\/2023\/03\/logo.svg","caption":"Tombotto"},"image":{"@id":"https:\/\/shop.tombotto.ch\/fr\/#\/schema\/logo\/image\/"}}]}},"tiered_pricing_type":"fixed","tiered_pricing_fixed_rules":[],"tiered_pricing_product_settings":{"layout":"default","base_unit_name":{"singular":null,"plural":null},"default_variation":null},"tiered_pricing_minimum_quantity":null,"tiered_pricing_roles_data":[],"tiered_pricing_percentage_rules":[],"tiered_pricing_maximum_quantity":null,"tiered_pricing_quantity_step":null,"_links":{"self":[{"href":"https:\/\/shop.tombotto.ch\/fr\/wp-json\/wp\/v2\/product\/37543","targetHints":{"allow":["GET"]}}],"collection":[{"href":"https:\/\/shop.tombotto.ch\/fr\/wp-json\/wp\/v2\/product"}],"about":[{"href":"https:\/\/shop.tombotto.ch\/fr\/wp-json\/wp\/v2\/types\/product"}],"wp:featuredmedia":[{"embeddable":true,"href":"https:\/\/shop.tombotto.ch\/fr\/wp-json\/wp\/v2\/media\/35082"}],"wp:attachment":[{"href":"https:\/\/shop.tombotto.ch\/fr\/wp-json\/wp\/v2\/media?parent=37543"}],"wp:term":[{"taxonomy":"product_brand","embeddable":true,"href":"https:\/\/shop.tombotto.ch\/fr\/wp-json\/wp\/v2\/product_brand?post=37543"},{"taxonomy":"product_cat","embeddable":true,"href":"https:\/\/shop.tombotto.ch\/fr\/wp-json\/wp\/v2\/product_cat?post=37543"},{"taxonomy":"product_tag","embeddable":true,"href":"https:\/\/shop.tombotto.ch\/fr\/wp-json\/wp\/v2\/product_tag?post=37543"}],"curies":[{"name":"wp","href":"https:\/\/api.w.org\/{rel}","templated":true}]}}