{"id":37573,"date":"2023-05-23T17:11:57","date_gmt":"2023-05-23T15:11:57","guid":{"rendered":"https:\/\/shop.tombotto.ch\/shop\/hiti-ruban-monochrome-metallic-argent\/"},"modified":"2025-05-19T08:10:47","modified_gmt":"2025-05-19T06:10:47","slug":"hiti-ruban-monochrome-metallic-argent","status":"publish","type":"product","link":"https:\/\/shop.tombotto.ch\/fr\/shop\/hiti-ruban-monochrome-metallic-argent\/","title":{"rendered":"Hiti ruban monochrome metallic argent"},"content":{"rendered":"<ul>\n<li>Ruban metallic argent pour imprimante Hiti<\/li>\n<li>Rubans monochromes sont utilis\u00e9es pour la personnalisation des cartes en plastique<\/li>\n<li>Vous ne pouvez pas colorer une carte enti\u00e8re avec les rubans monochromes!<\/li>\n<li>Un ruban suffit pour 1&rsquo;000 cartes<\/li>\n<li>Le ruban est conforme \u00e0 l&rsquo;imprimante \u00e0 cartes Hiti CS200<\/li>\n<\/ul>\n","protected":false},"excerpt":{"rendered":"<p>Ruban metallic argent pour imprimante Hiti Rubans monochromes sont utilis\u00e9es pour la personnalisation des cartes en plastique Vous ne pouvez pas colorer une carte enti\u00e8re avec les rubans monochromes! Un ruban suffit pour 1&rsquo;000 cartes Le ruban est conforme \u00e0 l&rsquo;imprimante \u00e0 cartes Hiti CS200<\/p>\n","protected":false},"featured_media":35172,"template":"","meta":{"_acf_changed":false,"inline_featured_image":false},"product_brand":[],"product_cat":[4799],"product_tag":[],"class_list":{"0":"post-37573","1":"product","2":"type-product","3":"status-publish","4":"has-post-thumbnail","6":"product_cat-hiti-fr","8":"first","9":"instock","10":"taxable","11":"shipping-taxable","12":"purchasable","13":"product-type-simple"},"exclude_global_add_ons":[],"addons":[],"acf":[],"yoast_head":"<!-- This site is optimized with the Yoast SEO Premium plugin v27.4 (Yoast SEO v27.4) - https:\/\/yoast.com\/product\/yoast-seo-premium-wordpress\/ -->\n<title>Hiti ruban monochrome metallic argent - Tombotto<\/title>\n<meta name=\"description\" content=\"Ruban metallic argent pour imprimante \u00e0 cartes Hiti \u279c pour impression de 1&#039;000 cartes \u2714\ufe0f Le ruban est conforme \u00e0 l&#039;imprimante \u00e0 cartes Hiti CS200 \u2714\ufe0f\" \/>\n<meta name=\"robots\" content=\"index, follow, max-snippet:-1, max-image-preview:large, max-video-preview:-1\" \/>\n<link rel=\"canonical\" href=\"https:\/\/shop.tombotto.ch\/fr\/shop\/hiti-ruban-monochrome-metallic-argent\/\" \/>\n<meta property=\"og:locale\" content=\"fr_FR\" \/>\n<meta property=\"og:type\" content=\"article\" \/>\n<meta property=\"og:title\" content=\"Hiti ruban monochrome metallic argent\" \/>\n<meta property=\"og:description\" content=\"Ruban metallic argent pour imprimante \u00e0 cartes Hiti \u279c pour impression de 1&#039;000 cartes \u2714\ufe0f Le ruban est conforme \u00e0 l&#039;imprimante \u00e0 cartes Hiti CS200 \u2714\ufe0f\" \/>\n<meta property=\"og:url\" content=\"https:\/\/shop.tombotto.ch\/fr\/shop\/hiti-ruban-monochrome-metallic-argent\/\" \/>\n<meta property=\"og:site_name\" content=\"Tombotto\" \/>\n<meta property=\"article:modified_time\" content=\"2025-05-19T06:10:47+00:00\" \/>\n<meta property=\"og:image\" content=\"https:\/\/shop.tombotto.ch\/wp-content\/uploads\/2023\/05\/1231_gr.jpg\" \/>\n\t<meta property=\"og:image:width\" content=\"800\" \/>\n\t<meta property=\"og:image:height\" content=\"678\" \/>\n\t<meta property=\"og:image:type\" content=\"image\/jpeg\" \/>\n<meta name=\"twitter:card\" content=\"summary_large_image\" \/>\n<meta name=\"twitter:label1\" content=\"Dur\u00e9e de lecture estim\u00e9e\" \/>\n\t<meta name=\"twitter:data1\" content=\"1 minute\" \/>\n<script type=\"application\/ld+json\" class=\"yoast-schema-graph\">{\"@context\":\"https:\\\/\\\/schema.org\",\"@graph\":[{\"@type\":\"WebPage\",\"@id\":\"https:\\\/\\\/shop.tombotto.ch\\\/fr\\\/shop\\\/hiti-ruban-monochrome-metallic-argent\\\/\",\"url\":\"https:\\\/\\\/shop.tombotto.ch\\\/fr\\\/shop\\\/hiti-ruban-monochrome-metallic-argent\\\/\",\"name\":\"Hiti ruban monochrome metallic argent - Tombotto\",\"isPartOf\":{\"@id\":\"https:\\\/\\\/shop.tombotto.ch\\\/fr\\\/#website\"},\"primaryImageOfPage\":{\"@id\":\"https:\\\/\\\/shop.tombotto.ch\\\/fr\\\/shop\\\/hiti-ruban-monochrome-metallic-argent\\\/#primaryimage\"},\"image\":{\"@id\":\"https:\\\/\\\/shop.tombotto.ch\\\/fr\\\/shop\\\/hiti-ruban-monochrome-metallic-argent\\\/#primaryimage\"},\"thumbnailUrl\":\"https:\\\/\\\/shop.tombotto.ch\\\/wp-content\\\/uploads\\\/2023\\\/05\\\/1231_gr.jpg\",\"datePublished\":\"2023-05-23T15:11:57+00:00\",\"dateModified\":\"2025-05-19T06:10:47+00:00\",\"description\":\"Ruban metallic argent pour imprimante \u00e0 cartes Hiti \u279c pour impression de 1'000 cartes \u2714\ufe0f Le ruban est conforme \u00e0 l'imprimante \u00e0 cartes Hiti CS200 \u2714\ufe0f\",\"breadcrumb\":{\"@id\":\"https:\\\/\\\/shop.tombotto.ch\\\/fr\\\/shop\\\/hiti-ruban-monochrome-metallic-argent\\\/#breadcrumb\"},\"inLanguage\":\"fr-FR\",\"potentialAction\":[{\"@type\":\"ReadAction\",\"target\":[\"https:\\\/\\\/shop.tombotto.ch\\\/fr\\\/shop\\\/hiti-ruban-monochrome-metallic-argent\\\/\"]}]},{\"@type\":\"ImageObject\",\"inLanguage\":\"fr-FR\",\"@id\":\"https:\\\/\\\/shop.tombotto.ch\\\/fr\\\/shop\\\/hiti-ruban-monochrome-metallic-argent\\\/#primaryimage\",\"url\":\"https:\\\/\\\/shop.tombotto.ch\\\/wp-content\\\/uploads\\\/2023\\\/05\\\/1231_gr.jpg\",\"contentUrl\":\"https:\\\/\\\/shop.tombotto.ch\\\/wp-content\\\/uploads\\\/2023\\\/05\\\/1231_gr.jpg\",\"width\":800,\"height\":678},{\"@type\":\"BreadcrumbList\",\"@id\":\"https:\\\/\\\/shop.tombotto.ch\\\/fr\\\/shop\\\/hiti-ruban-monochrome-metallic-argent\\\/#breadcrumb\",\"itemListElement\":[{\"@type\":\"ListItem\",\"position\":1,\"name\":\"Start\",\"item\":\"https:\\\/\\\/shop.tombotto.ch\\\/fr\\\/\"},{\"@type\":\"ListItem\",\"position\":2,\"name\":\"Shop\",\"item\":\"https:\\\/\\\/shop.tombotto.ch\\\/fr\\\/shop\\\/\"},{\"@type\":\"ListItem\",\"position\":3,\"name\":\"Hiti ruban monochrome metallic argent\"}]},{\"@type\":\"WebSite\",\"@id\":\"https:\\\/\\\/shop.tombotto.ch\\\/fr\\\/#website\",\"url\":\"https:\\\/\\\/shop.tombotto.ch\\\/fr\\\/\",\"name\":\"Tombotto\",\"description\":\"Fest-, Event- &amp; Promotionsartikel\",\"publisher\":{\"@id\":\"https:\\\/\\\/shop.tombotto.ch\\\/fr\\\/#organization\"},\"potentialAction\":[{\"@type\":\"SearchAction\",\"target\":{\"@type\":\"EntryPoint\",\"urlTemplate\":\"https:\\\/\\\/shop.tombotto.ch\\\/fr\\\/?s={search_term_string}\"},\"query-input\":{\"@type\":\"PropertyValueSpecification\",\"valueRequired\":true,\"valueName\":\"search_term_string\"}}],\"inLanguage\":\"fr-FR\"},{\"@type\":\"Organization\",\"@id\":\"https:\\\/\\\/shop.tombotto.ch\\\/fr\\\/#organization\",\"name\":\"Tombotto\",\"url\":\"https:\\\/\\\/shop.tombotto.ch\\\/fr\\\/\",\"logo\":{\"@type\":\"ImageObject\",\"inLanguage\":\"fr-FR\",\"@id\":\"https:\\\/\\\/shop.tombotto.ch\\\/fr\\\/#\\\/schema\\\/logo\\\/image\\\/\",\"url\":\"https:\\\/\\\/shop.tombotto.ch\\\/wp-content\\\/uploads\\\/2023\\\/03\\\/logo.svg\",\"contentUrl\":\"https:\\\/\\\/shop.tombotto.ch\\\/wp-content\\\/uploads\\\/2023\\\/03\\\/logo.svg\",\"caption\":\"Tombotto\"},\"image\":{\"@id\":\"https:\\\/\\\/shop.tombotto.ch\\\/fr\\\/#\\\/schema\\\/logo\\\/image\\\/\"}}]}<\/script>\n<!-- \/ Yoast SEO Premium plugin. -->","yoast_head_json":{"title":"Hiti ruban monochrome metallic argent - Tombotto","description":"Ruban metallic argent pour imprimante \u00e0 cartes Hiti \u279c pour impression de 1'000 cartes \u2714\ufe0f Le ruban est conforme \u00e0 l'imprimante \u00e0 cartes Hiti CS200 \u2714\ufe0f","robots":{"index":"index","follow":"follow","max-snippet":"max-snippet:-1","max-image-preview":"max-image-preview:large","max-video-preview":"max-video-preview:-1"},"canonical":"https:\/\/shop.tombotto.ch\/fr\/shop\/hiti-ruban-monochrome-metallic-argent\/","og_locale":"fr_FR","og_type":"article","og_title":"Hiti ruban monochrome metallic argent","og_description":"Ruban metallic argent pour imprimante \u00e0 cartes Hiti \u279c pour impression de 1'000 cartes \u2714\ufe0f Le ruban est conforme \u00e0 l'imprimante \u00e0 cartes Hiti CS200 \u2714\ufe0f","og_url":"https:\/\/shop.tombotto.ch\/fr\/shop\/hiti-ruban-monochrome-metallic-argent\/","og_site_name":"Tombotto","article_modified_time":"2025-05-19T06:10:47+00:00","og_image":[{"width":800,"height":678,"url":"https:\/\/shop.tombotto.ch\/wp-content\/uploads\/2023\/05\/1231_gr.jpg","type":"image\/jpeg"}],"twitter_card":"summary_large_image","twitter_misc":{"Dur\u00e9e de lecture estim\u00e9e":"1 minute"},"schema":{"@context":"https:\/\/schema.org","@graph":[{"@type":"WebPage","@id":"https:\/\/shop.tombotto.ch\/fr\/shop\/hiti-ruban-monochrome-metallic-argent\/","url":"https:\/\/shop.tombotto.ch\/fr\/shop\/hiti-ruban-monochrome-metallic-argent\/","name":"Hiti ruban monochrome metallic argent - Tombotto","isPartOf":{"@id":"https:\/\/shop.tombotto.ch\/fr\/#website"},"primaryImageOfPage":{"@id":"https:\/\/shop.tombotto.ch\/fr\/shop\/hiti-ruban-monochrome-metallic-argent\/#primaryimage"},"image":{"@id":"https:\/\/shop.tombotto.ch\/fr\/shop\/hiti-ruban-monochrome-metallic-argent\/#primaryimage"},"thumbnailUrl":"https:\/\/shop.tombotto.ch\/wp-content\/uploads\/2023\/05\/1231_gr.jpg","datePublished":"2023-05-23T15:11:57+00:00","dateModified":"2025-05-19T06:10:47+00:00","description":"Ruban metallic argent pour imprimante \u00e0 cartes Hiti \u279c pour impression de 1'000 cartes \u2714\ufe0f Le ruban est conforme \u00e0 l'imprimante \u00e0 cartes Hiti CS200 \u2714\ufe0f","breadcrumb":{"@id":"https:\/\/shop.tombotto.ch\/fr\/shop\/hiti-ruban-monochrome-metallic-argent\/#breadcrumb"},"inLanguage":"fr-FR","potentialAction":[{"@type":"ReadAction","target":["https:\/\/shop.tombotto.ch\/fr\/shop\/hiti-ruban-monochrome-metallic-argent\/"]}]},{"@type":"ImageObject","inLanguage":"fr-FR","@id":"https:\/\/shop.tombotto.ch\/fr\/shop\/hiti-ruban-monochrome-metallic-argent\/#primaryimage","url":"https:\/\/shop.tombotto.ch\/wp-content\/uploads\/2023\/05\/1231_gr.jpg","contentUrl":"https:\/\/shop.tombotto.ch\/wp-content\/uploads\/2023\/05\/1231_gr.jpg","width":800,"height":678},{"@type":"BreadcrumbList","@id":"https:\/\/shop.tombotto.ch\/fr\/shop\/hiti-ruban-monochrome-metallic-argent\/#breadcrumb","itemListElement":[{"@type":"ListItem","position":1,"name":"Start","item":"https:\/\/shop.tombotto.ch\/fr\/"},{"@type":"ListItem","position":2,"name":"Shop","item":"https:\/\/shop.tombotto.ch\/fr\/shop\/"},{"@type":"ListItem","position":3,"name":"Hiti ruban monochrome metallic argent"}]},{"@type":"WebSite","@id":"https:\/\/shop.tombotto.ch\/fr\/#website","url":"https:\/\/shop.tombotto.ch\/fr\/","name":"Tombotto","description":"Fest-, Event- &amp; Promotionsartikel","publisher":{"@id":"https:\/\/shop.tombotto.ch\/fr\/#organization"},"potentialAction":[{"@type":"SearchAction","target":{"@type":"EntryPoint","urlTemplate":"https:\/\/shop.tombotto.ch\/fr\/?s={search_term_string}"},"query-input":{"@type":"PropertyValueSpecification","valueRequired":true,"valueName":"search_term_string"}}],"inLanguage":"fr-FR"},{"@type":"Organization","@id":"https:\/\/shop.tombotto.ch\/fr\/#organization","name":"Tombotto","url":"https:\/\/shop.tombotto.ch\/fr\/","logo":{"@type":"ImageObject","inLanguage":"fr-FR","@id":"https:\/\/shop.tombotto.ch\/fr\/#\/schema\/logo\/image\/","url":"https:\/\/shop.tombotto.ch\/wp-content\/uploads\/2023\/03\/logo.svg","contentUrl":"https:\/\/shop.tombotto.ch\/wp-content\/uploads\/2023\/03\/logo.svg","caption":"Tombotto"},"image":{"@id":"https:\/\/shop.tombotto.ch\/fr\/#\/schema\/logo\/image\/"}}]}},"tiered_pricing_type":"fixed","tiered_pricing_fixed_rules":[],"tiered_pricing_product_settings":{"layout":"default","base_unit_name":{"singular":null,"plural":null},"default_variation":null},"tiered_pricing_minimum_quantity":null,"tiered_pricing_roles_data":[],"tiered_pricing_percentage_rules":[],"tiered_pricing_maximum_quantity":null,"tiered_pricing_quantity_step":null,"_links":{"self":[{"href":"https:\/\/shop.tombotto.ch\/fr\/wp-json\/wp\/v2\/product\/37573","targetHints":{"allow":["GET"]}}],"collection":[{"href":"https:\/\/shop.tombotto.ch\/fr\/wp-json\/wp\/v2\/product"}],"about":[{"href":"https:\/\/shop.tombotto.ch\/fr\/wp-json\/wp\/v2\/types\/product"}],"wp:featuredmedia":[{"embeddable":true,"href":"https:\/\/shop.tombotto.ch\/fr\/wp-json\/wp\/v2\/media\/35172"}],"wp:attachment":[{"href":"https:\/\/shop.tombotto.ch\/fr\/wp-json\/wp\/v2\/media?parent=37573"}],"wp:term":[{"taxonomy":"product_brand","embeddable":true,"href":"https:\/\/shop.tombotto.ch\/fr\/wp-json\/wp\/v2\/product_brand?post=37573"},{"taxonomy":"product_cat","embeddable":true,"href":"https:\/\/shop.tombotto.ch\/fr\/wp-json\/wp\/v2\/product_cat?post=37573"},{"taxonomy":"product_tag","embeddable":true,"href":"https:\/\/shop.tombotto.ch\/fr\/wp-json\/wp\/v2\/product_tag?post=37573"}],"curies":[{"name":"wp","href":"https:\/\/api.w.org\/{rel}","templated":true}]}}