{"id":37601,"date":"2023-05-23T17:12:07","date_gmt":"2023-05-23T15:12:07","guid":{"rendered":"https:\/\/shop.tombotto.ch\/shop\/confetti-en-papier-55-x-17-mm-rose\/"},"modified":"2025-04-23T14:36:48","modified_gmt":"2025-04-23T12:36:48","slug":"confetti-en-papier-55-x-17-mm-rose","status":"publish","type":"product","link":"https:\/\/shop.tombotto.ch\/fr\/shop\/confetti-en-papier-55-x-17-mm-rose\/","title":{"rendered":"Confetti en papier 55 x 17 mm <br>rose"},"content":{"rendered":"<ul>\n<li>Sachet de 1 kg<\/li>\n<li>Confetti en papier 55 x 17 mm<\/li>\n<li>Ignifug\u00e9s<\/li>\n<li>Rose<\/li>\n<\/ul>\n<p>Confettis \u00ab\u00a0slowfall\u00a0\u00bb, comme \u00e0 la TV.<br \/>\nLes confettis tombent, tournant lentement, sur le sol.<\/p>\n<p>Confettis en papier MAGIC FX ignifuge (B1) de haute qualit\u00e9 pour un usage professionnel.<br \/>\nLes produits sont certifi\u00e9s OK biod\u00e9gradables T\u00dcV Austria.<\/p>\n<p><img decoding=\"async\" class=\"alignnone size-full wp-image-42630\" src=\"https:\/\/shop.tombotto.ch\/wp-content\/uploads\/2023\/05\/Label_Bio.jpg\" alt=\"\" width=\"229\" height=\"82\" \/><\/p>\n","protected":false},"excerpt":{"rendered":"<p>Sachet de 1kg<\/p>\n","protected":false},"featured_media":35256,"template":"","meta":{"_acf_changed":false,"inline_featured_image":false},"product_brand":[],"product_cat":[4644],"product_tag":[],"class_list":{"0":"post-37601","1":"product","2":"type-product","3":"status-publish","4":"has-post-thumbnail","6":"product_cat-55-x-17-mm-confetti-en-papier","8":"first","9":"instock","10":"taxable","11":"shipping-taxable","12":"purchasable","13":"product-type-simple"},"exclude_global_add_ons":[],"addons":[],"acf":[],"yoast_head":"<!-- This site is optimized with the Yoast SEO Premium plugin v27.4 (Yoast SEO v27.4) - https:\/\/yoast.com\/product\/yoast-seo-premium-wordpress\/ -->\n<title>Confetti en papier 55 x 17 mm rose \u2022 biod\u00e9gradable \ud83c\udf31\ud83c\udf89<\/title>\n<meta name=\"description\" content=\"Confetti rose - confetti en papier ignifug\u00e9 de haute qualit\u00e9 pour une utilisation professionnelle \u2714\ufe0e biod\u00e9gradable \ud83c\udf31 effet slow fall comme \u00e0 la TV \u2714\ufe0e\" \/>\n<meta name=\"robots\" content=\"index, follow, max-snippet:-1, max-image-preview:large, max-video-preview:-1\" \/>\n<link rel=\"canonical\" href=\"https:\/\/shop.tombotto.ch\/fr\/shop\/confetti-en-papier-55-x-17-mm-rose\/\" \/>\n<meta property=\"og:locale\" content=\"fr_FR\" \/>\n<meta property=\"og:type\" content=\"article\" \/>\n<meta property=\"og:title\" content=\"Confetti en papier 55 x 17 mm rose\" \/>\n<meta property=\"og:description\" content=\"Confetti rose - confetti en papier ignifug\u00e9 de haute qualit\u00e9 pour une utilisation professionnelle \u2714\ufe0e biod\u00e9gradable \ud83c\udf31 effet slow fall comme \u00e0 la TV \u2714\ufe0e\" \/>\n<meta property=\"og:url\" content=\"https:\/\/shop.tombotto.ch\/fr\/shop\/confetti-en-papier-55-x-17-mm-rose\/\" \/>\n<meta property=\"og:site_name\" content=\"Tombotto\" \/>\n<meta property=\"article:modified_time\" content=\"2025-04-23T12:36:48+00:00\" \/>\n<meta property=\"og:image\" content=\"https:\/\/shop.tombotto.ch\/wp-content\/uploads\/2023\/05\/1309_gr.jpg\" \/>\n\t<meta property=\"og:image:width\" content=\"800\" \/>\n\t<meta property=\"og:image:height\" content=\"678\" \/>\n\t<meta property=\"og:image:type\" content=\"image\/jpeg\" \/>\n<meta name=\"twitter:card\" content=\"summary_large_image\" \/>\n<meta name=\"twitter:label1\" content=\"Dur\u00e9e de lecture estim\u00e9e\" \/>\n\t<meta name=\"twitter:data1\" content=\"1 minute\" \/>\n<script type=\"application\/ld+json\" class=\"yoast-schema-graph\">{\"@context\":\"https:\\\/\\\/schema.org\",\"@graph\":[{\"@type\":\"WebPage\",\"@id\":\"https:\\\/\\\/shop.tombotto.ch\\\/fr\\\/shop\\\/confetti-en-papier-55-x-17-mm-rose\\\/\",\"url\":\"https:\\\/\\\/shop.tombotto.ch\\\/fr\\\/shop\\\/confetti-en-papier-55-x-17-mm-rose\\\/\",\"name\":\"Confetti en papier 55 x 17 mm rose \u2022 biod\u00e9gradable \ud83c\udf31\ud83c\udf89\",\"isPartOf\":{\"@id\":\"https:\\\/\\\/shop.tombotto.ch\\\/fr\\\/#website\"},\"primaryImageOfPage\":{\"@id\":\"https:\\\/\\\/shop.tombotto.ch\\\/fr\\\/shop\\\/confetti-en-papier-55-x-17-mm-rose\\\/#primaryimage\"},\"image\":{\"@id\":\"https:\\\/\\\/shop.tombotto.ch\\\/fr\\\/shop\\\/confetti-en-papier-55-x-17-mm-rose\\\/#primaryimage\"},\"thumbnailUrl\":\"https:\\\/\\\/shop.tombotto.ch\\\/wp-content\\\/uploads\\\/2023\\\/05\\\/1309_gr.jpg\",\"datePublished\":\"2023-05-23T15:12:07+00:00\",\"dateModified\":\"2025-04-23T12:36:48+00:00\",\"description\":\"Confetti rose - confetti en papier ignifug\u00e9 de haute qualit\u00e9 pour une utilisation professionnelle \u2714\ufe0e biod\u00e9gradable \ud83c\udf31 effet slow fall comme \u00e0 la TV \u2714\ufe0e\",\"breadcrumb\":{\"@id\":\"https:\\\/\\\/shop.tombotto.ch\\\/fr\\\/shop\\\/confetti-en-papier-55-x-17-mm-rose\\\/#breadcrumb\"},\"inLanguage\":\"fr-FR\",\"potentialAction\":[{\"@type\":\"ReadAction\",\"target\":[\"https:\\\/\\\/shop.tombotto.ch\\\/fr\\\/shop\\\/confetti-en-papier-55-x-17-mm-rose\\\/\"]}]},{\"@type\":\"ImageObject\",\"inLanguage\":\"fr-FR\",\"@id\":\"https:\\\/\\\/shop.tombotto.ch\\\/fr\\\/shop\\\/confetti-en-papier-55-x-17-mm-rose\\\/#primaryimage\",\"url\":\"https:\\\/\\\/shop.tombotto.ch\\\/wp-content\\\/uploads\\\/2023\\\/05\\\/1309_gr.jpg\",\"contentUrl\":\"https:\\\/\\\/shop.tombotto.ch\\\/wp-content\\\/uploads\\\/2023\\\/05\\\/1309_gr.jpg\",\"width\":800,\"height\":678},{\"@type\":\"BreadcrumbList\",\"@id\":\"https:\\\/\\\/shop.tombotto.ch\\\/fr\\\/shop\\\/confetti-en-papier-55-x-17-mm-rose\\\/#breadcrumb\",\"itemListElement\":[{\"@type\":\"ListItem\",\"position\":1,\"name\":\"Start\",\"item\":\"https:\\\/\\\/shop.tombotto.ch\\\/fr\\\/\"},{\"@type\":\"ListItem\",\"position\":2,\"name\":\"Shop\",\"item\":\"https:\\\/\\\/shop.tombotto.ch\\\/fr\\\/shop\\\/\"},{\"@type\":\"ListItem\",\"position\":3,\"name\":\"Confetti en papier 55 x 17 mm rose\"}]},{\"@type\":\"WebSite\",\"@id\":\"https:\\\/\\\/shop.tombotto.ch\\\/fr\\\/#website\",\"url\":\"https:\\\/\\\/shop.tombotto.ch\\\/fr\\\/\",\"name\":\"Tombotto\",\"description\":\"Fest-, Event- &amp; Promotionsartikel\",\"publisher\":{\"@id\":\"https:\\\/\\\/shop.tombotto.ch\\\/fr\\\/#organization\"},\"potentialAction\":[{\"@type\":\"SearchAction\",\"target\":{\"@type\":\"EntryPoint\",\"urlTemplate\":\"https:\\\/\\\/shop.tombotto.ch\\\/fr\\\/?s={search_term_string}\"},\"query-input\":{\"@type\":\"PropertyValueSpecification\",\"valueRequired\":true,\"valueName\":\"search_term_string\"}}],\"inLanguage\":\"fr-FR\"},{\"@type\":\"Organization\",\"@id\":\"https:\\\/\\\/shop.tombotto.ch\\\/fr\\\/#organization\",\"name\":\"Tombotto\",\"url\":\"https:\\\/\\\/shop.tombotto.ch\\\/fr\\\/\",\"logo\":{\"@type\":\"ImageObject\",\"inLanguage\":\"fr-FR\",\"@id\":\"https:\\\/\\\/shop.tombotto.ch\\\/fr\\\/#\\\/schema\\\/logo\\\/image\\\/\",\"url\":\"https:\\\/\\\/shop.tombotto.ch\\\/wp-content\\\/uploads\\\/2023\\\/03\\\/logo.svg\",\"contentUrl\":\"https:\\\/\\\/shop.tombotto.ch\\\/wp-content\\\/uploads\\\/2023\\\/03\\\/logo.svg\",\"caption\":\"Tombotto\"},\"image\":{\"@id\":\"https:\\\/\\\/shop.tombotto.ch\\\/fr\\\/#\\\/schema\\\/logo\\\/image\\\/\"}}]}<\/script>\n<!-- \/ Yoast SEO Premium plugin. -->","yoast_head_json":{"title":"Confetti en papier 55 x 17 mm rose \u2022 biod\u00e9gradable \ud83c\udf31\ud83c\udf89","description":"Confetti rose - confetti en papier ignifug\u00e9 de haute qualit\u00e9 pour une utilisation professionnelle \u2714\ufe0e biod\u00e9gradable \ud83c\udf31 effet slow fall comme \u00e0 la TV \u2714\ufe0e","robots":{"index":"index","follow":"follow","max-snippet":"max-snippet:-1","max-image-preview":"max-image-preview:large","max-video-preview":"max-video-preview:-1"},"canonical":"https:\/\/shop.tombotto.ch\/fr\/shop\/confetti-en-papier-55-x-17-mm-rose\/","og_locale":"fr_FR","og_type":"article","og_title":"Confetti en papier 55 x 17 mm rose","og_description":"Confetti rose - confetti en papier ignifug\u00e9 de haute qualit\u00e9 pour une utilisation professionnelle \u2714\ufe0e biod\u00e9gradable \ud83c\udf31 effet slow fall comme \u00e0 la TV \u2714\ufe0e","og_url":"https:\/\/shop.tombotto.ch\/fr\/shop\/confetti-en-papier-55-x-17-mm-rose\/","og_site_name":"Tombotto","article_modified_time":"2025-04-23T12:36:48+00:00","og_image":[{"width":800,"height":678,"url":"https:\/\/shop.tombotto.ch\/wp-content\/uploads\/2023\/05\/1309_gr.jpg","type":"image\/jpeg"}],"twitter_card":"summary_large_image","twitter_misc":{"Dur\u00e9e de lecture estim\u00e9e":"1 minute"},"schema":{"@context":"https:\/\/schema.org","@graph":[{"@type":"WebPage","@id":"https:\/\/shop.tombotto.ch\/fr\/shop\/confetti-en-papier-55-x-17-mm-rose\/","url":"https:\/\/shop.tombotto.ch\/fr\/shop\/confetti-en-papier-55-x-17-mm-rose\/","name":"Confetti en papier 55 x 17 mm rose \u2022 biod\u00e9gradable \ud83c\udf31\ud83c\udf89","isPartOf":{"@id":"https:\/\/shop.tombotto.ch\/fr\/#website"},"primaryImageOfPage":{"@id":"https:\/\/shop.tombotto.ch\/fr\/shop\/confetti-en-papier-55-x-17-mm-rose\/#primaryimage"},"image":{"@id":"https:\/\/shop.tombotto.ch\/fr\/shop\/confetti-en-papier-55-x-17-mm-rose\/#primaryimage"},"thumbnailUrl":"https:\/\/shop.tombotto.ch\/wp-content\/uploads\/2023\/05\/1309_gr.jpg","datePublished":"2023-05-23T15:12:07+00:00","dateModified":"2025-04-23T12:36:48+00:00","description":"Confetti rose - confetti en papier ignifug\u00e9 de haute qualit\u00e9 pour une utilisation professionnelle \u2714\ufe0e biod\u00e9gradable \ud83c\udf31 effet slow fall comme \u00e0 la TV \u2714\ufe0e","breadcrumb":{"@id":"https:\/\/shop.tombotto.ch\/fr\/shop\/confetti-en-papier-55-x-17-mm-rose\/#breadcrumb"},"inLanguage":"fr-FR","potentialAction":[{"@type":"ReadAction","target":["https:\/\/shop.tombotto.ch\/fr\/shop\/confetti-en-papier-55-x-17-mm-rose\/"]}]},{"@type":"ImageObject","inLanguage":"fr-FR","@id":"https:\/\/shop.tombotto.ch\/fr\/shop\/confetti-en-papier-55-x-17-mm-rose\/#primaryimage","url":"https:\/\/shop.tombotto.ch\/wp-content\/uploads\/2023\/05\/1309_gr.jpg","contentUrl":"https:\/\/shop.tombotto.ch\/wp-content\/uploads\/2023\/05\/1309_gr.jpg","width":800,"height":678},{"@type":"BreadcrumbList","@id":"https:\/\/shop.tombotto.ch\/fr\/shop\/confetti-en-papier-55-x-17-mm-rose\/#breadcrumb","itemListElement":[{"@type":"ListItem","position":1,"name":"Start","item":"https:\/\/shop.tombotto.ch\/fr\/"},{"@type":"ListItem","position":2,"name":"Shop","item":"https:\/\/shop.tombotto.ch\/fr\/shop\/"},{"@type":"ListItem","position":3,"name":"Confetti en papier 55 x 17 mm rose"}]},{"@type":"WebSite","@id":"https:\/\/shop.tombotto.ch\/fr\/#website","url":"https:\/\/shop.tombotto.ch\/fr\/","name":"Tombotto","description":"Fest-, Event- &amp; Promotionsartikel","publisher":{"@id":"https:\/\/shop.tombotto.ch\/fr\/#organization"},"potentialAction":[{"@type":"SearchAction","target":{"@type":"EntryPoint","urlTemplate":"https:\/\/shop.tombotto.ch\/fr\/?s={search_term_string}"},"query-input":{"@type":"PropertyValueSpecification","valueRequired":true,"valueName":"search_term_string"}}],"inLanguage":"fr-FR"},{"@type":"Organization","@id":"https:\/\/shop.tombotto.ch\/fr\/#organization","name":"Tombotto","url":"https:\/\/shop.tombotto.ch\/fr\/","logo":{"@type":"ImageObject","inLanguage":"fr-FR","@id":"https:\/\/shop.tombotto.ch\/fr\/#\/schema\/logo\/image\/","url":"https:\/\/shop.tombotto.ch\/wp-content\/uploads\/2023\/03\/logo.svg","contentUrl":"https:\/\/shop.tombotto.ch\/wp-content\/uploads\/2023\/03\/logo.svg","caption":"Tombotto"},"image":{"@id":"https:\/\/shop.tombotto.ch\/fr\/#\/schema\/logo\/image\/"}}]}},"tiered_pricing_type":"fixed","tiered_pricing_fixed_rules":{"10":"14.90"},"tiered_pricing_product_settings":{"layout":"default","base_unit_name":{"singular":null,"plural":null},"default_variation":null},"tiered_pricing_minimum_quantity":null,"tiered_pricing_roles_data":[],"tiered_pricing_percentage_rules":[],"tiered_pricing_maximum_quantity":null,"tiered_pricing_quantity_step":null,"_links":{"self":[{"href":"https:\/\/shop.tombotto.ch\/fr\/wp-json\/wp\/v2\/product\/37601","targetHints":{"allow":["GET"]}}],"collection":[{"href":"https:\/\/shop.tombotto.ch\/fr\/wp-json\/wp\/v2\/product"}],"about":[{"href":"https:\/\/shop.tombotto.ch\/fr\/wp-json\/wp\/v2\/types\/product"}],"wp:featuredmedia":[{"embeddable":true,"href":"https:\/\/shop.tombotto.ch\/fr\/wp-json\/wp\/v2\/media\/35256"}],"wp:attachment":[{"href":"https:\/\/shop.tombotto.ch\/fr\/wp-json\/wp\/v2\/media?parent=37601"}],"wp:term":[{"taxonomy":"product_brand","embeddable":true,"href":"https:\/\/shop.tombotto.ch\/fr\/wp-json\/wp\/v2\/product_brand?post=37601"},{"taxonomy":"product_cat","embeddable":true,"href":"https:\/\/shop.tombotto.ch\/fr\/wp-json\/wp\/v2\/product_cat?post=37601"},{"taxonomy":"product_tag","embeddable":true,"href":"https:\/\/shop.tombotto.ch\/fr\/wp-json\/wp\/v2\/product_tag?post=37601"}],"curies":[{"name":"wp","href":"https:\/\/api.w.org\/{rel}","templated":true}]}}