{"id":37690,"date":"2023-05-23T17:12:51","date_gmt":"2023-05-23T15:12:51","guid":{"rendered":"https:\/\/shop.tombotto.ch\/shop\/el-shooter-pro-serpentin-blanc-argent\/"},"modified":"2025-11-11T09:56:55","modified_gmt":"2025-11-11T08:56:55","slug":"electric-streamers-cannon-80-cm-serpentins-blanc-argent","status":"publish","type":"product","link":"https:\/\/shop.tombotto.ch\/fr\/shop\/electric-streamers-cannon-80-cm-serpentins-blanc-argent\/","title":{"rendered":"Electric Streamers Cannon 80 cm<br>Serpentins &#8211; blanc\/argent"},"content":{"rendered":"<ul>\n<li>Canon\/Shooter \u00e9lectrique<\/li>\n<li>Ces canons ne peuvent pas \u00eatre d\u00e9clench\u00e9s manuellement!<\/li>\n<li>Longeur 80 cm, \u00d8 5 cm<\/li>\n<li>Serpentins blanc\/argent<\/li>\n<li>Mono usage<\/li>\n<li>Projection env. 20 m<\/li>\n<\/ul>\n<p>Confettis m\u00e9talliques MAGIC FX ignifuges (B1) de haute qualit\u00e9 pour un usage professionnel.<\/p>\n<p><img decoding=\"async\" class=\"alignnone size-full wp-image-42627\" src=\"https:\/\/shop.tombotto.ch\/wp-content\/uploads\/2023\/05\/Label_Flame.jpg\" alt=\"\" width=\"67\" height=\"81\"><\/p>\n","protected":false},"excerpt":{"rendered":"<p>Canon\/Shooter \u00e9lectrique Ces canons ne peuvent pas \u00eatre d\u00e9clench\u00e9s manuellement! Longeur 80 cm, \u00d8 5 cm Serpentins blanc\/argent Mono usage Projection env. 20 m Confettis m\u00e9talliques MAGIC FX ignifuges (B1) de haute qualit\u00e9 pour un usage professionnel.<\/p>\n","protected":false},"featured_media":35523,"template":"","meta":{"_acf_changed":false,"inline_featured_image":false},"product_brand":[],"product_cat":[4692,4693],"product_tag":[],"class_list":{"0":"post-37690","1":"product","2":"type-product","3":"status-publish","4":"has-post-thumbnail","6":"product_cat-80-cm-serpentins-en-papier-shooter-electroniques","7":"product_cat-80-cm-serpentins-metalliques-shooter-electroniques","9":"first","10":"instock","11":"taxable","12":"shipping-taxable","13":"purchasable","14":"product-type-simple"},"exclude_global_add_ons":[],"addons":[],"acf":[],"yoast_head":"<!-- This site is optimized with the Yoast SEO Premium plugin v27.4 (Yoast SEO v27.4) - https:\/\/yoast.com\/product\/yoast-seo-premium-wordpress\/ -->\n<title>Electric Streamers Cannon 80 cm - Serpentins blanc\/argent<\/title>\n<meta name=\"description\" content=\"Canon \u00e0 confettis \u00e9lectronique \u2714\ufe0f rempli de serpentins blancs + argent\u00e9s \u2714\ufe0f 80 cm, port\u00e9e d&#039;environ 20 m \u2714\ufe0f Disponible en stock \u2714\ufe0f shop.tombotto \u2714\ufe0f\" \/>\n<meta name=\"robots\" content=\"index, follow, max-snippet:-1, max-image-preview:large, max-video-preview:-1\" \/>\n<link rel=\"canonical\" href=\"https:\/\/shop.tombotto.ch\/fr\/shop\/electric-streamers-cannon-80-cm-serpentins-blanc-argent\/\" \/>\n<meta property=\"og:locale\" content=\"fr_FR\" \/>\n<meta property=\"og:type\" content=\"article\" \/>\n<meta property=\"og:title\" content=\"Electric Streamers Cannon 80 cmSerpentins - blanc\/argent\" \/>\n<meta property=\"og:description\" content=\"Canon \u00e0 confettis \u00e9lectronique \u2714\ufe0f rempli de serpentins blancs + argent\u00e9s \u2714\ufe0f 80 cm, port\u00e9e d&#039;environ 20 m \u2714\ufe0f Disponible en stock \u2714\ufe0f shop.tombotto \u2714\ufe0f\" \/>\n<meta property=\"og:url\" content=\"https:\/\/shop.tombotto.ch\/fr\/shop\/electric-streamers-cannon-80-cm-serpentins-blanc-argent\/\" \/>\n<meta property=\"og:site_name\" content=\"Tombotto\" \/>\n<meta property=\"article:modified_time\" content=\"2025-11-11T08:56:55+00:00\" \/>\n<meta property=\"og:image\" content=\"https:\/\/shop.tombotto.ch\/wp-content\/uploads\/2023\/05\/1424_gr.jpg\" \/>\n\t<meta property=\"og:image:width\" content=\"799\" \/>\n\t<meta property=\"og:image:height\" content=\"677\" \/>\n\t<meta property=\"og:image:type\" content=\"image\/jpeg\" \/>\n<meta name=\"twitter:card\" content=\"summary_large_image\" \/>\n<meta name=\"twitter:label1\" content=\"Dur\u00e9e de lecture estim\u00e9e\" \/>\n\t<meta name=\"twitter:data1\" content=\"1 minute\" \/>\n<script type=\"application\/ld+json\" class=\"yoast-schema-graph\">{\"@context\":\"https:\\\/\\\/schema.org\",\"@graph\":[{\"@type\":\"WebPage\",\"@id\":\"https:\\\/\\\/shop.tombotto.ch\\\/fr\\\/shop\\\/electric-streamers-cannon-80-cm-serpentins-blanc-argent\\\/\",\"url\":\"https:\\\/\\\/shop.tombotto.ch\\\/fr\\\/shop\\\/electric-streamers-cannon-80-cm-serpentins-blanc-argent\\\/\",\"name\":\"Electric Streamers Cannon 80 cm - Serpentins blanc\\\/argent\",\"isPartOf\":{\"@id\":\"https:\\\/\\\/shop.tombotto.ch\\\/fr\\\/#website\"},\"primaryImageOfPage\":{\"@id\":\"https:\\\/\\\/shop.tombotto.ch\\\/fr\\\/shop\\\/electric-streamers-cannon-80-cm-serpentins-blanc-argent\\\/#primaryimage\"},\"image\":{\"@id\":\"https:\\\/\\\/shop.tombotto.ch\\\/fr\\\/shop\\\/electric-streamers-cannon-80-cm-serpentins-blanc-argent\\\/#primaryimage\"},\"thumbnailUrl\":\"https:\\\/\\\/shop.tombotto.ch\\\/wp-content\\\/uploads\\\/2023\\\/05\\\/1424_gr.jpg\",\"datePublished\":\"2023-05-23T15:12:51+00:00\",\"dateModified\":\"2025-11-11T08:56:55+00:00\",\"description\":\"Canon \u00e0 confettis \u00e9lectronique \u2714\ufe0f rempli de serpentins blancs + argent\u00e9s \u2714\ufe0f 80 cm, port\u00e9e d'environ 20 m \u2714\ufe0f Disponible en stock \u2714\ufe0f shop.tombotto \u2714\ufe0f\",\"breadcrumb\":{\"@id\":\"https:\\\/\\\/shop.tombotto.ch\\\/fr\\\/shop\\\/electric-streamers-cannon-80-cm-serpentins-blanc-argent\\\/#breadcrumb\"},\"inLanguage\":\"fr-FR\",\"potentialAction\":[{\"@type\":\"ReadAction\",\"target\":[\"https:\\\/\\\/shop.tombotto.ch\\\/fr\\\/shop\\\/electric-streamers-cannon-80-cm-serpentins-blanc-argent\\\/\"]}]},{\"@type\":\"ImageObject\",\"inLanguage\":\"fr-FR\",\"@id\":\"https:\\\/\\\/shop.tombotto.ch\\\/fr\\\/shop\\\/electric-streamers-cannon-80-cm-serpentins-blanc-argent\\\/#primaryimage\",\"url\":\"https:\\\/\\\/shop.tombotto.ch\\\/wp-content\\\/uploads\\\/2023\\\/05\\\/1424_gr.jpg\",\"contentUrl\":\"https:\\\/\\\/shop.tombotto.ch\\\/wp-content\\\/uploads\\\/2023\\\/05\\\/1424_gr.jpg\",\"width\":799,\"height\":677},{\"@type\":\"BreadcrumbList\",\"@id\":\"https:\\\/\\\/shop.tombotto.ch\\\/fr\\\/shop\\\/electric-streamers-cannon-80-cm-serpentins-blanc-argent\\\/#breadcrumb\",\"itemListElement\":[{\"@type\":\"ListItem\",\"position\":1,\"name\":\"Start\",\"item\":\"https:\\\/\\\/shop.tombotto.ch\\\/fr\\\/\"},{\"@type\":\"ListItem\",\"position\":2,\"name\":\"Shop\",\"item\":\"https:\\\/\\\/shop.tombotto.ch\\\/fr\\\/shop\\\/\"},{\"@type\":\"ListItem\",\"position\":3,\"name\":\"Electric Streamers Cannon 80 cmSerpentins - blanc\\\/argent\"}]},{\"@type\":\"WebSite\",\"@id\":\"https:\\\/\\\/shop.tombotto.ch\\\/fr\\\/#website\",\"url\":\"https:\\\/\\\/shop.tombotto.ch\\\/fr\\\/\",\"name\":\"Tombotto\",\"description\":\"Fest-, Event- &amp; Promotionsartikel\",\"publisher\":{\"@id\":\"https:\\\/\\\/shop.tombotto.ch\\\/fr\\\/#organization\"},\"potentialAction\":[{\"@type\":\"SearchAction\",\"target\":{\"@type\":\"EntryPoint\",\"urlTemplate\":\"https:\\\/\\\/shop.tombotto.ch\\\/fr\\\/?s={search_term_string}\"},\"query-input\":{\"@type\":\"PropertyValueSpecification\",\"valueRequired\":true,\"valueName\":\"search_term_string\"}}],\"inLanguage\":\"fr-FR\"},{\"@type\":\"Organization\",\"@id\":\"https:\\\/\\\/shop.tombotto.ch\\\/fr\\\/#organization\",\"name\":\"Tombotto\",\"url\":\"https:\\\/\\\/shop.tombotto.ch\\\/fr\\\/\",\"logo\":{\"@type\":\"ImageObject\",\"inLanguage\":\"fr-FR\",\"@id\":\"https:\\\/\\\/shop.tombotto.ch\\\/fr\\\/#\\\/schema\\\/logo\\\/image\\\/\",\"url\":\"https:\\\/\\\/shop.tombotto.ch\\\/wp-content\\\/uploads\\\/2023\\\/03\\\/logo.svg\",\"contentUrl\":\"https:\\\/\\\/shop.tombotto.ch\\\/wp-content\\\/uploads\\\/2023\\\/03\\\/logo.svg\",\"caption\":\"Tombotto\"},\"image\":{\"@id\":\"https:\\\/\\\/shop.tombotto.ch\\\/fr\\\/#\\\/schema\\\/logo\\\/image\\\/\"}}]}<\/script>\n<!-- \/ Yoast SEO Premium plugin. -->","yoast_head_json":{"title":"Electric Streamers Cannon 80 cm - Serpentins blanc\/argent","description":"Canon \u00e0 confettis \u00e9lectronique \u2714\ufe0f rempli de serpentins blancs + argent\u00e9s \u2714\ufe0f 80 cm, port\u00e9e d'environ 20 m \u2714\ufe0f Disponible en stock \u2714\ufe0f shop.tombotto \u2714\ufe0f","robots":{"index":"index","follow":"follow","max-snippet":"max-snippet:-1","max-image-preview":"max-image-preview:large","max-video-preview":"max-video-preview:-1"},"canonical":"https:\/\/shop.tombotto.ch\/fr\/shop\/electric-streamers-cannon-80-cm-serpentins-blanc-argent\/","og_locale":"fr_FR","og_type":"article","og_title":"Electric Streamers Cannon 80 cmSerpentins - blanc\/argent","og_description":"Canon \u00e0 confettis \u00e9lectronique \u2714\ufe0f rempli de serpentins blancs + argent\u00e9s \u2714\ufe0f 80 cm, port\u00e9e d'environ 20 m \u2714\ufe0f Disponible en stock \u2714\ufe0f shop.tombotto \u2714\ufe0f","og_url":"https:\/\/shop.tombotto.ch\/fr\/shop\/electric-streamers-cannon-80-cm-serpentins-blanc-argent\/","og_site_name":"Tombotto","article_modified_time":"2025-11-11T08:56:55+00:00","og_image":[{"width":799,"height":677,"url":"https:\/\/shop.tombotto.ch\/wp-content\/uploads\/2023\/05\/1424_gr.jpg","type":"image\/jpeg"}],"twitter_card":"summary_large_image","twitter_misc":{"Dur\u00e9e de lecture estim\u00e9e":"1 minute"},"schema":{"@context":"https:\/\/schema.org","@graph":[{"@type":"WebPage","@id":"https:\/\/shop.tombotto.ch\/fr\/shop\/electric-streamers-cannon-80-cm-serpentins-blanc-argent\/","url":"https:\/\/shop.tombotto.ch\/fr\/shop\/electric-streamers-cannon-80-cm-serpentins-blanc-argent\/","name":"Electric Streamers Cannon 80 cm - Serpentins blanc\/argent","isPartOf":{"@id":"https:\/\/shop.tombotto.ch\/fr\/#website"},"primaryImageOfPage":{"@id":"https:\/\/shop.tombotto.ch\/fr\/shop\/electric-streamers-cannon-80-cm-serpentins-blanc-argent\/#primaryimage"},"image":{"@id":"https:\/\/shop.tombotto.ch\/fr\/shop\/electric-streamers-cannon-80-cm-serpentins-blanc-argent\/#primaryimage"},"thumbnailUrl":"https:\/\/shop.tombotto.ch\/wp-content\/uploads\/2023\/05\/1424_gr.jpg","datePublished":"2023-05-23T15:12:51+00:00","dateModified":"2025-11-11T08:56:55+00:00","description":"Canon \u00e0 confettis \u00e9lectronique \u2714\ufe0f rempli de serpentins blancs + argent\u00e9s \u2714\ufe0f 80 cm, port\u00e9e d'environ 20 m \u2714\ufe0f Disponible en stock \u2714\ufe0f shop.tombotto \u2714\ufe0f","breadcrumb":{"@id":"https:\/\/shop.tombotto.ch\/fr\/shop\/electric-streamers-cannon-80-cm-serpentins-blanc-argent\/#breadcrumb"},"inLanguage":"fr-FR","potentialAction":[{"@type":"ReadAction","target":["https:\/\/shop.tombotto.ch\/fr\/shop\/electric-streamers-cannon-80-cm-serpentins-blanc-argent\/"]}]},{"@type":"ImageObject","inLanguage":"fr-FR","@id":"https:\/\/shop.tombotto.ch\/fr\/shop\/electric-streamers-cannon-80-cm-serpentins-blanc-argent\/#primaryimage","url":"https:\/\/shop.tombotto.ch\/wp-content\/uploads\/2023\/05\/1424_gr.jpg","contentUrl":"https:\/\/shop.tombotto.ch\/wp-content\/uploads\/2023\/05\/1424_gr.jpg","width":799,"height":677},{"@type":"BreadcrumbList","@id":"https:\/\/shop.tombotto.ch\/fr\/shop\/electric-streamers-cannon-80-cm-serpentins-blanc-argent\/#breadcrumb","itemListElement":[{"@type":"ListItem","position":1,"name":"Start","item":"https:\/\/shop.tombotto.ch\/fr\/"},{"@type":"ListItem","position":2,"name":"Shop","item":"https:\/\/shop.tombotto.ch\/fr\/shop\/"},{"@type":"ListItem","position":3,"name":"Electric Streamers Cannon 80 cmSerpentins - blanc\/argent"}]},{"@type":"WebSite","@id":"https:\/\/shop.tombotto.ch\/fr\/#website","url":"https:\/\/shop.tombotto.ch\/fr\/","name":"Tombotto","description":"Fest-, Event- &amp; Promotionsartikel","publisher":{"@id":"https:\/\/shop.tombotto.ch\/fr\/#organization"},"potentialAction":[{"@type":"SearchAction","target":{"@type":"EntryPoint","urlTemplate":"https:\/\/shop.tombotto.ch\/fr\/?s={search_term_string}"},"query-input":{"@type":"PropertyValueSpecification","valueRequired":true,"valueName":"search_term_string"}}],"inLanguage":"fr-FR"},{"@type":"Organization","@id":"https:\/\/shop.tombotto.ch\/fr\/#organization","name":"Tombotto","url":"https:\/\/shop.tombotto.ch\/fr\/","logo":{"@type":"ImageObject","inLanguage":"fr-FR","@id":"https:\/\/shop.tombotto.ch\/fr\/#\/schema\/logo\/image\/","url":"https:\/\/shop.tombotto.ch\/wp-content\/uploads\/2023\/03\/logo.svg","contentUrl":"https:\/\/shop.tombotto.ch\/wp-content\/uploads\/2023\/03\/logo.svg","caption":"Tombotto"},"image":{"@id":"https:\/\/shop.tombotto.ch\/fr\/#\/schema\/logo\/image\/"}}]}},"tiered_pricing_type":"fixed","tiered_pricing_fixed_rules":{"20":"13.20"},"tiered_pricing_product_settings":{"layout":"default","base_unit_name":{"singular":null,"plural":null},"default_variation":null},"tiered_pricing_minimum_quantity":null,"tiered_pricing_roles_data":[],"tiered_pricing_percentage_rules":[],"tiered_pricing_maximum_quantity":null,"tiered_pricing_quantity_step":null,"_links":{"self":[{"href":"https:\/\/shop.tombotto.ch\/fr\/wp-json\/wp\/v2\/product\/37690","targetHints":{"allow":["GET"]}}],"collection":[{"href":"https:\/\/shop.tombotto.ch\/fr\/wp-json\/wp\/v2\/product"}],"about":[{"href":"https:\/\/shop.tombotto.ch\/fr\/wp-json\/wp\/v2\/types\/product"}],"wp:featuredmedia":[{"embeddable":true,"href":"https:\/\/shop.tombotto.ch\/fr\/wp-json\/wp\/v2\/media\/35523"}],"wp:attachment":[{"href":"https:\/\/shop.tombotto.ch\/fr\/wp-json\/wp\/v2\/media?parent=37690"}],"wp:term":[{"taxonomy":"product_brand","embeddable":true,"href":"https:\/\/shop.tombotto.ch\/fr\/wp-json\/wp\/v2\/product_brand?post=37690"},{"taxonomy":"product_cat","embeddable":true,"href":"https:\/\/shop.tombotto.ch\/fr\/wp-json\/wp\/v2\/product_cat?post=37690"},{"taxonomy":"product_tag","embeddable":true,"href":"https:\/\/shop.tombotto.ch\/fr\/wp-json\/wp\/v2\/product_tag?post=37690"}],"curies":[{"name":"wp","href":"https:\/\/api.w.org\/{rel}","templated":true}]}}