{"id":37717,"date":"2023-05-23T17:13:00","date_gmt":"2023-05-23T15:13:00","guid":{"rendered":"https:\/\/shop.tombotto.ch\/shop\/jetons-de-loto-en-bois-brun\/"},"modified":"2026-03-17T10:20:39","modified_gmt":"2026-03-17T09:20:39","slug":"jetons-e-loto-numerotation-rouge","status":"publish","type":"product","link":"https:\/\/shop.tombotto.ch\/fr\/shop\/jetons-e-loto-numerotation-rouge\/","title":{"rendered":"Jetons de Loto<br>Num\u00e9rotation rouge"},"content":{"rendered":"<p class=\"ai-optimize-19 ai-optimize-introduction\">Jetons num\u00e9rot\u00e9s en plastique avec chiffres rouges<\/p>\n<ul>\n<li class=\"ai-optimize-20\">Num\u00e9ros de loto No. 1 \u2013 90<\/li>\n<li class=\"ai-optimize-21\">Num\u00e9rotation des deux c\u00f4t\u00e9s<\/li>\n<li class=\"ai-optimize-22\">Chiffres bien visibles gr\u00e2ce \u00e0 l&rsquo;\u00e9criture rouge<\/li>\n<li class=\"ai-optimize-23\">\u00d8 ca. 18 mm<\/li>\n<li class=\"ai-optimize-24\">En vente par set<\/li>\n<\/ul>\n<p class=\"ai-optimize-25\"><strong>Commandez le tableau de contr\u00f4le s\u00e9par\u00e9ment:<\/strong><\/p>\n<p class=\"ai-optimize-26\"><a href=\"https:\/\/shop.tombotto.ch\/fr\/shop\/tableau-de-controle-plat-en-pvc\/\">Tableau de contr\u00f4le<\/a><\/p>\n<p class=\"ai-optimize-27\"><a href=\"https:\/\/shop.tombotto.ch\/fr\/shop\/tableau-de-controle-avec-creux\/\">Tableau de contr\u00f4le avec creux<\/a><\/p>\n","protected":false},"excerpt":{"rendered":"<p>Set No. 1 &#8211; 90<\/p>\n","protected":false},"featured_media":64081,"template":"","meta":{"_acf_changed":false,"inline_featured_image":false},"product_brand":[],"product_cat":[4582],"product_tag":[],"class_list":{"0":"post-37717","1":"product","2":"type-product","3":"status-publish","4":"has-post-thumbnail","6":"product_cat-numeros-de-loto","8":"first","9":"instock","10":"taxable","11":"shipping-taxable","12":"purchasable","13":"product-type-simple"},"exclude_global_add_ons":[],"addons":[],"acf":[],"yoast_head":"<!-- This site is optimized with the Yoast SEO Premium plugin v27.4 (Yoast SEO v27.4) - https:\/\/yoast.com\/product\/yoast-seo-premium-wordpress\/ -->\n<title>Jetons de LotoNum\u00e9rotation rouge<\/title>\n<meta name=\"description\" content=\"Num\u00e9ros de loto avec chiffres rouges \u25b7 Pour le tirage des num\u00e9ros \u2713 Accessoires pour jeux de loterie \u2713 N\u00b0 1 \u00e0 90 \u2713 Commandez facilement en ligne \u27a8 shop.tombotto.ch\" \/>\n<meta name=\"robots\" content=\"index, follow, max-snippet:-1, max-image-preview:large, max-video-preview:-1\" \/>\n<link rel=\"canonical\" href=\"https:\/\/shop.tombotto.ch\/fr\/shop\/jetons-e-loto-numerotation-rouge\/\" \/>\n<meta property=\"og:locale\" content=\"fr_FR\" \/>\n<meta property=\"og:type\" content=\"article\" \/>\n<meta property=\"og:title\" content=\"Jetons de LotoNum\u00e9rotation rouge\" \/>\n<meta property=\"og:description\" content=\"Num\u00e9ros de loto avec chiffres rouges \u25b7 Pour le tirage des num\u00e9ros \u2713 Accessoires pour jeux de loterie \u2713 N\u00b0 1 \u00e0 90 \u2713 Commandez facilement en ligne \u27a8 shop.tombotto.ch\" \/>\n<meta property=\"og:url\" content=\"https:\/\/shop.tombotto.ch\/fr\/shop\/jetons-e-loto-numerotation-rouge\/\" \/>\n<meta property=\"og:site_name\" content=\"Tombotto\" \/>\n<meta property=\"article:modified_time\" content=\"2026-03-17T09:20:39+00:00\" \/>\n<meta property=\"og:image\" content=\"https:\/\/shop.tombotto.ch\/wp-content\/uploads\/2023\/05\/99920-1.jpg\" \/>\n\t<meta property=\"og:image:width\" content=\"800\" \/>\n\t<meta property=\"og:image:height\" content=\"678\" \/>\n\t<meta property=\"og:image:type\" content=\"image\/jpeg\" \/>\n<meta name=\"twitter:card\" content=\"summary_large_image\" \/>\n<meta name=\"twitter:label1\" content=\"Dur\u00e9e de lecture estim\u00e9e\" \/>\n\t<meta name=\"twitter:data1\" content=\"1 minute\" \/>\n<script type=\"application\/ld+json\" class=\"yoast-schema-graph\">{\"@context\":\"https:\\\/\\\/schema.org\",\"@graph\":[{\"@type\":\"WebPage\",\"@id\":\"https:\\\/\\\/shop.tombotto.ch\\\/fr\\\/shop\\\/jetons-e-loto-numerotation-rouge\\\/\",\"url\":\"https:\\\/\\\/shop.tombotto.ch\\\/fr\\\/shop\\\/jetons-e-loto-numerotation-rouge\\\/\",\"name\":\"Jetons de LotoNum\u00e9rotation rouge\",\"isPartOf\":{\"@id\":\"https:\\\/\\\/shop.tombotto.ch\\\/fr\\\/#website\"},\"primaryImageOfPage\":{\"@id\":\"https:\\\/\\\/shop.tombotto.ch\\\/fr\\\/shop\\\/jetons-e-loto-numerotation-rouge\\\/#primaryimage\"},\"image\":{\"@id\":\"https:\\\/\\\/shop.tombotto.ch\\\/fr\\\/shop\\\/jetons-e-loto-numerotation-rouge\\\/#primaryimage\"},\"thumbnailUrl\":\"https:\\\/\\\/shop.tombotto.ch\\\/wp-content\\\/uploads\\\/2023\\\/05\\\/99920-1.jpg\",\"datePublished\":\"2023-05-23T15:13:00+00:00\",\"dateModified\":\"2026-03-17T09:20:39+00:00\",\"description\":\"Num\u00e9ros de loto avec chiffres rouges \u25b7 Pour le tirage des num\u00e9ros \u2713 Accessoires pour jeux de loterie \u2713 N\u00b0 1 \u00e0 90 \u2713 Commandez facilement en ligne \u27a8 shop.tombotto.ch\",\"breadcrumb\":{\"@id\":\"https:\\\/\\\/shop.tombotto.ch\\\/fr\\\/shop\\\/jetons-e-loto-numerotation-rouge\\\/#breadcrumb\"},\"inLanguage\":\"fr-FR\",\"potentialAction\":[{\"@type\":\"ReadAction\",\"target\":[\"https:\\\/\\\/shop.tombotto.ch\\\/fr\\\/shop\\\/jetons-e-loto-numerotation-rouge\\\/\"]}]},{\"@type\":\"ImageObject\",\"inLanguage\":\"fr-FR\",\"@id\":\"https:\\\/\\\/shop.tombotto.ch\\\/fr\\\/shop\\\/jetons-e-loto-numerotation-rouge\\\/#primaryimage\",\"url\":\"https:\\\/\\\/shop.tombotto.ch\\\/wp-content\\\/uploads\\\/2023\\\/05\\\/99920-1.jpg\",\"contentUrl\":\"https:\\\/\\\/shop.tombotto.ch\\\/wp-content\\\/uploads\\\/2023\\\/05\\\/99920-1.jpg\",\"width\":800,\"height\":678},{\"@type\":\"BreadcrumbList\",\"@id\":\"https:\\\/\\\/shop.tombotto.ch\\\/fr\\\/shop\\\/jetons-e-loto-numerotation-rouge\\\/#breadcrumb\",\"itemListElement\":[{\"@type\":\"ListItem\",\"position\":1,\"name\":\"Start\",\"item\":\"https:\\\/\\\/shop.tombotto.ch\\\/fr\\\/\"},{\"@type\":\"ListItem\",\"position\":2,\"name\":\"Shop\",\"item\":\"https:\\\/\\\/shop.tombotto.ch\\\/fr\\\/shop\\\/\"},{\"@type\":\"ListItem\",\"position\":3,\"name\":\"Jetons de LotoNum\u00e9rotation rouge\"}]},{\"@type\":\"WebSite\",\"@id\":\"https:\\\/\\\/shop.tombotto.ch\\\/fr\\\/#website\",\"url\":\"https:\\\/\\\/shop.tombotto.ch\\\/fr\\\/\",\"name\":\"Tombotto\",\"description\":\"Fest-, Event- &amp; Promotionsartikel\",\"publisher\":{\"@id\":\"https:\\\/\\\/shop.tombotto.ch\\\/fr\\\/#organization\"},\"potentialAction\":[{\"@type\":\"SearchAction\",\"target\":{\"@type\":\"EntryPoint\",\"urlTemplate\":\"https:\\\/\\\/shop.tombotto.ch\\\/fr\\\/?s={search_term_string}\"},\"query-input\":{\"@type\":\"PropertyValueSpecification\",\"valueRequired\":true,\"valueName\":\"search_term_string\"}}],\"inLanguage\":\"fr-FR\"},{\"@type\":\"Organization\",\"@id\":\"https:\\\/\\\/shop.tombotto.ch\\\/fr\\\/#organization\",\"name\":\"Tombotto\",\"url\":\"https:\\\/\\\/shop.tombotto.ch\\\/fr\\\/\",\"logo\":{\"@type\":\"ImageObject\",\"inLanguage\":\"fr-FR\",\"@id\":\"https:\\\/\\\/shop.tombotto.ch\\\/fr\\\/#\\\/schema\\\/logo\\\/image\\\/\",\"url\":\"https:\\\/\\\/shop.tombotto.ch\\\/wp-content\\\/uploads\\\/2023\\\/03\\\/logo.svg\",\"contentUrl\":\"https:\\\/\\\/shop.tombotto.ch\\\/wp-content\\\/uploads\\\/2023\\\/03\\\/logo.svg\",\"caption\":\"Tombotto\"},\"image\":{\"@id\":\"https:\\\/\\\/shop.tombotto.ch\\\/fr\\\/#\\\/schema\\\/logo\\\/image\\\/\"}}]}<\/script>\n<!-- \/ Yoast SEO Premium plugin. -->","yoast_head_json":{"title":"Jetons de LotoNum\u00e9rotation rouge","description":"Num\u00e9ros de loto avec chiffres rouges \u25b7 Pour le tirage des num\u00e9ros \u2713 Accessoires pour jeux de loterie \u2713 N\u00b0 1 \u00e0 90 \u2713 Commandez facilement en ligne \u27a8 shop.tombotto.ch","robots":{"index":"index","follow":"follow","max-snippet":"max-snippet:-1","max-image-preview":"max-image-preview:large","max-video-preview":"max-video-preview:-1"},"canonical":"https:\/\/shop.tombotto.ch\/fr\/shop\/jetons-e-loto-numerotation-rouge\/","og_locale":"fr_FR","og_type":"article","og_title":"Jetons de LotoNum\u00e9rotation rouge","og_description":"Num\u00e9ros de loto avec chiffres rouges \u25b7 Pour le tirage des num\u00e9ros \u2713 Accessoires pour jeux de loterie \u2713 N\u00b0 1 \u00e0 90 \u2713 Commandez facilement en ligne \u27a8 shop.tombotto.ch","og_url":"https:\/\/shop.tombotto.ch\/fr\/shop\/jetons-e-loto-numerotation-rouge\/","og_site_name":"Tombotto","article_modified_time":"2026-03-17T09:20:39+00:00","og_image":[{"width":800,"height":678,"url":"https:\/\/shop.tombotto.ch\/wp-content\/uploads\/2023\/05\/99920-1.jpg","type":"image\/jpeg"}],"twitter_card":"summary_large_image","twitter_misc":{"Dur\u00e9e de lecture estim\u00e9e":"1 minute"},"schema":{"@context":"https:\/\/schema.org","@graph":[{"@type":"WebPage","@id":"https:\/\/shop.tombotto.ch\/fr\/shop\/jetons-e-loto-numerotation-rouge\/","url":"https:\/\/shop.tombotto.ch\/fr\/shop\/jetons-e-loto-numerotation-rouge\/","name":"Jetons de LotoNum\u00e9rotation rouge","isPartOf":{"@id":"https:\/\/shop.tombotto.ch\/fr\/#website"},"primaryImageOfPage":{"@id":"https:\/\/shop.tombotto.ch\/fr\/shop\/jetons-e-loto-numerotation-rouge\/#primaryimage"},"image":{"@id":"https:\/\/shop.tombotto.ch\/fr\/shop\/jetons-e-loto-numerotation-rouge\/#primaryimage"},"thumbnailUrl":"https:\/\/shop.tombotto.ch\/wp-content\/uploads\/2023\/05\/99920-1.jpg","datePublished":"2023-05-23T15:13:00+00:00","dateModified":"2026-03-17T09:20:39+00:00","description":"Num\u00e9ros de loto avec chiffres rouges \u25b7 Pour le tirage des num\u00e9ros \u2713 Accessoires pour jeux de loterie \u2713 N\u00b0 1 \u00e0 90 \u2713 Commandez facilement en ligne \u27a8 shop.tombotto.ch","breadcrumb":{"@id":"https:\/\/shop.tombotto.ch\/fr\/shop\/jetons-e-loto-numerotation-rouge\/#breadcrumb"},"inLanguage":"fr-FR","potentialAction":[{"@type":"ReadAction","target":["https:\/\/shop.tombotto.ch\/fr\/shop\/jetons-e-loto-numerotation-rouge\/"]}]},{"@type":"ImageObject","inLanguage":"fr-FR","@id":"https:\/\/shop.tombotto.ch\/fr\/shop\/jetons-e-loto-numerotation-rouge\/#primaryimage","url":"https:\/\/shop.tombotto.ch\/wp-content\/uploads\/2023\/05\/99920-1.jpg","contentUrl":"https:\/\/shop.tombotto.ch\/wp-content\/uploads\/2023\/05\/99920-1.jpg","width":800,"height":678},{"@type":"BreadcrumbList","@id":"https:\/\/shop.tombotto.ch\/fr\/shop\/jetons-e-loto-numerotation-rouge\/#breadcrumb","itemListElement":[{"@type":"ListItem","position":1,"name":"Start","item":"https:\/\/shop.tombotto.ch\/fr\/"},{"@type":"ListItem","position":2,"name":"Shop","item":"https:\/\/shop.tombotto.ch\/fr\/shop\/"},{"@type":"ListItem","position":3,"name":"Jetons de LotoNum\u00e9rotation rouge"}]},{"@type":"WebSite","@id":"https:\/\/shop.tombotto.ch\/fr\/#website","url":"https:\/\/shop.tombotto.ch\/fr\/","name":"Tombotto","description":"Fest-, Event- &amp; Promotionsartikel","publisher":{"@id":"https:\/\/shop.tombotto.ch\/fr\/#organization"},"potentialAction":[{"@type":"SearchAction","target":{"@type":"EntryPoint","urlTemplate":"https:\/\/shop.tombotto.ch\/fr\/?s={search_term_string}"},"query-input":{"@type":"PropertyValueSpecification","valueRequired":true,"valueName":"search_term_string"}}],"inLanguage":"fr-FR"},{"@type":"Organization","@id":"https:\/\/shop.tombotto.ch\/fr\/#organization","name":"Tombotto","url":"https:\/\/shop.tombotto.ch\/fr\/","logo":{"@type":"ImageObject","inLanguage":"fr-FR","@id":"https:\/\/shop.tombotto.ch\/fr\/#\/schema\/logo\/image\/","url":"https:\/\/shop.tombotto.ch\/wp-content\/uploads\/2023\/03\/logo.svg","contentUrl":"https:\/\/shop.tombotto.ch\/wp-content\/uploads\/2023\/03\/logo.svg","caption":"Tombotto"},"image":{"@id":"https:\/\/shop.tombotto.ch\/fr\/#\/schema\/logo\/image\/"}}]}},"tiered_pricing_type":"fixed","tiered_pricing_fixed_rules":[],"tiered_pricing_product_settings":{"layout":"default","base_unit_name":{"singular":null,"plural":null},"default_variation":null},"tiered_pricing_minimum_quantity":null,"tiered_pricing_roles_data":[],"tiered_pricing_percentage_rules":[],"tiered_pricing_maximum_quantity":null,"tiered_pricing_quantity_step":null,"_links":{"self":[{"href":"https:\/\/shop.tombotto.ch\/fr\/wp-json\/wp\/v2\/product\/37717","targetHints":{"allow":["GET"]}}],"collection":[{"href":"https:\/\/shop.tombotto.ch\/fr\/wp-json\/wp\/v2\/product"}],"about":[{"href":"https:\/\/shop.tombotto.ch\/fr\/wp-json\/wp\/v2\/types\/product"}],"wp:featuredmedia":[{"embeddable":true,"href":"https:\/\/shop.tombotto.ch\/fr\/wp-json\/wp\/v2\/media\/64081"}],"wp:attachment":[{"href":"https:\/\/shop.tombotto.ch\/fr\/wp-json\/wp\/v2\/media?parent=37717"}],"wp:term":[{"taxonomy":"product_brand","embeddable":true,"href":"https:\/\/shop.tombotto.ch\/fr\/wp-json\/wp\/v2\/product_brand?post=37717"},{"taxonomy":"product_cat","embeddable":true,"href":"https:\/\/shop.tombotto.ch\/fr\/wp-json\/wp\/v2\/product_cat?post=37717"},{"taxonomy":"product_tag","embeddable":true,"href":"https:\/\/shop.tombotto.ch\/fr\/wp-json\/wp\/v2\/product_tag?post=37717"}],"curies":[{"name":"wp","href":"https:\/\/api.w.org\/{rel}","templated":true}]}}