{"id":37722,"date":"2023-05-23T17:13:00","date_gmt":"2023-05-23T15:13:00","guid":{"rendered":"https:\/\/shop.tombotto.ch\/shop\/bbt-brandschutzspray-500-ml\/"},"modified":"2025-11-10T16:38:15","modified_gmt":"2025-11-10T15:38:15","slug":"bbt-anti-feu-500-ml","status":"publish","type":"product","link":"https:\/\/shop.tombotto.ch\/fr\/shop\/bbt-anti-feu-500-ml\/","title":{"rendered":"BBT Anti-Feu 500 ml"},"content":{"rendered":"<p>Produit Anti-Feu-BIO<\/p>\n<ul>\n<li>Non toxique<\/li>\n<li>EMPA Test Nr. 168156<\/li>\n<li>Pour papiers absorbants, cartons et mati\u00e8res naturelles<\/li>\n<li>EXOVA Nr. 2011-1804-2; B1 pour papier et textile<\/li>\n<li>MFPA-Leipzig Spray ignifuge pour sapins de No\u00ebl<\/li>\n<\/ul>\n<p>Sp\u00e9cialement con\u00e7u pour l&rsquo;impr\u00e9gnation pr\u00e9ventive des sapins de No\u00ebl et des couronnes de l&rsquo;Avent. Le spray ignifuge BBT peut \u00e9galement \u00eatre utilis\u00e9 sans probl\u00e8me sur le bois fin, le papier, le carton et les textiles, c&rsquo;est-\u00e0-dire tous les mat\u00e9riaux naturels absorbants. Lorsqu&rsquo;un incendie est emp\u00each\u00e9 de se d\u00e9clarer, il n&rsquo;est pas n\u00e9cessaire d&rsquo;\u00e9teindre un incendie d\u00e9clar\u00e9. <\/p>\n<p>Une simple vaporisation suffit pour obtenir une protection durable et efficace contre les inflammations. Le produit est non toxique mais tr\u00e8s efficace, incolore et inodore, soluble dans l&rsquo;eau, respectueux de l&rsquo;environnement, s\u00fbr et non toxique.<\/p>\n","protected":false},"excerpt":{"rendered":"<p>Spray pr\u00e9ventif contre les incendies<\/p>\n","protected":false},"featured_media":35619,"template":"","meta":{"_acf_changed":false,"inline_featured_image":false},"product_brand":[],"product_cat":[4662,4597],"product_tag":[],"class_list":{"0":"post-37722","1":"product","2":"type-product","3":"status-publish","4":"has-post-thumbnail","6":"product_cat-feu-flamme","7":"product_cat-divers-decor","9":"first","10":"instock","11":"taxable","12":"shipping-taxable","13":"purchasable","14":"product-type-simple"},"exclude_global_add_ons":[],"addons":[],"acf":[],"yoast_head":"<!-- This site is optimized with the Yoast SEO Premium plugin v27.4 (Yoast SEO v27.4) - https:\/\/yoast.com\/product\/yoast-seo-premium-wordpress\/ -->\n<title>BBT Anti-Feu 500 ml<\/title>\n<meta name=\"description\" content=\"Spray ignifuge 500 ml \u25b7 Non toxique \u2713 Pour l&#039;impr\u00e9gnation des textiles \u271a Mat\u00e9riaux d\u00e9coratifs \u271a Sapins de No\u00ebl \u271a Couronnes de l&#039;Avent \u27a8 Acheter en ligne ici \u25b7 shop.tombotto.ch\" \/>\n<meta name=\"robots\" content=\"index, follow, max-snippet:-1, max-image-preview:large, max-video-preview:-1\" \/>\n<link rel=\"canonical\" href=\"https:\/\/shop.tombotto.ch\/fr\/shop\/bbt-anti-feu-500-ml\/\" \/>\n<meta property=\"og:locale\" content=\"fr_FR\" \/>\n<meta property=\"og:type\" content=\"article\" \/>\n<meta property=\"og:title\" content=\"BBT Anti-Feu 500 ml\" \/>\n<meta property=\"og:description\" content=\"Spray ignifuge 500 ml \u25b7 Non toxique \u2713 Pour l&#039;impr\u00e9gnation des textiles \u271a Mat\u00e9riaux d\u00e9coratifs \u271a Sapins de No\u00ebl \u271a Couronnes de l&#039;Avent \u27a8 Acheter en ligne ici \u25b7 shop.tombotto.ch\" \/>\n<meta property=\"og:url\" content=\"https:\/\/shop.tombotto.ch\/fr\/shop\/bbt-anti-feu-500-ml\/\" \/>\n<meta property=\"og:site_name\" content=\"Tombotto\" \/>\n<meta property=\"article:modified_time\" content=\"2025-11-10T15:38:15+00:00\" \/>\n<meta property=\"og:image\" content=\"https:\/\/shop.tombotto.ch\/wp-content\/uploads\/2023\/05\/1520_gr.jpg\" \/>\n\t<meta property=\"og:image:width\" content=\"800\" \/>\n\t<meta property=\"og:image:height\" content=\"678\" \/>\n\t<meta property=\"og:image:type\" content=\"image\/jpeg\" \/>\n<meta name=\"twitter:card\" content=\"summary_large_image\" \/>\n<meta name=\"twitter:label1\" content=\"Dur\u00e9e de lecture estim\u00e9e\" \/>\n\t<meta name=\"twitter:data1\" content=\"1 minute\" \/>\n<script type=\"application\/ld+json\" class=\"yoast-schema-graph\">{\"@context\":\"https:\\\/\\\/schema.org\",\"@graph\":[{\"@type\":\"WebPage\",\"@id\":\"https:\\\/\\\/shop.tombotto.ch\\\/fr\\\/shop\\\/bbt-anti-feu-500-ml\\\/\",\"url\":\"https:\\\/\\\/shop.tombotto.ch\\\/fr\\\/shop\\\/bbt-anti-feu-500-ml\\\/\",\"name\":\"BBT Anti-Feu 500 ml\",\"isPartOf\":{\"@id\":\"https:\\\/\\\/shop.tombotto.ch\\\/fr\\\/#website\"},\"primaryImageOfPage\":{\"@id\":\"https:\\\/\\\/shop.tombotto.ch\\\/fr\\\/shop\\\/bbt-anti-feu-500-ml\\\/#primaryimage\"},\"image\":{\"@id\":\"https:\\\/\\\/shop.tombotto.ch\\\/fr\\\/shop\\\/bbt-anti-feu-500-ml\\\/#primaryimage\"},\"thumbnailUrl\":\"https:\\\/\\\/shop.tombotto.ch\\\/wp-content\\\/uploads\\\/2023\\\/05\\\/1520_gr.jpg\",\"datePublished\":\"2023-05-23T15:13:00+00:00\",\"dateModified\":\"2025-11-10T15:38:15+00:00\",\"description\":\"Spray ignifuge 500 ml \u25b7 Non toxique \u2713 Pour l'impr\u00e9gnation des textiles \u271a Mat\u00e9riaux d\u00e9coratifs \u271a Sapins de No\u00ebl \u271a Couronnes de l'Avent \u27a8 Acheter en ligne ici \u25b7 shop.tombotto.ch\",\"breadcrumb\":{\"@id\":\"https:\\\/\\\/shop.tombotto.ch\\\/fr\\\/shop\\\/bbt-anti-feu-500-ml\\\/#breadcrumb\"},\"inLanguage\":\"fr-FR\",\"potentialAction\":[{\"@type\":\"ReadAction\",\"target\":[\"https:\\\/\\\/shop.tombotto.ch\\\/fr\\\/shop\\\/bbt-anti-feu-500-ml\\\/\"]}]},{\"@type\":\"ImageObject\",\"inLanguage\":\"fr-FR\",\"@id\":\"https:\\\/\\\/shop.tombotto.ch\\\/fr\\\/shop\\\/bbt-anti-feu-500-ml\\\/#primaryimage\",\"url\":\"https:\\\/\\\/shop.tombotto.ch\\\/wp-content\\\/uploads\\\/2023\\\/05\\\/1520_gr.jpg\",\"contentUrl\":\"https:\\\/\\\/shop.tombotto.ch\\\/wp-content\\\/uploads\\\/2023\\\/05\\\/1520_gr.jpg\",\"width\":800,\"height\":678},{\"@type\":\"BreadcrumbList\",\"@id\":\"https:\\\/\\\/shop.tombotto.ch\\\/fr\\\/shop\\\/bbt-anti-feu-500-ml\\\/#breadcrumb\",\"itemListElement\":[{\"@type\":\"ListItem\",\"position\":1,\"name\":\"Start\",\"item\":\"https:\\\/\\\/shop.tombotto.ch\\\/fr\\\/\"},{\"@type\":\"ListItem\",\"position\":2,\"name\":\"Shop\",\"item\":\"https:\\\/\\\/shop.tombotto.ch\\\/fr\\\/shop\\\/\"},{\"@type\":\"ListItem\",\"position\":3,\"name\":\"BBT Anti-Feu 500 ml\"}]},{\"@type\":\"WebSite\",\"@id\":\"https:\\\/\\\/shop.tombotto.ch\\\/fr\\\/#website\",\"url\":\"https:\\\/\\\/shop.tombotto.ch\\\/fr\\\/\",\"name\":\"Tombotto\",\"description\":\"Fest-, Event- &amp; Promotionsartikel\",\"publisher\":{\"@id\":\"https:\\\/\\\/shop.tombotto.ch\\\/fr\\\/#organization\"},\"potentialAction\":[{\"@type\":\"SearchAction\",\"target\":{\"@type\":\"EntryPoint\",\"urlTemplate\":\"https:\\\/\\\/shop.tombotto.ch\\\/fr\\\/?s={search_term_string}\"},\"query-input\":{\"@type\":\"PropertyValueSpecification\",\"valueRequired\":true,\"valueName\":\"search_term_string\"}}],\"inLanguage\":\"fr-FR\"},{\"@type\":\"Organization\",\"@id\":\"https:\\\/\\\/shop.tombotto.ch\\\/fr\\\/#organization\",\"name\":\"Tombotto\",\"url\":\"https:\\\/\\\/shop.tombotto.ch\\\/fr\\\/\",\"logo\":{\"@type\":\"ImageObject\",\"inLanguage\":\"fr-FR\",\"@id\":\"https:\\\/\\\/shop.tombotto.ch\\\/fr\\\/#\\\/schema\\\/logo\\\/image\\\/\",\"url\":\"https:\\\/\\\/shop.tombotto.ch\\\/wp-content\\\/uploads\\\/2023\\\/03\\\/logo.svg\",\"contentUrl\":\"https:\\\/\\\/shop.tombotto.ch\\\/wp-content\\\/uploads\\\/2023\\\/03\\\/logo.svg\",\"caption\":\"Tombotto\"},\"image\":{\"@id\":\"https:\\\/\\\/shop.tombotto.ch\\\/fr\\\/#\\\/schema\\\/logo\\\/image\\\/\"}}]}<\/script>\n<!-- \/ Yoast SEO Premium plugin. -->","yoast_head_json":{"title":"BBT Anti-Feu 500 ml","description":"Spray ignifuge 500 ml \u25b7 Non toxique \u2713 Pour l'impr\u00e9gnation des textiles \u271a Mat\u00e9riaux d\u00e9coratifs \u271a Sapins de No\u00ebl \u271a Couronnes de l'Avent \u27a8 Acheter en ligne ici \u25b7 shop.tombotto.ch","robots":{"index":"index","follow":"follow","max-snippet":"max-snippet:-1","max-image-preview":"max-image-preview:large","max-video-preview":"max-video-preview:-1"},"canonical":"https:\/\/shop.tombotto.ch\/fr\/shop\/bbt-anti-feu-500-ml\/","og_locale":"fr_FR","og_type":"article","og_title":"BBT Anti-Feu 500 ml","og_description":"Spray ignifuge 500 ml \u25b7 Non toxique \u2713 Pour l'impr\u00e9gnation des textiles \u271a Mat\u00e9riaux d\u00e9coratifs \u271a Sapins de No\u00ebl \u271a Couronnes de l'Avent \u27a8 Acheter en ligne ici \u25b7 shop.tombotto.ch","og_url":"https:\/\/shop.tombotto.ch\/fr\/shop\/bbt-anti-feu-500-ml\/","og_site_name":"Tombotto","article_modified_time":"2025-11-10T15:38:15+00:00","og_image":[{"width":800,"height":678,"url":"https:\/\/shop.tombotto.ch\/wp-content\/uploads\/2023\/05\/1520_gr.jpg","type":"image\/jpeg"}],"twitter_card":"summary_large_image","twitter_misc":{"Dur\u00e9e de lecture estim\u00e9e":"1 minute"},"schema":{"@context":"https:\/\/schema.org","@graph":[{"@type":"WebPage","@id":"https:\/\/shop.tombotto.ch\/fr\/shop\/bbt-anti-feu-500-ml\/","url":"https:\/\/shop.tombotto.ch\/fr\/shop\/bbt-anti-feu-500-ml\/","name":"BBT Anti-Feu 500 ml","isPartOf":{"@id":"https:\/\/shop.tombotto.ch\/fr\/#website"},"primaryImageOfPage":{"@id":"https:\/\/shop.tombotto.ch\/fr\/shop\/bbt-anti-feu-500-ml\/#primaryimage"},"image":{"@id":"https:\/\/shop.tombotto.ch\/fr\/shop\/bbt-anti-feu-500-ml\/#primaryimage"},"thumbnailUrl":"https:\/\/shop.tombotto.ch\/wp-content\/uploads\/2023\/05\/1520_gr.jpg","datePublished":"2023-05-23T15:13:00+00:00","dateModified":"2025-11-10T15:38:15+00:00","description":"Spray ignifuge 500 ml \u25b7 Non toxique \u2713 Pour l'impr\u00e9gnation des textiles \u271a Mat\u00e9riaux d\u00e9coratifs \u271a Sapins de No\u00ebl \u271a Couronnes de l'Avent \u27a8 Acheter en ligne ici \u25b7 shop.tombotto.ch","breadcrumb":{"@id":"https:\/\/shop.tombotto.ch\/fr\/shop\/bbt-anti-feu-500-ml\/#breadcrumb"},"inLanguage":"fr-FR","potentialAction":[{"@type":"ReadAction","target":["https:\/\/shop.tombotto.ch\/fr\/shop\/bbt-anti-feu-500-ml\/"]}]},{"@type":"ImageObject","inLanguage":"fr-FR","@id":"https:\/\/shop.tombotto.ch\/fr\/shop\/bbt-anti-feu-500-ml\/#primaryimage","url":"https:\/\/shop.tombotto.ch\/wp-content\/uploads\/2023\/05\/1520_gr.jpg","contentUrl":"https:\/\/shop.tombotto.ch\/wp-content\/uploads\/2023\/05\/1520_gr.jpg","width":800,"height":678},{"@type":"BreadcrumbList","@id":"https:\/\/shop.tombotto.ch\/fr\/shop\/bbt-anti-feu-500-ml\/#breadcrumb","itemListElement":[{"@type":"ListItem","position":1,"name":"Start","item":"https:\/\/shop.tombotto.ch\/fr\/"},{"@type":"ListItem","position":2,"name":"Shop","item":"https:\/\/shop.tombotto.ch\/fr\/shop\/"},{"@type":"ListItem","position":3,"name":"BBT Anti-Feu 500 ml"}]},{"@type":"WebSite","@id":"https:\/\/shop.tombotto.ch\/fr\/#website","url":"https:\/\/shop.tombotto.ch\/fr\/","name":"Tombotto","description":"Fest-, Event- &amp; Promotionsartikel","publisher":{"@id":"https:\/\/shop.tombotto.ch\/fr\/#organization"},"potentialAction":[{"@type":"SearchAction","target":{"@type":"EntryPoint","urlTemplate":"https:\/\/shop.tombotto.ch\/fr\/?s={search_term_string}"},"query-input":{"@type":"PropertyValueSpecification","valueRequired":true,"valueName":"search_term_string"}}],"inLanguage":"fr-FR"},{"@type":"Organization","@id":"https:\/\/shop.tombotto.ch\/fr\/#organization","name":"Tombotto","url":"https:\/\/shop.tombotto.ch\/fr\/","logo":{"@type":"ImageObject","inLanguage":"fr-FR","@id":"https:\/\/shop.tombotto.ch\/fr\/#\/schema\/logo\/image\/","url":"https:\/\/shop.tombotto.ch\/wp-content\/uploads\/2023\/03\/logo.svg","contentUrl":"https:\/\/shop.tombotto.ch\/wp-content\/uploads\/2023\/03\/logo.svg","caption":"Tombotto"},"image":{"@id":"https:\/\/shop.tombotto.ch\/fr\/#\/schema\/logo\/image\/"}}]}},"tiered_pricing_type":"fixed","tiered_pricing_fixed_rules":[],"tiered_pricing_product_settings":{"layout":"default","base_unit_name":{"singular":null,"plural":null},"default_variation":null},"tiered_pricing_minimum_quantity":null,"tiered_pricing_roles_data":[],"tiered_pricing_percentage_rules":[],"tiered_pricing_maximum_quantity":null,"tiered_pricing_quantity_step":null,"_links":{"self":[{"href":"https:\/\/shop.tombotto.ch\/fr\/wp-json\/wp\/v2\/product\/37722","targetHints":{"allow":["GET"]}}],"collection":[{"href":"https:\/\/shop.tombotto.ch\/fr\/wp-json\/wp\/v2\/product"}],"about":[{"href":"https:\/\/shop.tombotto.ch\/fr\/wp-json\/wp\/v2\/types\/product"}],"wp:featuredmedia":[{"embeddable":true,"href":"https:\/\/shop.tombotto.ch\/fr\/wp-json\/wp\/v2\/media\/35619"}],"wp:attachment":[{"href":"https:\/\/shop.tombotto.ch\/fr\/wp-json\/wp\/v2\/media?parent=37722"}],"wp:term":[{"taxonomy":"product_brand","embeddable":true,"href":"https:\/\/shop.tombotto.ch\/fr\/wp-json\/wp\/v2\/product_brand?post=37722"},{"taxonomy":"product_cat","embeddable":true,"href":"https:\/\/shop.tombotto.ch\/fr\/wp-json\/wp\/v2\/product_cat?post=37722"},{"taxonomy":"product_tag","embeddable":true,"href":"https:\/\/shop.tombotto.ch\/fr\/wp-json\/wp\/v2\/product_tag?post=37722"}],"curies":[{"name":"wp","href":"https:\/\/api.w.org\/{rel}","templated":true}]}}