{"id":37723,"date":"2023-05-23T17:13:00","date_gmt":"2023-05-23T15:13:00","guid":{"rendered":"https:\/\/shop.tombotto.ch\/shop\/bbt-brandschutzmittel-5-l\/"},"modified":"2025-11-10T17:11:52","modified_gmt":"2025-11-10T16:11:52","slug":"bbt-anti-feu-5-l","status":"publish","type":"product","link":"https:\/\/shop.tombotto.ch\/fr\/shop\/bbt-anti-feu-5-l\/","title":{"rendered":"BBT Anti-Feu 5 l"},"content":{"rendered":"<p>Produit ignifuge<\/p>\n<ul>\n<li>Non toxique<\/li>\n<li>Soluble \u00e0 l&rsquo;eau<\/li>\n<li>Respecte l&rsquo;environnement<\/li>\n<\/ul>\n<p>Pour les textiles et le papier, nous recommandons le produit ignifuge BBT Antiflame 1030 T. Ce traitement convient aux textiles absorbants de diff\u00e9rents types de fibres et de diff\u00e9rents modes de production. Une forte proportion de fibres synth\u00e9tiques ou l&rsquo;utilisation de proc\u00e9d\u00e9s d&rsquo;appr\u00eat sp\u00e9ciaux peuvent entra\u00eener une capacit\u00e9 d&rsquo;absorption insuffisante et rendre l&rsquo;impr\u00e9gnation impossible. Il est recommand\u00e9 de tester au pr\u00e9alable le tissu pour v\u00e9rifier qu&rsquo;il ne se d\u00e9colore pas et ne se tache pas. L&rsquo;impr\u00e9gnation peut entra\u00eener un certain raidissement du tissu. Classe de r\u00e9sistance au feu B1.<\/p>\n<p>Attention : le produit est soluble dans l&rsquo;eau. Apr\u00e8s un lavage, il est imp\u00e9ratif de renouveler le traitement.  Ne convient pas pour l&rsquo;impr\u00e9gnation des sapins de No\u00ebl et des couronnes de l&rsquo;Avent.<\/p>\n","protected":false},"excerpt":{"rendered":"<p>Produit pr\u00e9ventif contre les incendies<\/p>\n","protected":false},"featured_media":35622,"template":"","meta":{"_acf_changed":false,"inline_featured_image":false},"product_brand":[],"product_cat":[4662,4597],"product_tag":[],"class_list":{"0":"post-37723","1":"product","2":"type-product","3":"status-publish","4":"has-post-thumbnail","6":"product_cat-feu-flamme","7":"product_cat-divers-decor","9":"first","10":"instock","11":"taxable","12":"shipping-taxable","13":"purchasable","14":"product-type-simple"},"exclude_global_add_ons":[],"addons":[],"acf":[],"yoast_head":"<!-- This site is optimized with the Yoast SEO Premium plugin v27.4 (Yoast SEO v27.4) - https:\/\/yoast.com\/product\/yoast-seo-premium-wordpress\/ -->\n<title>BBT Anti-Feu 5 l<\/title>\n<meta name=\"description\" content=\"Produit ignifuge 5 l Bidon \u27a8 Non toxique \u2714\ufe0f Respectueux de l&#039;environnement \u2714\ufe0f Soluble dans l&#039;eau \u2714\ufe0f Pour les mat\u00e9riaux absorbants \u2714\ufe0f Commander maintenant chez \u25b7 tombotto gmbh\" \/>\n<meta name=\"robots\" content=\"index, follow, max-snippet:-1, max-image-preview:large, max-video-preview:-1\" \/>\n<link rel=\"canonical\" href=\"https:\/\/shop.tombotto.ch\/fr\/shop\/bbt-anti-feu-5-l\/\" \/>\n<meta property=\"og:locale\" content=\"fr_FR\" \/>\n<meta property=\"og:type\" content=\"article\" \/>\n<meta property=\"og:title\" content=\"BBT Anti-Feu 5 l\" \/>\n<meta property=\"og:description\" content=\"Produit ignifuge 5 l Bidon \u27a8 Non toxique \u2714\ufe0f Respectueux de l&#039;environnement \u2714\ufe0f Soluble dans l&#039;eau \u2714\ufe0f Pour les mat\u00e9riaux absorbants \u2714\ufe0f Commander maintenant chez \u25b7 tombotto gmbh\" \/>\n<meta property=\"og:url\" content=\"https:\/\/shop.tombotto.ch\/fr\/shop\/bbt-anti-feu-5-l\/\" \/>\n<meta property=\"og:site_name\" content=\"Tombotto\" \/>\n<meta property=\"article:modified_time\" content=\"2025-11-10T16:11:52+00:00\" \/>\n<meta property=\"og:image\" content=\"https:\/\/shop.tombotto.ch\/wp-content\/uploads\/2023\/05\/1521_gr.jpg\" \/>\n\t<meta property=\"og:image:width\" content=\"800\" \/>\n\t<meta property=\"og:image:height\" content=\"678\" \/>\n\t<meta property=\"og:image:type\" content=\"image\/jpeg\" \/>\n<meta name=\"twitter:card\" content=\"summary_large_image\" \/>\n<meta name=\"twitter:label1\" content=\"Dur\u00e9e de lecture estim\u00e9e\" \/>\n\t<meta name=\"twitter:data1\" content=\"1 minute\" \/>\n<script type=\"application\/ld+json\" class=\"yoast-schema-graph\">{\"@context\":\"https:\\\/\\\/schema.org\",\"@graph\":[{\"@type\":\"WebPage\",\"@id\":\"https:\\\/\\\/shop.tombotto.ch\\\/fr\\\/shop\\\/bbt-anti-feu-5-l\\\/\",\"url\":\"https:\\\/\\\/shop.tombotto.ch\\\/fr\\\/shop\\\/bbt-anti-feu-5-l\\\/\",\"name\":\"BBT Anti-Feu 5 l\",\"isPartOf\":{\"@id\":\"https:\\\/\\\/shop.tombotto.ch\\\/fr\\\/#website\"},\"primaryImageOfPage\":{\"@id\":\"https:\\\/\\\/shop.tombotto.ch\\\/fr\\\/shop\\\/bbt-anti-feu-5-l\\\/#primaryimage\"},\"image\":{\"@id\":\"https:\\\/\\\/shop.tombotto.ch\\\/fr\\\/shop\\\/bbt-anti-feu-5-l\\\/#primaryimage\"},\"thumbnailUrl\":\"https:\\\/\\\/shop.tombotto.ch\\\/wp-content\\\/uploads\\\/2023\\\/05\\\/1521_gr.jpg\",\"datePublished\":\"2023-05-23T15:13:00+00:00\",\"dateModified\":\"2025-11-10T16:11:52+00:00\",\"description\":\"Produit ignifuge 5 l Bidon \u27a8 Non toxique \u2714\ufe0f Respectueux de l'environnement \u2714\ufe0f Soluble dans l'eau \u2714\ufe0f Pour les mat\u00e9riaux absorbants \u2714\ufe0f Commander maintenant chez \u25b7 tombotto gmbh\",\"breadcrumb\":{\"@id\":\"https:\\\/\\\/shop.tombotto.ch\\\/fr\\\/shop\\\/bbt-anti-feu-5-l\\\/#breadcrumb\"},\"inLanguage\":\"fr-FR\",\"potentialAction\":[{\"@type\":\"ReadAction\",\"target\":[\"https:\\\/\\\/shop.tombotto.ch\\\/fr\\\/shop\\\/bbt-anti-feu-5-l\\\/\"]}]},{\"@type\":\"ImageObject\",\"inLanguage\":\"fr-FR\",\"@id\":\"https:\\\/\\\/shop.tombotto.ch\\\/fr\\\/shop\\\/bbt-anti-feu-5-l\\\/#primaryimage\",\"url\":\"https:\\\/\\\/shop.tombotto.ch\\\/wp-content\\\/uploads\\\/2023\\\/05\\\/1521_gr.jpg\",\"contentUrl\":\"https:\\\/\\\/shop.tombotto.ch\\\/wp-content\\\/uploads\\\/2023\\\/05\\\/1521_gr.jpg\",\"width\":800,\"height\":678},{\"@type\":\"BreadcrumbList\",\"@id\":\"https:\\\/\\\/shop.tombotto.ch\\\/fr\\\/shop\\\/bbt-anti-feu-5-l\\\/#breadcrumb\",\"itemListElement\":[{\"@type\":\"ListItem\",\"position\":1,\"name\":\"Start\",\"item\":\"https:\\\/\\\/shop.tombotto.ch\\\/fr\\\/\"},{\"@type\":\"ListItem\",\"position\":2,\"name\":\"Shop\",\"item\":\"https:\\\/\\\/shop.tombotto.ch\\\/fr\\\/shop\\\/\"},{\"@type\":\"ListItem\",\"position\":3,\"name\":\"BBT Anti-Feu 5 l\"}]},{\"@type\":\"WebSite\",\"@id\":\"https:\\\/\\\/shop.tombotto.ch\\\/fr\\\/#website\",\"url\":\"https:\\\/\\\/shop.tombotto.ch\\\/fr\\\/\",\"name\":\"Tombotto\",\"description\":\"Fest-, Event- &amp; Promotionsartikel\",\"publisher\":{\"@id\":\"https:\\\/\\\/shop.tombotto.ch\\\/fr\\\/#organization\"},\"potentialAction\":[{\"@type\":\"SearchAction\",\"target\":{\"@type\":\"EntryPoint\",\"urlTemplate\":\"https:\\\/\\\/shop.tombotto.ch\\\/fr\\\/?s={search_term_string}\"},\"query-input\":{\"@type\":\"PropertyValueSpecification\",\"valueRequired\":true,\"valueName\":\"search_term_string\"}}],\"inLanguage\":\"fr-FR\"},{\"@type\":\"Organization\",\"@id\":\"https:\\\/\\\/shop.tombotto.ch\\\/fr\\\/#organization\",\"name\":\"Tombotto\",\"url\":\"https:\\\/\\\/shop.tombotto.ch\\\/fr\\\/\",\"logo\":{\"@type\":\"ImageObject\",\"inLanguage\":\"fr-FR\",\"@id\":\"https:\\\/\\\/shop.tombotto.ch\\\/fr\\\/#\\\/schema\\\/logo\\\/image\\\/\",\"url\":\"https:\\\/\\\/shop.tombotto.ch\\\/wp-content\\\/uploads\\\/2023\\\/03\\\/logo.svg\",\"contentUrl\":\"https:\\\/\\\/shop.tombotto.ch\\\/wp-content\\\/uploads\\\/2023\\\/03\\\/logo.svg\",\"caption\":\"Tombotto\"},\"image\":{\"@id\":\"https:\\\/\\\/shop.tombotto.ch\\\/fr\\\/#\\\/schema\\\/logo\\\/image\\\/\"}}]}<\/script>\n<!-- \/ Yoast SEO Premium plugin. -->","yoast_head_json":{"title":"BBT Anti-Feu 5 l","description":"Produit ignifuge 5 l Bidon \u27a8 Non toxique \u2714\ufe0f Respectueux de l'environnement \u2714\ufe0f Soluble dans l'eau \u2714\ufe0f Pour les mat\u00e9riaux absorbants \u2714\ufe0f Commander maintenant chez \u25b7 tombotto gmbh","robots":{"index":"index","follow":"follow","max-snippet":"max-snippet:-1","max-image-preview":"max-image-preview:large","max-video-preview":"max-video-preview:-1"},"canonical":"https:\/\/shop.tombotto.ch\/fr\/shop\/bbt-anti-feu-5-l\/","og_locale":"fr_FR","og_type":"article","og_title":"BBT Anti-Feu 5 l","og_description":"Produit ignifuge 5 l Bidon \u27a8 Non toxique \u2714\ufe0f Respectueux de l'environnement \u2714\ufe0f Soluble dans l'eau \u2714\ufe0f Pour les mat\u00e9riaux absorbants \u2714\ufe0f Commander maintenant chez \u25b7 tombotto gmbh","og_url":"https:\/\/shop.tombotto.ch\/fr\/shop\/bbt-anti-feu-5-l\/","og_site_name":"Tombotto","article_modified_time":"2025-11-10T16:11:52+00:00","og_image":[{"width":800,"height":678,"url":"https:\/\/shop.tombotto.ch\/wp-content\/uploads\/2023\/05\/1521_gr.jpg","type":"image\/jpeg"}],"twitter_card":"summary_large_image","twitter_misc":{"Dur\u00e9e de lecture estim\u00e9e":"1 minute"},"schema":{"@context":"https:\/\/schema.org","@graph":[{"@type":"WebPage","@id":"https:\/\/shop.tombotto.ch\/fr\/shop\/bbt-anti-feu-5-l\/","url":"https:\/\/shop.tombotto.ch\/fr\/shop\/bbt-anti-feu-5-l\/","name":"BBT Anti-Feu 5 l","isPartOf":{"@id":"https:\/\/shop.tombotto.ch\/fr\/#website"},"primaryImageOfPage":{"@id":"https:\/\/shop.tombotto.ch\/fr\/shop\/bbt-anti-feu-5-l\/#primaryimage"},"image":{"@id":"https:\/\/shop.tombotto.ch\/fr\/shop\/bbt-anti-feu-5-l\/#primaryimage"},"thumbnailUrl":"https:\/\/shop.tombotto.ch\/wp-content\/uploads\/2023\/05\/1521_gr.jpg","datePublished":"2023-05-23T15:13:00+00:00","dateModified":"2025-11-10T16:11:52+00:00","description":"Produit ignifuge 5 l Bidon \u27a8 Non toxique \u2714\ufe0f Respectueux de l'environnement \u2714\ufe0f Soluble dans l'eau \u2714\ufe0f Pour les mat\u00e9riaux absorbants \u2714\ufe0f Commander maintenant chez \u25b7 tombotto gmbh","breadcrumb":{"@id":"https:\/\/shop.tombotto.ch\/fr\/shop\/bbt-anti-feu-5-l\/#breadcrumb"},"inLanguage":"fr-FR","potentialAction":[{"@type":"ReadAction","target":["https:\/\/shop.tombotto.ch\/fr\/shop\/bbt-anti-feu-5-l\/"]}]},{"@type":"ImageObject","inLanguage":"fr-FR","@id":"https:\/\/shop.tombotto.ch\/fr\/shop\/bbt-anti-feu-5-l\/#primaryimage","url":"https:\/\/shop.tombotto.ch\/wp-content\/uploads\/2023\/05\/1521_gr.jpg","contentUrl":"https:\/\/shop.tombotto.ch\/wp-content\/uploads\/2023\/05\/1521_gr.jpg","width":800,"height":678},{"@type":"BreadcrumbList","@id":"https:\/\/shop.tombotto.ch\/fr\/shop\/bbt-anti-feu-5-l\/#breadcrumb","itemListElement":[{"@type":"ListItem","position":1,"name":"Start","item":"https:\/\/shop.tombotto.ch\/fr\/"},{"@type":"ListItem","position":2,"name":"Shop","item":"https:\/\/shop.tombotto.ch\/fr\/shop\/"},{"@type":"ListItem","position":3,"name":"BBT Anti-Feu 5 l"}]},{"@type":"WebSite","@id":"https:\/\/shop.tombotto.ch\/fr\/#website","url":"https:\/\/shop.tombotto.ch\/fr\/","name":"Tombotto","description":"Fest-, Event- &amp; Promotionsartikel","publisher":{"@id":"https:\/\/shop.tombotto.ch\/fr\/#organization"},"potentialAction":[{"@type":"SearchAction","target":{"@type":"EntryPoint","urlTemplate":"https:\/\/shop.tombotto.ch\/fr\/?s={search_term_string}"},"query-input":{"@type":"PropertyValueSpecification","valueRequired":true,"valueName":"search_term_string"}}],"inLanguage":"fr-FR"},{"@type":"Organization","@id":"https:\/\/shop.tombotto.ch\/fr\/#organization","name":"Tombotto","url":"https:\/\/shop.tombotto.ch\/fr\/","logo":{"@type":"ImageObject","inLanguage":"fr-FR","@id":"https:\/\/shop.tombotto.ch\/fr\/#\/schema\/logo\/image\/","url":"https:\/\/shop.tombotto.ch\/wp-content\/uploads\/2023\/03\/logo.svg","contentUrl":"https:\/\/shop.tombotto.ch\/wp-content\/uploads\/2023\/03\/logo.svg","caption":"Tombotto"},"image":{"@id":"https:\/\/shop.tombotto.ch\/fr\/#\/schema\/logo\/image\/"}}]}},"tiered_pricing_type":"fixed","tiered_pricing_fixed_rules":[],"tiered_pricing_product_settings":{"layout":"default","base_unit_name":{"singular":null,"plural":null},"default_variation":null},"tiered_pricing_minimum_quantity":null,"tiered_pricing_roles_data":[],"tiered_pricing_percentage_rules":[],"tiered_pricing_maximum_quantity":null,"tiered_pricing_quantity_step":null,"_links":{"self":[{"href":"https:\/\/shop.tombotto.ch\/fr\/wp-json\/wp\/v2\/product\/37723","targetHints":{"allow":["GET"]}}],"collection":[{"href":"https:\/\/shop.tombotto.ch\/fr\/wp-json\/wp\/v2\/product"}],"about":[{"href":"https:\/\/shop.tombotto.ch\/fr\/wp-json\/wp\/v2\/types\/product"}],"wp:featuredmedia":[{"embeddable":true,"href":"https:\/\/shop.tombotto.ch\/fr\/wp-json\/wp\/v2\/media\/35622"}],"wp:attachment":[{"href":"https:\/\/shop.tombotto.ch\/fr\/wp-json\/wp\/v2\/media?parent=37723"}],"wp:term":[{"taxonomy":"product_brand","embeddable":true,"href":"https:\/\/shop.tombotto.ch\/fr\/wp-json\/wp\/v2\/product_brand?post=37723"},{"taxonomy":"product_cat","embeddable":true,"href":"https:\/\/shop.tombotto.ch\/fr\/wp-json\/wp\/v2\/product_cat?post=37723"},{"taxonomy":"product_tag","embeddable":true,"href":"https:\/\/shop.tombotto.ch\/fr\/wp-json\/wp\/v2\/product_tag?post=37723"}],"curies":[{"name":"wp","href":"https:\/\/api.w.org\/{rel}","templated":true}]}}