{"id":37758,"date":"2023-05-23T17:13:19","date_gmt":"2023-05-23T15:13:19","guid":{"rendered":"https:\/\/shop.tombotto.ch\/shop\/magicfx-shot-base-dmx\/"},"modified":"2026-03-20T17:14:28","modified_gmt":"2026-03-20T16:14:28","slug":"magic-fx-shot-base-dmx","status":"publish","type":"product","link":"https:\/\/shop.tombotto.ch\/fr\/shop\/magic-fx-shot-base-dmx\/","title":{"rendered":"MAGIC FX\u00ae SHOT BASE DMX"},"content":{"rendered":"<p>Die Shot Base DMX Ger\u00e4te sind sehr einfache und zugleich professionelle Abschusseinheiten f\u00fcr Konfetti und Luftschlangen. Sie wurden hergestellt, um die gef\u00fcllten, einmalig verwendbaren elektronischen Konfettikanonen abzuschiessen.<\/p>\n<p>Die Kanonen enthalten eine Co2 Kartusche f\u00fcr einen kr\u00e4ftigen Effekt. Die Kanonen sind in zwei L\u00e4ngen erh\u00e4ltlich und sind entweder mit Slowfall Konfettis oder Luftschlangen gef\u00fcllt. Die Konfettis werden bis 12 m und die Luftschlangen bis 20 m weit geschleudert!<\/p>\n<p>Die Kanonen werden elektrisch \u00fcber DMX ausgel\u00f6st.<\/p>\n<ul>\n<li>Professionelles Konfetti Abschussger\u00e4t<\/li>\n<li>DMX Steuerung (1 Safety- \/ 4 Abschusskan\u00e4le)<\/li>\n<li>Power 220V \/ 400W<\/li>\n<li>Gr\u00f6sse 280 mm x 280 mm x 120 mm<\/li>\n<li>Gewicht 11 kg<\/li>\n<\/ul>\n<p class=\"no_margin\"><a href=\"https:\/\/www.youtube.com\/watch?v=Sm_2ltRm3jY\" target=\"_blank\" rel=\"noopener noreferrer\">Video<\/a><\/p>\n<p class=\"no_margin\"><a href=\"https:\/\/shop.tombotto.ch\/wp-content\/uploads\/2023\/06\/manual_shot_base_dmx_eng.pdf\" target=\"_blank\" rel=\"noopener noreferrer\">Gebrauchsanweisung<\/a><\/p>\n<p>\ud83d\udc49 <a href=\"https:\/\/shop.tombotto.ch\/fr\/categorie-produit\/magic-fx-appareils\/shooter-electroniques\/\" target=\"_blank\" rel=\"noopener noreferrer\">Zur Auswahl der elektro Kanonen<\/a> \ud83d\uded2<\/p>\n<p>Zur Gew\u00e4hrleistung der Garantiefrist von 3 Jahren ist dieser Artikel auftragsbezogen und die Lieferfrist kann rund 2 Wochen betragen.<\/p>\n<p class=\"no_margin\">Fragen Sie nach dem aktuellen Lieferstatus &#8211;\u00a0<a href=\"mailto:info@tombotto.ch?subject=Lieferstatus Shot Base DMX\">info@tombotto.ch<\/a><\/p>\n","protected":false},"excerpt":{"rendered":"<p>Die Shot Base DMX Ger\u00e4te sind sehr einfache und zugleich professionelle Abschusseinheiten f\u00fcr Konfetti und Luftschlangen. Sie wurden hergestellt, um die gef\u00fcllten, einmalig verwendbaren elektronischen Konfettikanonen abzuschiessen. Die Kanonen enthalten eine Co2 Kartusche f\u00fcr einen kr\u00e4ftigen Effekt. Die Kanonen sind in zwei L\u00e4ngen erh\u00e4ltlich und sind entweder mit Slowfall Konfettis oder Luftschlangen gef\u00fcllt. Die Konfettis [&hellip;]<\/p>\n","protected":false},"featured_media":35727,"template":"","meta":{"_acf_changed":false,"inline_featured_image":false},"product_brand":[],"product_cat":[4772],"product_tag":[],"class_list":{"0":"post-37758","1":"product","2":"type-product","3":"status-publish","4":"has-post-thumbnail","6":"product_cat-confetti","8":"first","9":"instock","10":"taxable","11":"shipping-taxable","12":"purchasable","13":"product-type-simple"},"exclude_global_add_ons":[],"addons":[],"acf":[],"yoast_head":"<!-- This site is optimized with the Yoast SEO Premium plugin v27.4 (Yoast SEO v27.4) - https:\/\/yoast.com\/product\/yoast-seo-premium-wordpress\/ -->\n<title>MAGIC FX\u00ae SHOT BASE DMX<\/title>\n<meta name=\"description\" content=\"MAGIC FX\u00ae SHOT BASE DMX \u25b7 4er Abschussrampe f\u00fcr elektro Konfettikanonen \u2713 230V \u2713 DMX steuerbar \u2713 3 Jahre Garantie \u27a8 shop.tombotto.ch\" \/>\n<meta name=\"robots\" content=\"index, follow, max-snippet:-1, max-image-preview:large, max-video-preview:-1\" \/>\n<link rel=\"canonical\" href=\"https:\/\/shop.tombotto.ch\/fr\/shop\/magic-fx-shot-base-dmx\/\" \/>\n<meta property=\"og:locale\" content=\"fr_FR\" \/>\n<meta property=\"og:type\" content=\"article\" \/>\n<meta property=\"og:title\" content=\"MAGIC FX\u00ae SHOT BASE DMX\" \/>\n<meta property=\"og:description\" content=\"MAGIC FX\u00ae SHOT BASE DMX \u25b7 4er Abschussrampe f\u00fcr elektro Konfettikanonen \u2713 230V \u2713 DMX steuerbar \u2713 3 Jahre Garantie \u27a8 shop.tombotto.ch\" \/>\n<meta property=\"og:url\" content=\"https:\/\/shop.tombotto.ch\/fr\/shop\/magic-fx-shot-base-dmx\/\" \/>\n<meta property=\"og:site_name\" content=\"Tombotto\" \/>\n<meta property=\"article:modified_time\" content=\"2026-03-20T16:14:28+00:00\" \/>\n<meta property=\"og:image\" content=\"https:\/\/shop.tombotto.ch\/wp-content\/uploads\/2023\/05\/1666_gr.jpg\" \/>\n\t<meta property=\"og:image:width\" content=\"800\" \/>\n\t<meta property=\"og:image:height\" content=\"678\" \/>\n\t<meta property=\"og:image:type\" content=\"image\/jpeg\" \/>\n<meta name=\"twitter:card\" content=\"summary_large_image\" \/>\n<meta name=\"twitter:label1\" content=\"Dur\u00e9e de lecture estim\u00e9e\" \/>\n\t<meta name=\"twitter:data1\" content=\"2 minutes\" \/>\n<script type=\"application\/ld+json\" class=\"yoast-schema-graph\">{\"@context\":\"https:\\\/\\\/schema.org\",\"@graph\":[{\"@type\":\"WebPage\",\"@id\":\"https:\\\/\\\/shop.tombotto.ch\\\/fr\\\/shop\\\/magic-fx-shot-base-dmx\\\/\",\"url\":\"https:\\\/\\\/shop.tombotto.ch\\\/fr\\\/shop\\\/magic-fx-shot-base-dmx\\\/\",\"name\":\"MAGIC FX\u00ae SHOT BASE DMX\",\"isPartOf\":{\"@id\":\"https:\\\/\\\/shop.tombotto.ch\\\/fr\\\/#website\"},\"primaryImageOfPage\":{\"@id\":\"https:\\\/\\\/shop.tombotto.ch\\\/fr\\\/shop\\\/magic-fx-shot-base-dmx\\\/#primaryimage\"},\"image\":{\"@id\":\"https:\\\/\\\/shop.tombotto.ch\\\/fr\\\/shop\\\/magic-fx-shot-base-dmx\\\/#primaryimage\"},\"thumbnailUrl\":\"https:\\\/\\\/shop.tombotto.ch\\\/wp-content\\\/uploads\\\/2023\\\/05\\\/1666_gr.jpg\",\"datePublished\":\"2023-05-23T15:13:19+00:00\",\"dateModified\":\"2026-03-20T16:14:28+00:00\",\"description\":\"MAGIC FX\u00ae SHOT BASE DMX \u25b7 4er Abschussrampe f\u00fcr elektro Konfettikanonen \u2713 230V \u2713 DMX steuerbar \u2713 3 Jahre Garantie \u27a8 shop.tombotto.ch\",\"breadcrumb\":{\"@id\":\"https:\\\/\\\/shop.tombotto.ch\\\/fr\\\/shop\\\/magic-fx-shot-base-dmx\\\/#breadcrumb\"},\"inLanguage\":\"fr-FR\",\"potentialAction\":[{\"@type\":\"ReadAction\",\"target\":[\"https:\\\/\\\/shop.tombotto.ch\\\/fr\\\/shop\\\/magic-fx-shot-base-dmx\\\/\"]}]},{\"@type\":\"ImageObject\",\"inLanguage\":\"fr-FR\",\"@id\":\"https:\\\/\\\/shop.tombotto.ch\\\/fr\\\/shop\\\/magic-fx-shot-base-dmx\\\/#primaryimage\",\"url\":\"https:\\\/\\\/shop.tombotto.ch\\\/wp-content\\\/uploads\\\/2023\\\/05\\\/1666_gr.jpg\",\"contentUrl\":\"https:\\\/\\\/shop.tombotto.ch\\\/wp-content\\\/uploads\\\/2023\\\/05\\\/1666_gr.jpg\",\"width\":800,\"height\":678},{\"@type\":\"BreadcrumbList\",\"@id\":\"https:\\\/\\\/shop.tombotto.ch\\\/fr\\\/shop\\\/magic-fx-shot-base-dmx\\\/#breadcrumb\",\"itemListElement\":[{\"@type\":\"ListItem\",\"position\":1,\"name\":\"Start\",\"item\":\"https:\\\/\\\/shop.tombotto.ch\\\/fr\\\/\"},{\"@type\":\"ListItem\",\"position\":2,\"name\":\"Shop\",\"item\":\"https:\\\/\\\/shop.tombotto.ch\\\/fr\\\/shop\\\/\"},{\"@type\":\"ListItem\",\"position\":3,\"name\":\"MAGIC FX\u00ae SHOT BASE DMX\"}]},{\"@type\":\"WebSite\",\"@id\":\"https:\\\/\\\/shop.tombotto.ch\\\/fr\\\/#website\",\"url\":\"https:\\\/\\\/shop.tombotto.ch\\\/fr\\\/\",\"name\":\"Tombotto\",\"description\":\"Fest-, Event- &amp; Promotionsartikel\",\"publisher\":{\"@id\":\"https:\\\/\\\/shop.tombotto.ch\\\/fr\\\/#organization\"},\"potentialAction\":[{\"@type\":\"SearchAction\",\"target\":{\"@type\":\"EntryPoint\",\"urlTemplate\":\"https:\\\/\\\/shop.tombotto.ch\\\/fr\\\/?s={search_term_string}\"},\"query-input\":{\"@type\":\"PropertyValueSpecification\",\"valueRequired\":true,\"valueName\":\"search_term_string\"}}],\"inLanguage\":\"fr-FR\"},{\"@type\":\"Organization\",\"@id\":\"https:\\\/\\\/shop.tombotto.ch\\\/fr\\\/#organization\",\"name\":\"Tombotto\",\"url\":\"https:\\\/\\\/shop.tombotto.ch\\\/fr\\\/\",\"logo\":{\"@type\":\"ImageObject\",\"inLanguage\":\"fr-FR\",\"@id\":\"https:\\\/\\\/shop.tombotto.ch\\\/fr\\\/#\\\/schema\\\/logo\\\/image\\\/\",\"url\":\"https:\\\/\\\/shop.tombotto.ch\\\/wp-content\\\/uploads\\\/2023\\\/03\\\/logo.svg\",\"contentUrl\":\"https:\\\/\\\/shop.tombotto.ch\\\/wp-content\\\/uploads\\\/2023\\\/03\\\/logo.svg\",\"caption\":\"Tombotto\"},\"image\":{\"@id\":\"https:\\\/\\\/shop.tombotto.ch\\\/fr\\\/#\\\/schema\\\/logo\\\/image\\\/\"}}]}<\/script>\n<!-- \/ Yoast SEO Premium plugin. -->","yoast_head_json":{"title":"MAGIC FX\u00ae SHOT BASE DMX","description":"MAGIC FX\u00ae SHOT BASE DMX \u25b7 4er Abschussrampe f\u00fcr elektro Konfettikanonen \u2713 230V \u2713 DMX steuerbar \u2713 3 Jahre Garantie \u27a8 shop.tombotto.ch","robots":{"index":"index","follow":"follow","max-snippet":"max-snippet:-1","max-image-preview":"max-image-preview:large","max-video-preview":"max-video-preview:-1"},"canonical":"https:\/\/shop.tombotto.ch\/fr\/shop\/magic-fx-shot-base-dmx\/","og_locale":"fr_FR","og_type":"article","og_title":"MAGIC FX\u00ae SHOT BASE DMX","og_description":"MAGIC FX\u00ae SHOT BASE DMX \u25b7 4er Abschussrampe f\u00fcr elektro Konfettikanonen \u2713 230V \u2713 DMX steuerbar \u2713 3 Jahre Garantie \u27a8 shop.tombotto.ch","og_url":"https:\/\/shop.tombotto.ch\/fr\/shop\/magic-fx-shot-base-dmx\/","og_site_name":"Tombotto","article_modified_time":"2026-03-20T16:14:28+00:00","og_image":[{"width":800,"height":678,"url":"https:\/\/shop.tombotto.ch\/wp-content\/uploads\/2023\/05\/1666_gr.jpg","type":"image\/jpeg"}],"twitter_card":"summary_large_image","twitter_misc":{"Dur\u00e9e de lecture estim\u00e9e":"2 minutes"},"schema":{"@context":"https:\/\/schema.org","@graph":[{"@type":"WebPage","@id":"https:\/\/shop.tombotto.ch\/fr\/shop\/magic-fx-shot-base-dmx\/","url":"https:\/\/shop.tombotto.ch\/fr\/shop\/magic-fx-shot-base-dmx\/","name":"MAGIC FX\u00ae SHOT BASE DMX","isPartOf":{"@id":"https:\/\/shop.tombotto.ch\/fr\/#website"},"primaryImageOfPage":{"@id":"https:\/\/shop.tombotto.ch\/fr\/shop\/magic-fx-shot-base-dmx\/#primaryimage"},"image":{"@id":"https:\/\/shop.tombotto.ch\/fr\/shop\/magic-fx-shot-base-dmx\/#primaryimage"},"thumbnailUrl":"https:\/\/shop.tombotto.ch\/wp-content\/uploads\/2023\/05\/1666_gr.jpg","datePublished":"2023-05-23T15:13:19+00:00","dateModified":"2026-03-20T16:14:28+00:00","description":"MAGIC FX\u00ae SHOT BASE DMX \u25b7 4er Abschussrampe f\u00fcr elektro Konfettikanonen \u2713 230V \u2713 DMX steuerbar \u2713 3 Jahre Garantie \u27a8 shop.tombotto.ch","breadcrumb":{"@id":"https:\/\/shop.tombotto.ch\/fr\/shop\/magic-fx-shot-base-dmx\/#breadcrumb"},"inLanguage":"fr-FR","potentialAction":[{"@type":"ReadAction","target":["https:\/\/shop.tombotto.ch\/fr\/shop\/magic-fx-shot-base-dmx\/"]}]},{"@type":"ImageObject","inLanguage":"fr-FR","@id":"https:\/\/shop.tombotto.ch\/fr\/shop\/magic-fx-shot-base-dmx\/#primaryimage","url":"https:\/\/shop.tombotto.ch\/wp-content\/uploads\/2023\/05\/1666_gr.jpg","contentUrl":"https:\/\/shop.tombotto.ch\/wp-content\/uploads\/2023\/05\/1666_gr.jpg","width":800,"height":678},{"@type":"BreadcrumbList","@id":"https:\/\/shop.tombotto.ch\/fr\/shop\/magic-fx-shot-base-dmx\/#breadcrumb","itemListElement":[{"@type":"ListItem","position":1,"name":"Start","item":"https:\/\/shop.tombotto.ch\/fr\/"},{"@type":"ListItem","position":2,"name":"Shop","item":"https:\/\/shop.tombotto.ch\/fr\/shop\/"},{"@type":"ListItem","position":3,"name":"MAGIC FX\u00ae SHOT BASE DMX"}]},{"@type":"WebSite","@id":"https:\/\/shop.tombotto.ch\/fr\/#website","url":"https:\/\/shop.tombotto.ch\/fr\/","name":"Tombotto","description":"Fest-, Event- &amp; Promotionsartikel","publisher":{"@id":"https:\/\/shop.tombotto.ch\/fr\/#organization"},"potentialAction":[{"@type":"SearchAction","target":{"@type":"EntryPoint","urlTemplate":"https:\/\/shop.tombotto.ch\/fr\/?s={search_term_string}"},"query-input":{"@type":"PropertyValueSpecification","valueRequired":true,"valueName":"search_term_string"}}],"inLanguage":"fr-FR"},{"@type":"Organization","@id":"https:\/\/shop.tombotto.ch\/fr\/#organization","name":"Tombotto","url":"https:\/\/shop.tombotto.ch\/fr\/","logo":{"@type":"ImageObject","inLanguage":"fr-FR","@id":"https:\/\/shop.tombotto.ch\/fr\/#\/schema\/logo\/image\/","url":"https:\/\/shop.tombotto.ch\/wp-content\/uploads\/2023\/03\/logo.svg","contentUrl":"https:\/\/shop.tombotto.ch\/wp-content\/uploads\/2023\/03\/logo.svg","caption":"Tombotto"},"image":{"@id":"https:\/\/shop.tombotto.ch\/fr\/#\/schema\/logo\/image\/"}}]}},"tiered_pricing_type":"fixed","tiered_pricing_fixed_rules":[],"tiered_pricing_product_settings":{"layout":"default","base_unit_name":{"singular":null,"plural":null},"default_variation":null},"tiered_pricing_minimum_quantity":null,"tiered_pricing_roles_data":[],"tiered_pricing_percentage_rules":[],"tiered_pricing_maximum_quantity":null,"tiered_pricing_quantity_step":null,"_links":{"self":[{"href":"https:\/\/shop.tombotto.ch\/fr\/wp-json\/wp\/v2\/product\/37758","targetHints":{"allow":["GET"]}}],"collection":[{"href":"https:\/\/shop.tombotto.ch\/fr\/wp-json\/wp\/v2\/product"}],"about":[{"href":"https:\/\/shop.tombotto.ch\/fr\/wp-json\/wp\/v2\/types\/product"}],"wp:featuredmedia":[{"embeddable":true,"href":"https:\/\/shop.tombotto.ch\/fr\/wp-json\/wp\/v2\/media\/35727"}],"wp:attachment":[{"href":"https:\/\/shop.tombotto.ch\/fr\/wp-json\/wp\/v2\/media?parent=37758"}],"wp:term":[{"taxonomy":"product_brand","embeddable":true,"href":"https:\/\/shop.tombotto.ch\/fr\/wp-json\/wp\/v2\/product_brand?post=37758"},{"taxonomy":"product_cat","embeddable":true,"href":"https:\/\/shop.tombotto.ch\/fr\/wp-json\/wp\/v2\/product_cat?post=37758"},{"taxonomy":"product_tag","embeddable":true,"href":"https:\/\/shop.tombotto.ch\/fr\/wp-json\/wp\/v2\/product_tag?post=37758"}],"curies":[{"name":"wp","href":"https:\/\/api.w.org\/{rel}","templated":true}]}}