{"id":37795,"date":"2023-05-23T17:13:37","date_gmt":"2023-05-23T15:13:37","guid":{"rendered":"https:\/\/shop.tombotto.ch\/shop\/master-kontroller-argent\/"},"modified":"2025-05-19T10:51:12","modified_gmt":"2025-05-19T08:51:12","slug":"bracelets-tyvek-argent","status":"publish","type":"product","link":"https:\/\/shop.tombotto.ch\/fr\/shop\/bracelets-tyvek-argent\/","title":{"rendered":"Bracelets Tyvek 100 pi\u00e8ces <br>argent"},"content":{"rendered":"<ul>\n<li>Bracelets de contr\u00f4le en Tyvek<\/li>\n<li>Bracelets d&rsquo;entr\u00e9e<\/li>\n<li>Bracelets festival<\/li>\n<li>Num\u00e9rot\u00e9s cons\u00e9cutivement<\/li>\n<li>L\u00e9ger comme du papier<\/li>\n<li>Couleur argent<\/li>\n<li>Ind\u00e9chirable, r\u00e9sistant \u00e0 l&rsquo;eau<\/li>\n<li>Avec fermeture adh\u00e9sive<\/li>\n<li>Grandeur 255 x 19 mm<\/li>\n<\/ul>\n","protected":false},"excerpt":{"rendered":"<p>100 pi\u00e8ces<\/p>\n","protected":false},"featured_media":35838,"template":"","meta":{"_acf_changed":false,"inline_featured_image":false},"product_brand":[],"product_cat":[4789],"product_tag":[],"class_list":{"0":"post-37795","1":"product","2":"type-product","3":"status-publish","4":"has-post-thumbnail","6":"product_cat-standard-unicolore","8":"first","9":"instock","10":"taxable","11":"shipping-taxable","12":"purchasable","13":"product-type-simple"},"exclude_global_add_ons":[],"addons":[],"acf":[],"yoast_head":"<!-- This site is optimized with the Yoast SEO Premium plugin v27.4 (Yoast SEO v27.4) - https:\/\/yoast.com\/product\/yoast-seo-premium-wordpress\/ -->\n<title>Bracelets Tyvek argent - tombotto<\/title>\n<meta name=\"description\" content=\"Bracelets Tyvek argent : fermeture adh\u00e9sive \u2714\ufe0f installation rapide \u2714\ufe0f ultra-l\u00e9gers, ind\u00e9chirable et imperm\u00e9ables \u2714\ufe0f disponibles chez tombotto\" \/>\n<meta name=\"robots\" content=\"index, follow, max-snippet:-1, max-image-preview:large, max-video-preview:-1\" \/>\n<link rel=\"canonical\" href=\"https:\/\/shop.tombotto.ch\/fr\/shop\/bracelets-tyvek-argent\/\" \/>\n<meta property=\"og:locale\" content=\"fr_FR\" \/>\n<meta property=\"og:type\" content=\"article\" \/>\n<meta property=\"og:title\" content=\"Bracelets Tyvek 100 pi\u00e8ces argent\" \/>\n<meta property=\"og:description\" content=\"Bracelets Tyvek argent : fermeture adh\u00e9sive \u2714\ufe0f installation rapide \u2714\ufe0f ultra-l\u00e9gers, ind\u00e9chirable et imperm\u00e9ables \u2714\ufe0f disponibles chez tombotto\" \/>\n<meta property=\"og:url\" content=\"https:\/\/shop.tombotto.ch\/fr\/shop\/bracelets-tyvek-argent\/\" \/>\n<meta property=\"og:site_name\" content=\"Tombotto\" \/>\n<meta property=\"article:modified_time\" content=\"2025-05-19T08:51:12+00:00\" \/>\n<meta property=\"og:image\" content=\"https:\/\/shop.tombotto.ch\/wp-content\/uploads\/2023\/05\/1786_gr.jpg\" \/>\n\t<meta property=\"og:image:width\" content=\"800\" \/>\n\t<meta property=\"og:image:height\" content=\"218\" \/>\n\t<meta property=\"og:image:type\" content=\"image\/jpeg\" \/>\n<meta name=\"twitter:card\" content=\"summary_large_image\" \/>\n<meta name=\"twitter:label1\" content=\"Dur\u00e9e de lecture estim\u00e9e\" \/>\n\t<meta name=\"twitter:data1\" content=\"1 minute\" \/>\n<script type=\"application\/ld+json\" class=\"yoast-schema-graph\">{\"@context\":\"https:\\\/\\\/schema.org\",\"@graph\":[{\"@type\":\"WebPage\",\"@id\":\"https:\\\/\\\/shop.tombotto.ch\\\/fr\\\/shop\\\/bracelets-tyvek-argent\\\/\",\"url\":\"https:\\\/\\\/shop.tombotto.ch\\\/fr\\\/shop\\\/bracelets-tyvek-argent\\\/\",\"name\":\"Bracelets Tyvek argent - tombotto\",\"isPartOf\":{\"@id\":\"https:\\\/\\\/shop.tombotto.ch\\\/fr\\\/#website\"},\"primaryImageOfPage\":{\"@id\":\"https:\\\/\\\/shop.tombotto.ch\\\/fr\\\/shop\\\/bracelets-tyvek-argent\\\/#primaryimage\"},\"image\":{\"@id\":\"https:\\\/\\\/shop.tombotto.ch\\\/fr\\\/shop\\\/bracelets-tyvek-argent\\\/#primaryimage\"},\"thumbnailUrl\":\"https:\\\/\\\/shop.tombotto.ch\\\/wp-content\\\/uploads\\\/2023\\\/05\\\/1786_gr.jpg\",\"datePublished\":\"2023-05-23T15:13:37+00:00\",\"dateModified\":\"2025-05-19T08:51:12+00:00\",\"description\":\"Bracelets Tyvek argent : fermeture adh\u00e9sive \u2714\ufe0f installation rapide \u2714\ufe0f ultra-l\u00e9gers, ind\u00e9chirable et imperm\u00e9ables \u2714\ufe0f disponibles chez tombotto\",\"breadcrumb\":{\"@id\":\"https:\\\/\\\/shop.tombotto.ch\\\/fr\\\/shop\\\/bracelets-tyvek-argent\\\/#breadcrumb\"},\"inLanguage\":\"fr-FR\",\"potentialAction\":[{\"@type\":\"ReadAction\",\"target\":[\"https:\\\/\\\/shop.tombotto.ch\\\/fr\\\/shop\\\/bracelets-tyvek-argent\\\/\"]}]},{\"@type\":\"ImageObject\",\"inLanguage\":\"fr-FR\",\"@id\":\"https:\\\/\\\/shop.tombotto.ch\\\/fr\\\/shop\\\/bracelets-tyvek-argent\\\/#primaryimage\",\"url\":\"https:\\\/\\\/shop.tombotto.ch\\\/wp-content\\\/uploads\\\/2023\\\/05\\\/1786_gr.jpg\",\"contentUrl\":\"https:\\\/\\\/shop.tombotto.ch\\\/wp-content\\\/uploads\\\/2023\\\/05\\\/1786_gr.jpg\",\"width\":800,\"height\":218,\"caption\":\"Tyvek Eintrittsb\u00e4nder silver Tombotto\"},{\"@type\":\"BreadcrumbList\",\"@id\":\"https:\\\/\\\/shop.tombotto.ch\\\/fr\\\/shop\\\/bracelets-tyvek-argent\\\/#breadcrumb\",\"itemListElement\":[{\"@type\":\"ListItem\",\"position\":1,\"name\":\"Start\",\"item\":\"https:\\\/\\\/shop.tombotto.ch\\\/fr\\\/\"},{\"@type\":\"ListItem\",\"position\":2,\"name\":\"Shop\",\"item\":\"https:\\\/\\\/shop.tombotto.ch\\\/fr\\\/shop\\\/\"},{\"@type\":\"ListItem\",\"position\":3,\"name\":\"Bracelets Tyvek 100 pi\u00e8ces argent\"}]},{\"@type\":\"WebSite\",\"@id\":\"https:\\\/\\\/shop.tombotto.ch\\\/fr\\\/#website\",\"url\":\"https:\\\/\\\/shop.tombotto.ch\\\/fr\\\/\",\"name\":\"Tombotto\",\"description\":\"Fest-, Event- &amp; Promotionsartikel\",\"publisher\":{\"@id\":\"https:\\\/\\\/shop.tombotto.ch\\\/fr\\\/#organization\"},\"potentialAction\":[{\"@type\":\"SearchAction\",\"target\":{\"@type\":\"EntryPoint\",\"urlTemplate\":\"https:\\\/\\\/shop.tombotto.ch\\\/fr\\\/?s={search_term_string}\"},\"query-input\":{\"@type\":\"PropertyValueSpecification\",\"valueRequired\":true,\"valueName\":\"search_term_string\"}}],\"inLanguage\":\"fr-FR\"},{\"@type\":\"Organization\",\"@id\":\"https:\\\/\\\/shop.tombotto.ch\\\/fr\\\/#organization\",\"name\":\"Tombotto\",\"url\":\"https:\\\/\\\/shop.tombotto.ch\\\/fr\\\/\",\"logo\":{\"@type\":\"ImageObject\",\"inLanguage\":\"fr-FR\",\"@id\":\"https:\\\/\\\/shop.tombotto.ch\\\/fr\\\/#\\\/schema\\\/logo\\\/image\\\/\",\"url\":\"https:\\\/\\\/shop.tombotto.ch\\\/wp-content\\\/uploads\\\/2023\\\/03\\\/logo.svg\",\"contentUrl\":\"https:\\\/\\\/shop.tombotto.ch\\\/wp-content\\\/uploads\\\/2023\\\/03\\\/logo.svg\",\"caption\":\"Tombotto\"},\"image\":{\"@id\":\"https:\\\/\\\/shop.tombotto.ch\\\/fr\\\/#\\\/schema\\\/logo\\\/image\\\/\"}}]}<\/script>\n<!-- \/ Yoast SEO Premium plugin. -->","yoast_head_json":{"title":"Bracelets Tyvek argent - tombotto","description":"Bracelets Tyvek argent : fermeture adh\u00e9sive \u2714\ufe0f installation rapide \u2714\ufe0f ultra-l\u00e9gers, ind\u00e9chirable et imperm\u00e9ables \u2714\ufe0f disponibles chez tombotto","robots":{"index":"index","follow":"follow","max-snippet":"max-snippet:-1","max-image-preview":"max-image-preview:large","max-video-preview":"max-video-preview:-1"},"canonical":"https:\/\/shop.tombotto.ch\/fr\/shop\/bracelets-tyvek-argent\/","og_locale":"fr_FR","og_type":"article","og_title":"Bracelets Tyvek 100 pi\u00e8ces argent","og_description":"Bracelets Tyvek argent : fermeture adh\u00e9sive \u2714\ufe0f installation rapide \u2714\ufe0f ultra-l\u00e9gers, ind\u00e9chirable et imperm\u00e9ables \u2714\ufe0f disponibles chez tombotto","og_url":"https:\/\/shop.tombotto.ch\/fr\/shop\/bracelets-tyvek-argent\/","og_site_name":"Tombotto","article_modified_time":"2025-05-19T08:51:12+00:00","og_image":[{"width":800,"height":218,"url":"https:\/\/shop.tombotto.ch\/wp-content\/uploads\/2023\/05\/1786_gr.jpg","type":"image\/jpeg"}],"twitter_card":"summary_large_image","twitter_misc":{"Dur\u00e9e de lecture estim\u00e9e":"1 minute"},"schema":{"@context":"https:\/\/schema.org","@graph":[{"@type":"WebPage","@id":"https:\/\/shop.tombotto.ch\/fr\/shop\/bracelets-tyvek-argent\/","url":"https:\/\/shop.tombotto.ch\/fr\/shop\/bracelets-tyvek-argent\/","name":"Bracelets Tyvek argent - tombotto","isPartOf":{"@id":"https:\/\/shop.tombotto.ch\/fr\/#website"},"primaryImageOfPage":{"@id":"https:\/\/shop.tombotto.ch\/fr\/shop\/bracelets-tyvek-argent\/#primaryimage"},"image":{"@id":"https:\/\/shop.tombotto.ch\/fr\/shop\/bracelets-tyvek-argent\/#primaryimage"},"thumbnailUrl":"https:\/\/shop.tombotto.ch\/wp-content\/uploads\/2023\/05\/1786_gr.jpg","datePublished":"2023-05-23T15:13:37+00:00","dateModified":"2025-05-19T08:51:12+00:00","description":"Bracelets Tyvek argent : fermeture adh\u00e9sive \u2714\ufe0f installation rapide \u2714\ufe0f ultra-l\u00e9gers, ind\u00e9chirable et imperm\u00e9ables \u2714\ufe0f disponibles chez tombotto","breadcrumb":{"@id":"https:\/\/shop.tombotto.ch\/fr\/shop\/bracelets-tyvek-argent\/#breadcrumb"},"inLanguage":"fr-FR","potentialAction":[{"@type":"ReadAction","target":["https:\/\/shop.tombotto.ch\/fr\/shop\/bracelets-tyvek-argent\/"]}]},{"@type":"ImageObject","inLanguage":"fr-FR","@id":"https:\/\/shop.tombotto.ch\/fr\/shop\/bracelets-tyvek-argent\/#primaryimage","url":"https:\/\/shop.tombotto.ch\/wp-content\/uploads\/2023\/05\/1786_gr.jpg","contentUrl":"https:\/\/shop.tombotto.ch\/wp-content\/uploads\/2023\/05\/1786_gr.jpg","width":800,"height":218,"caption":"Tyvek Eintrittsb\u00e4nder silver Tombotto"},{"@type":"BreadcrumbList","@id":"https:\/\/shop.tombotto.ch\/fr\/shop\/bracelets-tyvek-argent\/#breadcrumb","itemListElement":[{"@type":"ListItem","position":1,"name":"Start","item":"https:\/\/shop.tombotto.ch\/fr\/"},{"@type":"ListItem","position":2,"name":"Shop","item":"https:\/\/shop.tombotto.ch\/fr\/shop\/"},{"@type":"ListItem","position":3,"name":"Bracelets Tyvek 100 pi\u00e8ces argent"}]},{"@type":"WebSite","@id":"https:\/\/shop.tombotto.ch\/fr\/#website","url":"https:\/\/shop.tombotto.ch\/fr\/","name":"Tombotto","description":"Fest-, Event- &amp; Promotionsartikel","publisher":{"@id":"https:\/\/shop.tombotto.ch\/fr\/#organization"},"potentialAction":[{"@type":"SearchAction","target":{"@type":"EntryPoint","urlTemplate":"https:\/\/shop.tombotto.ch\/fr\/?s={search_term_string}"},"query-input":{"@type":"PropertyValueSpecification","valueRequired":true,"valueName":"search_term_string"}}],"inLanguage":"fr-FR"},{"@type":"Organization","@id":"https:\/\/shop.tombotto.ch\/fr\/#organization","name":"Tombotto","url":"https:\/\/shop.tombotto.ch\/fr\/","logo":{"@type":"ImageObject","inLanguage":"fr-FR","@id":"https:\/\/shop.tombotto.ch\/fr\/#\/schema\/logo\/image\/","url":"https:\/\/shop.tombotto.ch\/wp-content\/uploads\/2023\/03\/logo.svg","contentUrl":"https:\/\/shop.tombotto.ch\/wp-content\/uploads\/2023\/03\/logo.svg","caption":"Tombotto"},"image":{"@id":"https:\/\/shop.tombotto.ch\/fr\/#\/schema\/logo\/image\/"}}]}},"tiered_pricing_type":"fixed","tiered_pricing_fixed_rules":{"10":"9.3"},"tiered_pricing_product_settings":{"layout":"default","base_unit_name":{"singular":null,"plural":null},"default_variation":null},"tiered_pricing_minimum_quantity":null,"tiered_pricing_roles_data":[],"tiered_pricing_percentage_rules":[],"tiered_pricing_maximum_quantity":null,"tiered_pricing_quantity_step":null,"_links":{"self":[{"href":"https:\/\/shop.tombotto.ch\/fr\/wp-json\/wp\/v2\/product\/37795","targetHints":{"allow":["GET"]}}],"collection":[{"href":"https:\/\/shop.tombotto.ch\/fr\/wp-json\/wp\/v2\/product"}],"about":[{"href":"https:\/\/shop.tombotto.ch\/fr\/wp-json\/wp\/v2\/types\/product"}],"wp:featuredmedia":[{"embeddable":true,"href":"https:\/\/shop.tombotto.ch\/fr\/wp-json\/wp\/v2\/media\/35838"}],"wp:attachment":[{"href":"https:\/\/shop.tombotto.ch\/fr\/wp-json\/wp\/v2\/media?parent=37795"}],"wp:term":[{"taxonomy":"product_brand","embeddable":true,"href":"https:\/\/shop.tombotto.ch\/fr\/wp-json\/wp\/v2\/product_brand?post=37795"},{"taxonomy":"product_cat","embeddable":true,"href":"https:\/\/shop.tombotto.ch\/fr\/wp-json\/wp\/v2\/product_cat?post=37795"},{"taxonomy":"product_tag","embeddable":true,"href":"https:\/\/shop.tombotto.ch\/fr\/wp-json\/wp\/v2\/product_tag?post=37795"}],"curies":[{"name":"wp","href":"https:\/\/api.w.org\/{rel}","templated":true}]}}