{"id":37806,"date":"2023-05-23T17:13:46","date_gmt":"2023-05-23T15:13:46","guid":{"rendered":"https:\/\/shop.tombotto.ch\/shop\/magicfx-powershot-ii\/"},"modified":"2026-03-20T17:09:13","modified_gmt":"2026-03-20T16:09:13","slug":"magic-fx-powershot","status":"publish","type":"product","link":"https:\/\/shop.tombotto.ch\/fr\/shop\/magic-fx-powershot\/","title":{"rendered":"MAGIC FX\u00ae POWERSHOT II"},"content":{"rendered":"<p>Die neuen Powershot II Ger\u00e4te sind einfache und zugleich professionelle Abschusseinheiten f\u00fcr\u00a0Konfetti und Luftschlangen\u00a0(Konfettikanonen). Sie dienen dazu, die gef\u00fcllten, einmalig verwendbaren elektronischen Kanonen abzuschiessen.<\/p>\n<p>Die Kanonen enthalten eine Co2 Kartusche f\u00fcr einen kr\u00e4ftigen Effekt. Die Kanonen sind in zwei L\u00e4ngen erh\u00e4ltlich und sind mit Slowfall Konfettis oder Luftschlangen gef\u00fcllt. Die Konfettis werden bis 12 m und die Luftschlangen bis 20 m weit geschleudert!<\/p>\n<p>Die Kanonen werden elektronisch ausgel\u00f6st. Dies ist m\u00f6glich mit einem 230V Power Switch, Wireless Kontroller, Kippschalter oder in Kombination mit einem Switch Pack, \u00fcber DMX.<\/p>\n<ul>\n<li>Power 230V \/ 100W<\/li>\n<li>Gr\u00f6sse 19 x 9 x 12,6 cm<\/li>\n<li>Gewicht\u00a01,9 kg<\/li>\n<li>Anschluss Powercon True1 (Kabel nicht inbegriffen)<\/li>\n<li>Garantiefrist 3 Jahre<\/li>\n<\/ul>\n<p class=\"no_margin\"><a title=\"Video auf Youtube\" href=\"https:\/\/youtu.be\/iGNOtOUHTiU\" target=\"_blank\" rel=\"noopener noreferrer\">Video<\/a><\/p>\n<p class=\"no_margin\"><a href=\"https:\/\/shop.tombotto.ch\/wp-content\/uploads\/2023\/06\/magicfx_powershot_manual.pdf\" target=\"_blank\" rel=\"noopener noreferrer\">Bedienungsanleitung<\/a><\/p>\n<p>\ud83d\udc49 <a href=\"https:\/\/shop.tombotto.ch\/fr\/categorie-produit\/magic-fx-appareils\/shooter-electroniques\/\" target=\"_blank\" rel=\"noopener noreferrer\">Zur Auswahl der elektro Kanonen<\/a> \ud83d\uded2<\/p>\n<p>Zur Gew\u00e4hrleistung der Garantiefrist von 3 Jahren ist dieser Artikel auftragsbezogen und die Lieferfrist kann rund 2 Wochen betragen.<\/p>\n<p class=\"no_margin\">Fragen Sie nach dem aktuellen Lieferstatus &#8211;\u00a0<a href=\"mailto:info@tombotto.ch?subject=Lieferstatus Powershot II\">info@tombotto.ch<\/a><\/p>\n","protected":false},"excerpt":{"rendered":"<p>Die neuen Powershot II Ger\u00e4te sind einfache und zugleich professionelle Abschusseinheiten f\u00fcr\u00a0Konfetti und Luftschlangen\u00a0(Konfettikanonen). Sie dienen dazu, die gef\u00fcllten, einmalig verwendbaren elektronischen Kanonen abzuschiessen. Die Kanonen enthalten eine Co2 Kartusche f\u00fcr einen kr\u00e4ftigen Effekt. Die Kanonen sind in zwei L\u00e4ngen erh\u00e4ltlich und sind mit Slowfall Konfettis oder Luftschlangen gef\u00fcllt. Die Konfettis werden bis 12 m [&hellip;]<\/p>\n","protected":false},"featured_media":35871,"template":"","meta":{"_acf_changed":false,"inline_featured_image":false},"product_brand":[],"product_cat":[4772],"product_tag":[],"class_list":{"0":"post-37806","1":"product","2":"type-product","3":"status-publish","4":"has-post-thumbnail","6":"product_cat-confetti","8":"first","9":"instock","10":"taxable","11":"shipping-taxable","12":"purchasable","13":"product-type-simple"},"exclude_global_add_ons":[],"addons":[],"acf":[],"yoast_head":"<!-- This site is optimized with the Yoast SEO Premium plugin v27.4 (Yoast SEO v27.4) - https:\/\/yoast.com\/product\/yoast-seo-premium-wordpress\/ -->\n<title>MAGIC FX\u00ae POWERSHOT II<\/title>\n<meta name=\"description\" content=\"MAGIC FX\u00ae POWERSHOT II \u25b7 Abschussrampe f\u00fcr elektro Konfettikanonen \u2713 230V \u2713 DMX steuerbar \u00fcber Switch Pack \u2713 3 Jahre Garantie \u27a8 shop.tombotto.ch\" \/>\n<meta name=\"robots\" content=\"index, follow, max-snippet:-1, max-image-preview:large, max-video-preview:-1\" \/>\n<link rel=\"canonical\" href=\"https:\/\/shop.tombotto.ch\/fr\/shop\/magic-fx-powershot\/\" \/>\n<meta property=\"og:locale\" content=\"fr_FR\" \/>\n<meta property=\"og:type\" content=\"article\" \/>\n<meta property=\"og:title\" content=\"MAGIC FX\u00ae POWERSHOT II\" \/>\n<meta property=\"og:description\" content=\"MAGIC FX\u00ae POWERSHOT II \u25b7 Abschussrampe f\u00fcr elektro Konfettikanonen \u2713 230V \u2713 DMX steuerbar \u00fcber Switch Pack \u2713 3 Jahre Garantie \u27a8 shop.tombotto.ch\" \/>\n<meta property=\"og:url\" content=\"https:\/\/shop.tombotto.ch\/fr\/shop\/magic-fx-powershot\/\" \/>\n<meta property=\"og:site_name\" content=\"Tombotto\" \/>\n<meta property=\"article:modified_time\" content=\"2026-03-20T16:09:13+00:00\" \/>\n<meta property=\"og:image\" content=\"https:\/\/shop.tombotto.ch\/wp-content\/uploads\/2023\/05\/1845_gr.jpg\" \/>\n\t<meta property=\"og:image:width\" content=\"800\" \/>\n\t<meta property=\"og:image:height\" content=\"678\" \/>\n\t<meta property=\"og:image:type\" content=\"image\/jpeg\" \/>\n<meta name=\"twitter:card\" content=\"summary_large_image\" \/>\n<meta name=\"twitter:label1\" content=\"Dur\u00e9e de lecture estim\u00e9e\" \/>\n\t<meta name=\"twitter:data1\" content=\"2 minutes\" \/>\n<script type=\"application\/ld+json\" class=\"yoast-schema-graph\">{\"@context\":\"https:\\\/\\\/schema.org\",\"@graph\":[{\"@type\":\"WebPage\",\"@id\":\"https:\\\/\\\/shop.tombotto.ch\\\/fr\\\/shop\\\/magic-fx-powershot\\\/\",\"url\":\"https:\\\/\\\/shop.tombotto.ch\\\/fr\\\/shop\\\/magic-fx-powershot\\\/\",\"name\":\"MAGIC FX\u00ae POWERSHOT II\",\"isPartOf\":{\"@id\":\"https:\\\/\\\/shop.tombotto.ch\\\/fr\\\/#website\"},\"primaryImageOfPage\":{\"@id\":\"https:\\\/\\\/shop.tombotto.ch\\\/fr\\\/shop\\\/magic-fx-powershot\\\/#primaryimage\"},\"image\":{\"@id\":\"https:\\\/\\\/shop.tombotto.ch\\\/fr\\\/shop\\\/magic-fx-powershot\\\/#primaryimage\"},\"thumbnailUrl\":\"https:\\\/\\\/shop.tombotto.ch\\\/wp-content\\\/uploads\\\/2023\\\/05\\\/1845_gr.jpg\",\"datePublished\":\"2023-05-23T15:13:46+00:00\",\"dateModified\":\"2026-03-20T16:09:13+00:00\",\"description\":\"MAGIC FX\u00ae POWERSHOT II \u25b7 Abschussrampe f\u00fcr elektro Konfettikanonen \u2713 230V \u2713 DMX steuerbar \u00fcber Switch Pack \u2713 3 Jahre Garantie \u27a8 shop.tombotto.ch\",\"breadcrumb\":{\"@id\":\"https:\\\/\\\/shop.tombotto.ch\\\/fr\\\/shop\\\/magic-fx-powershot\\\/#breadcrumb\"},\"inLanguage\":\"fr-FR\",\"potentialAction\":[{\"@type\":\"ReadAction\",\"target\":[\"https:\\\/\\\/shop.tombotto.ch\\\/fr\\\/shop\\\/magic-fx-powershot\\\/\"]}]},{\"@type\":\"ImageObject\",\"inLanguage\":\"fr-FR\",\"@id\":\"https:\\\/\\\/shop.tombotto.ch\\\/fr\\\/shop\\\/magic-fx-powershot\\\/#primaryimage\",\"url\":\"https:\\\/\\\/shop.tombotto.ch\\\/wp-content\\\/uploads\\\/2023\\\/05\\\/1845_gr.jpg\",\"contentUrl\":\"https:\\\/\\\/shop.tombotto.ch\\\/wp-content\\\/uploads\\\/2023\\\/05\\\/1845_gr.jpg\",\"width\":800,\"height\":678},{\"@type\":\"BreadcrumbList\",\"@id\":\"https:\\\/\\\/shop.tombotto.ch\\\/fr\\\/shop\\\/magic-fx-powershot\\\/#breadcrumb\",\"itemListElement\":[{\"@type\":\"ListItem\",\"position\":1,\"name\":\"Start\",\"item\":\"https:\\\/\\\/shop.tombotto.ch\\\/fr\\\/\"},{\"@type\":\"ListItem\",\"position\":2,\"name\":\"Shop\",\"item\":\"https:\\\/\\\/shop.tombotto.ch\\\/fr\\\/shop\\\/\"},{\"@type\":\"ListItem\",\"position\":3,\"name\":\"MAGIC FX\u00ae POWERSHOT II\"}]},{\"@type\":\"WebSite\",\"@id\":\"https:\\\/\\\/shop.tombotto.ch\\\/fr\\\/#website\",\"url\":\"https:\\\/\\\/shop.tombotto.ch\\\/fr\\\/\",\"name\":\"Tombotto\",\"description\":\"Fest-, Event- &amp; Promotionsartikel\",\"publisher\":{\"@id\":\"https:\\\/\\\/shop.tombotto.ch\\\/fr\\\/#organization\"},\"potentialAction\":[{\"@type\":\"SearchAction\",\"target\":{\"@type\":\"EntryPoint\",\"urlTemplate\":\"https:\\\/\\\/shop.tombotto.ch\\\/fr\\\/?s={search_term_string}\"},\"query-input\":{\"@type\":\"PropertyValueSpecification\",\"valueRequired\":true,\"valueName\":\"search_term_string\"}}],\"inLanguage\":\"fr-FR\"},{\"@type\":\"Organization\",\"@id\":\"https:\\\/\\\/shop.tombotto.ch\\\/fr\\\/#organization\",\"name\":\"Tombotto\",\"url\":\"https:\\\/\\\/shop.tombotto.ch\\\/fr\\\/\",\"logo\":{\"@type\":\"ImageObject\",\"inLanguage\":\"fr-FR\",\"@id\":\"https:\\\/\\\/shop.tombotto.ch\\\/fr\\\/#\\\/schema\\\/logo\\\/image\\\/\",\"url\":\"https:\\\/\\\/shop.tombotto.ch\\\/wp-content\\\/uploads\\\/2023\\\/03\\\/logo.svg\",\"contentUrl\":\"https:\\\/\\\/shop.tombotto.ch\\\/wp-content\\\/uploads\\\/2023\\\/03\\\/logo.svg\",\"caption\":\"Tombotto\"},\"image\":{\"@id\":\"https:\\\/\\\/shop.tombotto.ch\\\/fr\\\/#\\\/schema\\\/logo\\\/image\\\/\"}}]}<\/script>\n<!-- \/ Yoast SEO Premium plugin. -->","yoast_head_json":{"title":"MAGIC FX\u00ae POWERSHOT II","description":"MAGIC FX\u00ae POWERSHOT II \u25b7 Abschussrampe f\u00fcr elektro Konfettikanonen \u2713 230V \u2713 DMX steuerbar \u00fcber Switch Pack \u2713 3 Jahre Garantie \u27a8 shop.tombotto.ch","robots":{"index":"index","follow":"follow","max-snippet":"max-snippet:-1","max-image-preview":"max-image-preview:large","max-video-preview":"max-video-preview:-1"},"canonical":"https:\/\/shop.tombotto.ch\/fr\/shop\/magic-fx-powershot\/","og_locale":"fr_FR","og_type":"article","og_title":"MAGIC FX\u00ae POWERSHOT II","og_description":"MAGIC FX\u00ae POWERSHOT II \u25b7 Abschussrampe f\u00fcr elektro Konfettikanonen \u2713 230V \u2713 DMX steuerbar \u00fcber Switch Pack \u2713 3 Jahre Garantie \u27a8 shop.tombotto.ch","og_url":"https:\/\/shop.tombotto.ch\/fr\/shop\/magic-fx-powershot\/","og_site_name":"Tombotto","article_modified_time":"2026-03-20T16:09:13+00:00","og_image":[{"width":800,"height":678,"url":"https:\/\/shop.tombotto.ch\/wp-content\/uploads\/2023\/05\/1845_gr.jpg","type":"image\/jpeg"}],"twitter_card":"summary_large_image","twitter_misc":{"Dur\u00e9e de lecture estim\u00e9e":"2 minutes"},"schema":{"@context":"https:\/\/schema.org","@graph":[{"@type":"WebPage","@id":"https:\/\/shop.tombotto.ch\/fr\/shop\/magic-fx-powershot\/","url":"https:\/\/shop.tombotto.ch\/fr\/shop\/magic-fx-powershot\/","name":"MAGIC FX\u00ae POWERSHOT II","isPartOf":{"@id":"https:\/\/shop.tombotto.ch\/fr\/#website"},"primaryImageOfPage":{"@id":"https:\/\/shop.tombotto.ch\/fr\/shop\/magic-fx-powershot\/#primaryimage"},"image":{"@id":"https:\/\/shop.tombotto.ch\/fr\/shop\/magic-fx-powershot\/#primaryimage"},"thumbnailUrl":"https:\/\/shop.tombotto.ch\/wp-content\/uploads\/2023\/05\/1845_gr.jpg","datePublished":"2023-05-23T15:13:46+00:00","dateModified":"2026-03-20T16:09:13+00:00","description":"MAGIC FX\u00ae POWERSHOT II \u25b7 Abschussrampe f\u00fcr elektro Konfettikanonen \u2713 230V \u2713 DMX steuerbar \u00fcber Switch Pack \u2713 3 Jahre Garantie \u27a8 shop.tombotto.ch","breadcrumb":{"@id":"https:\/\/shop.tombotto.ch\/fr\/shop\/magic-fx-powershot\/#breadcrumb"},"inLanguage":"fr-FR","potentialAction":[{"@type":"ReadAction","target":["https:\/\/shop.tombotto.ch\/fr\/shop\/magic-fx-powershot\/"]}]},{"@type":"ImageObject","inLanguage":"fr-FR","@id":"https:\/\/shop.tombotto.ch\/fr\/shop\/magic-fx-powershot\/#primaryimage","url":"https:\/\/shop.tombotto.ch\/wp-content\/uploads\/2023\/05\/1845_gr.jpg","contentUrl":"https:\/\/shop.tombotto.ch\/wp-content\/uploads\/2023\/05\/1845_gr.jpg","width":800,"height":678},{"@type":"BreadcrumbList","@id":"https:\/\/shop.tombotto.ch\/fr\/shop\/magic-fx-powershot\/#breadcrumb","itemListElement":[{"@type":"ListItem","position":1,"name":"Start","item":"https:\/\/shop.tombotto.ch\/fr\/"},{"@type":"ListItem","position":2,"name":"Shop","item":"https:\/\/shop.tombotto.ch\/fr\/shop\/"},{"@type":"ListItem","position":3,"name":"MAGIC FX\u00ae POWERSHOT II"}]},{"@type":"WebSite","@id":"https:\/\/shop.tombotto.ch\/fr\/#website","url":"https:\/\/shop.tombotto.ch\/fr\/","name":"Tombotto","description":"Fest-, Event- &amp; Promotionsartikel","publisher":{"@id":"https:\/\/shop.tombotto.ch\/fr\/#organization"},"potentialAction":[{"@type":"SearchAction","target":{"@type":"EntryPoint","urlTemplate":"https:\/\/shop.tombotto.ch\/fr\/?s={search_term_string}"},"query-input":{"@type":"PropertyValueSpecification","valueRequired":true,"valueName":"search_term_string"}}],"inLanguage":"fr-FR"},{"@type":"Organization","@id":"https:\/\/shop.tombotto.ch\/fr\/#organization","name":"Tombotto","url":"https:\/\/shop.tombotto.ch\/fr\/","logo":{"@type":"ImageObject","inLanguage":"fr-FR","@id":"https:\/\/shop.tombotto.ch\/fr\/#\/schema\/logo\/image\/","url":"https:\/\/shop.tombotto.ch\/wp-content\/uploads\/2023\/03\/logo.svg","contentUrl":"https:\/\/shop.tombotto.ch\/wp-content\/uploads\/2023\/03\/logo.svg","caption":"Tombotto"},"image":{"@id":"https:\/\/shop.tombotto.ch\/fr\/#\/schema\/logo\/image\/"}}]}},"tiered_pricing_type":"fixed","tiered_pricing_fixed_rules":[],"tiered_pricing_product_settings":{"layout":"default","base_unit_name":{"singular":null,"plural":null},"default_variation":null},"tiered_pricing_minimum_quantity":null,"tiered_pricing_roles_data":[],"tiered_pricing_percentage_rules":[],"tiered_pricing_maximum_quantity":null,"tiered_pricing_quantity_step":null,"_links":{"self":[{"href":"https:\/\/shop.tombotto.ch\/fr\/wp-json\/wp\/v2\/product\/37806","targetHints":{"allow":["GET"]}}],"collection":[{"href":"https:\/\/shop.tombotto.ch\/fr\/wp-json\/wp\/v2\/product"}],"about":[{"href":"https:\/\/shop.tombotto.ch\/fr\/wp-json\/wp\/v2\/types\/product"}],"wp:featuredmedia":[{"embeddable":true,"href":"https:\/\/shop.tombotto.ch\/fr\/wp-json\/wp\/v2\/media\/35871"}],"wp:attachment":[{"href":"https:\/\/shop.tombotto.ch\/fr\/wp-json\/wp\/v2\/media?parent=37806"}],"wp:term":[{"taxonomy":"product_brand","embeddable":true,"href":"https:\/\/shop.tombotto.ch\/fr\/wp-json\/wp\/v2\/product_brand?post=37806"},{"taxonomy":"product_cat","embeddable":true,"href":"https:\/\/shop.tombotto.ch\/fr\/wp-json\/wp\/v2\/product_cat?post=37806"},{"taxonomy":"product_tag","embeddable":true,"href":"https:\/\/shop.tombotto.ch\/fr\/wp-json\/wp\/v2\/product_tag?post=37806"}],"curies":[{"name":"wp","href":"https:\/\/api.w.org\/{rel}","templated":true}]}}