{"id":37825,"date":"2023-05-23T17:13:55","date_gmt":"2023-05-23T15:13:55","guid":{"rendered":"https:\/\/shop.tombotto.ch\/shop\/serpentin-en-papier-10-m-x-25-cm-bleu-clair\/"},"modified":"2025-04-28T09:11:09","modified_gmt":"2025-04-28T07:11:09","slug":"serpentins-en-papier-10-m-x-25-cm-bleu-clair","status":"publish","type":"product","link":"https:\/\/shop.tombotto.ch\/fr\/shop\/serpentins-en-papier-10-m-x-25-cm-bleu-clair\/","title":{"rendered":"Serpentins en papier <br>10 m x 2,5 cm &#8211; bleu clair"},"content":{"rendered":"<ul>\n<li>Sachet (20 pi\u00e8ces)<\/li>\n<li>Serpentins &#8211; longeur 10 m, largeur 2,5 cm<\/li>\n<li>Ignifug\u00e9s<\/li>\n<li>Bleu clair<\/li>\n<\/ul>\n<p>Les serpentins vous garantissent un effet maximale.<\/p>\n<p>Confettis en papier MAGIC FX ignifuge (B1) de haute qualit\u00e9 pour un usage professionnel.<br \/>\nLes produits sont certifi\u00e9s OK biod\u00e9gradables T\u00dcV Austria.<\/p>\n<p><img decoding=\"async\" class=\"alignnone size-full wp-image-42630\" src=\"https:\/\/shop.tombotto.ch\/wp-content\/uploads\/2023\/05\/Label_Bio.jpg\" alt=\"\" width=\"229\" height=\"82\" \/><\/p>\n","protected":false},"excerpt":{"rendered":"<p>Sachet \u00e0 20 pi\u00e8ces<\/p>\n","protected":false},"featured_media":35928,"template":"","meta":{"_acf_changed":false,"inline_featured_image":false},"product_brand":[],"product_cat":[4696],"product_tag":[],"class_list":{"0":"post-37825","1":"product","2":"type-product","3":"status-publish","4":"has-post-thumbnail","6":"product_cat-10-m-x-25-cm-serpentins-en-papier","8":"first","9":"instock","10":"taxable","11":"shipping-taxable","12":"purchasable","13":"product-type-simple"},"exclude_global_add_ons":[],"addons":[],"acf":[],"yoast_head":"<!-- This site is optimized with the Yoast SEO Premium plugin v27.4 (Yoast SEO v27.4) - https:\/\/yoast.com\/product\/yoast-seo-premium-wordpress\/ -->\n<title>Serpentins en papier 10 m x 2,5 cm - bleu clair - biod\u00e9gradables<\/title>\n<meta name=\"description\" content=\"Serpentins en papier \u279c Sachet de 100 pi\u00e8ces - Longueur 10 m - Largeur 2,5 cm \u2714\ufe0f Difficilement inflammable \u2714\ufe0f bleu clair \u2714\ufe0f tombotto gmbh\" \/>\n<meta name=\"robots\" content=\"index, follow, max-snippet:-1, max-image-preview:large, max-video-preview:-1\" \/>\n<link rel=\"canonical\" href=\"https:\/\/shop.tombotto.ch\/fr\/shop\/serpentins-en-papier-10-m-x-25-cm-bleu-clair\/\" \/>\n<meta property=\"og:locale\" content=\"fr_FR\" \/>\n<meta property=\"og:type\" content=\"article\" \/>\n<meta property=\"og:title\" content=\"Serpentins en papier 10 m x 2,5 cm - bleu clair\" \/>\n<meta property=\"og:description\" content=\"Serpentins en papier \u279c Sachet de 100 pi\u00e8ces - Longueur 10 m - Largeur 2,5 cm \u2714\ufe0f Difficilement inflammable \u2714\ufe0f bleu clair \u2714\ufe0f tombotto gmbh\" \/>\n<meta property=\"og:url\" content=\"https:\/\/shop.tombotto.ch\/fr\/shop\/serpentins-en-papier-10-m-x-25-cm-bleu-clair\/\" \/>\n<meta property=\"og:site_name\" content=\"Tombotto\" \/>\n<meta property=\"article:modified_time\" content=\"2025-04-28T07:11:09+00:00\" \/>\n<meta property=\"og:image\" content=\"https:\/\/shop.tombotto.ch\/wp-content\/uploads\/2023\/05\/1879_gr.jpg\" \/>\n\t<meta property=\"og:image:width\" content=\"799\" \/>\n\t<meta property=\"og:image:height\" content=\"678\" \/>\n\t<meta property=\"og:image:type\" content=\"image\/jpeg\" \/>\n<meta name=\"twitter:card\" content=\"summary_large_image\" \/>\n<meta name=\"twitter:label1\" content=\"Dur\u00e9e de lecture estim\u00e9e\" \/>\n\t<meta name=\"twitter:data1\" content=\"1 minute\" \/>\n<script type=\"application\/ld+json\" class=\"yoast-schema-graph\">{\"@context\":\"https:\\\/\\\/schema.org\",\"@graph\":[{\"@type\":\"WebPage\",\"@id\":\"https:\\\/\\\/shop.tombotto.ch\\\/fr\\\/shop\\\/serpentins-en-papier-10-m-x-25-cm-bleu-clair\\\/\",\"url\":\"https:\\\/\\\/shop.tombotto.ch\\\/fr\\\/shop\\\/serpentins-en-papier-10-m-x-25-cm-bleu-clair\\\/\",\"name\":\"Serpentins en papier 10 m x 2,5 cm - bleu clair - biod\u00e9gradables\",\"isPartOf\":{\"@id\":\"https:\\\/\\\/shop.tombotto.ch\\\/fr\\\/#website\"},\"primaryImageOfPage\":{\"@id\":\"https:\\\/\\\/shop.tombotto.ch\\\/fr\\\/shop\\\/serpentins-en-papier-10-m-x-25-cm-bleu-clair\\\/#primaryimage\"},\"image\":{\"@id\":\"https:\\\/\\\/shop.tombotto.ch\\\/fr\\\/shop\\\/serpentins-en-papier-10-m-x-25-cm-bleu-clair\\\/#primaryimage\"},\"thumbnailUrl\":\"https:\\\/\\\/shop.tombotto.ch\\\/wp-content\\\/uploads\\\/2023\\\/05\\\/1879_gr.jpg\",\"datePublished\":\"2023-05-23T15:13:55+00:00\",\"dateModified\":\"2025-04-28T07:11:09+00:00\",\"description\":\"Serpentins en papier \u279c Sachet de 100 pi\u00e8ces - Longueur 10 m - Largeur 2,5 cm \u2714\ufe0f Difficilement inflammable \u2714\ufe0f bleu clair \u2714\ufe0f tombotto gmbh\",\"breadcrumb\":{\"@id\":\"https:\\\/\\\/shop.tombotto.ch\\\/fr\\\/shop\\\/serpentins-en-papier-10-m-x-25-cm-bleu-clair\\\/#breadcrumb\"},\"inLanguage\":\"fr-FR\",\"potentialAction\":[{\"@type\":\"ReadAction\",\"target\":[\"https:\\\/\\\/shop.tombotto.ch\\\/fr\\\/shop\\\/serpentins-en-papier-10-m-x-25-cm-bleu-clair\\\/\"]}]},{\"@type\":\"ImageObject\",\"inLanguage\":\"fr-FR\",\"@id\":\"https:\\\/\\\/shop.tombotto.ch\\\/fr\\\/shop\\\/serpentins-en-papier-10-m-x-25-cm-bleu-clair\\\/#primaryimage\",\"url\":\"https:\\\/\\\/shop.tombotto.ch\\\/wp-content\\\/uploads\\\/2023\\\/05\\\/1879_gr.jpg\",\"contentUrl\":\"https:\\\/\\\/shop.tombotto.ch\\\/wp-content\\\/uploads\\\/2023\\\/05\\\/1879_gr.jpg\",\"width\":799,\"height\":678},{\"@type\":\"BreadcrumbList\",\"@id\":\"https:\\\/\\\/shop.tombotto.ch\\\/fr\\\/shop\\\/serpentins-en-papier-10-m-x-25-cm-bleu-clair\\\/#breadcrumb\",\"itemListElement\":[{\"@type\":\"ListItem\",\"position\":1,\"name\":\"Start\",\"item\":\"https:\\\/\\\/shop.tombotto.ch\\\/fr\\\/\"},{\"@type\":\"ListItem\",\"position\":2,\"name\":\"Shop\",\"item\":\"https:\\\/\\\/shop.tombotto.ch\\\/fr\\\/shop\\\/\"},{\"@type\":\"ListItem\",\"position\":3,\"name\":\"Serpentins en papier 10 m x 2,5 cm - bleu clair\"}]},{\"@type\":\"WebSite\",\"@id\":\"https:\\\/\\\/shop.tombotto.ch\\\/fr\\\/#website\",\"url\":\"https:\\\/\\\/shop.tombotto.ch\\\/fr\\\/\",\"name\":\"Tombotto\",\"description\":\"Fest-, Event- &amp; Promotionsartikel\",\"publisher\":{\"@id\":\"https:\\\/\\\/shop.tombotto.ch\\\/fr\\\/#organization\"},\"potentialAction\":[{\"@type\":\"SearchAction\",\"target\":{\"@type\":\"EntryPoint\",\"urlTemplate\":\"https:\\\/\\\/shop.tombotto.ch\\\/fr\\\/?s={search_term_string}\"},\"query-input\":{\"@type\":\"PropertyValueSpecification\",\"valueRequired\":true,\"valueName\":\"search_term_string\"}}],\"inLanguage\":\"fr-FR\"},{\"@type\":\"Organization\",\"@id\":\"https:\\\/\\\/shop.tombotto.ch\\\/fr\\\/#organization\",\"name\":\"Tombotto\",\"url\":\"https:\\\/\\\/shop.tombotto.ch\\\/fr\\\/\",\"logo\":{\"@type\":\"ImageObject\",\"inLanguage\":\"fr-FR\",\"@id\":\"https:\\\/\\\/shop.tombotto.ch\\\/fr\\\/#\\\/schema\\\/logo\\\/image\\\/\",\"url\":\"https:\\\/\\\/shop.tombotto.ch\\\/wp-content\\\/uploads\\\/2023\\\/03\\\/logo.svg\",\"contentUrl\":\"https:\\\/\\\/shop.tombotto.ch\\\/wp-content\\\/uploads\\\/2023\\\/03\\\/logo.svg\",\"caption\":\"Tombotto\"},\"image\":{\"@id\":\"https:\\\/\\\/shop.tombotto.ch\\\/fr\\\/#\\\/schema\\\/logo\\\/image\\\/\"}}]}<\/script>\n<!-- \/ Yoast SEO Premium plugin. -->","yoast_head_json":{"title":"Serpentins en papier 10 m x 2,5 cm - bleu clair - biod\u00e9gradables","description":"Serpentins en papier \u279c Sachet de 100 pi\u00e8ces - Longueur 10 m - Largeur 2,5 cm \u2714\ufe0f Difficilement inflammable \u2714\ufe0f bleu clair \u2714\ufe0f tombotto gmbh","robots":{"index":"index","follow":"follow","max-snippet":"max-snippet:-1","max-image-preview":"max-image-preview:large","max-video-preview":"max-video-preview:-1"},"canonical":"https:\/\/shop.tombotto.ch\/fr\/shop\/serpentins-en-papier-10-m-x-25-cm-bleu-clair\/","og_locale":"fr_FR","og_type":"article","og_title":"Serpentins en papier 10 m x 2,5 cm - bleu clair","og_description":"Serpentins en papier \u279c Sachet de 100 pi\u00e8ces - Longueur 10 m - Largeur 2,5 cm \u2714\ufe0f Difficilement inflammable \u2714\ufe0f bleu clair \u2714\ufe0f tombotto gmbh","og_url":"https:\/\/shop.tombotto.ch\/fr\/shop\/serpentins-en-papier-10-m-x-25-cm-bleu-clair\/","og_site_name":"Tombotto","article_modified_time":"2025-04-28T07:11:09+00:00","og_image":[{"width":799,"height":678,"url":"https:\/\/shop.tombotto.ch\/wp-content\/uploads\/2023\/05\/1879_gr.jpg","type":"image\/jpeg"}],"twitter_card":"summary_large_image","twitter_misc":{"Dur\u00e9e de lecture estim\u00e9e":"1 minute"},"schema":{"@context":"https:\/\/schema.org","@graph":[{"@type":"WebPage","@id":"https:\/\/shop.tombotto.ch\/fr\/shop\/serpentins-en-papier-10-m-x-25-cm-bleu-clair\/","url":"https:\/\/shop.tombotto.ch\/fr\/shop\/serpentins-en-papier-10-m-x-25-cm-bleu-clair\/","name":"Serpentins en papier 10 m x 2,5 cm - bleu clair - biod\u00e9gradables","isPartOf":{"@id":"https:\/\/shop.tombotto.ch\/fr\/#website"},"primaryImageOfPage":{"@id":"https:\/\/shop.tombotto.ch\/fr\/shop\/serpentins-en-papier-10-m-x-25-cm-bleu-clair\/#primaryimage"},"image":{"@id":"https:\/\/shop.tombotto.ch\/fr\/shop\/serpentins-en-papier-10-m-x-25-cm-bleu-clair\/#primaryimage"},"thumbnailUrl":"https:\/\/shop.tombotto.ch\/wp-content\/uploads\/2023\/05\/1879_gr.jpg","datePublished":"2023-05-23T15:13:55+00:00","dateModified":"2025-04-28T07:11:09+00:00","description":"Serpentins en papier \u279c Sachet de 100 pi\u00e8ces - Longueur 10 m - Largeur 2,5 cm \u2714\ufe0f Difficilement inflammable \u2714\ufe0f bleu clair \u2714\ufe0f tombotto gmbh","breadcrumb":{"@id":"https:\/\/shop.tombotto.ch\/fr\/shop\/serpentins-en-papier-10-m-x-25-cm-bleu-clair\/#breadcrumb"},"inLanguage":"fr-FR","potentialAction":[{"@type":"ReadAction","target":["https:\/\/shop.tombotto.ch\/fr\/shop\/serpentins-en-papier-10-m-x-25-cm-bleu-clair\/"]}]},{"@type":"ImageObject","inLanguage":"fr-FR","@id":"https:\/\/shop.tombotto.ch\/fr\/shop\/serpentins-en-papier-10-m-x-25-cm-bleu-clair\/#primaryimage","url":"https:\/\/shop.tombotto.ch\/wp-content\/uploads\/2023\/05\/1879_gr.jpg","contentUrl":"https:\/\/shop.tombotto.ch\/wp-content\/uploads\/2023\/05\/1879_gr.jpg","width":799,"height":678},{"@type":"BreadcrumbList","@id":"https:\/\/shop.tombotto.ch\/fr\/shop\/serpentins-en-papier-10-m-x-25-cm-bleu-clair\/#breadcrumb","itemListElement":[{"@type":"ListItem","position":1,"name":"Start","item":"https:\/\/shop.tombotto.ch\/fr\/"},{"@type":"ListItem","position":2,"name":"Shop","item":"https:\/\/shop.tombotto.ch\/fr\/shop\/"},{"@type":"ListItem","position":3,"name":"Serpentins en papier 10 m x 2,5 cm - bleu clair"}]},{"@type":"WebSite","@id":"https:\/\/shop.tombotto.ch\/fr\/#website","url":"https:\/\/shop.tombotto.ch\/fr\/","name":"Tombotto","description":"Fest-, Event- &amp; Promotionsartikel","publisher":{"@id":"https:\/\/shop.tombotto.ch\/fr\/#organization"},"potentialAction":[{"@type":"SearchAction","target":{"@type":"EntryPoint","urlTemplate":"https:\/\/shop.tombotto.ch\/fr\/?s={search_term_string}"},"query-input":{"@type":"PropertyValueSpecification","valueRequired":true,"valueName":"search_term_string"}}],"inLanguage":"fr-FR"},{"@type":"Organization","@id":"https:\/\/shop.tombotto.ch\/fr\/#organization","name":"Tombotto","url":"https:\/\/shop.tombotto.ch\/fr\/","logo":{"@type":"ImageObject","inLanguage":"fr-FR","@id":"https:\/\/shop.tombotto.ch\/fr\/#\/schema\/logo\/image\/","url":"https:\/\/shop.tombotto.ch\/wp-content\/uploads\/2023\/03\/logo.svg","contentUrl":"https:\/\/shop.tombotto.ch\/wp-content\/uploads\/2023\/03\/logo.svg","caption":"Tombotto"},"image":{"@id":"https:\/\/shop.tombotto.ch\/fr\/#\/schema\/logo\/image\/"}}]}},"tiered_pricing_type":"fixed","tiered_pricing_fixed_rules":[],"tiered_pricing_product_settings":{"layout":"default","base_unit_name":{"singular":null,"plural":null},"default_variation":null},"tiered_pricing_minimum_quantity":null,"tiered_pricing_roles_data":[],"tiered_pricing_percentage_rules":[],"tiered_pricing_maximum_quantity":null,"tiered_pricing_quantity_step":null,"_links":{"self":[{"href":"https:\/\/shop.tombotto.ch\/fr\/wp-json\/wp\/v2\/product\/37825","targetHints":{"allow":["GET"]}}],"collection":[{"href":"https:\/\/shop.tombotto.ch\/fr\/wp-json\/wp\/v2\/product"}],"about":[{"href":"https:\/\/shop.tombotto.ch\/fr\/wp-json\/wp\/v2\/types\/product"}],"wp:featuredmedia":[{"embeddable":true,"href":"https:\/\/shop.tombotto.ch\/fr\/wp-json\/wp\/v2\/media\/35928"}],"wp:attachment":[{"href":"https:\/\/shop.tombotto.ch\/fr\/wp-json\/wp\/v2\/media?parent=37825"}],"wp:term":[{"taxonomy":"product_brand","embeddable":true,"href":"https:\/\/shop.tombotto.ch\/fr\/wp-json\/wp\/v2\/product_brand?post=37825"},{"taxonomy":"product_cat","embeddable":true,"href":"https:\/\/shop.tombotto.ch\/fr\/wp-json\/wp\/v2\/product_cat?post=37825"},{"taxonomy":"product_tag","embeddable":true,"href":"https:\/\/shop.tombotto.ch\/fr\/wp-json\/wp\/v2\/product_tag?post=37825"}],"curies":[{"name":"wp","href":"https:\/\/api.w.org\/{rel}","templated":true}]}}