{"id":37848,"date":"2023-05-23T17:14:05","date_gmt":"2023-05-23T15:14:05","guid":{"rendered":"https:\/\/shop.tombotto.ch\/shop\/magicfx-clubblower\/"},"modified":"2026-03-20T17:15:00","modified_gmt":"2026-03-20T16:15:00","slug":"magicfx-clubblower","status":"publish","type":"product","link":"https:\/\/shop.tombotto.ch\/fr\/shop\/magicfx-clubblower\/","title":{"rendered":"MAGIC FX\u00ae CLUBBLOWER"},"content":{"rendered":"<p>Party-TIME! &#8211; Lassen Sie Konfetti hoch hinaus wirbeln und bringen Sie die G\u00e4ste zum Wahnsinn. Der MAGIC FX\u00ae CLUBBLOWER bl\u00e4st Konfetti bis zu 8 Meter in die Luft. Dieses Ger\u00e4t ist perfekt f\u00fcr DJs, Bars, Clubs und Indoor-Eventhallen. Der Clubblower wird mit Strom betrieben (on\/off).<\/p>\n<p>Verbrauch:\u00a0Papier-Konfetti bis 0,5 kg\/min \/ Metallic-Konfetti bis 1 kg\/min<\/p>\n<p>F\u00fcllmenge:\u00a0Paper-Konfetti 1 kg \/ Metallic-Konfetti 2 kg<\/p>\n<p>Geeignet f\u00fcr MAGIC FX\u00ae Konfetti (bis \u00d8 55 mm)<\/p>\n<ul>\n<li>210-240 V 50\/60 Hz<\/li>\n<li>1&rsquo;500 W<\/li>\n<li>Gr\u00f6sse 54,8 x 35,1 x 43 cm<\/li>\n<li>Gewicht 16 kg<\/li>\n<li>Anschluss Powercon True1 (Kabel nicht inbegriffen)<\/li>\n<li>Garantiedauer 3 Jahre<\/li>\n<\/ul>\n<p><a href=\"https:\/\/youtu.be\/SqI14hqwLq4?si=5xSWmh6sUFExXwhn\" target=\"_blank\" rel=\"noopener\">Video<\/a><\/p>\n<p class=\"no_margin\"><a href=\"https:\/\/shop.tombotto.ch\/wp-content\/uploads\/2023\/06\/MAGICFX_CLUBBLOWER_MANUAL.pdf\" target=\"_blank\" rel=\"noopener noreferrer\">Bedienungsanleitung<\/a><\/p>\n<p>\ud83d\udc49 <a href=\"https:\/\/shop.tombotto.ch\/fr\/categorie-produit\/confettis-cie\/confetti-en-papier\/\" target=\"_blank\" rel=\"noopener noreferrer\">Zur Auswahl der Konfettiprodukte<\/a> \ud83d\uded2<\/p>\n<p>Zur Gew\u00e4hrleistung der Garantiefrist von 3 Jahren ist dieser Artikel auftragsbezogen und die Lieferfrist kann rund 2 Wochen betragen.<\/p>\n<p class=\"no_margin\">Fragen Sie nach dem aktuellen Lieferstatus &#8211;\u00a0<a href=\"mailto:info@tombotto.ch?subject=Lieferstatus Clubblower\">info@tombotto.ch<\/a><\/p>\n","protected":false},"excerpt":{"rendered":"<p>Party-TIME! &#8211; Lassen Sie Konfetti hoch hinaus wirbeln und bringen Sie die G\u00e4ste zum Wahnsinn. Der MAGIC FX\u00ae CLUBBLOWER bl\u00e4st Konfetti bis zu 8 Meter in die Luft. Dieses Ger\u00e4t ist perfekt f\u00fcr DJs, Bars, Clubs und Indoor-Eventhallen. Der Clubblower wird mit Strom betrieben (on\/off). Verbrauch:\u00a0Papier-Konfetti bis 0,5 kg\/min \/ Metallic-Konfetti bis 1 kg\/min F\u00fcllmenge:\u00a0Paper-Konfetti [&hellip;]<\/p>\n","protected":false},"featured_media":35997,"template":"","meta":{"_acf_changed":false,"inline_featured_image":false},"product_brand":[],"product_cat":[4772],"product_tag":[],"class_list":{"0":"post-37848","1":"product","2":"type-product","3":"status-publish","4":"has-post-thumbnail","6":"product_cat-confetti","8":"first","9":"instock","10":"taxable","11":"shipping-taxable","12":"purchasable","13":"product-type-simple"},"exclude_global_add_ons":[],"addons":[],"acf":[],"yoast_head":"<!-- This site is optimized with the Yoast SEO Premium plugin v27.4 (Yoast SEO v27.4) - https:\/\/yoast.com\/product\/yoast-seo-premium-wordpress\/ -->\n<title>Clubblower MAGIC FX\u00ae<\/title>\n<meta name=\"description\" content=\"MAGIC FX\u00ae CLUBBLOWER \u25b7 Bl\u00e4st Konfetti bis 8 m \u2713 Ideal f\u00fcr DJs, Clubs und Bars \u2713 Strombetrieb on\/off \u2713 Beste Qualit\u00e4t \u27a8 tombotto gmbh | Aarwangen BE\" \/>\n<meta name=\"robots\" content=\"index, follow, max-snippet:-1, max-image-preview:large, max-video-preview:-1\" \/>\n<link rel=\"canonical\" href=\"https:\/\/shop.tombotto.ch\/fr\/shop\/magicfx-clubblower\/\" \/>\n<meta property=\"og:locale\" content=\"fr_FR\" \/>\n<meta property=\"og:type\" content=\"article\" \/>\n<meta property=\"og:title\" content=\"MAGIC FX\u00ae CLUBBLOWER\" \/>\n<meta property=\"og:description\" content=\"MAGIC FX\u00ae CLUBBLOWER \u25b7 Bl\u00e4st Konfetti bis 8 m \u2713 Ideal f\u00fcr DJs, Clubs und Bars \u2713 Strombetrieb on\/off \u2713 Beste Qualit\u00e4t \u27a8 tombotto gmbh | Aarwangen BE\" \/>\n<meta property=\"og:url\" content=\"https:\/\/shop.tombotto.ch\/fr\/shop\/magicfx-clubblower\/\" \/>\n<meta property=\"og:site_name\" content=\"Tombotto\" \/>\n<meta property=\"article:modified_time\" content=\"2026-03-20T16:15:00+00:00\" \/>\n<meta property=\"og:image\" content=\"https:\/\/shop.tombotto.ch\/wp-content\/uploads\/2023\/05\/2109_gr.jpg\" \/>\n\t<meta property=\"og:image:width\" content=\"800\" \/>\n\t<meta property=\"og:image:height\" content=\"678\" \/>\n\t<meta property=\"og:image:type\" content=\"image\/jpeg\" \/>\n<meta name=\"twitter:card\" content=\"summary_large_image\" \/>\n<meta name=\"twitter:label1\" content=\"Dur\u00e9e de lecture estim\u00e9e\" \/>\n\t<meta name=\"twitter:data1\" content=\"1 minute\" \/>\n<script type=\"application\/ld+json\" class=\"yoast-schema-graph\">{\"@context\":\"https:\\\/\\\/schema.org\",\"@graph\":[{\"@type\":\"WebPage\",\"@id\":\"https:\\\/\\\/shop.tombotto.ch\\\/fr\\\/shop\\\/magicfx-clubblower\\\/\",\"url\":\"https:\\\/\\\/shop.tombotto.ch\\\/fr\\\/shop\\\/magicfx-clubblower\\\/\",\"name\":\"Clubblower MAGIC FX\u00ae\",\"isPartOf\":{\"@id\":\"https:\\\/\\\/shop.tombotto.ch\\\/fr\\\/#website\"},\"primaryImageOfPage\":{\"@id\":\"https:\\\/\\\/shop.tombotto.ch\\\/fr\\\/shop\\\/magicfx-clubblower\\\/#primaryimage\"},\"image\":{\"@id\":\"https:\\\/\\\/shop.tombotto.ch\\\/fr\\\/shop\\\/magicfx-clubblower\\\/#primaryimage\"},\"thumbnailUrl\":\"https:\\\/\\\/shop.tombotto.ch\\\/wp-content\\\/uploads\\\/2023\\\/05\\\/2109_gr.jpg\",\"datePublished\":\"2023-05-23T15:14:05+00:00\",\"dateModified\":\"2026-03-20T16:15:00+00:00\",\"description\":\"MAGIC FX\u00ae CLUBBLOWER \u25b7 Bl\u00e4st Konfetti bis 8 m \u2713 Ideal f\u00fcr DJs, Clubs und Bars \u2713 Strombetrieb on\\\/off \u2713 Beste Qualit\u00e4t \u27a8 tombotto gmbh | Aarwangen BE\",\"breadcrumb\":{\"@id\":\"https:\\\/\\\/shop.tombotto.ch\\\/fr\\\/shop\\\/magicfx-clubblower\\\/#breadcrumb\"},\"inLanguage\":\"fr-FR\",\"potentialAction\":[{\"@type\":\"ReadAction\",\"target\":[\"https:\\\/\\\/shop.tombotto.ch\\\/fr\\\/shop\\\/magicfx-clubblower\\\/\"]}]},{\"@type\":\"ImageObject\",\"inLanguage\":\"fr-FR\",\"@id\":\"https:\\\/\\\/shop.tombotto.ch\\\/fr\\\/shop\\\/magicfx-clubblower\\\/#primaryimage\",\"url\":\"https:\\\/\\\/shop.tombotto.ch\\\/wp-content\\\/uploads\\\/2023\\\/05\\\/2109_gr.jpg\",\"contentUrl\":\"https:\\\/\\\/shop.tombotto.ch\\\/wp-content\\\/uploads\\\/2023\\\/05\\\/2109_gr.jpg\",\"width\":800,\"height\":678},{\"@type\":\"BreadcrumbList\",\"@id\":\"https:\\\/\\\/shop.tombotto.ch\\\/fr\\\/shop\\\/magicfx-clubblower\\\/#breadcrumb\",\"itemListElement\":[{\"@type\":\"ListItem\",\"position\":1,\"name\":\"Start\",\"item\":\"https:\\\/\\\/shop.tombotto.ch\\\/fr\\\/\"},{\"@type\":\"ListItem\",\"position\":2,\"name\":\"Shop\",\"item\":\"https:\\\/\\\/shop.tombotto.ch\\\/fr\\\/shop\\\/\"},{\"@type\":\"ListItem\",\"position\":3,\"name\":\"MAGIC FX\u00ae CLUBBLOWER\"}]},{\"@type\":\"WebSite\",\"@id\":\"https:\\\/\\\/shop.tombotto.ch\\\/fr\\\/#website\",\"url\":\"https:\\\/\\\/shop.tombotto.ch\\\/fr\\\/\",\"name\":\"Tombotto\",\"description\":\"Fest-, Event- &amp; Promotionsartikel\",\"publisher\":{\"@id\":\"https:\\\/\\\/shop.tombotto.ch\\\/fr\\\/#organization\"},\"potentialAction\":[{\"@type\":\"SearchAction\",\"target\":{\"@type\":\"EntryPoint\",\"urlTemplate\":\"https:\\\/\\\/shop.tombotto.ch\\\/fr\\\/?s={search_term_string}\"},\"query-input\":{\"@type\":\"PropertyValueSpecification\",\"valueRequired\":true,\"valueName\":\"search_term_string\"}}],\"inLanguage\":\"fr-FR\"},{\"@type\":\"Organization\",\"@id\":\"https:\\\/\\\/shop.tombotto.ch\\\/fr\\\/#organization\",\"name\":\"Tombotto\",\"url\":\"https:\\\/\\\/shop.tombotto.ch\\\/fr\\\/\",\"logo\":{\"@type\":\"ImageObject\",\"inLanguage\":\"fr-FR\",\"@id\":\"https:\\\/\\\/shop.tombotto.ch\\\/fr\\\/#\\\/schema\\\/logo\\\/image\\\/\",\"url\":\"https:\\\/\\\/shop.tombotto.ch\\\/wp-content\\\/uploads\\\/2023\\\/03\\\/logo.svg\",\"contentUrl\":\"https:\\\/\\\/shop.tombotto.ch\\\/wp-content\\\/uploads\\\/2023\\\/03\\\/logo.svg\",\"caption\":\"Tombotto\"},\"image\":{\"@id\":\"https:\\\/\\\/shop.tombotto.ch\\\/fr\\\/#\\\/schema\\\/logo\\\/image\\\/\"}}]}<\/script>\n<!-- \/ Yoast SEO Premium plugin. -->","yoast_head_json":{"title":"Clubblower MAGIC FX\u00ae","description":"MAGIC FX\u00ae CLUBBLOWER \u25b7 Bl\u00e4st Konfetti bis 8 m \u2713 Ideal f\u00fcr DJs, Clubs und Bars \u2713 Strombetrieb on\/off \u2713 Beste Qualit\u00e4t \u27a8 tombotto gmbh | Aarwangen BE","robots":{"index":"index","follow":"follow","max-snippet":"max-snippet:-1","max-image-preview":"max-image-preview:large","max-video-preview":"max-video-preview:-1"},"canonical":"https:\/\/shop.tombotto.ch\/fr\/shop\/magicfx-clubblower\/","og_locale":"fr_FR","og_type":"article","og_title":"MAGIC FX\u00ae CLUBBLOWER","og_description":"MAGIC FX\u00ae CLUBBLOWER \u25b7 Bl\u00e4st Konfetti bis 8 m \u2713 Ideal f\u00fcr DJs, Clubs und Bars \u2713 Strombetrieb on\/off \u2713 Beste Qualit\u00e4t \u27a8 tombotto gmbh | Aarwangen BE","og_url":"https:\/\/shop.tombotto.ch\/fr\/shop\/magicfx-clubblower\/","og_site_name":"Tombotto","article_modified_time":"2026-03-20T16:15:00+00:00","og_image":[{"width":800,"height":678,"url":"https:\/\/shop.tombotto.ch\/wp-content\/uploads\/2023\/05\/2109_gr.jpg","type":"image\/jpeg"}],"twitter_card":"summary_large_image","twitter_misc":{"Dur\u00e9e de lecture estim\u00e9e":"1 minute"},"schema":{"@context":"https:\/\/schema.org","@graph":[{"@type":"WebPage","@id":"https:\/\/shop.tombotto.ch\/fr\/shop\/magicfx-clubblower\/","url":"https:\/\/shop.tombotto.ch\/fr\/shop\/magicfx-clubblower\/","name":"Clubblower MAGIC FX\u00ae","isPartOf":{"@id":"https:\/\/shop.tombotto.ch\/fr\/#website"},"primaryImageOfPage":{"@id":"https:\/\/shop.tombotto.ch\/fr\/shop\/magicfx-clubblower\/#primaryimage"},"image":{"@id":"https:\/\/shop.tombotto.ch\/fr\/shop\/magicfx-clubblower\/#primaryimage"},"thumbnailUrl":"https:\/\/shop.tombotto.ch\/wp-content\/uploads\/2023\/05\/2109_gr.jpg","datePublished":"2023-05-23T15:14:05+00:00","dateModified":"2026-03-20T16:15:00+00:00","description":"MAGIC FX\u00ae CLUBBLOWER \u25b7 Bl\u00e4st Konfetti bis 8 m \u2713 Ideal f\u00fcr DJs, Clubs und Bars \u2713 Strombetrieb on\/off \u2713 Beste Qualit\u00e4t \u27a8 tombotto gmbh | Aarwangen BE","breadcrumb":{"@id":"https:\/\/shop.tombotto.ch\/fr\/shop\/magicfx-clubblower\/#breadcrumb"},"inLanguage":"fr-FR","potentialAction":[{"@type":"ReadAction","target":["https:\/\/shop.tombotto.ch\/fr\/shop\/magicfx-clubblower\/"]}]},{"@type":"ImageObject","inLanguage":"fr-FR","@id":"https:\/\/shop.tombotto.ch\/fr\/shop\/magicfx-clubblower\/#primaryimage","url":"https:\/\/shop.tombotto.ch\/wp-content\/uploads\/2023\/05\/2109_gr.jpg","contentUrl":"https:\/\/shop.tombotto.ch\/wp-content\/uploads\/2023\/05\/2109_gr.jpg","width":800,"height":678},{"@type":"BreadcrumbList","@id":"https:\/\/shop.tombotto.ch\/fr\/shop\/magicfx-clubblower\/#breadcrumb","itemListElement":[{"@type":"ListItem","position":1,"name":"Start","item":"https:\/\/shop.tombotto.ch\/fr\/"},{"@type":"ListItem","position":2,"name":"Shop","item":"https:\/\/shop.tombotto.ch\/fr\/shop\/"},{"@type":"ListItem","position":3,"name":"MAGIC FX\u00ae CLUBBLOWER"}]},{"@type":"WebSite","@id":"https:\/\/shop.tombotto.ch\/fr\/#website","url":"https:\/\/shop.tombotto.ch\/fr\/","name":"Tombotto","description":"Fest-, Event- &amp; Promotionsartikel","publisher":{"@id":"https:\/\/shop.tombotto.ch\/fr\/#organization"},"potentialAction":[{"@type":"SearchAction","target":{"@type":"EntryPoint","urlTemplate":"https:\/\/shop.tombotto.ch\/fr\/?s={search_term_string}"},"query-input":{"@type":"PropertyValueSpecification","valueRequired":true,"valueName":"search_term_string"}}],"inLanguage":"fr-FR"},{"@type":"Organization","@id":"https:\/\/shop.tombotto.ch\/fr\/#organization","name":"Tombotto","url":"https:\/\/shop.tombotto.ch\/fr\/","logo":{"@type":"ImageObject","inLanguage":"fr-FR","@id":"https:\/\/shop.tombotto.ch\/fr\/#\/schema\/logo\/image\/","url":"https:\/\/shop.tombotto.ch\/wp-content\/uploads\/2023\/03\/logo.svg","contentUrl":"https:\/\/shop.tombotto.ch\/wp-content\/uploads\/2023\/03\/logo.svg","caption":"Tombotto"},"image":{"@id":"https:\/\/shop.tombotto.ch\/fr\/#\/schema\/logo\/image\/"}}]}},"tiered_pricing_type":"fixed","tiered_pricing_fixed_rules":[],"tiered_pricing_product_settings":{"layout":"default","base_unit_name":{"singular":null,"plural":null},"default_variation":null},"tiered_pricing_minimum_quantity":null,"tiered_pricing_roles_data":[],"tiered_pricing_percentage_rules":[],"tiered_pricing_maximum_quantity":null,"tiered_pricing_quantity_step":null,"_links":{"self":[{"href":"https:\/\/shop.tombotto.ch\/fr\/wp-json\/wp\/v2\/product\/37848","targetHints":{"allow":["GET"]}}],"collection":[{"href":"https:\/\/shop.tombotto.ch\/fr\/wp-json\/wp\/v2\/product"}],"about":[{"href":"https:\/\/shop.tombotto.ch\/fr\/wp-json\/wp\/v2\/types\/product"}],"wp:featuredmedia":[{"embeddable":true,"href":"https:\/\/shop.tombotto.ch\/fr\/wp-json\/wp\/v2\/media\/35997"}],"wp:attachment":[{"href":"https:\/\/shop.tombotto.ch\/fr\/wp-json\/wp\/v2\/media?parent=37848"}],"wp:term":[{"taxonomy":"product_brand","embeddable":true,"href":"https:\/\/shop.tombotto.ch\/fr\/wp-json\/wp\/v2\/product_brand?post=37848"},{"taxonomy":"product_cat","embeddable":true,"href":"https:\/\/shop.tombotto.ch\/fr\/wp-json\/wp\/v2\/product_cat?post=37848"},{"taxonomy":"product_tag","embeddable":true,"href":"https:\/\/shop.tombotto.ch\/fr\/wp-json\/wp\/v2\/product_tag?post=37848"}],"curies":[{"name":"wp","href":"https:\/\/api.w.org\/{rel}","templated":true}]}}