{"id":37879,"date":"2023-05-23T17:14:13","date_gmt":"2023-05-23T15:14:13","guid":{"rendered":"https:\/\/shop.tombotto.ch\/shop\/magicfx-snowbox\/"},"modified":"2026-03-20T17:27:52","modified_gmt":"2026-03-20T16:27:52","slug":"magicfx-snowbox","status":"publish","type":"product","link":"https:\/\/shop.tombotto.ch\/fr\/shop\/magicfx-snowbox\/","title":{"rendered":"MAGIC FX\u00ae SNOWBOX"},"content":{"rendered":"<p>Die MAGIC FX\u00ae SNOWBOX ist eine kompakte und sehr leistungsstarke Schneemaschine. Die Maschine verwendet auf Schaumfl\u00fcssigkeit basierendes Schneefluid und bl\u00e4st realistische Schneeflocken bis zu 7 Meter in die Luft. Die SNOWBOX ist mit einer hochwertigen Pumpe, einem leistungsstarken Luftgebl\u00e4se und einem speziell entwickelten Schalld\u00e4mpfer ausgestattet, was die SNOWBOX perfekt f\u00fcr kleine Veranstaltungsorte und Weihnachtsveranstaltungen macht.<\/p>\n<ul>\n<li>Power 230 V \/ 50\/60 Hz<\/li>\n<li>Anschluss Powercon True1 (Kabel nicht inbegriffen)<\/li>\n<li>Gr\u00f6sse 42 x 35 x 30 cm<\/li>\n<li>Gewicht 10,4 kg<\/li>\n<li>Steuerung\u00a0on\/off<\/li>\n<li>Verbrauch MagicFX Snow Fluid 0,2 l\/min.<\/li>\n<li>Ausstoss 7 m<\/li>\n<li>Garantiedauer 3 Jahre<\/li>\n<\/ul>\n<p class=\"no_margin\"><a href=\"https:\/\/youtu.be\/flnNT02cPdc\" target=\"_blank\" rel=\"noopener\">Video<\/a><\/p>\n<p class=\"no_margin\"><a href=\"https:\/\/shop.tombotto.ch\/wp-content\/uploads\/2023\/06\/MAGICFX_SNOWBOX_MANUAL.pdf\" target=\"_blank\" rel=\"noopener noreferrer\">Gebrauchsanweisung<\/a><\/p>\n<p>Zur Gew\u00e4hrleistung der Garantiefrist von 3 Jahren ist dieser Artikel auftragsbezogen und die Lieferfrist kann rund 2 Wochen betragen.<\/p>\n<p class=\"no_margin\">Fragen Sie nach dem aktuellen Lieferstatus \u2013\u00a0<a href=\"mailto:info@tombotto.ch?subject=Lieferstatus%20SNOWBOX\">info@tombotto.ch<\/a><\/p>\n","protected":false},"excerpt":{"rendered":"<p>Die MAGIC FX\u00ae SNOWBOX ist eine kompakte und sehr leistungsstarke Schneemaschine. Die Maschine verwendet auf Schaumfl\u00fcssigkeit basierendes Schneefluid und bl\u00e4st realistische Schneeflocken bis zu 7 Meter in die Luft. Die SNOWBOX ist mit einer hochwertigen Pumpe, einem leistungsstarken Luftgebl\u00e4se und einem speziell entwickelten Schalld\u00e4mpfer ausgestattet, was die SNOWBOX perfekt f\u00fcr kleine Veranstaltungsorte und Weihnachtsveranstaltungen macht. [&hellip;]<\/p>\n","protected":false},"featured_media":36088,"template":"","meta":{"_acf_changed":false,"inline_featured_image":false},"product_brand":[],"product_cat":[4724],"product_tag":[],"class_list":{"0":"post-37879","1":"product","2":"type-product","3":"status-publish","4":"has-post-thumbnail","6":"product_cat-snowbox-magicfx-appareils","8":"first","9":"instock","10":"taxable","11":"shipping-taxable","12":"purchasable","13":"product-type-simple"},"exclude_global_add_ons":[],"addons":[],"acf":[],"yoast_head":"<!-- This site is optimized with the Yoast SEO Premium plugin v27.4 (Yoast SEO v27.4) - https:\/\/yoast.com\/product\/yoast-seo-premium-wordpress\/ -->\n<title>MAGICFX\u00ae Snowbox<\/title>\n<meta name=\"description\" content=\"MAGICFX\u00ae SNOWBOX \u25b7 Schneemaschine \u2713 Ausstoss bis 7 m \u2713 Steuerung on\/off \u2713 Sehr sch\u00f6ner Effekt \u271a 3 Jahre Garantie \u27a8 tombotto gmbh | Aarwangen BE\" \/>\n<meta name=\"robots\" content=\"index, follow, max-snippet:-1, max-image-preview:large, max-video-preview:-1\" \/>\n<link rel=\"canonical\" href=\"https:\/\/shop.tombotto.ch\/fr\/shop\/magicfx-snowbox\/\" \/>\n<meta property=\"og:locale\" content=\"fr_FR\" \/>\n<meta property=\"og:type\" content=\"article\" \/>\n<meta property=\"og:title\" content=\"MAGIC FX\u00ae SNOWBOX\" \/>\n<meta property=\"og:description\" content=\"MAGICFX\u00ae SNOWBOX \u25b7 Schneemaschine \u2713 Ausstoss bis 7 m \u2713 Steuerung on\/off \u2713 Sehr sch\u00f6ner Effekt \u271a 3 Jahre Garantie \u27a8 tombotto gmbh | Aarwangen BE\" \/>\n<meta property=\"og:url\" content=\"https:\/\/shop.tombotto.ch\/fr\/shop\/magicfx-snowbox\/\" \/>\n<meta property=\"og:site_name\" content=\"Tombotto\" \/>\n<meta property=\"article:modified_time\" content=\"2026-03-20T16:27:52+00:00\" \/>\n<meta property=\"og:image\" content=\"https:\/\/shop.tombotto.ch\/wp-content\/uploads\/2023\/05\/2270_gr.jpg\" \/>\n\t<meta property=\"og:image:width\" content=\"800\" \/>\n\t<meta property=\"og:image:height\" content=\"678\" \/>\n\t<meta property=\"og:image:type\" content=\"image\/jpeg\" \/>\n<meta name=\"twitter:card\" content=\"summary_large_image\" \/>\n<meta name=\"twitter:label1\" content=\"Dur\u00e9e de lecture estim\u00e9e\" \/>\n\t<meta name=\"twitter:data1\" content=\"1 minute\" \/>\n<script type=\"application\/ld+json\" class=\"yoast-schema-graph\">{\"@context\":\"https:\\\/\\\/schema.org\",\"@graph\":[{\"@type\":\"WebPage\",\"@id\":\"https:\\\/\\\/shop.tombotto.ch\\\/fr\\\/shop\\\/magicfx-snowbox\\\/\",\"url\":\"https:\\\/\\\/shop.tombotto.ch\\\/fr\\\/shop\\\/magicfx-snowbox\\\/\",\"name\":\"MAGICFX\u00ae Snowbox\",\"isPartOf\":{\"@id\":\"https:\\\/\\\/shop.tombotto.ch\\\/fr\\\/#website\"},\"primaryImageOfPage\":{\"@id\":\"https:\\\/\\\/shop.tombotto.ch\\\/fr\\\/shop\\\/magicfx-snowbox\\\/#primaryimage\"},\"image\":{\"@id\":\"https:\\\/\\\/shop.tombotto.ch\\\/fr\\\/shop\\\/magicfx-snowbox\\\/#primaryimage\"},\"thumbnailUrl\":\"https:\\\/\\\/shop.tombotto.ch\\\/wp-content\\\/uploads\\\/2023\\\/05\\\/2270_gr.jpg\",\"datePublished\":\"2023-05-23T15:14:13+00:00\",\"dateModified\":\"2026-03-20T16:27:52+00:00\",\"description\":\"MAGICFX\u00ae SNOWBOX \u25b7 Schneemaschine \u2713 Ausstoss bis 7 m \u2713 Steuerung on\\\/off \u2713 Sehr sch\u00f6ner Effekt \u271a 3 Jahre Garantie \u27a8 tombotto gmbh | Aarwangen BE\",\"breadcrumb\":{\"@id\":\"https:\\\/\\\/shop.tombotto.ch\\\/fr\\\/shop\\\/magicfx-snowbox\\\/#breadcrumb\"},\"inLanguage\":\"fr-FR\",\"potentialAction\":[{\"@type\":\"ReadAction\",\"target\":[\"https:\\\/\\\/shop.tombotto.ch\\\/fr\\\/shop\\\/magicfx-snowbox\\\/\"]}]},{\"@type\":\"ImageObject\",\"inLanguage\":\"fr-FR\",\"@id\":\"https:\\\/\\\/shop.tombotto.ch\\\/fr\\\/shop\\\/magicfx-snowbox\\\/#primaryimage\",\"url\":\"https:\\\/\\\/shop.tombotto.ch\\\/wp-content\\\/uploads\\\/2023\\\/05\\\/2270_gr.jpg\",\"contentUrl\":\"https:\\\/\\\/shop.tombotto.ch\\\/wp-content\\\/uploads\\\/2023\\\/05\\\/2270_gr.jpg\",\"width\":800,\"height\":678},{\"@type\":\"BreadcrumbList\",\"@id\":\"https:\\\/\\\/shop.tombotto.ch\\\/fr\\\/shop\\\/magicfx-snowbox\\\/#breadcrumb\",\"itemListElement\":[{\"@type\":\"ListItem\",\"position\":1,\"name\":\"Start\",\"item\":\"https:\\\/\\\/shop.tombotto.ch\\\/fr\\\/\"},{\"@type\":\"ListItem\",\"position\":2,\"name\":\"Shop\",\"item\":\"https:\\\/\\\/shop.tombotto.ch\\\/fr\\\/shop\\\/\"},{\"@type\":\"ListItem\",\"position\":3,\"name\":\"MAGIC FX\u00ae SNOWBOX\"}]},{\"@type\":\"WebSite\",\"@id\":\"https:\\\/\\\/shop.tombotto.ch\\\/fr\\\/#website\",\"url\":\"https:\\\/\\\/shop.tombotto.ch\\\/fr\\\/\",\"name\":\"Tombotto\",\"description\":\"Fest-, Event- &amp; Promotionsartikel\",\"publisher\":{\"@id\":\"https:\\\/\\\/shop.tombotto.ch\\\/fr\\\/#organization\"},\"potentialAction\":[{\"@type\":\"SearchAction\",\"target\":{\"@type\":\"EntryPoint\",\"urlTemplate\":\"https:\\\/\\\/shop.tombotto.ch\\\/fr\\\/?s={search_term_string}\"},\"query-input\":{\"@type\":\"PropertyValueSpecification\",\"valueRequired\":true,\"valueName\":\"search_term_string\"}}],\"inLanguage\":\"fr-FR\"},{\"@type\":\"Organization\",\"@id\":\"https:\\\/\\\/shop.tombotto.ch\\\/fr\\\/#organization\",\"name\":\"Tombotto\",\"url\":\"https:\\\/\\\/shop.tombotto.ch\\\/fr\\\/\",\"logo\":{\"@type\":\"ImageObject\",\"inLanguage\":\"fr-FR\",\"@id\":\"https:\\\/\\\/shop.tombotto.ch\\\/fr\\\/#\\\/schema\\\/logo\\\/image\\\/\",\"url\":\"https:\\\/\\\/shop.tombotto.ch\\\/wp-content\\\/uploads\\\/2023\\\/03\\\/logo.svg\",\"contentUrl\":\"https:\\\/\\\/shop.tombotto.ch\\\/wp-content\\\/uploads\\\/2023\\\/03\\\/logo.svg\",\"caption\":\"Tombotto\"},\"image\":{\"@id\":\"https:\\\/\\\/shop.tombotto.ch\\\/fr\\\/#\\\/schema\\\/logo\\\/image\\\/\"}}]}<\/script>\n<!-- \/ Yoast SEO Premium plugin. -->","yoast_head_json":{"title":"MAGICFX\u00ae Snowbox","description":"MAGICFX\u00ae SNOWBOX \u25b7 Schneemaschine \u2713 Ausstoss bis 7 m \u2713 Steuerung on\/off \u2713 Sehr sch\u00f6ner Effekt \u271a 3 Jahre Garantie \u27a8 tombotto gmbh | Aarwangen BE","robots":{"index":"index","follow":"follow","max-snippet":"max-snippet:-1","max-image-preview":"max-image-preview:large","max-video-preview":"max-video-preview:-1"},"canonical":"https:\/\/shop.tombotto.ch\/fr\/shop\/magicfx-snowbox\/","og_locale":"fr_FR","og_type":"article","og_title":"MAGIC FX\u00ae SNOWBOX","og_description":"MAGICFX\u00ae SNOWBOX \u25b7 Schneemaschine \u2713 Ausstoss bis 7 m \u2713 Steuerung on\/off \u2713 Sehr sch\u00f6ner Effekt \u271a 3 Jahre Garantie \u27a8 tombotto gmbh | Aarwangen BE","og_url":"https:\/\/shop.tombotto.ch\/fr\/shop\/magicfx-snowbox\/","og_site_name":"Tombotto","article_modified_time":"2026-03-20T16:27:52+00:00","og_image":[{"width":800,"height":678,"url":"https:\/\/shop.tombotto.ch\/wp-content\/uploads\/2023\/05\/2270_gr.jpg","type":"image\/jpeg"}],"twitter_card":"summary_large_image","twitter_misc":{"Dur\u00e9e de lecture estim\u00e9e":"1 minute"},"schema":{"@context":"https:\/\/schema.org","@graph":[{"@type":"WebPage","@id":"https:\/\/shop.tombotto.ch\/fr\/shop\/magicfx-snowbox\/","url":"https:\/\/shop.tombotto.ch\/fr\/shop\/magicfx-snowbox\/","name":"MAGICFX\u00ae Snowbox","isPartOf":{"@id":"https:\/\/shop.tombotto.ch\/fr\/#website"},"primaryImageOfPage":{"@id":"https:\/\/shop.tombotto.ch\/fr\/shop\/magicfx-snowbox\/#primaryimage"},"image":{"@id":"https:\/\/shop.tombotto.ch\/fr\/shop\/magicfx-snowbox\/#primaryimage"},"thumbnailUrl":"https:\/\/shop.tombotto.ch\/wp-content\/uploads\/2023\/05\/2270_gr.jpg","datePublished":"2023-05-23T15:14:13+00:00","dateModified":"2026-03-20T16:27:52+00:00","description":"MAGICFX\u00ae SNOWBOX \u25b7 Schneemaschine \u2713 Ausstoss bis 7 m \u2713 Steuerung on\/off \u2713 Sehr sch\u00f6ner Effekt \u271a 3 Jahre Garantie \u27a8 tombotto gmbh | Aarwangen BE","breadcrumb":{"@id":"https:\/\/shop.tombotto.ch\/fr\/shop\/magicfx-snowbox\/#breadcrumb"},"inLanguage":"fr-FR","potentialAction":[{"@type":"ReadAction","target":["https:\/\/shop.tombotto.ch\/fr\/shop\/magicfx-snowbox\/"]}]},{"@type":"ImageObject","inLanguage":"fr-FR","@id":"https:\/\/shop.tombotto.ch\/fr\/shop\/magicfx-snowbox\/#primaryimage","url":"https:\/\/shop.tombotto.ch\/wp-content\/uploads\/2023\/05\/2270_gr.jpg","contentUrl":"https:\/\/shop.tombotto.ch\/wp-content\/uploads\/2023\/05\/2270_gr.jpg","width":800,"height":678},{"@type":"BreadcrumbList","@id":"https:\/\/shop.tombotto.ch\/fr\/shop\/magicfx-snowbox\/#breadcrumb","itemListElement":[{"@type":"ListItem","position":1,"name":"Start","item":"https:\/\/shop.tombotto.ch\/fr\/"},{"@type":"ListItem","position":2,"name":"Shop","item":"https:\/\/shop.tombotto.ch\/fr\/shop\/"},{"@type":"ListItem","position":3,"name":"MAGIC FX\u00ae SNOWBOX"}]},{"@type":"WebSite","@id":"https:\/\/shop.tombotto.ch\/fr\/#website","url":"https:\/\/shop.tombotto.ch\/fr\/","name":"Tombotto","description":"Fest-, Event- &amp; Promotionsartikel","publisher":{"@id":"https:\/\/shop.tombotto.ch\/fr\/#organization"},"potentialAction":[{"@type":"SearchAction","target":{"@type":"EntryPoint","urlTemplate":"https:\/\/shop.tombotto.ch\/fr\/?s={search_term_string}"},"query-input":{"@type":"PropertyValueSpecification","valueRequired":true,"valueName":"search_term_string"}}],"inLanguage":"fr-FR"},{"@type":"Organization","@id":"https:\/\/shop.tombotto.ch\/fr\/#organization","name":"Tombotto","url":"https:\/\/shop.tombotto.ch\/fr\/","logo":{"@type":"ImageObject","inLanguage":"fr-FR","@id":"https:\/\/shop.tombotto.ch\/fr\/#\/schema\/logo\/image\/","url":"https:\/\/shop.tombotto.ch\/wp-content\/uploads\/2023\/03\/logo.svg","contentUrl":"https:\/\/shop.tombotto.ch\/wp-content\/uploads\/2023\/03\/logo.svg","caption":"Tombotto"},"image":{"@id":"https:\/\/shop.tombotto.ch\/fr\/#\/schema\/logo\/image\/"}}]}},"tiered_pricing_type":"fixed","tiered_pricing_fixed_rules":[],"tiered_pricing_product_settings":{"layout":"default","base_unit_name":{"singular":null,"plural":null},"default_variation":null},"tiered_pricing_minimum_quantity":null,"tiered_pricing_roles_data":[],"tiered_pricing_percentage_rules":[],"tiered_pricing_maximum_quantity":null,"tiered_pricing_quantity_step":null,"_links":{"self":[{"href":"https:\/\/shop.tombotto.ch\/fr\/wp-json\/wp\/v2\/product\/37879","targetHints":{"allow":["GET"]}}],"collection":[{"href":"https:\/\/shop.tombotto.ch\/fr\/wp-json\/wp\/v2\/product"}],"about":[{"href":"https:\/\/shop.tombotto.ch\/fr\/wp-json\/wp\/v2\/types\/product"}],"wp:featuredmedia":[{"embeddable":true,"href":"https:\/\/shop.tombotto.ch\/fr\/wp-json\/wp\/v2\/media\/36088"}],"wp:attachment":[{"href":"https:\/\/shop.tombotto.ch\/fr\/wp-json\/wp\/v2\/media?parent=37879"}],"wp:term":[{"taxonomy":"product_brand","embeddable":true,"href":"https:\/\/shop.tombotto.ch\/fr\/wp-json\/wp\/v2\/product_brand?post=37879"},{"taxonomy":"product_cat","embeddable":true,"href":"https:\/\/shop.tombotto.ch\/fr\/wp-json\/wp\/v2\/product_cat?post=37879"},{"taxonomy":"product_tag","embeddable":true,"href":"https:\/\/shop.tombotto.ch\/fr\/wp-json\/wp\/v2\/product_tag?post=37879"}],"curies":[{"name":"wp","href":"https:\/\/api.w.org\/{rel}","templated":true}]}}