{"id":38015,"date":"2023-05-23T17:16:55","date_gmt":"2023-05-23T15:16:55","guid":{"rendered":"https:\/\/shop.tombotto.ch\/shop\/verre-3-dl-cristal-en-rpet-avec-bordure-mousse\/"},"modified":"2025-08-26T11:06:47","modified_gmt":"2025-08-26T09:06:47","slug":"verre-3-dl-en-rpet-avec-bordure-mousse","status":"publish","type":"product","link":"https:\/\/shop.tombotto.ch\/fr\/shop\/verre-3-dl-en-rpet-avec-bordure-mousse\/","title":{"rendered":"Verre 3 dl cristal en RPET <br>avec bordure mousse"},"content":{"rendered":"<p class=\"ai-optimize-18 ai-optimize-introduction\">Le gobelet de 3 dl en RPET cristal avec bord mousse est \u00e9cologique, stable et agr\u00e9able \u00e0 utiliser.<\/p>\n<ul>\n<li class=\"ai-optimize-23 ai-optimize-introduction\">Verre 3 dl<\/li>\n<li class=\"ai-optimize-24\">Bordure mousse, tir\u00e9<\/li>\n<li class=\"ai-optimize-25\">Verre jetable<\/li>\n<li class=\"ai-optimize-26\">Cristal en RPET<\/li>\n<\/ul>\n<p class=\"ai-optimize-27\">Ancien num\u00e9ro d&rsquo;article: 237.500<\/p>\n","protected":false},"excerpt":{"rendered":"<p class=\"ai-optimize-19\">Sachet de 50 pi\u00e8ces \/<br \/>\nCarton de 1&rsquo;250 pi\u00e8ces<\/p>\n","protected":false},"featured_media":36318,"template":"","meta":{"_acf_changed":false,"inline_featured_image":false},"product_brand":[],"product_cat":[4584],"product_tag":[],"class_list":{"0":"post-38015","1":"product","2":"type-product","3":"status-publish","4":"has-post-thumbnail","6":"product_cat-verres","8":"first","9":"instock","10":"taxable","11":"shipping-taxable","12":"purchasable","13":"product-type-variable"},"exclude_global_add_ons":[],"addons":[],"acf":[],"yoast_head":"<!-- This site is optimized with the Yoast SEO Premium plugin v27.4 (Yoast SEO v27.4) - https:\/\/yoast.com\/product\/yoast-seo-premium-wordpress\/ -->\n<title>Verre 3 dl cristal en RPET avec bordure mousse - Tombotto<\/title>\n<meta name=\"description\" content=\"Verre jetables \u279c 3 dl \u2714\ufe0f transparent \u2714\ufe0f avec bordure mousse \u2714\ufe0f Pour vos \u00e9v\u00e9nements sans corv\u00e9e de nettoyage \u2714\ufe0f Commandez en ligne chez tombotto\" \/>\n<meta name=\"robots\" content=\"index, follow, max-snippet:-1, max-image-preview:large, max-video-preview:-1\" \/>\n<link rel=\"canonical\" href=\"https:\/\/shop.tombotto.ch\/fr\/shop\/verre-3-dl-en-rpet-avec-bordure-mousse\/\" \/>\n<meta property=\"og:locale\" content=\"fr_FR\" \/>\n<meta property=\"og:type\" content=\"article\" \/>\n<meta property=\"og:title\" content=\"Verre 3 dl cristal en RPET avec bordure mousse\" \/>\n<meta property=\"og:description\" content=\"Verre jetables \u279c 3 dl \u2714\ufe0f transparent \u2714\ufe0f avec bordure mousse \u2714\ufe0f Pour vos \u00e9v\u00e9nements sans corv\u00e9e de nettoyage \u2714\ufe0f Commandez en ligne chez tombotto\" \/>\n<meta property=\"og:url\" content=\"https:\/\/shop.tombotto.ch\/fr\/shop\/verre-3-dl-en-rpet-avec-bordure-mousse\/\" \/>\n<meta property=\"og:site_name\" content=\"Tombotto\" \/>\n<meta property=\"article:modified_time\" content=\"2025-08-26T09:06:47+00:00\" \/>\n<meta property=\"og:image\" content=\"https:\/\/shop.tombotto.ch\/wp-content\/uploads\/2023\/05\/772_gr.jpg\" \/>\n\t<meta property=\"og:image:width\" content=\"800\" \/>\n\t<meta property=\"og:image:height\" content=\"678\" \/>\n\t<meta property=\"og:image:type\" content=\"image\/jpeg\" \/>\n<meta name=\"twitter:card\" content=\"summary_large_image\" \/>\n<meta name=\"twitter:label1\" content=\"Dur\u00e9e de lecture estim\u00e9e\" \/>\n\t<meta name=\"twitter:data1\" content=\"1 minute\" \/>\n<script type=\"application\/ld+json\" class=\"yoast-schema-graph\">{\"@context\":\"https:\\\/\\\/schema.org\",\"@graph\":[{\"@type\":\"WebPage\",\"@id\":\"https:\\\/\\\/shop.tombotto.ch\\\/fr\\\/shop\\\/verre-3-dl-en-rpet-avec-bordure-mousse\\\/\",\"url\":\"https:\\\/\\\/shop.tombotto.ch\\\/fr\\\/shop\\\/verre-3-dl-en-rpet-avec-bordure-mousse\\\/\",\"name\":\"Verre 3 dl cristal en RPET avec bordure mousse - Tombotto\",\"isPartOf\":{\"@id\":\"https:\\\/\\\/shop.tombotto.ch\\\/fr\\\/#website\"},\"primaryImageOfPage\":{\"@id\":\"https:\\\/\\\/shop.tombotto.ch\\\/fr\\\/shop\\\/verre-3-dl-en-rpet-avec-bordure-mousse\\\/#primaryimage\"},\"image\":{\"@id\":\"https:\\\/\\\/shop.tombotto.ch\\\/fr\\\/shop\\\/verre-3-dl-en-rpet-avec-bordure-mousse\\\/#primaryimage\"},\"thumbnailUrl\":\"https:\\\/\\\/shop.tombotto.ch\\\/wp-content\\\/uploads\\\/2023\\\/05\\\/772_gr.jpg\",\"datePublished\":\"2023-05-23T15:16:55+00:00\",\"dateModified\":\"2025-08-26T09:06:47+00:00\",\"description\":\"Verre jetables \u279c 3 dl \u2714\ufe0f transparent \u2714\ufe0f avec bordure mousse \u2714\ufe0f Pour vos \u00e9v\u00e9nements sans corv\u00e9e de nettoyage \u2714\ufe0f Commandez en ligne chez tombotto\",\"breadcrumb\":{\"@id\":\"https:\\\/\\\/shop.tombotto.ch\\\/fr\\\/shop\\\/verre-3-dl-en-rpet-avec-bordure-mousse\\\/#breadcrumb\"},\"inLanguage\":\"fr-FR\",\"potentialAction\":[{\"@type\":\"ReadAction\",\"target\":[\"https:\\\/\\\/shop.tombotto.ch\\\/fr\\\/shop\\\/verre-3-dl-en-rpet-avec-bordure-mousse\\\/\"]}]},{\"@type\":\"ImageObject\",\"inLanguage\":\"fr-FR\",\"@id\":\"https:\\\/\\\/shop.tombotto.ch\\\/fr\\\/shop\\\/verre-3-dl-en-rpet-avec-bordure-mousse\\\/#primaryimage\",\"url\":\"https:\\\/\\\/shop.tombotto.ch\\\/wp-content\\\/uploads\\\/2023\\\/05\\\/772_gr.jpg\",\"contentUrl\":\"https:\\\/\\\/shop.tombotto.ch\\\/wp-content\\\/uploads\\\/2023\\\/05\\\/772_gr.jpg\",\"width\":800,\"height\":678},{\"@type\":\"BreadcrumbList\",\"@id\":\"https:\\\/\\\/shop.tombotto.ch\\\/fr\\\/shop\\\/verre-3-dl-en-rpet-avec-bordure-mousse\\\/#breadcrumb\",\"itemListElement\":[{\"@type\":\"ListItem\",\"position\":1,\"name\":\"Start\",\"item\":\"https:\\\/\\\/shop.tombotto.ch\\\/fr\\\/\"},{\"@type\":\"ListItem\",\"position\":2,\"name\":\"Shop\",\"item\":\"https:\\\/\\\/shop.tombotto.ch\\\/fr\\\/shop\\\/\"},{\"@type\":\"ListItem\",\"position\":3,\"name\":\"Verre 3 dl cristal en RPET avec bordure mousse\"}]},{\"@type\":\"WebSite\",\"@id\":\"https:\\\/\\\/shop.tombotto.ch\\\/fr\\\/#website\",\"url\":\"https:\\\/\\\/shop.tombotto.ch\\\/fr\\\/\",\"name\":\"Tombotto\",\"description\":\"Fest-, Event- &amp; Promotionsartikel\",\"publisher\":{\"@id\":\"https:\\\/\\\/shop.tombotto.ch\\\/fr\\\/#organization\"},\"potentialAction\":[{\"@type\":\"SearchAction\",\"target\":{\"@type\":\"EntryPoint\",\"urlTemplate\":\"https:\\\/\\\/shop.tombotto.ch\\\/fr\\\/?s={search_term_string}\"},\"query-input\":{\"@type\":\"PropertyValueSpecification\",\"valueRequired\":true,\"valueName\":\"search_term_string\"}}],\"inLanguage\":\"fr-FR\"},{\"@type\":\"Organization\",\"@id\":\"https:\\\/\\\/shop.tombotto.ch\\\/fr\\\/#organization\",\"name\":\"Tombotto\",\"url\":\"https:\\\/\\\/shop.tombotto.ch\\\/fr\\\/\",\"logo\":{\"@type\":\"ImageObject\",\"inLanguage\":\"fr-FR\",\"@id\":\"https:\\\/\\\/shop.tombotto.ch\\\/fr\\\/#\\\/schema\\\/logo\\\/image\\\/\",\"url\":\"https:\\\/\\\/shop.tombotto.ch\\\/wp-content\\\/uploads\\\/2023\\\/03\\\/logo.svg\",\"contentUrl\":\"https:\\\/\\\/shop.tombotto.ch\\\/wp-content\\\/uploads\\\/2023\\\/03\\\/logo.svg\",\"caption\":\"Tombotto\"},\"image\":{\"@id\":\"https:\\\/\\\/shop.tombotto.ch\\\/fr\\\/#\\\/schema\\\/logo\\\/image\\\/\"}}]}<\/script>\n<!-- \/ Yoast SEO Premium plugin. -->","yoast_head_json":{"title":"Verre 3 dl cristal en RPET avec bordure mousse - Tombotto","description":"Verre jetables \u279c 3 dl \u2714\ufe0f transparent \u2714\ufe0f avec bordure mousse \u2714\ufe0f Pour vos \u00e9v\u00e9nements sans corv\u00e9e de nettoyage \u2714\ufe0f Commandez en ligne chez tombotto","robots":{"index":"index","follow":"follow","max-snippet":"max-snippet:-1","max-image-preview":"max-image-preview:large","max-video-preview":"max-video-preview:-1"},"canonical":"https:\/\/shop.tombotto.ch\/fr\/shop\/verre-3-dl-en-rpet-avec-bordure-mousse\/","og_locale":"fr_FR","og_type":"article","og_title":"Verre 3 dl cristal en RPET avec bordure mousse","og_description":"Verre jetables \u279c 3 dl \u2714\ufe0f transparent \u2714\ufe0f avec bordure mousse \u2714\ufe0f Pour vos \u00e9v\u00e9nements sans corv\u00e9e de nettoyage \u2714\ufe0f Commandez en ligne chez tombotto","og_url":"https:\/\/shop.tombotto.ch\/fr\/shop\/verre-3-dl-en-rpet-avec-bordure-mousse\/","og_site_name":"Tombotto","article_modified_time":"2025-08-26T09:06:47+00:00","og_image":[{"width":800,"height":678,"url":"https:\/\/shop.tombotto.ch\/wp-content\/uploads\/2023\/05\/772_gr.jpg","type":"image\/jpeg"}],"twitter_card":"summary_large_image","twitter_misc":{"Dur\u00e9e de lecture estim\u00e9e":"1 minute"},"schema":{"@context":"https:\/\/schema.org","@graph":[{"@type":"WebPage","@id":"https:\/\/shop.tombotto.ch\/fr\/shop\/verre-3-dl-en-rpet-avec-bordure-mousse\/","url":"https:\/\/shop.tombotto.ch\/fr\/shop\/verre-3-dl-en-rpet-avec-bordure-mousse\/","name":"Verre 3 dl cristal en RPET avec bordure mousse - Tombotto","isPartOf":{"@id":"https:\/\/shop.tombotto.ch\/fr\/#website"},"primaryImageOfPage":{"@id":"https:\/\/shop.tombotto.ch\/fr\/shop\/verre-3-dl-en-rpet-avec-bordure-mousse\/#primaryimage"},"image":{"@id":"https:\/\/shop.tombotto.ch\/fr\/shop\/verre-3-dl-en-rpet-avec-bordure-mousse\/#primaryimage"},"thumbnailUrl":"https:\/\/shop.tombotto.ch\/wp-content\/uploads\/2023\/05\/772_gr.jpg","datePublished":"2023-05-23T15:16:55+00:00","dateModified":"2025-08-26T09:06:47+00:00","description":"Verre jetables \u279c 3 dl \u2714\ufe0f transparent \u2714\ufe0f avec bordure mousse \u2714\ufe0f Pour vos \u00e9v\u00e9nements sans corv\u00e9e de nettoyage \u2714\ufe0f Commandez en ligne chez tombotto","breadcrumb":{"@id":"https:\/\/shop.tombotto.ch\/fr\/shop\/verre-3-dl-en-rpet-avec-bordure-mousse\/#breadcrumb"},"inLanguage":"fr-FR","potentialAction":[{"@type":"ReadAction","target":["https:\/\/shop.tombotto.ch\/fr\/shop\/verre-3-dl-en-rpet-avec-bordure-mousse\/"]}]},{"@type":"ImageObject","inLanguage":"fr-FR","@id":"https:\/\/shop.tombotto.ch\/fr\/shop\/verre-3-dl-en-rpet-avec-bordure-mousse\/#primaryimage","url":"https:\/\/shop.tombotto.ch\/wp-content\/uploads\/2023\/05\/772_gr.jpg","contentUrl":"https:\/\/shop.tombotto.ch\/wp-content\/uploads\/2023\/05\/772_gr.jpg","width":800,"height":678},{"@type":"BreadcrumbList","@id":"https:\/\/shop.tombotto.ch\/fr\/shop\/verre-3-dl-en-rpet-avec-bordure-mousse\/#breadcrumb","itemListElement":[{"@type":"ListItem","position":1,"name":"Start","item":"https:\/\/shop.tombotto.ch\/fr\/"},{"@type":"ListItem","position":2,"name":"Shop","item":"https:\/\/shop.tombotto.ch\/fr\/shop\/"},{"@type":"ListItem","position":3,"name":"Verre 3 dl cristal en RPET avec bordure mousse"}]},{"@type":"WebSite","@id":"https:\/\/shop.tombotto.ch\/fr\/#website","url":"https:\/\/shop.tombotto.ch\/fr\/","name":"Tombotto","description":"Fest-, Event- &amp; Promotionsartikel","publisher":{"@id":"https:\/\/shop.tombotto.ch\/fr\/#organization"},"potentialAction":[{"@type":"SearchAction","target":{"@type":"EntryPoint","urlTemplate":"https:\/\/shop.tombotto.ch\/fr\/?s={search_term_string}"},"query-input":{"@type":"PropertyValueSpecification","valueRequired":true,"valueName":"search_term_string"}}],"inLanguage":"fr-FR"},{"@type":"Organization","@id":"https:\/\/shop.tombotto.ch\/fr\/#organization","name":"Tombotto","url":"https:\/\/shop.tombotto.ch\/fr\/","logo":{"@type":"ImageObject","inLanguage":"fr-FR","@id":"https:\/\/shop.tombotto.ch\/fr\/#\/schema\/logo\/image\/","url":"https:\/\/shop.tombotto.ch\/wp-content\/uploads\/2023\/03\/logo.svg","contentUrl":"https:\/\/shop.tombotto.ch\/wp-content\/uploads\/2023\/03\/logo.svg","caption":"Tombotto"},"image":{"@id":"https:\/\/shop.tombotto.ch\/fr\/#\/schema\/logo\/image\/"}}]}},"tiered_pricing_type":"fixed","tiered_pricing_fixed_rules":[],"tiered_pricing_product_settings":{"layout":"default","base_unit_name":{"singular":null,"plural":null},"default_variation":null},"tiered_pricing_minimum_quantity":null,"tiered_pricing_roles_data":[],"tiered_pricing_percentage_rules":[],"tiered_pricing_maximum_quantity":null,"tiered_pricing_quantity_step":null,"_links":{"self":[{"href":"https:\/\/shop.tombotto.ch\/fr\/wp-json\/wp\/v2\/product\/38015","targetHints":{"allow":["GET"]}}],"collection":[{"href":"https:\/\/shop.tombotto.ch\/fr\/wp-json\/wp\/v2\/product"}],"about":[{"href":"https:\/\/shop.tombotto.ch\/fr\/wp-json\/wp\/v2\/types\/product"}],"wp:featuredmedia":[{"embeddable":true,"href":"https:\/\/shop.tombotto.ch\/fr\/wp-json\/wp\/v2\/media\/36318"}],"wp:attachment":[{"href":"https:\/\/shop.tombotto.ch\/fr\/wp-json\/wp\/v2\/media?parent=38015"}],"wp:term":[{"taxonomy":"product_brand","embeddable":true,"href":"https:\/\/shop.tombotto.ch\/fr\/wp-json\/wp\/v2\/product_brand?post=38015"},{"taxonomy":"product_cat","embeddable":true,"href":"https:\/\/shop.tombotto.ch\/fr\/wp-json\/wp\/v2\/product_cat?post=38015"},{"taxonomy":"product_tag","embeddable":true,"href":"https:\/\/shop.tombotto.ch\/fr\/wp-json\/wp\/v2\/product_tag?post=38015"}],"curies":[{"name":"wp","href":"https:\/\/api.w.org\/{rel}","templated":true}]}}