{"id":38129,"date":"2023-05-23T17:18:44","date_gmt":"2023-05-23T15:18:44","guid":{"rendered":"https:\/\/shop.tombotto.ch\/shop\/boite-a-pates-550-ml\/"},"modified":"2025-03-31T10:41:32","modified_gmt":"2025-03-31T08:41:32","slug":"boite-a-pates-550-ml","status":"publish","type":"product","link":"https:\/\/shop.tombotto.ch\/fr\/shop\/boite-a-pates-550-ml\/","title":{"rendered":"Bo\u00eete \u00e0 p\u00e2tes 550 ml"},"content":{"rendered":"<ul>\n<li>Bo\u00eete \u00e0 p\u00e2tes fermable<\/li>\n<li>Bas\u00e9 sur des mati\u00e8res premi\u00e8res durables<\/li>\n<li>Carton avec rev\u00eatement en plastique<\/li>\n<li>Blanc<\/li>\n<li>550 ml<\/li>\n<li>Dimensions ferm\u00e9 ca. 85 x 70 x 105 mm<\/li>\n<li>Sol \u00d8 75 mm<\/li>\n<li>Take-Away<\/li>\n<\/ul>\n","protected":false},"excerpt":{"rendered":"<p>Sachet de 50 pi\u00e8ces \/<br \/>\nCarton de 500 pi\u00e8ces<\/p>\n","protected":false},"featured_media":36508,"template":"","meta":{"_acf_changed":false,"inline_featured_image":false},"product_brand":[],"product_cat":[4674,4623],"product_tag":[],"class_list":{"0":"post-38129","1":"product","2":"type-product","3":"status-publish","4":"has-post-thumbnail","6":"product_cat-take-away-boxes","7":"product_cat-take-away-recipients-et-bols","9":"first","10":"instock","11":"taxable","12":"shipping-taxable","13":"purchasable","14":"product-type-variable"},"exclude_global_add_ons":[],"addons":[],"acf":[],"yoast_head":"<!-- This site is optimized with the Yoast SEO Premium plugin v27.4 (Yoast SEO v27.4) - https:\/\/yoast.com\/product\/yoast-seo-premium-wordpress\/ -->\n<title>Bo\u00eete \u00e0 p\u00e2tes 550 ml - Tombotto<\/title>\n<meta name=\"description\" content=\"Bo\u00eete \u00e0 nouilles en carton \u25b7 Take-Away \u25b7 Contenu 550 ml \u2714\ufe0f Couleur blanche \u2714\ufe0f Fermable \u2714\ufe0f Dimensions : Ferm\u00e9 85 x 70 x 105 mm \u2714\ufe0f acheter chez tombotto gmbh\" \/>\n<meta name=\"robots\" content=\"index, follow, max-snippet:-1, max-image-preview:large, max-video-preview:-1\" \/>\n<link rel=\"canonical\" href=\"https:\/\/shop.tombotto.ch\/fr\/shop\/boite-a-pates-550-ml\/\" \/>\n<meta property=\"og:locale\" content=\"fr_FR\" \/>\n<meta property=\"og:type\" content=\"article\" \/>\n<meta property=\"og:title\" content=\"Bo\u00eete \u00e0 p\u00e2tes 550 ml\" \/>\n<meta property=\"og:description\" content=\"Bo\u00eete \u00e0 nouilles en carton \u25b7 Take-Away \u25b7 Contenu 550 ml \u2714\ufe0f Couleur blanche \u2714\ufe0f Fermable \u2714\ufe0f Dimensions : Ferm\u00e9 85 x 70 x 105 mm \u2714\ufe0f acheter chez tombotto gmbh\" \/>\n<meta property=\"og:url\" content=\"https:\/\/shop.tombotto.ch\/fr\/shop\/boite-a-pates-550-ml\/\" \/>\n<meta property=\"og:site_name\" content=\"Tombotto\" \/>\n<meta property=\"article:modified_time\" content=\"2025-03-31T08:41:32+00:00\" \/>\n<meta property=\"og:image\" content=\"https:\/\/shop.tombotto.ch\/wp-content\/uploads\/2023\/05\/2232_gr.jpg\" \/>\n\t<meta property=\"og:image:width\" content=\"800\" \/>\n\t<meta property=\"og:image:height\" content=\"678\" \/>\n\t<meta property=\"og:image:type\" content=\"image\/jpeg\" \/>\n<meta name=\"twitter:card\" content=\"summary_large_image\" \/>\n<meta name=\"twitter:label1\" content=\"Dur\u00e9e de lecture estim\u00e9e\" \/>\n\t<meta name=\"twitter:data1\" content=\"1 minute\" \/>\n<script type=\"application\/ld+json\" class=\"yoast-schema-graph\">{\"@context\":\"https:\\\/\\\/schema.org\",\"@graph\":[{\"@type\":\"WebPage\",\"@id\":\"https:\\\/\\\/shop.tombotto.ch\\\/fr\\\/shop\\\/boite-a-pates-550-ml\\\/\",\"url\":\"https:\\\/\\\/shop.tombotto.ch\\\/fr\\\/shop\\\/boite-a-pates-550-ml\\\/\",\"name\":\"Bo\u00eete \u00e0 p\u00e2tes 550 ml - Tombotto\",\"isPartOf\":{\"@id\":\"https:\\\/\\\/shop.tombotto.ch\\\/fr\\\/#website\"},\"primaryImageOfPage\":{\"@id\":\"https:\\\/\\\/shop.tombotto.ch\\\/fr\\\/shop\\\/boite-a-pates-550-ml\\\/#primaryimage\"},\"image\":{\"@id\":\"https:\\\/\\\/shop.tombotto.ch\\\/fr\\\/shop\\\/boite-a-pates-550-ml\\\/#primaryimage\"},\"thumbnailUrl\":\"https:\\\/\\\/shop.tombotto.ch\\\/wp-content\\\/uploads\\\/2023\\\/05\\\/2232_gr.jpg\",\"datePublished\":\"2023-05-23T15:18:44+00:00\",\"dateModified\":\"2025-03-31T08:41:32+00:00\",\"description\":\"Bo\u00eete \u00e0 nouilles en carton \u25b7 Take-Away \u25b7 Contenu 550 ml \u2714\ufe0f Couleur blanche \u2714\ufe0f Fermable \u2714\ufe0f Dimensions : Ferm\u00e9 85 x 70 x 105 mm \u2714\ufe0f acheter chez tombotto gmbh\",\"breadcrumb\":{\"@id\":\"https:\\\/\\\/shop.tombotto.ch\\\/fr\\\/shop\\\/boite-a-pates-550-ml\\\/#breadcrumb\"},\"inLanguage\":\"fr-FR\",\"potentialAction\":[{\"@type\":\"ReadAction\",\"target\":[\"https:\\\/\\\/shop.tombotto.ch\\\/fr\\\/shop\\\/boite-a-pates-550-ml\\\/\"]}]},{\"@type\":\"ImageObject\",\"inLanguage\":\"fr-FR\",\"@id\":\"https:\\\/\\\/shop.tombotto.ch\\\/fr\\\/shop\\\/boite-a-pates-550-ml\\\/#primaryimage\",\"url\":\"https:\\\/\\\/shop.tombotto.ch\\\/wp-content\\\/uploads\\\/2023\\\/05\\\/2232_gr.jpg\",\"contentUrl\":\"https:\\\/\\\/shop.tombotto.ch\\\/wp-content\\\/uploads\\\/2023\\\/05\\\/2232_gr.jpg\",\"width\":800,\"height\":678},{\"@type\":\"BreadcrumbList\",\"@id\":\"https:\\\/\\\/shop.tombotto.ch\\\/fr\\\/shop\\\/boite-a-pates-550-ml\\\/#breadcrumb\",\"itemListElement\":[{\"@type\":\"ListItem\",\"position\":1,\"name\":\"Start\",\"item\":\"https:\\\/\\\/shop.tombotto.ch\\\/fr\\\/\"},{\"@type\":\"ListItem\",\"position\":2,\"name\":\"Shop\",\"item\":\"https:\\\/\\\/shop.tombotto.ch\\\/fr\\\/shop\\\/\"},{\"@type\":\"ListItem\",\"position\":3,\"name\":\"Bo\u00eete \u00e0 p\u00e2tes 550 ml\"}]},{\"@type\":\"WebSite\",\"@id\":\"https:\\\/\\\/shop.tombotto.ch\\\/fr\\\/#website\",\"url\":\"https:\\\/\\\/shop.tombotto.ch\\\/fr\\\/\",\"name\":\"Tombotto\",\"description\":\"Fest-, Event- &amp; Promotionsartikel\",\"publisher\":{\"@id\":\"https:\\\/\\\/shop.tombotto.ch\\\/fr\\\/#organization\"},\"potentialAction\":[{\"@type\":\"SearchAction\",\"target\":{\"@type\":\"EntryPoint\",\"urlTemplate\":\"https:\\\/\\\/shop.tombotto.ch\\\/fr\\\/?s={search_term_string}\"},\"query-input\":{\"@type\":\"PropertyValueSpecification\",\"valueRequired\":true,\"valueName\":\"search_term_string\"}}],\"inLanguage\":\"fr-FR\"},{\"@type\":\"Organization\",\"@id\":\"https:\\\/\\\/shop.tombotto.ch\\\/fr\\\/#organization\",\"name\":\"Tombotto\",\"url\":\"https:\\\/\\\/shop.tombotto.ch\\\/fr\\\/\",\"logo\":{\"@type\":\"ImageObject\",\"inLanguage\":\"fr-FR\",\"@id\":\"https:\\\/\\\/shop.tombotto.ch\\\/fr\\\/#\\\/schema\\\/logo\\\/image\\\/\",\"url\":\"https:\\\/\\\/shop.tombotto.ch\\\/wp-content\\\/uploads\\\/2023\\\/03\\\/logo.svg\",\"contentUrl\":\"https:\\\/\\\/shop.tombotto.ch\\\/wp-content\\\/uploads\\\/2023\\\/03\\\/logo.svg\",\"caption\":\"Tombotto\"},\"image\":{\"@id\":\"https:\\\/\\\/shop.tombotto.ch\\\/fr\\\/#\\\/schema\\\/logo\\\/image\\\/\"}}]}<\/script>\n<!-- \/ Yoast SEO Premium plugin. -->","yoast_head_json":{"title":"Bo\u00eete \u00e0 p\u00e2tes 550 ml - Tombotto","description":"Bo\u00eete \u00e0 nouilles en carton \u25b7 Take-Away \u25b7 Contenu 550 ml \u2714\ufe0f Couleur blanche \u2714\ufe0f Fermable \u2714\ufe0f Dimensions : Ferm\u00e9 85 x 70 x 105 mm \u2714\ufe0f acheter chez tombotto gmbh","robots":{"index":"index","follow":"follow","max-snippet":"max-snippet:-1","max-image-preview":"max-image-preview:large","max-video-preview":"max-video-preview:-1"},"canonical":"https:\/\/shop.tombotto.ch\/fr\/shop\/boite-a-pates-550-ml\/","og_locale":"fr_FR","og_type":"article","og_title":"Bo\u00eete \u00e0 p\u00e2tes 550 ml","og_description":"Bo\u00eete \u00e0 nouilles en carton \u25b7 Take-Away \u25b7 Contenu 550 ml \u2714\ufe0f Couleur blanche \u2714\ufe0f Fermable \u2714\ufe0f Dimensions : Ferm\u00e9 85 x 70 x 105 mm \u2714\ufe0f acheter chez tombotto gmbh","og_url":"https:\/\/shop.tombotto.ch\/fr\/shop\/boite-a-pates-550-ml\/","og_site_name":"Tombotto","article_modified_time":"2025-03-31T08:41:32+00:00","og_image":[{"width":800,"height":678,"url":"https:\/\/shop.tombotto.ch\/wp-content\/uploads\/2023\/05\/2232_gr.jpg","type":"image\/jpeg"}],"twitter_card":"summary_large_image","twitter_misc":{"Dur\u00e9e de lecture estim\u00e9e":"1 minute"},"schema":{"@context":"https:\/\/schema.org","@graph":[{"@type":"WebPage","@id":"https:\/\/shop.tombotto.ch\/fr\/shop\/boite-a-pates-550-ml\/","url":"https:\/\/shop.tombotto.ch\/fr\/shop\/boite-a-pates-550-ml\/","name":"Bo\u00eete \u00e0 p\u00e2tes 550 ml - Tombotto","isPartOf":{"@id":"https:\/\/shop.tombotto.ch\/fr\/#website"},"primaryImageOfPage":{"@id":"https:\/\/shop.tombotto.ch\/fr\/shop\/boite-a-pates-550-ml\/#primaryimage"},"image":{"@id":"https:\/\/shop.tombotto.ch\/fr\/shop\/boite-a-pates-550-ml\/#primaryimage"},"thumbnailUrl":"https:\/\/shop.tombotto.ch\/wp-content\/uploads\/2023\/05\/2232_gr.jpg","datePublished":"2023-05-23T15:18:44+00:00","dateModified":"2025-03-31T08:41:32+00:00","description":"Bo\u00eete \u00e0 nouilles en carton \u25b7 Take-Away \u25b7 Contenu 550 ml \u2714\ufe0f Couleur blanche \u2714\ufe0f Fermable \u2714\ufe0f Dimensions : Ferm\u00e9 85 x 70 x 105 mm \u2714\ufe0f acheter chez tombotto gmbh","breadcrumb":{"@id":"https:\/\/shop.tombotto.ch\/fr\/shop\/boite-a-pates-550-ml\/#breadcrumb"},"inLanguage":"fr-FR","potentialAction":[{"@type":"ReadAction","target":["https:\/\/shop.tombotto.ch\/fr\/shop\/boite-a-pates-550-ml\/"]}]},{"@type":"ImageObject","inLanguage":"fr-FR","@id":"https:\/\/shop.tombotto.ch\/fr\/shop\/boite-a-pates-550-ml\/#primaryimage","url":"https:\/\/shop.tombotto.ch\/wp-content\/uploads\/2023\/05\/2232_gr.jpg","contentUrl":"https:\/\/shop.tombotto.ch\/wp-content\/uploads\/2023\/05\/2232_gr.jpg","width":800,"height":678},{"@type":"BreadcrumbList","@id":"https:\/\/shop.tombotto.ch\/fr\/shop\/boite-a-pates-550-ml\/#breadcrumb","itemListElement":[{"@type":"ListItem","position":1,"name":"Start","item":"https:\/\/shop.tombotto.ch\/fr\/"},{"@type":"ListItem","position":2,"name":"Shop","item":"https:\/\/shop.tombotto.ch\/fr\/shop\/"},{"@type":"ListItem","position":3,"name":"Bo\u00eete \u00e0 p\u00e2tes 550 ml"}]},{"@type":"WebSite","@id":"https:\/\/shop.tombotto.ch\/fr\/#website","url":"https:\/\/shop.tombotto.ch\/fr\/","name":"Tombotto","description":"Fest-, Event- &amp; Promotionsartikel","publisher":{"@id":"https:\/\/shop.tombotto.ch\/fr\/#organization"},"potentialAction":[{"@type":"SearchAction","target":{"@type":"EntryPoint","urlTemplate":"https:\/\/shop.tombotto.ch\/fr\/?s={search_term_string}"},"query-input":{"@type":"PropertyValueSpecification","valueRequired":true,"valueName":"search_term_string"}}],"inLanguage":"fr-FR"},{"@type":"Organization","@id":"https:\/\/shop.tombotto.ch\/fr\/#organization","name":"Tombotto","url":"https:\/\/shop.tombotto.ch\/fr\/","logo":{"@type":"ImageObject","inLanguage":"fr-FR","@id":"https:\/\/shop.tombotto.ch\/fr\/#\/schema\/logo\/image\/","url":"https:\/\/shop.tombotto.ch\/wp-content\/uploads\/2023\/03\/logo.svg","contentUrl":"https:\/\/shop.tombotto.ch\/wp-content\/uploads\/2023\/03\/logo.svg","caption":"Tombotto"},"image":{"@id":"https:\/\/shop.tombotto.ch\/fr\/#\/schema\/logo\/image\/"}}]}},"tiered_pricing_type":"fixed","tiered_pricing_fixed_rules":[],"tiered_pricing_product_settings":{"layout":"default","base_unit_name":{"singular":null,"plural":null},"default_variation":null},"tiered_pricing_minimum_quantity":null,"tiered_pricing_roles_data":[],"tiered_pricing_percentage_rules":[],"tiered_pricing_maximum_quantity":null,"tiered_pricing_quantity_step":null,"_links":{"self":[{"href":"https:\/\/shop.tombotto.ch\/fr\/wp-json\/wp\/v2\/product\/38129","targetHints":{"allow":["GET"]}}],"collection":[{"href":"https:\/\/shop.tombotto.ch\/fr\/wp-json\/wp\/v2\/product"}],"about":[{"href":"https:\/\/shop.tombotto.ch\/fr\/wp-json\/wp\/v2\/types\/product"}],"wp:featuredmedia":[{"embeddable":true,"href":"https:\/\/shop.tombotto.ch\/fr\/wp-json\/wp\/v2\/media\/36508"}],"wp:attachment":[{"href":"https:\/\/shop.tombotto.ch\/fr\/wp-json\/wp\/v2\/media?parent=38129"}],"wp:term":[{"taxonomy":"product_brand","embeddable":true,"href":"https:\/\/shop.tombotto.ch\/fr\/wp-json\/wp\/v2\/product_brand?post=38129"},{"taxonomy":"product_cat","embeddable":true,"href":"https:\/\/shop.tombotto.ch\/fr\/wp-json\/wp\/v2\/product_cat?post=38129"},{"taxonomy":"product_tag","embeddable":true,"href":"https:\/\/shop.tombotto.ch\/fr\/wp-json\/wp\/v2\/product_tag?post=38129"}],"curies":[{"name":"wp","href":"https:\/\/api.w.org\/{rel}","templated":true}]}}