{"id":38159,"date":"2023-05-23T17:19:14","date_gmt":"2023-05-23T15:19:14","guid":{"rendered":"https:\/\/shop.tombotto.ch\/shop\/gaine-foliaire-de-palmier-assiette-ronde-o-30-x-3-cm\/"},"modified":"2025-09-23T11:20:52","modified_gmt":"2025-09-23T09:20:52","slug":"assiette-en-feuille-palmier-ronde-30-x-3-cm","status":"publish","type":"product","link":"https:\/\/shop.tombotto.ch\/fr\/shop\/assiette-en-feuille-palmier-ronde-30-x-3-cm\/","title":{"rendered":"Assiette ronde en feuille de palme <br>\u00d8 30 x 3 cm"},"content":{"rendered":"<ul>\n<li>Assiette en feuille de palmier<\/li>\n<li>\u00d8 30 x 3 cm<\/li>\n<li>Biod\u00e9gradable<\/li>\n<\/ul>\n<p>Les assiettes en feuille de palme sont press\u00e9es \u00e0 partir des feuilles du palmier \u00e0 b\u00e9tel, qui les perd plusieurs fois par an. Produite de mani\u00e8re durable, chaque assiette est unique. <\/p>\n<p class=\"no_margin\">Remarque : il s&rsquo;agit d&rsquo;un produit naturel et sa forme et sa couleur peuvent varier.<br \/>\nPour des raisons d&rsquo;hygi\u00e8ne, l&rsquo;unit\u00e9 de vente est emball\u00e9e dans un film protecteur.<\/p>\n","protected":false},"excerpt":{"rendered":"<p>Sachet de 25 pi\u00e8ces \/<br \/>\nCarton de 100 pi\u00e8ces<\/p>\n","protected":false},"featured_media":36558,"template":"","meta":{"_acf_changed":false,"inline_featured_image":false},"product_brand":[],"product_cat":[4671,4664],"product_tag":[],"class_list":{"0":"post-38159","1":"product","2":"type-product","3":"status-publish","4":"has-post-thumbnail","6":"product_cat-assiettes-tombotto-green-2","7":"product_cat-gaine-foliaire-de-palmier","9":"first","10":"instock","11":"taxable","12":"shipping-taxable","13":"purchasable","14":"product-type-variable"},"exclude_global_add_ons":[],"addons":[],"acf":[],"yoast_head":"<!-- This site is optimized with the Yoast SEO Premium plugin v27.4 (Yoast SEO v27.4) - https:\/\/yoast.com\/product\/yoast-seo-premium-wordpress\/ -->\n<title>Assiette en feuille de palme 30 cm<\/title>\n<meta name=\"description\" content=\"Assiette en feuille de palmier \u25b7 Diam\u00e8tre 30 cm \u2713 Ronde \u2713 3 cm de haut \u2713 De production durable \u2713 Produit naturel \u00e9cologique \u271a tombotto gmbh | Aarwangen BE\" \/>\n<meta name=\"robots\" content=\"index, follow, max-snippet:-1, max-image-preview:large, max-video-preview:-1\" \/>\n<link rel=\"canonical\" href=\"https:\/\/shop.tombotto.ch\/fr\/shop\/assiette-en-feuille-palmier-ronde-30-x-3-cm\/\" \/>\n<meta property=\"og:locale\" content=\"fr_FR\" \/>\n<meta property=\"og:type\" content=\"article\" \/>\n<meta property=\"og:title\" content=\"Assiette ronde en feuille de palme \u00d8 30 x 3 cm\" \/>\n<meta property=\"og:description\" content=\"Assiette en feuille de palmier \u25b7 Diam\u00e8tre 30 cm \u2713 Ronde \u2713 3 cm de haut \u2713 De production durable \u2713 Produit naturel \u00e9cologique \u271a tombotto gmbh | Aarwangen BE\" \/>\n<meta property=\"og:url\" content=\"https:\/\/shop.tombotto.ch\/fr\/shop\/assiette-en-feuille-palmier-ronde-30-x-3-cm\/\" \/>\n<meta property=\"og:site_name\" content=\"Tombotto\" \/>\n<meta property=\"article:modified_time\" content=\"2025-09-23T09:20:52+00:00\" \/>\n<meta property=\"og:image\" content=\"https:\/\/shop.tombotto.ch\/wp-content\/uploads\/2023\/05\/1586_gr.jpg\" \/>\n\t<meta property=\"og:image:width\" content=\"800\" \/>\n\t<meta property=\"og:image:height\" content=\"678\" \/>\n\t<meta property=\"og:image:type\" content=\"image\/jpeg\" \/>\n<meta name=\"twitter:card\" content=\"summary_large_image\" \/>\n<meta name=\"twitter:label1\" content=\"Dur\u00e9e de lecture estim\u00e9e\" \/>\n\t<meta name=\"twitter:data1\" content=\"1 minute\" \/>\n<script type=\"application\/ld+json\" class=\"yoast-schema-graph\">{\"@context\":\"https:\\\/\\\/schema.org\",\"@graph\":[{\"@type\":\"WebPage\",\"@id\":\"https:\\\/\\\/shop.tombotto.ch\\\/fr\\\/shop\\\/assiette-en-feuille-palmier-ronde-30-x-3-cm\\\/\",\"url\":\"https:\\\/\\\/shop.tombotto.ch\\\/fr\\\/shop\\\/assiette-en-feuille-palmier-ronde-30-x-3-cm\\\/\",\"name\":\"Assiette en feuille de palme 30 cm\",\"isPartOf\":{\"@id\":\"https:\\\/\\\/shop.tombotto.ch\\\/fr\\\/#website\"},\"primaryImageOfPage\":{\"@id\":\"https:\\\/\\\/shop.tombotto.ch\\\/fr\\\/shop\\\/assiette-en-feuille-palmier-ronde-30-x-3-cm\\\/#primaryimage\"},\"image\":{\"@id\":\"https:\\\/\\\/shop.tombotto.ch\\\/fr\\\/shop\\\/assiette-en-feuille-palmier-ronde-30-x-3-cm\\\/#primaryimage\"},\"thumbnailUrl\":\"https:\\\/\\\/shop.tombotto.ch\\\/wp-content\\\/uploads\\\/2023\\\/05\\\/1586_gr.jpg\",\"datePublished\":\"2023-05-23T15:19:14+00:00\",\"dateModified\":\"2025-09-23T09:20:52+00:00\",\"description\":\"Assiette en feuille de palmier \u25b7 Diam\u00e8tre 30 cm \u2713 Ronde \u2713 3 cm de haut \u2713 De production durable \u2713 Produit naturel \u00e9cologique \u271a tombotto gmbh | Aarwangen BE\",\"breadcrumb\":{\"@id\":\"https:\\\/\\\/shop.tombotto.ch\\\/fr\\\/shop\\\/assiette-en-feuille-palmier-ronde-30-x-3-cm\\\/#breadcrumb\"},\"inLanguage\":\"fr-FR\",\"potentialAction\":[{\"@type\":\"ReadAction\",\"target\":[\"https:\\\/\\\/shop.tombotto.ch\\\/fr\\\/shop\\\/assiette-en-feuille-palmier-ronde-30-x-3-cm\\\/\"]}]},{\"@type\":\"ImageObject\",\"inLanguage\":\"fr-FR\",\"@id\":\"https:\\\/\\\/shop.tombotto.ch\\\/fr\\\/shop\\\/assiette-en-feuille-palmier-ronde-30-x-3-cm\\\/#primaryimage\",\"url\":\"https:\\\/\\\/shop.tombotto.ch\\\/wp-content\\\/uploads\\\/2023\\\/05\\\/1586_gr.jpg\",\"contentUrl\":\"https:\\\/\\\/shop.tombotto.ch\\\/wp-content\\\/uploads\\\/2023\\\/05\\\/1586_gr.jpg\",\"width\":800,\"height\":678},{\"@type\":\"BreadcrumbList\",\"@id\":\"https:\\\/\\\/shop.tombotto.ch\\\/fr\\\/shop\\\/assiette-en-feuille-palmier-ronde-30-x-3-cm\\\/#breadcrumb\",\"itemListElement\":[{\"@type\":\"ListItem\",\"position\":1,\"name\":\"Start\",\"item\":\"https:\\\/\\\/shop.tombotto.ch\\\/fr\\\/\"},{\"@type\":\"ListItem\",\"position\":2,\"name\":\"Shop\",\"item\":\"https:\\\/\\\/shop.tombotto.ch\\\/fr\\\/shop\\\/\"},{\"@type\":\"ListItem\",\"position\":3,\"name\":\"Assiette ronde en feuille de palme \u00d8 30 x 3 cm\"}]},{\"@type\":\"WebSite\",\"@id\":\"https:\\\/\\\/shop.tombotto.ch\\\/fr\\\/#website\",\"url\":\"https:\\\/\\\/shop.tombotto.ch\\\/fr\\\/\",\"name\":\"Tombotto\",\"description\":\"Fest-, Event- &amp; Promotionsartikel\",\"publisher\":{\"@id\":\"https:\\\/\\\/shop.tombotto.ch\\\/fr\\\/#organization\"},\"potentialAction\":[{\"@type\":\"SearchAction\",\"target\":{\"@type\":\"EntryPoint\",\"urlTemplate\":\"https:\\\/\\\/shop.tombotto.ch\\\/fr\\\/?s={search_term_string}\"},\"query-input\":{\"@type\":\"PropertyValueSpecification\",\"valueRequired\":true,\"valueName\":\"search_term_string\"}}],\"inLanguage\":\"fr-FR\"},{\"@type\":\"Organization\",\"@id\":\"https:\\\/\\\/shop.tombotto.ch\\\/fr\\\/#organization\",\"name\":\"Tombotto\",\"url\":\"https:\\\/\\\/shop.tombotto.ch\\\/fr\\\/\",\"logo\":{\"@type\":\"ImageObject\",\"inLanguage\":\"fr-FR\",\"@id\":\"https:\\\/\\\/shop.tombotto.ch\\\/fr\\\/#\\\/schema\\\/logo\\\/image\\\/\",\"url\":\"https:\\\/\\\/shop.tombotto.ch\\\/wp-content\\\/uploads\\\/2023\\\/03\\\/logo.svg\",\"contentUrl\":\"https:\\\/\\\/shop.tombotto.ch\\\/wp-content\\\/uploads\\\/2023\\\/03\\\/logo.svg\",\"caption\":\"Tombotto\"},\"image\":{\"@id\":\"https:\\\/\\\/shop.tombotto.ch\\\/fr\\\/#\\\/schema\\\/logo\\\/image\\\/\"}}]}<\/script>\n<!-- \/ Yoast SEO Premium plugin. -->","yoast_head_json":{"title":"Assiette en feuille de palme 30 cm","description":"Assiette en feuille de palmier \u25b7 Diam\u00e8tre 30 cm \u2713 Ronde \u2713 3 cm de haut \u2713 De production durable \u2713 Produit naturel \u00e9cologique \u271a tombotto gmbh | Aarwangen BE","robots":{"index":"index","follow":"follow","max-snippet":"max-snippet:-1","max-image-preview":"max-image-preview:large","max-video-preview":"max-video-preview:-1"},"canonical":"https:\/\/shop.tombotto.ch\/fr\/shop\/assiette-en-feuille-palmier-ronde-30-x-3-cm\/","og_locale":"fr_FR","og_type":"article","og_title":"Assiette ronde en feuille de palme \u00d8 30 x 3 cm","og_description":"Assiette en feuille de palmier \u25b7 Diam\u00e8tre 30 cm \u2713 Ronde \u2713 3 cm de haut \u2713 De production durable \u2713 Produit naturel \u00e9cologique \u271a tombotto gmbh | Aarwangen BE","og_url":"https:\/\/shop.tombotto.ch\/fr\/shop\/assiette-en-feuille-palmier-ronde-30-x-3-cm\/","og_site_name":"Tombotto","article_modified_time":"2025-09-23T09:20:52+00:00","og_image":[{"width":800,"height":678,"url":"https:\/\/shop.tombotto.ch\/wp-content\/uploads\/2023\/05\/1586_gr.jpg","type":"image\/jpeg"}],"twitter_card":"summary_large_image","twitter_misc":{"Dur\u00e9e de lecture estim\u00e9e":"1 minute"},"schema":{"@context":"https:\/\/schema.org","@graph":[{"@type":"WebPage","@id":"https:\/\/shop.tombotto.ch\/fr\/shop\/assiette-en-feuille-palmier-ronde-30-x-3-cm\/","url":"https:\/\/shop.tombotto.ch\/fr\/shop\/assiette-en-feuille-palmier-ronde-30-x-3-cm\/","name":"Assiette en feuille de palme 30 cm","isPartOf":{"@id":"https:\/\/shop.tombotto.ch\/fr\/#website"},"primaryImageOfPage":{"@id":"https:\/\/shop.tombotto.ch\/fr\/shop\/assiette-en-feuille-palmier-ronde-30-x-3-cm\/#primaryimage"},"image":{"@id":"https:\/\/shop.tombotto.ch\/fr\/shop\/assiette-en-feuille-palmier-ronde-30-x-3-cm\/#primaryimage"},"thumbnailUrl":"https:\/\/shop.tombotto.ch\/wp-content\/uploads\/2023\/05\/1586_gr.jpg","datePublished":"2023-05-23T15:19:14+00:00","dateModified":"2025-09-23T09:20:52+00:00","description":"Assiette en feuille de palmier \u25b7 Diam\u00e8tre 30 cm \u2713 Ronde \u2713 3 cm de haut \u2713 De production durable \u2713 Produit naturel \u00e9cologique \u271a tombotto gmbh | Aarwangen BE","breadcrumb":{"@id":"https:\/\/shop.tombotto.ch\/fr\/shop\/assiette-en-feuille-palmier-ronde-30-x-3-cm\/#breadcrumb"},"inLanguage":"fr-FR","potentialAction":[{"@type":"ReadAction","target":["https:\/\/shop.tombotto.ch\/fr\/shop\/assiette-en-feuille-palmier-ronde-30-x-3-cm\/"]}]},{"@type":"ImageObject","inLanguage":"fr-FR","@id":"https:\/\/shop.tombotto.ch\/fr\/shop\/assiette-en-feuille-palmier-ronde-30-x-3-cm\/#primaryimage","url":"https:\/\/shop.tombotto.ch\/wp-content\/uploads\/2023\/05\/1586_gr.jpg","contentUrl":"https:\/\/shop.tombotto.ch\/wp-content\/uploads\/2023\/05\/1586_gr.jpg","width":800,"height":678},{"@type":"BreadcrumbList","@id":"https:\/\/shop.tombotto.ch\/fr\/shop\/assiette-en-feuille-palmier-ronde-30-x-3-cm\/#breadcrumb","itemListElement":[{"@type":"ListItem","position":1,"name":"Start","item":"https:\/\/shop.tombotto.ch\/fr\/"},{"@type":"ListItem","position":2,"name":"Shop","item":"https:\/\/shop.tombotto.ch\/fr\/shop\/"},{"@type":"ListItem","position":3,"name":"Assiette ronde en feuille de palme \u00d8 30 x 3 cm"}]},{"@type":"WebSite","@id":"https:\/\/shop.tombotto.ch\/fr\/#website","url":"https:\/\/shop.tombotto.ch\/fr\/","name":"Tombotto","description":"Fest-, Event- &amp; Promotionsartikel","publisher":{"@id":"https:\/\/shop.tombotto.ch\/fr\/#organization"},"potentialAction":[{"@type":"SearchAction","target":{"@type":"EntryPoint","urlTemplate":"https:\/\/shop.tombotto.ch\/fr\/?s={search_term_string}"},"query-input":{"@type":"PropertyValueSpecification","valueRequired":true,"valueName":"search_term_string"}}],"inLanguage":"fr-FR"},{"@type":"Organization","@id":"https:\/\/shop.tombotto.ch\/fr\/#organization","name":"Tombotto","url":"https:\/\/shop.tombotto.ch\/fr\/","logo":{"@type":"ImageObject","inLanguage":"fr-FR","@id":"https:\/\/shop.tombotto.ch\/fr\/#\/schema\/logo\/image\/","url":"https:\/\/shop.tombotto.ch\/wp-content\/uploads\/2023\/03\/logo.svg","contentUrl":"https:\/\/shop.tombotto.ch\/wp-content\/uploads\/2023\/03\/logo.svg","caption":"Tombotto"},"image":{"@id":"https:\/\/shop.tombotto.ch\/fr\/#\/schema\/logo\/image\/"}}]}},"tiered_pricing_type":"fixed","tiered_pricing_fixed_rules":[],"tiered_pricing_product_settings":{"layout":"default","base_unit_name":{"singular":null,"plural":null},"default_variation":null},"tiered_pricing_minimum_quantity":null,"tiered_pricing_roles_data":[],"tiered_pricing_percentage_rules":[],"tiered_pricing_maximum_quantity":null,"tiered_pricing_quantity_step":null,"_links":{"self":[{"href":"https:\/\/shop.tombotto.ch\/fr\/wp-json\/wp\/v2\/product\/38159","targetHints":{"allow":["GET"]}}],"collection":[{"href":"https:\/\/shop.tombotto.ch\/fr\/wp-json\/wp\/v2\/product"}],"about":[{"href":"https:\/\/shop.tombotto.ch\/fr\/wp-json\/wp\/v2\/types\/product"}],"wp:featuredmedia":[{"embeddable":true,"href":"https:\/\/shop.tombotto.ch\/fr\/wp-json\/wp\/v2\/media\/36558"}],"wp:attachment":[{"href":"https:\/\/shop.tombotto.ch\/fr\/wp-json\/wp\/v2\/media?parent=38159"}],"wp:term":[{"taxonomy":"product_brand","embeddable":true,"href":"https:\/\/shop.tombotto.ch\/fr\/wp-json\/wp\/v2\/product_brand?post=38159"},{"taxonomy":"product_cat","embeddable":true,"href":"https:\/\/shop.tombotto.ch\/fr\/wp-json\/wp\/v2\/product_cat?post=38159"},{"taxonomy":"product_tag","embeddable":true,"href":"https:\/\/shop.tombotto.ch\/fr\/wp-json\/wp\/v2\/product_tag?post=38159"}],"curies":[{"name":"wp","href":"https:\/\/api.w.org\/{rel}","templated":true}]}}