{"id":38394,"date":"2023-05-23T17:24:34","date_gmt":"2023-05-23T15:24:34","guid":{"rendered":"https:\/\/shop.tombotto.ch\/shop\/billets-dentree-en-rouleaux-de-500\/"},"modified":"2025-07-11T08:41:23","modified_gmt":"2025-07-11T06:41:23","slug":"billets-dentree-en-rouleaux-de-500","status":"publish","type":"product","link":"https:\/\/shop.tombotto.ch\/fr\/shop\/billets-dentree-en-rouleaux-de-500\/","title":{"rendered":"Billets d&rsquo;entr\u00e9e en rouleaux de 500"},"content":{"rendered":"<ul>\n<li class=\"ai-optimize-18 ai-optimize-introduction\">Rouleaux de billets d&rsquo;entr\u00e9e<\/li>\n<li class=\"ai-optimize-19\">500 billets<\/li>\n<li class=\"ai-optimize-20\">Vente par rouleau<\/li>\n<li class=\"ai-optimize-25\">Avec syst\u00e8me de contr\u00f4le d\u00e9chirable<\/li>\n<li class=\"ai-optimize-21\"><strong>Texte en Allemand<\/strong><\/li>\n<\/ul>\n","protected":false},"excerpt":{"rendered":"<p>Rouleaux de billets d&rsquo;entr\u00e9e 500 billets Vente par rouleau Avec syst\u00e8me de contr\u00f4le d\u00e9chirable Texte en Allemand<\/p>\n","protected":false},"featured_media":36944,"template":"","meta":{"_acf_changed":false,"inline_featured_image":false},"product_brand":[],"product_cat":[4572],"product_tag":[],"class_list":{"0":"post-38394","1":"product","2":"type-product","3":"status-publish","4":"has-post-thumbnail","6":"product_cat-billets-dentree","8":"first","9":"instock","10":"taxable","11":"shipping-taxable","12":"purchasable","13":"product-type-variable"},"exclude_global_add_ons":[],"addons":[],"acf":[],"yoast_head":"<!-- This site is optimized with the Yoast SEO Premium plugin v27.4 (Yoast SEO v27.4) - https:\/\/yoast.com\/product\/yoast-seo-premium-wordpress\/ -->\n<title>Billets d&#039;entr\u00e9e en rouleaux de 500 - Tombotto<\/title>\n<meta name=\"description\" content=\"Billets d&#039;entr\u00e9e en rouleaux \u25b7 500 billets d\u00e9chirables \u2714\ufe0e Num\u00e9rot\u00e9s avec d\u00e9chirure de contr\u00f4le \u2714\ufe0e Diff\u00e9rentes couleurs disponibles \u2714\ufe0e chez tombotto\" \/>\n<meta name=\"robots\" content=\"index, follow, max-snippet:-1, max-image-preview:large, max-video-preview:-1\" \/>\n<link rel=\"canonical\" href=\"https:\/\/shop.tombotto.ch\/fr\/shop\/billets-dentree-en-rouleaux-de-500\/\" \/>\n<meta property=\"og:locale\" content=\"fr_FR\" \/>\n<meta property=\"og:type\" content=\"article\" \/>\n<meta property=\"og:title\" content=\"Billets d&#039;entr\u00e9e en rouleaux de 500\" \/>\n<meta property=\"og:description\" content=\"Billets d&#039;entr\u00e9e en rouleaux \u25b7 500 billets d\u00e9chirables \u2714\ufe0e Num\u00e9rot\u00e9s avec d\u00e9chirure de contr\u00f4le \u2714\ufe0e Diff\u00e9rentes couleurs disponibles \u2714\ufe0e chez tombotto\" \/>\n<meta property=\"og:url\" content=\"https:\/\/shop.tombotto.ch\/fr\/shop\/billets-dentree-en-rouleaux-de-500\/\" \/>\n<meta property=\"og:site_name\" content=\"Tombotto\" \/>\n<meta property=\"article:modified_time\" content=\"2025-07-11T06:41:23+00:00\" \/>\n<meta property=\"og:image\" content=\"https:\/\/shop.tombotto.ch\/wp-content\/uploads\/2023\/05\/709_gr.jpg\" \/>\n\t<meta property=\"og:image:width\" content=\"800\" \/>\n\t<meta property=\"og:image:height\" content=\"678\" \/>\n\t<meta property=\"og:image:type\" content=\"image\/jpeg\" \/>\n<meta name=\"twitter:card\" content=\"summary_large_image\" \/>\n<meta name=\"twitter:label1\" content=\"Dur\u00e9e de lecture estim\u00e9e\" \/>\n\t<meta name=\"twitter:data1\" content=\"1 minute\" \/>\n<script type=\"application\/ld+json\" class=\"yoast-schema-graph\">{\"@context\":\"https:\\\/\\\/schema.org\",\"@graph\":[{\"@type\":\"WebPage\",\"@id\":\"https:\\\/\\\/shop.tombotto.ch\\\/fr\\\/shop\\\/billets-dentree-en-rouleaux-de-500\\\/\",\"url\":\"https:\\\/\\\/shop.tombotto.ch\\\/fr\\\/shop\\\/billets-dentree-en-rouleaux-de-500\\\/\",\"name\":\"Billets d'entr\u00e9e en rouleaux de 500 - Tombotto\",\"isPartOf\":{\"@id\":\"https:\\\/\\\/shop.tombotto.ch\\\/fr\\\/#website\"},\"primaryImageOfPage\":{\"@id\":\"https:\\\/\\\/shop.tombotto.ch\\\/fr\\\/shop\\\/billets-dentree-en-rouleaux-de-500\\\/#primaryimage\"},\"image\":{\"@id\":\"https:\\\/\\\/shop.tombotto.ch\\\/fr\\\/shop\\\/billets-dentree-en-rouleaux-de-500\\\/#primaryimage\"},\"thumbnailUrl\":\"https:\\\/\\\/shop.tombotto.ch\\\/wp-content\\\/uploads\\\/2023\\\/05\\\/709_gr.jpg\",\"datePublished\":\"2023-05-23T15:24:34+00:00\",\"dateModified\":\"2025-07-11T06:41:23+00:00\",\"description\":\"Billets d'entr\u00e9e en rouleaux \u25b7 500 billets d\u00e9chirables \u2714\ufe0e Num\u00e9rot\u00e9s avec d\u00e9chirure de contr\u00f4le \u2714\ufe0e Diff\u00e9rentes couleurs disponibles \u2714\ufe0e chez tombotto\",\"breadcrumb\":{\"@id\":\"https:\\\/\\\/shop.tombotto.ch\\\/fr\\\/shop\\\/billets-dentree-en-rouleaux-de-500\\\/#breadcrumb\"},\"inLanguage\":\"fr-FR\",\"potentialAction\":[{\"@type\":\"ReadAction\",\"target\":[\"https:\\\/\\\/shop.tombotto.ch\\\/fr\\\/shop\\\/billets-dentree-en-rouleaux-de-500\\\/\"]}]},{\"@type\":\"ImageObject\",\"inLanguage\":\"fr-FR\",\"@id\":\"https:\\\/\\\/shop.tombotto.ch\\\/fr\\\/shop\\\/billets-dentree-en-rouleaux-de-500\\\/#primaryimage\",\"url\":\"https:\\\/\\\/shop.tombotto.ch\\\/wp-content\\\/uploads\\\/2023\\\/05\\\/709_gr.jpg\",\"contentUrl\":\"https:\\\/\\\/shop.tombotto.ch\\\/wp-content\\\/uploads\\\/2023\\\/05\\\/709_gr.jpg\",\"width\":800,\"height\":678},{\"@type\":\"BreadcrumbList\",\"@id\":\"https:\\\/\\\/shop.tombotto.ch\\\/fr\\\/shop\\\/billets-dentree-en-rouleaux-de-500\\\/#breadcrumb\",\"itemListElement\":[{\"@type\":\"ListItem\",\"position\":1,\"name\":\"Start\",\"item\":\"https:\\\/\\\/shop.tombotto.ch\\\/fr\\\/\"},{\"@type\":\"ListItem\",\"position\":2,\"name\":\"Shop\",\"item\":\"https:\\\/\\\/shop.tombotto.ch\\\/fr\\\/shop\\\/\"},{\"@type\":\"ListItem\",\"position\":3,\"name\":\"Billets d'entr\u00e9e en rouleaux de 500\"}]},{\"@type\":\"WebSite\",\"@id\":\"https:\\\/\\\/shop.tombotto.ch\\\/fr\\\/#website\",\"url\":\"https:\\\/\\\/shop.tombotto.ch\\\/fr\\\/\",\"name\":\"Tombotto\",\"description\":\"Fest-, Event- &amp; Promotionsartikel\",\"publisher\":{\"@id\":\"https:\\\/\\\/shop.tombotto.ch\\\/fr\\\/#organization\"},\"potentialAction\":[{\"@type\":\"SearchAction\",\"target\":{\"@type\":\"EntryPoint\",\"urlTemplate\":\"https:\\\/\\\/shop.tombotto.ch\\\/fr\\\/?s={search_term_string}\"},\"query-input\":{\"@type\":\"PropertyValueSpecification\",\"valueRequired\":true,\"valueName\":\"search_term_string\"}}],\"inLanguage\":\"fr-FR\"},{\"@type\":\"Organization\",\"@id\":\"https:\\\/\\\/shop.tombotto.ch\\\/fr\\\/#organization\",\"name\":\"Tombotto\",\"url\":\"https:\\\/\\\/shop.tombotto.ch\\\/fr\\\/\",\"logo\":{\"@type\":\"ImageObject\",\"inLanguage\":\"fr-FR\",\"@id\":\"https:\\\/\\\/shop.tombotto.ch\\\/fr\\\/#\\\/schema\\\/logo\\\/image\\\/\",\"url\":\"https:\\\/\\\/shop.tombotto.ch\\\/wp-content\\\/uploads\\\/2023\\\/03\\\/logo.svg\",\"contentUrl\":\"https:\\\/\\\/shop.tombotto.ch\\\/wp-content\\\/uploads\\\/2023\\\/03\\\/logo.svg\",\"caption\":\"Tombotto\"},\"image\":{\"@id\":\"https:\\\/\\\/shop.tombotto.ch\\\/fr\\\/#\\\/schema\\\/logo\\\/image\\\/\"}}]}<\/script>\n<!-- \/ Yoast SEO Premium plugin. -->","yoast_head_json":{"title":"Billets d'entr\u00e9e en rouleaux de 500 - Tombotto","description":"Billets d'entr\u00e9e en rouleaux \u25b7 500 billets d\u00e9chirables \u2714\ufe0e Num\u00e9rot\u00e9s avec d\u00e9chirure de contr\u00f4le \u2714\ufe0e Diff\u00e9rentes couleurs disponibles \u2714\ufe0e chez tombotto","robots":{"index":"index","follow":"follow","max-snippet":"max-snippet:-1","max-image-preview":"max-image-preview:large","max-video-preview":"max-video-preview:-1"},"canonical":"https:\/\/shop.tombotto.ch\/fr\/shop\/billets-dentree-en-rouleaux-de-500\/","og_locale":"fr_FR","og_type":"article","og_title":"Billets d'entr\u00e9e en rouleaux de 500","og_description":"Billets d'entr\u00e9e en rouleaux \u25b7 500 billets d\u00e9chirables \u2714\ufe0e Num\u00e9rot\u00e9s avec d\u00e9chirure de contr\u00f4le \u2714\ufe0e Diff\u00e9rentes couleurs disponibles \u2714\ufe0e chez tombotto","og_url":"https:\/\/shop.tombotto.ch\/fr\/shop\/billets-dentree-en-rouleaux-de-500\/","og_site_name":"Tombotto","article_modified_time":"2025-07-11T06:41:23+00:00","og_image":[{"width":800,"height":678,"url":"https:\/\/shop.tombotto.ch\/wp-content\/uploads\/2023\/05\/709_gr.jpg","type":"image\/jpeg"}],"twitter_card":"summary_large_image","twitter_misc":{"Dur\u00e9e de lecture estim\u00e9e":"1 minute"},"schema":{"@context":"https:\/\/schema.org","@graph":[{"@type":"WebPage","@id":"https:\/\/shop.tombotto.ch\/fr\/shop\/billets-dentree-en-rouleaux-de-500\/","url":"https:\/\/shop.tombotto.ch\/fr\/shop\/billets-dentree-en-rouleaux-de-500\/","name":"Billets d'entr\u00e9e en rouleaux de 500 - Tombotto","isPartOf":{"@id":"https:\/\/shop.tombotto.ch\/fr\/#website"},"primaryImageOfPage":{"@id":"https:\/\/shop.tombotto.ch\/fr\/shop\/billets-dentree-en-rouleaux-de-500\/#primaryimage"},"image":{"@id":"https:\/\/shop.tombotto.ch\/fr\/shop\/billets-dentree-en-rouleaux-de-500\/#primaryimage"},"thumbnailUrl":"https:\/\/shop.tombotto.ch\/wp-content\/uploads\/2023\/05\/709_gr.jpg","datePublished":"2023-05-23T15:24:34+00:00","dateModified":"2025-07-11T06:41:23+00:00","description":"Billets d'entr\u00e9e en rouleaux \u25b7 500 billets d\u00e9chirables \u2714\ufe0e Num\u00e9rot\u00e9s avec d\u00e9chirure de contr\u00f4le \u2714\ufe0e Diff\u00e9rentes couleurs disponibles \u2714\ufe0e chez tombotto","breadcrumb":{"@id":"https:\/\/shop.tombotto.ch\/fr\/shop\/billets-dentree-en-rouleaux-de-500\/#breadcrumb"},"inLanguage":"fr-FR","potentialAction":[{"@type":"ReadAction","target":["https:\/\/shop.tombotto.ch\/fr\/shop\/billets-dentree-en-rouleaux-de-500\/"]}]},{"@type":"ImageObject","inLanguage":"fr-FR","@id":"https:\/\/shop.tombotto.ch\/fr\/shop\/billets-dentree-en-rouleaux-de-500\/#primaryimage","url":"https:\/\/shop.tombotto.ch\/wp-content\/uploads\/2023\/05\/709_gr.jpg","contentUrl":"https:\/\/shop.tombotto.ch\/wp-content\/uploads\/2023\/05\/709_gr.jpg","width":800,"height":678},{"@type":"BreadcrumbList","@id":"https:\/\/shop.tombotto.ch\/fr\/shop\/billets-dentree-en-rouleaux-de-500\/#breadcrumb","itemListElement":[{"@type":"ListItem","position":1,"name":"Start","item":"https:\/\/shop.tombotto.ch\/fr\/"},{"@type":"ListItem","position":2,"name":"Shop","item":"https:\/\/shop.tombotto.ch\/fr\/shop\/"},{"@type":"ListItem","position":3,"name":"Billets d'entr\u00e9e en rouleaux de 500"}]},{"@type":"WebSite","@id":"https:\/\/shop.tombotto.ch\/fr\/#website","url":"https:\/\/shop.tombotto.ch\/fr\/","name":"Tombotto","description":"Fest-, Event- &amp; Promotionsartikel","publisher":{"@id":"https:\/\/shop.tombotto.ch\/fr\/#organization"},"potentialAction":[{"@type":"SearchAction","target":{"@type":"EntryPoint","urlTemplate":"https:\/\/shop.tombotto.ch\/fr\/?s={search_term_string}"},"query-input":{"@type":"PropertyValueSpecification","valueRequired":true,"valueName":"search_term_string"}}],"inLanguage":"fr-FR"},{"@type":"Organization","@id":"https:\/\/shop.tombotto.ch\/fr\/#organization","name":"Tombotto","url":"https:\/\/shop.tombotto.ch\/fr\/","logo":{"@type":"ImageObject","inLanguage":"fr-FR","@id":"https:\/\/shop.tombotto.ch\/fr\/#\/schema\/logo\/image\/","url":"https:\/\/shop.tombotto.ch\/wp-content\/uploads\/2023\/03\/logo.svg","contentUrl":"https:\/\/shop.tombotto.ch\/wp-content\/uploads\/2023\/03\/logo.svg","caption":"Tombotto"},"image":{"@id":"https:\/\/shop.tombotto.ch\/fr\/#\/schema\/logo\/image\/"}}]}},"tiered_pricing_type":"fixed","tiered_pricing_fixed_rules":[],"tiered_pricing_product_settings":{"layout":"default","base_unit_name":{"singular":null,"plural":null},"default_variation":null},"tiered_pricing_minimum_quantity":null,"tiered_pricing_roles_data":[],"tiered_pricing_percentage_rules":[],"tiered_pricing_maximum_quantity":null,"tiered_pricing_quantity_step":null,"_links":{"self":[{"href":"https:\/\/shop.tombotto.ch\/fr\/wp-json\/wp\/v2\/product\/38394","targetHints":{"allow":["GET"]}}],"collection":[{"href":"https:\/\/shop.tombotto.ch\/fr\/wp-json\/wp\/v2\/product"}],"about":[{"href":"https:\/\/shop.tombotto.ch\/fr\/wp-json\/wp\/v2\/types\/product"}],"wp:featuredmedia":[{"embeddable":true,"href":"https:\/\/shop.tombotto.ch\/fr\/wp-json\/wp\/v2\/media\/36944"}],"wp:attachment":[{"href":"https:\/\/shop.tombotto.ch\/fr\/wp-json\/wp\/v2\/media?parent=38394"}],"wp:term":[{"taxonomy":"product_brand","embeddable":true,"href":"https:\/\/shop.tombotto.ch\/fr\/wp-json\/wp\/v2\/product_brand?post=38394"},{"taxonomy":"product_cat","embeddable":true,"href":"https:\/\/shop.tombotto.ch\/fr\/wp-json\/wp\/v2\/product_cat?post=38394"},{"taxonomy":"product_tag","embeddable":true,"href":"https:\/\/shop.tombotto.ch\/fr\/wp-json\/wp\/v2\/product_tag?post=38394"}],"curies":[{"name":"wp","href":"https:\/\/api.w.org\/{rel}","templated":true}]}}