{"id":38474,"date":"2023-05-23T17:25:09","date_gmt":"2023-05-23T15:25:09","guid":{"rendered":"https:\/\/shop.tombotto.ch\/shop\/bon-a-consommation-saucisse-rotie\/"},"modified":"2025-10-20T14:38:56","modified_gmt":"2025-10-20T12:38:56","slug":"bon-a-consommation-saucisse-rotie","status":"publish","type":"product","link":"https:\/\/shop.tombotto.ch\/fr\/shop\/bon-a-consommation-saucisse-rotie\/","title":{"rendered":"Bon \u00e0 consommation saucisse r\u00f4tie"},"content":{"rendered":"<ul>\n<li>Bloc \u00e0 100 feuilles<\/li>\n<li>Feuille 45 x 90 mm<\/li>\n<li>Num\u00e9rot\u00e9s<\/li>\n<li>Texte en fran\u00e7ais et allemand<\/li>\n<\/ul>\n","protected":false},"excerpt":{"rendered":"<p>Bloc \u00e0 100 feuilles<\/p>\n","protected":false},"featured_media":41629,"template":"","meta":{"_acf_changed":false,"inline_featured_image":false},"product_brand":[],"product_cat":[4666],"product_tag":[],"class_list":{"0":"post-38474","1":"product","2":"type-product","3":"status-publish","4":"has-post-thumbnail","6":"product_cat-manger","8":"first","9":"instock","10":"taxable","11":"shipping-taxable","12":"purchasable","13":"product-type-variable"},"exclude_global_add_ons":[],"addons":[],"acf":[],"yoast_head":"<!-- This site is optimized with the Yoast SEO Premium plugin v27.4 (Yoast SEO v27.4) - https:\/\/yoast.com\/product\/yoast-seo-premium-wordpress\/ -->\n<title>Bon \u00e0 consommation saucisse r\u00f4tie - Tombotto<\/title>\n<meta name=\"description\" content=\"Bon de repas saucisse r\u00f4tie \u25b7 Pour la restauration \u2714\ufe0f Texte A et F \u2714\ufe0f Format 45 x 90 mm \u2714\ufe0f Bloc de 100 coupons \u2714\ufe0f Num\u00e9rot\u00e9 \u2714\ufe0f Magasin en ligne suisse\" \/>\n<meta name=\"robots\" content=\"index, follow, max-snippet:-1, max-image-preview:large, max-video-preview:-1\" \/>\n<link rel=\"canonical\" href=\"https:\/\/shop.tombotto.ch\/fr\/shop\/bon-a-consommation-saucisse-rotie\/\" \/>\n<meta property=\"og:locale\" content=\"fr_FR\" \/>\n<meta property=\"og:type\" content=\"article\" \/>\n<meta property=\"og:title\" content=\"Bon \u00e0 consommation saucisse r\u00f4tie\" \/>\n<meta property=\"og:description\" content=\"Bon de repas saucisse r\u00f4tie \u25b7 Pour la restauration \u2714\ufe0f Texte A et F \u2714\ufe0f Format 45 x 90 mm \u2714\ufe0f Bloc de 100 coupons \u2714\ufe0f Num\u00e9rot\u00e9 \u2714\ufe0f Magasin en ligne suisse\" \/>\n<meta property=\"og:url\" content=\"https:\/\/shop.tombotto.ch\/fr\/shop\/bon-a-consommation-saucisse-rotie\/\" \/>\n<meta property=\"og:site_name\" content=\"Tombotto\" \/>\n<meta property=\"article:modified_time\" content=\"2025-10-20T12:38:56+00:00\" \/>\n<meta property=\"og:image\" content=\"https:\/\/shop.tombotto.ch\/wp-content\/uploads\/2023\/05\/Bratwurst.jpg\" \/>\n\t<meta property=\"og:image:width\" content=\"802\" \/>\n\t<meta property=\"og:image:height\" content=\"680\" \/>\n\t<meta property=\"og:image:type\" content=\"image\/jpeg\" \/>\n<meta name=\"twitter:card\" content=\"summary_large_image\" \/>\n<meta name=\"twitter:label1\" content=\"Dur\u00e9e de lecture estim\u00e9e\" \/>\n\t<meta name=\"twitter:data1\" content=\"1 minute\" \/>\n<script type=\"application\/ld+json\" class=\"yoast-schema-graph\">{\"@context\":\"https:\\\/\\\/schema.org\",\"@graph\":[{\"@type\":\"WebPage\",\"@id\":\"https:\\\/\\\/shop.tombotto.ch\\\/fr\\\/shop\\\/bon-a-consommation-saucisse-rotie\\\/\",\"url\":\"https:\\\/\\\/shop.tombotto.ch\\\/fr\\\/shop\\\/bon-a-consommation-saucisse-rotie\\\/\",\"name\":\"Bon \u00e0 consommation saucisse r\u00f4tie - Tombotto\",\"isPartOf\":{\"@id\":\"https:\\\/\\\/shop.tombotto.ch\\\/fr\\\/#website\"},\"primaryImageOfPage\":{\"@id\":\"https:\\\/\\\/shop.tombotto.ch\\\/fr\\\/shop\\\/bon-a-consommation-saucisse-rotie\\\/#primaryimage\"},\"image\":{\"@id\":\"https:\\\/\\\/shop.tombotto.ch\\\/fr\\\/shop\\\/bon-a-consommation-saucisse-rotie\\\/#primaryimage\"},\"thumbnailUrl\":\"https:\\\/\\\/shop.tombotto.ch\\\/wp-content\\\/uploads\\\/2023\\\/05\\\/Bratwurst.jpg\",\"datePublished\":\"2023-05-23T15:25:09+00:00\",\"dateModified\":\"2025-10-20T12:38:56+00:00\",\"description\":\"Bon de repas saucisse r\u00f4tie \u25b7 Pour la restauration \u2714\ufe0f Texte A et F \u2714\ufe0f Format 45 x 90 mm \u2714\ufe0f Bloc de 100 coupons \u2714\ufe0f Num\u00e9rot\u00e9 \u2714\ufe0f Magasin en ligne suisse\",\"breadcrumb\":{\"@id\":\"https:\\\/\\\/shop.tombotto.ch\\\/fr\\\/shop\\\/bon-a-consommation-saucisse-rotie\\\/#breadcrumb\"},\"inLanguage\":\"fr-FR\",\"potentialAction\":[{\"@type\":\"ReadAction\",\"target\":[\"https:\\\/\\\/shop.tombotto.ch\\\/fr\\\/shop\\\/bon-a-consommation-saucisse-rotie\\\/\"]}]},{\"@type\":\"ImageObject\",\"inLanguage\":\"fr-FR\",\"@id\":\"https:\\\/\\\/shop.tombotto.ch\\\/fr\\\/shop\\\/bon-a-consommation-saucisse-rotie\\\/#primaryimage\",\"url\":\"https:\\\/\\\/shop.tombotto.ch\\\/wp-content\\\/uploads\\\/2023\\\/05\\\/Bratwurst.jpg\",\"contentUrl\":\"https:\\\/\\\/shop.tombotto.ch\\\/wp-content\\\/uploads\\\/2023\\\/05\\\/Bratwurst.jpg\",\"width\":802,\"height\":680},{\"@type\":\"BreadcrumbList\",\"@id\":\"https:\\\/\\\/shop.tombotto.ch\\\/fr\\\/shop\\\/bon-a-consommation-saucisse-rotie\\\/#breadcrumb\",\"itemListElement\":[{\"@type\":\"ListItem\",\"position\":1,\"name\":\"Start\",\"item\":\"https:\\\/\\\/shop.tombotto.ch\\\/fr\\\/\"},{\"@type\":\"ListItem\",\"position\":2,\"name\":\"Shop\",\"item\":\"https:\\\/\\\/shop.tombotto.ch\\\/fr\\\/shop\\\/\"},{\"@type\":\"ListItem\",\"position\":3,\"name\":\"Bon \u00e0 consommation saucisse r\u00f4tie\"}]},{\"@type\":\"WebSite\",\"@id\":\"https:\\\/\\\/shop.tombotto.ch\\\/fr\\\/#website\",\"url\":\"https:\\\/\\\/shop.tombotto.ch\\\/fr\\\/\",\"name\":\"Tombotto\",\"description\":\"Fest-, Event- &amp; Promotionsartikel\",\"publisher\":{\"@id\":\"https:\\\/\\\/shop.tombotto.ch\\\/fr\\\/#organization\"},\"potentialAction\":[{\"@type\":\"SearchAction\",\"target\":{\"@type\":\"EntryPoint\",\"urlTemplate\":\"https:\\\/\\\/shop.tombotto.ch\\\/fr\\\/?s={search_term_string}\"},\"query-input\":{\"@type\":\"PropertyValueSpecification\",\"valueRequired\":true,\"valueName\":\"search_term_string\"}}],\"inLanguage\":\"fr-FR\"},{\"@type\":\"Organization\",\"@id\":\"https:\\\/\\\/shop.tombotto.ch\\\/fr\\\/#organization\",\"name\":\"Tombotto\",\"url\":\"https:\\\/\\\/shop.tombotto.ch\\\/fr\\\/\",\"logo\":{\"@type\":\"ImageObject\",\"inLanguage\":\"fr-FR\",\"@id\":\"https:\\\/\\\/shop.tombotto.ch\\\/fr\\\/#\\\/schema\\\/logo\\\/image\\\/\",\"url\":\"https:\\\/\\\/shop.tombotto.ch\\\/wp-content\\\/uploads\\\/2023\\\/03\\\/logo.svg\",\"contentUrl\":\"https:\\\/\\\/shop.tombotto.ch\\\/wp-content\\\/uploads\\\/2023\\\/03\\\/logo.svg\",\"caption\":\"Tombotto\"},\"image\":{\"@id\":\"https:\\\/\\\/shop.tombotto.ch\\\/fr\\\/#\\\/schema\\\/logo\\\/image\\\/\"}}]}<\/script>\n<!-- \/ Yoast SEO Premium plugin. -->","yoast_head_json":{"title":"Bon \u00e0 consommation saucisse r\u00f4tie - Tombotto","description":"Bon de repas saucisse r\u00f4tie \u25b7 Pour la restauration \u2714\ufe0f Texte A et F \u2714\ufe0f Format 45 x 90 mm \u2714\ufe0f Bloc de 100 coupons \u2714\ufe0f Num\u00e9rot\u00e9 \u2714\ufe0f Magasin en ligne suisse","robots":{"index":"index","follow":"follow","max-snippet":"max-snippet:-1","max-image-preview":"max-image-preview:large","max-video-preview":"max-video-preview:-1"},"canonical":"https:\/\/shop.tombotto.ch\/fr\/shop\/bon-a-consommation-saucisse-rotie\/","og_locale":"fr_FR","og_type":"article","og_title":"Bon \u00e0 consommation saucisse r\u00f4tie","og_description":"Bon de repas saucisse r\u00f4tie \u25b7 Pour la restauration \u2714\ufe0f Texte A et F \u2714\ufe0f Format 45 x 90 mm \u2714\ufe0f Bloc de 100 coupons \u2714\ufe0f Num\u00e9rot\u00e9 \u2714\ufe0f Magasin en ligne suisse","og_url":"https:\/\/shop.tombotto.ch\/fr\/shop\/bon-a-consommation-saucisse-rotie\/","og_site_name":"Tombotto","article_modified_time":"2025-10-20T12:38:56+00:00","og_image":[{"width":802,"height":680,"url":"https:\/\/shop.tombotto.ch\/wp-content\/uploads\/2023\/05\/Bratwurst.jpg","type":"image\/jpeg"}],"twitter_card":"summary_large_image","twitter_misc":{"Dur\u00e9e de lecture estim\u00e9e":"1 minute"},"schema":{"@context":"https:\/\/schema.org","@graph":[{"@type":"WebPage","@id":"https:\/\/shop.tombotto.ch\/fr\/shop\/bon-a-consommation-saucisse-rotie\/","url":"https:\/\/shop.tombotto.ch\/fr\/shop\/bon-a-consommation-saucisse-rotie\/","name":"Bon \u00e0 consommation saucisse r\u00f4tie - Tombotto","isPartOf":{"@id":"https:\/\/shop.tombotto.ch\/fr\/#website"},"primaryImageOfPage":{"@id":"https:\/\/shop.tombotto.ch\/fr\/shop\/bon-a-consommation-saucisse-rotie\/#primaryimage"},"image":{"@id":"https:\/\/shop.tombotto.ch\/fr\/shop\/bon-a-consommation-saucisse-rotie\/#primaryimage"},"thumbnailUrl":"https:\/\/shop.tombotto.ch\/wp-content\/uploads\/2023\/05\/Bratwurst.jpg","datePublished":"2023-05-23T15:25:09+00:00","dateModified":"2025-10-20T12:38:56+00:00","description":"Bon de repas saucisse r\u00f4tie \u25b7 Pour la restauration \u2714\ufe0f Texte A et F \u2714\ufe0f Format 45 x 90 mm \u2714\ufe0f Bloc de 100 coupons \u2714\ufe0f Num\u00e9rot\u00e9 \u2714\ufe0f Magasin en ligne suisse","breadcrumb":{"@id":"https:\/\/shop.tombotto.ch\/fr\/shop\/bon-a-consommation-saucisse-rotie\/#breadcrumb"},"inLanguage":"fr-FR","potentialAction":[{"@type":"ReadAction","target":["https:\/\/shop.tombotto.ch\/fr\/shop\/bon-a-consommation-saucisse-rotie\/"]}]},{"@type":"ImageObject","inLanguage":"fr-FR","@id":"https:\/\/shop.tombotto.ch\/fr\/shop\/bon-a-consommation-saucisse-rotie\/#primaryimage","url":"https:\/\/shop.tombotto.ch\/wp-content\/uploads\/2023\/05\/Bratwurst.jpg","contentUrl":"https:\/\/shop.tombotto.ch\/wp-content\/uploads\/2023\/05\/Bratwurst.jpg","width":802,"height":680},{"@type":"BreadcrumbList","@id":"https:\/\/shop.tombotto.ch\/fr\/shop\/bon-a-consommation-saucisse-rotie\/#breadcrumb","itemListElement":[{"@type":"ListItem","position":1,"name":"Start","item":"https:\/\/shop.tombotto.ch\/fr\/"},{"@type":"ListItem","position":2,"name":"Shop","item":"https:\/\/shop.tombotto.ch\/fr\/shop\/"},{"@type":"ListItem","position":3,"name":"Bon \u00e0 consommation saucisse r\u00f4tie"}]},{"@type":"WebSite","@id":"https:\/\/shop.tombotto.ch\/fr\/#website","url":"https:\/\/shop.tombotto.ch\/fr\/","name":"Tombotto","description":"Fest-, Event- &amp; Promotionsartikel","publisher":{"@id":"https:\/\/shop.tombotto.ch\/fr\/#organization"},"potentialAction":[{"@type":"SearchAction","target":{"@type":"EntryPoint","urlTemplate":"https:\/\/shop.tombotto.ch\/fr\/?s={search_term_string}"},"query-input":{"@type":"PropertyValueSpecification","valueRequired":true,"valueName":"search_term_string"}}],"inLanguage":"fr-FR"},{"@type":"Organization","@id":"https:\/\/shop.tombotto.ch\/fr\/#organization","name":"Tombotto","url":"https:\/\/shop.tombotto.ch\/fr\/","logo":{"@type":"ImageObject","inLanguage":"fr-FR","@id":"https:\/\/shop.tombotto.ch\/fr\/#\/schema\/logo\/image\/","url":"https:\/\/shop.tombotto.ch\/wp-content\/uploads\/2023\/03\/logo.svg","contentUrl":"https:\/\/shop.tombotto.ch\/wp-content\/uploads\/2023\/03\/logo.svg","caption":"Tombotto"},"image":{"@id":"https:\/\/shop.tombotto.ch\/fr\/#\/schema\/logo\/image\/"}}]}},"tiered_pricing_type":"fixed","tiered_pricing_fixed_rules":[],"tiered_pricing_product_settings":{"layout":"default","base_unit_name":{"singular":null,"plural":null},"default_variation":null},"tiered_pricing_minimum_quantity":null,"tiered_pricing_roles_data":[],"tiered_pricing_percentage_rules":[],"tiered_pricing_maximum_quantity":null,"tiered_pricing_quantity_step":null,"_links":{"self":[{"href":"https:\/\/shop.tombotto.ch\/fr\/wp-json\/wp\/v2\/product\/38474","targetHints":{"allow":["GET"]}}],"collection":[{"href":"https:\/\/shop.tombotto.ch\/fr\/wp-json\/wp\/v2\/product"}],"about":[{"href":"https:\/\/shop.tombotto.ch\/fr\/wp-json\/wp\/v2\/types\/product"}],"wp:featuredmedia":[{"embeddable":true,"href":"https:\/\/shop.tombotto.ch\/fr\/wp-json\/wp\/v2\/media\/41629"}],"wp:attachment":[{"href":"https:\/\/shop.tombotto.ch\/fr\/wp-json\/wp\/v2\/media?parent=38474"}],"wp:term":[{"taxonomy":"product_brand","embeddable":true,"href":"https:\/\/shop.tombotto.ch\/fr\/wp-json\/wp\/v2\/product_brand?post=38474"},{"taxonomy":"product_cat","embeddable":true,"href":"https:\/\/shop.tombotto.ch\/fr\/wp-json\/wp\/v2\/product_cat?post=38474"},{"taxonomy":"product_tag","embeddable":true,"href":"https:\/\/shop.tombotto.ch\/fr\/wp-json\/wp\/v2\/product_tag?post=38474"}],"curies":[{"name":"wp","href":"https:\/\/api.w.org\/{rel}","templated":true}]}}