{"id":38692,"date":"2023-05-23T17:26:49","date_gmt":"2023-05-23T15:26:49","guid":{"rendered":"https:\/\/shop.tombotto.ch\/shop\/billets-a-numeros-doubles-n-4001-5000\/"},"modified":"2025-03-10T08:31:36","modified_gmt":"2025-03-10T07:31:36","slug":"bloc-a-numeros-doubles-n-4001-5000","status":"publish","type":"product","link":"https:\/\/shop.tombotto.ch\/fr\/shop\/bloc-a-numeros-doubles-n-4001-5000\/","title":{"rendered":"Bloc \u00e0 num\u00e9ros doubles <br>Num\u00e9ros 4001 &#8211; 5000"},"content":{"rendered":"<p>Un seul bloc de num\u00e9ros doubles est compos\u00e9 de 100 coupons, les num\u00e9ros 4001 \u00e0 5000 sont r\u00e9partis en cons\u00e9quence sur 10 blocs. Les blocs \u00e0 double num\u00e9ro peuvent \u00eatre utilis\u00e9s de diff\u00e9rentes mani\u00e8res : comme ticket de cuisine, pour les tirages au sort, pour les vestiaires ou encore comme ticket de tombola.<\/p>\n<ul>\n<li>Bloc \u00e0 double num\u00e9ro<\/li>\n<li>Billets \u00e0 double num\u00e9ro<\/li>\n<li>S\u00e9rie n\u00b0 4001 &#8211; 5000<\/li>\n<li>10 blocs de 100 coupons<\/li>\n<li>Format env. 118 x 58 mm<\/li>\n<\/ul>\n","protected":false},"excerpt":{"rendered":"<p>Un seul bloc de num\u00e9ros doubles est compos\u00e9 de 100 coupons, les num\u00e9ros 4001 \u00e0 5000 sont r\u00e9partis en cons\u00e9quence sur 10 blocs. Les blocs \u00e0 double num\u00e9ro peuvent \u00eatre utilis\u00e9s de diff\u00e9rentes mani\u00e8res : comme ticket de cuisine, pour les tirages au sort, pour les vestiaires ou encore comme ticket de tombola. Bloc \u00e0 [&hellip;]<\/p>\n","protected":false},"featured_media":37229,"template":"","meta":{"_acf_changed":false,"inline_featured_image":false},"product_brand":[],"product_cat":[4573,4614,4617],"product_tag":[],"class_list":{"0":"post-38692","1":"product","2":"type-product","3":"status-publish","4":"has-post-thumbnail","6":"product_cat-billets-de-vestiaire","7":"product_cat-billets-a-numeros-doubles","8":"product_cat-carnets-a-doubles-numeros","10":"first","11":"instock","12":"taxable","13":"shipping-taxable","14":"purchasable","15":"product-type-variable"},"exclude_global_add_ons":[],"addons":[],"acf":[],"yoast_head":"<!-- This site is optimized with the Yoast SEO Premium plugin v27.4 (Yoast SEO v27.5) - https:\/\/yoast.com\/product\/yoast-seo-premium-wordpress\/ -->\n<title>Bloc de num\u00e9ros doubles n\u00b0 4001 - 5000<\/title>\n<meta name=\"description\" content=\"Bloc \u00e0 double num\u00e9ro \u25b7 Num\u00e9rot\u00e9 4001 - 5000 \u2714\ufe0f Disponible en 5 couleurs \u2714\ufe0f Bloc de 100 coupons \u2714\ufe0f Disponible en ligne directement en stock \u27a8 tombotto\" \/>\n<meta name=\"robots\" content=\"index, follow, max-snippet:-1, max-image-preview:large, max-video-preview:-1\" \/>\n<link rel=\"canonical\" href=\"https:\/\/shop.tombotto.ch\/fr\/shop\/bloc-a-numeros-doubles-n-4001-5000\/\" \/>\n<meta property=\"og:locale\" content=\"fr_FR\" \/>\n<meta property=\"og:type\" content=\"article\" \/>\n<meta property=\"og:title\" content=\"Bloc \u00e0 num\u00e9ros doubles Num\u00e9ros 4001 - 5000\" \/>\n<meta property=\"og:description\" content=\"Bloc \u00e0 double num\u00e9ro \u25b7 Num\u00e9rot\u00e9 4001 - 5000 \u2714\ufe0f Disponible en 5 couleurs \u2714\ufe0f Bloc de 100 coupons \u2714\ufe0f Disponible en ligne directement en stock \u27a8 tombotto\" \/>\n<meta property=\"og:url\" content=\"https:\/\/shop.tombotto.ch\/fr\/shop\/bloc-a-numeros-doubles-n-4001-5000\/\" \/>\n<meta property=\"og:site_name\" content=\"Tombotto\" \/>\n<meta property=\"article:modified_time\" content=\"2025-03-10T07:31:36+00:00\" \/>\n<meta property=\"og:image\" content=\"https:\/\/shop.tombotto.ch\/wp-content\/uploads\/2023\/05\/243_gr.jpg\" \/>\n\t<meta property=\"og:image:width\" content=\"800\" \/>\n\t<meta property=\"og:image:height\" content=\"678\" \/>\n\t<meta property=\"og:image:type\" content=\"image\/jpeg\" \/>\n<meta name=\"twitter:card\" content=\"summary_large_image\" \/>\n<meta name=\"twitter:label1\" content=\"Dur\u00e9e de lecture estim\u00e9e\" \/>\n\t<meta name=\"twitter:data1\" content=\"1 minute\" \/>\n<script type=\"application\/ld+json\" class=\"yoast-schema-graph\">{\"@context\":\"https:\\\/\\\/schema.org\",\"@graph\":[{\"@type\":\"WebPage\",\"@id\":\"https:\\\/\\\/shop.tombotto.ch\\\/fr\\\/shop\\\/bloc-a-numeros-doubles-n-4001-5000\\\/\",\"url\":\"https:\\\/\\\/shop.tombotto.ch\\\/fr\\\/shop\\\/bloc-a-numeros-doubles-n-4001-5000\\\/\",\"name\":\"Bloc de num\u00e9ros doubles n\u00b0 4001 - 5000\",\"isPartOf\":{\"@id\":\"https:\\\/\\\/shop.tombotto.ch\\\/fr\\\/#website\"},\"primaryImageOfPage\":{\"@id\":\"https:\\\/\\\/shop.tombotto.ch\\\/fr\\\/shop\\\/bloc-a-numeros-doubles-n-4001-5000\\\/#primaryimage\"},\"image\":{\"@id\":\"https:\\\/\\\/shop.tombotto.ch\\\/fr\\\/shop\\\/bloc-a-numeros-doubles-n-4001-5000\\\/#primaryimage\"},\"thumbnailUrl\":\"https:\\\/\\\/shop.tombotto.ch\\\/wp-content\\\/uploads\\\/2023\\\/05\\\/243_gr.jpg\",\"datePublished\":\"2023-05-23T15:26:49+00:00\",\"dateModified\":\"2025-03-10T07:31:36+00:00\",\"description\":\"Bloc \u00e0 double num\u00e9ro \u25b7 Num\u00e9rot\u00e9 4001 - 5000 \u2714\ufe0f Disponible en 5 couleurs \u2714\ufe0f Bloc de 100 coupons \u2714\ufe0f Disponible en ligne directement en stock \u27a8 tombotto\",\"breadcrumb\":{\"@id\":\"https:\\\/\\\/shop.tombotto.ch\\\/fr\\\/shop\\\/bloc-a-numeros-doubles-n-4001-5000\\\/#breadcrumb\"},\"inLanguage\":\"fr-FR\",\"potentialAction\":[{\"@type\":\"ReadAction\",\"target\":[\"https:\\\/\\\/shop.tombotto.ch\\\/fr\\\/shop\\\/bloc-a-numeros-doubles-n-4001-5000\\\/\"]}]},{\"@type\":\"ImageObject\",\"inLanguage\":\"fr-FR\",\"@id\":\"https:\\\/\\\/shop.tombotto.ch\\\/fr\\\/shop\\\/bloc-a-numeros-doubles-n-4001-5000\\\/#primaryimage\",\"url\":\"https:\\\/\\\/shop.tombotto.ch\\\/wp-content\\\/uploads\\\/2023\\\/05\\\/243_gr.jpg\",\"contentUrl\":\"https:\\\/\\\/shop.tombotto.ch\\\/wp-content\\\/uploads\\\/2023\\\/05\\\/243_gr.jpg\",\"width\":800,\"height\":678,\"caption\":\"Doppelnummern Block\"},{\"@type\":\"BreadcrumbList\",\"@id\":\"https:\\\/\\\/shop.tombotto.ch\\\/fr\\\/shop\\\/bloc-a-numeros-doubles-n-4001-5000\\\/#breadcrumb\",\"itemListElement\":[{\"@type\":\"ListItem\",\"position\":1,\"name\":\"Start\",\"item\":\"https:\\\/\\\/shop.tombotto.ch\\\/fr\\\/\"},{\"@type\":\"ListItem\",\"position\":2,\"name\":\"Shop\",\"item\":\"https:\\\/\\\/shop.tombotto.ch\\\/fr\\\/shop\\\/\"},{\"@type\":\"ListItem\",\"position\":3,\"name\":\"Bloc \u00e0 num\u00e9ros doubles Num\u00e9ros 4001 - 5000\"}]},{\"@type\":\"WebSite\",\"@id\":\"https:\\\/\\\/shop.tombotto.ch\\\/fr\\\/#website\",\"url\":\"https:\\\/\\\/shop.tombotto.ch\\\/fr\\\/\",\"name\":\"Tombotto\",\"description\":\"Fest-, Event- &amp; Promotionsartikel\",\"publisher\":{\"@id\":\"https:\\\/\\\/shop.tombotto.ch\\\/fr\\\/#organization\"},\"potentialAction\":[{\"@type\":\"SearchAction\",\"target\":{\"@type\":\"EntryPoint\",\"urlTemplate\":\"https:\\\/\\\/shop.tombotto.ch\\\/fr\\\/?s={search_term_string}\"},\"query-input\":{\"@type\":\"PropertyValueSpecification\",\"valueRequired\":true,\"valueName\":\"search_term_string\"}}],\"inLanguage\":\"fr-FR\"},{\"@type\":\"Organization\",\"@id\":\"https:\\\/\\\/shop.tombotto.ch\\\/fr\\\/#organization\",\"name\":\"Tombotto\",\"url\":\"https:\\\/\\\/shop.tombotto.ch\\\/fr\\\/\",\"logo\":{\"@type\":\"ImageObject\",\"inLanguage\":\"fr-FR\",\"@id\":\"https:\\\/\\\/shop.tombotto.ch\\\/fr\\\/#\\\/schema\\\/logo\\\/image\\\/\",\"url\":\"https:\\\/\\\/shop.tombotto.ch\\\/wp-content\\\/uploads\\\/2023\\\/03\\\/logo.svg\",\"contentUrl\":\"https:\\\/\\\/shop.tombotto.ch\\\/wp-content\\\/uploads\\\/2023\\\/03\\\/logo.svg\",\"caption\":\"Tombotto\"},\"image\":{\"@id\":\"https:\\\/\\\/shop.tombotto.ch\\\/fr\\\/#\\\/schema\\\/logo\\\/image\\\/\"}}]}<\/script>\n<!-- \/ Yoast SEO Premium plugin. -->","yoast_head_json":{"title":"Bloc de num\u00e9ros doubles n\u00b0 4001 - 5000","description":"Bloc \u00e0 double num\u00e9ro \u25b7 Num\u00e9rot\u00e9 4001 - 5000 \u2714\ufe0f Disponible en 5 couleurs \u2714\ufe0f Bloc de 100 coupons \u2714\ufe0f Disponible en ligne directement en stock \u27a8 tombotto","robots":{"index":"index","follow":"follow","max-snippet":"max-snippet:-1","max-image-preview":"max-image-preview:large","max-video-preview":"max-video-preview:-1"},"canonical":"https:\/\/shop.tombotto.ch\/fr\/shop\/bloc-a-numeros-doubles-n-4001-5000\/","og_locale":"fr_FR","og_type":"article","og_title":"Bloc \u00e0 num\u00e9ros doubles Num\u00e9ros 4001 - 5000","og_description":"Bloc \u00e0 double num\u00e9ro \u25b7 Num\u00e9rot\u00e9 4001 - 5000 \u2714\ufe0f Disponible en 5 couleurs \u2714\ufe0f Bloc de 100 coupons \u2714\ufe0f Disponible en ligne directement en stock \u27a8 tombotto","og_url":"https:\/\/shop.tombotto.ch\/fr\/shop\/bloc-a-numeros-doubles-n-4001-5000\/","og_site_name":"Tombotto","article_modified_time":"2025-03-10T07:31:36+00:00","og_image":[{"width":800,"height":678,"url":"https:\/\/shop.tombotto.ch\/wp-content\/uploads\/2023\/05\/243_gr.jpg","type":"image\/jpeg"}],"twitter_card":"summary_large_image","twitter_misc":{"Dur\u00e9e de lecture estim\u00e9e":"1 minute"},"schema":{"@context":"https:\/\/schema.org","@graph":[{"@type":"WebPage","@id":"https:\/\/shop.tombotto.ch\/fr\/shop\/bloc-a-numeros-doubles-n-4001-5000\/","url":"https:\/\/shop.tombotto.ch\/fr\/shop\/bloc-a-numeros-doubles-n-4001-5000\/","name":"Bloc de num\u00e9ros doubles n\u00b0 4001 - 5000","isPartOf":{"@id":"https:\/\/shop.tombotto.ch\/fr\/#website"},"primaryImageOfPage":{"@id":"https:\/\/shop.tombotto.ch\/fr\/shop\/bloc-a-numeros-doubles-n-4001-5000\/#primaryimage"},"image":{"@id":"https:\/\/shop.tombotto.ch\/fr\/shop\/bloc-a-numeros-doubles-n-4001-5000\/#primaryimage"},"thumbnailUrl":"https:\/\/shop.tombotto.ch\/wp-content\/uploads\/2023\/05\/243_gr.jpg","datePublished":"2023-05-23T15:26:49+00:00","dateModified":"2025-03-10T07:31:36+00:00","description":"Bloc \u00e0 double num\u00e9ro \u25b7 Num\u00e9rot\u00e9 4001 - 5000 \u2714\ufe0f Disponible en 5 couleurs \u2714\ufe0f Bloc de 100 coupons \u2714\ufe0f Disponible en ligne directement en stock \u27a8 tombotto","breadcrumb":{"@id":"https:\/\/shop.tombotto.ch\/fr\/shop\/bloc-a-numeros-doubles-n-4001-5000\/#breadcrumb"},"inLanguage":"fr-FR","potentialAction":[{"@type":"ReadAction","target":["https:\/\/shop.tombotto.ch\/fr\/shop\/bloc-a-numeros-doubles-n-4001-5000\/"]}]},{"@type":"ImageObject","inLanguage":"fr-FR","@id":"https:\/\/shop.tombotto.ch\/fr\/shop\/bloc-a-numeros-doubles-n-4001-5000\/#primaryimage","url":"https:\/\/shop.tombotto.ch\/wp-content\/uploads\/2023\/05\/243_gr.jpg","contentUrl":"https:\/\/shop.tombotto.ch\/wp-content\/uploads\/2023\/05\/243_gr.jpg","width":800,"height":678,"caption":"Doppelnummern Block"},{"@type":"BreadcrumbList","@id":"https:\/\/shop.tombotto.ch\/fr\/shop\/bloc-a-numeros-doubles-n-4001-5000\/#breadcrumb","itemListElement":[{"@type":"ListItem","position":1,"name":"Start","item":"https:\/\/shop.tombotto.ch\/fr\/"},{"@type":"ListItem","position":2,"name":"Shop","item":"https:\/\/shop.tombotto.ch\/fr\/shop\/"},{"@type":"ListItem","position":3,"name":"Bloc \u00e0 num\u00e9ros doubles Num\u00e9ros 4001 - 5000"}]},{"@type":"WebSite","@id":"https:\/\/shop.tombotto.ch\/fr\/#website","url":"https:\/\/shop.tombotto.ch\/fr\/","name":"Tombotto","description":"Fest-, Event- &amp; Promotionsartikel","publisher":{"@id":"https:\/\/shop.tombotto.ch\/fr\/#organization"},"potentialAction":[{"@type":"SearchAction","target":{"@type":"EntryPoint","urlTemplate":"https:\/\/shop.tombotto.ch\/fr\/?s={search_term_string}"},"query-input":{"@type":"PropertyValueSpecification","valueRequired":true,"valueName":"search_term_string"}}],"inLanguage":"fr-FR"},{"@type":"Organization","@id":"https:\/\/shop.tombotto.ch\/fr\/#organization","name":"Tombotto","url":"https:\/\/shop.tombotto.ch\/fr\/","logo":{"@type":"ImageObject","inLanguage":"fr-FR","@id":"https:\/\/shop.tombotto.ch\/fr\/#\/schema\/logo\/image\/","url":"https:\/\/shop.tombotto.ch\/wp-content\/uploads\/2023\/03\/logo.svg","contentUrl":"https:\/\/shop.tombotto.ch\/wp-content\/uploads\/2023\/03\/logo.svg","caption":"Tombotto"},"image":{"@id":"https:\/\/shop.tombotto.ch\/fr\/#\/schema\/logo\/image\/"}}]}},"tiered_pricing_type":"fixed","tiered_pricing_fixed_rules":[],"tiered_pricing_product_settings":{"layout":"default","base_unit_name":{"singular":null,"plural":null},"default_variation":null},"tiered_pricing_minimum_quantity":null,"tiered_pricing_roles_data":[],"tiered_pricing_percentage_rules":[],"tiered_pricing_maximum_quantity":null,"tiered_pricing_quantity_step":null,"_links":{"self":[{"href":"https:\/\/shop.tombotto.ch\/fr\/wp-json\/wp\/v2\/product\/38692","targetHints":{"allow":["GET"]}}],"collection":[{"href":"https:\/\/shop.tombotto.ch\/fr\/wp-json\/wp\/v2\/product"}],"about":[{"href":"https:\/\/shop.tombotto.ch\/fr\/wp-json\/wp\/v2\/types\/product"}],"wp:featuredmedia":[{"embeddable":true,"href":"https:\/\/shop.tombotto.ch\/fr\/wp-json\/wp\/v2\/media\/37229"}],"wp:attachment":[{"href":"https:\/\/shop.tombotto.ch\/fr\/wp-json\/wp\/v2\/media?parent=38692"}],"wp:term":[{"taxonomy":"product_brand","embeddable":true,"href":"https:\/\/shop.tombotto.ch\/fr\/wp-json\/wp\/v2\/product_brand?post=38692"},{"taxonomy":"product_cat","embeddable":true,"href":"https:\/\/shop.tombotto.ch\/fr\/wp-json\/wp\/v2\/product_cat?post=38692"},{"taxonomy":"product_tag","embeddable":true,"href":"https:\/\/shop.tombotto.ch\/fr\/wp-json\/wp\/v2\/product_tag?post=38692"}],"curies":[{"name":"wp","href":"https:\/\/api.w.org\/{rel}","templated":true}]}}