{"id":41717,"date":"2023-09-08T12:41:56","date_gmt":"2023-09-08T10:41:56","guid":{"rendered":"https:\/\/shop.tombotto.ch\/?post_type=product&#038;p=41717"},"modified":"2025-08-26T11:29:39","modified_gmt":"2025-08-26T09:29:39","slug":"verre-a-vin-1-dl","status":"publish","type":"product","link":"https:\/\/shop.tombotto.ch\/fr\/shop\/verre-a-vin-1-dl\/","title":{"rendered":"Verre \u00e0 vin 1 dl"},"content":{"rendered":"<p class=\"ai-optimize-17 ai-optimize-introduction\">Le verre \u00e0 vin en PS cristal est fabriqu\u00e9 en une seule pi\u00e8ce, \u00e9talonn\u00e9 et id\u00e9al pour une utilisation unique lors d\u2019\u00e9v\u00e9nements, dans le catering et la gastronomie. \u00c9l\u00e9gant, stable et pratique.<\/p>\n<ul>\n<li class=\"ai-optimize-26\">Verre \u00e0 vin<\/li>\n<li class=\"ai-optimize-27\">Cristal<\/li>\n<li class=\"ai-optimize-27\">PS<\/li>\n<li class=\"ai-optimize-28\">En une pi\u00e8ce<\/li>\n<li class=\"ai-optimize-29\">\u00c9talonn\u00e9<\/li>\n<li class=\"ai-optimize-30\">Bonne habtique<\/li>\n<\/ul>\n","protected":false},"excerpt":{"rendered":"<p class=\"ai-optimize-24 ai-optimize-introduction\">Sachet de 15 pi\u00e8ces \/<br \/>\nCarton de 420 \/ 600 pi\u00e8ces<\/p>\n","protected":false},"featured_media":41723,"template":"","meta":{"_acf_changed":false,"inline_featured_image":false},"product_brand":[],"product_cat":[4584,4602],"product_tag":[],"class_list":{"0":"post-41717","1":"product","2":"type-product","3":"status-publish","4":"has-post-thumbnail","6":"product_cat-verres","7":"product_cat-verres-bar-et-longdrink","9":"first","10":"instock","11":"taxable","12":"shipping-taxable","13":"purchasable","14":"product-type-variable"},"exclude_global_add_ons":[],"addons":[],"acf":[],"yoast_head":"<!-- This site is optimized with the Yoast SEO Premium plugin v27.4 (Yoast SEO v27.4) - https:\/\/yoast.com\/product\/yoast-seo-premium-wordpress\/ -->\n<title>Verre \u00e0 vin 1 dl - Tombotto<\/title>\n<meta name=\"description\" content=\"Verre a vin jetables \u279c 1 dl \u2714\ufe0f transparents \u2714\ufe0f Pour vos \u00e9v\u00e9nements sans corv\u00e9e de nettoyage \u2714\ufe0f bonne habtique \u2714\ufe0f Commandez en ligne chez tombotto\" \/>\n<meta name=\"robots\" content=\"index, follow, max-snippet:-1, max-image-preview:large, max-video-preview:-1\" \/>\n<link rel=\"canonical\" href=\"https:\/\/shop.tombotto.ch\/fr\/shop\/verre-a-vin-1-dl\/\" \/>\n<meta property=\"og:locale\" content=\"fr_FR\" \/>\n<meta property=\"og:type\" content=\"article\" \/>\n<meta property=\"og:title\" content=\"Verre \u00e0 vin 1 dl\" \/>\n<meta property=\"og:description\" content=\"Verre a vin jetables \u279c 1 dl \u2714\ufe0f transparents \u2714\ufe0f Pour vos \u00e9v\u00e9nements sans corv\u00e9e de nettoyage \u2714\ufe0f bonne habtique \u2714\ufe0f Commandez en ligne chez tombotto\" \/>\n<meta property=\"og:url\" content=\"https:\/\/shop.tombotto.ch\/fr\/shop\/verre-a-vin-1-dl\/\" \/>\n<meta property=\"og:site_name\" content=\"Tombotto\" \/>\n<meta property=\"article:modified_time\" content=\"2025-08-26T09:29:39+00:00\" \/>\n<meta property=\"og:image\" content=\"https:\/\/shop.tombotto.ch\/wp-content\/uploads\/2023\/09\/1115.1006.jpg\" \/>\n\t<meta property=\"og:image:width\" content=\"800\" \/>\n\t<meta property=\"og:image:height\" content=\"678\" \/>\n\t<meta property=\"og:image:type\" content=\"image\/jpeg\" \/>\n<meta name=\"twitter:card\" content=\"summary_large_image\" \/>\n<meta name=\"twitter:label1\" content=\"Dur\u00e9e de lecture estim\u00e9e\" \/>\n\t<meta name=\"twitter:data1\" content=\"1 minute\" \/>\n<script type=\"application\/ld+json\" class=\"yoast-schema-graph\">{\"@context\":\"https:\\\/\\\/schema.org\",\"@graph\":[{\"@type\":\"WebPage\",\"@id\":\"https:\\\/\\\/shop.tombotto.ch\\\/fr\\\/shop\\\/verre-a-vin-1-dl\\\/\",\"url\":\"https:\\\/\\\/shop.tombotto.ch\\\/fr\\\/shop\\\/verre-a-vin-1-dl\\\/\",\"name\":\"Verre \u00e0 vin 1 dl - Tombotto\",\"isPartOf\":{\"@id\":\"https:\\\/\\\/shop.tombotto.ch\\\/fr\\\/#website\"},\"primaryImageOfPage\":{\"@id\":\"https:\\\/\\\/shop.tombotto.ch\\\/fr\\\/shop\\\/verre-a-vin-1-dl\\\/#primaryimage\"},\"image\":{\"@id\":\"https:\\\/\\\/shop.tombotto.ch\\\/fr\\\/shop\\\/verre-a-vin-1-dl\\\/#primaryimage\"},\"thumbnailUrl\":\"https:\\\/\\\/shop.tombotto.ch\\\/wp-content\\\/uploads\\\/2023\\\/09\\\/1115.1006.jpg\",\"datePublished\":\"2023-09-08T10:41:56+00:00\",\"dateModified\":\"2025-08-26T09:29:39+00:00\",\"description\":\"Verre a vin jetables \u279c 1 dl \u2714\ufe0f transparents \u2714\ufe0f Pour vos \u00e9v\u00e9nements sans corv\u00e9e de nettoyage \u2714\ufe0f bonne habtique \u2714\ufe0f Commandez en ligne chez tombotto\",\"breadcrumb\":{\"@id\":\"https:\\\/\\\/shop.tombotto.ch\\\/fr\\\/shop\\\/verre-a-vin-1-dl\\\/#breadcrumb\"},\"inLanguage\":\"fr-FR\",\"potentialAction\":[{\"@type\":\"ReadAction\",\"target\":[\"https:\\\/\\\/shop.tombotto.ch\\\/fr\\\/shop\\\/verre-a-vin-1-dl\\\/\"]}]},{\"@type\":\"ImageObject\",\"inLanguage\":\"fr-FR\",\"@id\":\"https:\\\/\\\/shop.tombotto.ch\\\/fr\\\/shop\\\/verre-a-vin-1-dl\\\/#primaryimage\",\"url\":\"https:\\\/\\\/shop.tombotto.ch\\\/wp-content\\\/uploads\\\/2023\\\/09\\\/1115.1006.jpg\",\"contentUrl\":\"https:\\\/\\\/shop.tombotto.ch\\\/wp-content\\\/uploads\\\/2023\\\/09\\\/1115.1006.jpg\",\"width\":800,\"height\":678},{\"@type\":\"BreadcrumbList\",\"@id\":\"https:\\\/\\\/shop.tombotto.ch\\\/fr\\\/shop\\\/verre-a-vin-1-dl\\\/#breadcrumb\",\"itemListElement\":[{\"@type\":\"ListItem\",\"position\":1,\"name\":\"Start\",\"item\":\"https:\\\/\\\/shop.tombotto.ch\\\/fr\\\/\"},{\"@type\":\"ListItem\",\"position\":2,\"name\":\"Shop\",\"item\":\"https:\\\/\\\/shop.tombotto.ch\\\/fr\\\/shop\\\/\"},{\"@type\":\"ListItem\",\"position\":3,\"name\":\"Verre \u00e0 vin 1 dl\"}]},{\"@type\":\"WebSite\",\"@id\":\"https:\\\/\\\/shop.tombotto.ch\\\/fr\\\/#website\",\"url\":\"https:\\\/\\\/shop.tombotto.ch\\\/fr\\\/\",\"name\":\"Tombotto\",\"description\":\"Fest-, Event- &amp; Promotionsartikel\",\"publisher\":{\"@id\":\"https:\\\/\\\/shop.tombotto.ch\\\/fr\\\/#organization\"},\"potentialAction\":[{\"@type\":\"SearchAction\",\"target\":{\"@type\":\"EntryPoint\",\"urlTemplate\":\"https:\\\/\\\/shop.tombotto.ch\\\/fr\\\/?s={search_term_string}\"},\"query-input\":{\"@type\":\"PropertyValueSpecification\",\"valueRequired\":true,\"valueName\":\"search_term_string\"}}],\"inLanguage\":\"fr-FR\"},{\"@type\":\"Organization\",\"@id\":\"https:\\\/\\\/shop.tombotto.ch\\\/fr\\\/#organization\",\"name\":\"Tombotto\",\"url\":\"https:\\\/\\\/shop.tombotto.ch\\\/fr\\\/\",\"logo\":{\"@type\":\"ImageObject\",\"inLanguage\":\"fr-FR\",\"@id\":\"https:\\\/\\\/shop.tombotto.ch\\\/fr\\\/#\\\/schema\\\/logo\\\/image\\\/\",\"url\":\"https:\\\/\\\/shop.tombotto.ch\\\/wp-content\\\/uploads\\\/2023\\\/03\\\/logo.svg\",\"contentUrl\":\"https:\\\/\\\/shop.tombotto.ch\\\/wp-content\\\/uploads\\\/2023\\\/03\\\/logo.svg\",\"caption\":\"Tombotto\"},\"image\":{\"@id\":\"https:\\\/\\\/shop.tombotto.ch\\\/fr\\\/#\\\/schema\\\/logo\\\/image\\\/\"}}]}<\/script>\n<!-- \/ Yoast SEO Premium plugin. -->","yoast_head_json":{"title":"Verre \u00e0 vin 1 dl - Tombotto","description":"Verre a vin jetables \u279c 1 dl \u2714\ufe0f transparents \u2714\ufe0f Pour vos \u00e9v\u00e9nements sans corv\u00e9e de nettoyage \u2714\ufe0f bonne habtique \u2714\ufe0f Commandez en ligne chez tombotto","robots":{"index":"index","follow":"follow","max-snippet":"max-snippet:-1","max-image-preview":"max-image-preview:large","max-video-preview":"max-video-preview:-1"},"canonical":"https:\/\/shop.tombotto.ch\/fr\/shop\/verre-a-vin-1-dl\/","og_locale":"fr_FR","og_type":"article","og_title":"Verre \u00e0 vin 1 dl","og_description":"Verre a vin jetables \u279c 1 dl \u2714\ufe0f transparents \u2714\ufe0f Pour vos \u00e9v\u00e9nements sans corv\u00e9e de nettoyage \u2714\ufe0f bonne habtique \u2714\ufe0f Commandez en ligne chez tombotto","og_url":"https:\/\/shop.tombotto.ch\/fr\/shop\/verre-a-vin-1-dl\/","og_site_name":"Tombotto","article_modified_time":"2025-08-26T09:29:39+00:00","og_image":[{"width":800,"height":678,"url":"https:\/\/shop.tombotto.ch\/wp-content\/uploads\/2023\/09\/1115.1006.jpg","type":"image\/jpeg"}],"twitter_card":"summary_large_image","twitter_misc":{"Dur\u00e9e de lecture estim\u00e9e":"1 minute"},"schema":{"@context":"https:\/\/schema.org","@graph":[{"@type":"WebPage","@id":"https:\/\/shop.tombotto.ch\/fr\/shop\/verre-a-vin-1-dl\/","url":"https:\/\/shop.tombotto.ch\/fr\/shop\/verre-a-vin-1-dl\/","name":"Verre \u00e0 vin 1 dl - Tombotto","isPartOf":{"@id":"https:\/\/shop.tombotto.ch\/fr\/#website"},"primaryImageOfPage":{"@id":"https:\/\/shop.tombotto.ch\/fr\/shop\/verre-a-vin-1-dl\/#primaryimage"},"image":{"@id":"https:\/\/shop.tombotto.ch\/fr\/shop\/verre-a-vin-1-dl\/#primaryimage"},"thumbnailUrl":"https:\/\/shop.tombotto.ch\/wp-content\/uploads\/2023\/09\/1115.1006.jpg","datePublished":"2023-09-08T10:41:56+00:00","dateModified":"2025-08-26T09:29:39+00:00","description":"Verre a vin jetables \u279c 1 dl \u2714\ufe0f transparents \u2714\ufe0f Pour vos \u00e9v\u00e9nements sans corv\u00e9e de nettoyage \u2714\ufe0f bonne habtique \u2714\ufe0f Commandez en ligne chez tombotto","breadcrumb":{"@id":"https:\/\/shop.tombotto.ch\/fr\/shop\/verre-a-vin-1-dl\/#breadcrumb"},"inLanguage":"fr-FR","potentialAction":[{"@type":"ReadAction","target":["https:\/\/shop.tombotto.ch\/fr\/shop\/verre-a-vin-1-dl\/"]}]},{"@type":"ImageObject","inLanguage":"fr-FR","@id":"https:\/\/shop.tombotto.ch\/fr\/shop\/verre-a-vin-1-dl\/#primaryimage","url":"https:\/\/shop.tombotto.ch\/wp-content\/uploads\/2023\/09\/1115.1006.jpg","contentUrl":"https:\/\/shop.tombotto.ch\/wp-content\/uploads\/2023\/09\/1115.1006.jpg","width":800,"height":678},{"@type":"BreadcrumbList","@id":"https:\/\/shop.tombotto.ch\/fr\/shop\/verre-a-vin-1-dl\/#breadcrumb","itemListElement":[{"@type":"ListItem","position":1,"name":"Start","item":"https:\/\/shop.tombotto.ch\/fr\/"},{"@type":"ListItem","position":2,"name":"Shop","item":"https:\/\/shop.tombotto.ch\/fr\/shop\/"},{"@type":"ListItem","position":3,"name":"Verre \u00e0 vin 1 dl"}]},{"@type":"WebSite","@id":"https:\/\/shop.tombotto.ch\/fr\/#website","url":"https:\/\/shop.tombotto.ch\/fr\/","name":"Tombotto","description":"Fest-, Event- &amp; Promotionsartikel","publisher":{"@id":"https:\/\/shop.tombotto.ch\/fr\/#organization"},"potentialAction":[{"@type":"SearchAction","target":{"@type":"EntryPoint","urlTemplate":"https:\/\/shop.tombotto.ch\/fr\/?s={search_term_string}"},"query-input":{"@type":"PropertyValueSpecification","valueRequired":true,"valueName":"search_term_string"}}],"inLanguage":"fr-FR"},{"@type":"Organization","@id":"https:\/\/shop.tombotto.ch\/fr\/#organization","name":"Tombotto","url":"https:\/\/shop.tombotto.ch\/fr\/","logo":{"@type":"ImageObject","inLanguage":"fr-FR","@id":"https:\/\/shop.tombotto.ch\/fr\/#\/schema\/logo\/image\/","url":"https:\/\/shop.tombotto.ch\/wp-content\/uploads\/2023\/03\/logo.svg","contentUrl":"https:\/\/shop.tombotto.ch\/wp-content\/uploads\/2023\/03\/logo.svg","caption":"Tombotto"},"image":{"@id":"https:\/\/shop.tombotto.ch\/fr\/#\/schema\/logo\/image\/"}}]}},"tiered_pricing_type":"fixed","tiered_pricing_fixed_rules":[],"tiered_pricing_product_settings":{"layout":"default","base_unit_name":{"singular":null,"plural":null},"default_variation":null},"tiered_pricing_minimum_quantity":null,"tiered_pricing_roles_data":[],"tiered_pricing_percentage_rules":[],"tiered_pricing_maximum_quantity":null,"tiered_pricing_quantity_step":null,"_links":{"self":[{"href":"https:\/\/shop.tombotto.ch\/fr\/wp-json\/wp\/v2\/product\/41717","targetHints":{"allow":["GET"]}}],"collection":[{"href":"https:\/\/shop.tombotto.ch\/fr\/wp-json\/wp\/v2\/product"}],"about":[{"href":"https:\/\/shop.tombotto.ch\/fr\/wp-json\/wp\/v2\/types\/product"}],"wp:featuredmedia":[{"embeddable":true,"href":"https:\/\/shop.tombotto.ch\/fr\/wp-json\/wp\/v2\/media\/41723"}],"wp:attachment":[{"href":"https:\/\/shop.tombotto.ch\/fr\/wp-json\/wp\/v2\/media?parent=41717"}],"wp:term":[{"taxonomy":"product_brand","embeddable":true,"href":"https:\/\/shop.tombotto.ch\/fr\/wp-json\/wp\/v2\/product_brand?post=41717"},{"taxonomy":"product_cat","embeddable":true,"href":"https:\/\/shop.tombotto.ch\/fr\/wp-json\/wp\/v2\/product_cat?post=41717"},{"taxonomy":"product_tag","embeddable":true,"href":"https:\/\/shop.tombotto.ch\/fr\/wp-json\/wp\/v2\/product_tag?post=41717"}],"curies":[{"name":"wp","href":"https:\/\/api.w.org\/{rel}","templated":true}]}}