{"id":43446,"date":"2023-11-23T18:10:38","date_gmt":"2023-11-23T17:10:38","guid":{"rendered":"https:\/\/shop.tombotto.ch\/?post_type=product&#038;p=43446"},"modified":"2026-01-29T14:38:46","modified_gmt":"2026-01-29T13:38:46","slug":"cassette-avec-500-chips","status":"publish","type":"product","link":"https:\/\/shop.tombotto.ch\/fr\/shop\/cassette-avec-500-chips\/","title":{"rendered":"Cassette avec 500 Chips<br>Set color\u00e9"},"content":{"rendered":"<ul>\n<li><strong>\u00c9conomisez plus de 13 francs en achetant le set par rapport aux prix individuels!<\/strong><\/li>\n<li>Incl. 500 pi\u00e8ces Chips \u00d8 29 mm<\/li>\n<li>Cadre de comptage pour un comptage facile<\/li>\n<li>5 couleurs \u00e0 100 pi\u00e8ces<\/li>\n<li>Jetons bleu, vert, rouge, orange, jaune<\/li>\n<li>Empilable &amp; robuste<\/li>\n<\/ul>\n","protected":false},"excerpt":{"rendered":"<p>\u00c9conomisez plus de 13 francs en achetant le set par rapport aux prix individuels! Incl. 500 pi\u00e8ces Chips \u00d8 29 mm Cadre de comptage pour un comptage facile 5 couleurs \u00e0 100 pi\u00e8ces Jetons bleu, vert, rouge, orange, jaune Empilable &amp; robuste<\/p>\n","protected":false},"featured_media":43450,"template":"","meta":{"_acf_changed":false,"inline_featured_image":false},"product_brand":[],"product_cat":[4721],"product_tag":[],"class_list":{"0":"post-43446","1":"product","2":"type-product","3":"status-publish","4":"has-post-thumbnail","6":"product_cat-jetons-en-plastique","8":"first","9":"instock","10":"taxable","11":"shipping-taxable","12":"purchasable","13":"product-type-simple"},"exclude_global_add_ons":[],"addons":[],"acf":[],"yoast_head":"<!-- This site is optimized with the Yoast SEO Premium plugin v27.4 (Yoast SEO v27.4) - https:\/\/yoast.com\/product\/yoast-seo-premium-wordpress\/ -->\n<title>Cassette avec 500 chips \u2022 prix avantageux<\/title>\n<meta name=\"description\" content=\"Cassette de comptage remplie de 500 jetons en plastique \u2022 pratique pour le d\u00e9compte et le rangement \u2022 prix avantageux ! 5 couleurs m\u00e9lang\u00e9es, 100 pi\u00e8ces de chaque couleur\" \/>\n<meta name=\"robots\" content=\"index, follow, max-snippet:-1, max-image-preview:large, max-video-preview:-1\" \/>\n<link rel=\"canonical\" href=\"https:\/\/shop.tombotto.ch\/fr\/shop\/cassette-avec-500-chips\/\" \/>\n<meta property=\"og:locale\" content=\"fr_FR\" \/>\n<meta property=\"og:type\" content=\"article\" \/>\n<meta property=\"og:title\" content=\"Cassette avec 500 ChipsSet color\u00e9\" \/>\n<meta property=\"og:description\" content=\"Cassette de comptage remplie de 500 jetons en plastique \u2022 pratique pour le d\u00e9compte et le rangement \u2022 prix avantageux ! 5 couleurs m\u00e9lang\u00e9es, 100 pi\u00e8ces de chaque couleur\" \/>\n<meta property=\"og:url\" content=\"https:\/\/shop.tombotto.ch\/fr\/shop\/cassette-avec-500-chips\/\" \/>\n<meta property=\"og:site_name\" content=\"Tombotto\" \/>\n<meta property=\"article:modified_time\" content=\"2026-01-29T13:38:46+00:00\" \/>\n<meta property=\"og:image\" content=\"https:\/\/shop.tombotto.ch\/wp-content\/uploads\/2023\/11\/tombotto-jetons-plastik-set-2.png\" \/>\n\t<meta property=\"og:image:width\" content=\"800\" \/>\n\t<meta property=\"og:image:height\" content=\"678\" \/>\n\t<meta property=\"og:image:type\" content=\"image\/png\" \/>\n<meta name=\"twitter:card\" content=\"summary_large_image\" \/>\n<meta name=\"twitter:label1\" content=\"Dur\u00e9e de lecture estim\u00e9e\" \/>\n\t<meta name=\"twitter:data1\" content=\"1 minute\" \/>\n<script type=\"application\/ld+json\" class=\"yoast-schema-graph\">{\"@context\":\"https:\\\/\\\/schema.org\",\"@graph\":[{\"@type\":\"WebPage\",\"@id\":\"https:\\\/\\\/shop.tombotto.ch\\\/fr\\\/shop\\\/cassette-avec-500-chips\\\/\",\"url\":\"https:\\\/\\\/shop.tombotto.ch\\\/fr\\\/shop\\\/cassette-avec-500-chips\\\/\",\"name\":\"Cassette avec 500 chips \u2022 prix avantageux\",\"isPartOf\":{\"@id\":\"https:\\\/\\\/shop.tombotto.ch\\\/fr\\\/#website\"},\"primaryImageOfPage\":{\"@id\":\"https:\\\/\\\/shop.tombotto.ch\\\/fr\\\/shop\\\/cassette-avec-500-chips\\\/#primaryimage\"},\"image\":{\"@id\":\"https:\\\/\\\/shop.tombotto.ch\\\/fr\\\/shop\\\/cassette-avec-500-chips\\\/#primaryimage\"},\"thumbnailUrl\":\"https:\\\/\\\/shop.tombotto.ch\\\/wp-content\\\/uploads\\\/2023\\\/11\\\/tombotto-jetons-plastik-set-2.png\",\"datePublished\":\"2023-11-23T17:10:38+00:00\",\"dateModified\":\"2026-01-29T13:38:46+00:00\",\"description\":\"Cassette de comptage remplie de 500 jetons en plastique \u2022 pratique pour le d\u00e9compte et le rangement \u2022 prix avantageux ! 5 couleurs m\u00e9lang\u00e9es, 100 pi\u00e8ces de chaque couleur\",\"breadcrumb\":{\"@id\":\"https:\\\/\\\/shop.tombotto.ch\\\/fr\\\/shop\\\/cassette-avec-500-chips\\\/#breadcrumb\"},\"inLanguage\":\"fr-FR\",\"potentialAction\":[{\"@type\":\"ReadAction\",\"target\":[\"https:\\\/\\\/shop.tombotto.ch\\\/fr\\\/shop\\\/cassette-avec-500-chips\\\/\"]}]},{\"@type\":\"ImageObject\",\"inLanguage\":\"fr-FR\",\"@id\":\"https:\\\/\\\/shop.tombotto.ch\\\/fr\\\/shop\\\/cassette-avec-500-chips\\\/#primaryimage\",\"url\":\"https:\\\/\\\/shop.tombotto.ch\\\/wp-content\\\/uploads\\\/2023\\\/11\\\/tombotto-jetons-plastik-set-2.png\",\"contentUrl\":\"https:\\\/\\\/shop.tombotto.ch\\\/wp-content\\\/uploads\\\/2023\\\/11\\\/tombotto-jetons-plastik-set-2.png\",\"width\":800,\"height\":678},{\"@type\":\"BreadcrumbList\",\"@id\":\"https:\\\/\\\/shop.tombotto.ch\\\/fr\\\/shop\\\/cassette-avec-500-chips\\\/#breadcrumb\",\"itemListElement\":[{\"@type\":\"ListItem\",\"position\":1,\"name\":\"Start\",\"item\":\"https:\\\/\\\/shop.tombotto.ch\\\/fr\\\/\"},{\"@type\":\"ListItem\",\"position\":2,\"name\":\"Shop\",\"item\":\"https:\\\/\\\/shop.tombotto.ch\\\/fr\\\/shop\\\/\"},{\"@type\":\"ListItem\",\"position\":3,\"name\":\"Cassette avec 500 ChipsSet color\u00e9\"}]},{\"@type\":\"WebSite\",\"@id\":\"https:\\\/\\\/shop.tombotto.ch\\\/fr\\\/#website\",\"url\":\"https:\\\/\\\/shop.tombotto.ch\\\/fr\\\/\",\"name\":\"Tombotto\",\"description\":\"Fest-, Event- &amp; Promotionsartikel\",\"publisher\":{\"@id\":\"https:\\\/\\\/shop.tombotto.ch\\\/fr\\\/#organization\"},\"potentialAction\":[{\"@type\":\"SearchAction\",\"target\":{\"@type\":\"EntryPoint\",\"urlTemplate\":\"https:\\\/\\\/shop.tombotto.ch\\\/fr\\\/?s={search_term_string}\"},\"query-input\":{\"@type\":\"PropertyValueSpecification\",\"valueRequired\":true,\"valueName\":\"search_term_string\"}}],\"inLanguage\":\"fr-FR\"},{\"@type\":\"Organization\",\"@id\":\"https:\\\/\\\/shop.tombotto.ch\\\/fr\\\/#organization\",\"name\":\"Tombotto\",\"url\":\"https:\\\/\\\/shop.tombotto.ch\\\/fr\\\/\",\"logo\":{\"@type\":\"ImageObject\",\"inLanguage\":\"fr-FR\",\"@id\":\"https:\\\/\\\/shop.tombotto.ch\\\/fr\\\/#\\\/schema\\\/logo\\\/image\\\/\",\"url\":\"https:\\\/\\\/shop.tombotto.ch\\\/wp-content\\\/uploads\\\/2023\\\/03\\\/logo.svg\",\"contentUrl\":\"https:\\\/\\\/shop.tombotto.ch\\\/wp-content\\\/uploads\\\/2023\\\/03\\\/logo.svg\",\"caption\":\"Tombotto\"},\"image\":{\"@id\":\"https:\\\/\\\/shop.tombotto.ch\\\/fr\\\/#\\\/schema\\\/logo\\\/image\\\/\"}}]}<\/script>\n<!-- \/ Yoast SEO Premium plugin. -->","yoast_head_json":{"title":"Cassette avec 500 chips \u2022 prix avantageux","description":"Cassette de comptage remplie de 500 jetons en plastique \u2022 pratique pour le d\u00e9compte et le rangement \u2022 prix avantageux ! 5 couleurs m\u00e9lang\u00e9es, 100 pi\u00e8ces de chaque couleur","robots":{"index":"index","follow":"follow","max-snippet":"max-snippet:-1","max-image-preview":"max-image-preview:large","max-video-preview":"max-video-preview:-1"},"canonical":"https:\/\/shop.tombotto.ch\/fr\/shop\/cassette-avec-500-chips\/","og_locale":"fr_FR","og_type":"article","og_title":"Cassette avec 500 ChipsSet color\u00e9","og_description":"Cassette de comptage remplie de 500 jetons en plastique \u2022 pratique pour le d\u00e9compte et le rangement \u2022 prix avantageux ! 5 couleurs m\u00e9lang\u00e9es, 100 pi\u00e8ces de chaque couleur","og_url":"https:\/\/shop.tombotto.ch\/fr\/shop\/cassette-avec-500-chips\/","og_site_name":"Tombotto","article_modified_time":"2026-01-29T13:38:46+00:00","og_image":[{"width":800,"height":678,"url":"https:\/\/shop.tombotto.ch\/wp-content\/uploads\/2023\/11\/tombotto-jetons-plastik-set-2.png","type":"image\/png"}],"twitter_card":"summary_large_image","twitter_misc":{"Dur\u00e9e de lecture estim\u00e9e":"1 minute"},"schema":{"@context":"https:\/\/schema.org","@graph":[{"@type":"WebPage","@id":"https:\/\/shop.tombotto.ch\/fr\/shop\/cassette-avec-500-chips\/","url":"https:\/\/shop.tombotto.ch\/fr\/shop\/cassette-avec-500-chips\/","name":"Cassette avec 500 chips \u2022 prix avantageux","isPartOf":{"@id":"https:\/\/shop.tombotto.ch\/fr\/#website"},"primaryImageOfPage":{"@id":"https:\/\/shop.tombotto.ch\/fr\/shop\/cassette-avec-500-chips\/#primaryimage"},"image":{"@id":"https:\/\/shop.tombotto.ch\/fr\/shop\/cassette-avec-500-chips\/#primaryimage"},"thumbnailUrl":"https:\/\/shop.tombotto.ch\/wp-content\/uploads\/2023\/11\/tombotto-jetons-plastik-set-2.png","datePublished":"2023-11-23T17:10:38+00:00","dateModified":"2026-01-29T13:38:46+00:00","description":"Cassette de comptage remplie de 500 jetons en plastique \u2022 pratique pour le d\u00e9compte et le rangement \u2022 prix avantageux ! 5 couleurs m\u00e9lang\u00e9es, 100 pi\u00e8ces de chaque couleur","breadcrumb":{"@id":"https:\/\/shop.tombotto.ch\/fr\/shop\/cassette-avec-500-chips\/#breadcrumb"},"inLanguage":"fr-FR","potentialAction":[{"@type":"ReadAction","target":["https:\/\/shop.tombotto.ch\/fr\/shop\/cassette-avec-500-chips\/"]}]},{"@type":"ImageObject","inLanguage":"fr-FR","@id":"https:\/\/shop.tombotto.ch\/fr\/shop\/cassette-avec-500-chips\/#primaryimage","url":"https:\/\/shop.tombotto.ch\/wp-content\/uploads\/2023\/11\/tombotto-jetons-plastik-set-2.png","contentUrl":"https:\/\/shop.tombotto.ch\/wp-content\/uploads\/2023\/11\/tombotto-jetons-plastik-set-2.png","width":800,"height":678},{"@type":"BreadcrumbList","@id":"https:\/\/shop.tombotto.ch\/fr\/shop\/cassette-avec-500-chips\/#breadcrumb","itemListElement":[{"@type":"ListItem","position":1,"name":"Start","item":"https:\/\/shop.tombotto.ch\/fr\/"},{"@type":"ListItem","position":2,"name":"Shop","item":"https:\/\/shop.tombotto.ch\/fr\/shop\/"},{"@type":"ListItem","position":3,"name":"Cassette avec 500 ChipsSet color\u00e9"}]},{"@type":"WebSite","@id":"https:\/\/shop.tombotto.ch\/fr\/#website","url":"https:\/\/shop.tombotto.ch\/fr\/","name":"Tombotto","description":"Fest-, Event- &amp; Promotionsartikel","publisher":{"@id":"https:\/\/shop.tombotto.ch\/fr\/#organization"},"potentialAction":[{"@type":"SearchAction","target":{"@type":"EntryPoint","urlTemplate":"https:\/\/shop.tombotto.ch\/fr\/?s={search_term_string}"},"query-input":{"@type":"PropertyValueSpecification","valueRequired":true,"valueName":"search_term_string"}}],"inLanguage":"fr-FR"},{"@type":"Organization","@id":"https:\/\/shop.tombotto.ch\/fr\/#organization","name":"Tombotto","url":"https:\/\/shop.tombotto.ch\/fr\/","logo":{"@type":"ImageObject","inLanguage":"fr-FR","@id":"https:\/\/shop.tombotto.ch\/fr\/#\/schema\/logo\/image\/","url":"https:\/\/shop.tombotto.ch\/wp-content\/uploads\/2023\/03\/logo.svg","contentUrl":"https:\/\/shop.tombotto.ch\/wp-content\/uploads\/2023\/03\/logo.svg","caption":"Tombotto"},"image":{"@id":"https:\/\/shop.tombotto.ch\/fr\/#\/schema\/logo\/image\/"}}]}},"tiered_pricing_type":"fixed","tiered_pricing_fixed_rules":[],"tiered_pricing_product_settings":{"layout":"default","base_unit_name":{"singular":null,"plural":null},"default_variation":null},"tiered_pricing_minimum_quantity":null,"tiered_pricing_roles_data":[],"tiered_pricing_percentage_rules":[],"tiered_pricing_maximum_quantity":null,"tiered_pricing_quantity_step":null,"_links":{"self":[{"href":"https:\/\/shop.tombotto.ch\/fr\/wp-json\/wp\/v2\/product\/43446","targetHints":{"allow":["GET"]}}],"collection":[{"href":"https:\/\/shop.tombotto.ch\/fr\/wp-json\/wp\/v2\/product"}],"about":[{"href":"https:\/\/shop.tombotto.ch\/fr\/wp-json\/wp\/v2\/types\/product"}],"wp:featuredmedia":[{"embeddable":true,"href":"https:\/\/shop.tombotto.ch\/fr\/wp-json\/wp\/v2\/media\/43450"}],"wp:attachment":[{"href":"https:\/\/shop.tombotto.ch\/fr\/wp-json\/wp\/v2\/media?parent=43446"}],"wp:term":[{"taxonomy":"product_brand","embeddable":true,"href":"https:\/\/shop.tombotto.ch\/fr\/wp-json\/wp\/v2\/product_brand?post=43446"},{"taxonomy":"product_cat","embeddable":true,"href":"https:\/\/shop.tombotto.ch\/fr\/wp-json\/wp\/v2\/product_cat?post=43446"},{"taxonomy":"product_tag","embeddable":true,"href":"https:\/\/shop.tombotto.ch\/fr\/wp-json\/wp\/v2\/product_tag?post=43446"}],"curies":[{"name":"wp","href":"https:\/\/api.w.org\/{rel}","templated":true}]}}