{"id":45718,"date":"2024-03-05T15:58:38","date_gmt":"2024-03-05T14:58:38","guid":{"rendered":"https:\/\/shop.tombotto.ch\/?post_type=product&#038;p=45718"},"modified":"2026-03-20T17:27:21","modified_gmt":"2026-03-20T16:27:21","slug":"power-drop-set","status":"publish","type":"product","link":"https:\/\/shop.tombotto.ch\/fr\/shop\/power-drop-set\/","title":{"rendered":"MAGIC FX\u00ae POWER DROP SET"},"content":{"rendered":"<p>Das MAGIC FX\u00ae Power Drop Set ist ein komplettes Abwurfset, bestehend aus zehn Power Drops und zehn Vorhangklemmen &#8211; verpackt im robusten Flightcase. Das Set ist der perfekte Wow-Effekt f\u00fcr B\u00fchnen oder bei Pr\u00e4sentationen von besonderen Objekten und Produkten. Das Power Drop Set ist ein leistungsstarkes Kabuki-Drop-System, welches ein sicheres und schnelles Ausl\u00f6sen garantiert.<\/p>\n<p>Mit den Neutrik\u00ae powerCON-Anschl\u00fcssen k\u00f6nnen Sie die Ger\u00e4te separat steuern oder miteinander verbinden.<\/p>\n<ul>\n<li>10 St\u00fcck POWER DROP inkl. Klemmen und Transportcase<\/li>\n<li>Power 220 V \/ 30 W<\/li>\n<li>Anschluss Neutric Powercon (Kabel nicht inbegriffen)<\/li>\n<li>Gr\u00f6sse 52 x 35 x 33 cm<\/li>\n<li>Gewicht 18,5 kg<\/li>\n<li>Steuerung\u00a0on\/off<\/li>\n<li>Kapazit\u00e4t bis 20 kg pro Power Drop<\/li>\n<li>Garantiedauer 3 Jahre<\/li>\n<\/ul>\n<p><a href=\"https:\/\/youtu.be\/bwGqLrYcXtQ\" target=\"_blank\" rel=\"noopener\">Video<\/a><\/p>\n<p class=\"no_margin\"><a href=\"https:\/\/shop.tombotto.ch\/wp-content\/uploads\/2025\/03\/manual_power_drop_eng.pdf\" target=\"_blank\" rel=\"noopener noreferrer\">Bedienungsanleitung<\/a><\/p>\n<p>Zur Gew\u00e4hrleistung der Garantiefrist von 3 Jahren ist dieser Artikel auftragsbezogen und die Lieferfrist kann rund 2 Wochen betragen.<\/p>\n<p class=\"no_margin\">Fragen Sie nach dem aktuellen Lieferstatus \u2013\u00a0<a href=\"mailto:info@tombotto.ch?subject=Lieferstatus%20POWER%20DROP SET\">info@tombotto.ch<\/a><\/p>\n","protected":false},"excerpt":{"rendered":"<p>Das MAGIC FX\u00ae Power Drop Set ist ein komplettes Abwurfset, bestehend aus zehn Power Drops und zehn Vorhangklemmen &#8211; verpackt im robusten Flightcase. Das Set ist der perfekte Wow-Effekt f\u00fcr B\u00fchnen oder bei Pr\u00e4sentationen von besonderen Objekten und Produkten. Das Power Drop Set ist ein leistungsstarkes Kabuki-Drop-System, welches ein sicheres und schnelles Ausl\u00f6sen garantiert. Mit [&hellip;]<\/p>\n","protected":false},"featured_media":60565,"template":"","meta":{"_acf_changed":false,"inline_featured_image":false},"product_brand":[],"product_cat":[4745],"product_tag":[4811,4812],"class_list":{"0":"post-45718","1":"product","2":"type-product","3":"status-publish","4":"has-post-thumbnail","6":"product_cat-power-drop-fr","7":"product_tag-magicfx-power-drop-set-fr","8":"product_tag-power-drop-set-fr","10":"first","11":"instock","12":"taxable","13":"shipping-taxable","14":"purchasable","15":"product-type-simple"},"exclude_global_add_ons":[],"addons":[],"acf":[],"yoast_head":"<!-- This site is optimized with the Yoast SEO Premium plugin v27.4 (Yoast SEO v27.4) - https:\/\/yoast.com\/product\/yoast-seo-premium-wordpress\/ -->\n<title>Power Drop Set von MAGIC FX\u00ae | 10 Power Drops &amp; Klemmen<\/title>\n<meta name=\"description\" content=\"Das Power Drop Set von MAGIC FX\u00ae ist ein komplettes Abwurfset, bestehend aus 10 Power Drops inkl. Klemmen und Transportcase \u2714\ufe0e tombotto gmbh\" \/>\n<meta name=\"robots\" content=\"index, follow, max-snippet:-1, max-image-preview:large, max-video-preview:-1\" \/>\n<link rel=\"canonical\" href=\"https:\/\/shop.tombotto.ch\/fr\/shop\/power-drop-set\/\" \/>\n<meta property=\"og:locale\" content=\"fr_FR\" \/>\n<meta property=\"og:type\" content=\"article\" \/>\n<meta property=\"og:title\" content=\"MAGIC FX\u00ae POWER DROP SET\" \/>\n<meta property=\"og:description\" content=\"Das Power Drop Set von MAGIC FX\u00ae ist ein komplettes Abwurfset, bestehend aus 10 Power Drops inkl. Klemmen und Transportcase \u2714\ufe0e tombotto gmbh\" \/>\n<meta property=\"og:url\" content=\"https:\/\/shop.tombotto.ch\/fr\/shop\/power-drop-set\/\" \/>\n<meta property=\"og:site_name\" content=\"Tombotto\" \/>\n<meta property=\"article:modified_time\" content=\"2026-03-20T16:27:21+00:00\" \/>\n<meta property=\"og:image\" content=\"https:\/\/shop.tombotto.ch\/wp-content\/uploads\/2024\/03\/tombotto-power-drop-magicfx-kabuki-set-800x678-1.png\" \/>\n\t<meta property=\"og:image:width\" content=\"800\" \/>\n\t<meta property=\"og:image:height\" content=\"678\" \/>\n\t<meta property=\"og:image:type\" content=\"image\/png\" \/>\n<meta name=\"twitter:card\" content=\"summary_large_image\" \/>\n<meta name=\"twitter:label1\" content=\"Dur\u00e9e de lecture estim\u00e9e\" \/>\n\t<meta name=\"twitter:data1\" content=\"1 minute\" \/>\n<script type=\"application\/ld+json\" class=\"yoast-schema-graph\">{\"@context\":\"https:\\\/\\\/schema.org\",\"@graph\":[{\"@type\":\"WebPage\",\"@id\":\"https:\\\/\\\/shop.tombotto.ch\\\/fr\\\/shop\\\/power-drop-set\\\/\",\"url\":\"https:\\\/\\\/shop.tombotto.ch\\\/fr\\\/shop\\\/power-drop-set\\\/\",\"name\":\"Power Drop Set von MAGIC FX\u00ae | 10 Power Drops & Klemmen\",\"isPartOf\":{\"@id\":\"https:\\\/\\\/shop.tombotto.ch\\\/fr\\\/#website\"},\"primaryImageOfPage\":{\"@id\":\"https:\\\/\\\/shop.tombotto.ch\\\/fr\\\/shop\\\/power-drop-set\\\/#primaryimage\"},\"image\":{\"@id\":\"https:\\\/\\\/shop.tombotto.ch\\\/fr\\\/shop\\\/power-drop-set\\\/#primaryimage\"},\"thumbnailUrl\":\"https:\\\/\\\/shop.tombotto.ch\\\/wp-content\\\/uploads\\\/2024\\\/03\\\/tombotto-power-drop-magicfx-kabuki-set-800x678-1.png\",\"datePublished\":\"2024-03-05T14:58:38+00:00\",\"dateModified\":\"2026-03-20T16:27:21+00:00\",\"description\":\"Das Power Drop Set von MAGIC FX\u00ae ist ein komplettes Abwurfset, bestehend aus 10 Power Drops inkl. Klemmen und Transportcase \u2714\ufe0e tombotto gmbh\",\"breadcrumb\":{\"@id\":\"https:\\\/\\\/shop.tombotto.ch\\\/fr\\\/shop\\\/power-drop-set\\\/#breadcrumb\"},\"inLanguage\":\"fr-FR\",\"potentialAction\":[{\"@type\":\"ReadAction\",\"target\":[\"https:\\\/\\\/shop.tombotto.ch\\\/fr\\\/shop\\\/power-drop-set\\\/\"]}]},{\"@type\":\"ImageObject\",\"inLanguage\":\"fr-FR\",\"@id\":\"https:\\\/\\\/shop.tombotto.ch\\\/fr\\\/shop\\\/power-drop-set\\\/#primaryimage\",\"url\":\"https:\\\/\\\/shop.tombotto.ch\\\/wp-content\\\/uploads\\\/2024\\\/03\\\/tombotto-power-drop-magicfx-kabuki-set-800x678-1.png\",\"contentUrl\":\"https:\\\/\\\/shop.tombotto.ch\\\/wp-content\\\/uploads\\\/2024\\\/03\\\/tombotto-power-drop-magicfx-kabuki-set-800x678-1.png\",\"width\":800,\"height\":678},{\"@type\":\"BreadcrumbList\",\"@id\":\"https:\\\/\\\/shop.tombotto.ch\\\/fr\\\/shop\\\/power-drop-set\\\/#breadcrumb\",\"itemListElement\":[{\"@type\":\"ListItem\",\"position\":1,\"name\":\"Start\",\"item\":\"https:\\\/\\\/shop.tombotto.ch\\\/fr\\\/\"},{\"@type\":\"ListItem\",\"position\":2,\"name\":\"Shop\",\"item\":\"https:\\\/\\\/shop.tombotto.ch\\\/fr\\\/shop\\\/\"},{\"@type\":\"ListItem\",\"position\":3,\"name\":\"MAGIC FX\u00ae POWER DROP SET\"}]},{\"@type\":\"WebSite\",\"@id\":\"https:\\\/\\\/shop.tombotto.ch\\\/fr\\\/#website\",\"url\":\"https:\\\/\\\/shop.tombotto.ch\\\/fr\\\/\",\"name\":\"Tombotto\",\"description\":\"Fest-, Event- &amp; Promotionsartikel\",\"publisher\":{\"@id\":\"https:\\\/\\\/shop.tombotto.ch\\\/fr\\\/#organization\"},\"potentialAction\":[{\"@type\":\"SearchAction\",\"target\":{\"@type\":\"EntryPoint\",\"urlTemplate\":\"https:\\\/\\\/shop.tombotto.ch\\\/fr\\\/?s={search_term_string}\"},\"query-input\":{\"@type\":\"PropertyValueSpecification\",\"valueRequired\":true,\"valueName\":\"search_term_string\"}}],\"inLanguage\":\"fr-FR\"},{\"@type\":\"Organization\",\"@id\":\"https:\\\/\\\/shop.tombotto.ch\\\/fr\\\/#organization\",\"name\":\"Tombotto\",\"url\":\"https:\\\/\\\/shop.tombotto.ch\\\/fr\\\/\",\"logo\":{\"@type\":\"ImageObject\",\"inLanguage\":\"fr-FR\",\"@id\":\"https:\\\/\\\/shop.tombotto.ch\\\/fr\\\/#\\\/schema\\\/logo\\\/image\\\/\",\"url\":\"https:\\\/\\\/shop.tombotto.ch\\\/wp-content\\\/uploads\\\/2023\\\/03\\\/logo.svg\",\"contentUrl\":\"https:\\\/\\\/shop.tombotto.ch\\\/wp-content\\\/uploads\\\/2023\\\/03\\\/logo.svg\",\"caption\":\"Tombotto\"},\"image\":{\"@id\":\"https:\\\/\\\/shop.tombotto.ch\\\/fr\\\/#\\\/schema\\\/logo\\\/image\\\/\"}}]}<\/script>\n<!-- \/ Yoast SEO Premium plugin. -->","yoast_head_json":{"title":"Power Drop Set von MAGIC FX\u00ae | 10 Power Drops & Klemmen","description":"Das Power Drop Set von MAGIC FX\u00ae ist ein komplettes Abwurfset, bestehend aus 10 Power Drops inkl. Klemmen und Transportcase \u2714\ufe0e tombotto gmbh","robots":{"index":"index","follow":"follow","max-snippet":"max-snippet:-1","max-image-preview":"max-image-preview:large","max-video-preview":"max-video-preview:-1"},"canonical":"https:\/\/shop.tombotto.ch\/fr\/shop\/power-drop-set\/","og_locale":"fr_FR","og_type":"article","og_title":"MAGIC FX\u00ae POWER DROP SET","og_description":"Das Power Drop Set von MAGIC FX\u00ae ist ein komplettes Abwurfset, bestehend aus 10 Power Drops inkl. Klemmen und Transportcase \u2714\ufe0e tombotto gmbh","og_url":"https:\/\/shop.tombotto.ch\/fr\/shop\/power-drop-set\/","og_site_name":"Tombotto","article_modified_time":"2026-03-20T16:27:21+00:00","og_image":[{"width":800,"height":678,"url":"https:\/\/shop.tombotto.ch\/wp-content\/uploads\/2024\/03\/tombotto-power-drop-magicfx-kabuki-set-800x678-1.png","type":"image\/png"}],"twitter_card":"summary_large_image","twitter_misc":{"Dur\u00e9e de lecture estim\u00e9e":"1 minute"},"schema":{"@context":"https:\/\/schema.org","@graph":[{"@type":"WebPage","@id":"https:\/\/shop.tombotto.ch\/fr\/shop\/power-drop-set\/","url":"https:\/\/shop.tombotto.ch\/fr\/shop\/power-drop-set\/","name":"Power Drop Set von MAGIC FX\u00ae | 10 Power Drops & Klemmen","isPartOf":{"@id":"https:\/\/shop.tombotto.ch\/fr\/#website"},"primaryImageOfPage":{"@id":"https:\/\/shop.tombotto.ch\/fr\/shop\/power-drop-set\/#primaryimage"},"image":{"@id":"https:\/\/shop.tombotto.ch\/fr\/shop\/power-drop-set\/#primaryimage"},"thumbnailUrl":"https:\/\/shop.tombotto.ch\/wp-content\/uploads\/2024\/03\/tombotto-power-drop-magicfx-kabuki-set-800x678-1.png","datePublished":"2024-03-05T14:58:38+00:00","dateModified":"2026-03-20T16:27:21+00:00","description":"Das Power Drop Set von MAGIC FX\u00ae ist ein komplettes Abwurfset, bestehend aus 10 Power Drops inkl. Klemmen und Transportcase \u2714\ufe0e tombotto gmbh","breadcrumb":{"@id":"https:\/\/shop.tombotto.ch\/fr\/shop\/power-drop-set\/#breadcrumb"},"inLanguage":"fr-FR","potentialAction":[{"@type":"ReadAction","target":["https:\/\/shop.tombotto.ch\/fr\/shop\/power-drop-set\/"]}]},{"@type":"ImageObject","inLanguage":"fr-FR","@id":"https:\/\/shop.tombotto.ch\/fr\/shop\/power-drop-set\/#primaryimage","url":"https:\/\/shop.tombotto.ch\/wp-content\/uploads\/2024\/03\/tombotto-power-drop-magicfx-kabuki-set-800x678-1.png","contentUrl":"https:\/\/shop.tombotto.ch\/wp-content\/uploads\/2024\/03\/tombotto-power-drop-magicfx-kabuki-set-800x678-1.png","width":800,"height":678},{"@type":"BreadcrumbList","@id":"https:\/\/shop.tombotto.ch\/fr\/shop\/power-drop-set\/#breadcrumb","itemListElement":[{"@type":"ListItem","position":1,"name":"Start","item":"https:\/\/shop.tombotto.ch\/fr\/"},{"@type":"ListItem","position":2,"name":"Shop","item":"https:\/\/shop.tombotto.ch\/fr\/shop\/"},{"@type":"ListItem","position":3,"name":"MAGIC FX\u00ae POWER DROP SET"}]},{"@type":"WebSite","@id":"https:\/\/shop.tombotto.ch\/fr\/#website","url":"https:\/\/shop.tombotto.ch\/fr\/","name":"Tombotto","description":"Fest-, Event- &amp; Promotionsartikel","publisher":{"@id":"https:\/\/shop.tombotto.ch\/fr\/#organization"},"potentialAction":[{"@type":"SearchAction","target":{"@type":"EntryPoint","urlTemplate":"https:\/\/shop.tombotto.ch\/fr\/?s={search_term_string}"},"query-input":{"@type":"PropertyValueSpecification","valueRequired":true,"valueName":"search_term_string"}}],"inLanguage":"fr-FR"},{"@type":"Organization","@id":"https:\/\/shop.tombotto.ch\/fr\/#organization","name":"Tombotto","url":"https:\/\/shop.tombotto.ch\/fr\/","logo":{"@type":"ImageObject","inLanguage":"fr-FR","@id":"https:\/\/shop.tombotto.ch\/fr\/#\/schema\/logo\/image\/","url":"https:\/\/shop.tombotto.ch\/wp-content\/uploads\/2023\/03\/logo.svg","contentUrl":"https:\/\/shop.tombotto.ch\/wp-content\/uploads\/2023\/03\/logo.svg","caption":"Tombotto"},"image":{"@id":"https:\/\/shop.tombotto.ch\/fr\/#\/schema\/logo\/image\/"}}]}},"tiered_pricing_type":"fixed","tiered_pricing_fixed_rules":[],"tiered_pricing_product_settings":{"layout":"default","base_unit_name":{"singular":null,"plural":null},"default_variation":null},"tiered_pricing_minimum_quantity":null,"tiered_pricing_roles_data":[],"tiered_pricing_percentage_rules":[],"tiered_pricing_maximum_quantity":null,"tiered_pricing_quantity_step":null,"_links":{"self":[{"href":"https:\/\/shop.tombotto.ch\/fr\/wp-json\/wp\/v2\/product\/45718","targetHints":{"allow":["GET"]}}],"collection":[{"href":"https:\/\/shop.tombotto.ch\/fr\/wp-json\/wp\/v2\/product"}],"about":[{"href":"https:\/\/shop.tombotto.ch\/fr\/wp-json\/wp\/v2\/types\/product"}],"wp:featuredmedia":[{"embeddable":true,"href":"https:\/\/shop.tombotto.ch\/fr\/wp-json\/wp\/v2\/media\/60565"}],"wp:attachment":[{"href":"https:\/\/shop.tombotto.ch\/fr\/wp-json\/wp\/v2\/media?parent=45718"}],"wp:term":[{"taxonomy":"product_brand","embeddable":true,"href":"https:\/\/shop.tombotto.ch\/fr\/wp-json\/wp\/v2\/product_brand?post=45718"},{"taxonomy":"product_cat","embeddable":true,"href":"https:\/\/shop.tombotto.ch\/fr\/wp-json\/wp\/v2\/product_cat?post=45718"},{"taxonomy":"product_tag","embeddable":true,"href":"https:\/\/shop.tombotto.ch\/fr\/wp-json\/wp\/v2\/product_tag?post=45718"}],"curies":[{"name":"wp","href":"https:\/\/api.w.org\/{rel}","templated":true}]}}