{"id":46072,"date":"2024-03-15T13:54:16","date_gmt":"2024-03-15T12:54:16","guid":{"rendered":"https:\/\/shop.tombotto.ch\/?post_type=product&#038;p=46072"},"modified":"2024-03-19T08:37:47","modified_gmt":"2024-03-19T07:37:47","slug":"liquide-fumigene-quick-brouillard","status":"publish","type":"product","link":"https:\/\/shop.tombotto.ch\/fr\/shop\/liquide-fumigene-quick-brouillard\/","title":{"rendered":"Liquide Fumig\u00e8ne Quick Brouillard"},"content":{"rendered":"<ul>\n<li>Le Quick-Fog (brouillard rapide) : Produit un brouillard dense \u00e0 dissolution rapide<\/li>\n<li>Disponible en bidon de 5 litres<\/li>\n<\/ul>\n<p>Tous nos fluides fumig\u00e8nes sont des produits de haute qualit\u00e9 avec certificat d&rsquo;innocuit\u00e9 et fiche de donn\u00e9es de s\u00e9curit\u00e9 de l&rsquo;UE. Ils sont \u00e0 base d&rsquo;eau et ne contiennent ni huiles ni silicones. Les mati\u00e8res premi\u00e8res correspondent au niveau de puret\u00e9 le plus \u00e9lev\u00e9 possible. Les fluides fumig\u00e8nes sont inodores, biod\u00e9gradables et v\u00e9g\u00e9taliens.<\/p>\n","protected":false},"excerpt":{"rendered":"<p>5 litres<\/p>\n","protected":false},"featured_media":60579,"template":"","meta":{"_acf_changed":false,"inline_featured_image":false},"product_brand":[],"product_cat":[4687],"product_tag":[],"class_list":{"0":"post-46072","1":"product","2":"type-product","3":"status-publish","4":"has-post-thumbnail","6":"product_cat-fluides-liquides","8":"first","9":"instock","10":"taxable","11":"shipping-taxable","12":"purchasable","13":"product-type-simple"},"exclude_global_add_ons":[],"addons":[],"acf":[],"yoast_head":"<!-- This site is optimized with the Yoast SEO Premium plugin v27.4 (Yoast SEO v27.4) - https:\/\/yoast.com\/product\/yoast-seo-premium-wordpress\/ -->\n<title>Liquide Fumig\u00e8ne Quick Brouillard \u2022 brouillard \u00e0 dissolution rapide<\/title>\n<meta name=\"description\" content=\"Liquide Fumig\u00e8ne Quick Brouillard : Produit un brouillard dense \u00e0 dissolution rapide \u2714\ufe0e Disponible en bidon de 5 litres \u2714\ufe0e Quick Fog Fluid\" \/>\n<meta name=\"robots\" content=\"index, follow, max-snippet:-1, max-image-preview:large, max-video-preview:-1\" \/>\n<link rel=\"canonical\" href=\"https:\/\/shop.tombotto.ch\/fr\/shop\/liquide-fumigene-quick-brouillard\/\" \/>\n<meta property=\"og:locale\" content=\"fr_FR\" \/>\n<meta property=\"og:type\" content=\"article\" \/>\n<meta property=\"og:title\" content=\"Liquide Fumig\u00e8ne Quick Brouillard\" \/>\n<meta property=\"og:description\" content=\"Liquide Fumig\u00e8ne Quick Brouillard : Produit un brouillard dense \u00e0 dissolution rapide \u2714\ufe0e Disponible en bidon de 5 litres \u2714\ufe0e Quick Fog Fluid\" \/>\n<meta property=\"og:url\" content=\"https:\/\/shop.tombotto.ch\/fr\/shop\/liquide-fumigene-quick-brouillard\/\" \/>\n<meta property=\"og:site_name\" content=\"Tombotto\" \/>\n<meta property=\"article:modified_time\" content=\"2024-03-19T07:37:47+00:00\" \/>\n<meta property=\"og:image\" content=\"https:\/\/shop.tombotto.ch\/wp-content\/uploads\/2024\/03\/tombotto-quick-fog-nebelfluid-nebelmaschine-fluid.png\" \/>\n\t<meta property=\"og:image:width\" content=\"800\" \/>\n\t<meta property=\"og:image:height\" content=\"678\" \/>\n\t<meta property=\"og:image:type\" content=\"image\/png\" \/>\n<meta name=\"twitter:card\" content=\"summary_large_image\" \/>\n<meta name=\"twitter:label1\" content=\"Dur\u00e9e de lecture estim\u00e9e\" \/>\n\t<meta name=\"twitter:data1\" content=\"1 minute\" \/>\n<script type=\"application\/ld+json\" class=\"yoast-schema-graph\">{\"@context\":\"https:\\\/\\\/schema.org\",\"@graph\":[{\"@type\":\"WebPage\",\"@id\":\"https:\\\/\\\/shop.tombotto.ch\\\/fr\\\/shop\\\/liquide-fumigene-quick-brouillard\\\/\",\"url\":\"https:\\\/\\\/shop.tombotto.ch\\\/fr\\\/shop\\\/liquide-fumigene-quick-brouillard\\\/\",\"name\":\"Liquide Fumig\u00e8ne Quick Brouillard \u2022 brouillard \u00e0 dissolution rapide\",\"isPartOf\":{\"@id\":\"https:\\\/\\\/shop.tombotto.ch\\\/fr\\\/#website\"},\"primaryImageOfPage\":{\"@id\":\"https:\\\/\\\/shop.tombotto.ch\\\/fr\\\/shop\\\/liquide-fumigene-quick-brouillard\\\/#primaryimage\"},\"image\":{\"@id\":\"https:\\\/\\\/shop.tombotto.ch\\\/fr\\\/shop\\\/liquide-fumigene-quick-brouillard\\\/#primaryimage\"},\"thumbnailUrl\":\"https:\\\/\\\/shop.tombotto.ch\\\/wp-content\\\/uploads\\\/2024\\\/03\\\/tombotto-quick-fog-nebelfluid-nebelmaschine-fluid.png\",\"datePublished\":\"2024-03-15T12:54:16+00:00\",\"dateModified\":\"2024-03-19T07:37:47+00:00\",\"description\":\"Liquide Fumig\u00e8ne Quick Brouillard : Produit un brouillard dense \u00e0 dissolution rapide \u2714\ufe0e Disponible en bidon de 5 litres \u2714\ufe0e Quick Fog Fluid\",\"breadcrumb\":{\"@id\":\"https:\\\/\\\/shop.tombotto.ch\\\/fr\\\/shop\\\/liquide-fumigene-quick-brouillard\\\/#breadcrumb\"},\"inLanguage\":\"fr-FR\",\"potentialAction\":[{\"@type\":\"ReadAction\",\"target\":[\"https:\\\/\\\/shop.tombotto.ch\\\/fr\\\/shop\\\/liquide-fumigene-quick-brouillard\\\/\"]}]},{\"@type\":\"ImageObject\",\"inLanguage\":\"fr-FR\",\"@id\":\"https:\\\/\\\/shop.tombotto.ch\\\/fr\\\/shop\\\/liquide-fumigene-quick-brouillard\\\/#primaryimage\",\"url\":\"https:\\\/\\\/shop.tombotto.ch\\\/wp-content\\\/uploads\\\/2024\\\/03\\\/tombotto-quick-fog-nebelfluid-nebelmaschine-fluid.png\",\"contentUrl\":\"https:\\\/\\\/shop.tombotto.ch\\\/wp-content\\\/uploads\\\/2024\\\/03\\\/tombotto-quick-fog-nebelfluid-nebelmaschine-fluid.png\",\"width\":800,\"height\":678},{\"@type\":\"BreadcrumbList\",\"@id\":\"https:\\\/\\\/shop.tombotto.ch\\\/fr\\\/shop\\\/liquide-fumigene-quick-brouillard\\\/#breadcrumb\",\"itemListElement\":[{\"@type\":\"ListItem\",\"position\":1,\"name\":\"Start\",\"item\":\"https:\\\/\\\/shop.tombotto.ch\\\/fr\\\/\"},{\"@type\":\"ListItem\",\"position\":2,\"name\":\"Shop\",\"item\":\"https:\\\/\\\/shop.tombotto.ch\\\/fr\\\/shop\\\/\"},{\"@type\":\"ListItem\",\"position\":3,\"name\":\"Liquide Fumig\u00e8ne Quick Brouillard\"}]},{\"@type\":\"WebSite\",\"@id\":\"https:\\\/\\\/shop.tombotto.ch\\\/fr\\\/#website\",\"url\":\"https:\\\/\\\/shop.tombotto.ch\\\/fr\\\/\",\"name\":\"Tombotto\",\"description\":\"Fest-, Event- &amp; Promotionsartikel\",\"publisher\":{\"@id\":\"https:\\\/\\\/shop.tombotto.ch\\\/fr\\\/#organization\"},\"potentialAction\":[{\"@type\":\"SearchAction\",\"target\":{\"@type\":\"EntryPoint\",\"urlTemplate\":\"https:\\\/\\\/shop.tombotto.ch\\\/fr\\\/?s={search_term_string}\"},\"query-input\":{\"@type\":\"PropertyValueSpecification\",\"valueRequired\":true,\"valueName\":\"search_term_string\"}}],\"inLanguage\":\"fr-FR\"},{\"@type\":\"Organization\",\"@id\":\"https:\\\/\\\/shop.tombotto.ch\\\/fr\\\/#organization\",\"name\":\"Tombotto\",\"url\":\"https:\\\/\\\/shop.tombotto.ch\\\/fr\\\/\",\"logo\":{\"@type\":\"ImageObject\",\"inLanguage\":\"fr-FR\",\"@id\":\"https:\\\/\\\/shop.tombotto.ch\\\/fr\\\/#\\\/schema\\\/logo\\\/image\\\/\",\"url\":\"https:\\\/\\\/shop.tombotto.ch\\\/wp-content\\\/uploads\\\/2023\\\/03\\\/logo.svg\",\"contentUrl\":\"https:\\\/\\\/shop.tombotto.ch\\\/wp-content\\\/uploads\\\/2023\\\/03\\\/logo.svg\",\"caption\":\"Tombotto\"},\"image\":{\"@id\":\"https:\\\/\\\/shop.tombotto.ch\\\/fr\\\/#\\\/schema\\\/logo\\\/image\\\/\"}}]}<\/script>\n<!-- \/ Yoast SEO Premium plugin. -->","yoast_head_json":{"title":"Liquide Fumig\u00e8ne Quick Brouillard \u2022 brouillard \u00e0 dissolution rapide","description":"Liquide Fumig\u00e8ne Quick Brouillard : Produit un brouillard dense \u00e0 dissolution rapide \u2714\ufe0e Disponible en bidon de 5 litres \u2714\ufe0e Quick Fog Fluid","robots":{"index":"index","follow":"follow","max-snippet":"max-snippet:-1","max-image-preview":"max-image-preview:large","max-video-preview":"max-video-preview:-1"},"canonical":"https:\/\/shop.tombotto.ch\/fr\/shop\/liquide-fumigene-quick-brouillard\/","og_locale":"fr_FR","og_type":"article","og_title":"Liquide Fumig\u00e8ne Quick Brouillard","og_description":"Liquide Fumig\u00e8ne Quick Brouillard : Produit un brouillard dense \u00e0 dissolution rapide \u2714\ufe0e Disponible en bidon de 5 litres \u2714\ufe0e Quick Fog Fluid","og_url":"https:\/\/shop.tombotto.ch\/fr\/shop\/liquide-fumigene-quick-brouillard\/","og_site_name":"Tombotto","article_modified_time":"2024-03-19T07:37:47+00:00","og_image":[{"width":800,"height":678,"url":"https:\/\/shop.tombotto.ch\/wp-content\/uploads\/2024\/03\/tombotto-quick-fog-nebelfluid-nebelmaschine-fluid.png","type":"image\/png"}],"twitter_card":"summary_large_image","twitter_misc":{"Dur\u00e9e de lecture estim\u00e9e":"1 minute"},"schema":{"@context":"https:\/\/schema.org","@graph":[{"@type":"WebPage","@id":"https:\/\/shop.tombotto.ch\/fr\/shop\/liquide-fumigene-quick-brouillard\/","url":"https:\/\/shop.tombotto.ch\/fr\/shop\/liquide-fumigene-quick-brouillard\/","name":"Liquide Fumig\u00e8ne Quick Brouillard \u2022 brouillard \u00e0 dissolution rapide","isPartOf":{"@id":"https:\/\/shop.tombotto.ch\/fr\/#website"},"primaryImageOfPage":{"@id":"https:\/\/shop.tombotto.ch\/fr\/shop\/liquide-fumigene-quick-brouillard\/#primaryimage"},"image":{"@id":"https:\/\/shop.tombotto.ch\/fr\/shop\/liquide-fumigene-quick-brouillard\/#primaryimage"},"thumbnailUrl":"https:\/\/shop.tombotto.ch\/wp-content\/uploads\/2024\/03\/tombotto-quick-fog-nebelfluid-nebelmaschine-fluid.png","datePublished":"2024-03-15T12:54:16+00:00","dateModified":"2024-03-19T07:37:47+00:00","description":"Liquide Fumig\u00e8ne Quick Brouillard : Produit un brouillard dense \u00e0 dissolution rapide \u2714\ufe0e Disponible en bidon de 5 litres \u2714\ufe0e Quick Fog Fluid","breadcrumb":{"@id":"https:\/\/shop.tombotto.ch\/fr\/shop\/liquide-fumigene-quick-brouillard\/#breadcrumb"},"inLanguage":"fr-FR","potentialAction":[{"@type":"ReadAction","target":["https:\/\/shop.tombotto.ch\/fr\/shop\/liquide-fumigene-quick-brouillard\/"]}]},{"@type":"ImageObject","inLanguage":"fr-FR","@id":"https:\/\/shop.tombotto.ch\/fr\/shop\/liquide-fumigene-quick-brouillard\/#primaryimage","url":"https:\/\/shop.tombotto.ch\/wp-content\/uploads\/2024\/03\/tombotto-quick-fog-nebelfluid-nebelmaschine-fluid.png","contentUrl":"https:\/\/shop.tombotto.ch\/wp-content\/uploads\/2024\/03\/tombotto-quick-fog-nebelfluid-nebelmaschine-fluid.png","width":800,"height":678},{"@type":"BreadcrumbList","@id":"https:\/\/shop.tombotto.ch\/fr\/shop\/liquide-fumigene-quick-brouillard\/#breadcrumb","itemListElement":[{"@type":"ListItem","position":1,"name":"Start","item":"https:\/\/shop.tombotto.ch\/fr\/"},{"@type":"ListItem","position":2,"name":"Shop","item":"https:\/\/shop.tombotto.ch\/fr\/shop\/"},{"@type":"ListItem","position":3,"name":"Liquide Fumig\u00e8ne Quick Brouillard"}]},{"@type":"WebSite","@id":"https:\/\/shop.tombotto.ch\/fr\/#website","url":"https:\/\/shop.tombotto.ch\/fr\/","name":"Tombotto","description":"Fest-, Event- &amp; Promotionsartikel","publisher":{"@id":"https:\/\/shop.tombotto.ch\/fr\/#organization"},"potentialAction":[{"@type":"SearchAction","target":{"@type":"EntryPoint","urlTemplate":"https:\/\/shop.tombotto.ch\/fr\/?s={search_term_string}"},"query-input":{"@type":"PropertyValueSpecification","valueRequired":true,"valueName":"search_term_string"}}],"inLanguage":"fr-FR"},{"@type":"Organization","@id":"https:\/\/shop.tombotto.ch\/fr\/#organization","name":"Tombotto","url":"https:\/\/shop.tombotto.ch\/fr\/","logo":{"@type":"ImageObject","inLanguage":"fr-FR","@id":"https:\/\/shop.tombotto.ch\/fr\/#\/schema\/logo\/image\/","url":"https:\/\/shop.tombotto.ch\/wp-content\/uploads\/2023\/03\/logo.svg","contentUrl":"https:\/\/shop.tombotto.ch\/wp-content\/uploads\/2023\/03\/logo.svg","caption":"Tombotto"},"image":{"@id":"https:\/\/shop.tombotto.ch\/fr\/#\/schema\/logo\/image\/"}}]}},"tiered_pricing_type":"fixed","tiered_pricing_fixed_rules":[],"tiered_pricing_product_settings":{"layout":"default","base_unit_name":{"singular":null,"plural":null},"default_variation":null},"tiered_pricing_minimum_quantity":null,"tiered_pricing_roles_data":[],"tiered_pricing_percentage_rules":[],"tiered_pricing_maximum_quantity":null,"tiered_pricing_quantity_step":null,"_links":{"self":[{"href":"https:\/\/shop.tombotto.ch\/fr\/wp-json\/wp\/v2\/product\/46072","targetHints":{"allow":["GET"]}}],"collection":[{"href":"https:\/\/shop.tombotto.ch\/fr\/wp-json\/wp\/v2\/product"}],"about":[{"href":"https:\/\/shop.tombotto.ch\/fr\/wp-json\/wp\/v2\/types\/product"}],"wp:featuredmedia":[{"embeddable":true,"href":"https:\/\/shop.tombotto.ch\/fr\/wp-json\/wp\/v2\/media\/60579"}],"wp:attachment":[{"href":"https:\/\/shop.tombotto.ch\/fr\/wp-json\/wp\/v2\/media?parent=46072"}],"wp:term":[{"taxonomy":"product_brand","embeddable":true,"href":"https:\/\/shop.tombotto.ch\/fr\/wp-json\/wp\/v2\/product_brand?post=46072"},{"taxonomy":"product_cat","embeddable":true,"href":"https:\/\/shop.tombotto.ch\/fr\/wp-json\/wp\/v2\/product_cat?post=46072"},{"taxonomy":"product_tag","embeddable":true,"href":"https:\/\/shop.tombotto.ch\/fr\/wp-json\/wp\/v2\/product_tag?post=46072"}],"curies":[{"name":"wp","href":"https:\/\/api.w.org\/{rel}","templated":true}]}}