{"id":46073,"date":"2024-03-15T13:54:58","date_gmt":"2024-03-15T12:54:58","guid":{"rendered":"https:\/\/shop.tombotto.ch\/?post_type=product&#038;p=46073"},"modified":"2025-11-19T16:53:08","modified_gmt":"2025-11-19T15:53:08","slug":"trousse-bingo","status":"publish","type":"product","link":"https:\/\/shop.tombotto.ch\/fr\/shop\/trousse-bingo\/","title":{"rendered":"Trousse Loto\/Bingo"},"content":{"rendered":"<p>Un achat malin : simple, pratique et joli!<br \/>\nL\u2019\u00e9tui pour accessoires de loto avec un logo imprim\u00e9 tendance \u00ab Bingo \u00bb sur le devant. Un joli tr\u00e8fle \u00e0 quatre feuilles sur la fermeture \u00e9clair facilite l\u2019ouverture. La lani\u00e8re sur le c\u00f4t\u00e9 permet d\u2019emporter facilement la trousse partout. Doublure int\u00e9rieure en tissu lavable.<br \/>\n<em>La barre magn\u00e9tique et la plaquette de recouvrement sont disponibles s\u00e9par\u00e9ment.<\/em><\/p>\n","protected":false},"excerpt":{"rendered":"<p>Un achat malin : simple, pratique et joli! L\u2019\u00e9tui pour accessoires de loto avec un logo imprim\u00e9 tendance \u00ab Bingo \u00bb sur le devant. Un joli tr\u00e8fle \u00e0 quatre feuilles sur la fermeture \u00e9clair facilite l\u2019ouverture. La lani\u00e8re sur le c\u00f4t\u00e9 permet d\u2019emporter facilement la trousse partout. Doublure int\u00e9rieure en tissu lavable. La barre magn\u00e9tique [&hellip;]<\/p>\n","protected":false},"featured_media":59710,"template":"","meta":{"_acf_changed":false,"inline_featured_image":false},"product_brand":[],"product_cat":[4613],"product_tag":[5323,5324],"class_list":{"0":"post-46073","1":"product","2":"type-product","3":"status-publish","4":"has-post-thumbnail","6":"product_cat-accessoires-pour-joueurs","7":"product_tag-trousse-bingo","8":"product_tag-trousse-loto","10":"first","11":"instock","12":"taxable","13":"shipping-taxable","14":"purchasable","15":"product-type-simple"},"exclude_global_add_ons":[],"addons":[],"acf":[],"yoast_head":"<!-- This site is optimized with the Yoast SEO Premium plugin v27.4 (Yoast SEO v27.4) - https:\/\/yoast.com\/product\/yoast-seo-premium-wordpress\/ -->\n<title>\u00c9tui pour loto \u2022 sac pratique pour bingo contenant une baguette magn\u00e9tique et des plaquettes de couverture<\/title>\n<meta name=\"description\" content=\"L&#039;\u00e9tui Lotto est sans aucun doute un achat judicieux : simple, pratique et \u00e9l\u00e9gant ! La barre magn\u00e9tique, les plaquettes de recouvrement et les porte-bonheur sont tous rang\u00e9s au m\u00eame endroit \u2714\ufe0e\" \/>\n<meta name=\"robots\" content=\"index, follow, max-snippet:-1, max-image-preview:large, max-video-preview:-1\" \/>\n<link rel=\"canonical\" href=\"https:\/\/shop.tombotto.ch\/fr\/shop\/trousse-bingo\/\" \/>\n<meta property=\"og:locale\" content=\"fr_FR\" \/>\n<meta property=\"og:type\" content=\"article\" \/>\n<meta property=\"og:title\" content=\"Trousse Loto\/Bingo\" \/>\n<meta property=\"og:description\" content=\"L&#039;\u00e9tui Lotto est sans aucun doute un achat judicieux : simple, pratique et \u00e9l\u00e9gant ! La barre magn\u00e9tique, les plaquettes de recouvrement et les porte-bonheur sont tous rang\u00e9s au m\u00eame endroit \u2714\ufe0e\" \/>\n<meta property=\"og:url\" content=\"https:\/\/shop.tombotto.ch\/fr\/shop\/trousse-bingo\/\" \/>\n<meta property=\"og:site_name\" content=\"Tombotto\" \/>\n<meta property=\"article:modified_time\" content=\"2025-11-19T15:53:08+00:00\" \/>\n<meta property=\"og:image\" content=\"https:\/\/shop.tombotto.ch\/wp-content\/uploads\/2024\/03\/99919pk.jpg\" \/>\n\t<meta property=\"og:image:width\" content=\"800\" \/>\n\t<meta property=\"og:image:height\" content=\"678\" \/>\n\t<meta property=\"og:image:type\" content=\"image\/jpeg\" \/>\n<meta name=\"twitter:card\" content=\"summary_large_image\" \/>\n<meta name=\"twitter:label1\" content=\"Dur\u00e9e de lecture estim\u00e9e\" \/>\n\t<meta name=\"twitter:data1\" content=\"1 minute\" \/>\n<script type=\"application\/ld+json\" class=\"yoast-schema-graph\">{\"@context\":\"https:\\\/\\\/schema.org\",\"@graph\":[{\"@type\":\"WebPage\",\"@id\":\"https:\\\/\\\/shop.tombotto.ch\\\/fr\\\/shop\\\/trousse-bingo\\\/\",\"url\":\"https:\\\/\\\/shop.tombotto.ch\\\/fr\\\/shop\\\/trousse-bingo\\\/\",\"name\":\"\u00c9tui pour loto \u2022 sac pratique pour bingo contenant une baguette magn\u00e9tique et des plaquettes de couverture\",\"isPartOf\":{\"@id\":\"https:\\\/\\\/shop.tombotto.ch\\\/fr\\\/#website\"},\"primaryImageOfPage\":{\"@id\":\"https:\\\/\\\/shop.tombotto.ch\\\/fr\\\/shop\\\/trousse-bingo\\\/#primaryimage\"},\"image\":{\"@id\":\"https:\\\/\\\/shop.tombotto.ch\\\/fr\\\/shop\\\/trousse-bingo\\\/#primaryimage\"},\"thumbnailUrl\":\"https:\\\/\\\/shop.tombotto.ch\\\/wp-content\\\/uploads\\\/2024\\\/03\\\/99919pk.jpg\",\"datePublished\":\"2024-03-15T12:54:58+00:00\",\"dateModified\":\"2025-11-19T15:53:08+00:00\",\"description\":\"L'\u00e9tui Lotto est sans aucun doute un achat judicieux : simple, pratique et \u00e9l\u00e9gant ! La barre magn\u00e9tique, les plaquettes de recouvrement et les porte-bonheur sont tous rang\u00e9s au m\u00eame endroit \u2714\ufe0e\",\"breadcrumb\":{\"@id\":\"https:\\\/\\\/shop.tombotto.ch\\\/fr\\\/shop\\\/trousse-bingo\\\/#breadcrumb\"},\"inLanguage\":\"fr-FR\",\"potentialAction\":[{\"@type\":\"ReadAction\",\"target\":[\"https:\\\/\\\/shop.tombotto.ch\\\/fr\\\/shop\\\/trousse-bingo\\\/\"]}]},{\"@type\":\"ImageObject\",\"inLanguage\":\"fr-FR\",\"@id\":\"https:\\\/\\\/shop.tombotto.ch\\\/fr\\\/shop\\\/trousse-bingo\\\/#primaryimage\",\"url\":\"https:\\\/\\\/shop.tombotto.ch\\\/wp-content\\\/uploads\\\/2024\\\/03\\\/99919pk.jpg\",\"contentUrl\":\"https:\\\/\\\/shop.tombotto.ch\\\/wp-content\\\/uploads\\\/2024\\\/03\\\/99919pk.jpg\",\"width\":800,\"height\":678},{\"@type\":\"BreadcrumbList\",\"@id\":\"https:\\\/\\\/shop.tombotto.ch\\\/fr\\\/shop\\\/trousse-bingo\\\/#breadcrumb\",\"itemListElement\":[{\"@type\":\"ListItem\",\"position\":1,\"name\":\"Start\",\"item\":\"https:\\\/\\\/shop.tombotto.ch\\\/fr\\\/\"},{\"@type\":\"ListItem\",\"position\":2,\"name\":\"Shop\",\"item\":\"https:\\\/\\\/shop.tombotto.ch\\\/fr\\\/shop\\\/\"},{\"@type\":\"ListItem\",\"position\":3,\"name\":\"Trousse Loto\\\/Bingo\"}]},{\"@type\":\"WebSite\",\"@id\":\"https:\\\/\\\/shop.tombotto.ch\\\/fr\\\/#website\",\"url\":\"https:\\\/\\\/shop.tombotto.ch\\\/fr\\\/\",\"name\":\"Tombotto\",\"description\":\"Fest-, Event- &amp; Promotionsartikel\",\"publisher\":{\"@id\":\"https:\\\/\\\/shop.tombotto.ch\\\/fr\\\/#organization\"},\"potentialAction\":[{\"@type\":\"SearchAction\",\"target\":{\"@type\":\"EntryPoint\",\"urlTemplate\":\"https:\\\/\\\/shop.tombotto.ch\\\/fr\\\/?s={search_term_string}\"},\"query-input\":{\"@type\":\"PropertyValueSpecification\",\"valueRequired\":true,\"valueName\":\"search_term_string\"}}],\"inLanguage\":\"fr-FR\"},{\"@type\":\"Organization\",\"@id\":\"https:\\\/\\\/shop.tombotto.ch\\\/fr\\\/#organization\",\"name\":\"Tombotto\",\"url\":\"https:\\\/\\\/shop.tombotto.ch\\\/fr\\\/\",\"logo\":{\"@type\":\"ImageObject\",\"inLanguage\":\"fr-FR\",\"@id\":\"https:\\\/\\\/shop.tombotto.ch\\\/fr\\\/#\\\/schema\\\/logo\\\/image\\\/\",\"url\":\"https:\\\/\\\/shop.tombotto.ch\\\/wp-content\\\/uploads\\\/2023\\\/03\\\/logo.svg\",\"contentUrl\":\"https:\\\/\\\/shop.tombotto.ch\\\/wp-content\\\/uploads\\\/2023\\\/03\\\/logo.svg\",\"caption\":\"Tombotto\"},\"image\":{\"@id\":\"https:\\\/\\\/shop.tombotto.ch\\\/fr\\\/#\\\/schema\\\/logo\\\/image\\\/\"}}]}<\/script>\n<!-- \/ Yoast SEO Premium plugin. -->","yoast_head_json":{"title":"\u00c9tui pour loto \u2022 sac pratique pour bingo contenant une baguette magn\u00e9tique et des plaquettes de couverture","description":"L'\u00e9tui Lotto est sans aucun doute un achat judicieux : simple, pratique et \u00e9l\u00e9gant ! La barre magn\u00e9tique, les plaquettes de recouvrement et les porte-bonheur sont tous rang\u00e9s au m\u00eame endroit \u2714\ufe0e","robots":{"index":"index","follow":"follow","max-snippet":"max-snippet:-1","max-image-preview":"max-image-preview:large","max-video-preview":"max-video-preview:-1"},"canonical":"https:\/\/shop.tombotto.ch\/fr\/shop\/trousse-bingo\/","og_locale":"fr_FR","og_type":"article","og_title":"Trousse Loto\/Bingo","og_description":"L'\u00e9tui Lotto est sans aucun doute un achat judicieux : simple, pratique et \u00e9l\u00e9gant ! La barre magn\u00e9tique, les plaquettes de recouvrement et les porte-bonheur sont tous rang\u00e9s au m\u00eame endroit \u2714\ufe0e","og_url":"https:\/\/shop.tombotto.ch\/fr\/shop\/trousse-bingo\/","og_site_name":"Tombotto","article_modified_time":"2025-11-19T15:53:08+00:00","og_image":[{"width":800,"height":678,"url":"https:\/\/shop.tombotto.ch\/wp-content\/uploads\/2024\/03\/99919pk.jpg","type":"image\/jpeg"}],"twitter_card":"summary_large_image","twitter_misc":{"Dur\u00e9e de lecture estim\u00e9e":"1 minute"},"schema":{"@context":"https:\/\/schema.org","@graph":[{"@type":"WebPage","@id":"https:\/\/shop.tombotto.ch\/fr\/shop\/trousse-bingo\/","url":"https:\/\/shop.tombotto.ch\/fr\/shop\/trousse-bingo\/","name":"\u00c9tui pour loto \u2022 sac pratique pour bingo contenant une baguette magn\u00e9tique et des plaquettes de couverture","isPartOf":{"@id":"https:\/\/shop.tombotto.ch\/fr\/#website"},"primaryImageOfPage":{"@id":"https:\/\/shop.tombotto.ch\/fr\/shop\/trousse-bingo\/#primaryimage"},"image":{"@id":"https:\/\/shop.tombotto.ch\/fr\/shop\/trousse-bingo\/#primaryimage"},"thumbnailUrl":"https:\/\/shop.tombotto.ch\/wp-content\/uploads\/2024\/03\/99919pk.jpg","datePublished":"2024-03-15T12:54:58+00:00","dateModified":"2025-11-19T15:53:08+00:00","description":"L'\u00e9tui Lotto est sans aucun doute un achat judicieux : simple, pratique et \u00e9l\u00e9gant ! La barre magn\u00e9tique, les plaquettes de recouvrement et les porte-bonheur sont tous rang\u00e9s au m\u00eame endroit \u2714\ufe0e","breadcrumb":{"@id":"https:\/\/shop.tombotto.ch\/fr\/shop\/trousse-bingo\/#breadcrumb"},"inLanguage":"fr-FR","potentialAction":[{"@type":"ReadAction","target":["https:\/\/shop.tombotto.ch\/fr\/shop\/trousse-bingo\/"]}]},{"@type":"ImageObject","inLanguage":"fr-FR","@id":"https:\/\/shop.tombotto.ch\/fr\/shop\/trousse-bingo\/#primaryimage","url":"https:\/\/shop.tombotto.ch\/wp-content\/uploads\/2024\/03\/99919pk.jpg","contentUrl":"https:\/\/shop.tombotto.ch\/wp-content\/uploads\/2024\/03\/99919pk.jpg","width":800,"height":678},{"@type":"BreadcrumbList","@id":"https:\/\/shop.tombotto.ch\/fr\/shop\/trousse-bingo\/#breadcrumb","itemListElement":[{"@type":"ListItem","position":1,"name":"Start","item":"https:\/\/shop.tombotto.ch\/fr\/"},{"@type":"ListItem","position":2,"name":"Shop","item":"https:\/\/shop.tombotto.ch\/fr\/shop\/"},{"@type":"ListItem","position":3,"name":"Trousse Loto\/Bingo"}]},{"@type":"WebSite","@id":"https:\/\/shop.tombotto.ch\/fr\/#website","url":"https:\/\/shop.tombotto.ch\/fr\/","name":"Tombotto","description":"Fest-, Event- &amp; Promotionsartikel","publisher":{"@id":"https:\/\/shop.tombotto.ch\/fr\/#organization"},"potentialAction":[{"@type":"SearchAction","target":{"@type":"EntryPoint","urlTemplate":"https:\/\/shop.tombotto.ch\/fr\/?s={search_term_string}"},"query-input":{"@type":"PropertyValueSpecification","valueRequired":true,"valueName":"search_term_string"}}],"inLanguage":"fr-FR"},{"@type":"Organization","@id":"https:\/\/shop.tombotto.ch\/fr\/#organization","name":"Tombotto","url":"https:\/\/shop.tombotto.ch\/fr\/","logo":{"@type":"ImageObject","inLanguage":"fr-FR","@id":"https:\/\/shop.tombotto.ch\/fr\/#\/schema\/logo\/image\/","url":"https:\/\/shop.tombotto.ch\/wp-content\/uploads\/2023\/03\/logo.svg","contentUrl":"https:\/\/shop.tombotto.ch\/wp-content\/uploads\/2023\/03\/logo.svg","caption":"Tombotto"},"image":{"@id":"https:\/\/shop.tombotto.ch\/fr\/#\/schema\/logo\/image\/"}}]}},"tiered_pricing_type":"fixed","tiered_pricing_fixed_rules":[],"tiered_pricing_product_settings":{"layout":"default","base_unit_name":{"singular":null,"plural":null},"default_variation":null},"tiered_pricing_minimum_quantity":null,"tiered_pricing_roles_data":[],"tiered_pricing_percentage_rules":[],"tiered_pricing_maximum_quantity":null,"tiered_pricing_quantity_step":null,"_links":{"self":[{"href":"https:\/\/shop.tombotto.ch\/fr\/wp-json\/wp\/v2\/product\/46073","targetHints":{"allow":["GET"]}}],"collection":[{"href":"https:\/\/shop.tombotto.ch\/fr\/wp-json\/wp\/v2\/product"}],"about":[{"href":"https:\/\/shop.tombotto.ch\/fr\/wp-json\/wp\/v2\/types\/product"}],"wp:featuredmedia":[{"embeddable":true,"href":"https:\/\/shop.tombotto.ch\/fr\/wp-json\/wp\/v2\/media\/59710"}],"wp:attachment":[{"href":"https:\/\/shop.tombotto.ch\/fr\/wp-json\/wp\/v2\/media?parent=46073"}],"wp:term":[{"taxonomy":"product_brand","embeddable":true,"href":"https:\/\/shop.tombotto.ch\/fr\/wp-json\/wp\/v2\/product_brand?post=46073"},{"taxonomy":"product_cat","embeddable":true,"href":"https:\/\/shop.tombotto.ch\/fr\/wp-json\/wp\/v2\/product_cat?post=46073"},{"taxonomy":"product_tag","embeddable":true,"href":"https:\/\/shop.tombotto.ch\/fr\/wp-json\/wp\/v2\/product_tag?post=46073"}],"curies":[{"name":"wp","href":"https:\/\/api.w.org\/{rel}","templated":true}]}}