{"id":46100,"date":"2024-03-20T08:55:36","date_gmt":"2024-03-20T07:55:36","guid":{"rendered":"https:\/\/shop.tombotto.ch\/?post_type=product&#038;p=46100"},"modified":"2025-11-11T09:45:23","modified_gmt":"2025-11-11T08:45:23","slug":"electric-streamers-cannon-serpentins-rose","status":"publish","type":"product","link":"https:\/\/shop.tombotto.ch\/fr\/shop\/electric-streamers-cannon-serpentins-rose\/","title":{"rendered":"Electric Streamers Cannon 50 cm<br>Serpentins papier &#8211; rose"},"content":{"rendered":"<ul>\n<li>Canon\/Shooter \u00e9lectrique<\/li>\n<li>Ces canons ne peuvent pas \u00eatre d\u00e9clench\u00e9s manuellement!<\/li>\n<li>Longeur 50 cm, \u00d8 5 cm<\/li>\n<li>Serpentins en papier rose<\/li>\n<li>Mono usage<\/li>\n<li>Projection env. 12 m<\/li>\n<\/ul>\n<p>Confettis en papier MAGIC FX ignifuge (B1) de haute qualit\u00e9 pour un usage professionnel.<br \/>\nLes produits sont certifi\u00e9s OK biod\u00e9gradables T\u00dcV Austria.<\/p>\n<p><img decoding=\"async\" class=\"alignnone size-full wp-image-42629\" src=\"https:\/\/shop.tombotto.ch\/wp-content\/uploads\/2023\/05\/Label_Bio.jpg\" alt=\"\" width=\"229\" height=\"82\"><\/p>\n","protected":false},"excerpt":{"rendered":"<p>Canon\/Shooter \u00e9lectrique Ces canons ne peuvent pas \u00eatre d\u00e9clench\u00e9s manuellement! Longeur 50 cm, \u00d8 5 cm Serpentins en papier rose Mono usage Projection env. 12 m Confettis en papier MAGIC FX ignifuge (B1) de haute qualit\u00e9 pour un usage professionnel. Les produits sont certifi\u00e9s OK biod\u00e9gradables T\u00dcV Austria.<\/p>\n","protected":false},"featured_media":46102,"template":"","meta":{"_acf_changed":false,"inline_featured_image":false},"product_brand":[],"product_cat":[4689],"product_tag":[],"class_list":{"0":"post-46100","1":"product","2":"type-product","3":"status-publish","4":"has-post-thumbnail","6":"product_cat-50-cm-shooter-electroniques","8":"first","9":"instock","10":"taxable","11":"shipping-taxable","12":"purchasable","13":"product-type-simple"},"exclude_global_add_ons":[],"addons":[],"acf":[],"yoast_head":"<!-- This site is optimized with the Yoast SEO Premium plugin v27.4 (Yoast SEO v27.4) - https:\/\/yoast.com\/product\/yoast-seo-premium-wordpress\/ -->\n<title>Electric Streamers Cannon - Serpentins - rose<\/title>\n<meta name=\"description\" content=\"Canon \u00e0 confettis \u00e9lectronique rempli de serpentins en papier rose \u2714\ufe0f 50 cm, port\u00e9e de tir env. 12 m \u2714\ufe0f Commander en ligne - shop.tombotto\" \/>\n<meta name=\"robots\" content=\"index, follow, max-snippet:-1, max-image-preview:large, max-video-preview:-1\" \/>\n<link rel=\"canonical\" href=\"https:\/\/shop.tombotto.ch\/fr\/shop\/electric-streamers-cannon-serpentins-rose\/\" \/>\n<meta property=\"og:locale\" content=\"fr_FR\" \/>\n<meta property=\"og:type\" content=\"article\" \/>\n<meta property=\"og:title\" content=\"Electric Streamers Cannon 50 cmSerpentins papier - rose\" \/>\n<meta property=\"og:description\" content=\"Canon \u00e0 confettis \u00e9lectronique rempli de serpentins en papier rose \u2714\ufe0f 50 cm, port\u00e9e de tir env. 12 m \u2714\ufe0f Commander en ligne - shop.tombotto\" \/>\n<meta property=\"og:url\" content=\"https:\/\/shop.tombotto.ch\/fr\/shop\/electric-streamers-cannon-serpentins-rose\/\" \/>\n<meta property=\"og:site_name\" content=\"Tombotto\" \/>\n<meta property=\"article:modified_time\" content=\"2025-11-11T08:45:23+00:00\" \/>\n<meta property=\"og:image\" content=\"https:\/\/shop.tombotto.ch\/wp-content\/uploads\/2024\/03\/ES03PK.jpg\" \/>\n\t<meta property=\"og:image:width\" content=\"799\" \/>\n\t<meta property=\"og:image:height\" content=\"677\" \/>\n\t<meta property=\"og:image:type\" content=\"image\/jpeg\" \/>\n<meta name=\"twitter:card\" content=\"summary_large_image\" \/>\n<meta name=\"twitter:label1\" content=\"Dur\u00e9e de lecture estim\u00e9e\" \/>\n\t<meta name=\"twitter:data1\" content=\"1 minute\" \/>\n<script type=\"application\/ld+json\" class=\"yoast-schema-graph\">{\"@context\":\"https:\\\/\\\/schema.org\",\"@graph\":[{\"@type\":\"WebPage\",\"@id\":\"https:\\\/\\\/shop.tombotto.ch\\\/fr\\\/shop\\\/electric-streamers-cannon-serpentins-rose\\\/\",\"url\":\"https:\\\/\\\/shop.tombotto.ch\\\/fr\\\/shop\\\/electric-streamers-cannon-serpentins-rose\\\/\",\"name\":\"Electric Streamers Cannon - Serpentins - rose\",\"isPartOf\":{\"@id\":\"https:\\\/\\\/shop.tombotto.ch\\\/fr\\\/#website\"},\"primaryImageOfPage\":{\"@id\":\"https:\\\/\\\/shop.tombotto.ch\\\/fr\\\/shop\\\/electric-streamers-cannon-serpentins-rose\\\/#primaryimage\"},\"image\":{\"@id\":\"https:\\\/\\\/shop.tombotto.ch\\\/fr\\\/shop\\\/electric-streamers-cannon-serpentins-rose\\\/#primaryimage\"},\"thumbnailUrl\":\"https:\\\/\\\/shop.tombotto.ch\\\/wp-content\\\/uploads\\\/2024\\\/03\\\/ES03PK.jpg\",\"datePublished\":\"2024-03-20T07:55:36+00:00\",\"dateModified\":\"2025-11-11T08:45:23+00:00\",\"description\":\"Canon \u00e0 confettis \u00e9lectronique rempli de serpentins en papier rose \u2714\ufe0f 50 cm, port\u00e9e de tir env. 12 m \u2714\ufe0f Commander en ligne - shop.tombotto\",\"breadcrumb\":{\"@id\":\"https:\\\/\\\/shop.tombotto.ch\\\/fr\\\/shop\\\/electric-streamers-cannon-serpentins-rose\\\/#breadcrumb\"},\"inLanguage\":\"fr-FR\",\"potentialAction\":[{\"@type\":\"ReadAction\",\"target\":[\"https:\\\/\\\/shop.tombotto.ch\\\/fr\\\/shop\\\/electric-streamers-cannon-serpentins-rose\\\/\"]}]},{\"@type\":\"ImageObject\",\"inLanguage\":\"fr-FR\",\"@id\":\"https:\\\/\\\/shop.tombotto.ch\\\/fr\\\/shop\\\/electric-streamers-cannon-serpentins-rose\\\/#primaryimage\",\"url\":\"https:\\\/\\\/shop.tombotto.ch\\\/wp-content\\\/uploads\\\/2024\\\/03\\\/ES03PK.jpg\",\"contentUrl\":\"https:\\\/\\\/shop.tombotto.ch\\\/wp-content\\\/uploads\\\/2024\\\/03\\\/ES03PK.jpg\",\"width\":799,\"height\":677},{\"@type\":\"BreadcrumbList\",\"@id\":\"https:\\\/\\\/shop.tombotto.ch\\\/fr\\\/shop\\\/electric-streamers-cannon-serpentins-rose\\\/#breadcrumb\",\"itemListElement\":[{\"@type\":\"ListItem\",\"position\":1,\"name\":\"Start\",\"item\":\"https:\\\/\\\/shop.tombotto.ch\\\/fr\\\/\"},{\"@type\":\"ListItem\",\"position\":2,\"name\":\"Shop\",\"item\":\"https:\\\/\\\/shop.tombotto.ch\\\/fr\\\/shop\\\/\"},{\"@type\":\"ListItem\",\"position\":3,\"name\":\"Electric Streamers Cannon 50 cmSerpentins papier - rose\"}]},{\"@type\":\"WebSite\",\"@id\":\"https:\\\/\\\/shop.tombotto.ch\\\/fr\\\/#website\",\"url\":\"https:\\\/\\\/shop.tombotto.ch\\\/fr\\\/\",\"name\":\"Tombotto\",\"description\":\"Fest-, Event- &amp; Promotionsartikel\",\"publisher\":{\"@id\":\"https:\\\/\\\/shop.tombotto.ch\\\/fr\\\/#organization\"},\"potentialAction\":[{\"@type\":\"SearchAction\",\"target\":{\"@type\":\"EntryPoint\",\"urlTemplate\":\"https:\\\/\\\/shop.tombotto.ch\\\/fr\\\/?s={search_term_string}\"},\"query-input\":{\"@type\":\"PropertyValueSpecification\",\"valueRequired\":true,\"valueName\":\"search_term_string\"}}],\"inLanguage\":\"fr-FR\"},{\"@type\":\"Organization\",\"@id\":\"https:\\\/\\\/shop.tombotto.ch\\\/fr\\\/#organization\",\"name\":\"Tombotto\",\"url\":\"https:\\\/\\\/shop.tombotto.ch\\\/fr\\\/\",\"logo\":{\"@type\":\"ImageObject\",\"inLanguage\":\"fr-FR\",\"@id\":\"https:\\\/\\\/shop.tombotto.ch\\\/fr\\\/#\\\/schema\\\/logo\\\/image\\\/\",\"url\":\"https:\\\/\\\/shop.tombotto.ch\\\/wp-content\\\/uploads\\\/2023\\\/03\\\/logo.svg\",\"contentUrl\":\"https:\\\/\\\/shop.tombotto.ch\\\/wp-content\\\/uploads\\\/2023\\\/03\\\/logo.svg\",\"caption\":\"Tombotto\"},\"image\":{\"@id\":\"https:\\\/\\\/shop.tombotto.ch\\\/fr\\\/#\\\/schema\\\/logo\\\/image\\\/\"}}]}<\/script>\n<!-- \/ Yoast SEO Premium plugin. -->","yoast_head_json":{"title":"Electric Streamers Cannon - Serpentins - rose","description":"Canon \u00e0 confettis \u00e9lectronique rempli de serpentins en papier rose \u2714\ufe0f 50 cm, port\u00e9e de tir env. 12 m \u2714\ufe0f Commander en ligne - shop.tombotto","robots":{"index":"index","follow":"follow","max-snippet":"max-snippet:-1","max-image-preview":"max-image-preview:large","max-video-preview":"max-video-preview:-1"},"canonical":"https:\/\/shop.tombotto.ch\/fr\/shop\/electric-streamers-cannon-serpentins-rose\/","og_locale":"fr_FR","og_type":"article","og_title":"Electric Streamers Cannon 50 cmSerpentins papier - rose","og_description":"Canon \u00e0 confettis \u00e9lectronique rempli de serpentins en papier rose \u2714\ufe0f 50 cm, port\u00e9e de tir env. 12 m \u2714\ufe0f Commander en ligne - shop.tombotto","og_url":"https:\/\/shop.tombotto.ch\/fr\/shop\/electric-streamers-cannon-serpentins-rose\/","og_site_name":"Tombotto","article_modified_time":"2025-11-11T08:45:23+00:00","og_image":[{"width":799,"height":677,"url":"https:\/\/shop.tombotto.ch\/wp-content\/uploads\/2024\/03\/ES03PK.jpg","type":"image\/jpeg"}],"twitter_card":"summary_large_image","twitter_misc":{"Dur\u00e9e de lecture estim\u00e9e":"1 minute"},"schema":{"@context":"https:\/\/schema.org","@graph":[{"@type":"WebPage","@id":"https:\/\/shop.tombotto.ch\/fr\/shop\/electric-streamers-cannon-serpentins-rose\/","url":"https:\/\/shop.tombotto.ch\/fr\/shop\/electric-streamers-cannon-serpentins-rose\/","name":"Electric Streamers Cannon - Serpentins - rose","isPartOf":{"@id":"https:\/\/shop.tombotto.ch\/fr\/#website"},"primaryImageOfPage":{"@id":"https:\/\/shop.tombotto.ch\/fr\/shop\/electric-streamers-cannon-serpentins-rose\/#primaryimage"},"image":{"@id":"https:\/\/shop.tombotto.ch\/fr\/shop\/electric-streamers-cannon-serpentins-rose\/#primaryimage"},"thumbnailUrl":"https:\/\/shop.tombotto.ch\/wp-content\/uploads\/2024\/03\/ES03PK.jpg","datePublished":"2024-03-20T07:55:36+00:00","dateModified":"2025-11-11T08:45:23+00:00","description":"Canon \u00e0 confettis \u00e9lectronique rempli de serpentins en papier rose \u2714\ufe0f 50 cm, port\u00e9e de tir env. 12 m \u2714\ufe0f Commander en ligne - shop.tombotto","breadcrumb":{"@id":"https:\/\/shop.tombotto.ch\/fr\/shop\/electric-streamers-cannon-serpentins-rose\/#breadcrumb"},"inLanguage":"fr-FR","potentialAction":[{"@type":"ReadAction","target":["https:\/\/shop.tombotto.ch\/fr\/shop\/electric-streamers-cannon-serpentins-rose\/"]}]},{"@type":"ImageObject","inLanguage":"fr-FR","@id":"https:\/\/shop.tombotto.ch\/fr\/shop\/electric-streamers-cannon-serpentins-rose\/#primaryimage","url":"https:\/\/shop.tombotto.ch\/wp-content\/uploads\/2024\/03\/ES03PK.jpg","contentUrl":"https:\/\/shop.tombotto.ch\/wp-content\/uploads\/2024\/03\/ES03PK.jpg","width":799,"height":677},{"@type":"BreadcrumbList","@id":"https:\/\/shop.tombotto.ch\/fr\/shop\/electric-streamers-cannon-serpentins-rose\/#breadcrumb","itemListElement":[{"@type":"ListItem","position":1,"name":"Start","item":"https:\/\/shop.tombotto.ch\/fr\/"},{"@type":"ListItem","position":2,"name":"Shop","item":"https:\/\/shop.tombotto.ch\/fr\/shop\/"},{"@type":"ListItem","position":3,"name":"Electric Streamers Cannon 50 cmSerpentins papier - rose"}]},{"@type":"WebSite","@id":"https:\/\/shop.tombotto.ch\/fr\/#website","url":"https:\/\/shop.tombotto.ch\/fr\/","name":"Tombotto","description":"Fest-, Event- &amp; Promotionsartikel","publisher":{"@id":"https:\/\/shop.tombotto.ch\/fr\/#organization"},"potentialAction":[{"@type":"SearchAction","target":{"@type":"EntryPoint","urlTemplate":"https:\/\/shop.tombotto.ch\/fr\/?s={search_term_string}"},"query-input":{"@type":"PropertyValueSpecification","valueRequired":true,"valueName":"search_term_string"}}],"inLanguage":"fr-FR"},{"@type":"Organization","@id":"https:\/\/shop.tombotto.ch\/fr\/#organization","name":"Tombotto","url":"https:\/\/shop.tombotto.ch\/fr\/","logo":{"@type":"ImageObject","inLanguage":"fr-FR","@id":"https:\/\/shop.tombotto.ch\/fr\/#\/schema\/logo\/image\/","url":"https:\/\/shop.tombotto.ch\/wp-content\/uploads\/2023\/03\/logo.svg","contentUrl":"https:\/\/shop.tombotto.ch\/wp-content\/uploads\/2023\/03\/logo.svg","caption":"Tombotto"},"image":{"@id":"https:\/\/shop.tombotto.ch\/fr\/#\/schema\/logo\/image\/"}}]}},"tiered_pricing_type":"fixed","tiered_pricing_fixed_rules":{"20":"9.10"},"tiered_pricing_product_settings":{"layout":"default","base_unit_name":{"singular":null,"plural":null},"default_variation":null},"tiered_pricing_minimum_quantity":null,"tiered_pricing_roles_data":[],"tiered_pricing_percentage_rules":[],"tiered_pricing_maximum_quantity":null,"tiered_pricing_quantity_step":null,"_links":{"self":[{"href":"https:\/\/shop.tombotto.ch\/fr\/wp-json\/wp\/v2\/product\/46100","targetHints":{"allow":["GET"]}}],"collection":[{"href":"https:\/\/shop.tombotto.ch\/fr\/wp-json\/wp\/v2\/product"}],"about":[{"href":"https:\/\/shop.tombotto.ch\/fr\/wp-json\/wp\/v2\/types\/product"}],"wp:featuredmedia":[{"embeddable":true,"href":"https:\/\/shop.tombotto.ch\/fr\/wp-json\/wp\/v2\/media\/46102"}],"wp:attachment":[{"href":"https:\/\/shop.tombotto.ch\/fr\/wp-json\/wp\/v2\/media?parent=46100"}],"wp:term":[{"taxonomy":"product_brand","embeddable":true,"href":"https:\/\/shop.tombotto.ch\/fr\/wp-json\/wp\/v2\/product_brand?post=46100"},{"taxonomy":"product_cat","embeddable":true,"href":"https:\/\/shop.tombotto.ch\/fr\/wp-json\/wp\/v2\/product_cat?post=46100"},{"taxonomy":"product_tag","embeddable":true,"href":"https:\/\/shop.tombotto.ch\/fr\/wp-json\/wp\/v2\/product_tag?post=46100"}],"curies":[{"name":"wp","href":"https:\/\/api.w.org\/{rel}","templated":true}]}}