{"id":46112,"date":"2024-03-20T11:06:26","date_gmt":"2024-03-20T10:06:26","guid":{"rendered":"https:\/\/shop.tombotto.ch\/?post_type=product&#038;p=46112"},"modified":"2025-02-28T15:52:25","modified_gmt":"2025-02-28T14:52:25","slug":"concentre-de-mousse-neige","status":"publish","type":"product","link":"https:\/\/shop.tombotto.ch\/fr\/shop\/concentre-de-mousse-neige\/","title":{"rendered":"Concentr\u00e9 de mousse \/ neige 20 L"},"content":{"rendered":"<p>Ce concentr\u00e9 de mousse \/ neige a \u00e9t\u00e9 sp\u00e9cialement d\u00e9velopp\u00e9 par MAGIC FX\u00ae pour produire des effets de mousse et de neige les plus r\u00e9alistes et de la plus haute qualit\u00e9.<\/p>\n<p>Rapport du m\u00e9lange de mousse :<br \/>\n2,5% de concentr\u00e9 + 97,5% d&rsquo;eau = environ 800 litres de m\u00e9lange de mousse.<\/p>\n<p>Proportion de m\u00e9lange de neige :<br \/>\n15% de concentr\u00e9 + 85% d&rsquo;eau = environ 133,33 litres de m\u00e9lange de neige<\/p>\n","protected":false},"excerpt":{"rendered":"<p>20 litres<\/p>\n","protected":false},"featured_media":60588,"template":"","meta":{"_acf_changed":false,"inline_featured_image":false},"product_brand":[],"product_cat":[4687],"product_tag":[],"class_list":{"0":"post-46112","1":"product","2":"type-product","3":"status-publish","4":"has-post-thumbnail","6":"product_cat-fluides-liquides","8":"first","9":"instock","10":"taxable","11":"shipping-taxable","12":"purchasable","13":"product-type-simple"},"exclude_global_add_ons":[],"addons":[],"acf":[],"yoast_head":"<!-- This site is optimized with the Yoast SEO Premium plugin v27.4 (Yoast SEO v27.4) - https:\/\/yoast.com\/product\/yoast-seo-premium-wordpress\/ -->\n<title>Concentr\u00e9 de mousse \/ neige \u2022 tombotto<\/title>\n<meta name=\"description\" content=\"Ce concentr\u00e9 de mousse \/ neige a \u00e9t\u00e9 sp\u00e9cialement d\u00e9velopp\u00e9 pour produire des effets de mousse et de neige les plus r\u00e9alistes et de la plus haute qualit\u00e9 \u2714\ufe0e\" \/>\n<meta name=\"robots\" content=\"index, follow, max-snippet:-1, max-image-preview:large, max-video-preview:-1\" \/>\n<link rel=\"canonical\" href=\"https:\/\/shop.tombotto.ch\/fr\/shop\/concentre-de-mousse-neige\/\" \/>\n<meta property=\"og:locale\" content=\"fr_FR\" \/>\n<meta property=\"og:type\" content=\"article\" \/>\n<meta property=\"og:title\" content=\"Concentr\u00e9 de mousse \/ neige 20 L\" \/>\n<meta property=\"og:description\" content=\"Ce concentr\u00e9 de mousse \/ neige a \u00e9t\u00e9 sp\u00e9cialement d\u00e9velopp\u00e9 pour produire des effets de mousse et de neige les plus r\u00e9alistes et de la plus haute qualit\u00e9 \u2714\ufe0e\" \/>\n<meta property=\"og:url\" content=\"https:\/\/shop.tombotto.ch\/fr\/shop\/concentre-de-mousse-neige\/\" \/>\n<meta property=\"og:site_name\" content=\"Tombotto\" \/>\n<meta property=\"article:modified_time\" content=\"2025-02-28T14:52:25+00:00\" \/>\n<meta property=\"og:image\" content=\"https:\/\/shop.tombotto.ch\/wp-content\/uploads\/2024\/03\/tombotto-foam-snow-konzentrat.png\" \/>\n\t<meta property=\"og:image:width\" content=\"800\" \/>\n\t<meta property=\"og:image:height\" content=\"678\" \/>\n\t<meta property=\"og:image:type\" content=\"image\/png\" \/>\n<meta name=\"twitter:card\" content=\"summary_large_image\" \/>\n<meta name=\"twitter:label1\" content=\"Dur\u00e9e de lecture estim\u00e9e\" \/>\n\t<meta name=\"twitter:data1\" content=\"1 minute\" \/>\n<script type=\"application\/ld+json\" class=\"yoast-schema-graph\">{\"@context\":\"https:\\\/\\\/schema.org\",\"@graph\":[{\"@type\":\"WebPage\",\"@id\":\"https:\\\/\\\/shop.tombotto.ch\\\/fr\\\/shop\\\/concentre-de-mousse-neige\\\/\",\"url\":\"https:\\\/\\\/shop.tombotto.ch\\\/fr\\\/shop\\\/concentre-de-mousse-neige\\\/\",\"name\":\"Concentr\u00e9 de mousse \\\/ neige \u2022 tombotto\",\"isPartOf\":{\"@id\":\"https:\\\/\\\/shop.tombotto.ch\\\/fr\\\/#website\"},\"primaryImageOfPage\":{\"@id\":\"https:\\\/\\\/shop.tombotto.ch\\\/fr\\\/shop\\\/concentre-de-mousse-neige\\\/#primaryimage\"},\"image\":{\"@id\":\"https:\\\/\\\/shop.tombotto.ch\\\/fr\\\/shop\\\/concentre-de-mousse-neige\\\/#primaryimage\"},\"thumbnailUrl\":\"https:\\\/\\\/shop.tombotto.ch\\\/wp-content\\\/uploads\\\/2024\\\/03\\\/MFX3051.png\",\"datePublished\":\"2024-03-20T10:06:26+00:00\",\"dateModified\":\"2025-02-28T14:52:25+00:00\",\"description\":\"Ce concentr\u00e9 de mousse \\\/ neige a \u00e9t\u00e9 sp\u00e9cialement d\u00e9velopp\u00e9 pour produire des effets de mousse et de neige les plus r\u00e9alistes et de la plus haute qualit\u00e9 \u2714\ufe0e\",\"breadcrumb\":{\"@id\":\"https:\\\/\\\/shop.tombotto.ch\\\/fr\\\/shop\\\/concentre-de-mousse-neige\\\/#breadcrumb\"},\"inLanguage\":\"fr-FR\",\"potentialAction\":[{\"@type\":\"ReadAction\",\"target\":[\"https:\\\/\\\/shop.tombotto.ch\\\/fr\\\/shop\\\/concentre-de-mousse-neige\\\/\"]}]},{\"@type\":\"ImageObject\",\"inLanguage\":\"fr-FR\",\"@id\":\"https:\\\/\\\/shop.tombotto.ch\\\/fr\\\/shop\\\/concentre-de-mousse-neige\\\/#primaryimage\",\"url\":\"https:\\\/\\\/shop.tombotto.ch\\\/wp-content\\\/uploads\\\/2024\\\/03\\\/MFX3051.png\",\"contentUrl\":\"https:\\\/\\\/shop.tombotto.ch\\\/wp-content\\\/uploads\\\/2024\\\/03\\\/MFX3051.png\",\"width\":800,\"height\":678},{\"@type\":\"BreadcrumbList\",\"@id\":\"https:\\\/\\\/shop.tombotto.ch\\\/fr\\\/shop\\\/concentre-de-mousse-neige\\\/#breadcrumb\",\"itemListElement\":[{\"@type\":\"ListItem\",\"position\":1,\"name\":\"Start\",\"item\":\"https:\\\/\\\/shop.tombotto.ch\\\/fr\\\/\"},{\"@type\":\"ListItem\",\"position\":2,\"name\":\"Shop\",\"item\":\"https:\\\/\\\/shop.tombotto.ch\\\/fr\\\/shop\\\/\"},{\"@type\":\"ListItem\",\"position\":3,\"name\":\"Concentr\u00e9 de mousse \\\/ neige 20 L\"}]},{\"@type\":\"WebSite\",\"@id\":\"https:\\\/\\\/shop.tombotto.ch\\\/fr\\\/#website\",\"url\":\"https:\\\/\\\/shop.tombotto.ch\\\/fr\\\/\",\"name\":\"Tombotto\",\"description\":\"Fest-, Event- &amp; Promotionsartikel\",\"publisher\":{\"@id\":\"https:\\\/\\\/shop.tombotto.ch\\\/fr\\\/#organization\"},\"potentialAction\":[{\"@type\":\"SearchAction\",\"target\":{\"@type\":\"EntryPoint\",\"urlTemplate\":\"https:\\\/\\\/shop.tombotto.ch\\\/fr\\\/?s={search_term_string}\"},\"query-input\":{\"@type\":\"PropertyValueSpecification\",\"valueRequired\":true,\"valueName\":\"search_term_string\"}}],\"inLanguage\":\"fr-FR\"},{\"@type\":\"Organization\",\"@id\":\"https:\\\/\\\/shop.tombotto.ch\\\/fr\\\/#organization\",\"name\":\"Tombotto\",\"url\":\"https:\\\/\\\/shop.tombotto.ch\\\/fr\\\/\",\"logo\":{\"@type\":\"ImageObject\",\"inLanguage\":\"fr-FR\",\"@id\":\"https:\\\/\\\/shop.tombotto.ch\\\/fr\\\/#\\\/schema\\\/logo\\\/image\\\/\",\"url\":\"https:\\\/\\\/shop.tombotto.ch\\\/wp-content\\\/uploads\\\/2023\\\/03\\\/logo.svg\",\"contentUrl\":\"https:\\\/\\\/shop.tombotto.ch\\\/wp-content\\\/uploads\\\/2023\\\/03\\\/logo.svg\",\"caption\":\"Tombotto\"},\"image\":{\"@id\":\"https:\\\/\\\/shop.tombotto.ch\\\/fr\\\/#\\\/schema\\\/logo\\\/image\\\/\"}}]}<\/script>\n<!-- \/ Yoast SEO Premium plugin. -->","yoast_head_json":{"title":"Concentr\u00e9 de mousse \/ neige \u2022 tombotto","description":"Ce concentr\u00e9 de mousse \/ neige a \u00e9t\u00e9 sp\u00e9cialement d\u00e9velopp\u00e9 pour produire des effets de mousse et de neige les plus r\u00e9alistes et de la plus haute qualit\u00e9 \u2714\ufe0e","robots":{"index":"index","follow":"follow","max-snippet":"max-snippet:-1","max-image-preview":"max-image-preview:large","max-video-preview":"max-video-preview:-1"},"canonical":"https:\/\/shop.tombotto.ch\/fr\/shop\/concentre-de-mousse-neige\/","og_locale":"fr_FR","og_type":"article","og_title":"Concentr\u00e9 de mousse \/ neige 20 L","og_description":"Ce concentr\u00e9 de mousse \/ neige a \u00e9t\u00e9 sp\u00e9cialement d\u00e9velopp\u00e9 pour produire des effets de mousse et de neige les plus r\u00e9alistes et de la plus haute qualit\u00e9 \u2714\ufe0e","og_url":"https:\/\/shop.tombotto.ch\/fr\/shop\/concentre-de-mousse-neige\/","og_site_name":"Tombotto","article_modified_time":"2025-02-28T14:52:25+00:00","og_image":[{"width":800,"height":678,"url":"https:\/\/shop.tombotto.ch\/wp-content\/uploads\/2024\/03\/tombotto-foam-snow-konzentrat.png","type":"image\/png"}],"twitter_card":"summary_large_image","twitter_misc":{"Dur\u00e9e de lecture estim\u00e9e":"1 minute"},"schema":{"@context":"https:\/\/schema.org","@graph":[{"@type":"WebPage","@id":"https:\/\/shop.tombotto.ch\/fr\/shop\/concentre-de-mousse-neige\/","url":"https:\/\/shop.tombotto.ch\/fr\/shop\/concentre-de-mousse-neige\/","name":"Concentr\u00e9 de mousse \/ neige \u2022 tombotto","isPartOf":{"@id":"https:\/\/shop.tombotto.ch\/fr\/#website"},"primaryImageOfPage":{"@id":"https:\/\/shop.tombotto.ch\/fr\/shop\/concentre-de-mousse-neige\/#primaryimage"},"image":{"@id":"https:\/\/shop.tombotto.ch\/fr\/shop\/concentre-de-mousse-neige\/#primaryimage"},"thumbnailUrl":"https:\/\/shop.tombotto.ch\/wp-content\/uploads\/2024\/03\/MFX3051.png","datePublished":"2024-03-20T10:06:26+00:00","dateModified":"2025-02-28T14:52:25+00:00","description":"Ce concentr\u00e9 de mousse \/ neige a \u00e9t\u00e9 sp\u00e9cialement d\u00e9velopp\u00e9 pour produire des effets de mousse et de neige les plus r\u00e9alistes et de la plus haute qualit\u00e9 \u2714\ufe0e","breadcrumb":{"@id":"https:\/\/shop.tombotto.ch\/fr\/shop\/concentre-de-mousse-neige\/#breadcrumb"},"inLanguage":"fr-FR","potentialAction":[{"@type":"ReadAction","target":["https:\/\/shop.tombotto.ch\/fr\/shop\/concentre-de-mousse-neige\/"]}]},{"@type":"ImageObject","inLanguage":"fr-FR","@id":"https:\/\/shop.tombotto.ch\/fr\/shop\/concentre-de-mousse-neige\/#primaryimage","url":"https:\/\/shop.tombotto.ch\/wp-content\/uploads\/2024\/03\/MFX3051.png","contentUrl":"https:\/\/shop.tombotto.ch\/wp-content\/uploads\/2024\/03\/MFX3051.png","width":800,"height":678},{"@type":"BreadcrumbList","@id":"https:\/\/shop.tombotto.ch\/fr\/shop\/concentre-de-mousse-neige\/#breadcrumb","itemListElement":[{"@type":"ListItem","position":1,"name":"Start","item":"https:\/\/shop.tombotto.ch\/fr\/"},{"@type":"ListItem","position":2,"name":"Shop","item":"https:\/\/shop.tombotto.ch\/fr\/shop\/"},{"@type":"ListItem","position":3,"name":"Concentr\u00e9 de mousse \/ neige 20 L"}]},{"@type":"WebSite","@id":"https:\/\/shop.tombotto.ch\/fr\/#website","url":"https:\/\/shop.tombotto.ch\/fr\/","name":"Tombotto","description":"Fest-, Event- &amp; Promotionsartikel","publisher":{"@id":"https:\/\/shop.tombotto.ch\/fr\/#organization"},"potentialAction":[{"@type":"SearchAction","target":{"@type":"EntryPoint","urlTemplate":"https:\/\/shop.tombotto.ch\/fr\/?s={search_term_string}"},"query-input":{"@type":"PropertyValueSpecification","valueRequired":true,"valueName":"search_term_string"}}],"inLanguage":"fr-FR"},{"@type":"Organization","@id":"https:\/\/shop.tombotto.ch\/fr\/#organization","name":"Tombotto","url":"https:\/\/shop.tombotto.ch\/fr\/","logo":{"@type":"ImageObject","inLanguage":"fr-FR","@id":"https:\/\/shop.tombotto.ch\/fr\/#\/schema\/logo\/image\/","url":"https:\/\/shop.tombotto.ch\/wp-content\/uploads\/2023\/03\/logo.svg","contentUrl":"https:\/\/shop.tombotto.ch\/wp-content\/uploads\/2023\/03\/logo.svg","caption":"Tombotto"},"image":{"@id":"https:\/\/shop.tombotto.ch\/fr\/#\/schema\/logo\/image\/"}}]}},"tiered_pricing_type":"fixed","tiered_pricing_fixed_rules":[],"tiered_pricing_product_settings":{"layout":"default","base_unit_name":{"singular":null,"plural":null},"default_variation":null},"tiered_pricing_minimum_quantity":null,"tiered_pricing_roles_data":[],"tiered_pricing_percentage_rules":[],"tiered_pricing_maximum_quantity":null,"tiered_pricing_quantity_step":null,"_links":{"self":[{"href":"https:\/\/shop.tombotto.ch\/fr\/wp-json\/wp\/v2\/product\/46112","targetHints":{"allow":["GET"]}}],"collection":[{"href":"https:\/\/shop.tombotto.ch\/fr\/wp-json\/wp\/v2\/product"}],"about":[{"href":"https:\/\/shop.tombotto.ch\/fr\/wp-json\/wp\/v2\/types\/product"}],"wp:featuredmedia":[{"embeddable":true,"href":"https:\/\/shop.tombotto.ch\/fr\/wp-json\/wp\/v2\/media\/60588"}],"wp:attachment":[{"href":"https:\/\/shop.tombotto.ch\/fr\/wp-json\/wp\/v2\/media?parent=46112"}],"wp:term":[{"taxonomy":"product_brand","embeddable":true,"href":"https:\/\/shop.tombotto.ch\/fr\/wp-json\/wp\/v2\/product_brand?post=46112"},{"taxonomy":"product_cat","embeddable":true,"href":"https:\/\/shop.tombotto.ch\/fr\/wp-json\/wp\/v2\/product_cat?post=46112"},{"taxonomy":"product_tag","embeddable":true,"href":"https:\/\/shop.tombotto.ch\/fr\/wp-json\/wp\/v2\/product_tag?post=46112"}],"curies":[{"name":"wp","href":"https:\/\/api.w.org\/{rel}","templated":true}]}}