{"id":46658,"date":"2024-04-18T11:34:59","date_gmt":"2024-04-18T09:34:59","guid":{"rendered":"https:\/\/shop.tombotto.ch\/?post_type=product&#038;p=46658"},"modified":"2026-03-20T17:17:41","modified_gmt":"2026-03-20T16:17:41","slug":"magic-fx-stadiumblower","status":"publish","type":"product","link":"https:\/\/shop.tombotto.ch\/fr\/shop\/magic-fx-stadiumblower\/","title":{"rendered":"MAGIC FX\u00ae STADIUMBLOWER"},"content":{"rendered":"<p>Der Stadiumblower von Magic FX ist ein vollelektrisches Konfetti-Gebl\u00e4se mit automatischem Konfetti-Dosiersystem. Die Steuerung \u00fcber DMX ist m\u00f6glich. Perfekt f\u00fcr Konzerte und Tourneen, denn es sind keine CO2-Flaschen oder zus\u00e4tzliche Bediener erforderlich! Der Stadiumblower von Magic FX bl\u00e4st Konfetti bis zu 15 Meter weit.<\/p>\n<ul>\n<li>Power 230 V \/ 1400 W<\/li>\n<li>Gr\u00f6sse 80 x 60 x 131,5 cm<\/li>\n<li>Gewicht 104 kg<\/li>\n<li>Steuerung DMX oder manuell<\/li>\n<li>2 Kammern f\u00fcr unterschiedliche F\u00fcllungen<\/li>\n<li>Verbrauch Konfetti 2 bis 4 kg\/min<\/li>\n<li>Kapazit\u00e4t 2 bis 3 kg je Kammer<\/li>\n<li>Anschluss Powercon True1 (Kabel nicht inbegriffen)<\/li>\n<li>Garantiefrist 3 Jahre<\/li>\n<\/ul>\n<p><a href=\"https:\/\/www.youtube.com\/watch?v=_k7x9TSzKts\" target=\"_blank\" rel=\"noopener\">Video<\/a><\/p>\n<p class=\"no_margin\"><a href=\"https:\/\/shop.tombotto.ch\/wp-content\/uploads\/2025\/02\/MAGICFX_STADIUMBLOWER_MANUAL.pdf\" target=\"_blank\" rel=\"noopener noreferrer\">Bedienungsanleitung<\/a><\/p>\n<p>\ud83d\udc49 <a href=\"https:\/\/shop.tombotto.ch\/fr\/categorie-produit\/confettis-cie\/confetti-en-papier\/\" target=\"_blank\" rel=\"noopener noreferrer\">Zur Auswahl der Konfettiprodukte<\/a> \ud83d\uded2<\/p>\n<p>Zur Gew\u00e4hrleistung der Garantiefrist von 3 Jahren ist dieser Artikel auftragsbezogen und die Lieferfrist kann rund 2 Wochen betragen.<\/p>\n<p class=\"no_margin\">Fragen Sie nach dem aktuellen Lieferstatus &#8211;\u00a0<a href=\"mailto:info@tombotto.ch?subject=Lieferstatus Stadiumblower\">info@tombotto.ch<\/a><\/p>\n","protected":false},"excerpt":{"rendered":"<p>Der Stadiumblower von Magic FX ist ein vollelektrisches Konfetti-Gebl\u00e4se mit automatischem Konfetti-Dosiersystem. Die Steuerung \u00fcber DMX ist m\u00f6glich. Perfekt f\u00fcr Konzerte und Tourneen, denn es sind keine CO2-Flaschen oder zus\u00e4tzliche Bediener erforderlich! Der Stadiumblower von Magic FX bl\u00e4st Konfetti bis zu 15 Meter weit. Power 230 V \/ 1400 W Gr\u00f6sse 80 x 60 x [&hellip;]<\/p>\n","protected":false},"featured_media":60551,"template":"","meta":{"_acf_changed":false,"inline_featured_image":false},"product_brand":[],"product_cat":[4772],"product_tag":[],"class_list":{"0":"post-46658","1":"product","2":"type-product","3":"status-publish","4":"has-post-thumbnail","6":"product_cat-confetti","8":"first","9":"instock","10":"taxable","11":"shipping-taxable","12":"purchasable","13":"product-type-simple"},"exclude_global_add_ons":[],"addons":[],"acf":[],"yoast_head":"<!-- This site is optimized with the Yoast SEO Premium plugin v27.4 (Yoast SEO v27.4) - https:\/\/yoast.com\/product\/yoast-seo-premium-wordpress\/ -->\n<title>Stadiumblower MAGIC FX\u00ae \u2022 vollelektrisches Konfetti-Gebl\u00e4se<\/title>\n<meta name=\"description\" content=\"Der MAGIC FX Stadiumblower ist ein vollelektisches Konfetti-Gebl\u00e4se mit Konfetti-Dosiersystem \u2714\ufe0e Der Stadiumblower bl\u00e4st Konfetti bis zu 15 Meter weit \ud83c\udf89\" \/>\n<meta name=\"robots\" content=\"index, follow, max-snippet:-1, max-image-preview:large, max-video-preview:-1\" \/>\n<link rel=\"canonical\" href=\"https:\/\/shop.tombotto.ch\/fr\/shop\/magic-fx-stadiumblower\/\" \/>\n<meta property=\"og:locale\" content=\"fr_FR\" \/>\n<meta property=\"og:type\" content=\"article\" \/>\n<meta property=\"og:title\" content=\"MAGIC FX\u00ae STADIUMBLOWER\" \/>\n<meta property=\"og:description\" content=\"Der MAGIC FX Stadiumblower ist ein vollelektisches Konfetti-Gebl\u00e4se mit Konfetti-Dosiersystem \u2714\ufe0e Der Stadiumblower bl\u00e4st Konfetti bis zu 15 Meter weit \ud83c\udf89\" \/>\n<meta property=\"og:url\" content=\"https:\/\/shop.tombotto.ch\/fr\/shop\/magic-fx-stadiumblower\/\" \/>\n<meta property=\"og:site_name\" content=\"Tombotto\" \/>\n<meta property=\"article:modified_time\" content=\"2026-03-20T16:17:41+00:00\" \/>\n<meta property=\"og:image\" content=\"https:\/\/shop.tombotto.ch\/wp-content\/uploads\/2024\/04\/StadiumBlower.png\" \/>\n\t<meta property=\"og:image:width\" content=\"800\" \/>\n\t<meta property=\"og:image:height\" content=\"678\" \/>\n\t<meta property=\"og:image:type\" content=\"image\/png\" \/>\n<meta name=\"twitter:card\" content=\"summary_large_image\" \/>\n<meta name=\"twitter:label1\" content=\"Dur\u00e9e de lecture estim\u00e9e\" \/>\n\t<meta name=\"twitter:data1\" content=\"1 minute\" \/>\n<script type=\"application\/ld+json\" class=\"yoast-schema-graph\">{\"@context\":\"https:\\\/\\\/schema.org\",\"@graph\":[{\"@type\":\"WebPage\",\"@id\":\"https:\\\/\\\/shop.tombotto.ch\\\/fr\\\/shop\\\/magic-fx-stadiumblower\\\/\",\"url\":\"https:\\\/\\\/shop.tombotto.ch\\\/fr\\\/shop\\\/magic-fx-stadiumblower\\\/\",\"name\":\"Stadiumblower MAGIC FX\u00ae \u2022 vollelektrisches Konfetti-Gebl\u00e4se\",\"isPartOf\":{\"@id\":\"https:\\\/\\\/shop.tombotto.ch\\\/fr\\\/#website\"},\"primaryImageOfPage\":{\"@id\":\"https:\\\/\\\/shop.tombotto.ch\\\/fr\\\/shop\\\/magic-fx-stadiumblower\\\/#primaryimage\"},\"image\":{\"@id\":\"https:\\\/\\\/shop.tombotto.ch\\\/fr\\\/shop\\\/magic-fx-stadiumblower\\\/#primaryimage\"},\"thumbnailUrl\":\"https:\\\/\\\/shop.tombotto.ch\\\/wp-content\\\/uploads\\\/2024\\\/04\\\/StadiumBlower.png\",\"datePublished\":\"2024-04-18T09:34:59+00:00\",\"dateModified\":\"2026-03-20T16:17:41+00:00\",\"description\":\"Der MAGIC FX Stadiumblower ist ein vollelektisches Konfetti-Gebl\u00e4se mit Konfetti-Dosiersystem \u2714\ufe0e Der Stadiumblower bl\u00e4st Konfetti bis zu 15 Meter weit \ud83c\udf89\",\"breadcrumb\":{\"@id\":\"https:\\\/\\\/shop.tombotto.ch\\\/fr\\\/shop\\\/magic-fx-stadiumblower\\\/#breadcrumb\"},\"inLanguage\":\"fr-FR\",\"potentialAction\":[{\"@type\":\"ReadAction\",\"target\":[\"https:\\\/\\\/shop.tombotto.ch\\\/fr\\\/shop\\\/magic-fx-stadiumblower\\\/\"]}]},{\"@type\":\"ImageObject\",\"inLanguage\":\"fr-FR\",\"@id\":\"https:\\\/\\\/shop.tombotto.ch\\\/fr\\\/shop\\\/magic-fx-stadiumblower\\\/#primaryimage\",\"url\":\"https:\\\/\\\/shop.tombotto.ch\\\/wp-content\\\/uploads\\\/2024\\\/04\\\/StadiumBlower.png\",\"contentUrl\":\"https:\\\/\\\/shop.tombotto.ch\\\/wp-content\\\/uploads\\\/2024\\\/04\\\/StadiumBlower.png\",\"width\":800,\"height\":678},{\"@type\":\"BreadcrumbList\",\"@id\":\"https:\\\/\\\/shop.tombotto.ch\\\/fr\\\/shop\\\/magic-fx-stadiumblower\\\/#breadcrumb\",\"itemListElement\":[{\"@type\":\"ListItem\",\"position\":1,\"name\":\"Start\",\"item\":\"https:\\\/\\\/shop.tombotto.ch\\\/fr\\\/\"},{\"@type\":\"ListItem\",\"position\":2,\"name\":\"Shop\",\"item\":\"https:\\\/\\\/shop.tombotto.ch\\\/fr\\\/shop\\\/\"},{\"@type\":\"ListItem\",\"position\":3,\"name\":\"MAGIC FX\u00ae STADIUMBLOWER\"}]},{\"@type\":\"WebSite\",\"@id\":\"https:\\\/\\\/shop.tombotto.ch\\\/fr\\\/#website\",\"url\":\"https:\\\/\\\/shop.tombotto.ch\\\/fr\\\/\",\"name\":\"Tombotto\",\"description\":\"Fest-, Event- &amp; Promotionsartikel\",\"publisher\":{\"@id\":\"https:\\\/\\\/shop.tombotto.ch\\\/fr\\\/#organization\"},\"potentialAction\":[{\"@type\":\"SearchAction\",\"target\":{\"@type\":\"EntryPoint\",\"urlTemplate\":\"https:\\\/\\\/shop.tombotto.ch\\\/fr\\\/?s={search_term_string}\"},\"query-input\":{\"@type\":\"PropertyValueSpecification\",\"valueRequired\":true,\"valueName\":\"search_term_string\"}}],\"inLanguage\":\"fr-FR\"},{\"@type\":\"Organization\",\"@id\":\"https:\\\/\\\/shop.tombotto.ch\\\/fr\\\/#organization\",\"name\":\"Tombotto\",\"url\":\"https:\\\/\\\/shop.tombotto.ch\\\/fr\\\/\",\"logo\":{\"@type\":\"ImageObject\",\"inLanguage\":\"fr-FR\",\"@id\":\"https:\\\/\\\/shop.tombotto.ch\\\/fr\\\/#\\\/schema\\\/logo\\\/image\\\/\",\"url\":\"https:\\\/\\\/shop.tombotto.ch\\\/wp-content\\\/uploads\\\/2023\\\/03\\\/logo.svg\",\"contentUrl\":\"https:\\\/\\\/shop.tombotto.ch\\\/wp-content\\\/uploads\\\/2023\\\/03\\\/logo.svg\",\"caption\":\"Tombotto\"},\"image\":{\"@id\":\"https:\\\/\\\/shop.tombotto.ch\\\/fr\\\/#\\\/schema\\\/logo\\\/image\\\/\"}}]}<\/script>\n<!-- \/ Yoast SEO Premium plugin. -->","yoast_head_json":{"title":"Stadiumblower MAGIC FX\u00ae \u2022 vollelektrisches Konfetti-Gebl\u00e4se","description":"Der MAGIC FX Stadiumblower ist ein vollelektisches Konfetti-Gebl\u00e4se mit Konfetti-Dosiersystem \u2714\ufe0e Der Stadiumblower bl\u00e4st Konfetti bis zu 15 Meter weit \ud83c\udf89","robots":{"index":"index","follow":"follow","max-snippet":"max-snippet:-1","max-image-preview":"max-image-preview:large","max-video-preview":"max-video-preview:-1"},"canonical":"https:\/\/shop.tombotto.ch\/fr\/shop\/magic-fx-stadiumblower\/","og_locale":"fr_FR","og_type":"article","og_title":"MAGIC FX\u00ae STADIUMBLOWER","og_description":"Der MAGIC FX Stadiumblower ist ein vollelektisches Konfetti-Gebl\u00e4se mit Konfetti-Dosiersystem \u2714\ufe0e Der Stadiumblower bl\u00e4st Konfetti bis zu 15 Meter weit \ud83c\udf89","og_url":"https:\/\/shop.tombotto.ch\/fr\/shop\/magic-fx-stadiumblower\/","og_site_name":"Tombotto","article_modified_time":"2026-03-20T16:17:41+00:00","og_image":[{"width":800,"height":678,"url":"https:\/\/shop.tombotto.ch\/wp-content\/uploads\/2024\/04\/StadiumBlower.png","type":"image\/png"}],"twitter_card":"summary_large_image","twitter_misc":{"Dur\u00e9e de lecture estim\u00e9e":"1 minute"},"schema":{"@context":"https:\/\/schema.org","@graph":[{"@type":"WebPage","@id":"https:\/\/shop.tombotto.ch\/fr\/shop\/magic-fx-stadiumblower\/","url":"https:\/\/shop.tombotto.ch\/fr\/shop\/magic-fx-stadiumblower\/","name":"Stadiumblower MAGIC FX\u00ae \u2022 vollelektrisches Konfetti-Gebl\u00e4se","isPartOf":{"@id":"https:\/\/shop.tombotto.ch\/fr\/#website"},"primaryImageOfPage":{"@id":"https:\/\/shop.tombotto.ch\/fr\/shop\/magic-fx-stadiumblower\/#primaryimage"},"image":{"@id":"https:\/\/shop.tombotto.ch\/fr\/shop\/magic-fx-stadiumblower\/#primaryimage"},"thumbnailUrl":"https:\/\/shop.tombotto.ch\/wp-content\/uploads\/2024\/04\/StadiumBlower.png","datePublished":"2024-04-18T09:34:59+00:00","dateModified":"2026-03-20T16:17:41+00:00","description":"Der MAGIC FX Stadiumblower ist ein vollelektisches Konfetti-Gebl\u00e4se mit Konfetti-Dosiersystem \u2714\ufe0e Der Stadiumblower bl\u00e4st Konfetti bis zu 15 Meter weit \ud83c\udf89","breadcrumb":{"@id":"https:\/\/shop.tombotto.ch\/fr\/shop\/magic-fx-stadiumblower\/#breadcrumb"},"inLanguage":"fr-FR","potentialAction":[{"@type":"ReadAction","target":["https:\/\/shop.tombotto.ch\/fr\/shop\/magic-fx-stadiumblower\/"]}]},{"@type":"ImageObject","inLanguage":"fr-FR","@id":"https:\/\/shop.tombotto.ch\/fr\/shop\/magic-fx-stadiumblower\/#primaryimage","url":"https:\/\/shop.tombotto.ch\/wp-content\/uploads\/2024\/04\/StadiumBlower.png","contentUrl":"https:\/\/shop.tombotto.ch\/wp-content\/uploads\/2024\/04\/StadiumBlower.png","width":800,"height":678},{"@type":"BreadcrumbList","@id":"https:\/\/shop.tombotto.ch\/fr\/shop\/magic-fx-stadiumblower\/#breadcrumb","itemListElement":[{"@type":"ListItem","position":1,"name":"Start","item":"https:\/\/shop.tombotto.ch\/fr\/"},{"@type":"ListItem","position":2,"name":"Shop","item":"https:\/\/shop.tombotto.ch\/fr\/shop\/"},{"@type":"ListItem","position":3,"name":"MAGIC FX\u00ae STADIUMBLOWER"}]},{"@type":"WebSite","@id":"https:\/\/shop.tombotto.ch\/fr\/#website","url":"https:\/\/shop.tombotto.ch\/fr\/","name":"Tombotto","description":"Fest-, Event- &amp; Promotionsartikel","publisher":{"@id":"https:\/\/shop.tombotto.ch\/fr\/#organization"},"potentialAction":[{"@type":"SearchAction","target":{"@type":"EntryPoint","urlTemplate":"https:\/\/shop.tombotto.ch\/fr\/?s={search_term_string}"},"query-input":{"@type":"PropertyValueSpecification","valueRequired":true,"valueName":"search_term_string"}}],"inLanguage":"fr-FR"},{"@type":"Organization","@id":"https:\/\/shop.tombotto.ch\/fr\/#organization","name":"Tombotto","url":"https:\/\/shop.tombotto.ch\/fr\/","logo":{"@type":"ImageObject","inLanguage":"fr-FR","@id":"https:\/\/shop.tombotto.ch\/fr\/#\/schema\/logo\/image\/","url":"https:\/\/shop.tombotto.ch\/wp-content\/uploads\/2023\/03\/logo.svg","contentUrl":"https:\/\/shop.tombotto.ch\/wp-content\/uploads\/2023\/03\/logo.svg","caption":"Tombotto"},"image":{"@id":"https:\/\/shop.tombotto.ch\/fr\/#\/schema\/logo\/image\/"}}]}},"tiered_pricing_type":"fixed","tiered_pricing_fixed_rules":[],"tiered_pricing_product_settings":{"layout":"default","base_unit_name":{"singular":null,"plural":null},"default_variation":null},"tiered_pricing_minimum_quantity":null,"tiered_pricing_roles_data":[],"tiered_pricing_percentage_rules":[],"tiered_pricing_maximum_quantity":null,"tiered_pricing_quantity_step":null,"_links":{"self":[{"href":"https:\/\/shop.tombotto.ch\/fr\/wp-json\/wp\/v2\/product\/46658","targetHints":{"allow":["GET"]}}],"collection":[{"href":"https:\/\/shop.tombotto.ch\/fr\/wp-json\/wp\/v2\/product"}],"about":[{"href":"https:\/\/shop.tombotto.ch\/fr\/wp-json\/wp\/v2\/types\/product"}],"wp:featuredmedia":[{"embeddable":true,"href":"https:\/\/shop.tombotto.ch\/fr\/wp-json\/wp\/v2\/media\/60551"}],"wp:attachment":[{"href":"https:\/\/shop.tombotto.ch\/fr\/wp-json\/wp\/v2\/media?parent=46658"}],"wp:term":[{"taxonomy":"product_brand","embeddable":true,"href":"https:\/\/shop.tombotto.ch\/fr\/wp-json\/wp\/v2\/product_brand?post=46658"},{"taxonomy":"product_cat","embeddable":true,"href":"https:\/\/shop.tombotto.ch\/fr\/wp-json\/wp\/v2\/product_cat?post=46658"},{"taxonomy":"product_tag","embeddable":true,"href":"https:\/\/shop.tombotto.ch\/fr\/wp-json\/wp\/v2\/product_tag?post=46658"}],"curies":[{"name":"wp","href":"https:\/\/api.w.org\/{rel}","templated":true}]}}