{"id":48476,"date":"2024-06-20T14:16:32","date_gmt":"2024-06-20T12:16:32","guid":{"rendered":"https:\/\/shop.tombotto.ch\/?post_type=product&#038;p=48476"},"modified":"2025-03-18T16:08:22","modified_gmt":"2025-03-18T15:08:22","slug":"magicfx-red-button","status":"publish","type":"product","link":"https:\/\/shop.tombotto.ch\/fr\/shop\/magicfx-red-button\/","title":{"rendered":"MAGICFX\u00ae RED BUTTON"},"content":{"rendered":"<p>Appuyez sur le bouton MAGIC FX RED BUTTON et tirez vos effets ! Con\u00e7u pour contr\u00f4ler les effets avec une connexion powerCON TRUE1. Parfait pour les DJ, les bars et les clubs, pour contr\u00f4ler le POWERSHOT II.<\/p>\n<ul>\n<li>Dimensions 153 x 140 x 110 mm<\/li>\n<li>Poids 1,2 kg<\/li>\n<li>Puissance 220V \/ 50\/60 Hz<\/li>\n<li>C\u00e2ble d&rsquo;alimentation non compris dans la livraison<\/li>\n<li>Dur\u00e9e de la garantie 3 ans<\/li>\n<\/ul>\n<p><a href=\"https:\/\/shop.tombotto.ch\/wp-content\/uploads\/2024\/06\/MAGICFX_RED-BUTTON_MANUAL.pdf\" target=\"_blank\" rel=\"noopener\">mode d&#8217;emploi<\/a><\/p>\n","protected":false},"excerpt":{"rendered":"<p>Appuyez sur le bouton MAGIC FX RED BUTTON et tirez vos effets ! Con\u00e7u pour contr\u00f4ler les effets avec une connexion powerCON TRUE1. Parfait pour les DJ, les bars et les clubs, pour contr\u00f4ler le POWERSHOT II. Dimensions 153 x 140 x 110 mm Poids 1,2 kg Puissance 220V \/ 50\/60 Hz C\u00e2ble d&rsquo;alimentation non [&hellip;]<\/p>\n","protected":false},"featured_media":60575,"template":"","meta":{"_acf_changed":false,"inline_featured_image":false},"product_brand":[],"product_cat":[4778],"product_tag":[],"class_list":{"0":"post-48476","1":"product","2":"type-product","3":"status-publish","4":"has-post-thumbnail","6":"product_cat-controleur","8":"first","9":"instock","10":"taxable","11":"shipping-taxable","12":"purchasable","13":"product-type-simple"},"exclude_global_add_ons":[],"addons":[],"acf":[],"yoast_head":"<!-- This site is optimized with the Yoast SEO Premium plugin v27.4 (Yoast SEO v27.4) - https:\/\/yoast.com\/product\/yoast-seo-premium-wordpress\/ -->\n<title>MAGICFX\u00ae RED BUTTON tirez des effets en appuyant sur bouton<\/title>\n<meta name=\"description\" content=\"Appuyez sur le bouton MAGICFX\u00ae RED BUTTON et tirez vos effets ! Con\u00e7u pour contr\u00f4ler les effets avec une connexion powerCON TRUE1 \u2714\ufe0e\" \/>\n<meta name=\"robots\" content=\"index, follow, max-snippet:-1, max-image-preview:large, max-video-preview:-1\" \/>\n<link rel=\"canonical\" href=\"https:\/\/shop.tombotto.ch\/fr\/shop\/magicfx-red-button\/\" \/>\n<meta property=\"og:locale\" content=\"fr_FR\" \/>\n<meta property=\"og:type\" content=\"article\" \/>\n<meta property=\"og:title\" content=\"MAGICFX\u00ae RED BUTTON\" \/>\n<meta property=\"og:description\" content=\"Appuyez sur le bouton MAGICFX\u00ae RED BUTTON et tirez vos effets ! Con\u00e7u pour contr\u00f4ler les effets avec une connexion powerCON TRUE1 \u2714\ufe0e\" \/>\n<meta property=\"og:url\" content=\"https:\/\/shop.tombotto.ch\/fr\/shop\/magicfx-red-button\/\" \/>\n<meta property=\"og:site_name\" content=\"Tombotto\" \/>\n<meta property=\"article:modified_time\" content=\"2025-03-18T15:08:22+00:00\" \/>\n<meta property=\"og:image\" content=\"https:\/\/shop.tombotto.ch\/wp-content\/uploads\/2024\/06\/tombotto-magicfx-red-button-800x678-1.png\" \/>\n\t<meta property=\"og:image:width\" content=\"800\" \/>\n\t<meta property=\"og:image:height\" content=\"678\" \/>\n\t<meta property=\"og:image:type\" content=\"image\/png\" \/>\n<meta name=\"twitter:card\" content=\"summary_large_image\" \/>\n<meta name=\"twitter:label1\" content=\"Dur\u00e9e de lecture estim\u00e9e\" \/>\n\t<meta name=\"twitter:data1\" content=\"1 minute\" \/>\n<script type=\"application\/ld+json\" class=\"yoast-schema-graph\">{\"@context\":\"https:\\\/\\\/schema.org\",\"@graph\":[{\"@type\":\"WebPage\",\"@id\":\"https:\\\/\\\/shop.tombotto.ch\\\/fr\\\/shop\\\/magicfx-red-button\\\/\",\"url\":\"https:\\\/\\\/shop.tombotto.ch\\\/fr\\\/shop\\\/magicfx-red-button\\\/\",\"name\":\"MAGICFX\u00ae RED BUTTON tirez des effets en appuyant sur bouton\",\"isPartOf\":{\"@id\":\"https:\\\/\\\/shop.tombotto.ch\\\/fr\\\/#website\"},\"primaryImageOfPage\":{\"@id\":\"https:\\\/\\\/shop.tombotto.ch\\\/fr\\\/shop\\\/magicfx-red-button\\\/#primaryimage\"},\"image\":{\"@id\":\"https:\\\/\\\/shop.tombotto.ch\\\/fr\\\/shop\\\/magicfx-red-button\\\/#primaryimage\"},\"thumbnailUrl\":\"https:\\\/\\\/shop.tombotto.ch\\\/wp-content\\\/uploads\\\/2024\\\/06\\\/tombotto-magicfx-red-button-800x678-1.png\",\"datePublished\":\"2024-06-20T12:16:32+00:00\",\"dateModified\":\"2025-03-18T15:08:22+00:00\",\"description\":\"Appuyez sur le bouton MAGICFX\u00ae RED BUTTON et tirez vos effets ! Con\u00e7u pour contr\u00f4ler les effets avec une connexion powerCON TRUE1 \u2714\ufe0e\",\"breadcrumb\":{\"@id\":\"https:\\\/\\\/shop.tombotto.ch\\\/fr\\\/shop\\\/magicfx-red-button\\\/#breadcrumb\"},\"inLanguage\":\"fr-FR\",\"potentialAction\":[{\"@type\":\"ReadAction\",\"target\":[\"https:\\\/\\\/shop.tombotto.ch\\\/fr\\\/shop\\\/magicfx-red-button\\\/\"]}]},{\"@type\":\"ImageObject\",\"inLanguage\":\"fr-FR\",\"@id\":\"https:\\\/\\\/shop.tombotto.ch\\\/fr\\\/shop\\\/magicfx-red-button\\\/#primaryimage\",\"url\":\"https:\\\/\\\/shop.tombotto.ch\\\/wp-content\\\/uploads\\\/2024\\\/06\\\/tombotto-magicfx-red-button-800x678-1.png\",\"contentUrl\":\"https:\\\/\\\/shop.tombotto.ch\\\/wp-content\\\/uploads\\\/2024\\\/06\\\/tombotto-magicfx-red-button-800x678-1.png\",\"width\":800,\"height\":678},{\"@type\":\"BreadcrumbList\",\"@id\":\"https:\\\/\\\/shop.tombotto.ch\\\/fr\\\/shop\\\/magicfx-red-button\\\/#breadcrumb\",\"itemListElement\":[{\"@type\":\"ListItem\",\"position\":1,\"name\":\"Start\",\"item\":\"https:\\\/\\\/shop.tombotto.ch\\\/fr\\\/\"},{\"@type\":\"ListItem\",\"position\":2,\"name\":\"Shop\",\"item\":\"https:\\\/\\\/shop.tombotto.ch\\\/fr\\\/shop\\\/\"},{\"@type\":\"ListItem\",\"position\":3,\"name\":\"MAGICFX\u00ae RED BUTTON\"}]},{\"@type\":\"WebSite\",\"@id\":\"https:\\\/\\\/shop.tombotto.ch\\\/fr\\\/#website\",\"url\":\"https:\\\/\\\/shop.tombotto.ch\\\/fr\\\/\",\"name\":\"Tombotto\",\"description\":\"Fest-, Event- &amp; Promotionsartikel\",\"publisher\":{\"@id\":\"https:\\\/\\\/shop.tombotto.ch\\\/fr\\\/#organization\"},\"potentialAction\":[{\"@type\":\"SearchAction\",\"target\":{\"@type\":\"EntryPoint\",\"urlTemplate\":\"https:\\\/\\\/shop.tombotto.ch\\\/fr\\\/?s={search_term_string}\"},\"query-input\":{\"@type\":\"PropertyValueSpecification\",\"valueRequired\":true,\"valueName\":\"search_term_string\"}}],\"inLanguage\":\"fr-FR\"},{\"@type\":\"Organization\",\"@id\":\"https:\\\/\\\/shop.tombotto.ch\\\/fr\\\/#organization\",\"name\":\"Tombotto\",\"url\":\"https:\\\/\\\/shop.tombotto.ch\\\/fr\\\/\",\"logo\":{\"@type\":\"ImageObject\",\"inLanguage\":\"fr-FR\",\"@id\":\"https:\\\/\\\/shop.tombotto.ch\\\/fr\\\/#\\\/schema\\\/logo\\\/image\\\/\",\"url\":\"https:\\\/\\\/shop.tombotto.ch\\\/wp-content\\\/uploads\\\/2023\\\/03\\\/logo.svg\",\"contentUrl\":\"https:\\\/\\\/shop.tombotto.ch\\\/wp-content\\\/uploads\\\/2023\\\/03\\\/logo.svg\",\"caption\":\"Tombotto\"},\"image\":{\"@id\":\"https:\\\/\\\/shop.tombotto.ch\\\/fr\\\/#\\\/schema\\\/logo\\\/image\\\/\"}}]}<\/script>\n<!-- \/ Yoast SEO Premium plugin. -->","yoast_head_json":{"title":"MAGICFX\u00ae RED BUTTON tirez des effets en appuyant sur bouton","description":"Appuyez sur le bouton MAGICFX\u00ae RED BUTTON et tirez vos effets ! Con\u00e7u pour contr\u00f4ler les effets avec une connexion powerCON TRUE1 \u2714\ufe0e","robots":{"index":"index","follow":"follow","max-snippet":"max-snippet:-1","max-image-preview":"max-image-preview:large","max-video-preview":"max-video-preview:-1"},"canonical":"https:\/\/shop.tombotto.ch\/fr\/shop\/magicfx-red-button\/","og_locale":"fr_FR","og_type":"article","og_title":"MAGICFX\u00ae RED BUTTON","og_description":"Appuyez sur le bouton MAGICFX\u00ae RED BUTTON et tirez vos effets ! Con\u00e7u pour contr\u00f4ler les effets avec une connexion powerCON TRUE1 \u2714\ufe0e","og_url":"https:\/\/shop.tombotto.ch\/fr\/shop\/magicfx-red-button\/","og_site_name":"Tombotto","article_modified_time":"2025-03-18T15:08:22+00:00","og_image":[{"width":800,"height":678,"url":"https:\/\/shop.tombotto.ch\/wp-content\/uploads\/2024\/06\/tombotto-magicfx-red-button-800x678-1.png","type":"image\/png"}],"twitter_card":"summary_large_image","twitter_misc":{"Dur\u00e9e de lecture estim\u00e9e":"1 minute"},"schema":{"@context":"https:\/\/schema.org","@graph":[{"@type":"WebPage","@id":"https:\/\/shop.tombotto.ch\/fr\/shop\/magicfx-red-button\/","url":"https:\/\/shop.tombotto.ch\/fr\/shop\/magicfx-red-button\/","name":"MAGICFX\u00ae RED BUTTON tirez des effets en appuyant sur bouton","isPartOf":{"@id":"https:\/\/shop.tombotto.ch\/fr\/#website"},"primaryImageOfPage":{"@id":"https:\/\/shop.tombotto.ch\/fr\/shop\/magicfx-red-button\/#primaryimage"},"image":{"@id":"https:\/\/shop.tombotto.ch\/fr\/shop\/magicfx-red-button\/#primaryimage"},"thumbnailUrl":"https:\/\/shop.tombotto.ch\/wp-content\/uploads\/2024\/06\/tombotto-magicfx-red-button-800x678-1.png","datePublished":"2024-06-20T12:16:32+00:00","dateModified":"2025-03-18T15:08:22+00:00","description":"Appuyez sur le bouton MAGICFX\u00ae RED BUTTON et tirez vos effets ! Con\u00e7u pour contr\u00f4ler les effets avec une connexion powerCON TRUE1 \u2714\ufe0e","breadcrumb":{"@id":"https:\/\/shop.tombotto.ch\/fr\/shop\/magicfx-red-button\/#breadcrumb"},"inLanguage":"fr-FR","potentialAction":[{"@type":"ReadAction","target":["https:\/\/shop.tombotto.ch\/fr\/shop\/magicfx-red-button\/"]}]},{"@type":"ImageObject","inLanguage":"fr-FR","@id":"https:\/\/shop.tombotto.ch\/fr\/shop\/magicfx-red-button\/#primaryimage","url":"https:\/\/shop.tombotto.ch\/wp-content\/uploads\/2024\/06\/tombotto-magicfx-red-button-800x678-1.png","contentUrl":"https:\/\/shop.tombotto.ch\/wp-content\/uploads\/2024\/06\/tombotto-magicfx-red-button-800x678-1.png","width":800,"height":678},{"@type":"BreadcrumbList","@id":"https:\/\/shop.tombotto.ch\/fr\/shop\/magicfx-red-button\/#breadcrumb","itemListElement":[{"@type":"ListItem","position":1,"name":"Start","item":"https:\/\/shop.tombotto.ch\/fr\/"},{"@type":"ListItem","position":2,"name":"Shop","item":"https:\/\/shop.tombotto.ch\/fr\/shop\/"},{"@type":"ListItem","position":3,"name":"MAGICFX\u00ae RED BUTTON"}]},{"@type":"WebSite","@id":"https:\/\/shop.tombotto.ch\/fr\/#website","url":"https:\/\/shop.tombotto.ch\/fr\/","name":"Tombotto","description":"Fest-, Event- &amp; Promotionsartikel","publisher":{"@id":"https:\/\/shop.tombotto.ch\/fr\/#organization"},"potentialAction":[{"@type":"SearchAction","target":{"@type":"EntryPoint","urlTemplate":"https:\/\/shop.tombotto.ch\/fr\/?s={search_term_string}"},"query-input":{"@type":"PropertyValueSpecification","valueRequired":true,"valueName":"search_term_string"}}],"inLanguage":"fr-FR"},{"@type":"Organization","@id":"https:\/\/shop.tombotto.ch\/fr\/#organization","name":"Tombotto","url":"https:\/\/shop.tombotto.ch\/fr\/","logo":{"@type":"ImageObject","inLanguage":"fr-FR","@id":"https:\/\/shop.tombotto.ch\/fr\/#\/schema\/logo\/image\/","url":"https:\/\/shop.tombotto.ch\/wp-content\/uploads\/2023\/03\/logo.svg","contentUrl":"https:\/\/shop.tombotto.ch\/wp-content\/uploads\/2023\/03\/logo.svg","caption":"Tombotto"},"image":{"@id":"https:\/\/shop.tombotto.ch\/fr\/#\/schema\/logo\/image\/"}}]}},"tiered_pricing_type":"fixed","tiered_pricing_fixed_rules":[],"tiered_pricing_product_settings":{"layout":"default","base_unit_name":{"singular":null,"plural":null},"default_variation":null},"tiered_pricing_minimum_quantity":null,"tiered_pricing_roles_data":[],"tiered_pricing_percentage_rules":[],"tiered_pricing_maximum_quantity":null,"tiered_pricing_quantity_step":null,"_links":{"self":[{"href":"https:\/\/shop.tombotto.ch\/fr\/wp-json\/wp\/v2\/product\/48476","targetHints":{"allow":["GET"]}}],"collection":[{"href":"https:\/\/shop.tombotto.ch\/fr\/wp-json\/wp\/v2\/product"}],"about":[{"href":"https:\/\/shop.tombotto.ch\/fr\/wp-json\/wp\/v2\/types\/product"}],"wp:featuredmedia":[{"embeddable":true,"href":"https:\/\/shop.tombotto.ch\/fr\/wp-json\/wp\/v2\/media\/60575"}],"wp:attachment":[{"href":"https:\/\/shop.tombotto.ch\/fr\/wp-json\/wp\/v2\/media?parent=48476"}],"wp:term":[{"taxonomy":"product_brand","embeddable":true,"href":"https:\/\/shop.tombotto.ch\/fr\/wp-json\/wp\/v2\/product_brand?post=48476"},{"taxonomy":"product_cat","embeddable":true,"href":"https:\/\/shop.tombotto.ch\/fr\/wp-json\/wp\/v2\/product_cat?post=48476"},{"taxonomy":"product_tag","embeddable":true,"href":"https:\/\/shop.tombotto.ch\/fr\/wp-json\/wp\/v2\/product_tag?post=48476"}],"curies":[{"name":"wp","href":"https:\/\/api.w.org\/{rel}","templated":true}]}}