{"id":48478,"date":"2024-06-20T14:46:34","date_gmt":"2024-06-20T12:46:34","guid":{"rendered":"https:\/\/shop.tombotto.ch\/?post_type=product&#038;p=48478"},"modified":"2026-03-20T17:16:44","modified_gmt":"2026-03-20T16:16:44","slug":"magicfx-superblaster-ii","status":"publish","type":"product","link":"https:\/\/shop.tombotto.ch\/fr\/shop\/magicfx-superblaster-ii\/","title":{"rendered":"MAGIC FX\u00ae SUPERBLASTER II"},"content":{"rendered":"<p class=\"ai-optimize-19 ai-optimize-introduction\">Der MAGIC FX\u00ae SUPERBLASTER II ist eine Spezialeffektmaschine, die Konfetti mit CO2 unter Druck in die Luft bl\u00e4st. F\u00fcllen Sie die Konfettiabteilung kontinuierlich f\u00fcr einen kontinuierlichen Konfettieffekt. Die Partyg\u00e4ste werden den Verstand verlieren!<\/p>\n<ul>\n<li class=\"ai-optimize-20\">Gr\u00f6sse 60 x 40 x 93,3 cm<\/li>\n<li class=\"ai-optimize-21\">Gewicht 46 kg<\/li>\n<li class=\"ai-optimize-22\">Steuerung manuell oder DMX (Co2-Switch)<\/li>\n<li class=\"ai-optimize-23\">Verbrauchsmaterialien MAGIC FX Konfetti \/ Fl\u00fcssig-CO2 (nicht inklusive)<\/li>\n<li class=\"ai-optimize-24\">Verbrauch MAGIC FX Konfetti: bis zu 15 kg\/min \/ Fl\u00fcssig-CO2: bis zu 0,5 kg\/S<\/li>\n<li class=\"ai-optimize-25\">Fassungsverm\u00f6gen Papierkonfetti: Bis zu 10 kg \/ Metallische Konfetti: bis zu 20 kg<\/li>\n<li class=\"ai-optimize-26\">Ausstoss bis zu 20 m<\/li>\n<li class=\"ai-optimize-27\">Garantiedauer 3 Jahre<\/li>\n<\/ul>\n<p class=\"ai-optimize-33\">Zur manuellen Bedienung werden zus\u00e4tzlich 2 Stk. Hochdruckschl\u00e4uche (2m) und 1 Stk. Co2 Flaschenadapter ben\u00f6tigt.<\/p>\n<p class=\"ai-optimize-28\"><a href=\"https:\/\/youtu.be\/tw8__aM9QWc?si=aRgYrzeB5nG3f5Xf\" target=\"_blank\" rel=\"noopener\">Video<\/a><\/p>\n<p class=\"no_margin ai-optimize-29\"><a href=\"https:\/\/shop.tombotto.ch\/wp-content\/uploads\/2025\/11\/MAGICFX_SUPERBLASTER-II_MANUAL.pdf\" target=\"_blank\" rel=\"noopener noreferrer\">Bedienungsanleitung<\/a><\/p>\n<p class=\"ai-optimize-30\">\ud83d\udc49 <a href=\"https:\/\/shop.tombotto.ch\/fr\/categorie-produit\/confettis-cie\/confetti-en-papier\/\" target=\"_blank\" rel=\"noopener noreferrer\">Zur Auswahl der Konfettiprodukte<\/a> \ud83d\uded2<\/p>\n<p class=\"ai-optimize-31\">Zur Gew\u00e4hrleistung der Garantiefrist von 3 Jahren ist dieser Artikel auftragsbezogen und die Lieferfrist kann rund 2 Wochen betragen.<\/p>\n<p class=\"no_margin ai-optimize-32\">Fragen Sie nach dem aktuellen Lieferstatus &#8211;\u00a0<a href=\"mailto:info@tombotto.ch?subject=Lieferstatus Superblaster II\">info@tombotto.ch<\/a><\/p>\n","protected":false},"excerpt":{"rendered":"<p>Der MAGIC FX\u00ae SUPERBLASTER II ist eine Spezialeffektmaschine, die Konfetti mit CO2 unter Druck in die Luft bl\u00e4st. F\u00fcllen Sie die Konfettiabteilung kontinuierlich f\u00fcr einen kontinuierlichen Konfettieffekt. Die Partyg\u00e4ste werden den Verstand verlieren! Gr\u00f6sse 60 x 40 x 93,3 cm Gewicht 46 kg Steuerung manuell oder DMX (Co2-Switch) Verbrauchsmaterialien MAGIC FX Konfetti \/ Fl\u00fcssig-CO2 (nicht [&hellip;]<\/p>\n","protected":false},"featured_media":60549,"template":"","meta":{"_acf_changed":false,"inline_featured_image":false},"product_brand":[],"product_cat":[4772],"product_tag":[],"class_list":{"0":"post-48478","1":"product","2":"type-product","3":"status-publish","4":"has-post-thumbnail","6":"product_cat-confetti","8":"first","9":"instock","10":"taxable","11":"shipping-taxable","12":"purchasable","13":"product-type-simple"},"exclude_global_add_ons":[],"addons":[],"acf":[],"yoast_head":"<!-- This site is optimized with the Yoast SEO Premium plugin v27.4 (Yoast SEO v27.4) - https:\/\/yoast.com\/product\/yoast-seo-premium-wordpress\/ -->\n<title>MAGICFX\u00ae SUPERBLASTER II<\/title>\n<meta name=\"description\" content=\"Der SUPERBLASTER II ist eine Spezialeffektmaschine, die Konfetti mit fl\u00fcssigem CO2 unter Druck in die Luft bl\u00e4st \u2714\ufe0e Party people will lose their mind!\" \/>\n<meta name=\"robots\" content=\"index, follow, max-snippet:-1, max-image-preview:large, max-video-preview:-1\" \/>\n<link rel=\"canonical\" href=\"https:\/\/shop.tombotto.ch\/fr\/shop\/magicfx-superblaster-ii\/\" \/>\n<meta property=\"og:locale\" content=\"fr_FR\" \/>\n<meta property=\"og:type\" content=\"article\" \/>\n<meta property=\"og:title\" content=\"MAGIC FX\u00ae SUPERBLASTER II\" \/>\n<meta property=\"og:description\" content=\"Der SUPERBLASTER II ist eine Spezialeffektmaschine, die Konfetti mit fl\u00fcssigem CO2 unter Druck in die Luft bl\u00e4st \u2714\ufe0e Party people will lose their mind!\" \/>\n<meta property=\"og:url\" content=\"https:\/\/shop.tombotto.ch\/fr\/shop\/magicfx-superblaster-ii\/\" \/>\n<meta property=\"og:site_name\" content=\"Tombotto\" \/>\n<meta property=\"article:modified_time\" content=\"2026-03-20T16:16:44+00:00\" \/>\n<meta property=\"og:image\" content=\"https:\/\/shop.tombotto.ch\/wp-content\/uploads\/2024\/06\/tombotto-magicfx-superblaster-ii-spezialeffektmaschine-konfetti.png\" \/>\n\t<meta property=\"og:image:width\" content=\"800\" \/>\n\t<meta property=\"og:image:height\" content=\"678\" \/>\n\t<meta property=\"og:image:type\" content=\"image\/png\" \/>\n<meta name=\"twitter:card\" content=\"summary_large_image\" \/>\n<meta name=\"twitter:label1\" content=\"Dur\u00e9e de lecture estim\u00e9e\" \/>\n\t<meta name=\"twitter:data1\" content=\"1 minute\" \/>\n<script type=\"application\/ld+json\" class=\"yoast-schema-graph\">{\"@context\":\"https:\\\/\\\/schema.org\",\"@graph\":[{\"@type\":\"WebPage\",\"@id\":\"https:\\\/\\\/shop.tombotto.ch\\\/fr\\\/shop\\\/magicfx-superblaster-ii\\\/\",\"url\":\"https:\\\/\\\/shop.tombotto.ch\\\/fr\\\/shop\\\/magicfx-superblaster-ii\\\/\",\"name\":\"MAGICFX\u00ae SUPERBLASTER II\",\"isPartOf\":{\"@id\":\"https:\\\/\\\/shop.tombotto.ch\\\/fr\\\/#website\"},\"primaryImageOfPage\":{\"@id\":\"https:\\\/\\\/shop.tombotto.ch\\\/fr\\\/shop\\\/magicfx-superblaster-ii\\\/#primaryimage\"},\"image\":{\"@id\":\"https:\\\/\\\/shop.tombotto.ch\\\/fr\\\/shop\\\/magicfx-superblaster-ii\\\/#primaryimage\"},\"thumbnailUrl\":\"https:\\\/\\\/shop.tombotto.ch\\\/wp-content\\\/uploads\\\/2024\\\/06\\\/tombotto-magicfx-superblaster-ii-spezialeffektmaschine-konfetti.png\",\"datePublished\":\"2024-06-20T12:46:34+00:00\",\"dateModified\":\"2026-03-20T16:16:44+00:00\",\"description\":\"Der SUPERBLASTER II ist eine Spezialeffektmaschine, die Konfetti mit fl\u00fcssigem CO2 unter Druck in die Luft bl\u00e4st \u2714\ufe0e Party people will lose their mind!\",\"breadcrumb\":{\"@id\":\"https:\\\/\\\/shop.tombotto.ch\\\/fr\\\/shop\\\/magicfx-superblaster-ii\\\/#breadcrumb\"},\"inLanguage\":\"fr-FR\",\"potentialAction\":[{\"@type\":\"ReadAction\",\"target\":[\"https:\\\/\\\/shop.tombotto.ch\\\/fr\\\/shop\\\/magicfx-superblaster-ii\\\/\"]}]},{\"@type\":\"ImageObject\",\"inLanguage\":\"fr-FR\",\"@id\":\"https:\\\/\\\/shop.tombotto.ch\\\/fr\\\/shop\\\/magicfx-superblaster-ii\\\/#primaryimage\",\"url\":\"https:\\\/\\\/shop.tombotto.ch\\\/wp-content\\\/uploads\\\/2024\\\/06\\\/tombotto-magicfx-superblaster-ii-spezialeffektmaschine-konfetti.png\",\"contentUrl\":\"https:\\\/\\\/shop.tombotto.ch\\\/wp-content\\\/uploads\\\/2024\\\/06\\\/tombotto-magicfx-superblaster-ii-spezialeffektmaschine-konfetti.png\",\"width\":800,\"height\":678},{\"@type\":\"BreadcrumbList\",\"@id\":\"https:\\\/\\\/shop.tombotto.ch\\\/fr\\\/shop\\\/magicfx-superblaster-ii\\\/#breadcrumb\",\"itemListElement\":[{\"@type\":\"ListItem\",\"position\":1,\"name\":\"Start\",\"item\":\"https:\\\/\\\/shop.tombotto.ch\\\/fr\\\/\"},{\"@type\":\"ListItem\",\"position\":2,\"name\":\"Shop\",\"item\":\"https:\\\/\\\/shop.tombotto.ch\\\/fr\\\/shop\\\/\"},{\"@type\":\"ListItem\",\"position\":3,\"name\":\"MAGIC FX\u00ae SUPERBLASTER II\"}]},{\"@type\":\"WebSite\",\"@id\":\"https:\\\/\\\/shop.tombotto.ch\\\/fr\\\/#website\",\"url\":\"https:\\\/\\\/shop.tombotto.ch\\\/fr\\\/\",\"name\":\"Tombotto\",\"description\":\"Fest-, Event- &amp; Promotionsartikel\",\"publisher\":{\"@id\":\"https:\\\/\\\/shop.tombotto.ch\\\/fr\\\/#organization\"},\"potentialAction\":[{\"@type\":\"SearchAction\",\"target\":{\"@type\":\"EntryPoint\",\"urlTemplate\":\"https:\\\/\\\/shop.tombotto.ch\\\/fr\\\/?s={search_term_string}\"},\"query-input\":{\"@type\":\"PropertyValueSpecification\",\"valueRequired\":true,\"valueName\":\"search_term_string\"}}],\"inLanguage\":\"fr-FR\"},{\"@type\":\"Organization\",\"@id\":\"https:\\\/\\\/shop.tombotto.ch\\\/fr\\\/#organization\",\"name\":\"Tombotto\",\"url\":\"https:\\\/\\\/shop.tombotto.ch\\\/fr\\\/\",\"logo\":{\"@type\":\"ImageObject\",\"inLanguage\":\"fr-FR\",\"@id\":\"https:\\\/\\\/shop.tombotto.ch\\\/fr\\\/#\\\/schema\\\/logo\\\/image\\\/\",\"url\":\"https:\\\/\\\/shop.tombotto.ch\\\/wp-content\\\/uploads\\\/2023\\\/03\\\/logo.svg\",\"contentUrl\":\"https:\\\/\\\/shop.tombotto.ch\\\/wp-content\\\/uploads\\\/2023\\\/03\\\/logo.svg\",\"caption\":\"Tombotto\"},\"image\":{\"@id\":\"https:\\\/\\\/shop.tombotto.ch\\\/fr\\\/#\\\/schema\\\/logo\\\/image\\\/\"}}]}<\/script>\n<!-- \/ Yoast SEO Premium plugin. -->","yoast_head_json":{"title":"MAGICFX\u00ae SUPERBLASTER II","description":"Der SUPERBLASTER II ist eine Spezialeffektmaschine, die Konfetti mit fl\u00fcssigem CO2 unter Druck in die Luft bl\u00e4st \u2714\ufe0e Party people will lose their mind!","robots":{"index":"index","follow":"follow","max-snippet":"max-snippet:-1","max-image-preview":"max-image-preview:large","max-video-preview":"max-video-preview:-1"},"canonical":"https:\/\/shop.tombotto.ch\/fr\/shop\/magicfx-superblaster-ii\/","og_locale":"fr_FR","og_type":"article","og_title":"MAGIC FX\u00ae SUPERBLASTER II","og_description":"Der SUPERBLASTER II ist eine Spezialeffektmaschine, die Konfetti mit fl\u00fcssigem CO2 unter Druck in die Luft bl\u00e4st \u2714\ufe0e Party people will lose their mind!","og_url":"https:\/\/shop.tombotto.ch\/fr\/shop\/magicfx-superblaster-ii\/","og_site_name":"Tombotto","article_modified_time":"2026-03-20T16:16:44+00:00","og_image":[{"width":800,"height":678,"url":"https:\/\/shop.tombotto.ch\/wp-content\/uploads\/2024\/06\/tombotto-magicfx-superblaster-ii-spezialeffektmaschine-konfetti.png","type":"image\/png"}],"twitter_card":"summary_large_image","twitter_misc":{"Dur\u00e9e de lecture estim\u00e9e":"1 minute"},"schema":{"@context":"https:\/\/schema.org","@graph":[{"@type":"WebPage","@id":"https:\/\/shop.tombotto.ch\/fr\/shop\/magicfx-superblaster-ii\/","url":"https:\/\/shop.tombotto.ch\/fr\/shop\/magicfx-superblaster-ii\/","name":"MAGICFX\u00ae SUPERBLASTER II","isPartOf":{"@id":"https:\/\/shop.tombotto.ch\/fr\/#website"},"primaryImageOfPage":{"@id":"https:\/\/shop.tombotto.ch\/fr\/shop\/magicfx-superblaster-ii\/#primaryimage"},"image":{"@id":"https:\/\/shop.tombotto.ch\/fr\/shop\/magicfx-superblaster-ii\/#primaryimage"},"thumbnailUrl":"https:\/\/shop.tombotto.ch\/wp-content\/uploads\/2024\/06\/tombotto-magicfx-superblaster-ii-spezialeffektmaschine-konfetti.png","datePublished":"2024-06-20T12:46:34+00:00","dateModified":"2026-03-20T16:16:44+00:00","description":"Der SUPERBLASTER II ist eine Spezialeffektmaschine, die Konfetti mit fl\u00fcssigem CO2 unter Druck in die Luft bl\u00e4st \u2714\ufe0e Party people will lose their mind!","breadcrumb":{"@id":"https:\/\/shop.tombotto.ch\/fr\/shop\/magicfx-superblaster-ii\/#breadcrumb"},"inLanguage":"fr-FR","potentialAction":[{"@type":"ReadAction","target":["https:\/\/shop.tombotto.ch\/fr\/shop\/magicfx-superblaster-ii\/"]}]},{"@type":"ImageObject","inLanguage":"fr-FR","@id":"https:\/\/shop.tombotto.ch\/fr\/shop\/magicfx-superblaster-ii\/#primaryimage","url":"https:\/\/shop.tombotto.ch\/wp-content\/uploads\/2024\/06\/tombotto-magicfx-superblaster-ii-spezialeffektmaschine-konfetti.png","contentUrl":"https:\/\/shop.tombotto.ch\/wp-content\/uploads\/2024\/06\/tombotto-magicfx-superblaster-ii-spezialeffektmaschine-konfetti.png","width":800,"height":678},{"@type":"BreadcrumbList","@id":"https:\/\/shop.tombotto.ch\/fr\/shop\/magicfx-superblaster-ii\/#breadcrumb","itemListElement":[{"@type":"ListItem","position":1,"name":"Start","item":"https:\/\/shop.tombotto.ch\/fr\/"},{"@type":"ListItem","position":2,"name":"Shop","item":"https:\/\/shop.tombotto.ch\/fr\/shop\/"},{"@type":"ListItem","position":3,"name":"MAGIC FX\u00ae SUPERBLASTER II"}]},{"@type":"WebSite","@id":"https:\/\/shop.tombotto.ch\/fr\/#website","url":"https:\/\/shop.tombotto.ch\/fr\/","name":"Tombotto","description":"Fest-, Event- &amp; Promotionsartikel","publisher":{"@id":"https:\/\/shop.tombotto.ch\/fr\/#organization"},"potentialAction":[{"@type":"SearchAction","target":{"@type":"EntryPoint","urlTemplate":"https:\/\/shop.tombotto.ch\/fr\/?s={search_term_string}"},"query-input":{"@type":"PropertyValueSpecification","valueRequired":true,"valueName":"search_term_string"}}],"inLanguage":"fr-FR"},{"@type":"Organization","@id":"https:\/\/shop.tombotto.ch\/fr\/#organization","name":"Tombotto","url":"https:\/\/shop.tombotto.ch\/fr\/","logo":{"@type":"ImageObject","inLanguage":"fr-FR","@id":"https:\/\/shop.tombotto.ch\/fr\/#\/schema\/logo\/image\/","url":"https:\/\/shop.tombotto.ch\/wp-content\/uploads\/2023\/03\/logo.svg","contentUrl":"https:\/\/shop.tombotto.ch\/wp-content\/uploads\/2023\/03\/logo.svg","caption":"Tombotto"},"image":{"@id":"https:\/\/shop.tombotto.ch\/fr\/#\/schema\/logo\/image\/"}}]}},"tiered_pricing_type":"fixed","tiered_pricing_fixed_rules":[],"tiered_pricing_product_settings":{"layout":"default","base_unit_name":{"singular":null,"plural":null},"default_variation":null},"tiered_pricing_minimum_quantity":null,"tiered_pricing_roles_data":[],"tiered_pricing_percentage_rules":[],"tiered_pricing_maximum_quantity":null,"tiered_pricing_quantity_step":null,"_links":{"self":[{"href":"https:\/\/shop.tombotto.ch\/fr\/wp-json\/wp\/v2\/product\/48478","targetHints":{"allow":["GET"]}}],"collection":[{"href":"https:\/\/shop.tombotto.ch\/fr\/wp-json\/wp\/v2\/product"}],"about":[{"href":"https:\/\/shop.tombotto.ch\/fr\/wp-json\/wp\/v2\/types\/product"}],"wp:featuredmedia":[{"embeddable":true,"href":"https:\/\/shop.tombotto.ch\/fr\/wp-json\/wp\/v2\/media\/60549"}],"wp:attachment":[{"href":"https:\/\/shop.tombotto.ch\/fr\/wp-json\/wp\/v2\/media?parent=48478"}],"wp:term":[{"taxonomy":"product_brand","embeddable":true,"href":"https:\/\/shop.tombotto.ch\/fr\/wp-json\/wp\/v2\/product_brand?post=48478"},{"taxonomy":"product_cat","embeddable":true,"href":"https:\/\/shop.tombotto.ch\/fr\/wp-json\/wp\/v2\/product_cat?post=48478"},{"taxonomy":"product_tag","embeddable":true,"href":"https:\/\/shop.tombotto.ch\/fr\/wp-json\/wp\/v2\/product_tag?post=48478"}],"curies":[{"name":"wp","href":"https:\/\/api.w.org\/{rel}","templated":true}]}}