{"id":48484,"date":"2024-06-25T11:12:01","date_gmt":"2024-06-25T09:12:01","guid":{"rendered":"https:\/\/shop.tombotto.ch\/?post_type=product&#038;p=48484"},"modified":"2025-02-28T15:51:57","modified_gmt":"2025-02-28T14:51:57","slug":"magicfx-co2-switch","status":"publish","type":"product","link":"https:\/\/shop.tombotto.ch\/fr\/shop\/magicfx-co2-switch\/","title":{"rendered":"MAGICFX\u00ae CO2 SWITCH"},"content":{"rendered":"<p>Le CO2 SWITCH est une vanne \u00e9lectrique suppl\u00e9mentaire de CO2 pour le SUPERBLASTER II, qui permet de commander le SUPERBLASTER II \u00e0 distance. Le CO2 SWITCH peut \u00eatre command\u00e9 par un FX-COMM4NDER ou un FX-SWITCHPACK II.<\/p>\n<ul>\n<li>Dimensions 203 x 140 x 155 mm<\/li>\n<li>Poids 3,7 kg<\/li>\n<\/ul>\n<p><a href=\"https:\/\/shop.tombotto.ch\/wp-content\/uploads\/2024\/06\/MAGICFX_CO2SWITCH_EN_v01_01_WEB.pdf\" target=\"_blank\" rel=\"noopener\">mode d&#8217;emploi<\/a><\/p>\n","protected":false},"excerpt":{"rendered":"<p>Le CO2 SWITCH est une vanne \u00e9lectrique suppl\u00e9mentaire de CO2 pour le SUPERBLASTER II, qui permet de commander le SUPERBLASTER II \u00e0 distance. Le CO2 SWITCH peut \u00eatre command\u00e9 par un FX-COMM4NDER ou un FX-SWITCHPACK II. Dimensions 203 x 140 x 155 mm Poids 3,7 kg mode d&#8217;emploi<\/p>\n","protected":false},"featured_media":60593,"template":"","meta":{"_acf_changed":false,"inline_featured_image":false},"product_brand":[],"product_cat":[4784],"product_tag":[],"class_list":{"0":"post-48484","1":"product","2":"type-product","3":"status-publish","4":"has-post-thumbnail","6":"product_cat-accessoires-co2","8":"first","9":"instock","10":"taxable","11":"shipping-taxable","12":"purchasable","13":"product-type-simple"},"exclude_global_add_ons":[],"addons":[],"acf":[],"yoast_head":"<!-- This site is optimized with the Yoast SEO Premium plugin v27.4 (Yoast SEO v27.4) - https:\/\/yoast.com\/product\/yoast-seo-premium-wordpress\/ -->\n<title>MAGICFX\u00ae CO2 SWITCH - convient au MagicFX\u00ae Superblaster II<\/title>\n<meta name=\"description\" content=\"Le MAGICFX\u00ae CO2 SWITCH est une vanne \u00e9lectrique suppl\u00e9mentaire de CO2 pour le SUPERBLASTER II, qui permet de le commander \u00e0 distance \u2714\ufe0e\" \/>\n<meta name=\"robots\" content=\"index, follow, max-snippet:-1, max-image-preview:large, max-video-preview:-1\" \/>\n<link rel=\"canonical\" href=\"https:\/\/shop.tombotto.ch\/fr\/shop\/magicfx-co2-switch\/\" \/>\n<meta property=\"og:locale\" content=\"fr_FR\" \/>\n<meta property=\"og:type\" content=\"article\" \/>\n<meta property=\"og:title\" content=\"MAGICFX\u00ae CO2 SWITCH\" \/>\n<meta property=\"og:description\" content=\"Le MAGICFX\u00ae CO2 SWITCH est une vanne \u00e9lectrique suppl\u00e9mentaire de CO2 pour le SUPERBLASTER II, qui permet de le commander \u00e0 distance \u2714\ufe0e\" \/>\n<meta property=\"og:url\" content=\"https:\/\/shop.tombotto.ch\/fr\/shop\/magicfx-co2-switch\/\" \/>\n<meta property=\"og:site_name\" content=\"Tombotto\" \/>\n<meta property=\"article:modified_time\" content=\"2025-02-28T14:51:57+00:00\" \/>\n<meta property=\"og:image\" content=\"https:\/\/shop.tombotto.ch\/wp-content\/uploads\/2024\/06\/tombotto-magicfx-co2-switch-800x678-1.png\" \/>\n\t<meta property=\"og:image:width\" content=\"800\" \/>\n\t<meta property=\"og:image:height\" content=\"678\" \/>\n\t<meta property=\"og:image:type\" content=\"image\/png\" \/>\n<meta name=\"twitter:card\" content=\"summary_large_image\" \/>\n<meta name=\"twitter:label1\" content=\"Dur\u00e9e de lecture estim\u00e9e\" \/>\n\t<meta name=\"twitter:data1\" content=\"1 minute\" \/>\n<script type=\"application\/ld+json\" class=\"yoast-schema-graph\">{\"@context\":\"https:\\\/\\\/schema.org\",\"@graph\":[{\"@type\":\"WebPage\",\"@id\":\"https:\\\/\\\/shop.tombotto.ch\\\/fr\\\/shop\\\/magicfx-co2-switch\\\/\",\"url\":\"https:\\\/\\\/shop.tombotto.ch\\\/fr\\\/shop\\\/magicfx-co2-switch\\\/\",\"name\":\"MAGICFX\u00ae CO2 SWITCH - convient au MagicFX\u00ae Superblaster II\",\"isPartOf\":{\"@id\":\"https:\\\/\\\/shop.tombotto.ch\\\/fr\\\/#website\"},\"primaryImageOfPage\":{\"@id\":\"https:\\\/\\\/shop.tombotto.ch\\\/fr\\\/shop\\\/magicfx-co2-switch\\\/#primaryimage\"},\"image\":{\"@id\":\"https:\\\/\\\/shop.tombotto.ch\\\/fr\\\/shop\\\/magicfx-co2-switch\\\/#primaryimage\"},\"thumbnailUrl\":\"https:\\\/\\\/shop.tombotto.ch\\\/wp-content\\\/uploads\\\/2024\\\/06\\\/Co2Switch.png\",\"datePublished\":\"2024-06-25T09:12:01+00:00\",\"dateModified\":\"2025-02-28T14:51:57+00:00\",\"description\":\"Le MAGICFX\u00ae CO2 SWITCH est une vanne \u00e9lectrique suppl\u00e9mentaire de CO2 pour le SUPERBLASTER II, qui permet de le commander \u00e0 distance \u2714\ufe0e\",\"breadcrumb\":{\"@id\":\"https:\\\/\\\/shop.tombotto.ch\\\/fr\\\/shop\\\/magicfx-co2-switch\\\/#breadcrumb\"},\"inLanguage\":\"fr-FR\",\"potentialAction\":[{\"@type\":\"ReadAction\",\"target\":[\"https:\\\/\\\/shop.tombotto.ch\\\/fr\\\/shop\\\/magicfx-co2-switch\\\/\"]}]},{\"@type\":\"ImageObject\",\"inLanguage\":\"fr-FR\",\"@id\":\"https:\\\/\\\/shop.tombotto.ch\\\/fr\\\/shop\\\/magicfx-co2-switch\\\/#primaryimage\",\"url\":\"https:\\\/\\\/shop.tombotto.ch\\\/wp-content\\\/uploads\\\/2024\\\/06\\\/Co2Switch.png\",\"contentUrl\":\"https:\\\/\\\/shop.tombotto.ch\\\/wp-content\\\/uploads\\\/2024\\\/06\\\/Co2Switch.png\",\"width\":800,\"height\":678},{\"@type\":\"BreadcrumbList\",\"@id\":\"https:\\\/\\\/shop.tombotto.ch\\\/fr\\\/shop\\\/magicfx-co2-switch\\\/#breadcrumb\",\"itemListElement\":[{\"@type\":\"ListItem\",\"position\":1,\"name\":\"Start\",\"item\":\"https:\\\/\\\/shop.tombotto.ch\\\/fr\\\/\"},{\"@type\":\"ListItem\",\"position\":2,\"name\":\"Shop\",\"item\":\"https:\\\/\\\/shop.tombotto.ch\\\/fr\\\/shop\\\/\"},{\"@type\":\"ListItem\",\"position\":3,\"name\":\"MAGICFX\u00ae CO2 SWITCH\"}]},{\"@type\":\"WebSite\",\"@id\":\"https:\\\/\\\/shop.tombotto.ch\\\/fr\\\/#website\",\"url\":\"https:\\\/\\\/shop.tombotto.ch\\\/fr\\\/\",\"name\":\"Tombotto\",\"description\":\"Fest-, Event- &amp; Promotionsartikel\",\"publisher\":{\"@id\":\"https:\\\/\\\/shop.tombotto.ch\\\/fr\\\/#organization\"},\"potentialAction\":[{\"@type\":\"SearchAction\",\"target\":{\"@type\":\"EntryPoint\",\"urlTemplate\":\"https:\\\/\\\/shop.tombotto.ch\\\/fr\\\/?s={search_term_string}\"},\"query-input\":{\"@type\":\"PropertyValueSpecification\",\"valueRequired\":true,\"valueName\":\"search_term_string\"}}],\"inLanguage\":\"fr-FR\"},{\"@type\":\"Organization\",\"@id\":\"https:\\\/\\\/shop.tombotto.ch\\\/fr\\\/#organization\",\"name\":\"Tombotto\",\"url\":\"https:\\\/\\\/shop.tombotto.ch\\\/fr\\\/\",\"logo\":{\"@type\":\"ImageObject\",\"inLanguage\":\"fr-FR\",\"@id\":\"https:\\\/\\\/shop.tombotto.ch\\\/fr\\\/#\\\/schema\\\/logo\\\/image\\\/\",\"url\":\"https:\\\/\\\/shop.tombotto.ch\\\/wp-content\\\/uploads\\\/2023\\\/03\\\/logo.svg\",\"contentUrl\":\"https:\\\/\\\/shop.tombotto.ch\\\/wp-content\\\/uploads\\\/2023\\\/03\\\/logo.svg\",\"caption\":\"Tombotto\"},\"image\":{\"@id\":\"https:\\\/\\\/shop.tombotto.ch\\\/fr\\\/#\\\/schema\\\/logo\\\/image\\\/\"}}]}<\/script>\n<!-- \/ Yoast SEO Premium plugin. -->","yoast_head_json":{"title":"MAGICFX\u00ae CO2 SWITCH - convient au MagicFX\u00ae Superblaster II","description":"Le MAGICFX\u00ae CO2 SWITCH est une vanne \u00e9lectrique suppl\u00e9mentaire de CO2 pour le SUPERBLASTER II, qui permet de le commander \u00e0 distance \u2714\ufe0e","robots":{"index":"index","follow":"follow","max-snippet":"max-snippet:-1","max-image-preview":"max-image-preview:large","max-video-preview":"max-video-preview:-1"},"canonical":"https:\/\/shop.tombotto.ch\/fr\/shop\/magicfx-co2-switch\/","og_locale":"fr_FR","og_type":"article","og_title":"MAGICFX\u00ae CO2 SWITCH","og_description":"Le MAGICFX\u00ae CO2 SWITCH est une vanne \u00e9lectrique suppl\u00e9mentaire de CO2 pour le SUPERBLASTER II, qui permet de le commander \u00e0 distance \u2714\ufe0e","og_url":"https:\/\/shop.tombotto.ch\/fr\/shop\/magicfx-co2-switch\/","og_site_name":"Tombotto","article_modified_time":"2025-02-28T14:51:57+00:00","og_image":[{"width":800,"height":678,"url":"https:\/\/shop.tombotto.ch\/wp-content\/uploads\/2024\/06\/tombotto-magicfx-co2-switch-800x678-1.png","type":"image\/png"}],"twitter_card":"summary_large_image","twitter_misc":{"Dur\u00e9e de lecture estim\u00e9e":"1 minute"},"schema":{"@context":"https:\/\/schema.org","@graph":[{"@type":"WebPage","@id":"https:\/\/shop.tombotto.ch\/fr\/shop\/magicfx-co2-switch\/","url":"https:\/\/shop.tombotto.ch\/fr\/shop\/magicfx-co2-switch\/","name":"MAGICFX\u00ae CO2 SWITCH - convient au MagicFX\u00ae Superblaster II","isPartOf":{"@id":"https:\/\/shop.tombotto.ch\/fr\/#website"},"primaryImageOfPage":{"@id":"https:\/\/shop.tombotto.ch\/fr\/shop\/magicfx-co2-switch\/#primaryimage"},"image":{"@id":"https:\/\/shop.tombotto.ch\/fr\/shop\/magicfx-co2-switch\/#primaryimage"},"thumbnailUrl":"https:\/\/shop.tombotto.ch\/wp-content\/uploads\/2024\/06\/Co2Switch.png","datePublished":"2024-06-25T09:12:01+00:00","dateModified":"2025-02-28T14:51:57+00:00","description":"Le MAGICFX\u00ae CO2 SWITCH est une vanne \u00e9lectrique suppl\u00e9mentaire de CO2 pour le SUPERBLASTER II, qui permet de le commander \u00e0 distance \u2714\ufe0e","breadcrumb":{"@id":"https:\/\/shop.tombotto.ch\/fr\/shop\/magicfx-co2-switch\/#breadcrumb"},"inLanguage":"fr-FR","potentialAction":[{"@type":"ReadAction","target":["https:\/\/shop.tombotto.ch\/fr\/shop\/magicfx-co2-switch\/"]}]},{"@type":"ImageObject","inLanguage":"fr-FR","@id":"https:\/\/shop.tombotto.ch\/fr\/shop\/magicfx-co2-switch\/#primaryimage","url":"https:\/\/shop.tombotto.ch\/wp-content\/uploads\/2024\/06\/Co2Switch.png","contentUrl":"https:\/\/shop.tombotto.ch\/wp-content\/uploads\/2024\/06\/Co2Switch.png","width":800,"height":678},{"@type":"BreadcrumbList","@id":"https:\/\/shop.tombotto.ch\/fr\/shop\/magicfx-co2-switch\/#breadcrumb","itemListElement":[{"@type":"ListItem","position":1,"name":"Start","item":"https:\/\/shop.tombotto.ch\/fr\/"},{"@type":"ListItem","position":2,"name":"Shop","item":"https:\/\/shop.tombotto.ch\/fr\/shop\/"},{"@type":"ListItem","position":3,"name":"MAGICFX\u00ae CO2 SWITCH"}]},{"@type":"WebSite","@id":"https:\/\/shop.tombotto.ch\/fr\/#website","url":"https:\/\/shop.tombotto.ch\/fr\/","name":"Tombotto","description":"Fest-, Event- &amp; Promotionsartikel","publisher":{"@id":"https:\/\/shop.tombotto.ch\/fr\/#organization"},"potentialAction":[{"@type":"SearchAction","target":{"@type":"EntryPoint","urlTemplate":"https:\/\/shop.tombotto.ch\/fr\/?s={search_term_string}"},"query-input":{"@type":"PropertyValueSpecification","valueRequired":true,"valueName":"search_term_string"}}],"inLanguage":"fr-FR"},{"@type":"Organization","@id":"https:\/\/shop.tombotto.ch\/fr\/#organization","name":"Tombotto","url":"https:\/\/shop.tombotto.ch\/fr\/","logo":{"@type":"ImageObject","inLanguage":"fr-FR","@id":"https:\/\/shop.tombotto.ch\/fr\/#\/schema\/logo\/image\/","url":"https:\/\/shop.tombotto.ch\/wp-content\/uploads\/2023\/03\/logo.svg","contentUrl":"https:\/\/shop.tombotto.ch\/wp-content\/uploads\/2023\/03\/logo.svg","caption":"Tombotto"},"image":{"@id":"https:\/\/shop.tombotto.ch\/fr\/#\/schema\/logo\/image\/"}}]}},"tiered_pricing_type":"fixed","tiered_pricing_fixed_rules":[],"tiered_pricing_product_settings":{"layout":"default","base_unit_name":{"singular":null,"plural":null},"default_variation":null},"tiered_pricing_minimum_quantity":null,"tiered_pricing_roles_data":[],"tiered_pricing_percentage_rules":[],"tiered_pricing_maximum_quantity":null,"tiered_pricing_quantity_step":null,"_links":{"self":[{"href":"https:\/\/shop.tombotto.ch\/fr\/wp-json\/wp\/v2\/product\/48484","targetHints":{"allow":["GET"]}}],"collection":[{"href":"https:\/\/shop.tombotto.ch\/fr\/wp-json\/wp\/v2\/product"}],"about":[{"href":"https:\/\/shop.tombotto.ch\/fr\/wp-json\/wp\/v2\/types\/product"}],"wp:featuredmedia":[{"embeddable":true,"href":"https:\/\/shop.tombotto.ch\/fr\/wp-json\/wp\/v2\/media\/60593"}],"wp:attachment":[{"href":"https:\/\/shop.tombotto.ch\/fr\/wp-json\/wp\/v2\/media?parent=48484"}],"wp:term":[{"taxonomy":"product_brand","embeddable":true,"href":"https:\/\/shop.tombotto.ch\/fr\/wp-json\/wp\/v2\/product_brand?post=48484"},{"taxonomy":"product_cat","embeddable":true,"href":"https:\/\/shop.tombotto.ch\/fr\/wp-json\/wp\/v2\/product_cat?post=48484"},{"taxonomy":"product_tag","embeddable":true,"href":"https:\/\/shop.tombotto.ch\/fr\/wp-json\/wp\/v2\/product_tag?post=48484"}],"curies":[{"name":"wp","href":"https:\/\/api.w.org\/{rel}","templated":true}]}}