{"id":49059,"date":"2024-08-08T14:29:30","date_gmt":"2024-08-08T12:29:30","guid":{"rendered":"https:\/\/shop.tombotto.ch\/?post_type=product&#038;p=49059"},"modified":"2025-11-19T16:47:52","modified_gmt":"2025-11-19T15:47:52","slug":"eventail-decoratif-oktoberfest","status":"publish","type":"product","link":"https:\/\/shop.tombotto.ch\/fr\/shop\/eventail-decoratif-oktoberfest\/","title":{"rendered":"Eventail d\u00e9coratif \u00ab\u00a0Oktoberfest\u00a0\u00bb"},"content":{"rendered":"<p class=\"ai-optimize-19 ai-optimize-introduction\">Avec ces couronnes en papier de soie, d\u00e9corez votre f\u00eate de la bi\u00e8re en un clin d\u2019\u0153il avec style et en respectant le th\u00e8me.<\/p>\n<ul>\n<li class=\"ai-optimize-20\">Mat\u00e9riaux ignifuges<\/li>\n<li class=\"ai-optimize-21\">Diam\u00e8tre 70 cm<\/li>\n<\/ul>\n","protected":false},"excerpt":{"rendered":"<p>Avec ces couronnes en papier de soie, d\u00e9corez votre f\u00eate de la bi\u00e8re en un clin d\u2019\u0153il avec style et en respectant le th\u00e8me. Mat\u00e9riaux ignifuges Diam\u00e8tre 70 cm<\/p>\n","protected":false},"featured_media":60290,"template":"","meta":{"_acf_changed":false,"inline_featured_image":false},"product_brand":[],"product_cat":[4793],"product_tag":[],"class_list":{"0":"post-49059","1":"product","2":"type-product","3":"status-publish","4":"has-post-thumbnail","6":"product_cat-oktoberfest-fr","8":"first","9":"instock","10":"taxable","11":"shipping-taxable","12":"purchasable","13":"product-type-simple"},"exclude_global_add_ons":[],"addons":[],"acf":[],"yoast_head":"<!-- This site is optimized with the Yoast SEO Premium plugin v27.4 (Yoast SEO v27.4) - https:\/\/yoast.com\/product\/yoast-seo-premium-wordpress\/ -->\n<title>Eventail d\u00e9coratif &quot;Oktoberfest&quot; \u2022 Diam\u00e8tre 70 cm\u26aa\ufe0f\ud83d\udd35\u26aa\ud83d\udd35\ufe0f<\/title>\n<meta name=\"description\" content=\"Avec ces couronnes en papier de soie, d\u00e9corez votre f\u00eate de la bi\u00e8re en un clin d\u2019\u0153il avec style et en respectant le th\u00e8me.\" \/>\n<meta name=\"robots\" content=\"index, follow, max-snippet:-1, max-image-preview:large, max-video-preview:-1\" \/>\n<link rel=\"canonical\" href=\"https:\/\/shop.tombotto.ch\/fr\/shop\/eventail-decoratif-oktoberfest\/\" \/>\n<meta property=\"og:locale\" content=\"fr_FR\" \/>\n<meta property=\"og:type\" content=\"article\" \/>\n<meta property=\"og:title\" content=\"Eventail d\u00e9coratif &quot;Oktoberfest&quot;\" \/>\n<meta property=\"og:description\" content=\"Avec ces couronnes en papier de soie, d\u00e9corez votre f\u00eate de la bi\u00e8re en un clin d\u2019\u0153il avec style et en respectant le th\u00e8me.\" \/>\n<meta property=\"og:url\" content=\"https:\/\/shop.tombotto.ch\/fr\/shop\/eventail-decoratif-oktoberfest\/\" \/>\n<meta property=\"og:site_name\" content=\"Tombotto\" \/>\n<meta property=\"article:modified_time\" content=\"2025-11-19T15:47:52+00:00\" \/>\n<meta property=\"og:image\" content=\"https:\/\/shop.tombotto.ch\/wp-content\/uploads\/2025\/11\/Website-Produktbilder-800x678-1.png\" \/>\n\t<meta property=\"og:image:width\" content=\"800\" \/>\n\t<meta property=\"og:image:height\" content=\"678\" \/>\n\t<meta property=\"og:image:type\" content=\"image\/png\" \/>\n<meta name=\"twitter:card\" content=\"summary_large_image\" \/>\n<meta name=\"twitter:label1\" content=\"Dur\u00e9e de lecture estim\u00e9e\" \/>\n\t<meta name=\"twitter:data1\" content=\"1 minute\" \/>\n<script type=\"application\/ld+json\" class=\"yoast-schema-graph\">{\"@context\":\"https:\\\/\\\/schema.org\",\"@graph\":[{\"@type\":\"WebPage\",\"@id\":\"https:\\\/\\\/shop.tombotto.ch\\\/fr\\\/shop\\\/eventail-decoratif-oktoberfest\\\/\",\"url\":\"https:\\\/\\\/shop.tombotto.ch\\\/fr\\\/shop\\\/eventail-decoratif-oktoberfest\\\/\",\"name\":\"Eventail d\u00e9coratif \\\"Oktoberfest\\\" \u2022 Diam\u00e8tre 70 cm\u26aa\ufe0f\ud83d\udd35\u26aa\ud83d\udd35\ufe0f\",\"isPartOf\":{\"@id\":\"https:\\\/\\\/shop.tombotto.ch\\\/fr\\\/#website\"},\"primaryImageOfPage\":{\"@id\":\"https:\\\/\\\/shop.tombotto.ch\\\/fr\\\/shop\\\/eventail-decoratif-oktoberfest\\\/#primaryimage\"},\"image\":{\"@id\":\"https:\\\/\\\/shop.tombotto.ch\\\/fr\\\/shop\\\/eventail-decoratif-oktoberfest\\\/#primaryimage\"},\"thumbnailUrl\":\"https:\\\/\\\/shop.tombotto.ch\\\/wp-content\\\/uploads\\\/2025\\\/11\\\/Website-Produktbilder-800x678-1.png\",\"datePublished\":\"2024-08-08T12:29:30+00:00\",\"dateModified\":\"2025-11-19T15:47:52+00:00\",\"description\":\"Avec ces couronnes en papier de soie, d\u00e9corez votre f\u00eate de la bi\u00e8re en un clin d\u2019\u0153il avec style et en respectant le th\u00e8me.\",\"breadcrumb\":{\"@id\":\"https:\\\/\\\/shop.tombotto.ch\\\/fr\\\/shop\\\/eventail-decoratif-oktoberfest\\\/#breadcrumb\"},\"inLanguage\":\"fr-FR\",\"potentialAction\":[{\"@type\":\"ReadAction\",\"target\":[\"https:\\\/\\\/shop.tombotto.ch\\\/fr\\\/shop\\\/eventail-decoratif-oktoberfest\\\/\"]}]},{\"@type\":\"ImageObject\",\"inLanguage\":\"fr-FR\",\"@id\":\"https:\\\/\\\/shop.tombotto.ch\\\/fr\\\/shop\\\/eventail-decoratif-oktoberfest\\\/#primaryimage\",\"url\":\"https:\\\/\\\/shop.tombotto.ch\\\/wp-content\\\/uploads\\\/2025\\\/11\\\/Website-Produktbilder-800x678-1.png\",\"contentUrl\":\"https:\\\/\\\/shop.tombotto.ch\\\/wp-content\\\/uploads\\\/2025\\\/11\\\/Website-Produktbilder-800x678-1.png\",\"width\":800,\"height\":678},{\"@type\":\"BreadcrumbList\",\"@id\":\"https:\\\/\\\/shop.tombotto.ch\\\/fr\\\/shop\\\/eventail-decoratif-oktoberfest\\\/#breadcrumb\",\"itemListElement\":[{\"@type\":\"ListItem\",\"position\":1,\"name\":\"Start\",\"item\":\"https:\\\/\\\/shop.tombotto.ch\\\/fr\\\/\"},{\"@type\":\"ListItem\",\"position\":2,\"name\":\"Shop\",\"item\":\"https:\\\/\\\/shop.tombotto.ch\\\/fr\\\/shop\\\/\"},{\"@type\":\"ListItem\",\"position\":3,\"name\":\"Eventail d\u00e9coratif \\\"Oktoberfest\\\"\"}]},{\"@type\":\"WebSite\",\"@id\":\"https:\\\/\\\/shop.tombotto.ch\\\/fr\\\/#website\",\"url\":\"https:\\\/\\\/shop.tombotto.ch\\\/fr\\\/\",\"name\":\"Tombotto\",\"description\":\"Fest-, Event- &amp; Promotionsartikel\",\"publisher\":{\"@id\":\"https:\\\/\\\/shop.tombotto.ch\\\/fr\\\/#organization\"},\"potentialAction\":[{\"@type\":\"SearchAction\",\"target\":{\"@type\":\"EntryPoint\",\"urlTemplate\":\"https:\\\/\\\/shop.tombotto.ch\\\/fr\\\/?s={search_term_string}\"},\"query-input\":{\"@type\":\"PropertyValueSpecification\",\"valueRequired\":true,\"valueName\":\"search_term_string\"}}],\"inLanguage\":\"fr-FR\"},{\"@type\":\"Organization\",\"@id\":\"https:\\\/\\\/shop.tombotto.ch\\\/fr\\\/#organization\",\"name\":\"Tombotto\",\"url\":\"https:\\\/\\\/shop.tombotto.ch\\\/fr\\\/\",\"logo\":{\"@type\":\"ImageObject\",\"inLanguage\":\"fr-FR\",\"@id\":\"https:\\\/\\\/shop.tombotto.ch\\\/fr\\\/#\\\/schema\\\/logo\\\/image\\\/\",\"url\":\"https:\\\/\\\/shop.tombotto.ch\\\/wp-content\\\/uploads\\\/2023\\\/03\\\/logo.svg\",\"contentUrl\":\"https:\\\/\\\/shop.tombotto.ch\\\/wp-content\\\/uploads\\\/2023\\\/03\\\/logo.svg\",\"caption\":\"Tombotto\"},\"image\":{\"@id\":\"https:\\\/\\\/shop.tombotto.ch\\\/fr\\\/#\\\/schema\\\/logo\\\/image\\\/\"}}]}<\/script>\n<!-- \/ Yoast SEO Premium plugin. -->","yoast_head_json":{"title":"Eventail d\u00e9coratif \"Oktoberfest\" \u2022 Diam\u00e8tre 70 cm\u26aa\ufe0f\ud83d\udd35\u26aa\ud83d\udd35\ufe0f","description":"Avec ces couronnes en papier de soie, d\u00e9corez votre f\u00eate de la bi\u00e8re en un clin d\u2019\u0153il avec style et en respectant le th\u00e8me.","robots":{"index":"index","follow":"follow","max-snippet":"max-snippet:-1","max-image-preview":"max-image-preview:large","max-video-preview":"max-video-preview:-1"},"canonical":"https:\/\/shop.tombotto.ch\/fr\/shop\/eventail-decoratif-oktoberfest\/","og_locale":"fr_FR","og_type":"article","og_title":"Eventail d\u00e9coratif \"Oktoberfest\"","og_description":"Avec ces couronnes en papier de soie, d\u00e9corez votre f\u00eate de la bi\u00e8re en un clin d\u2019\u0153il avec style et en respectant le th\u00e8me.","og_url":"https:\/\/shop.tombotto.ch\/fr\/shop\/eventail-decoratif-oktoberfest\/","og_site_name":"Tombotto","article_modified_time":"2025-11-19T15:47:52+00:00","og_image":[{"width":800,"height":678,"url":"https:\/\/shop.tombotto.ch\/wp-content\/uploads\/2025\/11\/Website-Produktbilder-800x678-1.png","type":"image\/png"}],"twitter_card":"summary_large_image","twitter_misc":{"Dur\u00e9e de lecture estim\u00e9e":"1 minute"},"schema":{"@context":"https:\/\/schema.org","@graph":[{"@type":"WebPage","@id":"https:\/\/shop.tombotto.ch\/fr\/shop\/eventail-decoratif-oktoberfest\/","url":"https:\/\/shop.tombotto.ch\/fr\/shop\/eventail-decoratif-oktoberfest\/","name":"Eventail d\u00e9coratif \"Oktoberfest\" \u2022 Diam\u00e8tre 70 cm\u26aa\ufe0f\ud83d\udd35\u26aa\ud83d\udd35\ufe0f","isPartOf":{"@id":"https:\/\/shop.tombotto.ch\/fr\/#website"},"primaryImageOfPage":{"@id":"https:\/\/shop.tombotto.ch\/fr\/shop\/eventail-decoratif-oktoberfest\/#primaryimage"},"image":{"@id":"https:\/\/shop.tombotto.ch\/fr\/shop\/eventail-decoratif-oktoberfest\/#primaryimage"},"thumbnailUrl":"https:\/\/shop.tombotto.ch\/wp-content\/uploads\/2025\/11\/Website-Produktbilder-800x678-1.png","datePublished":"2024-08-08T12:29:30+00:00","dateModified":"2025-11-19T15:47:52+00:00","description":"Avec ces couronnes en papier de soie, d\u00e9corez votre f\u00eate de la bi\u00e8re en un clin d\u2019\u0153il avec style et en respectant le th\u00e8me.","breadcrumb":{"@id":"https:\/\/shop.tombotto.ch\/fr\/shop\/eventail-decoratif-oktoberfest\/#breadcrumb"},"inLanguage":"fr-FR","potentialAction":[{"@type":"ReadAction","target":["https:\/\/shop.tombotto.ch\/fr\/shop\/eventail-decoratif-oktoberfest\/"]}]},{"@type":"ImageObject","inLanguage":"fr-FR","@id":"https:\/\/shop.tombotto.ch\/fr\/shop\/eventail-decoratif-oktoberfest\/#primaryimage","url":"https:\/\/shop.tombotto.ch\/wp-content\/uploads\/2025\/11\/Website-Produktbilder-800x678-1.png","contentUrl":"https:\/\/shop.tombotto.ch\/wp-content\/uploads\/2025\/11\/Website-Produktbilder-800x678-1.png","width":800,"height":678},{"@type":"BreadcrumbList","@id":"https:\/\/shop.tombotto.ch\/fr\/shop\/eventail-decoratif-oktoberfest\/#breadcrumb","itemListElement":[{"@type":"ListItem","position":1,"name":"Start","item":"https:\/\/shop.tombotto.ch\/fr\/"},{"@type":"ListItem","position":2,"name":"Shop","item":"https:\/\/shop.tombotto.ch\/fr\/shop\/"},{"@type":"ListItem","position":3,"name":"Eventail d\u00e9coratif \"Oktoberfest\""}]},{"@type":"WebSite","@id":"https:\/\/shop.tombotto.ch\/fr\/#website","url":"https:\/\/shop.tombotto.ch\/fr\/","name":"Tombotto","description":"Fest-, Event- &amp; Promotionsartikel","publisher":{"@id":"https:\/\/shop.tombotto.ch\/fr\/#organization"},"potentialAction":[{"@type":"SearchAction","target":{"@type":"EntryPoint","urlTemplate":"https:\/\/shop.tombotto.ch\/fr\/?s={search_term_string}"},"query-input":{"@type":"PropertyValueSpecification","valueRequired":true,"valueName":"search_term_string"}}],"inLanguage":"fr-FR"},{"@type":"Organization","@id":"https:\/\/shop.tombotto.ch\/fr\/#organization","name":"Tombotto","url":"https:\/\/shop.tombotto.ch\/fr\/","logo":{"@type":"ImageObject","inLanguage":"fr-FR","@id":"https:\/\/shop.tombotto.ch\/fr\/#\/schema\/logo\/image\/","url":"https:\/\/shop.tombotto.ch\/wp-content\/uploads\/2023\/03\/logo.svg","contentUrl":"https:\/\/shop.tombotto.ch\/wp-content\/uploads\/2023\/03\/logo.svg","caption":"Tombotto"},"image":{"@id":"https:\/\/shop.tombotto.ch\/fr\/#\/schema\/logo\/image\/"}}]}},"tiered_pricing_type":"fixed","tiered_pricing_fixed_rules":[],"tiered_pricing_product_settings":{"layout":"default","base_unit_name":{"singular":null,"plural":null},"default_variation":null},"tiered_pricing_minimum_quantity":null,"tiered_pricing_roles_data":[],"tiered_pricing_percentage_rules":[],"tiered_pricing_maximum_quantity":null,"tiered_pricing_quantity_step":null,"_links":{"self":[{"href":"https:\/\/shop.tombotto.ch\/fr\/wp-json\/wp\/v2\/product\/49059","targetHints":{"allow":["GET"]}}],"collection":[{"href":"https:\/\/shop.tombotto.ch\/fr\/wp-json\/wp\/v2\/product"}],"about":[{"href":"https:\/\/shop.tombotto.ch\/fr\/wp-json\/wp\/v2\/types\/product"}],"wp:featuredmedia":[{"embeddable":true,"href":"https:\/\/shop.tombotto.ch\/fr\/wp-json\/wp\/v2\/media\/60290"}],"wp:attachment":[{"href":"https:\/\/shop.tombotto.ch\/fr\/wp-json\/wp\/v2\/media?parent=49059"}],"wp:term":[{"taxonomy":"product_brand","embeddable":true,"href":"https:\/\/shop.tombotto.ch\/fr\/wp-json\/wp\/v2\/product_brand?post=49059"},{"taxonomy":"product_cat","embeddable":true,"href":"https:\/\/shop.tombotto.ch\/fr\/wp-json\/wp\/v2\/product_cat?post=49059"},{"taxonomy":"product_tag","embeddable":true,"href":"https:\/\/shop.tombotto.ch\/fr\/wp-json\/wp\/v2\/product_tag?post=49059"}],"curies":[{"name":"wp","href":"https:\/\/api.w.org\/{rel}","templated":true}]}}