{"id":52683,"date":"2025-01-20T10:35:34","date_gmt":"2025-01-20T09:35:34","guid":{"rendered":"https:\/\/shop.tombotto.ch\/shop\/bon-de-consommation-chf-20-00\/"},"modified":"2025-07-22T07:36:38","modified_gmt":"2025-07-22T05:36:38","slug":"bon-de-consommation-chf-20-00","status":"publish","type":"product","link":"https:\/\/shop.tombotto.ch\/fr\/shop\/bon-de-consommation-chf-20-00\/","title":{"rendered":"Bon de consommation bloc 20.00 francs"},"content":{"rendered":"<p class=\"ai-optimize-23 ai-optimize-introduction\">Un bloc de bons de consommation de 50 bons \u00e0 d\u00e9chirer, d&rsquo;une valeur de 20 francs chacun. C&rsquo;est une solution de paiement sans argent liquide ni carte pour votre \u00e9v\u00e9nement. Les visiteurs de votre \u00e9v\u00e9nement peuvent utiliser ces 20 francs \u00e0 leur guise. La valeur utilis\u00e9e est biff\u00e9e ou perfor\u00e9e apr\u00e8s encaissement, jusqu&rsquo;\u00e0 ce que les montants sur le bon soient \u00e9puis\u00e9s.<\/p>\n<ul>\n<li class=\"ai-optimize-24\">Carte de tickets de valeur<\/li>\n<li class=\"ai-optimize-25\">50 coupons (num\u00e9rot\u00e9s)<\/li>\n<li class=\"ai-optimize-26\">Bloc coll\u00e9<\/li>\n<li class=\"ai-optimize-27\">Couleur vert clair<\/li>\n<li class=\"ai-optimize-28\">Papier 120g<\/li>\n<li class=\"ai-optimize-29\">Taille des tickets 12 x 7 cm<\/li>\n<\/ul>\n","protected":false},"excerpt":{"rendered":"<p class=\"ai-optimize-22 ai-optimize-introduction\">Bloc \u00e0 50 bons<\/p>\n","protected":false},"featured_media":60482,"template":"","meta":{"_acf_changed":false,"inline_featured_image":false},"product_brand":[],"product_cat":[4618],"product_tag":[],"class_list":{"0":"post-52683","1":"product","2":"type-product","3":"status-publish","4":"has-post-thumbnail","6":"product_cat-carte-de-bons","8":"first","9":"instock","10":"taxable","11":"shipping-taxable","12":"purchasable","13":"product-type-simple"},"exclude_global_add_ons":[],"addons":[],"acf":[],"yoast_head":"<!-- This site is optimized with the Yoast SEO Premium plugin v27.4 (Yoast SEO v27.4) - https:\/\/yoast.com\/product\/yoast-seo-premium-wordpress\/ -->\n<title>Bon de consommation bloc \u2022 20 francs bon \u2022 paiement sans argent<\/title>\n<meta name=\"description\" content=\"Un bloc de bons de consommation de 50 bons \u00e0 d\u00e9chirer, d&#039;une valeur de 20 francs chacun. C&#039;est une solution de paiement sans argent liquide ni carte pour votre \u00e9v\u00e9nement.\" \/>\n<meta name=\"robots\" content=\"index, follow, max-snippet:-1, max-image-preview:large, max-video-preview:-1\" \/>\n<link rel=\"canonical\" href=\"https:\/\/shop.tombotto.ch\/fr\/shop\/bon-de-consommation-chf-20-00\/\" \/>\n<meta property=\"og:locale\" content=\"fr_FR\" \/>\n<meta property=\"og:type\" content=\"article\" \/>\n<meta property=\"og:title\" content=\"Bon de consommation bloc 20.00 francs\" \/>\n<meta property=\"og:description\" content=\"Un bloc de bons de consommation de 50 bons \u00e0 d\u00e9chirer, d&#039;une valeur de 20 francs chacun. C&#039;est une solution de paiement sans argent liquide ni carte pour votre \u00e9v\u00e9nement.\" \/>\n<meta property=\"og:url\" content=\"https:\/\/shop.tombotto.ch\/fr\/shop\/bon-de-consommation-chf-20-00\/\" \/>\n<meta property=\"og:site_name\" content=\"Tombotto\" \/>\n<meta property=\"article:modified_time\" content=\"2025-07-22T05:36:38+00:00\" \/>\n<meta property=\"og:image\" content=\"https:\/\/shop.tombotto.ch\/wp-content\/uploads\/2025\/01\/61220_1.png\" \/>\n\t<meta property=\"og:image:width\" content=\"800\" \/>\n\t<meta property=\"og:image:height\" content=\"678\" \/>\n\t<meta property=\"og:image:type\" content=\"image\/png\" \/>\n<meta name=\"twitter:card\" content=\"summary_large_image\" \/>\n<meta name=\"twitter:label1\" content=\"Dur\u00e9e de lecture estim\u00e9e\" \/>\n\t<meta name=\"twitter:data1\" content=\"1 minute\" \/>\n<script type=\"application\/ld+json\" class=\"yoast-schema-graph\">{\"@context\":\"https:\\\/\\\/schema.org\",\"@graph\":[{\"@type\":\"WebPage\",\"@id\":\"https:\\\/\\\/shop.tombotto.ch\\\/fr\\\/shop\\\/bon-de-consommation-chf-20-00\\\/\",\"url\":\"https:\\\/\\\/shop.tombotto.ch\\\/fr\\\/shop\\\/bon-de-consommation-chf-20-00\\\/\",\"name\":\"Bon de consommation bloc \u2022 20 francs bon \u2022 paiement sans argent\",\"isPartOf\":{\"@id\":\"https:\\\/\\\/shop.tombotto.ch\\\/fr\\\/#website\"},\"primaryImageOfPage\":{\"@id\":\"https:\\\/\\\/shop.tombotto.ch\\\/fr\\\/shop\\\/bon-de-consommation-chf-20-00\\\/#primaryimage\"},\"image\":{\"@id\":\"https:\\\/\\\/shop.tombotto.ch\\\/fr\\\/shop\\\/bon-de-consommation-chf-20-00\\\/#primaryimage\"},\"thumbnailUrl\":\"https:\\\/\\\/shop.tombotto.ch\\\/wp-content\\\/uploads\\\/2025\\\/01\\\/61220_1.png\",\"datePublished\":\"2025-01-20T09:35:34+00:00\",\"dateModified\":\"2025-07-22T05:36:38+00:00\",\"description\":\"Un bloc de bons de consommation de 50 bons \u00e0 d\u00e9chirer, d'une valeur de 20 francs chacun. C'est une solution de paiement sans argent liquide ni carte pour votre \u00e9v\u00e9nement.\",\"breadcrumb\":{\"@id\":\"https:\\\/\\\/shop.tombotto.ch\\\/fr\\\/shop\\\/bon-de-consommation-chf-20-00\\\/#breadcrumb\"},\"inLanguage\":\"fr-FR\",\"potentialAction\":[{\"@type\":\"ReadAction\",\"target\":[\"https:\\\/\\\/shop.tombotto.ch\\\/fr\\\/shop\\\/bon-de-consommation-chf-20-00\\\/\"]}]},{\"@type\":\"ImageObject\",\"inLanguage\":\"fr-FR\",\"@id\":\"https:\\\/\\\/shop.tombotto.ch\\\/fr\\\/shop\\\/bon-de-consommation-chf-20-00\\\/#primaryimage\",\"url\":\"https:\\\/\\\/shop.tombotto.ch\\\/wp-content\\\/uploads\\\/2025\\\/01\\\/61220_1.png\",\"contentUrl\":\"https:\\\/\\\/shop.tombotto.ch\\\/wp-content\\\/uploads\\\/2025\\\/01\\\/61220_1.png\",\"width\":800,\"height\":678},{\"@type\":\"BreadcrumbList\",\"@id\":\"https:\\\/\\\/shop.tombotto.ch\\\/fr\\\/shop\\\/bon-de-consommation-chf-20-00\\\/#breadcrumb\",\"itemListElement\":[{\"@type\":\"ListItem\",\"position\":1,\"name\":\"Start\",\"item\":\"https:\\\/\\\/shop.tombotto.ch\\\/fr\\\/\"},{\"@type\":\"ListItem\",\"position\":2,\"name\":\"Shop\",\"item\":\"https:\\\/\\\/shop.tombotto.ch\\\/fr\\\/shop\\\/\"},{\"@type\":\"ListItem\",\"position\":3,\"name\":\"Bon de consommation bloc 20.00 francs\"}]},{\"@type\":\"WebSite\",\"@id\":\"https:\\\/\\\/shop.tombotto.ch\\\/fr\\\/#website\",\"url\":\"https:\\\/\\\/shop.tombotto.ch\\\/fr\\\/\",\"name\":\"Tombotto\",\"description\":\"Fest-, Event- &amp; Promotionsartikel\",\"publisher\":{\"@id\":\"https:\\\/\\\/shop.tombotto.ch\\\/fr\\\/#organization\"},\"potentialAction\":[{\"@type\":\"SearchAction\",\"target\":{\"@type\":\"EntryPoint\",\"urlTemplate\":\"https:\\\/\\\/shop.tombotto.ch\\\/fr\\\/?s={search_term_string}\"},\"query-input\":{\"@type\":\"PropertyValueSpecification\",\"valueRequired\":true,\"valueName\":\"search_term_string\"}}],\"inLanguage\":\"fr-FR\"},{\"@type\":\"Organization\",\"@id\":\"https:\\\/\\\/shop.tombotto.ch\\\/fr\\\/#organization\",\"name\":\"Tombotto\",\"url\":\"https:\\\/\\\/shop.tombotto.ch\\\/fr\\\/\",\"logo\":{\"@type\":\"ImageObject\",\"inLanguage\":\"fr-FR\",\"@id\":\"https:\\\/\\\/shop.tombotto.ch\\\/fr\\\/#\\\/schema\\\/logo\\\/image\\\/\",\"url\":\"https:\\\/\\\/shop.tombotto.ch\\\/wp-content\\\/uploads\\\/2023\\\/03\\\/logo.svg\",\"contentUrl\":\"https:\\\/\\\/shop.tombotto.ch\\\/wp-content\\\/uploads\\\/2023\\\/03\\\/logo.svg\",\"caption\":\"Tombotto\"},\"image\":{\"@id\":\"https:\\\/\\\/shop.tombotto.ch\\\/fr\\\/#\\\/schema\\\/logo\\\/image\\\/\"}}]}<\/script>\n<!-- \/ Yoast SEO Premium plugin. -->","yoast_head_json":{"title":"Bon de consommation bloc \u2022 20 francs bon \u2022 paiement sans argent","description":"Un bloc de bons de consommation de 50 bons \u00e0 d\u00e9chirer, d'une valeur de 20 francs chacun. C'est une solution de paiement sans argent liquide ni carte pour votre \u00e9v\u00e9nement.","robots":{"index":"index","follow":"follow","max-snippet":"max-snippet:-1","max-image-preview":"max-image-preview:large","max-video-preview":"max-video-preview:-1"},"canonical":"https:\/\/shop.tombotto.ch\/fr\/shop\/bon-de-consommation-chf-20-00\/","og_locale":"fr_FR","og_type":"article","og_title":"Bon de consommation bloc 20.00 francs","og_description":"Un bloc de bons de consommation de 50 bons \u00e0 d\u00e9chirer, d'une valeur de 20 francs chacun. C'est une solution de paiement sans argent liquide ni carte pour votre \u00e9v\u00e9nement.","og_url":"https:\/\/shop.tombotto.ch\/fr\/shop\/bon-de-consommation-chf-20-00\/","og_site_name":"Tombotto","article_modified_time":"2025-07-22T05:36:38+00:00","og_image":[{"width":800,"height":678,"url":"https:\/\/shop.tombotto.ch\/wp-content\/uploads\/2025\/01\/61220_1.png","type":"image\/png"}],"twitter_card":"summary_large_image","twitter_misc":{"Dur\u00e9e de lecture estim\u00e9e":"1 minute"},"schema":{"@context":"https:\/\/schema.org","@graph":[{"@type":"WebPage","@id":"https:\/\/shop.tombotto.ch\/fr\/shop\/bon-de-consommation-chf-20-00\/","url":"https:\/\/shop.tombotto.ch\/fr\/shop\/bon-de-consommation-chf-20-00\/","name":"Bon de consommation bloc \u2022 20 francs bon \u2022 paiement sans argent","isPartOf":{"@id":"https:\/\/shop.tombotto.ch\/fr\/#website"},"primaryImageOfPage":{"@id":"https:\/\/shop.tombotto.ch\/fr\/shop\/bon-de-consommation-chf-20-00\/#primaryimage"},"image":{"@id":"https:\/\/shop.tombotto.ch\/fr\/shop\/bon-de-consommation-chf-20-00\/#primaryimage"},"thumbnailUrl":"https:\/\/shop.tombotto.ch\/wp-content\/uploads\/2025\/01\/61220_1.png","datePublished":"2025-01-20T09:35:34+00:00","dateModified":"2025-07-22T05:36:38+00:00","description":"Un bloc de bons de consommation de 50 bons \u00e0 d\u00e9chirer, d'une valeur de 20 francs chacun. C'est une solution de paiement sans argent liquide ni carte pour votre \u00e9v\u00e9nement.","breadcrumb":{"@id":"https:\/\/shop.tombotto.ch\/fr\/shop\/bon-de-consommation-chf-20-00\/#breadcrumb"},"inLanguage":"fr-FR","potentialAction":[{"@type":"ReadAction","target":["https:\/\/shop.tombotto.ch\/fr\/shop\/bon-de-consommation-chf-20-00\/"]}]},{"@type":"ImageObject","inLanguage":"fr-FR","@id":"https:\/\/shop.tombotto.ch\/fr\/shop\/bon-de-consommation-chf-20-00\/#primaryimage","url":"https:\/\/shop.tombotto.ch\/wp-content\/uploads\/2025\/01\/61220_1.png","contentUrl":"https:\/\/shop.tombotto.ch\/wp-content\/uploads\/2025\/01\/61220_1.png","width":800,"height":678},{"@type":"BreadcrumbList","@id":"https:\/\/shop.tombotto.ch\/fr\/shop\/bon-de-consommation-chf-20-00\/#breadcrumb","itemListElement":[{"@type":"ListItem","position":1,"name":"Start","item":"https:\/\/shop.tombotto.ch\/fr\/"},{"@type":"ListItem","position":2,"name":"Shop","item":"https:\/\/shop.tombotto.ch\/fr\/shop\/"},{"@type":"ListItem","position":3,"name":"Bon de consommation bloc 20.00 francs"}]},{"@type":"WebSite","@id":"https:\/\/shop.tombotto.ch\/fr\/#website","url":"https:\/\/shop.tombotto.ch\/fr\/","name":"Tombotto","description":"Fest-, Event- &amp; Promotionsartikel","publisher":{"@id":"https:\/\/shop.tombotto.ch\/fr\/#organization"},"potentialAction":[{"@type":"SearchAction","target":{"@type":"EntryPoint","urlTemplate":"https:\/\/shop.tombotto.ch\/fr\/?s={search_term_string}"},"query-input":{"@type":"PropertyValueSpecification","valueRequired":true,"valueName":"search_term_string"}}],"inLanguage":"fr-FR"},{"@type":"Organization","@id":"https:\/\/shop.tombotto.ch\/fr\/#organization","name":"Tombotto","url":"https:\/\/shop.tombotto.ch\/fr\/","logo":{"@type":"ImageObject","inLanguage":"fr-FR","@id":"https:\/\/shop.tombotto.ch\/fr\/#\/schema\/logo\/image\/","url":"https:\/\/shop.tombotto.ch\/wp-content\/uploads\/2023\/03\/logo.svg","contentUrl":"https:\/\/shop.tombotto.ch\/wp-content\/uploads\/2023\/03\/logo.svg","caption":"Tombotto"},"image":{"@id":"https:\/\/shop.tombotto.ch\/fr\/#\/schema\/logo\/image\/"}}]}},"tiered_pricing_type":"fixed","tiered_pricing_fixed_rules":[],"tiered_pricing_product_settings":{"layout":"default","base_unit_name":{"singular":null,"plural":null},"default_variation":null},"tiered_pricing_minimum_quantity":null,"tiered_pricing_roles_data":[],"tiered_pricing_percentage_rules":[],"tiered_pricing_maximum_quantity":null,"tiered_pricing_quantity_step":null,"_links":{"self":[{"href":"https:\/\/shop.tombotto.ch\/fr\/wp-json\/wp\/v2\/product\/52683","targetHints":{"allow":["GET"]}}],"collection":[{"href":"https:\/\/shop.tombotto.ch\/fr\/wp-json\/wp\/v2\/product"}],"about":[{"href":"https:\/\/shop.tombotto.ch\/fr\/wp-json\/wp\/v2\/types\/product"}],"wp:featuredmedia":[{"embeddable":true,"href":"https:\/\/shop.tombotto.ch\/fr\/wp-json\/wp\/v2\/media\/60482"}],"wp:attachment":[{"href":"https:\/\/shop.tombotto.ch\/fr\/wp-json\/wp\/v2\/media?parent=52683"}],"wp:term":[{"taxonomy":"product_brand","embeddable":true,"href":"https:\/\/shop.tombotto.ch\/fr\/wp-json\/wp\/v2\/product_brand?post=52683"},{"taxonomy":"product_cat","embeddable":true,"href":"https:\/\/shop.tombotto.ch\/fr\/wp-json\/wp\/v2\/product_cat?post=52683"},{"taxonomy":"product_tag","embeddable":true,"href":"https:\/\/shop.tombotto.ch\/fr\/wp-json\/wp\/v2\/product_tag?post=52683"}],"curies":[{"name":"wp","href":"https:\/\/api.w.org\/{rel}","templated":true}]}}