{"id":55898,"date":"2025-05-20T08:32:50","date_gmt":"2025-05-20T06:32:50","guid":{"rendered":"https:\/\/shop.tombotto.ch\/?post_type=product&#038;p=55898"},"modified":"2025-10-07T09:31:14","modified_gmt":"2025-10-07T07:31:14","slug":"carte-plastique-avec-trou-rond-076-mm-blanche","status":"publish","type":"product","link":"https:\/\/shop.tombotto.ch\/fr\/shop\/carte-plastique-avec-trou-rond-076-mm-blanche\/","title":{"rendered":"Carte plastique avec trou rond<br>0,76 mm, blanches"},"content":{"rendered":"<ul>\n<li>Carte plastique 0,76 mm<\/li>\n<li>Blanches<\/li>\n<li>Carte plastique avec trou rond sur le c\u00f4t\u00e9 court<\/li>\n<li>Trou \u00d8 5 mm<\/li>\n<li>Format carte de cr\u00e9dit 86 x 54 x 0,76 mm<\/li>\n<li>Vente par 100 ou 500 pi\u00e8ces<\/li>\n<\/ul>\n","protected":false},"excerpt":{"rendered":"<p>Unit\u00e9s de vente 100 \/ 500 pi\u00e8ces<\/p>\n","protected":false},"featured_media":55904,"template":"","meta":{"_acf_changed":false,"inline_featured_image":false},"product_brand":[],"product_cat":[4599],"product_tag":[],"class_list":{"0":"post-55898","1":"product","2":"type-product","3":"status-publish","4":"has-post-thumbnail","6":"product_cat-cartes-en-plastique","8":"first","9":"instock","10":"taxable","11":"shipping-taxable","12":"purchasable","13":"product-type-variable"},"exclude_global_add_ons":[],"addons":[],"acf":[],"yoast_head":"<!-- This site is optimized with the Yoast SEO Premium plugin v27.4 (Yoast SEO v27.6) - https:\/\/yoast.com\/product\/yoast-seo-premium-wordpress\/ -->\n<title>Carte plastique avec trou rond 0,76mm - Blanche<\/title>\n<meta name=\"description\" content=\"Carte plastique avec trou sur le petit c\u00f4t\u00e9 - format carte de cr\u00e9dit 86 x 54 x 0,76 mm - vendue par 100 ou 500 pi\u00e8ces - \u00e9paisseur 0,76mm\" \/>\n<meta name=\"robots\" content=\"index, follow, max-snippet:-1, max-image-preview:large, max-video-preview:-1\" \/>\n<link rel=\"canonical\" href=\"https:\/\/shop.tombotto.ch\/fr\/shop\/carte-plastique-avec-trou-rond-076-mm-blanche\/\" \/>\n<meta property=\"og:locale\" content=\"fr_FR\" \/>\n<meta property=\"og:type\" content=\"article\" \/>\n<meta property=\"og:title\" content=\"Carte plastique avec trou rond0,76 mm, blanches\" \/>\n<meta property=\"og:description\" content=\"Carte plastique avec trou sur le petit c\u00f4t\u00e9 - format carte de cr\u00e9dit 86 x 54 x 0,76 mm - vendue par 100 ou 500 pi\u00e8ces - \u00e9paisseur 0,76mm\" \/>\n<meta property=\"og:url\" content=\"https:\/\/shop.tombotto.ch\/fr\/shop\/carte-plastique-avec-trou-rond-076-mm-blanche\/\" \/>\n<meta property=\"og:site_name\" content=\"Tombotto\" \/>\n<meta property=\"article:modified_time\" content=\"2025-10-07T07:31:14+00:00\" \/>\n<meta property=\"og:image\" content=\"https:\/\/shop.tombotto.ch\/wp-content\/uploads\/2025\/05\/70308.jpg\" \/>\n\t<meta property=\"og:image:width\" content=\"800\" \/>\n\t<meta property=\"og:image:height\" content=\"678\" \/>\n\t<meta property=\"og:image:type\" content=\"image\/jpeg\" \/>\n<meta name=\"twitter:card\" content=\"summary_large_image\" \/>\n<meta name=\"twitter:label1\" content=\"Dur\u00e9e de lecture estim\u00e9e\" \/>\n\t<meta name=\"twitter:data1\" content=\"1 minute\" \/>\n<script type=\"application\/ld+json\" class=\"yoast-schema-graph\">{\"@context\":\"https:\\\/\\\/schema.org\",\"@graph\":[{\"@type\":\"WebPage\",\"@id\":\"https:\\\/\\\/shop.tombotto.ch\\\/fr\\\/shop\\\/carte-plastique-avec-trou-rond-076-mm-blanche\\\/\",\"url\":\"https:\\\/\\\/shop.tombotto.ch\\\/fr\\\/shop\\\/carte-plastique-avec-trou-rond-076-mm-blanche\\\/\",\"name\":\"Carte plastique avec trou rond 0,76mm - Blanche\",\"isPartOf\":{\"@id\":\"https:\\\/\\\/shop.tombotto.ch\\\/fr\\\/#website\"},\"primaryImageOfPage\":{\"@id\":\"https:\\\/\\\/shop.tombotto.ch\\\/fr\\\/shop\\\/carte-plastique-avec-trou-rond-076-mm-blanche\\\/#primaryimage\"},\"image\":{\"@id\":\"https:\\\/\\\/shop.tombotto.ch\\\/fr\\\/shop\\\/carte-plastique-avec-trou-rond-076-mm-blanche\\\/#primaryimage\"},\"thumbnailUrl\":\"https:\\\/\\\/shop.tombotto.ch\\\/wp-content\\\/uploads\\\/2025\\\/05\\\/70308.jpg\",\"datePublished\":\"2025-05-20T06:32:50+00:00\",\"dateModified\":\"2025-10-07T07:31:14+00:00\",\"description\":\"Carte plastique avec trou sur le petit c\u00f4t\u00e9 - format carte de cr\u00e9dit 86 x 54 x 0,76 mm - vendue par 100 ou 500 pi\u00e8ces - \u00e9paisseur 0,76mm\",\"breadcrumb\":{\"@id\":\"https:\\\/\\\/shop.tombotto.ch\\\/fr\\\/shop\\\/carte-plastique-avec-trou-rond-076-mm-blanche\\\/#breadcrumb\"},\"inLanguage\":\"fr-FR\",\"potentialAction\":[{\"@type\":\"ReadAction\",\"target\":[\"https:\\\/\\\/shop.tombotto.ch\\\/fr\\\/shop\\\/carte-plastique-avec-trou-rond-076-mm-blanche\\\/\"]}]},{\"@type\":\"ImageObject\",\"inLanguage\":\"fr-FR\",\"@id\":\"https:\\\/\\\/shop.tombotto.ch\\\/fr\\\/shop\\\/carte-plastique-avec-trou-rond-076-mm-blanche\\\/#primaryimage\",\"url\":\"https:\\\/\\\/shop.tombotto.ch\\\/wp-content\\\/uploads\\\/2025\\\/05\\\/70308.jpg\",\"contentUrl\":\"https:\\\/\\\/shop.tombotto.ch\\\/wp-content\\\/uploads\\\/2025\\\/05\\\/70308.jpg\",\"width\":800,\"height\":678},{\"@type\":\"BreadcrumbList\",\"@id\":\"https:\\\/\\\/shop.tombotto.ch\\\/fr\\\/shop\\\/carte-plastique-avec-trou-rond-076-mm-blanche\\\/#breadcrumb\",\"itemListElement\":[{\"@type\":\"ListItem\",\"position\":1,\"name\":\"Start\",\"item\":\"https:\\\/\\\/shop.tombotto.ch\\\/fr\\\/\"},{\"@type\":\"ListItem\",\"position\":2,\"name\":\"Shop\",\"item\":\"https:\\\/\\\/shop.tombotto.ch\\\/fr\\\/shop\\\/\"},{\"@type\":\"ListItem\",\"position\":3,\"name\":\"Carte plastique avec trou rond0,76 mm, blanches\"}]},{\"@type\":\"WebSite\",\"@id\":\"https:\\\/\\\/shop.tombotto.ch\\\/fr\\\/#website\",\"url\":\"https:\\\/\\\/shop.tombotto.ch\\\/fr\\\/\",\"name\":\"Tombotto\",\"description\":\"Fest-, Event- &amp; Promotionsartikel\",\"publisher\":{\"@id\":\"https:\\\/\\\/shop.tombotto.ch\\\/fr\\\/#organization\"},\"potentialAction\":[{\"@type\":\"SearchAction\",\"target\":{\"@type\":\"EntryPoint\",\"urlTemplate\":\"https:\\\/\\\/shop.tombotto.ch\\\/fr\\\/?s={search_term_string}\"},\"query-input\":{\"@type\":\"PropertyValueSpecification\",\"valueRequired\":true,\"valueName\":\"search_term_string\"}}],\"inLanguage\":\"fr-FR\"},{\"@type\":\"Organization\",\"@id\":\"https:\\\/\\\/shop.tombotto.ch\\\/fr\\\/#organization\",\"name\":\"Tombotto\",\"url\":\"https:\\\/\\\/shop.tombotto.ch\\\/fr\\\/\",\"logo\":{\"@type\":\"ImageObject\",\"inLanguage\":\"fr-FR\",\"@id\":\"https:\\\/\\\/shop.tombotto.ch\\\/fr\\\/#\\\/schema\\\/logo\\\/image\\\/\",\"url\":\"https:\\\/\\\/shop.tombotto.ch\\\/wp-content\\\/uploads\\\/2023\\\/03\\\/logo.svg\",\"contentUrl\":\"https:\\\/\\\/shop.tombotto.ch\\\/wp-content\\\/uploads\\\/2023\\\/03\\\/logo.svg\",\"caption\":\"Tombotto\"},\"image\":{\"@id\":\"https:\\\/\\\/shop.tombotto.ch\\\/fr\\\/#\\\/schema\\\/logo\\\/image\\\/\"}}]}<\/script>\n<!-- \/ Yoast SEO Premium plugin. -->","yoast_head_json":{"title":"Carte plastique avec trou rond 0,76mm - Blanche","description":"Carte plastique avec trou sur le petit c\u00f4t\u00e9 - format carte de cr\u00e9dit 86 x 54 x 0,76 mm - vendue par 100 ou 500 pi\u00e8ces - \u00e9paisseur 0,76mm","robots":{"index":"index","follow":"follow","max-snippet":"max-snippet:-1","max-image-preview":"max-image-preview:large","max-video-preview":"max-video-preview:-1"},"canonical":"https:\/\/shop.tombotto.ch\/fr\/shop\/carte-plastique-avec-trou-rond-076-mm-blanche\/","og_locale":"fr_FR","og_type":"article","og_title":"Carte plastique avec trou rond0,76 mm, blanches","og_description":"Carte plastique avec trou sur le petit c\u00f4t\u00e9 - format carte de cr\u00e9dit 86 x 54 x 0,76 mm - vendue par 100 ou 500 pi\u00e8ces - \u00e9paisseur 0,76mm","og_url":"https:\/\/shop.tombotto.ch\/fr\/shop\/carte-plastique-avec-trou-rond-076-mm-blanche\/","og_site_name":"Tombotto","article_modified_time":"2025-10-07T07:31:14+00:00","og_image":[{"width":800,"height":678,"url":"https:\/\/shop.tombotto.ch\/wp-content\/uploads\/2025\/05\/70308.jpg","type":"image\/jpeg"}],"twitter_card":"summary_large_image","twitter_misc":{"Dur\u00e9e de lecture estim\u00e9e":"1 minute"},"schema":{"@context":"https:\/\/schema.org","@graph":[{"@type":"WebPage","@id":"https:\/\/shop.tombotto.ch\/fr\/shop\/carte-plastique-avec-trou-rond-076-mm-blanche\/","url":"https:\/\/shop.tombotto.ch\/fr\/shop\/carte-plastique-avec-trou-rond-076-mm-blanche\/","name":"Carte plastique avec trou rond 0,76mm - Blanche","isPartOf":{"@id":"https:\/\/shop.tombotto.ch\/fr\/#website"},"primaryImageOfPage":{"@id":"https:\/\/shop.tombotto.ch\/fr\/shop\/carte-plastique-avec-trou-rond-076-mm-blanche\/#primaryimage"},"image":{"@id":"https:\/\/shop.tombotto.ch\/fr\/shop\/carte-plastique-avec-trou-rond-076-mm-blanche\/#primaryimage"},"thumbnailUrl":"https:\/\/shop.tombotto.ch\/wp-content\/uploads\/2025\/05\/70308.jpg","datePublished":"2025-05-20T06:32:50+00:00","dateModified":"2025-10-07T07:31:14+00:00","description":"Carte plastique avec trou sur le petit c\u00f4t\u00e9 - format carte de cr\u00e9dit 86 x 54 x 0,76 mm - vendue par 100 ou 500 pi\u00e8ces - \u00e9paisseur 0,76mm","breadcrumb":{"@id":"https:\/\/shop.tombotto.ch\/fr\/shop\/carte-plastique-avec-trou-rond-076-mm-blanche\/#breadcrumb"},"inLanguage":"fr-FR","potentialAction":[{"@type":"ReadAction","target":["https:\/\/shop.tombotto.ch\/fr\/shop\/carte-plastique-avec-trou-rond-076-mm-blanche\/"]}]},{"@type":"ImageObject","inLanguage":"fr-FR","@id":"https:\/\/shop.tombotto.ch\/fr\/shop\/carte-plastique-avec-trou-rond-076-mm-blanche\/#primaryimage","url":"https:\/\/shop.tombotto.ch\/wp-content\/uploads\/2025\/05\/70308.jpg","contentUrl":"https:\/\/shop.tombotto.ch\/wp-content\/uploads\/2025\/05\/70308.jpg","width":800,"height":678},{"@type":"BreadcrumbList","@id":"https:\/\/shop.tombotto.ch\/fr\/shop\/carte-plastique-avec-trou-rond-076-mm-blanche\/#breadcrumb","itemListElement":[{"@type":"ListItem","position":1,"name":"Start","item":"https:\/\/shop.tombotto.ch\/fr\/"},{"@type":"ListItem","position":2,"name":"Shop","item":"https:\/\/shop.tombotto.ch\/fr\/shop\/"},{"@type":"ListItem","position":3,"name":"Carte plastique avec trou rond0,76 mm, blanches"}]},{"@type":"WebSite","@id":"https:\/\/shop.tombotto.ch\/fr\/#website","url":"https:\/\/shop.tombotto.ch\/fr\/","name":"Tombotto","description":"Fest-, Event- &amp; Promotionsartikel","publisher":{"@id":"https:\/\/shop.tombotto.ch\/fr\/#organization"},"potentialAction":[{"@type":"SearchAction","target":{"@type":"EntryPoint","urlTemplate":"https:\/\/shop.tombotto.ch\/fr\/?s={search_term_string}"},"query-input":{"@type":"PropertyValueSpecification","valueRequired":true,"valueName":"search_term_string"}}],"inLanguage":"fr-FR"},{"@type":"Organization","@id":"https:\/\/shop.tombotto.ch\/fr\/#organization","name":"Tombotto","url":"https:\/\/shop.tombotto.ch\/fr\/","logo":{"@type":"ImageObject","inLanguage":"fr-FR","@id":"https:\/\/shop.tombotto.ch\/fr\/#\/schema\/logo\/image\/","url":"https:\/\/shop.tombotto.ch\/wp-content\/uploads\/2023\/03\/logo.svg","contentUrl":"https:\/\/shop.tombotto.ch\/wp-content\/uploads\/2023\/03\/logo.svg","caption":"Tombotto"},"image":{"@id":"https:\/\/shop.tombotto.ch\/fr\/#\/schema\/logo\/image\/"}}]}},"tiered_pricing_type":"fixed","tiered_pricing_fixed_rules":[],"tiered_pricing_product_settings":{"layout":"default","base_unit_name":{"singular":null,"plural":null},"default_variation":null},"tiered_pricing_minimum_quantity":null,"tiered_pricing_roles_data":[],"tiered_pricing_percentage_rules":[],"tiered_pricing_maximum_quantity":null,"tiered_pricing_quantity_step":null,"_links":{"self":[{"href":"https:\/\/shop.tombotto.ch\/fr\/wp-json\/wp\/v2\/product\/55898","targetHints":{"allow":["GET"]}}],"collection":[{"href":"https:\/\/shop.tombotto.ch\/fr\/wp-json\/wp\/v2\/product"}],"about":[{"href":"https:\/\/shop.tombotto.ch\/fr\/wp-json\/wp\/v2\/types\/product"}],"wp:featuredmedia":[{"embeddable":true,"href":"https:\/\/shop.tombotto.ch\/fr\/wp-json\/wp\/v2\/media\/55904"}],"wp:attachment":[{"href":"https:\/\/shop.tombotto.ch\/fr\/wp-json\/wp\/v2\/media?parent=55898"}],"wp:term":[{"taxonomy":"product_brand","embeddable":true,"href":"https:\/\/shop.tombotto.ch\/fr\/wp-json\/wp\/v2\/product_brand?post=55898"},{"taxonomy":"product_cat","embeddable":true,"href":"https:\/\/shop.tombotto.ch\/fr\/wp-json\/wp\/v2\/product_cat?post=55898"},{"taxonomy":"product_tag","embeddable":true,"href":"https:\/\/shop.tombotto.ch\/fr\/wp-json\/wp\/v2\/product_tag?post=55898"}],"curies":[{"name":"wp","href":"https:\/\/api.w.org\/{rel}","templated":true}]}}