{"id":56823,"date":"2025-06-24T13:02:22","date_gmt":"2025-06-24T11:02:22","guid":{"rendered":"https:\/\/shop.tombotto.ch\/?post_type=product&#038;p=56823"},"modified":"2025-12-03T10:14:21","modified_gmt":"2025-12-03T09:14:21","slug":"bouchons-de-protection-pour-oreilles-mellows-7800","status":"publish","type":"product","link":"https:\/\/shop.tombotto.ch\/fr\/shop\/bouchons-de-protection-pour-oreilles-mellows-7800\/","title":{"rendered":"Bouchons de protection pour oreilles Spark Plugs 7800"},"content":{"rendered":"<p>Bouchons d\u2019oreilles jetables Ohropax<\/p>\n<ul>\n<li>En mousse polyur\u00e9thane doux, absorbant le bruit<\/li>\n<li>Couleurs assorties<\/li>\n<li>Emball\u00e9s par paire, hygi\u00e9niquement<\/li>\n<li>Taille unique<\/li>\n<li>Test\u00e9 selon EN352-2<\/li>\n<li>Marquage CE selon la directive CE 89\/686 CEE<\/li>\n<li>Valeur SNR 35 (bonne valeur d\u2019isolation)<\/li>\n<li>Id\u00e9al pour les concerts et les \u00e9v\u00e9nements<\/li>\n<li>Carton \u00e0 200 paires<\/li>\n<\/ul>\n<table style=\"margin: auto auto auto 3.5pt; width: 362px; border-collapse: collapse; height: 110px;\" border=\"0\" width=\"473\" cellspacing=\"0\" cellpadding=\"0\">\n<tbody>\n<tr style=\"page-break-inside: avoid;\">\n<td style=\"border-bottom: windowtext 1pt solid; border-left: windowtext 1.5pt solid; background-color: transparent; width: 106.35pt; border-top: windowtext 1.5pt solid; border-right: windowtext 1pt solid; padding: 0cm 3.5pt 0cm 3.5pt;\" valign=\"top\" width=\"142\">\n<div><span style=\"color: #000000;\"><span style=\"font-size: 7pt;\"><span style=\"font-family: 'Open Sans', arial, Geneva, Swiss, sans-serif;\">Fr\u00e9quence(Hz)<\/span><\/span><\/span><\/div>\n<\/td>\n<td style=\"border-bottom: windowtext 1pt solid; border-left: #ece9d8; background-color: transparent; width: 35.4pt; border-top: windowtext 1.5pt solid; border-right: windowtext 1pt solid; padding: 0cm 3.5pt 0cm 3.5pt;\" valign=\"top\" width=\"47\">\n<div align=\"center\"><span style=\"color: #000000;\"><span style=\"font-size: 8pt;\"><span style=\"font-family: 'Open Sans', arial, Geneva, Swiss, sans-serif;\">125<\/span><\/span><\/span><\/div>\n<\/td>\n<td style=\"border-bottom: windowtext 1pt solid; border-left: #ece9d8; background-color: transparent; width: 35.45pt; border-top: windowtext 1.5pt solid; border-right: windowtext 1pt solid; padding: 0cm 3.5pt 0cm 3.5pt;\" valign=\"top\" width=\"47\">\n<div align=\"center\"><span style=\"color: #000000;\"><span style=\"font-size: 8pt;\"><span style=\"font-family: 'Open Sans', arial, Geneva, Swiss, sans-serif;\">250<\/span><\/span><\/span><\/div>\n<\/td>\n<td style=\"border-bottom: windowtext 1pt solid; border-left: #ece9d8; background-color: transparent; width: 35.45pt; border-top: windowtext 1.5pt solid; border-right: windowtext 1pt solid; padding: 0cm 3.5pt 0cm 3.5pt;\" valign=\"top\" width=\"47\">\n<div align=\"center\"><span style=\"color: #000000;\"><span style=\"font-size: 8pt;\"><span style=\"font-family: 'Open Sans', arial, Geneva, Swiss, sans-serif;\">500<\/span><\/span><\/span><\/div>\n<\/td>\n<td style=\"border-bottom: windowtext 1pt solid; border-left: #ece9d8; background-color: transparent; width: 35.45pt; border-top: windowtext 1.5pt solid; border-right: windowtext 1pt solid; padding: 0cm 3.5pt 0cm 3.5pt;\" valign=\"top\" width=\"47\">\n<div align=\"center\"><span style=\"color: #000000;\"><span style=\"font-size: 8pt;\"><span style=\"font-family: 'Open Sans', arial, Geneva, Swiss, sans-serif;\">1000<\/span><\/span><\/span><\/div>\n<\/td>\n<td style=\"border-bottom: windowtext 1pt solid; border-left: #ece9d8; background-color: transparent; width: 35.4pt; border-top: windowtext 1.5pt solid; border-right: windowtext 1pt solid; padding: 0cm 3.5pt 0cm 3.5pt;\" valign=\"top\" width=\"47\">\n<div align=\"center\"><span style=\"color: #000000;\"><span style=\"font-size: 8pt;\"><span style=\"font-family: 'Open Sans', arial, Geneva, Swiss, sans-serif;\">2000<\/span><\/span><\/span><\/div>\n<\/td>\n<td style=\"border-bottom: windowtext 1pt solid; border-left: #ece9d8; background-color: transparent; width: 35.45pt; border-top: windowtext 1.5pt solid; border-right: windowtext 1pt solid; padding: 0cm 3.5pt 0cm 3.5pt;\" valign=\"top\" width=\"47\">\n<div align=\"center\"><span style=\"color: #000000;\"><span style=\"font-size: 8pt;\"><span style=\"font-family: 'Open Sans', arial, Geneva, Swiss, sans-serif;\">4000<\/span><\/span><\/span><\/div>\n<\/td>\n<td style=\"border-bottom: windowtext 1pt solid; border-left: #ece9d8; background-color: transparent; width: 35.45pt; border-top: windowtext 1.5pt solid; border-right: windowtext 1.5pt solid; padding: 0cm 3.5pt 0cm 3.5pt;\" valign=\"top\" width=\"47\">\n<div align=\"center\"><span style=\"color: #000000;\"><span style=\"font-size: 8pt;\"><span style=\"font-family: 'Open Sans', arial, Geneva, Swiss, sans-serif;\">8000<\/span><\/span><\/span><\/div>\n<\/td>\n<\/tr>\n<tr style=\"page-break-inside: avoid;\">\n<td style=\"border-bottom: windowtext 1pt solid; border-left: windowtext 1.5pt solid; background-color: transparent; width: 106.35pt; border-top: #ece9d8; border-right: windowtext 1pt solid; padding: 0cm 3.5pt 0cm 3.5pt;\" valign=\"top\" width=\"142\">\n<div><span style=\"font-size: 7pt;\"><span style=\"font-family: 'Open Sans', arial, Geneva, Swiss, sans-serif;\">Moyenne (dB)<\/span><\/span><\/div>\n<\/td>\n<td style=\"border-bottom: windowtext 1pt solid; border-left: #ece9d8; background-color: transparent; width: 35.4pt; border-top: #ece9d8; border-right: windowtext 1pt solid; padding: 0cm 3.5pt 0cm 3.5pt;\" valign=\"top\" width=\"47\">\n<div align=\"center\"><span style=\"font-size: 8pt;\"><span style=\"font-family: 'Open Sans', arial, Geneva, Swiss, sans-serif;\">30,0<\/span><\/span><\/div>\n<\/td>\n<td style=\"border-bottom: windowtext 1pt solid; border-left: #ece9d8; background-color: transparent; width: 35.45pt; border-top: #ece9d8; border-right: windowtext 1pt solid; padding: 0cm 3.5pt 0cm 3.5pt;\" valign=\"top\" width=\"47\">\n<div align=\"center\"><span style=\"font-family: Open Sans, arial, Geneva, Swiss, sans-serif;\"><span style=\"font-size: 10.6667px;\">35,4<\/span><\/span><\/div>\n<\/td>\n<td style=\"border-bottom: windowtext 1pt solid; border-left: #ece9d8; background-color: transparent; width: 35.45pt; border-top: #ece9d8; border-right: windowtext 1pt solid; padding: 0cm 3.5pt 0cm 3.5pt;\" valign=\"top\" width=\"47\">\n<div align=\"center\"><span style=\"font-family: Open Sans, arial, Geneva, Swiss, sans-serif;\"><span style=\"font-size: 10.6667px;\">39,2<\/span><\/span><\/div>\n<\/td>\n<td style=\"border-bottom: windowtext 1pt solid; border-left: #ece9d8; background-color: transparent; width: 35.45pt; border-top: #ece9d8; border-right: windowtext 1pt solid; padding: 0cm 3.5pt 0cm 3.5pt;\" valign=\"top\" width=\"47\">\n<div align=\"center\"><span style=\"font-family: Open Sans, arial, Geneva, Swiss, sans-serif;\"><span style=\"font-size: 10.6667px;\">37,2<\/span><\/span><\/div>\n<\/td>\n<td style=\"border-bottom: windowtext 1pt solid; border-left: #ece9d8; background-color: transparent; width: 35.4pt; border-top: #ece9d8; border-right: windowtext 1pt solid; padding: 0cm 3.5pt 0cm 3.5pt;\" valign=\"top\" width=\"47\">\n<div align=\"center\"><span style=\"font-size: 8pt;\"><span style=\"font-family: 'Open Sans', arial, Geneva, Swiss, sans-serif;\">37,6<\/span><\/span><\/div>\n<\/td>\n<td style=\"border-bottom: windowtext 1pt solid; border-left: #ece9d8; background-color: transparent; width: 35.45pt; border-top: #ece9d8; border-right: windowtext 1pt solid; padding: 0cm 3.5pt 0cm 3.5pt;\" valign=\"top\" width=\"47\">\n<div align=\"center\"><span style=\"font-size: 8pt;\"><span style=\"font-family: 'Open Sans', arial, Geneva, Swiss, sans-serif;\">47,5<\/span><\/span><\/div>\n<\/td>\n<td style=\"border-bottom: windowtext 1pt solid; border-left: #ece9d8; background-color: transparent; width: 35.45pt; border-top: #ece9d8; border-right: windowtext 1.5pt solid; padding: 0cm 3.5pt 0cm 3.5pt;\" valign=\"top\" width=\"47\">\n<div align=\"center\"><span style=\"font-size: 8pt;\"><span style=\"font-family: 'Open Sans', arial, Geneva, Swiss, sans-serif;\">45,7<\/span><\/span><\/div>\n<\/td>\n<\/tr>\n<tr style=\"page-break-inside: avoid;\">\n<td style=\"border-bottom: windowtext 1pt solid; border-left: windowtext 1.5pt solid; background-color: transparent; width: 106.35pt; border-top: #ece9d8; border-right: windowtext 1pt solid; padding: 0cm 3.5pt 0cm 3.5pt;\" valign=\"top\" width=\"142\"><\/td>\n<td style=\"border-bottom: windowtext 1pt solid; border-left: #ece9d8; background-color: transparent; width: 35.4pt; border-top: #ece9d8; border-right: windowtext 1pt solid; padding: 0cm 3.5pt 0cm 3.5pt;\" width=\"47\"><\/td>\n<td style=\"border-bottom: windowtext 1pt solid; border-left: #ece9d8; background-color: transparent; width: 35.45pt; border-top: #ece9d8; border-right: windowtext 1pt solid; padding: 0cm 3.5pt 0cm 3.5pt;\" width=\"47\"><\/td>\n<td style=\"border-bottom: windowtext 1pt solid; border-left: #ece9d8; background-color: transparent; width: 35.45pt; border-top: #ece9d8; border-right: windowtext 1pt solid; padding: 0cm 3.5pt 0cm 3.5pt;\" width=\"47\"><\/td>\n<td style=\"border-bottom: windowtext 1pt solid; border-left: #ece9d8; background-color: transparent; width: 35.45pt; border-top: #ece9d8; border-right: windowtext 1pt solid; padding: 0cm 3.5pt 0cm 3.5pt;\" width=\"47\"><\/td>\n<td style=\"border-bottom: windowtext 1pt solid; border-left: #ece9d8; background-color: transparent; width: 35.4pt; border-top: #ece9d8; border-right: windowtext 1pt solid; padding: 0cm 3.5pt 0cm 3.5pt;\" width=\"47\"><\/td>\n<td style=\"border-bottom: windowtext 1pt solid; border-left: #ece9d8; background-color: transparent; width: 35.45pt; border-top: #ece9d8; border-right: windowtext 1pt solid; padding: 0cm 3.5pt 0cm 3.5pt;\" width=\"47\"><\/td>\n<td style=\"border-bottom: windowtext 1pt solid; border-left: #ece9d8; background-color: transparent; width: 35.45pt; border-top: #ece9d8; border-right: windowtext 1.5pt solid; padding: 0cm 3.5pt 0cm 3.5pt;\" width=\"47\"><\/td>\n<\/tr>\n<\/tbody>\n<\/table>\n<p>&nbsp;<\/p>\n","protected":false},"excerpt":{"rendered":"<p>Bo\u00eete de 200 paires<\/p>\n","protected":false},"featured_media":56825,"template":"","meta":{"_acf_changed":false,"inline_featured_image":false},"product_brand":[],"product_cat":[4713,4576,4597],"product_tag":[],"class_list":{"0":"post-56823","1":"product","2":"type-product","3":"status-publish","4":"has-post-thumbnail","6":"product_cat-protection-auditive","7":"product_cat-divers","8":"product_cat-divers-decor","10":"first","11":"instock","12":"taxable","13":"shipping-taxable","14":"purchasable","15":"product-type-simple"},"exclude_global_add_ons":[],"addons":[],"acf":[],"yoast_head":"<!-- This site is optimized with the Yoast SEO Premium plugin v27.4 (Yoast SEO v27.4) - https:\/\/yoast.com\/product\/yoast-seo-premium-wordpress\/ -->\n<title>Bouchons d&#039;oreilles<\/title>\n<meta name=\"description\" content=\"Bouchons d&#039;oreille jetables Ohropax \u25b7 En mousse souple \u2713 Test\u00e9s selon la norme EN352-2 \u2713 200 paires dans un distributeur \u2713 Emball\u00e9s par paires \u271a dans un emballage hygi\u00e9nique\" \/>\n<meta name=\"robots\" content=\"index, follow, max-snippet:-1, max-image-preview:large, max-video-preview:-1\" \/>\n<link rel=\"canonical\" href=\"https:\/\/shop.tombotto.ch\/fr\/shop\/bouchons-de-protection-pour-oreilles-mellows-7800\/\" \/>\n<meta property=\"og:locale\" content=\"fr_FR\" \/>\n<meta property=\"og:type\" content=\"article\" \/>\n<meta property=\"og:title\" content=\"Bouchons de protection pour oreilles Spark Plugs 7800\" \/>\n<meta property=\"og:description\" content=\"Bouchons d&#039;oreille jetables Ohropax \u25b7 En mousse souple \u2713 Test\u00e9s selon la norme EN352-2 \u2713 200 paires dans un distributeur \u2713 Emball\u00e9s par paires \u271a dans un emballage hygi\u00e9nique\" \/>\n<meta property=\"og:url\" content=\"https:\/\/shop.tombotto.ch\/fr\/shop\/bouchons-de-protection-pour-oreilles-mellows-7800\/\" \/>\n<meta property=\"og:site_name\" content=\"Tombotto\" \/>\n<meta property=\"article:modified_time\" content=\"2025-12-03T09:14:21+00:00\" \/>\n<meta property=\"og:image\" content=\"https:\/\/shop.tombotto.ch\/wp-content\/uploads\/2025\/06\/72840_01.jpg\" \/>\n\t<meta property=\"og:image:width\" content=\"800\" \/>\n\t<meta property=\"og:image:height\" content=\"678\" \/>\n\t<meta property=\"og:image:type\" content=\"image\/jpeg\" \/>\n<meta name=\"twitter:card\" content=\"summary_large_image\" \/>\n<meta name=\"twitter:label1\" content=\"Dur\u00e9e de lecture estim\u00e9e\" \/>\n\t<meta name=\"twitter:data1\" content=\"1 minute\" \/>\n<script type=\"application\/ld+json\" class=\"yoast-schema-graph\">{\"@context\":\"https:\\\/\\\/schema.org\",\"@graph\":[{\"@type\":\"WebPage\",\"@id\":\"https:\\\/\\\/shop.tombotto.ch\\\/fr\\\/shop\\\/bouchons-de-protection-pour-oreilles-mellows-7800\\\/\",\"url\":\"https:\\\/\\\/shop.tombotto.ch\\\/fr\\\/shop\\\/bouchons-de-protection-pour-oreilles-mellows-7800\\\/\",\"name\":\"Bouchons d'oreilles\",\"isPartOf\":{\"@id\":\"https:\\\/\\\/shop.tombotto.ch\\\/fr\\\/#website\"},\"primaryImageOfPage\":{\"@id\":\"https:\\\/\\\/shop.tombotto.ch\\\/fr\\\/shop\\\/bouchons-de-protection-pour-oreilles-mellows-7800\\\/#primaryimage\"},\"image\":{\"@id\":\"https:\\\/\\\/shop.tombotto.ch\\\/fr\\\/shop\\\/bouchons-de-protection-pour-oreilles-mellows-7800\\\/#primaryimage\"},\"thumbnailUrl\":\"https:\\\/\\\/shop.tombotto.ch\\\/wp-content\\\/uploads\\\/2025\\\/06\\\/72840_01.jpg\",\"datePublished\":\"2025-06-24T11:02:22+00:00\",\"dateModified\":\"2025-12-03T09:14:21+00:00\",\"description\":\"Bouchons d'oreille jetables Ohropax \u25b7 En mousse souple \u2713 Test\u00e9s selon la norme EN352-2 \u2713 200 paires dans un distributeur \u2713 Emball\u00e9s par paires \u271a dans un emballage hygi\u00e9nique\",\"breadcrumb\":{\"@id\":\"https:\\\/\\\/shop.tombotto.ch\\\/fr\\\/shop\\\/bouchons-de-protection-pour-oreilles-mellows-7800\\\/#breadcrumb\"},\"inLanguage\":\"fr-FR\",\"potentialAction\":[{\"@type\":\"ReadAction\",\"target\":[\"https:\\\/\\\/shop.tombotto.ch\\\/fr\\\/shop\\\/bouchons-de-protection-pour-oreilles-mellows-7800\\\/\"]}]},{\"@type\":\"ImageObject\",\"inLanguage\":\"fr-FR\",\"@id\":\"https:\\\/\\\/shop.tombotto.ch\\\/fr\\\/shop\\\/bouchons-de-protection-pour-oreilles-mellows-7800\\\/#primaryimage\",\"url\":\"https:\\\/\\\/shop.tombotto.ch\\\/wp-content\\\/uploads\\\/2025\\\/06\\\/72840_01.jpg\",\"contentUrl\":\"https:\\\/\\\/shop.tombotto.ch\\\/wp-content\\\/uploads\\\/2025\\\/06\\\/72840_01.jpg\",\"width\":800,\"height\":678},{\"@type\":\"BreadcrumbList\",\"@id\":\"https:\\\/\\\/shop.tombotto.ch\\\/fr\\\/shop\\\/bouchons-de-protection-pour-oreilles-mellows-7800\\\/#breadcrumb\",\"itemListElement\":[{\"@type\":\"ListItem\",\"position\":1,\"name\":\"Start\",\"item\":\"https:\\\/\\\/shop.tombotto.ch\\\/fr\\\/\"},{\"@type\":\"ListItem\",\"position\":2,\"name\":\"Shop\",\"item\":\"https:\\\/\\\/shop.tombotto.ch\\\/fr\\\/shop\\\/\"},{\"@type\":\"ListItem\",\"position\":3,\"name\":\"Bouchons de protection pour oreilles Spark Plugs 7800\"}]},{\"@type\":\"WebSite\",\"@id\":\"https:\\\/\\\/shop.tombotto.ch\\\/fr\\\/#website\",\"url\":\"https:\\\/\\\/shop.tombotto.ch\\\/fr\\\/\",\"name\":\"Tombotto\",\"description\":\"Fest-, Event- &amp; Promotionsartikel\",\"publisher\":{\"@id\":\"https:\\\/\\\/shop.tombotto.ch\\\/fr\\\/#organization\"},\"potentialAction\":[{\"@type\":\"SearchAction\",\"target\":{\"@type\":\"EntryPoint\",\"urlTemplate\":\"https:\\\/\\\/shop.tombotto.ch\\\/fr\\\/?s={search_term_string}\"},\"query-input\":{\"@type\":\"PropertyValueSpecification\",\"valueRequired\":true,\"valueName\":\"search_term_string\"}}],\"inLanguage\":\"fr-FR\"},{\"@type\":\"Organization\",\"@id\":\"https:\\\/\\\/shop.tombotto.ch\\\/fr\\\/#organization\",\"name\":\"Tombotto\",\"url\":\"https:\\\/\\\/shop.tombotto.ch\\\/fr\\\/\",\"logo\":{\"@type\":\"ImageObject\",\"inLanguage\":\"fr-FR\",\"@id\":\"https:\\\/\\\/shop.tombotto.ch\\\/fr\\\/#\\\/schema\\\/logo\\\/image\\\/\",\"url\":\"https:\\\/\\\/shop.tombotto.ch\\\/wp-content\\\/uploads\\\/2023\\\/03\\\/logo.svg\",\"contentUrl\":\"https:\\\/\\\/shop.tombotto.ch\\\/wp-content\\\/uploads\\\/2023\\\/03\\\/logo.svg\",\"caption\":\"Tombotto\"},\"image\":{\"@id\":\"https:\\\/\\\/shop.tombotto.ch\\\/fr\\\/#\\\/schema\\\/logo\\\/image\\\/\"}}]}<\/script>\n<!-- \/ Yoast SEO Premium plugin. -->","yoast_head_json":{"title":"Bouchons d'oreilles","description":"Bouchons d'oreille jetables Ohropax \u25b7 En mousse souple \u2713 Test\u00e9s selon la norme EN352-2 \u2713 200 paires dans un distributeur \u2713 Emball\u00e9s par paires \u271a dans un emballage hygi\u00e9nique","robots":{"index":"index","follow":"follow","max-snippet":"max-snippet:-1","max-image-preview":"max-image-preview:large","max-video-preview":"max-video-preview:-1"},"canonical":"https:\/\/shop.tombotto.ch\/fr\/shop\/bouchons-de-protection-pour-oreilles-mellows-7800\/","og_locale":"fr_FR","og_type":"article","og_title":"Bouchons de protection pour oreilles Spark Plugs 7800","og_description":"Bouchons d'oreille jetables Ohropax \u25b7 En mousse souple \u2713 Test\u00e9s selon la norme EN352-2 \u2713 200 paires dans un distributeur \u2713 Emball\u00e9s par paires \u271a dans un emballage hygi\u00e9nique","og_url":"https:\/\/shop.tombotto.ch\/fr\/shop\/bouchons-de-protection-pour-oreilles-mellows-7800\/","og_site_name":"Tombotto","article_modified_time":"2025-12-03T09:14:21+00:00","og_image":[{"width":800,"height":678,"url":"https:\/\/shop.tombotto.ch\/wp-content\/uploads\/2025\/06\/72840_01.jpg","type":"image\/jpeg"}],"twitter_card":"summary_large_image","twitter_misc":{"Dur\u00e9e de lecture estim\u00e9e":"1 minute"},"schema":{"@context":"https:\/\/schema.org","@graph":[{"@type":"WebPage","@id":"https:\/\/shop.tombotto.ch\/fr\/shop\/bouchons-de-protection-pour-oreilles-mellows-7800\/","url":"https:\/\/shop.tombotto.ch\/fr\/shop\/bouchons-de-protection-pour-oreilles-mellows-7800\/","name":"Bouchons d'oreilles","isPartOf":{"@id":"https:\/\/shop.tombotto.ch\/fr\/#website"},"primaryImageOfPage":{"@id":"https:\/\/shop.tombotto.ch\/fr\/shop\/bouchons-de-protection-pour-oreilles-mellows-7800\/#primaryimage"},"image":{"@id":"https:\/\/shop.tombotto.ch\/fr\/shop\/bouchons-de-protection-pour-oreilles-mellows-7800\/#primaryimage"},"thumbnailUrl":"https:\/\/shop.tombotto.ch\/wp-content\/uploads\/2025\/06\/72840_01.jpg","datePublished":"2025-06-24T11:02:22+00:00","dateModified":"2025-12-03T09:14:21+00:00","description":"Bouchons d'oreille jetables Ohropax \u25b7 En mousse souple \u2713 Test\u00e9s selon la norme EN352-2 \u2713 200 paires dans un distributeur \u2713 Emball\u00e9s par paires \u271a dans un emballage hygi\u00e9nique","breadcrumb":{"@id":"https:\/\/shop.tombotto.ch\/fr\/shop\/bouchons-de-protection-pour-oreilles-mellows-7800\/#breadcrumb"},"inLanguage":"fr-FR","potentialAction":[{"@type":"ReadAction","target":["https:\/\/shop.tombotto.ch\/fr\/shop\/bouchons-de-protection-pour-oreilles-mellows-7800\/"]}]},{"@type":"ImageObject","inLanguage":"fr-FR","@id":"https:\/\/shop.tombotto.ch\/fr\/shop\/bouchons-de-protection-pour-oreilles-mellows-7800\/#primaryimage","url":"https:\/\/shop.tombotto.ch\/wp-content\/uploads\/2025\/06\/72840_01.jpg","contentUrl":"https:\/\/shop.tombotto.ch\/wp-content\/uploads\/2025\/06\/72840_01.jpg","width":800,"height":678},{"@type":"BreadcrumbList","@id":"https:\/\/shop.tombotto.ch\/fr\/shop\/bouchons-de-protection-pour-oreilles-mellows-7800\/#breadcrumb","itemListElement":[{"@type":"ListItem","position":1,"name":"Start","item":"https:\/\/shop.tombotto.ch\/fr\/"},{"@type":"ListItem","position":2,"name":"Shop","item":"https:\/\/shop.tombotto.ch\/fr\/shop\/"},{"@type":"ListItem","position":3,"name":"Bouchons de protection pour oreilles Spark Plugs 7800"}]},{"@type":"WebSite","@id":"https:\/\/shop.tombotto.ch\/fr\/#website","url":"https:\/\/shop.tombotto.ch\/fr\/","name":"Tombotto","description":"Fest-, Event- &amp; Promotionsartikel","publisher":{"@id":"https:\/\/shop.tombotto.ch\/fr\/#organization"},"potentialAction":[{"@type":"SearchAction","target":{"@type":"EntryPoint","urlTemplate":"https:\/\/shop.tombotto.ch\/fr\/?s={search_term_string}"},"query-input":{"@type":"PropertyValueSpecification","valueRequired":true,"valueName":"search_term_string"}}],"inLanguage":"fr-FR"},{"@type":"Organization","@id":"https:\/\/shop.tombotto.ch\/fr\/#organization","name":"Tombotto","url":"https:\/\/shop.tombotto.ch\/fr\/","logo":{"@type":"ImageObject","inLanguage":"fr-FR","@id":"https:\/\/shop.tombotto.ch\/fr\/#\/schema\/logo\/image\/","url":"https:\/\/shop.tombotto.ch\/wp-content\/uploads\/2023\/03\/logo.svg","contentUrl":"https:\/\/shop.tombotto.ch\/wp-content\/uploads\/2023\/03\/logo.svg","caption":"Tombotto"},"image":{"@id":"https:\/\/shop.tombotto.ch\/fr\/#\/schema\/logo\/image\/"}}]}},"tiered_pricing_type":"fixed","tiered_pricing_fixed_rules":{"10":"39.90"},"tiered_pricing_product_settings":{"layout":"default","base_unit_name":{"singular":null,"plural":null},"default_variation":null},"tiered_pricing_minimum_quantity":null,"tiered_pricing_roles_data":[],"tiered_pricing_percentage_rules":[],"tiered_pricing_maximum_quantity":null,"tiered_pricing_quantity_step":null,"_links":{"self":[{"href":"https:\/\/shop.tombotto.ch\/fr\/wp-json\/wp\/v2\/product\/56823","targetHints":{"allow":["GET"]}}],"collection":[{"href":"https:\/\/shop.tombotto.ch\/fr\/wp-json\/wp\/v2\/product"}],"about":[{"href":"https:\/\/shop.tombotto.ch\/fr\/wp-json\/wp\/v2\/types\/product"}],"wp:featuredmedia":[{"embeddable":true,"href":"https:\/\/shop.tombotto.ch\/fr\/wp-json\/wp\/v2\/media\/56825"}],"wp:attachment":[{"href":"https:\/\/shop.tombotto.ch\/fr\/wp-json\/wp\/v2\/media?parent=56823"}],"wp:term":[{"taxonomy":"product_brand","embeddable":true,"href":"https:\/\/shop.tombotto.ch\/fr\/wp-json\/wp\/v2\/product_brand?post=56823"},{"taxonomy":"product_cat","embeddable":true,"href":"https:\/\/shop.tombotto.ch\/fr\/wp-json\/wp\/v2\/product_cat?post=56823"},{"taxonomy":"product_tag","embeddable":true,"href":"https:\/\/shop.tombotto.ch\/fr\/wp-json\/wp\/v2\/product_tag?post=56823"}],"curies":[{"name":"wp","href":"https:\/\/api.w.org\/{rel}","templated":true}]}}