{"id":56845,"date":"2025-06-24T15:54:08","date_gmt":"2025-06-24T13:54:08","guid":{"rendered":"https:\/\/shop.tombotto.ch\/?post_type=product&#038;p=56845"},"modified":"2026-04-15T10:18:15","modified_gmt":"2026-04-15T08:18:15","slug":"bracelets-tissu-vip-or","status":"publish","type":"product","link":"https:\/\/shop.tombotto.ch\/fr\/shop\/bracelets-tissu-vip-or\/","title":{"rendered":"Bracelets tissu VIP or"},"content":{"rendered":"<ul>\n<li>Bracelets de contr\u00f4le en textile<\/li>\n<li>Bracelets de contr\u00f4le<\/li>\n<li>Or brilliant<\/li>\n<li>Texte: VIP<\/li>\n<li>Bracelets tiss\u00e9<\/li>\n<li>Fermeture SelfLock<\/li>\n<li>Non transmissible<\/li>\n<li>Grandeur 350 x 15 mm<\/li>\n<\/ul>\n<p>Ces bracelets sont dot\u00e9s d\u2019un fermoir en plastique coulissant \u00ab SelfLock \u00bb. Ce fermoir ne peut coulisser que dans une seule direction. Ces bracelets ne peuvent pas \u00eatre r\u00e9ouverts et ne sont donc pas transmissibles.<\/p>\n","protected":false},"excerpt":{"rendered":"<p>Sachet de 25 \/ 100 pi\u00e8ces<\/p>\n","protected":false},"featured_media":56876,"template":"","meta":{"_acf_changed":false,"inline_featured_image":false},"product_brand":[],"product_cat":[4620],"product_tag":[],"class_list":{"0":"post-56845","1":"product","2":"type-product","3":"status-publish","4":"has-post-thumbnail","6":"product_cat-bracelets-tissu","8":"first","9":"instock","10":"taxable","11":"shipping-taxable","12":"purchasable","13":"product-type-variable"},"exclude_global_add_ons":[],"addons":[],"acf":[],"yoast_head":"<!-- This site is optimized with the Yoast SEO Premium plugin v27.4 (Yoast SEO v27.4) - https:\/\/yoast.com\/product\/yoast-seo-premium-wordpress\/ -->\n<title>Bracelets d&#039;entr\u00e9e en textile dor\u00e9s brillants - tombotto<\/title>\n<meta name=\"description\" content=\"Bracelets tissu or : tissu tiss\u00e9 \u2713 Fermeture \u00e0 glissi\u00e8re \u2713 Non transf\u00e9rable \u2713 Grand choix \u2713 Livraison rapide \u2713 Fournisseur suisse \u27a8 tombotto\" \/>\n<meta name=\"robots\" content=\"index, follow, max-snippet:-1, max-image-preview:large, max-video-preview:-1\" \/>\n<link rel=\"canonical\" href=\"https:\/\/shop.tombotto.ch\/fr\/shop\/bracelets-tissu-vip-or\/\" \/>\n<meta property=\"og:locale\" content=\"fr_FR\" \/>\n<meta property=\"og:type\" content=\"article\" \/>\n<meta property=\"og:title\" content=\"Bracelets tissu VIP or\" \/>\n<meta property=\"og:description\" content=\"Bracelets tissu or : tissu tiss\u00e9 \u2713 Fermeture \u00e0 glissi\u00e8re \u2713 Non transf\u00e9rable \u2713 Grand choix \u2713 Livraison rapide \u2713 Fournisseur suisse \u27a8 tombotto\" \/>\n<meta property=\"og:url\" content=\"https:\/\/shop.tombotto.ch\/fr\/shop\/bracelets-tissu-vip-or\/\" \/>\n<meta property=\"og:site_name\" content=\"Tombotto\" \/>\n<meta property=\"article:modified_time\" content=\"2026-04-15T08:18:15+00:00\" \/>\n<meta property=\"og:image\" content=\"https:\/\/shop.tombotto.ch\/wp-content\/uploads\/2025\/06\/99401-25_01.jpg\" \/>\n\t<meta property=\"og:image:width\" content=\"800\" \/>\n\t<meta property=\"og:image:height\" content=\"253\" \/>\n\t<meta property=\"og:image:type\" content=\"image\/jpeg\" \/>\n<meta name=\"twitter:card\" content=\"summary_large_image\" \/>\n<meta name=\"twitter:label1\" content=\"Dur\u00e9e de lecture estim\u00e9e\" \/>\n\t<meta name=\"twitter:data1\" content=\"1 minute\" \/>\n<script type=\"application\/ld+json\" class=\"yoast-schema-graph\">{\"@context\":\"https:\\\/\\\/schema.org\",\"@graph\":[{\"@type\":\"WebPage\",\"@id\":\"https:\\\/\\\/shop.tombotto.ch\\\/fr\\\/shop\\\/bracelets-tissu-vip-or\\\/\",\"url\":\"https:\\\/\\\/shop.tombotto.ch\\\/fr\\\/shop\\\/bracelets-tissu-vip-or\\\/\",\"name\":\"Bracelets d'entr\u00e9e en textile dor\u00e9s brillants - tombotto\",\"isPartOf\":{\"@id\":\"https:\\\/\\\/shop.tombotto.ch\\\/fr\\\/#website\"},\"primaryImageOfPage\":{\"@id\":\"https:\\\/\\\/shop.tombotto.ch\\\/fr\\\/shop\\\/bracelets-tissu-vip-or\\\/#primaryimage\"},\"image\":{\"@id\":\"https:\\\/\\\/shop.tombotto.ch\\\/fr\\\/shop\\\/bracelets-tissu-vip-or\\\/#primaryimage\"},\"thumbnailUrl\":\"https:\\\/\\\/shop.tombotto.ch\\\/wp-content\\\/uploads\\\/2025\\\/06\\\/99401-25_01.jpg\",\"datePublished\":\"2025-06-24T13:54:08+00:00\",\"dateModified\":\"2026-04-15T08:18:15+00:00\",\"description\":\"Bracelets tissu or : tissu tiss\u00e9 \u2713 Fermeture \u00e0 glissi\u00e8re \u2713 Non transf\u00e9rable \u2713 Grand choix \u2713 Livraison rapide \u2713 Fournisseur suisse \u27a8 tombotto\",\"breadcrumb\":{\"@id\":\"https:\\\/\\\/shop.tombotto.ch\\\/fr\\\/shop\\\/bracelets-tissu-vip-or\\\/#breadcrumb\"},\"inLanguage\":\"fr-FR\",\"potentialAction\":[{\"@type\":\"ReadAction\",\"target\":[\"https:\\\/\\\/shop.tombotto.ch\\\/fr\\\/shop\\\/bracelets-tissu-vip-or\\\/\"]}]},{\"@type\":\"ImageObject\",\"inLanguage\":\"fr-FR\",\"@id\":\"https:\\\/\\\/shop.tombotto.ch\\\/fr\\\/shop\\\/bracelets-tissu-vip-or\\\/#primaryimage\",\"url\":\"https:\\\/\\\/shop.tombotto.ch\\\/wp-content\\\/uploads\\\/2025\\\/06\\\/99401-25_01.jpg\",\"contentUrl\":\"https:\\\/\\\/shop.tombotto.ch\\\/wp-content\\\/uploads\\\/2025\\\/06\\\/99401-25_01.jpg\",\"width\":800,\"height\":253},{\"@type\":\"BreadcrumbList\",\"@id\":\"https:\\\/\\\/shop.tombotto.ch\\\/fr\\\/shop\\\/bracelets-tissu-vip-or\\\/#breadcrumb\",\"itemListElement\":[{\"@type\":\"ListItem\",\"position\":1,\"name\":\"Start\",\"item\":\"https:\\\/\\\/shop.tombotto.ch\\\/fr\\\/\"},{\"@type\":\"ListItem\",\"position\":2,\"name\":\"Shop\",\"item\":\"https:\\\/\\\/shop.tombotto.ch\\\/fr\\\/shop\\\/\"},{\"@type\":\"ListItem\",\"position\":3,\"name\":\"Bracelets tissu VIP or\"}]},{\"@type\":\"WebSite\",\"@id\":\"https:\\\/\\\/shop.tombotto.ch\\\/fr\\\/#website\",\"url\":\"https:\\\/\\\/shop.tombotto.ch\\\/fr\\\/\",\"name\":\"Tombotto\",\"description\":\"Fest-, Event- &amp; Promotionsartikel\",\"publisher\":{\"@id\":\"https:\\\/\\\/shop.tombotto.ch\\\/fr\\\/#organization\"},\"potentialAction\":[{\"@type\":\"SearchAction\",\"target\":{\"@type\":\"EntryPoint\",\"urlTemplate\":\"https:\\\/\\\/shop.tombotto.ch\\\/fr\\\/?s={search_term_string}\"},\"query-input\":{\"@type\":\"PropertyValueSpecification\",\"valueRequired\":true,\"valueName\":\"search_term_string\"}}],\"inLanguage\":\"fr-FR\"},{\"@type\":\"Organization\",\"@id\":\"https:\\\/\\\/shop.tombotto.ch\\\/fr\\\/#organization\",\"name\":\"Tombotto\",\"url\":\"https:\\\/\\\/shop.tombotto.ch\\\/fr\\\/\",\"logo\":{\"@type\":\"ImageObject\",\"inLanguage\":\"fr-FR\",\"@id\":\"https:\\\/\\\/shop.tombotto.ch\\\/fr\\\/#\\\/schema\\\/logo\\\/image\\\/\",\"url\":\"https:\\\/\\\/shop.tombotto.ch\\\/wp-content\\\/uploads\\\/2023\\\/03\\\/logo.svg\",\"contentUrl\":\"https:\\\/\\\/shop.tombotto.ch\\\/wp-content\\\/uploads\\\/2023\\\/03\\\/logo.svg\",\"caption\":\"Tombotto\"},\"image\":{\"@id\":\"https:\\\/\\\/shop.tombotto.ch\\\/fr\\\/#\\\/schema\\\/logo\\\/image\\\/\"}}]}<\/script>\n<!-- \/ Yoast SEO Premium plugin. -->","yoast_head_json":{"title":"Bracelets d'entr\u00e9e en textile dor\u00e9s brillants - tombotto","description":"Bracelets tissu or : tissu tiss\u00e9 \u2713 Fermeture \u00e0 glissi\u00e8re \u2713 Non transf\u00e9rable \u2713 Grand choix \u2713 Livraison rapide \u2713 Fournisseur suisse \u27a8 tombotto","robots":{"index":"index","follow":"follow","max-snippet":"max-snippet:-1","max-image-preview":"max-image-preview:large","max-video-preview":"max-video-preview:-1"},"canonical":"https:\/\/shop.tombotto.ch\/fr\/shop\/bracelets-tissu-vip-or\/","og_locale":"fr_FR","og_type":"article","og_title":"Bracelets tissu VIP or","og_description":"Bracelets tissu or : tissu tiss\u00e9 \u2713 Fermeture \u00e0 glissi\u00e8re \u2713 Non transf\u00e9rable \u2713 Grand choix \u2713 Livraison rapide \u2713 Fournisseur suisse \u27a8 tombotto","og_url":"https:\/\/shop.tombotto.ch\/fr\/shop\/bracelets-tissu-vip-or\/","og_site_name":"Tombotto","article_modified_time":"2026-04-15T08:18:15+00:00","og_image":[{"width":800,"height":253,"url":"https:\/\/shop.tombotto.ch\/wp-content\/uploads\/2025\/06\/99401-25_01.jpg","type":"image\/jpeg"}],"twitter_card":"summary_large_image","twitter_misc":{"Dur\u00e9e de lecture estim\u00e9e":"1 minute"},"schema":{"@context":"https:\/\/schema.org","@graph":[{"@type":"WebPage","@id":"https:\/\/shop.tombotto.ch\/fr\/shop\/bracelets-tissu-vip-or\/","url":"https:\/\/shop.tombotto.ch\/fr\/shop\/bracelets-tissu-vip-or\/","name":"Bracelets d'entr\u00e9e en textile dor\u00e9s brillants - tombotto","isPartOf":{"@id":"https:\/\/shop.tombotto.ch\/fr\/#website"},"primaryImageOfPage":{"@id":"https:\/\/shop.tombotto.ch\/fr\/shop\/bracelets-tissu-vip-or\/#primaryimage"},"image":{"@id":"https:\/\/shop.tombotto.ch\/fr\/shop\/bracelets-tissu-vip-or\/#primaryimage"},"thumbnailUrl":"https:\/\/shop.tombotto.ch\/wp-content\/uploads\/2025\/06\/99401-25_01.jpg","datePublished":"2025-06-24T13:54:08+00:00","dateModified":"2026-04-15T08:18:15+00:00","description":"Bracelets tissu or : tissu tiss\u00e9 \u2713 Fermeture \u00e0 glissi\u00e8re \u2713 Non transf\u00e9rable \u2713 Grand choix \u2713 Livraison rapide \u2713 Fournisseur suisse \u27a8 tombotto","breadcrumb":{"@id":"https:\/\/shop.tombotto.ch\/fr\/shop\/bracelets-tissu-vip-or\/#breadcrumb"},"inLanguage":"fr-FR","potentialAction":[{"@type":"ReadAction","target":["https:\/\/shop.tombotto.ch\/fr\/shop\/bracelets-tissu-vip-or\/"]}]},{"@type":"ImageObject","inLanguage":"fr-FR","@id":"https:\/\/shop.tombotto.ch\/fr\/shop\/bracelets-tissu-vip-or\/#primaryimage","url":"https:\/\/shop.tombotto.ch\/wp-content\/uploads\/2025\/06\/99401-25_01.jpg","contentUrl":"https:\/\/shop.tombotto.ch\/wp-content\/uploads\/2025\/06\/99401-25_01.jpg","width":800,"height":253},{"@type":"BreadcrumbList","@id":"https:\/\/shop.tombotto.ch\/fr\/shop\/bracelets-tissu-vip-or\/#breadcrumb","itemListElement":[{"@type":"ListItem","position":1,"name":"Start","item":"https:\/\/shop.tombotto.ch\/fr\/"},{"@type":"ListItem","position":2,"name":"Shop","item":"https:\/\/shop.tombotto.ch\/fr\/shop\/"},{"@type":"ListItem","position":3,"name":"Bracelets tissu VIP or"}]},{"@type":"WebSite","@id":"https:\/\/shop.tombotto.ch\/fr\/#website","url":"https:\/\/shop.tombotto.ch\/fr\/","name":"Tombotto","description":"Fest-, Event- &amp; Promotionsartikel","publisher":{"@id":"https:\/\/shop.tombotto.ch\/fr\/#organization"},"potentialAction":[{"@type":"SearchAction","target":{"@type":"EntryPoint","urlTemplate":"https:\/\/shop.tombotto.ch\/fr\/?s={search_term_string}"},"query-input":{"@type":"PropertyValueSpecification","valueRequired":true,"valueName":"search_term_string"}}],"inLanguage":"fr-FR"},{"@type":"Organization","@id":"https:\/\/shop.tombotto.ch\/fr\/#organization","name":"Tombotto","url":"https:\/\/shop.tombotto.ch\/fr\/","logo":{"@type":"ImageObject","inLanguage":"fr-FR","@id":"https:\/\/shop.tombotto.ch\/fr\/#\/schema\/logo\/image\/","url":"https:\/\/shop.tombotto.ch\/wp-content\/uploads\/2023\/03\/logo.svg","contentUrl":"https:\/\/shop.tombotto.ch\/wp-content\/uploads\/2023\/03\/logo.svg","caption":"Tombotto"},"image":{"@id":"https:\/\/shop.tombotto.ch\/fr\/#\/schema\/logo\/image\/"}}]}},"tiered_pricing_type":"fixed","tiered_pricing_fixed_rules":[],"tiered_pricing_product_settings":{"layout":"default","base_unit_name":{"singular":null,"plural":null},"default_variation":null},"tiered_pricing_minimum_quantity":null,"tiered_pricing_roles_data":[],"tiered_pricing_percentage_rules":[],"tiered_pricing_maximum_quantity":null,"tiered_pricing_quantity_step":null,"_links":{"self":[{"href":"https:\/\/shop.tombotto.ch\/fr\/wp-json\/wp\/v2\/product\/56845","targetHints":{"allow":["GET"]}}],"collection":[{"href":"https:\/\/shop.tombotto.ch\/fr\/wp-json\/wp\/v2\/product"}],"about":[{"href":"https:\/\/shop.tombotto.ch\/fr\/wp-json\/wp\/v2\/types\/product"}],"wp:featuredmedia":[{"embeddable":true,"href":"https:\/\/shop.tombotto.ch\/fr\/wp-json\/wp\/v2\/media\/56876"}],"wp:attachment":[{"href":"https:\/\/shop.tombotto.ch\/fr\/wp-json\/wp\/v2\/media?parent=56845"}],"wp:term":[{"taxonomy":"product_brand","embeddable":true,"href":"https:\/\/shop.tombotto.ch\/fr\/wp-json\/wp\/v2\/product_brand?post=56845"},{"taxonomy":"product_cat","embeddable":true,"href":"https:\/\/shop.tombotto.ch\/fr\/wp-json\/wp\/v2\/product_cat?post=56845"},{"taxonomy":"product_tag","embeddable":true,"href":"https:\/\/shop.tombotto.ch\/fr\/wp-json\/wp\/v2\/product_tag?post=56845"}],"curies":[{"name":"wp","href":"https:\/\/api.w.org\/{rel}","templated":true}]}}