{"id":57521,"date":"2025-08-04T11:48:48","date_gmt":"2025-08-04T09:48:48","guid":{"rendered":"https:\/\/shop.tombotto.ch\/?post_type=product&#038;p=57521"},"modified":"2025-09-12T10:32:48","modified_gmt":"2025-09-12T08:32:48","slug":"verre-5-dl-transparent-bio-kopie","status":"publish","type":"product","link":"https:\/\/shop.tombotto.ch\/fr\/shop\/verre-5-dl-transparent-bio-kopie\/","title":{"rendered":"Gobelet 5 dl transparent BIO"},"content":{"rendered":"<ul>\n<li>Gobelet 5 dl<\/li>\n<li>Uniquement pour les boissons froides<\/li>\n<li>Transparent<\/li>\n<li>PLA<\/li>\n<li>Biod\u00e9gradable<\/li>\n<li>Calibr\u00e9<\/li>\n<\/ul>\n<p>Remarque :<\/p>\n<p>Pour des raisons d&rsquo;hygi\u00e8ne, l&rsquo;unit\u00e9 de vente est emball\u00e9e dans un film protecteur.<\/p>\n","protected":false},"excerpt":{"rendered":"<p>Sachet de 60 pi\u00e8ces \/<br \/>\nCarton de 960 pi\u00e8ces<\/p>\n","protected":false},"featured_media":57533,"template":"","meta":{"_acf_changed":false,"inline_featured_image":false},"product_brand":[],"product_cat":[4584,4670],"product_tag":[],"class_list":{"0":"post-57521","1":"product","2":"type-product","3":"status-publish","4":"has-post-thumbnail","6":"product_cat-verres","7":"product_cat-verres-tombotto-green-2","9":"first","10":"instock","11":"taxable","12":"shipping-taxable","13":"purchasable","14":"product-type-variable"},"exclude_global_add_ons":[],"addons":[],"acf":[],"yoast_head":"<!-- This site is optimized with the Yoast SEO Premium plugin v27.4 (Yoast SEO v27.4) - https:\/\/yoast.com\/product\/yoast-seo-premium-wordpress\/ -->\n<title>Gobelet 5 dl transparent BIO - Tombotto<\/title>\n<meta name=\"description\" content=\"Gobelet jetable \u279c 5 dl \u2714\ufe0f transparent \u2714\ufe0f BIO \u2714\ufe0f Pour votre \u00e9v\u00e9nement sans nettoyage \u2714\ufe0f Commander en ligne chez tombotto\" \/>\n<meta name=\"robots\" content=\"index, follow, max-snippet:-1, max-image-preview:large, max-video-preview:-1\" \/>\n<link rel=\"canonical\" href=\"https:\/\/shop.tombotto.ch\/fr\/shop\/verre-5-dl-transparent-bio-kopie\/\" \/>\n<meta property=\"og:locale\" content=\"fr_FR\" \/>\n<meta property=\"og:type\" content=\"article\" \/>\n<meta property=\"og:title\" content=\"Gobelet 5 dl transparent BIO\" \/>\n<meta property=\"og:description\" content=\"Gobelet jetable \u279c 5 dl \u2714\ufe0f transparent \u2714\ufe0f BIO \u2714\ufe0f Pour votre \u00e9v\u00e9nement sans nettoyage \u2714\ufe0f Commander en ligne chez tombotto\" \/>\n<meta property=\"og:url\" content=\"https:\/\/shop.tombotto.ch\/fr\/shop\/verre-5-dl-transparent-bio-kopie\/\" \/>\n<meta property=\"og:site_name\" content=\"Tombotto\" \/>\n<meta property=\"article:modified_time\" content=\"2025-09-12T08:32:48+00:00\" \/>\n<meta property=\"og:image\" content=\"https:\/\/shop.tombotto.ch\/wp-content\/uploads\/2025\/08\/1131.1006.jpg\" \/>\n\t<meta property=\"og:image:width\" content=\"892\" \/>\n\t<meta property=\"og:image:height\" content=\"711\" \/>\n\t<meta property=\"og:image:type\" content=\"image\/jpeg\" \/>\n<meta name=\"twitter:card\" content=\"summary_large_image\" \/>\n<meta name=\"twitter:label1\" content=\"Dur\u00e9e de lecture estim\u00e9e\" \/>\n\t<meta name=\"twitter:data1\" content=\"1 minute\" \/>\n<script type=\"application\/ld+json\" class=\"yoast-schema-graph\">{\"@context\":\"https:\\\/\\\/schema.org\",\"@graph\":[{\"@type\":\"WebPage\",\"@id\":\"https:\\\/\\\/shop.tombotto.ch\\\/fr\\\/shop\\\/verre-5-dl-transparent-bio-kopie\\\/\",\"url\":\"https:\\\/\\\/shop.tombotto.ch\\\/fr\\\/shop\\\/verre-5-dl-transparent-bio-kopie\\\/\",\"name\":\"Gobelet 5 dl transparent BIO - Tombotto\",\"isPartOf\":{\"@id\":\"https:\\\/\\\/shop.tombotto.ch\\\/fr\\\/#website\"},\"primaryImageOfPage\":{\"@id\":\"https:\\\/\\\/shop.tombotto.ch\\\/fr\\\/shop\\\/verre-5-dl-transparent-bio-kopie\\\/#primaryimage\"},\"image\":{\"@id\":\"https:\\\/\\\/shop.tombotto.ch\\\/fr\\\/shop\\\/verre-5-dl-transparent-bio-kopie\\\/#primaryimage\"},\"thumbnailUrl\":\"https:\\\/\\\/shop.tombotto.ch\\\/wp-content\\\/uploads\\\/2025\\\/08\\\/1131.1006.jpg\",\"datePublished\":\"2025-08-04T09:48:48+00:00\",\"dateModified\":\"2025-09-12T08:32:48+00:00\",\"description\":\"Gobelet jetable \u279c 5 dl \u2714\ufe0f transparent \u2714\ufe0f BIO \u2714\ufe0f Pour votre \u00e9v\u00e9nement sans nettoyage \u2714\ufe0f Commander en ligne chez tombotto\",\"breadcrumb\":{\"@id\":\"https:\\\/\\\/shop.tombotto.ch\\\/fr\\\/shop\\\/verre-5-dl-transparent-bio-kopie\\\/#breadcrumb\"},\"inLanguage\":\"fr-FR\",\"potentialAction\":[{\"@type\":\"ReadAction\",\"target\":[\"https:\\\/\\\/shop.tombotto.ch\\\/fr\\\/shop\\\/verre-5-dl-transparent-bio-kopie\\\/\"]}]},{\"@type\":\"ImageObject\",\"inLanguage\":\"fr-FR\",\"@id\":\"https:\\\/\\\/shop.tombotto.ch\\\/fr\\\/shop\\\/verre-5-dl-transparent-bio-kopie\\\/#primaryimage\",\"url\":\"https:\\\/\\\/shop.tombotto.ch\\\/wp-content\\\/uploads\\\/2025\\\/08\\\/1131.1006.jpg\",\"contentUrl\":\"https:\\\/\\\/shop.tombotto.ch\\\/wp-content\\\/uploads\\\/2025\\\/08\\\/1131.1006.jpg\",\"width\":892,\"height\":711},{\"@type\":\"BreadcrumbList\",\"@id\":\"https:\\\/\\\/shop.tombotto.ch\\\/fr\\\/shop\\\/verre-5-dl-transparent-bio-kopie\\\/#breadcrumb\",\"itemListElement\":[{\"@type\":\"ListItem\",\"position\":1,\"name\":\"Start\",\"item\":\"https:\\\/\\\/shop.tombotto.ch\\\/fr\\\/\"},{\"@type\":\"ListItem\",\"position\":2,\"name\":\"Shop\",\"item\":\"https:\\\/\\\/shop.tombotto.ch\\\/fr\\\/shop\\\/\"},{\"@type\":\"ListItem\",\"position\":3,\"name\":\"Gobelet 5 dl transparent BIO\"}]},{\"@type\":\"WebSite\",\"@id\":\"https:\\\/\\\/shop.tombotto.ch\\\/fr\\\/#website\",\"url\":\"https:\\\/\\\/shop.tombotto.ch\\\/fr\\\/\",\"name\":\"Tombotto\",\"description\":\"Fest-, Event- &amp; Promotionsartikel\",\"publisher\":{\"@id\":\"https:\\\/\\\/shop.tombotto.ch\\\/fr\\\/#organization\"},\"potentialAction\":[{\"@type\":\"SearchAction\",\"target\":{\"@type\":\"EntryPoint\",\"urlTemplate\":\"https:\\\/\\\/shop.tombotto.ch\\\/fr\\\/?s={search_term_string}\"},\"query-input\":{\"@type\":\"PropertyValueSpecification\",\"valueRequired\":true,\"valueName\":\"search_term_string\"}}],\"inLanguage\":\"fr-FR\"},{\"@type\":\"Organization\",\"@id\":\"https:\\\/\\\/shop.tombotto.ch\\\/fr\\\/#organization\",\"name\":\"Tombotto\",\"url\":\"https:\\\/\\\/shop.tombotto.ch\\\/fr\\\/\",\"logo\":{\"@type\":\"ImageObject\",\"inLanguage\":\"fr-FR\",\"@id\":\"https:\\\/\\\/shop.tombotto.ch\\\/fr\\\/#\\\/schema\\\/logo\\\/image\\\/\",\"url\":\"https:\\\/\\\/shop.tombotto.ch\\\/wp-content\\\/uploads\\\/2023\\\/03\\\/logo.svg\",\"contentUrl\":\"https:\\\/\\\/shop.tombotto.ch\\\/wp-content\\\/uploads\\\/2023\\\/03\\\/logo.svg\",\"caption\":\"Tombotto\"},\"image\":{\"@id\":\"https:\\\/\\\/shop.tombotto.ch\\\/fr\\\/#\\\/schema\\\/logo\\\/image\\\/\"}}]}<\/script>\n<!-- \/ Yoast SEO Premium plugin. -->","yoast_head_json":{"title":"Gobelet 5 dl transparent BIO - Tombotto","description":"Gobelet jetable \u279c 5 dl \u2714\ufe0f transparent \u2714\ufe0f BIO \u2714\ufe0f Pour votre \u00e9v\u00e9nement sans nettoyage \u2714\ufe0f Commander en ligne chez tombotto","robots":{"index":"index","follow":"follow","max-snippet":"max-snippet:-1","max-image-preview":"max-image-preview:large","max-video-preview":"max-video-preview:-1"},"canonical":"https:\/\/shop.tombotto.ch\/fr\/shop\/verre-5-dl-transparent-bio-kopie\/","og_locale":"fr_FR","og_type":"article","og_title":"Gobelet 5 dl transparent BIO","og_description":"Gobelet jetable \u279c 5 dl \u2714\ufe0f transparent \u2714\ufe0f BIO \u2714\ufe0f Pour votre \u00e9v\u00e9nement sans nettoyage \u2714\ufe0f Commander en ligne chez tombotto","og_url":"https:\/\/shop.tombotto.ch\/fr\/shop\/verre-5-dl-transparent-bio-kopie\/","og_site_name":"Tombotto","article_modified_time":"2025-09-12T08:32:48+00:00","og_image":[{"width":892,"height":711,"url":"https:\/\/shop.tombotto.ch\/wp-content\/uploads\/2025\/08\/1131.1006.jpg","type":"image\/jpeg"}],"twitter_card":"summary_large_image","twitter_misc":{"Dur\u00e9e de lecture estim\u00e9e":"1 minute"},"schema":{"@context":"https:\/\/schema.org","@graph":[{"@type":"WebPage","@id":"https:\/\/shop.tombotto.ch\/fr\/shop\/verre-5-dl-transparent-bio-kopie\/","url":"https:\/\/shop.tombotto.ch\/fr\/shop\/verre-5-dl-transparent-bio-kopie\/","name":"Gobelet 5 dl transparent BIO - Tombotto","isPartOf":{"@id":"https:\/\/shop.tombotto.ch\/fr\/#website"},"primaryImageOfPage":{"@id":"https:\/\/shop.tombotto.ch\/fr\/shop\/verre-5-dl-transparent-bio-kopie\/#primaryimage"},"image":{"@id":"https:\/\/shop.tombotto.ch\/fr\/shop\/verre-5-dl-transparent-bio-kopie\/#primaryimage"},"thumbnailUrl":"https:\/\/shop.tombotto.ch\/wp-content\/uploads\/2025\/08\/1131.1006.jpg","datePublished":"2025-08-04T09:48:48+00:00","dateModified":"2025-09-12T08:32:48+00:00","description":"Gobelet jetable \u279c 5 dl \u2714\ufe0f transparent \u2714\ufe0f BIO \u2714\ufe0f Pour votre \u00e9v\u00e9nement sans nettoyage \u2714\ufe0f Commander en ligne chez tombotto","breadcrumb":{"@id":"https:\/\/shop.tombotto.ch\/fr\/shop\/verre-5-dl-transparent-bio-kopie\/#breadcrumb"},"inLanguage":"fr-FR","potentialAction":[{"@type":"ReadAction","target":["https:\/\/shop.tombotto.ch\/fr\/shop\/verre-5-dl-transparent-bio-kopie\/"]}]},{"@type":"ImageObject","inLanguage":"fr-FR","@id":"https:\/\/shop.tombotto.ch\/fr\/shop\/verre-5-dl-transparent-bio-kopie\/#primaryimage","url":"https:\/\/shop.tombotto.ch\/wp-content\/uploads\/2025\/08\/1131.1006.jpg","contentUrl":"https:\/\/shop.tombotto.ch\/wp-content\/uploads\/2025\/08\/1131.1006.jpg","width":892,"height":711},{"@type":"BreadcrumbList","@id":"https:\/\/shop.tombotto.ch\/fr\/shop\/verre-5-dl-transparent-bio-kopie\/#breadcrumb","itemListElement":[{"@type":"ListItem","position":1,"name":"Start","item":"https:\/\/shop.tombotto.ch\/fr\/"},{"@type":"ListItem","position":2,"name":"Shop","item":"https:\/\/shop.tombotto.ch\/fr\/shop\/"},{"@type":"ListItem","position":3,"name":"Gobelet 5 dl transparent BIO"}]},{"@type":"WebSite","@id":"https:\/\/shop.tombotto.ch\/fr\/#website","url":"https:\/\/shop.tombotto.ch\/fr\/","name":"Tombotto","description":"Fest-, Event- &amp; Promotionsartikel","publisher":{"@id":"https:\/\/shop.tombotto.ch\/fr\/#organization"},"potentialAction":[{"@type":"SearchAction","target":{"@type":"EntryPoint","urlTemplate":"https:\/\/shop.tombotto.ch\/fr\/?s={search_term_string}"},"query-input":{"@type":"PropertyValueSpecification","valueRequired":true,"valueName":"search_term_string"}}],"inLanguage":"fr-FR"},{"@type":"Organization","@id":"https:\/\/shop.tombotto.ch\/fr\/#organization","name":"Tombotto","url":"https:\/\/shop.tombotto.ch\/fr\/","logo":{"@type":"ImageObject","inLanguage":"fr-FR","@id":"https:\/\/shop.tombotto.ch\/fr\/#\/schema\/logo\/image\/","url":"https:\/\/shop.tombotto.ch\/wp-content\/uploads\/2023\/03\/logo.svg","contentUrl":"https:\/\/shop.tombotto.ch\/wp-content\/uploads\/2023\/03\/logo.svg","caption":"Tombotto"},"image":{"@id":"https:\/\/shop.tombotto.ch\/fr\/#\/schema\/logo\/image\/"}}]}},"tiered_pricing_type":"fixed","tiered_pricing_fixed_rules":[],"tiered_pricing_product_settings":{"layout":"default","base_unit_name":{"singular":null,"plural":null},"default_variation":null},"tiered_pricing_minimum_quantity":null,"tiered_pricing_roles_data":[],"tiered_pricing_percentage_rules":[],"tiered_pricing_maximum_quantity":null,"tiered_pricing_quantity_step":null,"_links":{"self":[{"href":"https:\/\/shop.tombotto.ch\/fr\/wp-json\/wp\/v2\/product\/57521","targetHints":{"allow":["GET"]}}],"collection":[{"href":"https:\/\/shop.tombotto.ch\/fr\/wp-json\/wp\/v2\/product"}],"about":[{"href":"https:\/\/shop.tombotto.ch\/fr\/wp-json\/wp\/v2\/types\/product"}],"wp:featuredmedia":[{"embeddable":true,"href":"https:\/\/shop.tombotto.ch\/fr\/wp-json\/wp\/v2\/media\/57533"}],"wp:attachment":[{"href":"https:\/\/shop.tombotto.ch\/fr\/wp-json\/wp\/v2\/media?parent=57521"}],"wp:term":[{"taxonomy":"product_brand","embeddable":true,"href":"https:\/\/shop.tombotto.ch\/fr\/wp-json\/wp\/v2\/product_brand?post=57521"},{"taxonomy":"product_cat","embeddable":true,"href":"https:\/\/shop.tombotto.ch\/fr\/wp-json\/wp\/v2\/product_cat?post=57521"},{"taxonomy":"product_tag","embeddable":true,"href":"https:\/\/shop.tombotto.ch\/fr\/wp-json\/wp\/v2\/product_tag?post=57521"}],"curies":[{"name":"wp","href":"https:\/\/api.w.org\/{rel}","templated":true}]}}