{"id":57919,"date":"2025-08-21T10:38:52","date_gmt":"2025-08-21T08:38:52","guid":{"rendered":"https:\/\/shop.tombotto.ch\/?post_type=product&#038;p=57919"},"modified":"2025-09-12T10:31:53","modified_gmt":"2025-09-12T08:31:53","slug":"lanyard-20-mm-creme-beige","status":"publish","type":"product","link":"https:\/\/shop.tombotto.ch\/fr\/shop\/lanyard-20-mm-creme-beige\/","title":{"rendered":"Lanyard collier 20 mm <br>cr\u00e8me\/beige"},"content":{"rendered":"<p>Ce collier lanyard d&rsquo;une largeur de 20 mm est agr\u00e9able au cou et assure un grand confort. Le mousqueton int\u00e9gr\u00e9 permet d&rsquo;attacher en toute s\u00e9curit\u00e9 des cartes d&rsquo;identit\u00e9, des cl\u00e9s ou d&rsquo;autres petits objets, ce qui le rend polyvalent.<\/p>\n<ul>\n<li>Couleur cr\u00e8me\/beige<\/li>\n<li>Largeur 20 mm<\/li>\n<li>Avec mousqueton dor\u00e9<\/li>\n<\/ul>\n","protected":false},"excerpt":{"rendered":"<p>Ce collier lanyard d&rsquo;une largeur de 20 mm est agr\u00e9able au cou et assure un grand confort. Le mousqueton int\u00e9gr\u00e9 permet d&rsquo;attacher en toute s\u00e9curit\u00e9 des cartes d&rsquo;identit\u00e9, des cl\u00e9s ou d&rsquo;autres petits objets, ce qui le rend polyvalent. Couleur cr\u00e8me\/beige Largeur 20 mm Avec mousqueton dor\u00e9<\/p>\n","protected":false},"featured_media":57923,"template":"","meta":{"_acf_changed":false,"inline_featured_image":false},"product_brand":[],"product_cat":[4600,4575],"product_tag":[],"class_list":{"0":"post-57919","1":"product","2":"type-product","3":"status-publish","4":"has-post-thumbnail","6":"product_cat-accessoires","7":"product_cat-lanyard","9":"first","10":"instock","11":"taxable","12":"shipping-taxable","13":"purchasable","14":"product-type-simple"},"exclude_global_add_ons":[],"addons":[],"acf":[],"yoast_head":"<!-- This site is optimized with the Yoast SEO Premium plugin v27.4 (Yoast SEO v27.4) - https:\/\/yoast.com\/product\/yoast-seo-premium-wordpress\/ -->\n<title>Lanyard collier cr\u00e8me\/beige - tombotto<\/title>\n<meta name=\"description\" content=\"Collier lanyard \u27a8 Couleur cr\u00e8me\/beige + autres couleurs \u2714\ufe0f Largeur 20 mm \u2714\ufe0f Porte-passeport \u2714\ufe0f Fournisseur suisse \u25b7 Livraison rapide - tombottoLanyard Collier\" \/>\n<meta name=\"robots\" content=\"index, follow, max-snippet:-1, max-image-preview:large, max-video-preview:-1\" \/>\n<link rel=\"canonical\" href=\"https:\/\/shop.tombotto.ch\/fr\/shop\/lanyard-20-mm-creme-beige\/\" \/>\n<meta property=\"og:locale\" content=\"fr_FR\" \/>\n<meta property=\"og:type\" content=\"article\" \/>\n<meta property=\"og:title\" content=\"Lanyard collier 20 mm cr\u00e8me\/beige\" \/>\n<meta property=\"og:description\" content=\"Collier lanyard \u27a8 Couleur cr\u00e8me\/beige + autres couleurs \u2714\ufe0f Largeur 20 mm \u2714\ufe0f Porte-passeport \u2714\ufe0f Fournisseur suisse \u25b7 Livraison rapide - tombottoLanyard Collier\" \/>\n<meta property=\"og:url\" content=\"https:\/\/shop.tombotto.ch\/fr\/shop\/lanyard-20-mm-creme-beige\/\" \/>\n<meta property=\"og:site_name\" content=\"Tombotto\" \/>\n<meta property=\"article:modified_time\" content=\"2025-09-12T08:31:53+00:00\" \/>\n<meta property=\"og:image\" content=\"https:\/\/shop.tombotto.ch\/wp-content\/uploads\/2025\/08\/99365-c-1.jpg\" \/>\n\t<meta property=\"og:image:width\" content=\"800\" \/>\n\t<meta property=\"og:image:height\" content=\"678\" \/>\n\t<meta property=\"og:image:type\" content=\"image\/jpeg\" \/>\n<meta name=\"twitter:card\" content=\"summary_large_image\" \/>\n<meta name=\"twitter:label1\" content=\"Dur\u00e9e de lecture estim\u00e9e\" \/>\n\t<meta name=\"twitter:data1\" content=\"1 minute\" \/>\n<script type=\"application\/ld+json\" class=\"yoast-schema-graph\">{\"@context\":\"https:\\\/\\\/schema.org\",\"@graph\":[{\"@type\":\"WebPage\",\"@id\":\"https:\\\/\\\/shop.tombotto.ch\\\/fr\\\/shop\\\/lanyard-20-mm-creme-beige\\\/\",\"url\":\"https:\\\/\\\/shop.tombotto.ch\\\/fr\\\/shop\\\/lanyard-20-mm-creme-beige\\\/\",\"name\":\"Lanyard collier cr\u00e8me\\\/beige - tombotto\",\"isPartOf\":{\"@id\":\"https:\\\/\\\/shop.tombotto.ch\\\/fr\\\/#website\"},\"primaryImageOfPage\":{\"@id\":\"https:\\\/\\\/shop.tombotto.ch\\\/fr\\\/shop\\\/lanyard-20-mm-creme-beige\\\/#primaryimage\"},\"image\":{\"@id\":\"https:\\\/\\\/shop.tombotto.ch\\\/fr\\\/shop\\\/lanyard-20-mm-creme-beige\\\/#primaryimage\"},\"thumbnailUrl\":\"https:\\\/\\\/shop.tombotto.ch\\\/wp-content\\\/uploads\\\/2025\\\/08\\\/99365-c-1.jpg\",\"datePublished\":\"2025-08-21T08:38:52+00:00\",\"dateModified\":\"2025-09-12T08:31:53+00:00\",\"description\":\"Collier lanyard \u27a8 Couleur cr\u00e8me\\\/beige + autres couleurs \u2714\ufe0f Largeur 20 mm \u2714\ufe0f Porte-passeport \u2714\ufe0f Fournisseur suisse \u25b7 Livraison rapide - tombottoLanyard Collier\",\"breadcrumb\":{\"@id\":\"https:\\\/\\\/shop.tombotto.ch\\\/fr\\\/shop\\\/lanyard-20-mm-creme-beige\\\/#breadcrumb\"},\"inLanguage\":\"fr-FR\",\"potentialAction\":[{\"@type\":\"ReadAction\",\"target\":[\"https:\\\/\\\/shop.tombotto.ch\\\/fr\\\/shop\\\/lanyard-20-mm-creme-beige\\\/\"]}]},{\"@type\":\"ImageObject\",\"inLanguage\":\"fr-FR\",\"@id\":\"https:\\\/\\\/shop.tombotto.ch\\\/fr\\\/shop\\\/lanyard-20-mm-creme-beige\\\/#primaryimage\",\"url\":\"https:\\\/\\\/shop.tombotto.ch\\\/wp-content\\\/uploads\\\/2025\\\/08\\\/99365-c-1.jpg\",\"contentUrl\":\"https:\\\/\\\/shop.tombotto.ch\\\/wp-content\\\/uploads\\\/2025\\\/08\\\/99365-c-1.jpg\",\"width\":800,\"height\":678},{\"@type\":\"BreadcrumbList\",\"@id\":\"https:\\\/\\\/shop.tombotto.ch\\\/fr\\\/shop\\\/lanyard-20-mm-creme-beige\\\/#breadcrumb\",\"itemListElement\":[{\"@type\":\"ListItem\",\"position\":1,\"name\":\"Start\",\"item\":\"https:\\\/\\\/shop.tombotto.ch\\\/fr\\\/\"},{\"@type\":\"ListItem\",\"position\":2,\"name\":\"Shop\",\"item\":\"https:\\\/\\\/shop.tombotto.ch\\\/fr\\\/shop\\\/\"},{\"@type\":\"ListItem\",\"position\":3,\"name\":\"Lanyard collier 20 mm cr\u00e8me\\\/beige\"}]},{\"@type\":\"WebSite\",\"@id\":\"https:\\\/\\\/shop.tombotto.ch\\\/fr\\\/#website\",\"url\":\"https:\\\/\\\/shop.tombotto.ch\\\/fr\\\/\",\"name\":\"Tombotto\",\"description\":\"Fest-, Event- &amp; Promotionsartikel\",\"publisher\":{\"@id\":\"https:\\\/\\\/shop.tombotto.ch\\\/fr\\\/#organization\"},\"potentialAction\":[{\"@type\":\"SearchAction\",\"target\":{\"@type\":\"EntryPoint\",\"urlTemplate\":\"https:\\\/\\\/shop.tombotto.ch\\\/fr\\\/?s={search_term_string}\"},\"query-input\":{\"@type\":\"PropertyValueSpecification\",\"valueRequired\":true,\"valueName\":\"search_term_string\"}}],\"inLanguage\":\"fr-FR\"},{\"@type\":\"Organization\",\"@id\":\"https:\\\/\\\/shop.tombotto.ch\\\/fr\\\/#organization\",\"name\":\"Tombotto\",\"url\":\"https:\\\/\\\/shop.tombotto.ch\\\/fr\\\/\",\"logo\":{\"@type\":\"ImageObject\",\"inLanguage\":\"fr-FR\",\"@id\":\"https:\\\/\\\/shop.tombotto.ch\\\/fr\\\/#\\\/schema\\\/logo\\\/image\\\/\",\"url\":\"https:\\\/\\\/shop.tombotto.ch\\\/wp-content\\\/uploads\\\/2023\\\/03\\\/logo.svg\",\"contentUrl\":\"https:\\\/\\\/shop.tombotto.ch\\\/wp-content\\\/uploads\\\/2023\\\/03\\\/logo.svg\",\"caption\":\"Tombotto\"},\"image\":{\"@id\":\"https:\\\/\\\/shop.tombotto.ch\\\/fr\\\/#\\\/schema\\\/logo\\\/image\\\/\"}}]}<\/script>\n<!-- \/ Yoast SEO Premium plugin. -->","yoast_head_json":{"title":"Lanyard collier cr\u00e8me\/beige - tombotto","description":"Collier lanyard \u27a8 Couleur cr\u00e8me\/beige + autres couleurs \u2714\ufe0f Largeur 20 mm \u2714\ufe0f Porte-passeport \u2714\ufe0f Fournisseur suisse \u25b7 Livraison rapide - tombottoLanyard Collier","robots":{"index":"index","follow":"follow","max-snippet":"max-snippet:-1","max-image-preview":"max-image-preview:large","max-video-preview":"max-video-preview:-1"},"canonical":"https:\/\/shop.tombotto.ch\/fr\/shop\/lanyard-20-mm-creme-beige\/","og_locale":"fr_FR","og_type":"article","og_title":"Lanyard collier 20 mm cr\u00e8me\/beige","og_description":"Collier lanyard \u27a8 Couleur cr\u00e8me\/beige + autres couleurs \u2714\ufe0f Largeur 20 mm \u2714\ufe0f Porte-passeport \u2714\ufe0f Fournisseur suisse \u25b7 Livraison rapide - tombottoLanyard Collier","og_url":"https:\/\/shop.tombotto.ch\/fr\/shop\/lanyard-20-mm-creme-beige\/","og_site_name":"Tombotto","article_modified_time":"2025-09-12T08:31:53+00:00","og_image":[{"width":800,"height":678,"url":"https:\/\/shop.tombotto.ch\/wp-content\/uploads\/2025\/08\/99365-c-1.jpg","type":"image\/jpeg"}],"twitter_card":"summary_large_image","twitter_misc":{"Dur\u00e9e de lecture estim\u00e9e":"1 minute"},"schema":{"@context":"https:\/\/schema.org","@graph":[{"@type":"WebPage","@id":"https:\/\/shop.tombotto.ch\/fr\/shop\/lanyard-20-mm-creme-beige\/","url":"https:\/\/shop.tombotto.ch\/fr\/shop\/lanyard-20-mm-creme-beige\/","name":"Lanyard collier cr\u00e8me\/beige - tombotto","isPartOf":{"@id":"https:\/\/shop.tombotto.ch\/fr\/#website"},"primaryImageOfPage":{"@id":"https:\/\/shop.tombotto.ch\/fr\/shop\/lanyard-20-mm-creme-beige\/#primaryimage"},"image":{"@id":"https:\/\/shop.tombotto.ch\/fr\/shop\/lanyard-20-mm-creme-beige\/#primaryimage"},"thumbnailUrl":"https:\/\/shop.tombotto.ch\/wp-content\/uploads\/2025\/08\/99365-c-1.jpg","datePublished":"2025-08-21T08:38:52+00:00","dateModified":"2025-09-12T08:31:53+00:00","description":"Collier lanyard \u27a8 Couleur cr\u00e8me\/beige + autres couleurs \u2714\ufe0f Largeur 20 mm \u2714\ufe0f Porte-passeport \u2714\ufe0f Fournisseur suisse \u25b7 Livraison rapide - tombottoLanyard Collier","breadcrumb":{"@id":"https:\/\/shop.tombotto.ch\/fr\/shop\/lanyard-20-mm-creme-beige\/#breadcrumb"},"inLanguage":"fr-FR","potentialAction":[{"@type":"ReadAction","target":["https:\/\/shop.tombotto.ch\/fr\/shop\/lanyard-20-mm-creme-beige\/"]}]},{"@type":"ImageObject","inLanguage":"fr-FR","@id":"https:\/\/shop.tombotto.ch\/fr\/shop\/lanyard-20-mm-creme-beige\/#primaryimage","url":"https:\/\/shop.tombotto.ch\/wp-content\/uploads\/2025\/08\/99365-c-1.jpg","contentUrl":"https:\/\/shop.tombotto.ch\/wp-content\/uploads\/2025\/08\/99365-c-1.jpg","width":800,"height":678},{"@type":"BreadcrumbList","@id":"https:\/\/shop.tombotto.ch\/fr\/shop\/lanyard-20-mm-creme-beige\/#breadcrumb","itemListElement":[{"@type":"ListItem","position":1,"name":"Start","item":"https:\/\/shop.tombotto.ch\/fr\/"},{"@type":"ListItem","position":2,"name":"Shop","item":"https:\/\/shop.tombotto.ch\/fr\/shop\/"},{"@type":"ListItem","position":3,"name":"Lanyard collier 20 mm cr\u00e8me\/beige"}]},{"@type":"WebSite","@id":"https:\/\/shop.tombotto.ch\/fr\/#website","url":"https:\/\/shop.tombotto.ch\/fr\/","name":"Tombotto","description":"Fest-, Event- &amp; Promotionsartikel","publisher":{"@id":"https:\/\/shop.tombotto.ch\/fr\/#organization"},"potentialAction":[{"@type":"SearchAction","target":{"@type":"EntryPoint","urlTemplate":"https:\/\/shop.tombotto.ch\/fr\/?s={search_term_string}"},"query-input":{"@type":"PropertyValueSpecification","valueRequired":true,"valueName":"search_term_string"}}],"inLanguage":"fr-FR"},{"@type":"Organization","@id":"https:\/\/shop.tombotto.ch\/fr\/#organization","name":"Tombotto","url":"https:\/\/shop.tombotto.ch\/fr\/","logo":{"@type":"ImageObject","inLanguage":"fr-FR","@id":"https:\/\/shop.tombotto.ch\/fr\/#\/schema\/logo\/image\/","url":"https:\/\/shop.tombotto.ch\/wp-content\/uploads\/2023\/03\/logo.svg","contentUrl":"https:\/\/shop.tombotto.ch\/wp-content\/uploads\/2023\/03\/logo.svg","caption":"Tombotto"},"image":{"@id":"https:\/\/shop.tombotto.ch\/fr\/#\/schema\/logo\/image\/"}}]}},"tiered_pricing_type":"fixed","tiered_pricing_fixed_rules":{"10":"1.15","100":".95"},"tiered_pricing_product_settings":{"layout":"default","base_unit_name":{"singular":null,"plural":null},"default_variation":null},"tiered_pricing_minimum_quantity":null,"tiered_pricing_roles_data":[],"tiered_pricing_percentage_rules":[],"tiered_pricing_maximum_quantity":null,"tiered_pricing_quantity_step":null,"_links":{"self":[{"href":"https:\/\/shop.tombotto.ch\/fr\/wp-json\/wp\/v2\/product\/57919","targetHints":{"allow":["GET"]}}],"collection":[{"href":"https:\/\/shop.tombotto.ch\/fr\/wp-json\/wp\/v2\/product"}],"about":[{"href":"https:\/\/shop.tombotto.ch\/fr\/wp-json\/wp\/v2\/types\/product"}],"wp:featuredmedia":[{"embeddable":true,"href":"https:\/\/shop.tombotto.ch\/fr\/wp-json\/wp\/v2\/media\/57923"}],"wp:attachment":[{"href":"https:\/\/shop.tombotto.ch\/fr\/wp-json\/wp\/v2\/media?parent=57919"}],"wp:term":[{"taxonomy":"product_brand","embeddable":true,"href":"https:\/\/shop.tombotto.ch\/fr\/wp-json\/wp\/v2\/product_brand?post=57919"},{"taxonomy":"product_cat","embeddable":true,"href":"https:\/\/shop.tombotto.ch\/fr\/wp-json\/wp\/v2\/product_cat?post=57919"},{"taxonomy":"product_tag","embeddable":true,"href":"https:\/\/shop.tombotto.ch\/fr\/wp-json\/wp\/v2\/product_tag?post=57919"}],"curies":[{"name":"wp","href":"https:\/\/api.w.org\/{rel}","templated":true}]}}