{"id":61147,"date":"2025-12-03T15:42:26","date_gmt":"2025-12-03T14:42:26","guid":{"rendered":"https:\/\/shop.tombotto.ch\/?post_type=product&#038;p=61147"},"modified":"2026-03-20T17:13:20","modified_gmt":"2026-03-20T16:13:20","slug":"magic-fx-powershot-2","status":"publish","type":"product","link":"https:\/\/shop.tombotto.ch\/fr\/shop\/magic-fx-powershot-2\/","title":{"rendered":"MAGIC FX\u00ae POWERSHOT II &#8211; Set"},"content":{"rendered":"<p class=\"ai-optimize-22\">Spezialangebot MAGIC FX\u00ae POWERSHOT II zum einmaligen Setpreis:<\/p>\n<p class=\"ai-optimize-23\"><strong>4 x<\/strong> MAGIC FX\u00ae POWERSHOT II<br \/>\n<strong>1 x<\/strong> Transportcase f\u00fcr 4 Powershots<\/p>\n<p class=\"ai-optimize-24\">Beschrieb POWERSHOT II:<br \/>\nDie Powershot II Ger\u00e4te sind einfache und zugleich professionelle Abschusseinheiten f\u00fcr Konfetti und Luftschlangen (Elektrische Konfettikanonen). Sie dienen dazu, die gef\u00fcllten, einmalig verwendbaren Kanonen abzuschiessen. Die Kanonen werden elektronisch ausgel\u00f6st. Dies ist m\u00f6glich mit einem 230V Power Switch, Wireless Kontroller, Kippschalter oder in Kombination mit einem Switch Pack, \u00fcber DMX.<\/p>\n<ul>\n<li class=\"ai-optimize-25\">Power 230V \/ 100W<\/li>\n<li class=\"ai-optimize-26\">Gr\u00f6sse 19 x 9 x 12,6 cm<\/li>\n<li class=\"ai-optimize-27\">Gewicht\u00a01,9 kg<\/li>\n<li class=\"ai-optimize-28\">Anschluss Powercon True1 (Kabel nicht inbegriffen)<\/li>\n<li class=\"ai-optimize-29\">Garantiefrist 3 Jahre<\/li>\n<\/ul>\n<p class=\"ai-optimize-30\"><a title=\"Video auf Youtube\" href=\"https:\/\/youtu.be\/iGNOtOUHTiU\" target=\"_blank\" rel=\"noopener noreferrer\">Video<\/a><\/p>\n<p class=\"ai-optimize-31\"><a href=\"https:\/\/shop.tombotto.ch\/wp-content\/uploads\/2023\/06\/magicfx_powershot_manual.pdf\" target=\"_blank\" rel=\"noopener noreferrer\">Bedienungsanleitung<\/a><\/p>\n","protected":false},"excerpt":{"rendered":"<p class=\"ai-optimize-15 ai-optimize-introduction\">AKTION<\/p>\n","protected":false},"featured_media":61149,"template":"","meta":{"_acf_changed":false,"inline_featured_image":false},"product_brand":[],"product_cat":[4772],"product_tag":[],"class_list":{"0":"post-61147","1":"product","2":"type-product","3":"status-publish","4":"has-post-thumbnail","6":"product_cat-confetti","8":"first","9":"instock","10":"sale","11":"taxable","12":"shipping-taxable","13":"purchasable","14":"product-type-simple"},"exclude_global_add_ons":[],"addons":[],"acf":[],"yoast_head":"<!-- This site is optimized with the Yoast SEO Premium plugin v27.4 (Yoast SEO v27.4) - https:\/\/yoast.com\/product\/yoast-seo-premium-wordpress\/ -->\n<title>MAGIC FX\u00ae POWERSHOT II \u2022 Aktion<\/title>\n<meta name=\"description\" content=\"MAGIC FX\u00ae POWERSHOT II zum Aktionspreis \u25b7 4 Powershots inklusive Transportcase \u2713 230V \u2713 DMX steuerbar \u00fcber Switch Pack \u2713 3 Jahre Garantie \u27a8 shop.tombotto.ch\" \/>\n<meta name=\"robots\" content=\"index, follow, max-snippet:-1, max-image-preview:large, max-video-preview:-1\" \/>\n<link rel=\"canonical\" href=\"https:\/\/shop.tombotto.ch\/fr\/shop\/magic-fx-powershot-2\/\" \/>\n<meta property=\"og:locale\" content=\"fr_FR\" \/>\n<meta property=\"og:type\" content=\"article\" \/>\n<meta property=\"og:title\" content=\"MAGIC FX\u00ae POWERSHOT II - Set\" \/>\n<meta property=\"og:description\" content=\"MAGIC FX\u00ae POWERSHOT II zum Aktionspreis \u25b7 4 Powershots inklusive Transportcase \u2713 230V \u2713 DMX steuerbar \u00fcber Switch Pack \u2713 3 Jahre Garantie \u27a8 shop.tombotto.ch\" \/>\n<meta property=\"og:url\" content=\"https:\/\/shop.tombotto.ch\/fr\/shop\/magic-fx-powershot-2\/\" \/>\n<meta property=\"og:site_name\" content=\"Tombotto\" \/>\n<meta property=\"article:modified_time\" content=\"2026-03-20T16:13:20+00:00\" \/>\n<meta property=\"og:image\" content=\"https:\/\/shop.tombotto.ch\/wp-content\/uploads\/2025\/12\/AKT_PowerShot.jpg\" \/>\n\t<meta property=\"og:image:width\" content=\"800\" \/>\n\t<meta property=\"og:image:height\" content=\"800\" \/>\n\t<meta property=\"og:image:type\" content=\"image\/jpeg\" \/>\n<meta name=\"twitter:card\" content=\"summary_large_image\" \/>\n<meta name=\"twitter:label1\" content=\"Dur\u00e9e de lecture estim\u00e9e\" \/>\n\t<meta name=\"twitter:data1\" content=\"2 minutes\" \/>\n<script type=\"application\/ld+json\" class=\"yoast-schema-graph\">{\"@context\":\"https:\\\/\\\/schema.org\",\"@graph\":[{\"@type\":\"WebPage\",\"@id\":\"https:\\\/\\\/shop.tombotto.ch\\\/fr\\\/shop\\\/magic-fx-powershot-2\\\/\",\"url\":\"https:\\\/\\\/shop.tombotto.ch\\\/fr\\\/shop\\\/magic-fx-powershot-2\\\/\",\"name\":\"MAGIC FX\u00ae POWERSHOT II \u2022 Aktion\",\"isPartOf\":{\"@id\":\"https:\\\/\\\/shop.tombotto.ch\\\/fr\\\/#website\"},\"primaryImageOfPage\":{\"@id\":\"https:\\\/\\\/shop.tombotto.ch\\\/fr\\\/shop\\\/magic-fx-powershot-2\\\/#primaryimage\"},\"image\":{\"@id\":\"https:\\\/\\\/shop.tombotto.ch\\\/fr\\\/shop\\\/magic-fx-powershot-2\\\/#primaryimage\"},\"thumbnailUrl\":\"https:\\\/\\\/shop.tombotto.ch\\\/wp-content\\\/uploads\\\/2025\\\/12\\\/AKT_PowerShot.jpg\",\"datePublished\":\"2025-12-03T14:42:26+00:00\",\"dateModified\":\"2026-03-20T16:13:20+00:00\",\"description\":\"MAGIC FX\u00ae POWERSHOT II zum Aktionspreis \u25b7 4 Powershots inklusive Transportcase \u2713 230V \u2713 DMX steuerbar \u00fcber Switch Pack \u2713 3 Jahre Garantie \u27a8 shop.tombotto.ch\",\"breadcrumb\":{\"@id\":\"https:\\\/\\\/shop.tombotto.ch\\\/fr\\\/shop\\\/magic-fx-powershot-2\\\/#breadcrumb\"},\"inLanguage\":\"fr-FR\",\"potentialAction\":[{\"@type\":\"ReadAction\",\"target\":[\"https:\\\/\\\/shop.tombotto.ch\\\/fr\\\/shop\\\/magic-fx-powershot-2\\\/\"]}]},{\"@type\":\"ImageObject\",\"inLanguage\":\"fr-FR\",\"@id\":\"https:\\\/\\\/shop.tombotto.ch\\\/fr\\\/shop\\\/magic-fx-powershot-2\\\/#primaryimage\",\"url\":\"https:\\\/\\\/shop.tombotto.ch\\\/wp-content\\\/uploads\\\/2025\\\/12\\\/AKT_PowerShot.jpg\",\"contentUrl\":\"https:\\\/\\\/shop.tombotto.ch\\\/wp-content\\\/uploads\\\/2025\\\/12\\\/AKT_PowerShot.jpg\",\"width\":800,\"height\":800},{\"@type\":\"BreadcrumbList\",\"@id\":\"https:\\\/\\\/shop.tombotto.ch\\\/fr\\\/shop\\\/magic-fx-powershot-2\\\/#breadcrumb\",\"itemListElement\":[{\"@type\":\"ListItem\",\"position\":1,\"name\":\"Start\",\"item\":\"https:\\\/\\\/shop.tombotto.ch\\\/fr\\\/\"},{\"@type\":\"ListItem\",\"position\":2,\"name\":\"Shop\",\"item\":\"https:\\\/\\\/shop.tombotto.ch\\\/fr\\\/shop\\\/\"},{\"@type\":\"ListItem\",\"position\":3,\"name\":\"MAGIC FX\u00ae POWERSHOT II - Set\"}]},{\"@type\":\"WebSite\",\"@id\":\"https:\\\/\\\/shop.tombotto.ch\\\/fr\\\/#website\",\"url\":\"https:\\\/\\\/shop.tombotto.ch\\\/fr\\\/\",\"name\":\"Tombotto\",\"description\":\"Fest-, Event- &amp; Promotionsartikel\",\"publisher\":{\"@id\":\"https:\\\/\\\/shop.tombotto.ch\\\/fr\\\/#organization\"},\"potentialAction\":[{\"@type\":\"SearchAction\",\"target\":{\"@type\":\"EntryPoint\",\"urlTemplate\":\"https:\\\/\\\/shop.tombotto.ch\\\/fr\\\/?s={search_term_string}\"},\"query-input\":{\"@type\":\"PropertyValueSpecification\",\"valueRequired\":true,\"valueName\":\"search_term_string\"}}],\"inLanguage\":\"fr-FR\"},{\"@type\":\"Organization\",\"@id\":\"https:\\\/\\\/shop.tombotto.ch\\\/fr\\\/#organization\",\"name\":\"Tombotto\",\"url\":\"https:\\\/\\\/shop.tombotto.ch\\\/fr\\\/\",\"logo\":{\"@type\":\"ImageObject\",\"inLanguage\":\"fr-FR\",\"@id\":\"https:\\\/\\\/shop.tombotto.ch\\\/fr\\\/#\\\/schema\\\/logo\\\/image\\\/\",\"url\":\"https:\\\/\\\/shop.tombotto.ch\\\/wp-content\\\/uploads\\\/2023\\\/03\\\/logo.svg\",\"contentUrl\":\"https:\\\/\\\/shop.tombotto.ch\\\/wp-content\\\/uploads\\\/2023\\\/03\\\/logo.svg\",\"caption\":\"Tombotto\"},\"image\":{\"@id\":\"https:\\\/\\\/shop.tombotto.ch\\\/fr\\\/#\\\/schema\\\/logo\\\/image\\\/\"}}]}<\/script>\n<!-- \/ Yoast SEO Premium plugin. -->","yoast_head_json":{"title":"MAGIC FX\u00ae POWERSHOT II \u2022 Aktion","description":"MAGIC FX\u00ae POWERSHOT II zum Aktionspreis \u25b7 4 Powershots inklusive Transportcase \u2713 230V \u2713 DMX steuerbar \u00fcber Switch Pack \u2713 3 Jahre Garantie \u27a8 shop.tombotto.ch","robots":{"index":"index","follow":"follow","max-snippet":"max-snippet:-1","max-image-preview":"max-image-preview:large","max-video-preview":"max-video-preview:-1"},"canonical":"https:\/\/shop.tombotto.ch\/fr\/shop\/magic-fx-powershot-2\/","og_locale":"fr_FR","og_type":"article","og_title":"MAGIC FX\u00ae POWERSHOT II - Set","og_description":"MAGIC FX\u00ae POWERSHOT II zum Aktionspreis \u25b7 4 Powershots inklusive Transportcase \u2713 230V \u2713 DMX steuerbar \u00fcber Switch Pack \u2713 3 Jahre Garantie \u27a8 shop.tombotto.ch","og_url":"https:\/\/shop.tombotto.ch\/fr\/shop\/magic-fx-powershot-2\/","og_site_name":"Tombotto","article_modified_time":"2026-03-20T16:13:20+00:00","og_image":[{"width":800,"height":800,"url":"https:\/\/shop.tombotto.ch\/wp-content\/uploads\/2025\/12\/AKT_PowerShot.jpg","type":"image\/jpeg"}],"twitter_card":"summary_large_image","twitter_misc":{"Dur\u00e9e de lecture estim\u00e9e":"2 minutes"},"schema":{"@context":"https:\/\/schema.org","@graph":[{"@type":"WebPage","@id":"https:\/\/shop.tombotto.ch\/fr\/shop\/magic-fx-powershot-2\/","url":"https:\/\/shop.tombotto.ch\/fr\/shop\/magic-fx-powershot-2\/","name":"MAGIC FX\u00ae POWERSHOT II \u2022 Aktion","isPartOf":{"@id":"https:\/\/shop.tombotto.ch\/fr\/#website"},"primaryImageOfPage":{"@id":"https:\/\/shop.tombotto.ch\/fr\/shop\/magic-fx-powershot-2\/#primaryimage"},"image":{"@id":"https:\/\/shop.tombotto.ch\/fr\/shop\/magic-fx-powershot-2\/#primaryimage"},"thumbnailUrl":"https:\/\/shop.tombotto.ch\/wp-content\/uploads\/2025\/12\/AKT_PowerShot.jpg","datePublished":"2025-12-03T14:42:26+00:00","dateModified":"2026-03-20T16:13:20+00:00","description":"MAGIC FX\u00ae POWERSHOT II zum Aktionspreis \u25b7 4 Powershots inklusive Transportcase \u2713 230V \u2713 DMX steuerbar \u00fcber Switch Pack \u2713 3 Jahre Garantie \u27a8 shop.tombotto.ch","breadcrumb":{"@id":"https:\/\/shop.tombotto.ch\/fr\/shop\/magic-fx-powershot-2\/#breadcrumb"},"inLanguage":"fr-FR","potentialAction":[{"@type":"ReadAction","target":["https:\/\/shop.tombotto.ch\/fr\/shop\/magic-fx-powershot-2\/"]}]},{"@type":"ImageObject","inLanguage":"fr-FR","@id":"https:\/\/shop.tombotto.ch\/fr\/shop\/magic-fx-powershot-2\/#primaryimage","url":"https:\/\/shop.tombotto.ch\/wp-content\/uploads\/2025\/12\/AKT_PowerShot.jpg","contentUrl":"https:\/\/shop.tombotto.ch\/wp-content\/uploads\/2025\/12\/AKT_PowerShot.jpg","width":800,"height":800},{"@type":"BreadcrumbList","@id":"https:\/\/shop.tombotto.ch\/fr\/shop\/magic-fx-powershot-2\/#breadcrumb","itemListElement":[{"@type":"ListItem","position":1,"name":"Start","item":"https:\/\/shop.tombotto.ch\/fr\/"},{"@type":"ListItem","position":2,"name":"Shop","item":"https:\/\/shop.tombotto.ch\/fr\/shop\/"},{"@type":"ListItem","position":3,"name":"MAGIC FX\u00ae POWERSHOT II - Set"}]},{"@type":"WebSite","@id":"https:\/\/shop.tombotto.ch\/fr\/#website","url":"https:\/\/shop.tombotto.ch\/fr\/","name":"Tombotto","description":"Fest-, Event- &amp; Promotionsartikel","publisher":{"@id":"https:\/\/shop.tombotto.ch\/fr\/#organization"},"potentialAction":[{"@type":"SearchAction","target":{"@type":"EntryPoint","urlTemplate":"https:\/\/shop.tombotto.ch\/fr\/?s={search_term_string}"},"query-input":{"@type":"PropertyValueSpecification","valueRequired":true,"valueName":"search_term_string"}}],"inLanguage":"fr-FR"},{"@type":"Organization","@id":"https:\/\/shop.tombotto.ch\/fr\/#organization","name":"Tombotto","url":"https:\/\/shop.tombotto.ch\/fr\/","logo":{"@type":"ImageObject","inLanguage":"fr-FR","@id":"https:\/\/shop.tombotto.ch\/fr\/#\/schema\/logo\/image\/","url":"https:\/\/shop.tombotto.ch\/wp-content\/uploads\/2023\/03\/logo.svg","contentUrl":"https:\/\/shop.tombotto.ch\/wp-content\/uploads\/2023\/03\/logo.svg","caption":"Tombotto"},"image":{"@id":"https:\/\/shop.tombotto.ch\/fr\/#\/schema\/logo\/image\/"}}]}},"tiered_pricing_type":"fixed","tiered_pricing_fixed_rules":[],"tiered_pricing_product_settings":{"layout":"default","base_unit_name":{"singular":null,"plural":null},"default_variation":null},"tiered_pricing_minimum_quantity":null,"tiered_pricing_roles_data":[],"tiered_pricing_percentage_rules":[],"tiered_pricing_maximum_quantity":null,"tiered_pricing_quantity_step":null,"_links":{"self":[{"href":"https:\/\/shop.tombotto.ch\/fr\/wp-json\/wp\/v2\/product\/61147","targetHints":{"allow":["GET"]}}],"collection":[{"href":"https:\/\/shop.tombotto.ch\/fr\/wp-json\/wp\/v2\/product"}],"about":[{"href":"https:\/\/shop.tombotto.ch\/fr\/wp-json\/wp\/v2\/types\/product"}],"wp:featuredmedia":[{"embeddable":true,"href":"https:\/\/shop.tombotto.ch\/fr\/wp-json\/wp\/v2\/media\/61149"}],"wp:attachment":[{"href":"https:\/\/shop.tombotto.ch\/fr\/wp-json\/wp\/v2\/media?parent=61147"}],"wp:term":[{"taxonomy":"product_brand","embeddable":true,"href":"https:\/\/shop.tombotto.ch\/fr\/wp-json\/wp\/v2\/product_brand?post=61147"},{"taxonomy":"product_cat","embeddable":true,"href":"https:\/\/shop.tombotto.ch\/fr\/wp-json\/wp\/v2\/product_cat?post=61147"},{"taxonomy":"product_tag","embeddable":true,"href":"https:\/\/shop.tombotto.ch\/fr\/wp-json\/wp\/v2\/product_tag?post=61147"}],"curies":[{"name":"wp","href":"https:\/\/api.w.org\/{rel}","templated":true}]}}