{"id":61173,"date":"2025-12-04T08:27:11","date_gmt":"2025-12-04T07:27:11","guid":{"rendered":"https:\/\/shop.tombotto.ch\/?post_type=product&#038;p=61173"},"modified":"2025-12-04T13:24:59","modified_gmt":"2025-12-04T12:24:59","slug":"canon-a-confettis-80-cm-en-papier-suisse","status":"publish","type":"product","link":"https:\/\/shop.tombotto.ch\/fr\/shop\/canon-a-confettis-80-cm-en-papier-suisse\/","title":{"rendered":"Canon \u00e0 confettis 80 cm<br>Suisse"},"content":{"rendered":"<ul>\n<li>Canon \u00e0 confettis \u00e0 main &lsquo;Suisse&rsquo;<\/li>\n<li>Longeur 80 cm, \u00d8 5 cm<\/li>\n<li>Confetti en papier &lsquo;Suisse&rsquo;<\/li>\n<li>Mono usage<\/li>\n<li>D\u00e9clenchement manuel<\/li>\n<li>Projection env. 12 m<\/li>\n<li>Fonctionne \u00e0 l&rsquo;air comprim\u00e9<\/li>\n<\/ul>\n<p>Ce canon \u00e0 confettis est id\u00e9al pour les f\u00eates traditionelle de suisse.<\/p>\n<p>Confettis en papier MAGIC FX ignifuge (B1) de haute qualit\u00e9 pour un usage professionnel.<br \/>\nLes produits sont certifi\u00e9s OK biod\u00e9gradables T\u00dcV Austria.<\/p>\n<p><img decoding=\"async\" class=\"alignnone size-full wp-image-42629\" src=\"https:\/\/shop.tombotto.ch\/wp-content\/uploads\/2023\/05\/Label_Bio.jpg\" alt=\"\" width=\"229\" height=\"82\"><\/p>\n","protected":false},"excerpt":{"rendered":"<p>Canon \u00e0 confettis \u00e0 main &lsquo;Suisse&rsquo; Longeur 80 cm, \u00d8 5 cm Confetti en papier &lsquo;Suisse&rsquo; Mono usage D\u00e9clenchement manuel Projection env. 12 m Fonctionne \u00e0 l&rsquo;air comprim\u00e9 Ce canon \u00e0 confettis est id\u00e9al pour les f\u00eates traditionelle de suisse. Confettis en papier MAGIC FX ignifuge (B1) de haute qualit\u00e9 pour un usage professionnel. Les [&hellip;]<\/p>\n","protected":false},"featured_media":61175,"template":"","meta":{"_acf_changed":false,"inline_featured_image":false},"product_brand":[],"product_cat":[4631,4596,4635],"product_tag":[],"class_list":{"0":"post-61173","1":"product","2":"type-product","3":"status-publish","4":"has-post-thumbnail","6":"product_cat-80-cm-confettis-en-papier","7":"product_cat-suisse-swissness","8":"product_cat-special-confettis-cie","10":"first","11":"instock","12":"taxable","13":"shipping-taxable","14":"purchasable","15":"product-type-simple"},"exclude_global_add_ons":[],"addons":[],"acf":[],"yoast_head":"<!-- This site is optimized with the Yoast SEO Premium plugin v27.4 (Yoast SEO v27.4) - https:\/\/yoast.com\/product\/yoast-seo-premium-wordpress\/ -->\n<title>Canon \u00e0 confettis en papier &#039;Suisse&#039;<\/title>\n<meta name=\"description\" content=\"Canon \u00e0 confettis Suisse \u2022 Format professionnel : 80 cm de long \u2022 Confettis en papier avec croix suisse\ufe0f \u2022 Effet festif et amusant \ud83c\udf89 tombotto Boutique suisse\" \/>\n<meta name=\"robots\" content=\"index, follow, max-snippet:-1, max-image-preview:large, max-video-preview:-1\" \/>\n<link rel=\"canonical\" href=\"https:\/\/shop.tombotto.ch\/fr\/shop\/canon-a-confettis-80-cm-en-papier-suisse\/\" \/>\n<meta property=\"og:locale\" content=\"fr_FR\" \/>\n<meta property=\"og:type\" content=\"article\" \/>\n<meta property=\"og:title\" content=\"Canon \u00e0 confettis 80 cmSuisse\" \/>\n<meta property=\"og:description\" content=\"Canon \u00e0 confettis Suisse \u2022 Format professionnel : 80 cm de long \u2022 Confettis en papier avec croix suisse\ufe0f \u2022 Effet festif et amusant \ud83c\udf89 tombotto Boutique suisse\" \/>\n<meta property=\"og:url\" content=\"https:\/\/shop.tombotto.ch\/fr\/shop\/canon-a-confettis-80-cm-en-papier-suisse\/\" \/>\n<meta property=\"og:site_name\" content=\"Tombotto\" \/>\n<meta property=\"article:modified_time\" content=\"2025-12-04T12:24:59+00:00\" \/>\n<meta property=\"og:image\" content=\"https:\/\/shop.tombotto.ch\/wp-content\/uploads\/2025\/12\/HC04CH.jpg\" \/>\n\t<meta property=\"og:image:width\" content=\"800\" \/>\n\t<meta property=\"og:image:height\" content=\"678\" \/>\n\t<meta property=\"og:image:type\" content=\"image\/jpeg\" \/>\n<meta name=\"twitter:card\" content=\"summary_large_image\" \/>\n<meta name=\"twitter:label1\" content=\"Dur\u00e9e de lecture estim\u00e9e\" \/>\n\t<meta name=\"twitter:data1\" content=\"1 minute\" \/>\n<script type=\"application\/ld+json\" class=\"yoast-schema-graph\">{\"@context\":\"https:\\\/\\\/schema.org\",\"@graph\":[{\"@type\":\"WebPage\",\"@id\":\"https:\\\/\\\/shop.tombotto.ch\\\/fr\\\/shop\\\/canon-a-confettis-80-cm-en-papier-suisse\\\/\",\"url\":\"https:\\\/\\\/shop.tombotto.ch\\\/fr\\\/shop\\\/canon-a-confettis-80-cm-en-papier-suisse\\\/\",\"name\":\"Canon \u00e0 confettis en papier 'Suisse'\",\"isPartOf\":{\"@id\":\"https:\\\/\\\/shop.tombotto.ch\\\/fr\\\/#website\"},\"primaryImageOfPage\":{\"@id\":\"https:\\\/\\\/shop.tombotto.ch\\\/fr\\\/shop\\\/canon-a-confettis-80-cm-en-papier-suisse\\\/#primaryimage\"},\"image\":{\"@id\":\"https:\\\/\\\/shop.tombotto.ch\\\/fr\\\/shop\\\/canon-a-confettis-80-cm-en-papier-suisse\\\/#primaryimage\"},\"thumbnailUrl\":\"https:\\\/\\\/shop.tombotto.ch\\\/wp-content\\\/uploads\\\/2025\\\/12\\\/HC04CH.jpg\",\"datePublished\":\"2025-12-04T07:27:11+00:00\",\"dateModified\":\"2025-12-04T12:24:59+00:00\",\"description\":\"Canon \u00e0 confettis Suisse \u2022 Format professionnel : 80 cm de long \u2022 Confettis en papier avec croix suisse\ufe0f \u2022 Effet festif et amusant \ud83c\udf89 tombotto Boutique suisse\",\"breadcrumb\":{\"@id\":\"https:\\\/\\\/shop.tombotto.ch\\\/fr\\\/shop\\\/canon-a-confettis-80-cm-en-papier-suisse\\\/#breadcrumb\"},\"inLanguage\":\"fr-FR\",\"potentialAction\":[{\"@type\":\"ReadAction\",\"target\":[\"https:\\\/\\\/shop.tombotto.ch\\\/fr\\\/shop\\\/canon-a-confettis-80-cm-en-papier-suisse\\\/\"]}]},{\"@type\":\"ImageObject\",\"inLanguage\":\"fr-FR\",\"@id\":\"https:\\\/\\\/shop.tombotto.ch\\\/fr\\\/shop\\\/canon-a-confettis-80-cm-en-papier-suisse\\\/#primaryimage\",\"url\":\"https:\\\/\\\/shop.tombotto.ch\\\/wp-content\\\/uploads\\\/2025\\\/12\\\/HC04CH.jpg\",\"contentUrl\":\"https:\\\/\\\/shop.tombotto.ch\\\/wp-content\\\/uploads\\\/2025\\\/12\\\/HC04CH.jpg\",\"width\":800,\"height\":678},{\"@type\":\"BreadcrumbList\",\"@id\":\"https:\\\/\\\/shop.tombotto.ch\\\/fr\\\/shop\\\/canon-a-confettis-80-cm-en-papier-suisse\\\/#breadcrumb\",\"itemListElement\":[{\"@type\":\"ListItem\",\"position\":1,\"name\":\"Start\",\"item\":\"https:\\\/\\\/shop.tombotto.ch\\\/fr\\\/\"},{\"@type\":\"ListItem\",\"position\":2,\"name\":\"Shop\",\"item\":\"https:\\\/\\\/shop.tombotto.ch\\\/fr\\\/shop\\\/\"},{\"@type\":\"ListItem\",\"position\":3,\"name\":\"Canon \u00e0 confettis 80 cmSuisse\"}]},{\"@type\":\"WebSite\",\"@id\":\"https:\\\/\\\/shop.tombotto.ch\\\/fr\\\/#website\",\"url\":\"https:\\\/\\\/shop.tombotto.ch\\\/fr\\\/\",\"name\":\"Tombotto\",\"description\":\"Fest-, Event- &amp; Promotionsartikel\",\"publisher\":{\"@id\":\"https:\\\/\\\/shop.tombotto.ch\\\/fr\\\/#organization\"},\"potentialAction\":[{\"@type\":\"SearchAction\",\"target\":{\"@type\":\"EntryPoint\",\"urlTemplate\":\"https:\\\/\\\/shop.tombotto.ch\\\/fr\\\/?s={search_term_string}\"},\"query-input\":{\"@type\":\"PropertyValueSpecification\",\"valueRequired\":true,\"valueName\":\"search_term_string\"}}],\"inLanguage\":\"fr-FR\"},{\"@type\":\"Organization\",\"@id\":\"https:\\\/\\\/shop.tombotto.ch\\\/fr\\\/#organization\",\"name\":\"Tombotto\",\"url\":\"https:\\\/\\\/shop.tombotto.ch\\\/fr\\\/\",\"logo\":{\"@type\":\"ImageObject\",\"inLanguage\":\"fr-FR\",\"@id\":\"https:\\\/\\\/shop.tombotto.ch\\\/fr\\\/#\\\/schema\\\/logo\\\/image\\\/\",\"url\":\"https:\\\/\\\/shop.tombotto.ch\\\/wp-content\\\/uploads\\\/2023\\\/03\\\/logo.svg\",\"contentUrl\":\"https:\\\/\\\/shop.tombotto.ch\\\/wp-content\\\/uploads\\\/2023\\\/03\\\/logo.svg\",\"caption\":\"Tombotto\"},\"image\":{\"@id\":\"https:\\\/\\\/shop.tombotto.ch\\\/fr\\\/#\\\/schema\\\/logo\\\/image\\\/\"}}]}<\/script>\n<!-- \/ Yoast SEO Premium plugin. -->","yoast_head_json":{"title":"Canon \u00e0 confettis en papier 'Suisse'","description":"Canon \u00e0 confettis Suisse \u2022 Format professionnel : 80 cm de long \u2022 Confettis en papier avec croix suisse\ufe0f \u2022 Effet festif et amusant \ud83c\udf89 tombotto Boutique suisse","robots":{"index":"index","follow":"follow","max-snippet":"max-snippet:-1","max-image-preview":"max-image-preview:large","max-video-preview":"max-video-preview:-1"},"canonical":"https:\/\/shop.tombotto.ch\/fr\/shop\/canon-a-confettis-80-cm-en-papier-suisse\/","og_locale":"fr_FR","og_type":"article","og_title":"Canon \u00e0 confettis 80 cmSuisse","og_description":"Canon \u00e0 confettis Suisse \u2022 Format professionnel : 80 cm de long \u2022 Confettis en papier avec croix suisse\ufe0f \u2022 Effet festif et amusant \ud83c\udf89 tombotto Boutique suisse","og_url":"https:\/\/shop.tombotto.ch\/fr\/shop\/canon-a-confettis-80-cm-en-papier-suisse\/","og_site_name":"Tombotto","article_modified_time":"2025-12-04T12:24:59+00:00","og_image":[{"width":800,"height":678,"url":"https:\/\/shop.tombotto.ch\/wp-content\/uploads\/2025\/12\/HC04CH.jpg","type":"image\/jpeg"}],"twitter_card":"summary_large_image","twitter_misc":{"Dur\u00e9e de lecture estim\u00e9e":"1 minute"},"schema":{"@context":"https:\/\/schema.org","@graph":[{"@type":"WebPage","@id":"https:\/\/shop.tombotto.ch\/fr\/shop\/canon-a-confettis-80-cm-en-papier-suisse\/","url":"https:\/\/shop.tombotto.ch\/fr\/shop\/canon-a-confettis-80-cm-en-papier-suisse\/","name":"Canon \u00e0 confettis en papier 'Suisse'","isPartOf":{"@id":"https:\/\/shop.tombotto.ch\/fr\/#website"},"primaryImageOfPage":{"@id":"https:\/\/shop.tombotto.ch\/fr\/shop\/canon-a-confettis-80-cm-en-papier-suisse\/#primaryimage"},"image":{"@id":"https:\/\/shop.tombotto.ch\/fr\/shop\/canon-a-confettis-80-cm-en-papier-suisse\/#primaryimage"},"thumbnailUrl":"https:\/\/shop.tombotto.ch\/wp-content\/uploads\/2025\/12\/HC04CH.jpg","datePublished":"2025-12-04T07:27:11+00:00","dateModified":"2025-12-04T12:24:59+00:00","description":"Canon \u00e0 confettis Suisse \u2022 Format professionnel : 80 cm de long \u2022 Confettis en papier avec croix suisse\ufe0f \u2022 Effet festif et amusant \ud83c\udf89 tombotto Boutique suisse","breadcrumb":{"@id":"https:\/\/shop.tombotto.ch\/fr\/shop\/canon-a-confettis-80-cm-en-papier-suisse\/#breadcrumb"},"inLanguage":"fr-FR","potentialAction":[{"@type":"ReadAction","target":["https:\/\/shop.tombotto.ch\/fr\/shop\/canon-a-confettis-80-cm-en-papier-suisse\/"]}]},{"@type":"ImageObject","inLanguage":"fr-FR","@id":"https:\/\/shop.tombotto.ch\/fr\/shop\/canon-a-confettis-80-cm-en-papier-suisse\/#primaryimage","url":"https:\/\/shop.tombotto.ch\/wp-content\/uploads\/2025\/12\/HC04CH.jpg","contentUrl":"https:\/\/shop.tombotto.ch\/wp-content\/uploads\/2025\/12\/HC04CH.jpg","width":800,"height":678},{"@type":"BreadcrumbList","@id":"https:\/\/shop.tombotto.ch\/fr\/shop\/canon-a-confettis-80-cm-en-papier-suisse\/#breadcrumb","itemListElement":[{"@type":"ListItem","position":1,"name":"Start","item":"https:\/\/shop.tombotto.ch\/fr\/"},{"@type":"ListItem","position":2,"name":"Shop","item":"https:\/\/shop.tombotto.ch\/fr\/shop\/"},{"@type":"ListItem","position":3,"name":"Canon \u00e0 confettis 80 cmSuisse"}]},{"@type":"WebSite","@id":"https:\/\/shop.tombotto.ch\/fr\/#website","url":"https:\/\/shop.tombotto.ch\/fr\/","name":"Tombotto","description":"Fest-, Event- &amp; Promotionsartikel","publisher":{"@id":"https:\/\/shop.tombotto.ch\/fr\/#organization"},"potentialAction":[{"@type":"SearchAction","target":{"@type":"EntryPoint","urlTemplate":"https:\/\/shop.tombotto.ch\/fr\/?s={search_term_string}"},"query-input":{"@type":"PropertyValueSpecification","valueRequired":true,"valueName":"search_term_string"}}],"inLanguage":"fr-FR"},{"@type":"Organization","@id":"https:\/\/shop.tombotto.ch\/fr\/#organization","name":"Tombotto","url":"https:\/\/shop.tombotto.ch\/fr\/","logo":{"@type":"ImageObject","inLanguage":"fr-FR","@id":"https:\/\/shop.tombotto.ch\/fr\/#\/schema\/logo\/image\/","url":"https:\/\/shop.tombotto.ch\/wp-content\/uploads\/2023\/03\/logo.svg","contentUrl":"https:\/\/shop.tombotto.ch\/wp-content\/uploads\/2023\/03\/logo.svg","caption":"Tombotto"},"image":{"@id":"https:\/\/shop.tombotto.ch\/fr\/#\/schema\/logo\/image\/"}}]}},"tiered_pricing_type":"fixed","tiered_pricing_fixed_rules":{"20":"12.40"},"tiered_pricing_product_settings":{"layout":"default","base_unit_name":{"singular":null,"plural":null},"default_variation":null},"tiered_pricing_minimum_quantity":null,"tiered_pricing_roles_data":[],"tiered_pricing_percentage_rules":[],"tiered_pricing_maximum_quantity":null,"tiered_pricing_quantity_step":null,"_links":{"self":[{"href":"https:\/\/shop.tombotto.ch\/fr\/wp-json\/wp\/v2\/product\/61173","targetHints":{"allow":["GET"]}}],"collection":[{"href":"https:\/\/shop.tombotto.ch\/fr\/wp-json\/wp\/v2\/product"}],"about":[{"href":"https:\/\/shop.tombotto.ch\/fr\/wp-json\/wp\/v2\/types\/product"}],"wp:featuredmedia":[{"embeddable":true,"href":"https:\/\/shop.tombotto.ch\/fr\/wp-json\/wp\/v2\/media\/61175"}],"wp:attachment":[{"href":"https:\/\/shop.tombotto.ch\/fr\/wp-json\/wp\/v2\/media?parent=61173"}],"wp:term":[{"taxonomy":"product_brand","embeddable":true,"href":"https:\/\/shop.tombotto.ch\/fr\/wp-json\/wp\/v2\/product_brand?post=61173"},{"taxonomy":"product_cat","embeddable":true,"href":"https:\/\/shop.tombotto.ch\/fr\/wp-json\/wp\/v2\/product_cat?post=61173"},{"taxonomy":"product_tag","embeddable":true,"href":"https:\/\/shop.tombotto.ch\/fr\/wp-json\/wp\/v2\/product_tag?post=61173"}],"curies":[{"name":"wp","href":"https:\/\/api.w.org\/{rel}","templated":true}]}}