{"id":64113,"date":"2026-02-09T09:59:31","date_gmt":"2026-02-09T08:59:31","guid":{"rendered":"https:\/\/shop.tombotto.ch\/shop\/jetons-en-plastique-personnalise-impression-noire\/"},"modified":"2026-04-02T14:07:08","modified_gmt":"2026-04-02T12:07:08","slug":"jetons-en-plastique-personnaliser-impression-noire","status":"publish","type":"product","link":"https:\/\/shop.tombotto.ch\/fr\/shop\/jetons-en-plastique-personnaliser-impression-noire\/","title":{"rendered":"Jetons en plastique personnalis\u00e9: Impression noire"},"content":{"rendered":"<p>Cr\u00e9ez vos jetons \/ chips directement et facilement gr\u00e2ce \u00e0 notre configurateur en ligne.<\/p>\n<ul>\n<li>Chips en plastique<\/li>\n<li>Jetons \u00e9cologiques<\/li>\n<li>Impression en noir selon votre texte \/ votre design<\/li>\n<li>Impression recto ou recto verso<\/li>\n<li>29 x 2mm, rond<\/li>\n<li>Zone imprimable env. 23 mm<\/li>\n<li>Tous les jetons sont de m\u00eame pression<\/li>\n<li>Prix incluant les frais de base<\/li>\n<li>Par 100 pi\u00e8ces<\/li>\n<\/ul>\n<p>Le d\u00e9lai de livraison est d&rsquo;environ deux semaines.<\/p>\n<p>Pour les quantit\u00e9s plus important \u00e0 5 000 pi\u00e8ces, veuillez demander un devis personnalis\u00e9.<\/p>\n","protected":false},"excerpt":{"rendered":"<p>\u00c0 partir de 100 pi\u00e8ces<br \/>Prix unitaire<\/p>\n","protected":false},"featured_media":63961,"template":"","meta":{"_acf_changed":false,"inline_featured_image":false},"product_brand":[],"product_cat":[4721,5394,5398],"product_tag":[],"class_list":{"0":"post-64113","1":"product","2":"type-product","3":"status-publish","4":"has-post-thumbnail","6":"product_cat-jetons-en-plastique","7":"product_cat-jetons-personnalise","8":"product_cat-creer-soi-meme","10":"first","11":"instock","12":"taxable","13":"shipping-taxable","14":"purchasable","15":"product-type-variable"},"exclude_global_add_ons":[],"addons":[],"acf":[],"yoast_head":"<!-- This site is optimized with the Yoast SEO Premium plugin v27.4 (Yoast SEO v27.4) - https:\/\/yoast.com\/product\/yoast-seo-premium-wordpress\/ -->\n<title>Jetons \u00e0 personnaliser - Impression noire<\/title>\n<meta name=\"description\" content=\"Grand choix de couleurs \u2713 Cr\u00e9ez votre propre design \u2713 Facile \u00e0 cr\u00e9er dans la boutique \u2713 Livraison rapide \u2713 Disponible \u00e0 partir de 100 pi\u00e8ces \u2713 tombotto gmbh \u2022 Aarwangen BE\" \/>\n<meta name=\"robots\" content=\"index, follow, max-snippet:-1, max-image-preview:large, max-video-preview:-1\" \/>\n<link rel=\"canonical\" href=\"https:\/\/shop.tombotto.ch\/fr\/shop\/jetons-en-plastique-personnaliser-impression-noire\/\" \/>\n<meta property=\"og:locale\" content=\"fr_FR\" \/>\n<meta property=\"og:type\" content=\"article\" \/>\n<meta property=\"og:title\" content=\"Jetons en plastique personnalis\u00e9: Impression noire\" \/>\n<meta property=\"og:description\" content=\"Grand choix de couleurs \u2713 Cr\u00e9ez votre propre design \u2713 Facile \u00e0 cr\u00e9er dans la boutique \u2713 Livraison rapide \u2713 Disponible \u00e0 partir de 100 pi\u00e8ces \u2713 tombotto gmbh \u2022 Aarwangen BE\" \/>\n<meta property=\"og:url\" content=\"https:\/\/shop.tombotto.ch\/fr\/shop\/jetons-en-plastique-personnaliser-impression-noire\/\" \/>\n<meta property=\"og:site_name\" content=\"Tombotto\" \/>\n<meta property=\"article:modified_time\" content=\"2026-04-02T12:07:08+00:00\" \/>\n<meta property=\"og:image\" content=\"https:\/\/shop.tombotto.ch\/wp-content\/uploads\/2026\/02\/99426-s.jpg\" \/>\n\t<meta property=\"og:image:width\" content=\"800\" \/>\n\t<meta property=\"og:image:height\" content=\"678\" \/>\n\t<meta property=\"og:image:type\" content=\"image\/jpeg\" \/>\n<meta name=\"twitter:card\" content=\"summary_large_image\" \/>\n<meta name=\"twitter:label1\" content=\"Dur\u00e9e de lecture estim\u00e9e\" \/>\n\t<meta name=\"twitter:data1\" content=\"1 minute\" \/>\n<script type=\"application\/ld+json\" class=\"yoast-schema-graph\">{\"@context\":\"https:\\\/\\\/schema.org\",\"@graph\":[{\"@type\":\"WebPage\",\"@id\":\"https:\\\/\\\/shop.tombotto.ch\\\/fr\\\/shop\\\/jetons-en-plastique-personnaliser-impression-noire\\\/\",\"url\":\"https:\\\/\\\/shop.tombotto.ch\\\/fr\\\/shop\\\/jetons-en-plastique-personnaliser-impression-noire\\\/\",\"name\":\"Jetons \u00e0 personnaliser - Impression noire\",\"isPartOf\":{\"@id\":\"https:\\\/\\\/shop.tombotto.ch\\\/fr\\\/#website\"},\"primaryImageOfPage\":{\"@id\":\"https:\\\/\\\/shop.tombotto.ch\\\/fr\\\/shop\\\/jetons-en-plastique-personnaliser-impression-noire\\\/#primaryimage\"},\"image\":{\"@id\":\"https:\\\/\\\/shop.tombotto.ch\\\/fr\\\/shop\\\/jetons-en-plastique-personnaliser-impression-noire\\\/#primaryimage\"},\"thumbnailUrl\":\"https:\\\/\\\/shop.tombotto.ch\\\/wp-content\\\/uploads\\\/2026\\\/02\\\/99426-s.jpg\",\"datePublished\":\"2026-02-09T08:59:31+00:00\",\"dateModified\":\"2026-04-02T12:07:08+00:00\",\"description\":\"Grand choix de couleurs \u2713 Cr\u00e9ez votre propre design \u2713 Facile \u00e0 cr\u00e9er dans la boutique \u2713 Livraison rapide \u2713 Disponible \u00e0 partir de 100 pi\u00e8ces \u2713 tombotto gmbh \u2022 Aarwangen BE\",\"breadcrumb\":{\"@id\":\"https:\\\/\\\/shop.tombotto.ch\\\/fr\\\/shop\\\/jetons-en-plastique-personnaliser-impression-noire\\\/#breadcrumb\"},\"inLanguage\":\"fr-FR\",\"potentialAction\":[{\"@type\":\"ReadAction\",\"target\":[\"https:\\\/\\\/shop.tombotto.ch\\\/fr\\\/shop\\\/jetons-en-plastique-personnaliser-impression-noire\\\/\"]}]},{\"@type\":\"ImageObject\",\"inLanguage\":\"fr-FR\",\"@id\":\"https:\\\/\\\/shop.tombotto.ch\\\/fr\\\/shop\\\/jetons-en-plastique-personnaliser-impression-noire\\\/#primaryimage\",\"url\":\"https:\\\/\\\/shop.tombotto.ch\\\/wp-content\\\/uploads\\\/2026\\\/02\\\/99426-s.jpg\",\"contentUrl\":\"https:\\\/\\\/shop.tombotto.ch\\\/wp-content\\\/uploads\\\/2026\\\/02\\\/99426-s.jpg\",\"width\":800,\"height\":678},{\"@type\":\"BreadcrumbList\",\"@id\":\"https:\\\/\\\/shop.tombotto.ch\\\/fr\\\/shop\\\/jetons-en-plastique-personnaliser-impression-noire\\\/#breadcrumb\",\"itemListElement\":[{\"@type\":\"ListItem\",\"position\":1,\"name\":\"Start\",\"item\":\"https:\\\/\\\/shop.tombotto.ch\\\/fr\\\/\"},{\"@type\":\"ListItem\",\"position\":2,\"name\":\"Shop\",\"item\":\"https:\\\/\\\/shop.tombotto.ch\\\/fr\\\/shop\\\/\"},{\"@type\":\"ListItem\",\"position\":3,\"name\":\"Jetons en plastique personnalis\u00e9: Impression noire\"}]},{\"@type\":\"WebSite\",\"@id\":\"https:\\\/\\\/shop.tombotto.ch\\\/fr\\\/#website\",\"url\":\"https:\\\/\\\/shop.tombotto.ch\\\/fr\\\/\",\"name\":\"Tombotto\",\"description\":\"Fest-, Event- &amp; Promotionsartikel\",\"publisher\":{\"@id\":\"https:\\\/\\\/shop.tombotto.ch\\\/fr\\\/#organization\"},\"potentialAction\":[{\"@type\":\"SearchAction\",\"target\":{\"@type\":\"EntryPoint\",\"urlTemplate\":\"https:\\\/\\\/shop.tombotto.ch\\\/fr\\\/?s={search_term_string}\"},\"query-input\":{\"@type\":\"PropertyValueSpecification\",\"valueRequired\":true,\"valueName\":\"search_term_string\"}}],\"inLanguage\":\"fr-FR\"},{\"@type\":\"Organization\",\"@id\":\"https:\\\/\\\/shop.tombotto.ch\\\/fr\\\/#organization\",\"name\":\"Tombotto\",\"url\":\"https:\\\/\\\/shop.tombotto.ch\\\/fr\\\/\",\"logo\":{\"@type\":\"ImageObject\",\"inLanguage\":\"fr-FR\",\"@id\":\"https:\\\/\\\/shop.tombotto.ch\\\/fr\\\/#\\\/schema\\\/logo\\\/image\\\/\",\"url\":\"https:\\\/\\\/shop.tombotto.ch\\\/wp-content\\\/uploads\\\/2023\\\/03\\\/logo.svg\",\"contentUrl\":\"https:\\\/\\\/shop.tombotto.ch\\\/wp-content\\\/uploads\\\/2023\\\/03\\\/logo.svg\",\"caption\":\"Tombotto\"},\"image\":{\"@id\":\"https:\\\/\\\/shop.tombotto.ch\\\/fr\\\/#\\\/schema\\\/logo\\\/image\\\/\"}}]}<\/script>\n<!-- \/ Yoast SEO Premium plugin. -->","yoast_head_json":{"title":"Jetons \u00e0 personnaliser - Impression noire","description":"Grand choix de couleurs \u2713 Cr\u00e9ez votre propre design \u2713 Facile \u00e0 cr\u00e9er dans la boutique \u2713 Livraison rapide \u2713 Disponible \u00e0 partir de 100 pi\u00e8ces \u2713 tombotto gmbh \u2022 Aarwangen BE","robots":{"index":"index","follow":"follow","max-snippet":"max-snippet:-1","max-image-preview":"max-image-preview:large","max-video-preview":"max-video-preview:-1"},"canonical":"https:\/\/shop.tombotto.ch\/fr\/shop\/jetons-en-plastique-personnaliser-impression-noire\/","og_locale":"fr_FR","og_type":"article","og_title":"Jetons en plastique personnalis\u00e9: Impression noire","og_description":"Grand choix de couleurs \u2713 Cr\u00e9ez votre propre design \u2713 Facile \u00e0 cr\u00e9er dans la boutique \u2713 Livraison rapide \u2713 Disponible \u00e0 partir de 100 pi\u00e8ces \u2713 tombotto gmbh \u2022 Aarwangen BE","og_url":"https:\/\/shop.tombotto.ch\/fr\/shop\/jetons-en-plastique-personnaliser-impression-noire\/","og_site_name":"Tombotto","article_modified_time":"2026-04-02T12:07:08+00:00","og_image":[{"width":800,"height":678,"url":"https:\/\/shop.tombotto.ch\/wp-content\/uploads\/2026\/02\/99426-s.jpg","type":"image\/jpeg"}],"twitter_card":"summary_large_image","twitter_misc":{"Dur\u00e9e de lecture estim\u00e9e":"1 minute"},"schema":{"@context":"https:\/\/schema.org","@graph":[{"@type":"WebPage","@id":"https:\/\/shop.tombotto.ch\/fr\/shop\/jetons-en-plastique-personnaliser-impression-noire\/","url":"https:\/\/shop.tombotto.ch\/fr\/shop\/jetons-en-plastique-personnaliser-impression-noire\/","name":"Jetons \u00e0 personnaliser - Impression noire","isPartOf":{"@id":"https:\/\/shop.tombotto.ch\/fr\/#website"},"primaryImageOfPage":{"@id":"https:\/\/shop.tombotto.ch\/fr\/shop\/jetons-en-plastique-personnaliser-impression-noire\/#primaryimage"},"image":{"@id":"https:\/\/shop.tombotto.ch\/fr\/shop\/jetons-en-plastique-personnaliser-impression-noire\/#primaryimage"},"thumbnailUrl":"https:\/\/shop.tombotto.ch\/wp-content\/uploads\/2026\/02\/99426-s.jpg","datePublished":"2026-02-09T08:59:31+00:00","dateModified":"2026-04-02T12:07:08+00:00","description":"Grand choix de couleurs \u2713 Cr\u00e9ez votre propre design \u2713 Facile \u00e0 cr\u00e9er dans la boutique \u2713 Livraison rapide \u2713 Disponible \u00e0 partir de 100 pi\u00e8ces \u2713 tombotto gmbh \u2022 Aarwangen BE","breadcrumb":{"@id":"https:\/\/shop.tombotto.ch\/fr\/shop\/jetons-en-plastique-personnaliser-impression-noire\/#breadcrumb"},"inLanguage":"fr-FR","potentialAction":[{"@type":"ReadAction","target":["https:\/\/shop.tombotto.ch\/fr\/shop\/jetons-en-plastique-personnaliser-impression-noire\/"]}]},{"@type":"ImageObject","inLanguage":"fr-FR","@id":"https:\/\/shop.tombotto.ch\/fr\/shop\/jetons-en-plastique-personnaliser-impression-noire\/#primaryimage","url":"https:\/\/shop.tombotto.ch\/wp-content\/uploads\/2026\/02\/99426-s.jpg","contentUrl":"https:\/\/shop.tombotto.ch\/wp-content\/uploads\/2026\/02\/99426-s.jpg","width":800,"height":678},{"@type":"BreadcrumbList","@id":"https:\/\/shop.tombotto.ch\/fr\/shop\/jetons-en-plastique-personnaliser-impression-noire\/#breadcrumb","itemListElement":[{"@type":"ListItem","position":1,"name":"Start","item":"https:\/\/shop.tombotto.ch\/fr\/"},{"@type":"ListItem","position":2,"name":"Shop","item":"https:\/\/shop.tombotto.ch\/fr\/shop\/"},{"@type":"ListItem","position":3,"name":"Jetons en plastique personnalis\u00e9: Impression noire"}]},{"@type":"WebSite","@id":"https:\/\/shop.tombotto.ch\/fr\/#website","url":"https:\/\/shop.tombotto.ch\/fr\/","name":"Tombotto","description":"Fest-, Event- &amp; Promotionsartikel","publisher":{"@id":"https:\/\/shop.tombotto.ch\/fr\/#organization"},"potentialAction":[{"@type":"SearchAction","target":{"@type":"EntryPoint","urlTemplate":"https:\/\/shop.tombotto.ch\/fr\/?s={search_term_string}"},"query-input":{"@type":"PropertyValueSpecification","valueRequired":true,"valueName":"search_term_string"}}],"inLanguage":"fr-FR"},{"@type":"Organization","@id":"https:\/\/shop.tombotto.ch\/fr\/#organization","name":"Tombotto","url":"https:\/\/shop.tombotto.ch\/fr\/","logo":{"@type":"ImageObject","inLanguage":"fr-FR","@id":"https:\/\/shop.tombotto.ch\/fr\/#\/schema\/logo\/image\/","url":"https:\/\/shop.tombotto.ch\/wp-content\/uploads\/2023\/03\/logo.svg","contentUrl":"https:\/\/shop.tombotto.ch\/wp-content\/uploads\/2023\/03\/logo.svg","caption":"Tombotto"},"image":{"@id":"https:\/\/shop.tombotto.ch\/fr\/#\/schema\/logo\/image\/"}}]}},"tiered_pricing_type":"fixed","tiered_pricing_fixed_rules":[],"tiered_pricing_product_settings":{"layout":"default","base_unit_name":{"singular":null,"plural":null},"default_variation":null},"tiered_pricing_minimum_quantity":100,"tiered_pricing_roles_data":[],"tiered_pricing_percentage_rules":[],"tiered_pricing_maximum_quantity":null,"tiered_pricing_quantity_step":null,"_links":{"self":[{"href":"https:\/\/shop.tombotto.ch\/fr\/wp-json\/wp\/v2\/product\/64113","targetHints":{"allow":["GET"]}}],"collection":[{"href":"https:\/\/shop.tombotto.ch\/fr\/wp-json\/wp\/v2\/product"}],"about":[{"href":"https:\/\/shop.tombotto.ch\/fr\/wp-json\/wp\/v2\/types\/product"}],"wp:featuredmedia":[{"embeddable":true,"href":"https:\/\/shop.tombotto.ch\/fr\/wp-json\/wp\/v2\/media\/63961"}],"wp:attachment":[{"href":"https:\/\/shop.tombotto.ch\/fr\/wp-json\/wp\/v2\/media?parent=64113"}],"wp:term":[{"taxonomy":"product_brand","embeddable":true,"href":"https:\/\/shop.tombotto.ch\/fr\/wp-json\/wp\/v2\/product_brand?post=64113"},{"taxonomy":"product_cat","embeddable":true,"href":"https:\/\/shop.tombotto.ch\/fr\/wp-json\/wp\/v2\/product_cat?post=64113"},{"taxonomy":"product_tag","embeddable":true,"href":"https:\/\/shop.tombotto.ch\/fr\/wp-json\/wp\/v2\/product_tag?post=64113"}],"curies":[{"name":"wp","href":"https:\/\/api.w.org\/{rel}","templated":true}]}}