{"id":64261,"date":"2026-03-11T10:40:22","date_gmt":"2026-03-11T09:40:22","guid":{"rendered":"https:\/\/shop.tombotto.ch\/?post_type=product&#038;p=64261"},"modified":"2026-04-15T09:29:46","modified_gmt":"2026-04-15T07:29:46","slug":"button-oe-50-mm-kopie","status":"publish","type":"product","link":"https:\/\/shop.tombotto.ch\/fr\/shop\/button-oe-50-mm-kopie\/","title":{"rendered":"Button \u00d8 50 mm \u00e0 personnaliser: Impression en couleur"},"content":{"rendered":"<p>Cr\u00e9ez vos buttons directement et facilement gr\u00e2ce \u00e0 notre configurateur en ligne.<\/p>\n<ul>\n<li>Impression avec texte ou logo<\/li>\n<li>M\u00e9tal, avec \u00e9pingle<\/li>\n<li>Zone imprimable \u00d8 50 mm<\/li>\n<li>Impression selon votre texte \/ votre design<\/li>\n<li>Tous les buttons ont la m\u00eame impression<\/li>\n<li>Prix incluant les frais de base<\/li>\n<li>\u00c0 partir de 10 pi\u00e8ces<\/li>\n<li>Le d\u00e9lai de livraison est d\u2019environ deux semaines<\/li>\n<\/ul>\n<p>Pour des quantit\u00e9s plus importantes, veuillez demander un devis personnalis\u00e9.<\/p>\n","protected":false},"excerpt":{"rendered":"<p>\u00c0 partir de 10 pi\u00e8ces<br \/>Prix unitaire<\/p>\n","protected":false},"featured_media":37310,"template":"","meta":{"_acf_changed":false,"inline_featured_image":false},"product_brand":[],"product_cat":[4706,5398],"product_tag":[],"class_list":{"0":"post-64261","1":"product","2":"type-product","3":"status-publish","4":"has-post-thumbnail","6":"product_cat-buttons-individuelles","7":"product_cat-creer-soi-meme","9":"first","10":"instock","11":"taxable","12":"shipping-taxable","13":"purchasable","14":"product-type-simple"},"exclude_global_add_ons":[],"addons":[],"acf":[],"yoast_head":"<!-- This site is optimized with the Yoast SEO Premium plugin v27.4 (Yoast SEO v27.4) - https:\/\/yoast.com\/product\/yoast-seo-premium-wordpress\/ -->\n<title>Button \u00d8 50 mm<\/title>\n<meta name=\"description\" content=\"Buttons \u00e0 \u00e9pingler \u27a8 Imprim\u00e9s \u00e0 partir de 10 pi\u00e8ces \u2713 Meilleure qualit\u00e9 \u2713 Diff\u00e9rentes tailles \u2713 Livraison rapide \u2713 Prix avantageux \u2713 Fournisseur suisse \u25b7 tombotto\" \/>\n<meta name=\"robots\" content=\"index, follow, max-snippet:-1, max-image-preview:large, max-video-preview:-1\" \/>\n<link rel=\"canonical\" href=\"https:\/\/shop.tombotto.ch\/fr\/shop\/button-oe-50-mm-kopie\/\" \/>\n<meta property=\"og:locale\" content=\"fr_FR\" \/>\n<meta property=\"og:type\" content=\"article\" \/>\n<meta property=\"og:title\" content=\"Button \u00d8 50 mm \u00e0 personnaliser: Impression en couleur\" \/>\n<meta property=\"og:description\" content=\"Buttons \u00e0 \u00e9pingler \u27a8 Imprim\u00e9s \u00e0 partir de 10 pi\u00e8ces \u2713 Meilleure qualit\u00e9 \u2713 Diff\u00e9rentes tailles \u2713 Livraison rapide \u2713 Prix avantageux \u2713 Fournisseur suisse \u25b7 tombotto\" \/>\n<meta property=\"og:url\" content=\"https:\/\/shop.tombotto.ch\/fr\/shop\/button-oe-50-mm-kopie\/\" \/>\n<meta property=\"og:site_name\" content=\"Tombotto\" \/>\n<meta property=\"article:modified_time\" content=\"2026-04-15T07:29:46+00:00\" \/>\n<meta property=\"og:image\" content=\"https:\/\/shop.tombotto.ch\/wp-content\/uploads\/2023\/05\/1890_gr.jpg\" \/>\n\t<meta property=\"og:image:width\" content=\"800\" \/>\n\t<meta property=\"og:image:height\" content=\"678\" \/>\n\t<meta property=\"og:image:type\" content=\"image\/jpeg\" \/>\n<meta name=\"twitter:card\" content=\"summary_large_image\" \/>\n<meta name=\"twitter:label1\" content=\"Dur\u00e9e de lecture estim\u00e9e\" \/>\n\t<meta name=\"twitter:data1\" content=\"1 minute\" \/>\n<script type=\"application\/ld+json\" class=\"yoast-schema-graph\">{\"@context\":\"https:\\\/\\\/schema.org\",\"@graph\":[{\"@type\":\"WebPage\",\"@id\":\"https:\\\/\\\/shop.tombotto.ch\\\/fr\\\/shop\\\/button-oe-50-mm-kopie\\\/\",\"url\":\"https:\\\/\\\/shop.tombotto.ch\\\/fr\\\/shop\\\/button-oe-50-mm-kopie\\\/\",\"name\":\"Button \u00d8 50 mm\",\"isPartOf\":{\"@id\":\"https:\\\/\\\/shop.tombotto.ch\\\/fr\\\/#website\"},\"primaryImageOfPage\":{\"@id\":\"https:\\\/\\\/shop.tombotto.ch\\\/fr\\\/shop\\\/button-oe-50-mm-kopie\\\/#primaryimage\"},\"image\":{\"@id\":\"https:\\\/\\\/shop.tombotto.ch\\\/fr\\\/shop\\\/button-oe-50-mm-kopie\\\/#primaryimage\"},\"thumbnailUrl\":\"https:\\\/\\\/shop.tombotto.ch\\\/wp-content\\\/uploads\\\/2023\\\/05\\\/1890_gr.jpg\",\"datePublished\":\"2026-03-11T09:40:22+00:00\",\"dateModified\":\"2026-04-15T07:29:46+00:00\",\"description\":\"Buttons \u00e0 \u00e9pingler \u27a8 Imprim\u00e9s \u00e0 partir de 10 pi\u00e8ces \u2713 Meilleure qualit\u00e9 \u2713 Diff\u00e9rentes tailles \u2713 Livraison rapide \u2713 Prix avantageux \u2713 Fournisseur suisse \u25b7 tombotto\",\"breadcrumb\":{\"@id\":\"https:\\\/\\\/shop.tombotto.ch\\\/fr\\\/shop\\\/button-oe-50-mm-kopie\\\/#breadcrumb\"},\"inLanguage\":\"fr-FR\",\"potentialAction\":[{\"@type\":\"ReadAction\",\"target\":[\"https:\\\/\\\/shop.tombotto.ch\\\/fr\\\/shop\\\/button-oe-50-mm-kopie\\\/\"]}]},{\"@type\":\"ImageObject\",\"inLanguage\":\"fr-FR\",\"@id\":\"https:\\\/\\\/shop.tombotto.ch\\\/fr\\\/shop\\\/button-oe-50-mm-kopie\\\/#primaryimage\",\"url\":\"https:\\\/\\\/shop.tombotto.ch\\\/wp-content\\\/uploads\\\/2023\\\/05\\\/1890_gr.jpg\",\"contentUrl\":\"https:\\\/\\\/shop.tombotto.ch\\\/wp-content\\\/uploads\\\/2023\\\/05\\\/1890_gr.jpg\",\"width\":800,\"height\":678},{\"@type\":\"BreadcrumbList\",\"@id\":\"https:\\\/\\\/shop.tombotto.ch\\\/fr\\\/shop\\\/button-oe-50-mm-kopie\\\/#breadcrumb\",\"itemListElement\":[{\"@type\":\"ListItem\",\"position\":1,\"name\":\"Start\",\"item\":\"https:\\\/\\\/shop.tombotto.ch\\\/fr\\\/\"},{\"@type\":\"ListItem\",\"position\":2,\"name\":\"Shop\",\"item\":\"https:\\\/\\\/shop.tombotto.ch\\\/fr\\\/shop\\\/\"},{\"@type\":\"ListItem\",\"position\":3,\"name\":\"Button \u00d8 50 mm \u00e0 personnaliser: Impression en couleur\"}]},{\"@type\":\"WebSite\",\"@id\":\"https:\\\/\\\/shop.tombotto.ch\\\/fr\\\/#website\",\"url\":\"https:\\\/\\\/shop.tombotto.ch\\\/fr\\\/\",\"name\":\"Tombotto\",\"description\":\"Fest-, Event- &amp; Promotionsartikel\",\"publisher\":{\"@id\":\"https:\\\/\\\/shop.tombotto.ch\\\/fr\\\/#organization\"},\"potentialAction\":[{\"@type\":\"SearchAction\",\"target\":{\"@type\":\"EntryPoint\",\"urlTemplate\":\"https:\\\/\\\/shop.tombotto.ch\\\/fr\\\/?s={search_term_string}\"},\"query-input\":{\"@type\":\"PropertyValueSpecification\",\"valueRequired\":true,\"valueName\":\"search_term_string\"}}],\"inLanguage\":\"fr-FR\"},{\"@type\":\"Organization\",\"@id\":\"https:\\\/\\\/shop.tombotto.ch\\\/fr\\\/#organization\",\"name\":\"Tombotto\",\"url\":\"https:\\\/\\\/shop.tombotto.ch\\\/fr\\\/\",\"logo\":{\"@type\":\"ImageObject\",\"inLanguage\":\"fr-FR\",\"@id\":\"https:\\\/\\\/shop.tombotto.ch\\\/fr\\\/#\\\/schema\\\/logo\\\/image\\\/\",\"url\":\"https:\\\/\\\/shop.tombotto.ch\\\/wp-content\\\/uploads\\\/2023\\\/03\\\/logo.svg\",\"contentUrl\":\"https:\\\/\\\/shop.tombotto.ch\\\/wp-content\\\/uploads\\\/2023\\\/03\\\/logo.svg\",\"caption\":\"Tombotto\"},\"image\":{\"@id\":\"https:\\\/\\\/shop.tombotto.ch\\\/fr\\\/#\\\/schema\\\/logo\\\/image\\\/\"}}]}<\/script>\n<!-- \/ Yoast SEO Premium plugin. -->","yoast_head_json":{"title":"Button \u00d8 50 mm","description":"Buttons \u00e0 \u00e9pingler \u27a8 Imprim\u00e9s \u00e0 partir de 10 pi\u00e8ces \u2713 Meilleure qualit\u00e9 \u2713 Diff\u00e9rentes tailles \u2713 Livraison rapide \u2713 Prix avantageux \u2713 Fournisseur suisse \u25b7 tombotto","robots":{"index":"index","follow":"follow","max-snippet":"max-snippet:-1","max-image-preview":"max-image-preview:large","max-video-preview":"max-video-preview:-1"},"canonical":"https:\/\/shop.tombotto.ch\/fr\/shop\/button-oe-50-mm-kopie\/","og_locale":"fr_FR","og_type":"article","og_title":"Button \u00d8 50 mm \u00e0 personnaliser: Impression en couleur","og_description":"Buttons \u00e0 \u00e9pingler \u27a8 Imprim\u00e9s \u00e0 partir de 10 pi\u00e8ces \u2713 Meilleure qualit\u00e9 \u2713 Diff\u00e9rentes tailles \u2713 Livraison rapide \u2713 Prix avantageux \u2713 Fournisseur suisse \u25b7 tombotto","og_url":"https:\/\/shop.tombotto.ch\/fr\/shop\/button-oe-50-mm-kopie\/","og_site_name":"Tombotto","article_modified_time":"2026-04-15T07:29:46+00:00","og_image":[{"width":800,"height":678,"url":"https:\/\/shop.tombotto.ch\/wp-content\/uploads\/2023\/05\/1890_gr.jpg","type":"image\/jpeg"}],"twitter_card":"summary_large_image","twitter_misc":{"Dur\u00e9e de lecture estim\u00e9e":"1 minute"},"schema":{"@context":"https:\/\/schema.org","@graph":[{"@type":"WebPage","@id":"https:\/\/shop.tombotto.ch\/fr\/shop\/button-oe-50-mm-kopie\/","url":"https:\/\/shop.tombotto.ch\/fr\/shop\/button-oe-50-mm-kopie\/","name":"Button \u00d8 50 mm","isPartOf":{"@id":"https:\/\/shop.tombotto.ch\/fr\/#website"},"primaryImageOfPage":{"@id":"https:\/\/shop.tombotto.ch\/fr\/shop\/button-oe-50-mm-kopie\/#primaryimage"},"image":{"@id":"https:\/\/shop.tombotto.ch\/fr\/shop\/button-oe-50-mm-kopie\/#primaryimage"},"thumbnailUrl":"https:\/\/shop.tombotto.ch\/wp-content\/uploads\/2023\/05\/1890_gr.jpg","datePublished":"2026-03-11T09:40:22+00:00","dateModified":"2026-04-15T07:29:46+00:00","description":"Buttons \u00e0 \u00e9pingler \u27a8 Imprim\u00e9s \u00e0 partir de 10 pi\u00e8ces \u2713 Meilleure qualit\u00e9 \u2713 Diff\u00e9rentes tailles \u2713 Livraison rapide \u2713 Prix avantageux \u2713 Fournisseur suisse \u25b7 tombotto","breadcrumb":{"@id":"https:\/\/shop.tombotto.ch\/fr\/shop\/button-oe-50-mm-kopie\/#breadcrumb"},"inLanguage":"fr-FR","potentialAction":[{"@type":"ReadAction","target":["https:\/\/shop.tombotto.ch\/fr\/shop\/button-oe-50-mm-kopie\/"]}]},{"@type":"ImageObject","inLanguage":"fr-FR","@id":"https:\/\/shop.tombotto.ch\/fr\/shop\/button-oe-50-mm-kopie\/#primaryimage","url":"https:\/\/shop.tombotto.ch\/wp-content\/uploads\/2023\/05\/1890_gr.jpg","contentUrl":"https:\/\/shop.tombotto.ch\/wp-content\/uploads\/2023\/05\/1890_gr.jpg","width":800,"height":678},{"@type":"BreadcrumbList","@id":"https:\/\/shop.tombotto.ch\/fr\/shop\/button-oe-50-mm-kopie\/#breadcrumb","itemListElement":[{"@type":"ListItem","position":1,"name":"Start","item":"https:\/\/shop.tombotto.ch\/fr\/"},{"@type":"ListItem","position":2,"name":"Shop","item":"https:\/\/shop.tombotto.ch\/fr\/shop\/"},{"@type":"ListItem","position":3,"name":"Button \u00d8 50 mm \u00e0 personnaliser: Impression en couleur"}]},{"@type":"WebSite","@id":"https:\/\/shop.tombotto.ch\/fr\/#website","url":"https:\/\/shop.tombotto.ch\/fr\/","name":"Tombotto","description":"Fest-, Event- &amp; Promotionsartikel","publisher":{"@id":"https:\/\/shop.tombotto.ch\/fr\/#organization"},"potentialAction":[{"@type":"SearchAction","target":{"@type":"EntryPoint","urlTemplate":"https:\/\/shop.tombotto.ch\/fr\/?s={search_term_string}"},"query-input":{"@type":"PropertyValueSpecification","valueRequired":true,"valueName":"search_term_string"}}],"inLanguage":"fr-FR"},{"@type":"Organization","@id":"https:\/\/shop.tombotto.ch\/fr\/#organization","name":"Tombotto","url":"https:\/\/shop.tombotto.ch\/fr\/","logo":{"@type":"ImageObject","inLanguage":"fr-FR","@id":"https:\/\/shop.tombotto.ch\/fr\/#\/schema\/logo\/image\/","url":"https:\/\/shop.tombotto.ch\/wp-content\/uploads\/2023\/03\/logo.svg","contentUrl":"https:\/\/shop.tombotto.ch\/wp-content\/uploads\/2023\/03\/logo.svg","caption":"Tombotto"},"image":{"@id":"https:\/\/shop.tombotto.ch\/fr\/#\/schema\/logo\/image\/"}}]}},"tiered_pricing_type":"fixed","tiered_pricing_fixed_rules":{"20":"5.10","30":"3.95","40":"3.35","50":"2.80","60":"2.55","70":"2.40","80":"2.30","90":"2.15","100":"2.00"},"tiered_pricing_product_settings":{"layout":"default","base_unit_name":{"singular":null,"plural":null},"default_variation":null},"tiered_pricing_minimum_quantity":10,"tiered_pricing_roles_data":[],"tiered_pricing_percentage_rules":[],"tiered_pricing_maximum_quantity":null,"tiered_pricing_quantity_step":null,"_links":{"self":[{"href":"https:\/\/shop.tombotto.ch\/fr\/wp-json\/wp\/v2\/product\/64261","targetHints":{"allow":["GET"]}}],"collection":[{"href":"https:\/\/shop.tombotto.ch\/fr\/wp-json\/wp\/v2\/product"}],"about":[{"href":"https:\/\/shop.tombotto.ch\/fr\/wp-json\/wp\/v2\/types\/product"}],"wp:featuredmedia":[{"embeddable":true,"href":"https:\/\/shop.tombotto.ch\/fr\/wp-json\/wp\/v2\/media\/37310"}],"wp:attachment":[{"href":"https:\/\/shop.tombotto.ch\/fr\/wp-json\/wp\/v2\/media?parent=64261"}],"wp:term":[{"taxonomy":"product_brand","embeddable":true,"href":"https:\/\/shop.tombotto.ch\/fr\/wp-json\/wp\/v2\/product_brand?post=64261"},{"taxonomy":"product_cat","embeddable":true,"href":"https:\/\/shop.tombotto.ch\/fr\/wp-json\/wp\/v2\/product_cat?post=64261"},{"taxonomy":"product_tag","embeddable":true,"href":"https:\/\/shop.tombotto.ch\/fr\/wp-json\/wp\/v2\/product_tag?post=64261"}],"curies":[{"name":"wp","href":"https:\/\/api.w.org\/{rel}","templated":true}]}}