{"id":64719,"date":"2026-03-17T08:38:49","date_gmt":"2026-03-17T07:38:49","guid":{"rendered":"https:\/\/shop.tombotto.ch\/?post_type=product&#038;p=64719"},"modified":"2026-03-17T10:22:05","modified_gmt":"2026-03-17T09:22:05","slug":"tableau-de-controle-avec-creux","status":"publish","type":"product","link":"https:\/\/shop.tombotto.ch\/fr\/shop\/tableau-de-controle-avec-creux\/","title":{"rendered":"Tableau de contr\u00f4le avec creux"},"content":{"rendered":"<p>Tableau de contr\u00f4le en panneau Forex<\/p>\n<ul>\n<li>Tr\u00e8s solide et l\u00e9ger<\/li>\n<li>Format pratique<\/li>\n<li>Format 210 x 233 x 4 mm<\/li>\n<li>Les creux emp\u00eachent les num\u00e9ros de glisser<\/li>\n<li>Des chiffres rouges bien visibles<\/li>\n<li>Jetons de loto non inclue<\/li>\n<li>Etanche<\/li>\n<\/ul>\n<p><strong>Commandez les jetons de loto s\u00e9par\u00e9ment:<\/strong><\/p>\n<p><a href=\"https:\/\/shop.tombotto.ch\/fr\/shop\/jetons-e-loto-numerotation-rouge\/\">Jetons de Loto<br \/>Num\u00e9rotation rouge<\/a><\/p>\n<p><a href=\"https:\/\/shop.tombotto.ch\/fr\/shop\/jetons-de-loto-en-plastique\/\">Jetons en plastique<\/a><\/p>\n","protected":false},"excerpt":{"rendered":"<p>Tableau de contr\u00f4le en panneau Forex Tr\u00e8s solide et l\u00e9ger Format pratique Format 210 x 233 x 4 mm Les creux emp\u00eachent les num\u00e9ros de glisser Des chiffres rouges bien visibles Jetons de loto non inclue Etanche Commandez les jetons de loto s\u00e9par\u00e9ment: Jetons de LotoNum\u00e9rotation rouge Jetons en plastique<\/p>\n","protected":false},"featured_media":64721,"template":"","meta":{"_acf_changed":false,"inline_featured_image":false},"product_brand":[],"product_cat":[4582],"product_tag":[],"class_list":{"0":"post-64719","1":"product","2":"type-product","3":"status-publish","4":"has-post-thumbnail","6":"product_cat-numeros-de-loto","8":"first","9":"instock","10":"taxable","11":"shipping-taxable","12":"purchasable","13":"product-type-simple"},"exclude_global_add_ons":[],"addons":[],"acf":[],"yoast_head":"<!-- This site is optimized with the Yoast SEO Premium plugin v27.4 (Yoast SEO v27.4) - https:\/\/yoast.com\/product\/yoast-seo-premium-wordpress\/ -->\n<title>Tableau de contr\u00f4le avec creux<\/title>\n<meta name=\"description\" content=\"Tableau de loto \u27a8 Solide, l\u00e9ger et maniable \u2713 Dimensions : 210 x 233 x 4 mm \u2713 Avec rainures \u25b7 les num\u00e9ros ne glissent pas \u25b7 tombotto gmbh\" \/>\n<meta name=\"robots\" content=\"index, follow, max-snippet:-1, max-image-preview:large, max-video-preview:-1\" \/>\n<link rel=\"canonical\" href=\"https:\/\/shop.tombotto.ch\/fr\/shop\/tableau-de-controle-avec-creux\/\" \/>\n<meta property=\"og:locale\" content=\"fr_FR\" \/>\n<meta property=\"og:type\" content=\"article\" \/>\n<meta property=\"og:title\" content=\"Tableau de contr\u00f4le avec creux\" \/>\n<meta property=\"og:description\" content=\"Tableau de loto \u27a8 Solide, l\u00e9ger et maniable \u2713 Dimensions : 210 x 233 x 4 mm \u2713 Avec rainures \u25b7 les num\u00e9ros ne glissent pas \u25b7 tombotto gmbh\" \/>\n<meta property=\"og:url\" content=\"https:\/\/shop.tombotto.ch\/fr\/shop\/tableau-de-controle-avec-creux\/\" \/>\n<meta property=\"og:site_name\" content=\"Tombotto\" \/>\n<meta property=\"article:modified_time\" content=\"2026-03-17T09:22:05+00:00\" \/>\n<meta property=\"og:image\" content=\"https:\/\/shop.tombotto.ch\/wp-content\/uploads\/2026\/03\/99922-t.jpg\" \/>\n\t<meta property=\"og:image:width\" content=\"800\" \/>\n\t<meta property=\"og:image:height\" content=\"678\" \/>\n\t<meta property=\"og:image:type\" content=\"image\/jpeg\" \/>\n<meta name=\"twitter:card\" content=\"summary_large_image\" \/>\n<meta name=\"twitter:label1\" content=\"Dur\u00e9e de lecture estim\u00e9e\" \/>\n\t<meta name=\"twitter:data1\" content=\"1 minute\" \/>\n<script type=\"application\/ld+json\" class=\"yoast-schema-graph\">{\"@context\":\"https:\\\/\\\/schema.org\",\"@graph\":[{\"@type\":\"WebPage\",\"@id\":\"https:\\\/\\\/shop.tombotto.ch\\\/fr\\\/shop\\\/tableau-de-controle-avec-creux\\\/\",\"url\":\"https:\\\/\\\/shop.tombotto.ch\\\/fr\\\/shop\\\/tableau-de-controle-avec-creux\\\/\",\"name\":\"Tableau de contr\u00f4le avec creux\",\"isPartOf\":{\"@id\":\"https:\\\/\\\/shop.tombotto.ch\\\/fr\\\/#website\"},\"primaryImageOfPage\":{\"@id\":\"https:\\\/\\\/shop.tombotto.ch\\\/fr\\\/shop\\\/tableau-de-controle-avec-creux\\\/#primaryimage\"},\"image\":{\"@id\":\"https:\\\/\\\/shop.tombotto.ch\\\/fr\\\/shop\\\/tableau-de-controle-avec-creux\\\/#primaryimage\"},\"thumbnailUrl\":\"https:\\\/\\\/shop.tombotto.ch\\\/wp-content\\\/uploads\\\/2026\\\/03\\\/99922-t.jpg\",\"datePublished\":\"2026-03-17T07:38:49+00:00\",\"dateModified\":\"2026-03-17T09:22:05+00:00\",\"description\":\"Tableau de loto \u27a8 Solide, l\u00e9ger et maniable \u2713 Dimensions : 210 x 233 x 4 mm \u2713 Avec rainures \u25b7 les num\u00e9ros ne glissent pas \u25b7 tombotto gmbh\",\"breadcrumb\":{\"@id\":\"https:\\\/\\\/shop.tombotto.ch\\\/fr\\\/shop\\\/tableau-de-controle-avec-creux\\\/#breadcrumb\"},\"inLanguage\":\"fr-FR\",\"potentialAction\":[{\"@type\":\"ReadAction\",\"target\":[\"https:\\\/\\\/shop.tombotto.ch\\\/fr\\\/shop\\\/tableau-de-controle-avec-creux\\\/\"]}]},{\"@type\":\"ImageObject\",\"inLanguage\":\"fr-FR\",\"@id\":\"https:\\\/\\\/shop.tombotto.ch\\\/fr\\\/shop\\\/tableau-de-controle-avec-creux\\\/#primaryimage\",\"url\":\"https:\\\/\\\/shop.tombotto.ch\\\/wp-content\\\/uploads\\\/2026\\\/03\\\/99922-t.jpg\",\"contentUrl\":\"https:\\\/\\\/shop.tombotto.ch\\\/wp-content\\\/uploads\\\/2026\\\/03\\\/99922-t.jpg\",\"width\":800,\"height\":678},{\"@type\":\"BreadcrumbList\",\"@id\":\"https:\\\/\\\/shop.tombotto.ch\\\/fr\\\/shop\\\/tableau-de-controle-avec-creux\\\/#breadcrumb\",\"itemListElement\":[{\"@type\":\"ListItem\",\"position\":1,\"name\":\"Start\",\"item\":\"https:\\\/\\\/shop.tombotto.ch\\\/fr\\\/\"},{\"@type\":\"ListItem\",\"position\":2,\"name\":\"Shop\",\"item\":\"https:\\\/\\\/shop.tombotto.ch\\\/fr\\\/shop\\\/\"},{\"@type\":\"ListItem\",\"position\":3,\"name\":\"Tableau de contr\u00f4le avec creux\"}]},{\"@type\":\"WebSite\",\"@id\":\"https:\\\/\\\/shop.tombotto.ch\\\/fr\\\/#website\",\"url\":\"https:\\\/\\\/shop.tombotto.ch\\\/fr\\\/\",\"name\":\"Tombotto\",\"description\":\"Fest-, Event- &amp; Promotionsartikel\",\"publisher\":{\"@id\":\"https:\\\/\\\/shop.tombotto.ch\\\/fr\\\/#organization\"},\"potentialAction\":[{\"@type\":\"SearchAction\",\"target\":{\"@type\":\"EntryPoint\",\"urlTemplate\":\"https:\\\/\\\/shop.tombotto.ch\\\/fr\\\/?s={search_term_string}\"},\"query-input\":{\"@type\":\"PropertyValueSpecification\",\"valueRequired\":true,\"valueName\":\"search_term_string\"}}],\"inLanguage\":\"fr-FR\"},{\"@type\":\"Organization\",\"@id\":\"https:\\\/\\\/shop.tombotto.ch\\\/fr\\\/#organization\",\"name\":\"Tombotto\",\"url\":\"https:\\\/\\\/shop.tombotto.ch\\\/fr\\\/\",\"logo\":{\"@type\":\"ImageObject\",\"inLanguage\":\"fr-FR\",\"@id\":\"https:\\\/\\\/shop.tombotto.ch\\\/fr\\\/#\\\/schema\\\/logo\\\/image\\\/\",\"url\":\"https:\\\/\\\/shop.tombotto.ch\\\/wp-content\\\/uploads\\\/2023\\\/03\\\/logo.svg\",\"contentUrl\":\"https:\\\/\\\/shop.tombotto.ch\\\/wp-content\\\/uploads\\\/2023\\\/03\\\/logo.svg\",\"caption\":\"Tombotto\"},\"image\":{\"@id\":\"https:\\\/\\\/shop.tombotto.ch\\\/fr\\\/#\\\/schema\\\/logo\\\/image\\\/\"}}]}<\/script>\n<!-- \/ Yoast SEO Premium plugin. -->","yoast_head_json":{"title":"Tableau de contr\u00f4le avec creux","description":"Tableau de loto \u27a8 Solide, l\u00e9ger et maniable \u2713 Dimensions : 210 x 233 x 4 mm \u2713 Avec rainures \u25b7 les num\u00e9ros ne glissent pas \u25b7 tombotto gmbh","robots":{"index":"index","follow":"follow","max-snippet":"max-snippet:-1","max-image-preview":"max-image-preview:large","max-video-preview":"max-video-preview:-1"},"canonical":"https:\/\/shop.tombotto.ch\/fr\/shop\/tableau-de-controle-avec-creux\/","og_locale":"fr_FR","og_type":"article","og_title":"Tableau de contr\u00f4le avec creux","og_description":"Tableau de loto \u27a8 Solide, l\u00e9ger et maniable \u2713 Dimensions : 210 x 233 x 4 mm \u2713 Avec rainures \u25b7 les num\u00e9ros ne glissent pas \u25b7 tombotto gmbh","og_url":"https:\/\/shop.tombotto.ch\/fr\/shop\/tableau-de-controle-avec-creux\/","og_site_name":"Tombotto","article_modified_time":"2026-03-17T09:22:05+00:00","og_image":[{"width":800,"height":678,"url":"https:\/\/shop.tombotto.ch\/wp-content\/uploads\/2026\/03\/99922-t.jpg","type":"image\/jpeg"}],"twitter_card":"summary_large_image","twitter_misc":{"Dur\u00e9e de lecture estim\u00e9e":"1 minute"},"schema":{"@context":"https:\/\/schema.org","@graph":[{"@type":"WebPage","@id":"https:\/\/shop.tombotto.ch\/fr\/shop\/tableau-de-controle-avec-creux\/","url":"https:\/\/shop.tombotto.ch\/fr\/shop\/tableau-de-controle-avec-creux\/","name":"Tableau de contr\u00f4le avec creux","isPartOf":{"@id":"https:\/\/shop.tombotto.ch\/fr\/#website"},"primaryImageOfPage":{"@id":"https:\/\/shop.tombotto.ch\/fr\/shop\/tableau-de-controle-avec-creux\/#primaryimage"},"image":{"@id":"https:\/\/shop.tombotto.ch\/fr\/shop\/tableau-de-controle-avec-creux\/#primaryimage"},"thumbnailUrl":"https:\/\/shop.tombotto.ch\/wp-content\/uploads\/2026\/03\/99922-t.jpg","datePublished":"2026-03-17T07:38:49+00:00","dateModified":"2026-03-17T09:22:05+00:00","description":"Tableau de loto \u27a8 Solide, l\u00e9ger et maniable \u2713 Dimensions : 210 x 233 x 4 mm \u2713 Avec rainures \u25b7 les num\u00e9ros ne glissent pas \u25b7 tombotto gmbh","breadcrumb":{"@id":"https:\/\/shop.tombotto.ch\/fr\/shop\/tableau-de-controle-avec-creux\/#breadcrumb"},"inLanguage":"fr-FR","potentialAction":[{"@type":"ReadAction","target":["https:\/\/shop.tombotto.ch\/fr\/shop\/tableau-de-controle-avec-creux\/"]}]},{"@type":"ImageObject","inLanguage":"fr-FR","@id":"https:\/\/shop.tombotto.ch\/fr\/shop\/tableau-de-controle-avec-creux\/#primaryimage","url":"https:\/\/shop.tombotto.ch\/wp-content\/uploads\/2026\/03\/99922-t.jpg","contentUrl":"https:\/\/shop.tombotto.ch\/wp-content\/uploads\/2026\/03\/99922-t.jpg","width":800,"height":678},{"@type":"BreadcrumbList","@id":"https:\/\/shop.tombotto.ch\/fr\/shop\/tableau-de-controle-avec-creux\/#breadcrumb","itemListElement":[{"@type":"ListItem","position":1,"name":"Start","item":"https:\/\/shop.tombotto.ch\/fr\/"},{"@type":"ListItem","position":2,"name":"Shop","item":"https:\/\/shop.tombotto.ch\/fr\/shop\/"},{"@type":"ListItem","position":3,"name":"Tableau de contr\u00f4le avec creux"}]},{"@type":"WebSite","@id":"https:\/\/shop.tombotto.ch\/fr\/#website","url":"https:\/\/shop.tombotto.ch\/fr\/","name":"Tombotto","description":"Fest-, Event- &amp; Promotionsartikel","publisher":{"@id":"https:\/\/shop.tombotto.ch\/fr\/#organization"},"potentialAction":[{"@type":"SearchAction","target":{"@type":"EntryPoint","urlTemplate":"https:\/\/shop.tombotto.ch\/fr\/?s={search_term_string}"},"query-input":{"@type":"PropertyValueSpecification","valueRequired":true,"valueName":"search_term_string"}}],"inLanguage":"fr-FR"},{"@type":"Organization","@id":"https:\/\/shop.tombotto.ch\/fr\/#organization","name":"Tombotto","url":"https:\/\/shop.tombotto.ch\/fr\/","logo":{"@type":"ImageObject","inLanguage":"fr-FR","@id":"https:\/\/shop.tombotto.ch\/fr\/#\/schema\/logo\/image\/","url":"https:\/\/shop.tombotto.ch\/wp-content\/uploads\/2023\/03\/logo.svg","contentUrl":"https:\/\/shop.tombotto.ch\/wp-content\/uploads\/2023\/03\/logo.svg","caption":"Tombotto"},"image":{"@id":"https:\/\/shop.tombotto.ch\/fr\/#\/schema\/logo\/image\/"}}]}},"tiered_pricing_type":"fixed","tiered_pricing_fixed_rules":[],"tiered_pricing_product_settings":{"layout":"default","base_unit_name":{"singular":null,"plural":null},"default_variation":null},"tiered_pricing_minimum_quantity":null,"tiered_pricing_roles_data":[],"tiered_pricing_percentage_rules":[],"tiered_pricing_maximum_quantity":null,"tiered_pricing_quantity_step":null,"_links":{"self":[{"href":"https:\/\/shop.tombotto.ch\/fr\/wp-json\/wp\/v2\/product\/64719","targetHints":{"allow":["GET"]}}],"collection":[{"href":"https:\/\/shop.tombotto.ch\/fr\/wp-json\/wp\/v2\/product"}],"about":[{"href":"https:\/\/shop.tombotto.ch\/fr\/wp-json\/wp\/v2\/types\/product"}],"wp:featuredmedia":[{"embeddable":true,"href":"https:\/\/shop.tombotto.ch\/fr\/wp-json\/wp\/v2\/media\/64721"}],"wp:attachment":[{"href":"https:\/\/shop.tombotto.ch\/fr\/wp-json\/wp\/v2\/media?parent=64719"}],"wp:term":[{"taxonomy":"product_brand","embeddable":true,"href":"https:\/\/shop.tombotto.ch\/fr\/wp-json\/wp\/v2\/product_brand?post=64719"},{"taxonomy":"product_cat","embeddable":true,"href":"https:\/\/shop.tombotto.ch\/fr\/wp-json\/wp\/v2\/product_cat?post=64719"},{"taxonomy":"product_tag","embeddable":true,"href":"https:\/\/shop.tombotto.ch\/fr\/wp-json\/wp\/v2\/product_tag?post=64719"}],"curies":[{"name":"wp","href":"https:\/\/api.w.org\/{rel}","templated":true}]}}