{"id":64910,"date":"2026-03-18T16:03:01","date_gmt":"2026-03-18T15:03:01","guid":{"rendered":"https:\/\/shop.tombotto.ch\/?post_type=product&#038;p=64910"},"modified":"2026-04-02T13:59:31","modified_gmt":"2026-04-02T11:59:31","slug":"bracelets-satin-imprime-kopie-kopie","status":"publish","type":"product","link":"https:\/\/shop.tombotto.ch\/fr\/shop\/bracelets-satin-imprime-kopie-kopie\/","title":{"rendered":"Bracelets d&rsquo;entr\u00e9e personnalis\u00e9s en satin: Impression couleur"},"content":{"rendered":"<p>Cr\u00e9ez vos bracelets d\u2019entr\u00e9e directement et facilement gr\u00e2ce \u00e0 notre configurateur en ligne.<\/p>\n<ul>\n<li>Bracelets d&rsquo;entr\u00e9e haut de gamme<\/li>\n<li>Mati\u00e8re: Satin<\/li>\n<li>Fermeture SelfLock<\/li>\n<li>Format 350 x 20 mm<\/li>\n<li>Impression par sublimation selon votre texte \/ motif<\/li>\n<li>Toutes les bracelets de contr\u00f4le ont la m\u00eame pression<\/li>\n<li>Prix incluant les frais de base<\/li>\n<li>Par 100 pi\u00e8ces<\/li>\n<li>Le d\u00e9lai de livraison est d\u2019environ trois semaines.<\/li>\n<\/ul>\n<p>Bracelets d&rsquo;entr\u00e9e en satin, \u00e9quip\u00e9s de la fermeture coulissante pratique SelfLock. Cette nouvelle fermeture garantit un confort d&rsquo;utilisation optimal et une s\u00e9curit\u00e9 maximale. Gr\u00e2ce \u00e0 la fermeture coulissante, le bracelet ne peut \u00eatre que resserr\u00e9 et n&rsquo;est plus transf\u00e9rable par la suite.   <\/p>\n<p>Pour des quantit\u00e9s plus importantes, veuillez demander un devis personnalis\u00e9.<\/p>\n","protected":false},"excerpt":{"rendered":"<p>\u00c0 partir de 300 pi\u00e8ces<br \/>Prix unitaire<\/p>\n","protected":false},"featured_media":65829,"template":"","meta":{"_acf_changed":false,"inline_featured_image":false},"product_brand":[],"product_cat":[4625,4615,5398],"product_tag":[],"class_list":{"0":"post-64910","1":"product","2":"type-product","3":"status-publish","4":"has-post-thumbnail","6":"product_cat-bracelets-de-controle","7":"product_cat-bracelets-personnalise","8":"product_cat-creer-soi-meme","10":"first","11":"instock","12":"taxable","13":"shipping-taxable","14":"purchasable","15":"product-type-variable"},"exclude_global_add_ons":[],"addons":[],"acf":[],"yoast_head":"<!-- This site is optimized with the Yoast SEO Premium plugin v27.4 (Yoast SEO v27.4) - https:\/\/yoast.com\/product\/yoast-seo-premium-wordpress\/ -->\n<title>Bracelets d&#039;entr\u00e9e en satin avec impression par sublimation - tombotto<\/title>\n<meta name=\"description\" content=\"Bracelets d&#039;entr\u00e9e en satin \u25b7 Impression par sublimation \u2713 Finition raffin\u00e9e \u2713 Fermeture coulissante SelfLock \u2713 Bracelet en tissu \u27a8 Commander en ligne ici \u27a8 shop.tombotto.ch\" \/>\n<meta name=\"robots\" content=\"index, follow, max-snippet:-1, max-image-preview:large, max-video-preview:-1\" \/>\n<link rel=\"canonical\" href=\"https:\/\/shop.tombotto.ch\/fr\/shop\/bracelets-satin-imprime-kopie-kopie\/\" \/>\n<meta property=\"og:locale\" content=\"fr_FR\" \/>\n<meta property=\"og:type\" content=\"article\" \/>\n<meta property=\"og:title\" content=\"Bracelets d&#039;entr\u00e9e personnalis\u00e9s en satin: Impression couleur\" \/>\n<meta property=\"og:description\" content=\"Bracelets d&#039;entr\u00e9e en satin \u25b7 Impression par sublimation \u2713 Finition raffin\u00e9e \u2713 Fermeture coulissante SelfLock \u2713 Bracelet en tissu \u27a8 Commander en ligne ici \u27a8 shop.tombotto.ch\" \/>\n<meta property=\"og:url\" content=\"https:\/\/shop.tombotto.ch\/fr\/shop\/bracelets-satin-imprime-kopie-kopie\/\" \/>\n<meta property=\"og:site_name\" content=\"Tombotto\" \/>\n<meta property=\"article:modified_time\" content=\"2026-04-02T11:59:31+00:00\" \/>\n<meta property=\"og:image\" content=\"https:\/\/shop.tombotto.ch\/wp-content\/uploads\/2023\/05\/1179_gr.jpg\" \/>\n\t<meta property=\"og:image:width\" content=\"800\" \/>\n\t<meta property=\"og:image:height\" content=\"678\" \/>\n\t<meta property=\"og:image:type\" content=\"image\/jpeg\" \/>\n<meta name=\"twitter:card\" content=\"summary_large_image\" \/>\n<meta name=\"twitter:label1\" content=\"Dur\u00e9e de lecture estim\u00e9e\" \/>\n\t<meta name=\"twitter:data1\" content=\"1 minute\" \/>\n<script type=\"application\/ld+json\" class=\"yoast-schema-graph\">{\"@context\":\"https:\\\/\\\/schema.org\",\"@graph\":[{\"@type\":\"WebPage\",\"@id\":\"https:\\\/\\\/shop.tombotto.ch\\\/fr\\\/shop\\\/bracelets-satin-imprime-kopie-kopie\\\/\",\"url\":\"https:\\\/\\\/shop.tombotto.ch\\\/fr\\\/shop\\\/bracelets-satin-imprime-kopie-kopie\\\/\",\"name\":\"Bracelets d'entr\u00e9e en satin avec impression par sublimation - tombotto\",\"isPartOf\":{\"@id\":\"https:\\\/\\\/shop.tombotto.ch\\\/fr\\\/#website\"},\"primaryImageOfPage\":{\"@id\":\"https:\\\/\\\/shop.tombotto.ch\\\/fr\\\/shop\\\/bracelets-satin-imprime-kopie-kopie\\\/#primaryimage\"},\"image\":{\"@id\":\"https:\\\/\\\/shop.tombotto.ch\\\/fr\\\/shop\\\/bracelets-satin-imprime-kopie-kopie\\\/#primaryimage\"},\"thumbnailUrl\":\"https:\\\/\\\/shop.tombotto.ch\\\/wp-content\\\/uploads\\\/2026\\\/03\\\/99401-sa.jpg\",\"datePublished\":\"2026-03-18T15:03:01+00:00\",\"dateModified\":\"2026-04-02T11:59:31+00:00\",\"description\":\"Bracelets d'entr\u00e9e en satin \u25b7 Impression par sublimation \u2713 Finition raffin\u00e9e \u2713 Fermeture coulissante SelfLock \u2713 Bracelet en tissu \u27a8 Commander en ligne ici \u27a8 shop.tombotto.ch\",\"breadcrumb\":{\"@id\":\"https:\\\/\\\/shop.tombotto.ch\\\/fr\\\/shop\\\/bracelets-satin-imprime-kopie-kopie\\\/#breadcrumb\"},\"inLanguage\":\"fr-FR\",\"potentialAction\":[{\"@type\":\"ReadAction\",\"target\":[\"https:\\\/\\\/shop.tombotto.ch\\\/fr\\\/shop\\\/bracelets-satin-imprime-kopie-kopie\\\/\"]}]},{\"@type\":\"ImageObject\",\"inLanguage\":\"fr-FR\",\"@id\":\"https:\\\/\\\/shop.tombotto.ch\\\/fr\\\/shop\\\/bracelets-satin-imprime-kopie-kopie\\\/#primaryimage\",\"url\":\"https:\\\/\\\/shop.tombotto.ch\\\/wp-content\\\/uploads\\\/2026\\\/03\\\/99401-sa.jpg\",\"contentUrl\":\"https:\\\/\\\/shop.tombotto.ch\\\/wp-content\\\/uploads\\\/2026\\\/03\\\/99401-sa.jpg\",\"width\":800,\"height\":678},{\"@type\":\"BreadcrumbList\",\"@id\":\"https:\\\/\\\/shop.tombotto.ch\\\/fr\\\/shop\\\/bracelets-satin-imprime-kopie-kopie\\\/#breadcrumb\",\"itemListElement\":[{\"@type\":\"ListItem\",\"position\":1,\"name\":\"Start\",\"item\":\"https:\\\/\\\/shop.tombotto.ch\\\/fr\\\/\"},{\"@type\":\"ListItem\",\"position\":2,\"name\":\"Shop\",\"item\":\"https:\\\/\\\/shop.tombotto.ch\\\/fr\\\/shop\\\/\"},{\"@type\":\"ListItem\",\"position\":3,\"name\":\"Privat: Bracelets d&#8217;entr\u00e9e personnalis\u00e9s en satin: Impression couleur\"}]},{\"@type\":\"WebSite\",\"@id\":\"https:\\\/\\\/shop.tombotto.ch\\\/fr\\\/#website\",\"url\":\"https:\\\/\\\/shop.tombotto.ch\\\/fr\\\/\",\"name\":\"Tombotto\",\"description\":\"Fest-, Event- &amp; Promotionsartikel\",\"publisher\":{\"@id\":\"https:\\\/\\\/shop.tombotto.ch\\\/fr\\\/#organization\"},\"potentialAction\":[{\"@type\":\"SearchAction\",\"target\":{\"@type\":\"EntryPoint\",\"urlTemplate\":\"https:\\\/\\\/shop.tombotto.ch\\\/fr\\\/?s={search_term_string}\"},\"query-input\":{\"@type\":\"PropertyValueSpecification\",\"valueRequired\":true,\"valueName\":\"search_term_string\"}}],\"inLanguage\":\"fr-FR\"},{\"@type\":\"Organization\",\"@id\":\"https:\\\/\\\/shop.tombotto.ch\\\/fr\\\/#organization\",\"name\":\"Tombotto\",\"url\":\"https:\\\/\\\/shop.tombotto.ch\\\/fr\\\/\",\"logo\":{\"@type\":\"ImageObject\",\"inLanguage\":\"fr-FR\",\"@id\":\"https:\\\/\\\/shop.tombotto.ch\\\/fr\\\/#\\\/schema\\\/logo\\\/image\\\/\",\"url\":\"https:\\\/\\\/shop.tombotto.ch\\\/wp-content\\\/uploads\\\/2023\\\/03\\\/logo.svg\",\"contentUrl\":\"https:\\\/\\\/shop.tombotto.ch\\\/wp-content\\\/uploads\\\/2023\\\/03\\\/logo.svg\",\"caption\":\"Tombotto\"},\"image\":{\"@id\":\"https:\\\/\\\/shop.tombotto.ch\\\/fr\\\/#\\\/schema\\\/logo\\\/image\\\/\"}}]}<\/script>\n<!-- \/ Yoast SEO Premium plugin. -->","yoast_head_json":{"title":"Bracelets d'entr\u00e9e en satin avec impression par sublimation - tombotto","description":"Bracelets d'entr\u00e9e en satin \u25b7 Impression par sublimation \u2713 Finition raffin\u00e9e \u2713 Fermeture coulissante SelfLock \u2713 Bracelet en tissu \u27a8 Commander en ligne ici \u27a8 shop.tombotto.ch","robots":{"index":"index","follow":"follow","max-snippet":"max-snippet:-1","max-image-preview":"max-image-preview:large","max-video-preview":"max-video-preview:-1"},"canonical":"https:\/\/shop.tombotto.ch\/fr\/shop\/bracelets-satin-imprime-kopie-kopie\/","og_locale":"fr_FR","og_type":"article","og_title":"Bracelets d'entr\u00e9e personnalis\u00e9s en satin: Impression couleur","og_description":"Bracelets d'entr\u00e9e en satin \u25b7 Impression par sublimation \u2713 Finition raffin\u00e9e \u2713 Fermeture coulissante SelfLock \u2713 Bracelet en tissu \u27a8 Commander en ligne ici \u27a8 shop.tombotto.ch","og_url":"https:\/\/shop.tombotto.ch\/fr\/shop\/bracelets-satin-imprime-kopie-kopie\/","og_site_name":"Tombotto","article_modified_time":"2026-04-02T11:59:31+00:00","og_image":[{"width":800,"height":678,"url":"https:\/\/shop.tombotto.ch\/wp-content\/uploads\/2023\/05\/1179_gr.jpg","type":"image\/jpeg"}],"twitter_card":"summary_large_image","twitter_misc":{"Dur\u00e9e de lecture estim\u00e9e":"1 minute"},"schema":{"@context":"https:\/\/schema.org","@graph":[{"@type":"WebPage","@id":"https:\/\/shop.tombotto.ch\/fr\/shop\/bracelets-satin-imprime-kopie-kopie\/","url":"https:\/\/shop.tombotto.ch\/fr\/shop\/bracelets-satin-imprime-kopie-kopie\/","name":"Bracelets d'entr\u00e9e en satin avec impression par sublimation - tombotto","isPartOf":{"@id":"https:\/\/shop.tombotto.ch\/fr\/#website"},"primaryImageOfPage":{"@id":"https:\/\/shop.tombotto.ch\/fr\/shop\/bracelets-satin-imprime-kopie-kopie\/#primaryimage"},"image":{"@id":"https:\/\/shop.tombotto.ch\/fr\/shop\/bracelets-satin-imprime-kopie-kopie\/#primaryimage"},"thumbnailUrl":"https:\/\/shop.tombotto.ch\/wp-content\/uploads\/2026\/03\/99401-sa.jpg","datePublished":"2026-03-18T15:03:01+00:00","dateModified":"2026-04-02T11:59:31+00:00","description":"Bracelets d'entr\u00e9e en satin \u25b7 Impression par sublimation \u2713 Finition raffin\u00e9e \u2713 Fermeture coulissante SelfLock \u2713 Bracelet en tissu \u27a8 Commander en ligne ici \u27a8 shop.tombotto.ch","breadcrumb":{"@id":"https:\/\/shop.tombotto.ch\/fr\/shop\/bracelets-satin-imprime-kopie-kopie\/#breadcrumb"},"inLanguage":"fr-FR","potentialAction":[{"@type":"ReadAction","target":["https:\/\/shop.tombotto.ch\/fr\/shop\/bracelets-satin-imprime-kopie-kopie\/"]}]},{"@type":"ImageObject","inLanguage":"fr-FR","@id":"https:\/\/shop.tombotto.ch\/fr\/shop\/bracelets-satin-imprime-kopie-kopie\/#primaryimage","url":"https:\/\/shop.tombotto.ch\/wp-content\/uploads\/2026\/03\/99401-sa.jpg","contentUrl":"https:\/\/shop.tombotto.ch\/wp-content\/uploads\/2026\/03\/99401-sa.jpg","width":800,"height":678},{"@type":"BreadcrumbList","@id":"https:\/\/shop.tombotto.ch\/fr\/shop\/bracelets-satin-imprime-kopie-kopie\/#breadcrumb","itemListElement":[{"@type":"ListItem","position":1,"name":"Start","item":"https:\/\/shop.tombotto.ch\/fr\/"},{"@type":"ListItem","position":2,"name":"Shop","item":"https:\/\/shop.tombotto.ch\/fr\/shop\/"},{"@type":"ListItem","position":3,"name":"Privat: Bracelets d&#8217;entr\u00e9e personnalis\u00e9s en satin: Impression couleur"}]},{"@type":"WebSite","@id":"https:\/\/shop.tombotto.ch\/fr\/#website","url":"https:\/\/shop.tombotto.ch\/fr\/","name":"Tombotto","description":"Fest-, Event- &amp; Promotionsartikel","publisher":{"@id":"https:\/\/shop.tombotto.ch\/fr\/#organization"},"potentialAction":[{"@type":"SearchAction","target":{"@type":"EntryPoint","urlTemplate":"https:\/\/shop.tombotto.ch\/fr\/?s={search_term_string}"},"query-input":{"@type":"PropertyValueSpecification","valueRequired":true,"valueName":"search_term_string"}}],"inLanguage":"fr-FR"},{"@type":"Organization","@id":"https:\/\/shop.tombotto.ch\/fr\/#organization","name":"Tombotto","url":"https:\/\/shop.tombotto.ch\/fr\/","logo":{"@type":"ImageObject","inLanguage":"fr-FR","@id":"https:\/\/shop.tombotto.ch\/fr\/#\/schema\/logo\/image\/","url":"https:\/\/shop.tombotto.ch\/wp-content\/uploads\/2023\/03\/logo.svg","contentUrl":"https:\/\/shop.tombotto.ch\/wp-content\/uploads\/2023\/03\/logo.svg","caption":"Tombotto"},"image":{"@id":"https:\/\/shop.tombotto.ch\/fr\/#\/schema\/logo\/image\/"}}]}},"tiered_pricing_type":"fixed","tiered_pricing_fixed_rules":{"400":"0.73","500":"0.63","600":"0.58","700":"0.54","800":"0.51","900":"0.48","1000":"0.46","1500":"0.42","2000":"0.38"},"tiered_pricing_product_settings":{"layout":"default","base_unit_name":{"singular":null,"plural":null},"default_variation":null},"tiered_pricing_minimum_quantity":300,"tiered_pricing_roles_data":[],"tiered_pricing_percentage_rules":[],"tiered_pricing_maximum_quantity":null,"tiered_pricing_quantity_step":null,"_links":{"self":[{"href":"https:\/\/shop.tombotto.ch\/fr\/wp-json\/wp\/v2\/product\/64910","targetHints":{"allow":["GET"]}}],"collection":[{"href":"https:\/\/shop.tombotto.ch\/fr\/wp-json\/wp\/v2\/product"}],"about":[{"href":"https:\/\/shop.tombotto.ch\/fr\/wp-json\/wp\/v2\/types\/product"}],"wp:featuredmedia":[{"embeddable":true,"href":"https:\/\/shop.tombotto.ch\/fr\/wp-json\/wp\/v2\/media\/65829"}],"wp:attachment":[{"href":"https:\/\/shop.tombotto.ch\/fr\/wp-json\/wp\/v2\/media?parent=64910"}],"wp:term":[{"taxonomy":"product_brand","embeddable":true,"href":"https:\/\/shop.tombotto.ch\/fr\/wp-json\/wp\/v2\/product_brand?post=64910"},{"taxonomy":"product_cat","embeddable":true,"href":"https:\/\/shop.tombotto.ch\/fr\/wp-json\/wp\/v2\/product_cat?post=64910"},{"taxonomy":"product_tag","embeddable":true,"href":"https:\/\/shop.tombotto.ch\/fr\/wp-json\/wp\/v2\/product_tag?post=64910"}],"curies":[{"name":"wp","href":"https:\/\/api.w.org\/{rel}","templated":true}]}}