{"id":65789,"date":"2026-04-07T14:21:43","date_gmt":"2026-04-07T12:21:43","guid":{"rendered":"https:\/\/shop.tombotto.ch\/?post_type=product&#038;p=65789"},"modified":"2026-04-07T15:00:36","modified_gmt":"2026-04-07T13:00:36","slug":"set-de-demarrage-loto-pro","status":"publish","type":"product","link":"https:\/\/shop.tombotto.ch\/fr\/shop\/set-de-demarrage-loto-pro\/","title":{"rendered":"Set de d\u00e9marrage Loto PRO"},"content":{"rendered":"<p>Set PRO compos\u00e9 de:<\/p>\n<ul>\n<li>1 x Jetons de Loto num\u00e9rotation rouge\u00a01 \u2013 90<\/li>\n<li>Sac en toile \u00ab\u00a0tombotto\u00a0\u00bb<\/li>\n<li>Tableau de contr\u00f4le avec creux<\/li>\n<\/ul>\n<p>Facile \u00e0 lire gr\u00e2ce aux chiffres rouges et aucun glissement des num\u00e9ros gr\u00e2ce aux cavit\u00e9s \u2013 le kit de d\u00e9marrage Lotto PRO exclusif garantit un plaisir de jeu optimal, \u00e9galement pour l\u2019organisateur. Avec ce set complet, vous \u00eates parfaitement pr\u00eat pour chaque partie !<\/p>\n","protected":false},"excerpt":{"rendered":"<p>Set PRO compos\u00e9 de: 1 x Jetons de Loto num\u00e9rotation rouge\u00a01 \u2013 90 Sac en toile \u00ab\u00a0tombotto\u00a0\u00bb Tableau de contr\u00f4le avec creux Facile \u00e0 lire gr\u00e2ce aux chiffres rouges et aucun glissement des num\u00e9ros gr\u00e2ce aux cavit\u00e9s \u2013 le kit de d\u00e9marrage Lotto PRO exclusif garantit un plaisir de jeu optimal, \u00e9galement pour l\u2019organisateur. Avec [&hellip;]<\/p>\n","protected":false},"featured_media":65791,"template":"","meta":{"_acf_changed":false,"inline_featured_image":false},"product_brand":[],"product_cat":[4582,4583],"product_tag":[],"class_list":{"0":"post-65789","1":"product","2":"type-product","3":"status-publish","4":"has-post-thumbnail","6":"product_cat-numeros-de-loto","7":"product_cat-accessoires-de-bureau-loto","9":"first","10":"instock","11":"sale","12":"taxable","13":"shipping-taxable","14":"purchasable","15":"product-type-simple"},"exclude_global_add_ons":[],"addons":[],"acf":[],"yoast_head":"<!-- This site is optimized with the Yoast SEO Premium plugin v27.4 (Yoast SEO v27.4) - https:\/\/yoast.com\/product\/yoast-seo-premium-wordpress\/ -->\n<title>Set de d\u00e9marrage Loto PRO \u2022 \u00c0 prix r\u00e9duit<\/title>\n<meta name=\"description\" content=\"Le set de d\u00e9marrage Loto PRO regroupe tout le n\u00e9cessaire pour jouer dans une offre exceptionnelle ! Profitez-en d\u00e8s maintenant - shop.tombotto.ch - Aarwangen BE\" \/>\n<meta name=\"robots\" content=\"index, follow, max-snippet:-1, max-image-preview:large, max-video-preview:-1\" \/>\n<link rel=\"canonical\" href=\"https:\/\/shop.tombotto.ch\/fr\/shop\/set-de-demarrage-loto-pro\/\" \/>\n<meta property=\"og:locale\" content=\"fr_FR\" \/>\n<meta property=\"og:type\" content=\"article\" \/>\n<meta property=\"og:title\" content=\"Set de d\u00e9marrage Loto PRO\" \/>\n<meta property=\"og:description\" content=\"Le set de d\u00e9marrage Loto PRO regroupe tout le n\u00e9cessaire pour jouer dans une offre exceptionnelle ! Profitez-en d\u00e8s maintenant - shop.tombotto.ch - Aarwangen BE\" \/>\n<meta property=\"og:url\" content=\"https:\/\/shop.tombotto.ch\/fr\/shop\/set-de-demarrage-loto-pro\/\" \/>\n<meta property=\"og:site_name\" content=\"Tombotto\" \/>\n<meta property=\"article:modified_time\" content=\"2026-04-07T13:00:36+00:00\" \/>\n<meta property=\"og:image\" content=\"https:\/\/shop.tombotto.ch\/wp-content\/uploads\/2026\/04\/99921-t.jpg\" \/>\n\t<meta property=\"og:image:width\" content=\"800\" \/>\n\t<meta property=\"og:image:height\" content=\"678\" \/>\n\t<meta property=\"og:image:type\" content=\"image\/jpeg\" \/>\n<meta name=\"twitter:card\" content=\"summary_large_image\" \/>\n<meta name=\"twitter:label1\" content=\"Dur\u00e9e de lecture estim\u00e9e\" \/>\n\t<meta name=\"twitter:data1\" content=\"1 minute\" \/>\n<script type=\"application\/ld+json\" class=\"yoast-schema-graph\">{\"@context\":\"https:\\\/\\\/schema.org\",\"@graph\":[{\"@type\":\"WebPage\",\"@id\":\"https:\\\/\\\/shop.tombotto.ch\\\/fr\\\/shop\\\/set-de-demarrage-loto-pro\\\/\",\"url\":\"https:\\\/\\\/shop.tombotto.ch\\\/fr\\\/shop\\\/set-de-demarrage-loto-pro\\\/\",\"name\":\"Set de d\u00e9marrage Loto PRO \u2022 \u00c0 prix r\u00e9duit\",\"isPartOf\":{\"@id\":\"https:\\\/\\\/shop.tombotto.ch\\\/fr\\\/#website\"},\"primaryImageOfPage\":{\"@id\":\"https:\\\/\\\/shop.tombotto.ch\\\/fr\\\/shop\\\/set-de-demarrage-loto-pro\\\/#primaryimage\"},\"image\":{\"@id\":\"https:\\\/\\\/shop.tombotto.ch\\\/fr\\\/shop\\\/set-de-demarrage-loto-pro\\\/#primaryimage\"},\"thumbnailUrl\":\"https:\\\/\\\/shop.tombotto.ch\\\/wp-content\\\/uploads\\\/2026\\\/04\\\/99921-t.jpg\",\"datePublished\":\"2026-04-07T12:21:43+00:00\",\"dateModified\":\"2026-04-07T13:00:36+00:00\",\"description\":\"Le set de d\u00e9marrage Loto PRO regroupe tout le n\u00e9cessaire pour jouer dans une offre exceptionnelle ! Profitez-en d\u00e8s maintenant - shop.tombotto.ch - Aarwangen BE\",\"breadcrumb\":{\"@id\":\"https:\\\/\\\/shop.tombotto.ch\\\/fr\\\/shop\\\/set-de-demarrage-loto-pro\\\/#breadcrumb\"},\"inLanguage\":\"fr-FR\",\"potentialAction\":[{\"@type\":\"ReadAction\",\"target\":[\"https:\\\/\\\/shop.tombotto.ch\\\/fr\\\/shop\\\/set-de-demarrage-loto-pro\\\/\"]}]},{\"@type\":\"ImageObject\",\"inLanguage\":\"fr-FR\",\"@id\":\"https:\\\/\\\/shop.tombotto.ch\\\/fr\\\/shop\\\/set-de-demarrage-loto-pro\\\/#primaryimage\",\"url\":\"https:\\\/\\\/shop.tombotto.ch\\\/wp-content\\\/uploads\\\/2026\\\/04\\\/99921-t.jpg\",\"contentUrl\":\"https:\\\/\\\/shop.tombotto.ch\\\/wp-content\\\/uploads\\\/2026\\\/04\\\/99921-t.jpg\",\"width\":800,\"height\":678},{\"@type\":\"BreadcrumbList\",\"@id\":\"https:\\\/\\\/shop.tombotto.ch\\\/fr\\\/shop\\\/set-de-demarrage-loto-pro\\\/#breadcrumb\",\"itemListElement\":[{\"@type\":\"ListItem\",\"position\":1,\"name\":\"Start\",\"item\":\"https:\\\/\\\/shop.tombotto.ch\\\/fr\\\/\"},{\"@type\":\"ListItem\",\"position\":2,\"name\":\"Shop\",\"item\":\"https:\\\/\\\/shop.tombotto.ch\\\/fr\\\/shop\\\/\"},{\"@type\":\"ListItem\",\"position\":3,\"name\":\"Set de d\u00e9marrage Loto PRO\"}]},{\"@type\":\"WebSite\",\"@id\":\"https:\\\/\\\/shop.tombotto.ch\\\/fr\\\/#website\",\"url\":\"https:\\\/\\\/shop.tombotto.ch\\\/fr\\\/\",\"name\":\"Tombotto\",\"description\":\"Fest-, Event- &amp; Promotionsartikel\",\"publisher\":{\"@id\":\"https:\\\/\\\/shop.tombotto.ch\\\/fr\\\/#organization\"},\"potentialAction\":[{\"@type\":\"SearchAction\",\"target\":{\"@type\":\"EntryPoint\",\"urlTemplate\":\"https:\\\/\\\/shop.tombotto.ch\\\/fr\\\/?s={search_term_string}\"},\"query-input\":{\"@type\":\"PropertyValueSpecification\",\"valueRequired\":true,\"valueName\":\"search_term_string\"}}],\"inLanguage\":\"fr-FR\"},{\"@type\":\"Organization\",\"@id\":\"https:\\\/\\\/shop.tombotto.ch\\\/fr\\\/#organization\",\"name\":\"Tombotto\",\"url\":\"https:\\\/\\\/shop.tombotto.ch\\\/fr\\\/\",\"logo\":{\"@type\":\"ImageObject\",\"inLanguage\":\"fr-FR\",\"@id\":\"https:\\\/\\\/shop.tombotto.ch\\\/fr\\\/#\\\/schema\\\/logo\\\/image\\\/\",\"url\":\"https:\\\/\\\/shop.tombotto.ch\\\/wp-content\\\/uploads\\\/2023\\\/03\\\/logo.svg\",\"contentUrl\":\"https:\\\/\\\/shop.tombotto.ch\\\/wp-content\\\/uploads\\\/2023\\\/03\\\/logo.svg\",\"caption\":\"Tombotto\"},\"image\":{\"@id\":\"https:\\\/\\\/shop.tombotto.ch\\\/fr\\\/#\\\/schema\\\/logo\\\/image\\\/\"}}]}<\/script>\n<!-- \/ Yoast SEO Premium plugin. -->","yoast_head_json":{"title":"Set de d\u00e9marrage Loto PRO \u2022 \u00c0 prix r\u00e9duit","description":"Le set de d\u00e9marrage Loto PRO regroupe tout le n\u00e9cessaire pour jouer dans une offre exceptionnelle ! Profitez-en d\u00e8s maintenant - shop.tombotto.ch - Aarwangen BE","robots":{"index":"index","follow":"follow","max-snippet":"max-snippet:-1","max-image-preview":"max-image-preview:large","max-video-preview":"max-video-preview:-1"},"canonical":"https:\/\/shop.tombotto.ch\/fr\/shop\/set-de-demarrage-loto-pro\/","og_locale":"fr_FR","og_type":"article","og_title":"Set de d\u00e9marrage Loto PRO","og_description":"Le set de d\u00e9marrage Loto PRO regroupe tout le n\u00e9cessaire pour jouer dans une offre exceptionnelle ! Profitez-en d\u00e8s maintenant - shop.tombotto.ch - Aarwangen BE","og_url":"https:\/\/shop.tombotto.ch\/fr\/shop\/set-de-demarrage-loto-pro\/","og_site_name":"Tombotto","article_modified_time":"2026-04-07T13:00:36+00:00","og_image":[{"width":800,"height":678,"url":"https:\/\/shop.tombotto.ch\/wp-content\/uploads\/2026\/04\/99921-t.jpg","type":"image\/jpeg"}],"twitter_card":"summary_large_image","twitter_misc":{"Dur\u00e9e de lecture estim\u00e9e":"1 minute"},"schema":{"@context":"https:\/\/schema.org","@graph":[{"@type":"WebPage","@id":"https:\/\/shop.tombotto.ch\/fr\/shop\/set-de-demarrage-loto-pro\/","url":"https:\/\/shop.tombotto.ch\/fr\/shop\/set-de-demarrage-loto-pro\/","name":"Set de d\u00e9marrage Loto PRO \u2022 \u00c0 prix r\u00e9duit","isPartOf":{"@id":"https:\/\/shop.tombotto.ch\/fr\/#website"},"primaryImageOfPage":{"@id":"https:\/\/shop.tombotto.ch\/fr\/shop\/set-de-demarrage-loto-pro\/#primaryimage"},"image":{"@id":"https:\/\/shop.tombotto.ch\/fr\/shop\/set-de-demarrage-loto-pro\/#primaryimage"},"thumbnailUrl":"https:\/\/shop.tombotto.ch\/wp-content\/uploads\/2026\/04\/99921-t.jpg","datePublished":"2026-04-07T12:21:43+00:00","dateModified":"2026-04-07T13:00:36+00:00","description":"Le set de d\u00e9marrage Loto PRO regroupe tout le n\u00e9cessaire pour jouer dans une offre exceptionnelle ! Profitez-en d\u00e8s maintenant - shop.tombotto.ch - Aarwangen BE","breadcrumb":{"@id":"https:\/\/shop.tombotto.ch\/fr\/shop\/set-de-demarrage-loto-pro\/#breadcrumb"},"inLanguage":"fr-FR","potentialAction":[{"@type":"ReadAction","target":["https:\/\/shop.tombotto.ch\/fr\/shop\/set-de-demarrage-loto-pro\/"]}]},{"@type":"ImageObject","inLanguage":"fr-FR","@id":"https:\/\/shop.tombotto.ch\/fr\/shop\/set-de-demarrage-loto-pro\/#primaryimage","url":"https:\/\/shop.tombotto.ch\/wp-content\/uploads\/2026\/04\/99921-t.jpg","contentUrl":"https:\/\/shop.tombotto.ch\/wp-content\/uploads\/2026\/04\/99921-t.jpg","width":800,"height":678},{"@type":"BreadcrumbList","@id":"https:\/\/shop.tombotto.ch\/fr\/shop\/set-de-demarrage-loto-pro\/#breadcrumb","itemListElement":[{"@type":"ListItem","position":1,"name":"Start","item":"https:\/\/shop.tombotto.ch\/fr\/"},{"@type":"ListItem","position":2,"name":"Shop","item":"https:\/\/shop.tombotto.ch\/fr\/shop\/"},{"@type":"ListItem","position":3,"name":"Set de d\u00e9marrage Loto PRO"}]},{"@type":"WebSite","@id":"https:\/\/shop.tombotto.ch\/fr\/#website","url":"https:\/\/shop.tombotto.ch\/fr\/","name":"Tombotto","description":"Fest-, Event- &amp; Promotionsartikel","publisher":{"@id":"https:\/\/shop.tombotto.ch\/fr\/#organization"},"potentialAction":[{"@type":"SearchAction","target":{"@type":"EntryPoint","urlTemplate":"https:\/\/shop.tombotto.ch\/fr\/?s={search_term_string}"},"query-input":{"@type":"PropertyValueSpecification","valueRequired":true,"valueName":"search_term_string"}}],"inLanguage":"fr-FR"},{"@type":"Organization","@id":"https:\/\/shop.tombotto.ch\/fr\/#organization","name":"Tombotto","url":"https:\/\/shop.tombotto.ch\/fr\/","logo":{"@type":"ImageObject","inLanguage":"fr-FR","@id":"https:\/\/shop.tombotto.ch\/fr\/#\/schema\/logo\/image\/","url":"https:\/\/shop.tombotto.ch\/wp-content\/uploads\/2023\/03\/logo.svg","contentUrl":"https:\/\/shop.tombotto.ch\/wp-content\/uploads\/2023\/03\/logo.svg","caption":"Tombotto"},"image":{"@id":"https:\/\/shop.tombotto.ch\/fr\/#\/schema\/logo\/image\/"}}]}},"tiered_pricing_type":"fixed","tiered_pricing_fixed_rules":[],"tiered_pricing_product_settings":{"layout":"default","base_unit_name":{"singular":null,"plural":null},"default_variation":null},"tiered_pricing_minimum_quantity":null,"tiered_pricing_roles_data":[],"tiered_pricing_percentage_rules":[],"tiered_pricing_maximum_quantity":null,"tiered_pricing_quantity_step":null,"_links":{"self":[{"href":"https:\/\/shop.tombotto.ch\/fr\/wp-json\/wp\/v2\/product\/65789","targetHints":{"allow":["GET"]}}],"collection":[{"href":"https:\/\/shop.tombotto.ch\/fr\/wp-json\/wp\/v2\/product"}],"about":[{"href":"https:\/\/shop.tombotto.ch\/fr\/wp-json\/wp\/v2\/types\/product"}],"wp:featuredmedia":[{"embeddable":true,"href":"https:\/\/shop.tombotto.ch\/fr\/wp-json\/wp\/v2\/media\/65791"}],"wp:attachment":[{"href":"https:\/\/shop.tombotto.ch\/fr\/wp-json\/wp\/v2\/media?parent=65789"}],"wp:term":[{"taxonomy":"product_brand","embeddable":true,"href":"https:\/\/shop.tombotto.ch\/fr\/wp-json\/wp\/v2\/product_brand?post=65789"},{"taxonomy":"product_cat","embeddable":true,"href":"https:\/\/shop.tombotto.ch\/fr\/wp-json\/wp\/v2\/product_cat?post=65789"},{"taxonomy":"product_tag","embeddable":true,"href":"https:\/\/shop.tombotto.ch\/fr\/wp-json\/wp\/v2\/product_tag?post=65789"}],"curies":[{"name":"wp","href":"https:\/\/api.w.org\/{rel}","templated":true}]}}